{"id":6414,"date":"2021-01-01T10:00:48","date_gmt":"2021-11-30T09:42:48","guid":{"rendered":"https:\/\/www.brighigroup.com\/machine\/ec-500-easy-cover\/"},"modified":"2025-09-17T12:35:36","modified_gmt":"2025-09-17T10:35:36","slug":"ec-500-easy-cover","status":"publish","type":"product","link":"https:\/\/www.brighigroup.com\/es\/machine\/ec-500-easy-cover\/","title":{"rendered":"EC-500 EASY COVER"},"content":{"rendered":"<h2>M\u00e1quina para hacer fundas<\/h2>\n<p>M\u00e1quina para <strong>hacer fundas para cojines y almohadas <\/strong>de manera totalmente autom\u00e1tica.<\/p>\n<p>Funciona con dos rollos de tejido para obtener la <strong>m\u00e1xima eficiencia y rendimiento<\/strong>. Las dos capas de tejido se superponen y cosen mediante cabezales overlock en los lados y en el fondo. <strong>Se puede insertar una etiqueta<\/strong> en la costura lateral. El cuarto lado de la funda se puede dejar abierto para enfundar un rollo de fibra cardada o se puede cerrar parcialmente para que sea apto para el llenado por soplado.<\/p>\n<p>Una vez completado el proceso, la funda se descarga o apila, si est\u00e1 instalado el m\u00f3dulo apilador opcional.<\/p>\n<p>Cuando se combina con <a href=\"https:\/\/www.brighigroup.com\/es\/machine\/ebl-500-easy-blow\/\">EBL-500<\/a>, se obtendr\u00e1 una l\u00ednea completamente autom\u00e1tica para la producci\u00f3n, el llenado y la costura de las fundas.<\/p>\n<p><iframe title=\"Automatic Zipper Attachment for Pillow Covers\" width=\"800\" height=\"450\" src=\"https:\/\/www.youtube-nocookie.com\/embed\/SUU4UfHGEUY?feature=oembed\" frameborder=\"0\" allow=\"accelerometer; autoplay; clipboard-write; encrypted-media; gyroscope; picture-in-picture; web-share\" referrerpolicy=\"strict-origin-when-cross-origin\" allowfullscreen><\/iframe><\/p>\n<p>&nbsp;<\/p>\n<p><iframe title=\"Automatic Machine for Pillow Cases Production mod. EC-500 Easy Cover\" width=\"800\" height=\"450\" src=\"https:\/\/www.youtube-nocookie.com\/embed\/h_q-a-crUuE?feature=oembed\" frameborder=\"0\" allow=\"accelerometer; autoplay; clipboard-write; encrypted-media; gyroscope; picture-in-picture; web-share\" referrerpolicy=\"strict-origin-when-cross-origin\" allowfullscreen><\/iframe><\/p>\n<p><iframe title=\"Cover Making Machine | Revolutionize Your Crafting Experience!\" width=\"800\" height=\"450\" src=\"https:\/\/www.youtube-nocookie.com\/embed\/YdaJLv2b3Wk?feature=oembed\" frameborder=\"0\" allow=\"accelerometer; autoplay; clipboard-write; encrypted-media; gyroscope; picture-in-picture; web-share\" referrerpolicy=\"strict-origin-when-cross-origin\" allowfullscreen><\/iframe><\/p>\n<p><strong>TEJIDOS QUE SE PUEDEN UTILIZAR<\/strong><\/p>\n<p>TNT, algod\u00f3n, polialgod\u00f3n.<\/p>\n<p><strong>FUNDAS QUE SE PUEDEN PRODUCIR<\/strong><\/p>\n<p>3-lados costura overlock &#8211; 1<sup>o <\/sup>lado completamente abierto, 3-lados costura overlock &#8211; 1<sup>o <\/sup>lado costura recta con apertura para soplado<\/p>\n<p><strong>PUNTOS FUERTES<\/strong><\/p>\n<ul>\n<li><strong>Doble rollo de tejido:<\/strong> el sistema utiliza dos rollos de tejido para aumentar la velocidad del proceso y ofrecer m\u00e1s flexibilidad y opciones.<\/li>\n<li><strong>Opciones de etiquetado: <\/strong>etiqueta procedente de bobina cortada a medida autom\u00e1ticamente y cosida encima o dentro de la funda.<\/li>\n<li><strong>Boca para fundas para llenado por soplado<\/strong>con costura recta.<\/li>\n<li><strong>Sensor de rotura del hilo<\/strong> electr\u00f3nico para poder intervenir r\u00e1pidamente.<\/li>\n<li><strong>Apilador de fundas: <\/strong> las fundas producidas por la m\u00e1quina se apilan en la cantidad deseada sobre una cinta de transferencia para facilitar su uso con las m\u00e1quinas siguientes.<\/li>\n<li><strong>Gesti\u00f3n simplificada:<\/strong> panel de control con pantalla t\u00e1ctil para la gesti\u00f3n autom\u00e1tica de todos los par\u00e1metros y ajustes mec\u00e1nicos, con introducci\u00f3n y gesti\u00f3n de las recetas con las caracter\u00edsticas del producto\/material.<\/li>\n<li><strong>Flexibilidad: <\/strong>la m\u00e1quina procesa una amplia gama de materiales y fundas sin necesidad de ajustes mec\u00e1nicos.<\/li>\n<\/ul>\n","protected":false},"excerpt":{"rendered":"<h6>M\u00e1quina autom\u00e1tica para realizar fundas de almohadas<\/h6>\n","protected":false},"featured_media":6104,"template":"","meta":{"_acf_changed":false},"product_cat":[144,131,130,132],"product_tag":[302,305],"class_list":{"0":"post-6414","1":"product","2":"type-product","3":"status-publish","4":"has-post-thumbnail","6":"product_cat-costura","7":"product_cat-linea-de-almohadas-cardadas","8":"product_cat-linea-de-almohadas-sopladas","9":"product_cat-linea-de-cojines-decorativos-para-sillas-y-exterior","10":"product_tag-almohadas-y-cojines-de-fibra-cardada-enrollada","11":"product_tag-almohadas-y-cojines-soplados","13":"first","14":"instock","15":"shipping-taxable","16":"product-type-simple"},"acf":[],"yoast_head":"<!-- This site is optimized with the Yoast SEO plugin v24.2 - https:\/\/yoast.com\/wordpress\/plugins\/seo\/ -->\n<title>M\u00e1quina para hacer fundas - Brighi Group<\/title>\n<meta name=\"description\" content=\"M\u00e1quina para hacer fundas de manera autom\u00e1tica para cojines y almohadas, con un lado abierto para el llenado por soplado o el embolsado de fibra cardada.\" \/>\n<meta name=\"robots\" content=\"index, follow, max-snippet:-1, max-image-preview:large, max-video-preview:-1\" \/>\n<link rel=\"canonical\" href=\"https:\/\/www.brighigroup.com\/es\/machine\/ec-500-easy-cover\/\" \/>\n<meta property=\"og:locale\" content=\"es_ES\" \/>\n<meta property=\"og:type\" content=\"article\" \/>\n<meta property=\"og:title\" content=\"M\u00e1quina para hacer fundas - Brighi Group\" \/>\n<meta property=\"og:description\" content=\"M\u00e1quina para hacer fundas de manera autom\u00e1tica para cojines y almohadas, con un lado abierto para el llenado por soplado o el embolsado de fibra cardada.\" \/>\n<meta property=\"og:url\" content=\"https:\/\/www.brighigroup.com\/es\/machine\/ec-500-easy-cover\/\" \/>\n<meta property=\"og:site_name\" content=\"Brighi Group\" \/>\n<meta property=\"article:modified_time\" content=\"2025-09-17T10:35:36+00:00\" \/>\n<meta property=\"og:image\" content=\"https:\/\/www.brighigroup.com\/wp-content\/uploads\/2021\/11\/EC-500-EASY-COVER.jpg\" \/>\n\t<meta property=\"og:image:width\" content=\"1920\" \/>\n\t<meta property=\"og:image:height\" content=\"1280\" \/>\n\t<meta property=\"og:image:type\" content=\"image\/jpeg\" \/>\n<meta name=\"twitter:card\" content=\"summary_large_image\" \/>\n<meta name=\"twitter:label1\" content=\"Tiempo de lectura\" \/>\n\t<meta name=\"twitter:data1\" content=\"2 minutos\" \/>\n<script type=\"application\/ld+json\" class=\"yoast-schema-graph\">{\"@context\":\"https:\/\/schema.org\",\"@graph\":[{\"@type\":\"WebPage\",\"@id\":\"https:\/\/www.brighigroup.com\/es\/machine\/ec-500-easy-cover\/\",\"url\":\"https:\/\/www.brighigroup.com\/es\/machine\/ec-500-easy-cover\/\",\"name\":\"M\u00e1quina para hacer fundas - Brighi Group\",\"isPartOf\":{\"@id\":\"https:\/\/www.brighigroup.com\/es\/#website\"},\"primaryImageOfPage\":{\"@id\":\"https:\/\/www.brighigroup.com\/es\/machine\/ec-500-easy-cover\/#primaryimage\"},\"image\":{\"@id\":\"https:\/\/www.brighigroup.com\/es\/machine\/ec-500-easy-cover\/#primaryimage\"},\"thumbnailUrl\":\"https:\/\/www.brighigroup.com\/wp-content\/uploads\/2021\/11\/EC-500-EASY-COVER.jpg\",\"datePublished\":\"2021-11-30T09:42:48+00:00\",\"dateModified\":\"2025-09-17T10:35:36+00:00\",\"description\":\"M\u00e1quina para hacer fundas de manera autom\u00e1tica para cojines y almohadas, con un lado abierto para el llenado por soplado o el embolsado de fibra cardada.\",\"breadcrumb\":{\"@id\":\"https:\/\/www.brighigroup.com\/es\/machine\/ec-500-easy-cover\/#breadcrumb\"},\"inLanguage\":\"es\",\"potentialAction\":[{\"@type\":\"ReadAction\",\"target\":[\"https:\/\/www.brighigroup.com\/es\/machine\/ec-500-easy-cover\/\"]}]},{\"@type\":\"ImageObject\",\"inLanguage\":\"es\",\"@id\":\"https:\/\/www.brighigroup.com\/es\/machine\/ec-500-easy-cover\/#primaryimage\",\"url\":\"https:\/\/www.brighigroup.com\/wp-content\/uploads\/2021\/11\/EC-500-EASY-COVER.jpg\",\"contentUrl\":\"https:\/\/www.brighigroup.com\/wp-content\/uploads\/2021\/11\/EC-500-EASY-COVER.jpg\",\"width\":1920,\"height\":1280},{\"@type\":\"BreadcrumbList\",\"@id\":\"https:\/\/www.brighigroup.com\/es\/machine\/ec-500-easy-cover\/#breadcrumb\",\"itemListElement\":[{\"@type\":\"ListItem\",\"position\":1,\"name\":\"M\u00e1quinas\",\"item\":\"https:\/\/www.brighigroup.com\/es\/maquinas\/\"},{\"@type\":\"ListItem\",\"position\":2,\"name\":\"EC-500 EASY COVER\"}]},{\"@type\":\"WebSite\",\"@id\":\"https:\/\/www.brighigroup.com\/es\/#website\",\"url\":\"https:\/\/www.brighigroup.com\/es\/\",\"name\":\"Brighi Group\",\"description\":\"Home textile e di prodotti imbottiti per il design d&#039;arredo tramandando l&#039;innovazione come cultura d&#039;impresa.\",\"potentialAction\":[{\"@type\":\"SearchAction\",\"target\":{\"@type\":\"EntryPoint\",\"urlTemplate\":\"https:\/\/www.brighigroup.com\/es\/?s={search_term_string}\"},\"query-input\":{\"@type\":\"PropertyValueSpecification\",\"valueRequired\":true,\"valueName\":\"search_term_string\"}}],\"inLanguage\":\"es\"}]}<\/script>\n<!-- \/ Yoast SEO plugin. -->","yoast_head_json":{"title":"M\u00e1quina para hacer fundas - Brighi Group","description":"M\u00e1quina para hacer fundas de manera autom\u00e1tica para cojines y almohadas, con un lado abierto para el llenado por soplado o el embolsado de fibra cardada.","robots":{"index":"index","follow":"follow","max-snippet":"max-snippet:-1","max-image-preview":"max-image-preview:large","max-video-preview":"max-video-preview:-1"},"canonical":"https:\/\/www.brighigroup.com\/es\/machine\/ec-500-easy-cover\/","og_locale":"es_ES","og_type":"article","og_title":"M\u00e1quina para hacer fundas - Brighi Group","og_description":"M\u00e1quina para hacer fundas de manera autom\u00e1tica para cojines y almohadas, con un lado abierto para el llenado por soplado o el embolsado de fibra cardada.","og_url":"https:\/\/www.brighigroup.com\/es\/machine\/ec-500-easy-cover\/","og_site_name":"Brighi Group","article_modified_time":"2025-09-17T10:35:36+00:00","og_image":[{"width":1920,"height":1280,"url":"https:\/\/www.brighigroup.com\/wp-content\/uploads\/2021\/11\/EC-500-EASY-COVER.jpg","type":"image\/jpeg"}],"twitter_card":"summary_large_image","twitter_misc":{"Tiempo de lectura":"2 minutos"},"schema":{"@context":"https:\/\/schema.org","@graph":[{"@type":"WebPage","@id":"https:\/\/www.brighigroup.com\/es\/machine\/ec-500-easy-cover\/","url":"https:\/\/www.brighigroup.com\/es\/machine\/ec-500-easy-cover\/","name":"M\u00e1quina para hacer fundas - Brighi Group","isPartOf":{"@id":"https:\/\/www.brighigroup.com\/es\/#website"},"primaryImageOfPage":{"@id":"https:\/\/www.brighigroup.com\/es\/machine\/ec-500-easy-cover\/#primaryimage"},"image":{"@id":"https:\/\/www.brighigroup.com\/es\/machine\/ec-500-easy-cover\/#primaryimage"},"thumbnailUrl":"https:\/\/www.brighigroup.com\/wp-content\/uploads\/2021\/11\/EC-500-EASY-COVER.jpg","datePublished":"2021-11-30T09:42:48+00:00","dateModified":"2025-09-17T10:35:36+00:00","description":"M\u00e1quina para hacer fundas de manera autom\u00e1tica para cojines y almohadas, con un lado abierto para el llenado por soplado o el embolsado de fibra cardada.","breadcrumb":{"@id":"https:\/\/www.brighigroup.com\/es\/machine\/ec-500-easy-cover\/#breadcrumb"},"inLanguage":"es","potentialAction":[{"@type":"ReadAction","target":["https:\/\/www.brighigroup.com\/es\/machine\/ec-500-easy-cover\/"]}]},{"@type":"ImageObject","inLanguage":"es","@id":"https:\/\/www.brighigroup.com\/es\/machine\/ec-500-easy-cover\/#primaryimage","url":"https:\/\/www.brighigroup.com\/wp-content\/uploads\/2021\/11\/EC-500-EASY-COVER.jpg","contentUrl":"https:\/\/www.brighigroup.com\/wp-content\/uploads\/2021\/11\/EC-500-EASY-COVER.jpg","width":1920,"height":1280},{"@type":"BreadcrumbList","@id":"https:\/\/www.brighigroup.com\/es\/machine\/ec-500-easy-cover\/#breadcrumb","itemListElement":[{"@type":"ListItem","position":1,"name":"M\u00e1quinas","item":"https:\/\/www.brighigroup.com\/es\/maquinas\/"},{"@type":"ListItem","position":2,"name":"EC-500 EASY COVER"}]},{"@type":"WebSite","@id":"https:\/\/www.brighigroup.com\/es\/#website","url":"https:\/\/www.brighigroup.com\/es\/","name":"Brighi Group","description":"Home textile e di prodotti imbottiti per il design d&#039;arredo tramandando l&#039;innovazione come cultura d&#039;impresa.","potentialAction":[{"@type":"SearchAction","target":{"@type":"EntryPoint","urlTemplate":"https:\/\/www.brighigroup.com\/es\/?s={search_term_string}"},"query-input":{"@type":"PropertyValueSpecification","valueRequired":true,"valueName":"search_term_string"}}],"inLanguage":"es"}]}},"_links":{"self":[{"href":"https:\/\/www.brighigroup.com\/es\/wp-json\/wp\/v2\/product\/6414","targetHints":{"allow":["GET"]}}],"collection":[{"href":"https:\/\/www.brighigroup.com\/es\/wp-json\/wp\/v2\/product"}],"about":[{"href":"https:\/\/www.brighigroup.com\/es\/wp-json\/wp\/v2\/types\/product"}],"wp:featuredmedia":[{"embeddable":true,"href":"https:\/\/www.brighigroup.com\/es\/wp-json\/wp\/v2\/media\/6104"}],"wp:attachment":[{"href":"https:\/\/www.brighigroup.com\/es\/wp-json\/wp\/v2\/media?parent=6414"}],"wp:term":[{"taxonomy":"product_cat","embeddable":true,"href":"https:\/\/www.brighigroup.com\/es\/wp-json\/wp\/v2\/product_cat?post=6414"},{"taxonomy":"product_tag","embeddable":true,"href":"https:\/\/www.brighigroup.com\/es\/wp-json\/wp\/v2\/product_tag?post=6414"}],"curies":[{"name":"wp","href":"https:\/\/api.w.org\/{rel}","templated":true}]}}