{"id":6413,"date":"2020-10-01T10:45:29","date_gmt":"2021-11-30T09:45:29","guid":{"rendered":"https:\/\/www.brighigroup.com\/machine\/g164c\/"},"modified":"2025-01-27T10:13:34","modified_gmt":"2025-01-27T09:13:34","slug":"g164c","status":"publish","type":"product","link":"https:\/\/www.brighigroup.com\/es\/machine\/g164c\/","title":{"rendered":"G164C"},"content":{"rendered":"<h2>M\u00e1quina de coser<\/h2>\n<p>La m\u00e1quina de coser para cerrar almohadas mod. G164C es una m\u00e1quina de coser de <strong>alta velocidad de cosido de hasta 1900 rpm,<\/strong> diise\u00f1ada para cerrar m\u00faltiples tipos de almohadas, cojines, peluches y otros productos de diferentes formas y tama\u00f1os.<\/p>\n<p>Consta de un cabezal de costura especial, una mesa de trabajo equipada con banco motorizado que sube y baja a fin de facilitar el proceso de costura sosteniendo el art\u00edculo que se debe trabajar, un m\u00f3dulo de control Efka, un mando de pedales para el control de las funciones principales (subida\/bajada del banco motorizado; apertura\/cierre de los platillos\/cosido\/corte de los hilos sobrantes al final de la costura). El operador trabaja de pie, logrando as\u00ed un <strong>mejor rendimiento y control<\/strong> sobre la pieza realizada. El especial sistema de platillos y la placa superior gu\u00edan los bordes del tejido de forma homog\u00e9nea, lo cual garantiza una alta calidad y resistencia de la costura. La altura y la distancia entre las puntadas son regulables.<\/p>\n<p>Descubre todas nuestra m\u00e1quinas de <a href=\"https:\/\/www.brighigroup.com\/es\/categoria\/costura\/\">costura<\/a>.<\/p>\n<p>&nbsp;<\/p>\n<p><iframe title=\"Sewing Machines mod. G164 &amp; G265\" width=\"800\" height=\"450\" src=\"https:\/\/www.youtube-nocookie.com\/embed\/kGnBAh1e4RE?feature=oembed\" frameborder=\"0\" allow=\"accelerometer; autoplay; clipboard-write; encrypted-media; gyroscope; picture-in-picture\" allowfullscreen><\/iframe><\/p>\n<p><strong>LO QUE SE PUEDE COSER<\/strong><\/p>\n<p>Almohadas, cojines decorativos, acolchados para sof\u00e1s, peluches<\/p>\n<p><strong>MATERIALES QUE SE PUEDEN COSER<\/strong><\/p>\n<p>Algod\u00f3n, microfibra, TNT, tejidos acoplados, Dacron, fibra cardada, l\u00e1minas de espuma<\/p>\n<p><strong>PUNTOS FUERTES<\/strong><\/p>\n<ul>\n<li><strong>Costura con puntada especial:<\/strong>se ha concebido especialmente para conseguir una costura plana que retenga perfectamente los materiales internos, especialmente en el caso de cojines llenados con espuma triturada, plumas y plum\u00f3n.<\/li>\n<li><strong>F\u00e1cil de usar <\/strong>por personal menos experto, simplificando el proceso y reduciendo los costes de mano de obra especializada.<\/li>\n<li><strong>Flexibilidad: <\/strong> se puede procesar una amplia gama de productos y materiales (por tama\u00f1o\/material de relleno\/forma) y de perfiles de costura.<\/li>\n<li><strong>Platillos motorizados: <\/strong>gu\u00edan el art\u00edculo que se va a coser permitiendo un proceso fluido incluso a personal menos experto.<\/li>\n<li><strong>Gu\u00eda superior: <\/strong>permite al operador coser cualquier producto siguiendo una l\u00ednea uniforme, simplificando el proceso y ofreciendo un producto acabado de calidad.<\/li>\n<\/ul>\n","protected":false},"excerpt":{"rendered":"<h6>M\u00e1quina de coser para cerrar almohadas<\/h6>\n","protected":false},"featured_media":6103,"template":"","meta":{"_acf_changed":false},"product_cat":[144,135,130,132,137,138,169],"product_tag":[302,305],"class_list":{"0":"post-6413","1":"product","2":"type-product","3":"status-publish","4":"has-post-thumbnail","6":"product_cat-costura","7":"product_cat-linea-de-acolchados-para-sofas","8":"product_cat-linea-de-almohadas-sopladas","9":"product_cat-linea-de-cojines-decorativos-para-sillas-y-exterior","10":"product_cat-linea-de-llenado-para-juguetes-cama-de-mascotas-varios-articulos-acolchados","11":"product_cat-linea-de-produccion-de-espuma-para-colchones-almohadas-y-sofas","12":"product_cat-linea-de-reciclaje","13":"product_tag-almohadas-y-cojines-de-fibra-cardada-enrollada","14":"product_tag-almohadas-y-cojines-soplados","16":"first","17":"instock","18":"shipping-taxable","19":"product-type-simple"},"acf":[],"yoast_head":"<!-- This site is optimized with the Yoast SEO plugin v24.2 - https:\/\/yoast.com\/wordpress\/plugins\/seo\/ -->\n<title>M\u00e1quina de coser para cerrar almohadas - Brighi Group<\/title>\n<meta name=\"description\" content=\"M\u00e1quina de coser para cerrar almohadas de alta velocidad, dise\u00f1ada para cerrar m\u00faltiples tipos de almohadas, cojines, peluches y otros productos.\" \/>\n<meta name=\"robots\" content=\"index, follow, max-snippet:-1, max-image-preview:large, max-video-preview:-1\" \/>\n<link rel=\"canonical\" href=\"https:\/\/www.brighigroup.com\/es\/machine\/g164c\/\" \/>\n<meta property=\"og:locale\" content=\"es_ES\" \/>\n<meta property=\"og:type\" content=\"article\" \/>\n<meta property=\"og:title\" content=\"M\u00e1quina de coser para cerrar almohadas - Brighi Group\" \/>\n<meta property=\"og:description\" content=\"M\u00e1quina de coser para cerrar almohadas de alta velocidad, dise\u00f1ada para cerrar m\u00faltiples tipos de almohadas, cojines, peluches y otros productos.\" \/>\n<meta property=\"og:url\" content=\"https:\/\/www.brighigroup.com\/es\/machine\/g164c\/\" \/>\n<meta property=\"og:site_name\" content=\"Brighi Group\" \/>\n<meta property=\"article:modified_time\" content=\"2025-01-27T09:13:34+00:00\" \/>\n<meta property=\"og:image\" content=\"https:\/\/www.brighigroup.com\/wp-content\/uploads\/2021\/11\/G164C.jpg\" \/>\n\t<meta property=\"og:image:width\" content=\"1920\" \/>\n\t<meta property=\"og:image:height\" content=\"1280\" \/>\n\t<meta property=\"og:image:type\" content=\"image\/jpeg\" \/>\n<meta name=\"twitter:card\" content=\"summary_large_image\" \/>\n<meta name=\"twitter:label1\" content=\"Tiempo de lectura\" \/>\n\t<meta name=\"twitter:data1\" content=\"2 minutos\" \/>\n<script type=\"application\/ld+json\" class=\"yoast-schema-graph\">{\"@context\":\"https:\/\/schema.org\",\"@graph\":[{\"@type\":\"WebPage\",\"@id\":\"https:\/\/www.brighigroup.com\/es\/machine\/g164c\/\",\"url\":\"https:\/\/www.brighigroup.com\/es\/machine\/g164c\/\",\"name\":\"M\u00e1quina de coser para cerrar almohadas - Brighi Group\",\"isPartOf\":{\"@id\":\"https:\/\/www.brighigroup.com\/es\/#website\"},\"primaryImageOfPage\":{\"@id\":\"https:\/\/www.brighigroup.com\/es\/machine\/g164c\/#primaryimage\"},\"image\":{\"@id\":\"https:\/\/www.brighigroup.com\/es\/machine\/g164c\/#primaryimage\"},\"thumbnailUrl\":\"https:\/\/www.brighigroup.com\/wp-content\/uploads\/2021\/11\/G164C.jpg\",\"datePublished\":\"2021-11-30T09:45:29+00:00\",\"dateModified\":\"2025-01-27T09:13:34+00:00\",\"description\":\"M\u00e1quina de coser para cerrar almohadas de alta velocidad, dise\u00f1ada para cerrar m\u00faltiples tipos de almohadas, cojines, peluches y otros productos.\",\"breadcrumb\":{\"@id\":\"https:\/\/www.brighigroup.com\/es\/machine\/g164c\/#breadcrumb\"},\"inLanguage\":\"es\",\"potentialAction\":[{\"@type\":\"ReadAction\",\"target\":[\"https:\/\/www.brighigroup.com\/es\/machine\/g164c\/\"]}]},{\"@type\":\"ImageObject\",\"inLanguage\":\"es\",\"@id\":\"https:\/\/www.brighigroup.com\/es\/machine\/g164c\/#primaryimage\",\"url\":\"https:\/\/www.brighigroup.com\/wp-content\/uploads\/2021\/11\/G164C.jpg\",\"contentUrl\":\"https:\/\/www.brighigroup.com\/wp-content\/uploads\/2021\/11\/G164C.jpg\",\"width\":1920,\"height\":1280},{\"@type\":\"BreadcrumbList\",\"@id\":\"https:\/\/www.brighigroup.com\/es\/machine\/g164c\/#breadcrumb\",\"itemListElement\":[{\"@type\":\"ListItem\",\"position\":1,\"name\":\"M\u00e1quinas\",\"item\":\"https:\/\/www.brighigroup.com\/es\/maquinas\/\"},{\"@type\":\"ListItem\",\"position\":2,\"name\":\"G164C\"}]},{\"@type\":\"WebSite\",\"@id\":\"https:\/\/www.brighigroup.com\/es\/#website\",\"url\":\"https:\/\/www.brighigroup.com\/es\/\",\"name\":\"Brighi Group\",\"description\":\"Home textile e di prodotti imbottiti per il design d&#039;arredo tramandando l&#039;innovazione come cultura d&#039;impresa.\",\"potentialAction\":[{\"@type\":\"SearchAction\",\"target\":{\"@type\":\"EntryPoint\",\"urlTemplate\":\"https:\/\/www.brighigroup.com\/es\/?s={search_term_string}\"},\"query-input\":{\"@type\":\"PropertyValueSpecification\",\"valueRequired\":true,\"valueName\":\"search_term_string\"}}],\"inLanguage\":\"es\"}]}<\/script>\n<!-- \/ Yoast SEO plugin. -->","yoast_head_json":{"title":"M\u00e1quina de coser para cerrar almohadas - Brighi Group","description":"M\u00e1quina de coser para cerrar almohadas de alta velocidad, dise\u00f1ada para cerrar m\u00faltiples tipos de almohadas, cojines, peluches y otros productos.","robots":{"index":"index","follow":"follow","max-snippet":"max-snippet:-1","max-image-preview":"max-image-preview:large","max-video-preview":"max-video-preview:-1"},"canonical":"https:\/\/www.brighigroup.com\/es\/machine\/g164c\/","og_locale":"es_ES","og_type":"article","og_title":"M\u00e1quina de coser para cerrar almohadas - Brighi Group","og_description":"M\u00e1quina de coser para cerrar almohadas de alta velocidad, dise\u00f1ada para cerrar m\u00faltiples tipos de almohadas, cojines, peluches y otros productos.","og_url":"https:\/\/www.brighigroup.com\/es\/machine\/g164c\/","og_site_name":"Brighi Group","article_modified_time":"2025-01-27T09:13:34+00:00","og_image":[{"width":1920,"height":1280,"url":"https:\/\/www.brighigroup.com\/wp-content\/uploads\/2021\/11\/G164C.jpg","type":"image\/jpeg"}],"twitter_card":"summary_large_image","twitter_misc":{"Tiempo de lectura":"2 minutos"},"schema":{"@context":"https:\/\/schema.org","@graph":[{"@type":"WebPage","@id":"https:\/\/www.brighigroup.com\/es\/machine\/g164c\/","url":"https:\/\/www.brighigroup.com\/es\/machine\/g164c\/","name":"M\u00e1quina de coser para cerrar almohadas - Brighi Group","isPartOf":{"@id":"https:\/\/www.brighigroup.com\/es\/#website"},"primaryImageOfPage":{"@id":"https:\/\/www.brighigroup.com\/es\/machine\/g164c\/#primaryimage"},"image":{"@id":"https:\/\/www.brighigroup.com\/es\/machine\/g164c\/#primaryimage"},"thumbnailUrl":"https:\/\/www.brighigroup.com\/wp-content\/uploads\/2021\/11\/G164C.jpg","datePublished":"2021-11-30T09:45:29+00:00","dateModified":"2025-01-27T09:13:34+00:00","description":"M\u00e1quina de coser para cerrar almohadas de alta velocidad, dise\u00f1ada para cerrar m\u00faltiples tipos de almohadas, cojines, peluches y otros productos.","breadcrumb":{"@id":"https:\/\/www.brighigroup.com\/es\/machine\/g164c\/#breadcrumb"},"inLanguage":"es","potentialAction":[{"@type":"ReadAction","target":["https:\/\/www.brighigroup.com\/es\/machine\/g164c\/"]}]},{"@type":"ImageObject","inLanguage":"es","@id":"https:\/\/www.brighigroup.com\/es\/machine\/g164c\/#primaryimage","url":"https:\/\/www.brighigroup.com\/wp-content\/uploads\/2021\/11\/G164C.jpg","contentUrl":"https:\/\/www.brighigroup.com\/wp-content\/uploads\/2021\/11\/G164C.jpg","width":1920,"height":1280},{"@type":"BreadcrumbList","@id":"https:\/\/www.brighigroup.com\/es\/machine\/g164c\/#breadcrumb","itemListElement":[{"@type":"ListItem","position":1,"name":"M\u00e1quinas","item":"https:\/\/www.brighigroup.com\/es\/maquinas\/"},{"@type":"ListItem","position":2,"name":"G164C"}]},{"@type":"WebSite","@id":"https:\/\/www.brighigroup.com\/es\/#website","url":"https:\/\/www.brighigroup.com\/es\/","name":"Brighi Group","description":"Home textile e di prodotti imbottiti per il design d&#039;arredo tramandando l&#039;innovazione come cultura d&#039;impresa.","potentialAction":[{"@type":"SearchAction","target":{"@type":"EntryPoint","urlTemplate":"https:\/\/www.brighigroup.com\/es\/?s={search_term_string}"},"query-input":{"@type":"PropertyValueSpecification","valueRequired":true,"valueName":"search_term_string"}}],"inLanguage":"es"}]}},"_links":{"self":[{"href":"https:\/\/www.brighigroup.com\/es\/wp-json\/wp\/v2\/product\/6413","targetHints":{"allow":["GET"]}}],"collection":[{"href":"https:\/\/www.brighigroup.com\/es\/wp-json\/wp\/v2\/product"}],"about":[{"href":"https:\/\/www.brighigroup.com\/es\/wp-json\/wp\/v2\/types\/product"}],"wp:featuredmedia":[{"embeddable":true,"href":"https:\/\/www.brighigroup.com\/es\/wp-json\/wp\/v2\/media\/6103"}],"wp:attachment":[{"href":"https:\/\/www.brighigroup.com\/es\/wp-json\/wp\/v2\/media?parent=6413"}],"wp:term":[{"taxonomy":"product_cat","embeddable":true,"href":"https:\/\/www.brighigroup.com\/es\/wp-json\/wp\/v2\/product_cat?post=6413"},{"taxonomy":"product_tag","embeddable":true,"href":"https:\/\/www.brighigroup.com\/es\/wp-json\/wp\/v2\/product_tag?post=6413"}],"curies":[{"name":"wp","href":"https:\/\/api.w.org\/{rel}","templated":true}]}}