{"id":6412,"date":"2020-09-01T10:45:38","date_gmt":"2021-11-30T09:45:38","guid":{"rendered":"https:\/\/www.brighigroup.com\/machine\/g164u\/"},"modified":"2024-05-14T15:34:11","modified_gmt":"2024-05-14T13:34:11","slug":"g164u","status":"publish","type":"product","link":"https:\/\/www.brighigroup.com\/es\/machine\/g164u\/","title":{"rendered":"G164U"},"content":{"rendered":"<h2>M\u00e1quina de coser especial<\/h2>\n<p>La m\u00e1quina mod. G164U es una <strong>m\u00e1quina de coser especial<\/strong> con <strong>alta velocidad de cosido de hasta 1900 rpm<\/strong>, dise\u00f1ada para <strong>cerrar m\u00faltiples tipos de acolchados para sof\u00e1s<\/strong> y productos de diferentes formas y tama\u00f1os, as\u00ed como <strong>l\u00e1minas de espuma y fibra cardada<\/strong>.<\/p>\n<p>Consta de un cabezal de costura especial, una mesa de trabajo equipada con cinta transportadora de 2500 x 500 mm cuyo movimiento est\u00e1 sincronizado con el cabezal de costura a fin de facilitar el proceso de costura incluso con productos de considerable tama\u00f1o, un m\u00f3dulo de control Efka, dos mandos de pedales para el control de las funciones principales (subida\/bajada de la cinta transportadora; apertura\/cierre de los platillos\/cosido\/corte de los hilos sobrantes al final de la costura).<\/p>\n<p>El operador trabaja de pie, logrando as\u00ed un mejor rendimiento y control sobre la pieza realizada: <strong>puede operar en dos posiciones, delante o detr\u00e1s del cabezal de costura<\/strong> seg\u00fan sea la elaboraci\u00f3n, y la mesa puede adaptarse a las dos posiciones de trabajo desliz\u00e1ndose sobre gu\u00edas.<\/p>\n<p>El especial sistema de platillos y la placa superior gu\u00edan los bordes del tejido de forma homog\u00e9nea, lo cual garantiza una <strong>alta calidad y resistencia de la costura<\/strong>. La altura y la distancia entre las puntadas son regulables.<\/p>\n<p>Descubre tambi\u00e9n nuestra m\u00e1quina de coser para cerrar almohadas<a href=\"https:\/\/www.brighigroup.com\/es\/machine\/g164c\/\"> G164C<\/a><\/p>\n<p><iframe title=\"Sewing Machines mod. G164 &amp; G265\" width=\"800\" height=\"450\" src=\"https:\/\/www.youtube-nocookie.com\/embed\/kGnBAh1e4RE?feature=oembed\" frameborder=\"0\" allow=\"accelerometer; autoplay; clipboard-write; encrypted-media; gyroscope; picture-in-picture\" allowfullscreen><\/iframe><\/p>\n<p><strong>LO QUE SE PUEDE COSER<\/strong><\/p>\n<p>Almohadas, cojines decorativos, acolchados para sof\u00e1s.<\/p>\n<p><strong>MATERIALES QUE SE PUEDEN COSER<\/strong><\/p>\n<p>Algod\u00f3n, microfibra, TNT, tejidos acoplados, Dacron, fibra cardada, l\u00e1minas de espuma.<\/p>\n<p><strong>PUNTOS FUERTES<\/strong><\/p>\n<ul>\n<li><strong>Costura con puntada especial:<\/strong> se ha concebido especialmente para conseguir una costura plana adecuada para coser l\u00e1minas de espuma y napas para el interior de los sof\u00e1s.<\/li>\n<li><strong>Evita el encolado <\/strong>de las l\u00e1minas de espuma.<\/li>\n<li><strong>Adecuada para coser grandes respaldos y asientos de sof\u00e1s, <\/strong>y gracias a la cinta transportadora un solo operador puede efectuar la costura<\/li>\n<li><strong>F\u00e1cil de usar <\/strong>por personal menos experto, simplificando el proceso y reduciendo los costes de mano de obra especializada.<\/li>\n<li><strong>Flexibilidad: <\/strong>se puede procesar una amplia gama de productos y materiales (por tama\u00f1o\/material de relleno\/forma) y de perfiles de costura.<\/li>\n<li><strong>Platillos motorizados: <\/strong>gu\u00edan el art\u00edculo que se va a coser permitiendo un proceso fluido incluso a personal menos experto.<\/li>\n<li><strong>Gu\u00eda superior: <\/strong>permite al operador coser cualquier producto siguiendo una l\u00ednea uniforme, simplificando el proceso y ofreciendo un producto acabado de calidad.<\/li>\n<\/ul>\n","protected":false},"excerpt":{"rendered":"<h6>M\u00e1quina de coser especial<\/h6>\n","protected":false},"featured_media":6102,"template":"","meta":{"_acf_changed":false},"product_cat":[144,135,130,132,137],"product_tag":[302,305,314],"class_list":{"0":"post-6412","1":"product","2":"type-product","3":"status-publish","4":"has-post-thumbnail","6":"product_cat-costura","7":"product_cat-linea-de-acolchados-para-sofas","8":"product_cat-linea-de-almohadas-sopladas","9":"product_cat-linea-de-cojines-decorativos-para-sillas-y-exterior","10":"product_cat-linea-de-llenado-para-juguetes-cama-de-mascotas-varios-articulos-acolchados","11":"product_tag-almohadas-y-cojines-de-fibra-cardada-enrollada","12":"product_tag-almohadas-y-cojines-soplados","13":"product_tag-cojines-de-sofa","15":"first","16":"instock","17":"shipping-taxable","18":"product-type-simple"},"acf":[],"yoast_head":"<!-- This site is optimized with the Yoast SEO plugin v24.2 - https:\/\/yoast.com\/wordpress\/plugins\/seo\/ -->\n<title>M\u00e1quina de coser especial G164U - Brighi Group<\/title>\n<meta name=\"description\" content=\"M\u00e1quina de coser especial con alta velocidad, dise\u00f1ada para cerrar m\u00faltiples tipos de acolchados para sof\u00e1s y productos de diferentes formas y tama\u00f1os.\" \/>\n<meta name=\"robots\" content=\"index, follow, max-snippet:-1, max-image-preview:large, max-video-preview:-1\" \/>\n<link rel=\"canonical\" href=\"https:\/\/www.brighigroup.com\/es\/machine\/g164u\/\" \/>\n<meta property=\"og:locale\" content=\"es_ES\" \/>\n<meta property=\"og:type\" content=\"article\" \/>\n<meta property=\"og:title\" content=\"M\u00e1quina de coser especial G164U - Brighi Group\" \/>\n<meta property=\"og:description\" content=\"M\u00e1quina de coser especial con alta velocidad, dise\u00f1ada para cerrar m\u00faltiples tipos de acolchados para sof\u00e1s y productos de diferentes formas y tama\u00f1os.\" \/>\n<meta property=\"og:url\" content=\"https:\/\/www.brighigroup.com\/es\/machine\/g164u\/\" \/>\n<meta property=\"og:site_name\" content=\"Brighi Group\" \/>\n<meta property=\"article:modified_time\" content=\"2024-05-14T13:34:11+00:00\" \/>\n<meta property=\"og:image\" content=\"https:\/\/www.brighigroup.com\/wp-content\/uploads\/2021\/11\/G164U.jpg\" \/>\n\t<meta property=\"og:image:width\" content=\"1920\" \/>\n\t<meta property=\"og:image:height\" content=\"1280\" \/>\n\t<meta property=\"og:image:type\" content=\"image\/jpeg\" \/>\n<meta name=\"twitter:card\" content=\"summary_large_image\" \/>\n<meta name=\"twitter:label1\" content=\"Tiempo de lectura\" \/>\n\t<meta name=\"twitter:data1\" content=\"2 minutos\" \/>\n<script type=\"application\/ld+json\" class=\"yoast-schema-graph\">{\"@context\":\"https:\/\/schema.org\",\"@graph\":[{\"@type\":\"WebPage\",\"@id\":\"https:\/\/www.brighigroup.com\/es\/machine\/g164u\/\",\"url\":\"https:\/\/www.brighigroup.com\/es\/machine\/g164u\/\",\"name\":\"M\u00e1quina de coser especial G164U - Brighi Group\",\"isPartOf\":{\"@id\":\"https:\/\/www.brighigroup.com\/es\/#website\"},\"primaryImageOfPage\":{\"@id\":\"https:\/\/www.brighigroup.com\/es\/machine\/g164u\/#primaryimage\"},\"image\":{\"@id\":\"https:\/\/www.brighigroup.com\/es\/machine\/g164u\/#primaryimage\"},\"thumbnailUrl\":\"https:\/\/www.brighigroup.com\/wp-content\/uploads\/2021\/11\/G164U.jpg\",\"datePublished\":\"2021-11-30T09:45:38+00:00\",\"dateModified\":\"2024-05-14T13:34:11+00:00\",\"description\":\"M\u00e1quina de coser especial con alta velocidad, dise\u00f1ada para cerrar m\u00faltiples tipos de acolchados para sof\u00e1s y productos de diferentes formas y tama\u00f1os.\",\"breadcrumb\":{\"@id\":\"https:\/\/www.brighigroup.com\/es\/machine\/g164u\/#breadcrumb\"},\"inLanguage\":\"es\",\"potentialAction\":[{\"@type\":\"ReadAction\",\"target\":[\"https:\/\/www.brighigroup.com\/es\/machine\/g164u\/\"]}]},{\"@type\":\"ImageObject\",\"inLanguage\":\"es\",\"@id\":\"https:\/\/www.brighigroup.com\/es\/machine\/g164u\/#primaryimage\",\"url\":\"https:\/\/www.brighigroup.com\/wp-content\/uploads\/2021\/11\/G164U.jpg\",\"contentUrl\":\"https:\/\/www.brighigroup.com\/wp-content\/uploads\/2021\/11\/G164U.jpg\",\"width\":1920,\"height\":1280},{\"@type\":\"BreadcrumbList\",\"@id\":\"https:\/\/www.brighigroup.com\/es\/machine\/g164u\/#breadcrumb\",\"itemListElement\":[{\"@type\":\"ListItem\",\"position\":1,\"name\":\"M\u00e1quinas\",\"item\":\"https:\/\/www.brighigroup.com\/es\/maquinas\/\"},{\"@type\":\"ListItem\",\"position\":2,\"name\":\"G164U\"}]},{\"@type\":\"WebSite\",\"@id\":\"https:\/\/www.brighigroup.com\/es\/#website\",\"url\":\"https:\/\/www.brighigroup.com\/es\/\",\"name\":\"Brighi Group\",\"description\":\"Home textile e di prodotti imbottiti per il design d&#039;arredo tramandando l&#039;innovazione come cultura d&#039;impresa.\",\"potentialAction\":[{\"@type\":\"SearchAction\",\"target\":{\"@type\":\"EntryPoint\",\"urlTemplate\":\"https:\/\/www.brighigroup.com\/es\/?s={search_term_string}\"},\"query-input\":{\"@type\":\"PropertyValueSpecification\",\"valueRequired\":true,\"valueName\":\"search_term_string\"}}],\"inLanguage\":\"es\"}]}<\/script>\n<!-- \/ Yoast SEO plugin. -->","yoast_head_json":{"title":"M\u00e1quina de coser especial G164U - Brighi Group","description":"M\u00e1quina de coser especial con alta velocidad, dise\u00f1ada para cerrar m\u00faltiples tipos de acolchados para sof\u00e1s y productos de diferentes formas y tama\u00f1os.","robots":{"index":"index","follow":"follow","max-snippet":"max-snippet:-1","max-image-preview":"max-image-preview:large","max-video-preview":"max-video-preview:-1"},"canonical":"https:\/\/www.brighigroup.com\/es\/machine\/g164u\/","og_locale":"es_ES","og_type":"article","og_title":"M\u00e1quina de coser especial G164U - Brighi Group","og_description":"M\u00e1quina de coser especial con alta velocidad, dise\u00f1ada para cerrar m\u00faltiples tipos de acolchados para sof\u00e1s y productos de diferentes formas y tama\u00f1os.","og_url":"https:\/\/www.brighigroup.com\/es\/machine\/g164u\/","og_site_name":"Brighi Group","article_modified_time":"2024-05-14T13:34:11+00:00","og_image":[{"width":1920,"height":1280,"url":"https:\/\/www.brighigroup.com\/wp-content\/uploads\/2021\/11\/G164U.jpg","type":"image\/jpeg"}],"twitter_card":"summary_large_image","twitter_misc":{"Tiempo de lectura":"2 minutos"},"schema":{"@context":"https:\/\/schema.org","@graph":[{"@type":"WebPage","@id":"https:\/\/www.brighigroup.com\/es\/machine\/g164u\/","url":"https:\/\/www.brighigroup.com\/es\/machine\/g164u\/","name":"M\u00e1quina de coser especial G164U - Brighi Group","isPartOf":{"@id":"https:\/\/www.brighigroup.com\/es\/#website"},"primaryImageOfPage":{"@id":"https:\/\/www.brighigroup.com\/es\/machine\/g164u\/#primaryimage"},"image":{"@id":"https:\/\/www.brighigroup.com\/es\/machine\/g164u\/#primaryimage"},"thumbnailUrl":"https:\/\/www.brighigroup.com\/wp-content\/uploads\/2021\/11\/G164U.jpg","datePublished":"2021-11-30T09:45:38+00:00","dateModified":"2024-05-14T13:34:11+00:00","description":"M\u00e1quina de coser especial con alta velocidad, dise\u00f1ada para cerrar m\u00faltiples tipos de acolchados para sof\u00e1s y productos de diferentes formas y tama\u00f1os.","breadcrumb":{"@id":"https:\/\/www.brighigroup.com\/es\/machine\/g164u\/#breadcrumb"},"inLanguage":"es","potentialAction":[{"@type":"ReadAction","target":["https:\/\/www.brighigroup.com\/es\/machine\/g164u\/"]}]},{"@type":"ImageObject","inLanguage":"es","@id":"https:\/\/www.brighigroup.com\/es\/machine\/g164u\/#primaryimage","url":"https:\/\/www.brighigroup.com\/wp-content\/uploads\/2021\/11\/G164U.jpg","contentUrl":"https:\/\/www.brighigroup.com\/wp-content\/uploads\/2021\/11\/G164U.jpg","width":1920,"height":1280},{"@type":"BreadcrumbList","@id":"https:\/\/www.brighigroup.com\/es\/machine\/g164u\/#breadcrumb","itemListElement":[{"@type":"ListItem","position":1,"name":"M\u00e1quinas","item":"https:\/\/www.brighigroup.com\/es\/maquinas\/"},{"@type":"ListItem","position":2,"name":"G164U"}]},{"@type":"WebSite","@id":"https:\/\/www.brighigroup.com\/es\/#website","url":"https:\/\/www.brighigroup.com\/es\/","name":"Brighi Group","description":"Home textile e di prodotti imbottiti per il design d&#039;arredo tramandando l&#039;innovazione come cultura d&#039;impresa.","potentialAction":[{"@type":"SearchAction","target":{"@type":"EntryPoint","urlTemplate":"https:\/\/www.brighigroup.com\/es\/?s={search_term_string}"},"query-input":{"@type":"PropertyValueSpecification","valueRequired":true,"valueName":"search_term_string"}}],"inLanguage":"es"}]}},"_links":{"self":[{"href":"https:\/\/www.brighigroup.com\/es\/wp-json\/wp\/v2\/product\/6412","targetHints":{"allow":["GET"]}}],"collection":[{"href":"https:\/\/www.brighigroup.com\/es\/wp-json\/wp\/v2\/product"}],"about":[{"href":"https:\/\/www.brighigroup.com\/es\/wp-json\/wp\/v2\/types\/product"}],"wp:featuredmedia":[{"embeddable":true,"href":"https:\/\/www.brighigroup.com\/es\/wp-json\/wp\/v2\/media\/6102"}],"wp:attachment":[{"href":"https:\/\/www.brighigroup.com\/es\/wp-json\/wp\/v2\/media?parent=6412"}],"wp:term":[{"taxonomy":"product_cat","embeddable":true,"href":"https:\/\/www.brighigroup.com\/es\/wp-json\/wp\/v2\/product_cat?post=6412"},{"taxonomy":"product_tag","embeddable":true,"href":"https:\/\/www.brighigroup.com\/es\/wp-json\/wp\/v2\/product_tag?post=6412"}],"curies":[{"name":"wp","href":"https:\/\/api.w.org\/{rel}","templated":true}]}}