{"id":6408,"date":"2022-03-01T11:00:20","date_gmt":"2021-11-30T09:54:20","guid":{"rendered":"https:\/\/www.brighigroup.com\/machine\/mp-400-2\/"},"modified":"2024-05-14T10:15:22","modified_gmt":"2024-05-14T08:15:22","slug":"mp-400","status":"publish","type":"product","link":"https:\/\/www.brighigroup.com\/es\/machine\/mp-400\/","title":{"rendered":"MP-400"},"content":{"rendered":"<h2>Apiladora semiautom\u00e1tica para almohadas<\/h2>\n<p>Permite <strong>apilar almohadas y edredones<\/strong> (incluso ya embolsados) para su <strong>embolsado m\u00faltiple<\/strong>. La m\u00e1quina se alimenta a trav\u00e9s de una cinta y los art\u00edculos se apilan seg\u00fan la receta deseada que se puede introducir, modificar y guardar mediante el panel t\u00e1ctil incorporado en la m\u00e1quina. Ambas zonas de apilado y compresi\u00f3n tienen dispositivos de centrado para garantizar que <strong>los art\u00edculos permanezcan bien alineados<\/strong> durante las operaciones y la transferencia a la bolsa.<\/p>\n<p>Una vez preparada, la pila de almohadas o edredones pasa a trav\u00e9s del <strong>t\u00fanel de compresi\u00f3n para su introducci\u00f3n en la bolsa.<\/strong> El complemento ideal para la m\u00e1quina es la unidad de compresi\u00f3n y termosellado mod. <a href=\"https:\/\/www.brighigroup.com\/es\/machine\/lf-100\/\">LF-100<\/a> para completar el paquete con una compresi\u00f3n y sellado adicionales a fin de reducir a\u00fan m\u00e1s el volumen.<\/p>\n<p>&nbsp;<\/p>\n<p><iframe title=\"Quilt Stacking and Pressing Machine mod. MP-400\" width=\"800\" height=\"450\" src=\"https:\/\/www.youtube-nocookie.com\/embed\/NCku5C4YXI4?feature=oembed\" frameborder=\"0\" allow=\"accelerometer; autoplay; clipboard-write; encrypted-media; gyroscope; picture-in-picture\" allowfullscreen><\/iframe><\/p>\n<p><iframe title=\"Semi-automatic Stacking Machine mod. MP-400\" width=\"800\" height=\"450\" src=\"https:\/\/www.youtube-nocookie.com\/embed\/7E5H7LyFFxI?feature=oembed\" frameborder=\"0\" allow=\"accelerometer; autoplay; clipboard-write; encrypted-media; gyroscope; picture-in-picture\" allowfullscreen><\/iframe><\/p>\n<p>&nbsp;<\/p>\n<p><strong>LO QUE SE PUEDE APILAR<\/strong><\/p>\n<p>Almohadas, cojines, cojines decorativos, edredones doblados<\/p>\n<p><strong>PUNTOS FUERTES<\/strong><\/p>\n<ul>\n<li><strong>Un \u00fanico operador <\/strong>necesario para el proceso.<\/li>\n<li><strong>Espacios reducidos de almacenamiento y transporte:<\/strong> la capacidad de apilado m\u00faltiple ofrece la ventaja de ahorrar espacio de almacenamiento y transporte.<\/li>\n<li><strong>Precisi\u00f3n <\/strong>de la alineaci\u00f3n de los productos.<\/li>\n<li><strong>Gesti\u00f3n simplificada: <\/strong>panel de control con pantalla t\u00e1ctil para la gesti\u00f3n autom\u00e1tica de todos los par\u00e1metros y ajustes mec\u00e1nicos, con introducci\u00f3n y gesti\u00f3n de las recetas con las caracter\u00edsticas del producto\/material.<\/li>\n<li><strong>Flexibilidad: <\/strong>la m\u00e1quina procesa una amplia gama de materiales sin necesidad de ajustes mec\u00e1nicos.<\/li>\n<li><strong>Cualquier material de llenado: <\/strong>no existen restricciones en cuanto al tipo de llenado de los cojines.<\/li>\n<\/ul>\n","protected":false},"excerpt":{"rendered":"<h6>M\u00e1quina semiautom\u00e1tica para apilar almohadas y edredones<\/h6>\n","protected":false},"featured_media":6200,"template":"","meta":{"_acf_changed":false},"product_cat":[143,131,133,130,132,134,137],"product_tag":[321,310,302,305,325],"class_list":{"0":"post-6408","1":"product","2":"type-product","3":"status-publish","4":"has-post-thumbnail","6":"product_cat-embalaje","7":"product_cat-linea-de-almohadas-cardadas","8":"product_cat-linea-de-almohadas-de-latex-almohdas-de-espuma-y-de-espuma-triturada","9":"product_cat-linea-de-almohadas-sopladas","10":"product_cat-linea-de-cojines-decorativos-para-sillas-y-exterior","11":"product_cat-linea-de-edredones","12":"product_cat-linea-de-llenado-para-juguetes-cama-de-mascotas-varios-articulos-acolchados","13":"product_tag-alfombras","14":"product_tag-almohadas-de-espuma-y-latex","15":"product_tag-almohadas-y-cojines-de-fibra-cardada-enrollada","16":"product_tag-almohadas-y-cojines-soplados","17":"product_tag-edredones","19":"first","20":"instock","21":"shipping-taxable","22":"product-type-simple"},"acf":[],"yoast_head":"<!-- This site is optimized with the Yoast SEO plugin v24.2 - https:\/\/yoast.com\/wordpress\/plugins\/seo\/ -->\n<title>Apiladora semiautom\u00e1tica para almohadas - Brighi Group<\/title>\n<meta name=\"description\" content=\"Apiladora semiautom\u00e1tica para apilar almohadas y edredones (incluso ya embolsados) para el embolsado m\u00faltiple seg\u00fan la receta deseada\" \/>\n<meta name=\"robots\" content=\"index, follow, max-snippet:-1, max-image-preview:large, max-video-preview:-1\" \/>\n<link rel=\"canonical\" href=\"https:\/\/www.brighigroup.com\/es\/machine\/mp-400\/\" \/>\n<meta property=\"og:locale\" content=\"es_ES\" \/>\n<meta property=\"og:type\" content=\"article\" \/>\n<meta property=\"og:title\" content=\"Apiladora semiautom\u00e1tica para almohadas - Brighi Group\" \/>\n<meta property=\"og:description\" content=\"Apiladora semiautom\u00e1tica para apilar almohadas y edredones (incluso ya embolsados) para el embolsado m\u00faltiple seg\u00fan la receta deseada\" \/>\n<meta property=\"og:url\" content=\"https:\/\/www.brighigroup.com\/es\/machine\/mp-400\/\" \/>\n<meta property=\"og:site_name\" content=\"Brighi Group\" \/>\n<meta property=\"article:modified_time\" content=\"2024-05-14T08:15:22+00:00\" \/>\n<meta property=\"og:image\" content=\"https:\/\/www.brighigroup.com\/wp-content\/uploads\/2021\/11\/MP-400_02.jpg\" \/>\n\t<meta property=\"og:image:width\" content=\"1920\" \/>\n\t<meta property=\"og:image:height\" content=\"1280\" \/>\n\t<meta property=\"og:image:type\" content=\"image\/jpeg\" \/>\n<meta name=\"twitter:card\" content=\"summary_large_image\" \/>\n<meta name=\"twitter:label1\" content=\"Tiempo de lectura\" \/>\n\t<meta name=\"twitter:data1\" content=\"1 minuto\" \/>\n<script type=\"application\/ld+json\" class=\"yoast-schema-graph\">{\"@context\":\"https:\/\/schema.org\",\"@graph\":[{\"@type\":\"WebPage\",\"@id\":\"https:\/\/www.brighigroup.com\/es\/machine\/mp-400\/\",\"url\":\"https:\/\/www.brighigroup.com\/es\/machine\/mp-400\/\",\"name\":\"Apiladora semiautom\u00e1tica para almohadas - Brighi Group\",\"isPartOf\":{\"@id\":\"https:\/\/www.brighigroup.com\/es\/#website\"},\"primaryImageOfPage\":{\"@id\":\"https:\/\/www.brighigroup.com\/es\/machine\/mp-400\/#primaryimage\"},\"image\":{\"@id\":\"https:\/\/www.brighigroup.com\/es\/machine\/mp-400\/#primaryimage\"},\"thumbnailUrl\":\"https:\/\/www.brighigroup.com\/wp-content\/uploads\/2021\/11\/MP-400_02.jpg\",\"datePublished\":\"2021-11-30T09:54:20+00:00\",\"dateModified\":\"2024-05-14T08:15:22+00:00\",\"description\":\"Apiladora semiautom\u00e1tica para apilar almohadas y edredones (incluso ya embolsados) para el embolsado m\u00faltiple seg\u00fan la receta deseada\",\"breadcrumb\":{\"@id\":\"https:\/\/www.brighigroup.com\/es\/machine\/mp-400\/#breadcrumb\"},\"inLanguage\":\"es\",\"potentialAction\":[{\"@type\":\"ReadAction\",\"target\":[\"https:\/\/www.brighigroup.com\/es\/machine\/mp-400\/\"]}]},{\"@type\":\"ImageObject\",\"inLanguage\":\"es\",\"@id\":\"https:\/\/www.brighigroup.com\/es\/machine\/mp-400\/#primaryimage\",\"url\":\"https:\/\/www.brighigroup.com\/wp-content\/uploads\/2021\/11\/MP-400_02.jpg\",\"contentUrl\":\"https:\/\/www.brighigroup.com\/wp-content\/uploads\/2021\/11\/MP-400_02.jpg\",\"width\":1920,\"height\":1280},{\"@type\":\"BreadcrumbList\",\"@id\":\"https:\/\/www.brighigroup.com\/es\/machine\/mp-400\/#breadcrumb\",\"itemListElement\":[{\"@type\":\"ListItem\",\"position\":1,\"name\":\"M\u00e1quinas\",\"item\":\"https:\/\/www.brighigroup.com\/es\/maquinas\/\"},{\"@type\":\"ListItem\",\"position\":2,\"name\":\"MP-400\"}]},{\"@type\":\"WebSite\",\"@id\":\"https:\/\/www.brighigroup.com\/es\/#website\",\"url\":\"https:\/\/www.brighigroup.com\/es\/\",\"name\":\"Brighi Group\",\"description\":\"Home textile e di prodotti imbottiti per il design d&#039;arredo tramandando l&#039;innovazione come cultura d&#039;impresa.\",\"potentialAction\":[{\"@type\":\"SearchAction\",\"target\":{\"@type\":\"EntryPoint\",\"urlTemplate\":\"https:\/\/www.brighigroup.com\/es\/?s={search_term_string}\"},\"query-input\":{\"@type\":\"PropertyValueSpecification\",\"valueRequired\":true,\"valueName\":\"search_term_string\"}}],\"inLanguage\":\"es\"}]}<\/script>\n<!-- \/ Yoast SEO plugin. -->","yoast_head_json":{"title":"Apiladora semiautom\u00e1tica para almohadas - Brighi Group","description":"Apiladora semiautom\u00e1tica para apilar almohadas y edredones (incluso ya embolsados) para el embolsado m\u00faltiple seg\u00fan la receta deseada","robots":{"index":"index","follow":"follow","max-snippet":"max-snippet:-1","max-image-preview":"max-image-preview:large","max-video-preview":"max-video-preview:-1"},"canonical":"https:\/\/www.brighigroup.com\/es\/machine\/mp-400\/","og_locale":"es_ES","og_type":"article","og_title":"Apiladora semiautom\u00e1tica para almohadas - Brighi Group","og_description":"Apiladora semiautom\u00e1tica para apilar almohadas y edredones (incluso ya embolsados) para el embolsado m\u00faltiple seg\u00fan la receta deseada","og_url":"https:\/\/www.brighigroup.com\/es\/machine\/mp-400\/","og_site_name":"Brighi Group","article_modified_time":"2024-05-14T08:15:22+00:00","og_image":[{"width":1920,"height":1280,"url":"https:\/\/www.brighigroup.com\/wp-content\/uploads\/2021\/11\/MP-400_02.jpg","type":"image\/jpeg"}],"twitter_card":"summary_large_image","twitter_misc":{"Tiempo de lectura":"1 minuto"},"schema":{"@context":"https:\/\/schema.org","@graph":[{"@type":"WebPage","@id":"https:\/\/www.brighigroup.com\/es\/machine\/mp-400\/","url":"https:\/\/www.brighigroup.com\/es\/machine\/mp-400\/","name":"Apiladora semiautom\u00e1tica para almohadas - Brighi Group","isPartOf":{"@id":"https:\/\/www.brighigroup.com\/es\/#website"},"primaryImageOfPage":{"@id":"https:\/\/www.brighigroup.com\/es\/machine\/mp-400\/#primaryimage"},"image":{"@id":"https:\/\/www.brighigroup.com\/es\/machine\/mp-400\/#primaryimage"},"thumbnailUrl":"https:\/\/www.brighigroup.com\/wp-content\/uploads\/2021\/11\/MP-400_02.jpg","datePublished":"2021-11-30T09:54:20+00:00","dateModified":"2024-05-14T08:15:22+00:00","description":"Apiladora semiautom\u00e1tica para apilar almohadas y edredones (incluso ya embolsados) para el embolsado m\u00faltiple seg\u00fan la receta deseada","breadcrumb":{"@id":"https:\/\/www.brighigroup.com\/es\/machine\/mp-400\/#breadcrumb"},"inLanguage":"es","potentialAction":[{"@type":"ReadAction","target":["https:\/\/www.brighigroup.com\/es\/machine\/mp-400\/"]}]},{"@type":"ImageObject","inLanguage":"es","@id":"https:\/\/www.brighigroup.com\/es\/machine\/mp-400\/#primaryimage","url":"https:\/\/www.brighigroup.com\/wp-content\/uploads\/2021\/11\/MP-400_02.jpg","contentUrl":"https:\/\/www.brighigroup.com\/wp-content\/uploads\/2021\/11\/MP-400_02.jpg","width":1920,"height":1280},{"@type":"BreadcrumbList","@id":"https:\/\/www.brighigroup.com\/es\/machine\/mp-400\/#breadcrumb","itemListElement":[{"@type":"ListItem","position":1,"name":"M\u00e1quinas","item":"https:\/\/www.brighigroup.com\/es\/maquinas\/"},{"@type":"ListItem","position":2,"name":"MP-400"}]},{"@type":"WebSite","@id":"https:\/\/www.brighigroup.com\/es\/#website","url":"https:\/\/www.brighigroup.com\/es\/","name":"Brighi Group","description":"Home textile e di prodotti imbottiti per il design d&#039;arredo tramandando l&#039;innovazione come cultura d&#039;impresa.","potentialAction":[{"@type":"SearchAction","target":{"@type":"EntryPoint","urlTemplate":"https:\/\/www.brighigroup.com\/es\/?s={search_term_string}"},"query-input":{"@type":"PropertyValueSpecification","valueRequired":true,"valueName":"search_term_string"}}],"inLanguage":"es"}]}},"_links":{"self":[{"href":"https:\/\/www.brighigroup.com\/es\/wp-json\/wp\/v2\/product\/6408","targetHints":{"allow":["GET"]}}],"collection":[{"href":"https:\/\/www.brighigroup.com\/es\/wp-json\/wp\/v2\/product"}],"about":[{"href":"https:\/\/www.brighigroup.com\/es\/wp-json\/wp\/v2\/types\/product"}],"wp:featuredmedia":[{"embeddable":true,"href":"https:\/\/www.brighigroup.com\/es\/wp-json\/wp\/v2\/media\/6200"}],"wp:attachment":[{"href":"https:\/\/www.brighigroup.com\/es\/wp-json\/wp\/v2\/media?parent=6408"}],"wp:term":[{"taxonomy":"product_cat","embeddable":true,"href":"https:\/\/www.brighigroup.com\/es\/wp-json\/wp\/v2\/product_cat?post=6408"},{"taxonomy":"product_tag","embeddable":true,"href":"https:\/\/www.brighigroup.com\/es\/wp-json\/wp\/v2\/product_tag?post=6408"}],"curies":[{"name":"wp","href":"https:\/\/api.w.org\/{rel}","templated":true}]}}