{"id":6405,"date":"2022-04-01T10:00:24","date_gmt":"2021-11-30T09:56:24","guid":{"rendered":"https:\/\/www.brighigroup.com\/machine\/ef-500-easy-fold\/"},"modified":"2024-05-14T09:14:08","modified_gmt":"2024-05-14T07:14:08","slug":"ef-500-easy-fold","status":"publish","type":"product","link":"https:\/\/www.brighigroup.com\/es\/machine\/ef-500-easy-fold\/","title":{"rendered":"EF-500 EASY FOLD"},"content":{"rendered":"<h2>M\u00e1quina para doblar edredones<\/h2>\n<p>M\u00e1quina para <strong>doblar edredones de manera autom\u00e1tica y seg\u00fan diferentes esquemas<\/strong>. El edred\u00f3n se puede <strong>doblar seg\u00fan diferentes esquemas<\/strong> que se pueden elegir y configurar en la pantalla t\u00e1ctil accediendo a la lista de recetas.<\/p>\n<p>El operador coloca el producto plano en la cinta mod. <a href=\"https:\/\/www.brighigroup.com\/es\/machine\/tt-300\/\">TT-300<\/a> y pone en marcha el proceso autom\u00e1tico. La m\u00e1quina transporta el edred\u00f3n plano hacia la zona de doblado, donde <strong>un sistema de rastrillos lleva a cabo la primera serie de pliegues<\/strong>. En este punto, el edred\u00f3n doblado en una direcci\u00f3n, gracias a la cinta de conexi\u00f3n opcional, se transporta a la <strong>estaci\u00f3n de doblado secundaria o a la m\u00e1quina de enrollado<\/strong> mod. <a href=\"https:\/\/www.brighigroup.com\/es\/machine\/er-500-easy-roll\/\">ER-500 EASY ROLL<\/a> o <a href=\"https:\/\/www.brighigroup.com\/es\/machine\/er-400-easy-roll\/\">ER-400 EASY ROLL<\/a> para completa el proceso de doblado.<\/p>\n<p>&nbsp;<\/p>\n<p><iframe title=\"Automatic Quilt Folding Machine mod. EF-500 Easy Fold\" width=\"800\" height=\"450\" src=\"https:\/\/www.youtube-nocookie.com\/embed\/4g4HAJdsHak?feature=oembed\" frameborder=\"0\" allow=\"accelerometer; autoplay; clipboard-write; encrypted-media; gyroscope; picture-in-picture\" allowfullscreen><\/iframe><\/p>\n<p>&nbsp;<\/p>\n<p><strong>LO QUE SE PUEDE DOBLAR<\/strong><\/p>\n<p>Edredones (incluso modelos King)<\/p>\n<p><strong>PUNTOS FUERTES<\/strong><\/p>\n<ul>\n<li><strong>Un \u00fanico operador <\/strong>necesario para el proceso de doblado.<\/li>\n<li><strong>Sistema de rastrillos <\/strong>dise\u00f1ado para un manejo \u00f3ptimo del producto.<\/li>\n<li><strong>Precisi\u00f3n de doblado <\/strong>doblado para un producto final de calidad.<\/li>\n<li><strong>M\u00faltiples opciones de packaging: <\/strong>el edred\u00f3n doblado se puede empaquetar de diferentes maneras.<\/li>\n<li><strong>Gesti\u00f3n simplificada: <\/strong>panel de control con pantalla t\u00e1ctil para la gesti\u00f3n autom\u00e1tica de todos los par\u00e1metros y ajustes mec\u00e1nicos, con introducci\u00f3n y gesti\u00f3n de las recetas con las caracter\u00edsticas del producto\/material.<\/li>\n<li><strong>Flexibilidad: <\/strong>la m\u00e1quina procesa una amplia gama de productos sin necesidad de ajustes mec\u00e1nicos.<\/li>\n<\/ul>\n","protected":false},"excerpt":{"rendered":"<h6>M\u00e1quina de doblado autom\u00e1tico de edredones<\/h6>\n","protected":false},"featured_media":6096,"template":"","meta":{"_acf_changed":false},"product_cat":[143,134],"product_tag":[325],"class_list":{"0":"post-6405","1":"product","2":"type-product","3":"status-publish","4":"has-post-thumbnail","6":"product_cat-embalaje","7":"product_cat-linea-de-edredones","8":"product_tag-edredones","10":"first","11":"instock","12":"shipping-taxable","13":"product-type-simple"},"acf":[],"yoast_head":"<!-- This site is optimized with the Yoast SEO plugin v24.2 - https:\/\/yoast.com\/wordpress\/plugins\/seo\/ -->\n<title>M\u00e1quina para doblar edredones - Brighi Group<\/title>\n<meta name=\"description\" content=\"M\u00e1quina para doblar edredones autom\u00e1ticamente y seg\u00fan diferentes esquemas que se pueden elegir y configurar en la pantalla t\u00e1ctil.\" \/>\n<meta name=\"robots\" content=\"index, follow, max-snippet:-1, max-image-preview:large, max-video-preview:-1\" \/>\n<link rel=\"canonical\" href=\"https:\/\/www.brighigroup.com\/es\/machine\/ef-500-easy-fold\/\" \/>\n<meta property=\"og:locale\" content=\"es_ES\" \/>\n<meta property=\"og:type\" content=\"article\" \/>\n<meta property=\"og:title\" content=\"M\u00e1quina para doblar edredones - Brighi Group\" \/>\n<meta property=\"og:description\" content=\"M\u00e1quina para doblar edredones autom\u00e1ticamente y seg\u00fan diferentes esquemas que se pueden elegir y configurar en la pantalla t\u00e1ctil.\" \/>\n<meta property=\"og:url\" content=\"https:\/\/www.brighigroup.com\/es\/machine\/ef-500-easy-fold\/\" \/>\n<meta property=\"og:site_name\" content=\"Brighi Group\" \/>\n<meta property=\"article:modified_time\" content=\"2024-05-14T07:14:08+00:00\" \/>\n<meta property=\"og:image\" content=\"https:\/\/www.brighigroup.com\/wp-content\/uploads\/2021\/11\/EF-500-EASY-FOLD.jpg\" \/>\n\t<meta property=\"og:image:width\" content=\"1920\" \/>\n\t<meta property=\"og:image:height\" content=\"1280\" \/>\n\t<meta property=\"og:image:type\" content=\"image\/jpeg\" \/>\n<meta name=\"twitter:card\" content=\"summary_large_image\" \/>\n<meta name=\"twitter:label1\" content=\"Tiempo de lectura\" \/>\n\t<meta name=\"twitter:data1\" content=\"1 minuto\" \/>\n<script type=\"application\/ld+json\" class=\"yoast-schema-graph\">{\"@context\":\"https:\/\/schema.org\",\"@graph\":[{\"@type\":\"WebPage\",\"@id\":\"https:\/\/www.brighigroup.com\/es\/machine\/ef-500-easy-fold\/\",\"url\":\"https:\/\/www.brighigroup.com\/es\/machine\/ef-500-easy-fold\/\",\"name\":\"M\u00e1quina para doblar edredones - Brighi Group\",\"isPartOf\":{\"@id\":\"https:\/\/www.brighigroup.com\/es\/#website\"},\"primaryImageOfPage\":{\"@id\":\"https:\/\/www.brighigroup.com\/es\/machine\/ef-500-easy-fold\/#primaryimage\"},\"image\":{\"@id\":\"https:\/\/www.brighigroup.com\/es\/machine\/ef-500-easy-fold\/#primaryimage\"},\"thumbnailUrl\":\"https:\/\/www.brighigroup.com\/wp-content\/uploads\/2021\/11\/EF-500-EASY-FOLD.jpg\",\"datePublished\":\"2021-11-30T09:56:24+00:00\",\"dateModified\":\"2024-05-14T07:14:08+00:00\",\"description\":\"M\u00e1quina para doblar edredones autom\u00e1ticamente y seg\u00fan diferentes esquemas que se pueden elegir y configurar en la pantalla t\u00e1ctil.\",\"breadcrumb\":{\"@id\":\"https:\/\/www.brighigroup.com\/es\/machine\/ef-500-easy-fold\/#breadcrumb\"},\"inLanguage\":\"es\",\"potentialAction\":[{\"@type\":\"ReadAction\",\"target\":[\"https:\/\/www.brighigroup.com\/es\/machine\/ef-500-easy-fold\/\"]}]},{\"@type\":\"ImageObject\",\"inLanguage\":\"es\",\"@id\":\"https:\/\/www.brighigroup.com\/es\/machine\/ef-500-easy-fold\/#primaryimage\",\"url\":\"https:\/\/www.brighigroup.com\/wp-content\/uploads\/2021\/11\/EF-500-EASY-FOLD.jpg\",\"contentUrl\":\"https:\/\/www.brighigroup.com\/wp-content\/uploads\/2021\/11\/EF-500-EASY-FOLD.jpg\",\"width\":1920,\"height\":1280},{\"@type\":\"BreadcrumbList\",\"@id\":\"https:\/\/www.brighigroup.com\/es\/machine\/ef-500-easy-fold\/#breadcrumb\",\"itemListElement\":[{\"@type\":\"ListItem\",\"position\":1,\"name\":\"M\u00e1quinas\",\"item\":\"https:\/\/www.brighigroup.com\/es\/maquinas\/\"},{\"@type\":\"ListItem\",\"position\":2,\"name\":\"EF-500 EASY FOLD\"}]},{\"@type\":\"WebSite\",\"@id\":\"https:\/\/www.brighigroup.com\/es\/#website\",\"url\":\"https:\/\/www.brighigroup.com\/es\/\",\"name\":\"Brighi Group\",\"description\":\"Home textile e di prodotti imbottiti per il design d&#039;arredo tramandando l&#039;innovazione come cultura d&#039;impresa.\",\"potentialAction\":[{\"@type\":\"SearchAction\",\"target\":{\"@type\":\"EntryPoint\",\"urlTemplate\":\"https:\/\/www.brighigroup.com\/es\/?s={search_term_string}\"},\"query-input\":{\"@type\":\"PropertyValueSpecification\",\"valueRequired\":true,\"valueName\":\"search_term_string\"}}],\"inLanguage\":\"es\"}]}<\/script>\n<!-- \/ Yoast SEO plugin. -->","yoast_head_json":{"title":"M\u00e1quina para doblar edredones - Brighi Group","description":"M\u00e1quina para doblar edredones autom\u00e1ticamente y seg\u00fan diferentes esquemas que se pueden elegir y configurar en la pantalla t\u00e1ctil.","robots":{"index":"index","follow":"follow","max-snippet":"max-snippet:-1","max-image-preview":"max-image-preview:large","max-video-preview":"max-video-preview:-1"},"canonical":"https:\/\/www.brighigroup.com\/es\/machine\/ef-500-easy-fold\/","og_locale":"es_ES","og_type":"article","og_title":"M\u00e1quina para doblar edredones - Brighi Group","og_description":"M\u00e1quina para doblar edredones autom\u00e1ticamente y seg\u00fan diferentes esquemas que se pueden elegir y configurar en la pantalla t\u00e1ctil.","og_url":"https:\/\/www.brighigroup.com\/es\/machine\/ef-500-easy-fold\/","og_site_name":"Brighi Group","article_modified_time":"2024-05-14T07:14:08+00:00","og_image":[{"width":1920,"height":1280,"url":"https:\/\/www.brighigroup.com\/wp-content\/uploads\/2021\/11\/EF-500-EASY-FOLD.jpg","type":"image\/jpeg"}],"twitter_card":"summary_large_image","twitter_misc":{"Tiempo de lectura":"1 minuto"},"schema":{"@context":"https:\/\/schema.org","@graph":[{"@type":"WebPage","@id":"https:\/\/www.brighigroup.com\/es\/machine\/ef-500-easy-fold\/","url":"https:\/\/www.brighigroup.com\/es\/machine\/ef-500-easy-fold\/","name":"M\u00e1quina para doblar edredones - Brighi Group","isPartOf":{"@id":"https:\/\/www.brighigroup.com\/es\/#website"},"primaryImageOfPage":{"@id":"https:\/\/www.brighigroup.com\/es\/machine\/ef-500-easy-fold\/#primaryimage"},"image":{"@id":"https:\/\/www.brighigroup.com\/es\/machine\/ef-500-easy-fold\/#primaryimage"},"thumbnailUrl":"https:\/\/www.brighigroup.com\/wp-content\/uploads\/2021\/11\/EF-500-EASY-FOLD.jpg","datePublished":"2021-11-30T09:56:24+00:00","dateModified":"2024-05-14T07:14:08+00:00","description":"M\u00e1quina para doblar edredones autom\u00e1ticamente y seg\u00fan diferentes esquemas que se pueden elegir y configurar en la pantalla t\u00e1ctil.","breadcrumb":{"@id":"https:\/\/www.brighigroup.com\/es\/machine\/ef-500-easy-fold\/#breadcrumb"},"inLanguage":"es","potentialAction":[{"@type":"ReadAction","target":["https:\/\/www.brighigroup.com\/es\/machine\/ef-500-easy-fold\/"]}]},{"@type":"ImageObject","inLanguage":"es","@id":"https:\/\/www.brighigroup.com\/es\/machine\/ef-500-easy-fold\/#primaryimage","url":"https:\/\/www.brighigroup.com\/wp-content\/uploads\/2021\/11\/EF-500-EASY-FOLD.jpg","contentUrl":"https:\/\/www.brighigroup.com\/wp-content\/uploads\/2021\/11\/EF-500-EASY-FOLD.jpg","width":1920,"height":1280},{"@type":"BreadcrumbList","@id":"https:\/\/www.brighigroup.com\/es\/machine\/ef-500-easy-fold\/#breadcrumb","itemListElement":[{"@type":"ListItem","position":1,"name":"M\u00e1quinas","item":"https:\/\/www.brighigroup.com\/es\/maquinas\/"},{"@type":"ListItem","position":2,"name":"EF-500 EASY FOLD"}]},{"@type":"WebSite","@id":"https:\/\/www.brighigroup.com\/es\/#website","url":"https:\/\/www.brighigroup.com\/es\/","name":"Brighi Group","description":"Home textile e di prodotti imbottiti per il design d&#039;arredo tramandando l&#039;innovazione come cultura d&#039;impresa.","potentialAction":[{"@type":"SearchAction","target":{"@type":"EntryPoint","urlTemplate":"https:\/\/www.brighigroup.com\/es\/?s={search_term_string}"},"query-input":{"@type":"PropertyValueSpecification","valueRequired":true,"valueName":"search_term_string"}}],"inLanguage":"es"}]}},"_links":{"self":[{"href":"https:\/\/www.brighigroup.com\/es\/wp-json\/wp\/v2\/product\/6405","targetHints":{"allow":["GET"]}}],"collection":[{"href":"https:\/\/www.brighigroup.com\/es\/wp-json\/wp\/v2\/product"}],"about":[{"href":"https:\/\/www.brighigroup.com\/es\/wp-json\/wp\/v2\/types\/product"}],"wp:featuredmedia":[{"embeddable":true,"href":"https:\/\/www.brighigroup.com\/es\/wp-json\/wp\/v2\/media\/6096"}],"wp:attachment":[{"href":"https:\/\/www.brighigroup.com\/es\/wp-json\/wp\/v2\/media?parent=6405"}],"wp:term":[{"taxonomy":"product_cat","embeddable":true,"href":"https:\/\/www.brighigroup.com\/es\/wp-json\/wp\/v2\/product_cat?post=6405"},{"taxonomy":"product_tag","embeddable":true,"href":"https:\/\/www.brighigroup.com\/es\/wp-json\/wp\/v2\/product_tag?post=6405"}],"curies":[{"name":"wp","href":"https:\/\/api.w.org\/{rel}","templated":true}]}}