{"id":6404,"date":"2024-08-30T10:30:14","date_gmt":"2021-11-30T09:58:14","guid":{"rendered":"https:\/\/www.brighigroup.com\/machine\/er-500-easy-roll\/"},"modified":"2024-05-14T12:00:55","modified_gmt":"2024-05-14T10:00:55","slug":"er-500-easy-roll","status":"publish","type":"product","link":"https:\/\/www.brighigroup.com\/es\/machine\/er-500-easy-roll\/","title":{"rendered":"ER-500 EASY ROLL"},"content":{"rendered":"<h2>M<strong>\u00e1<\/strong>quina enrolladora autom\u00e1tica de almohadas<\/h2>\n<p><strong>M\u00e1quina totalmente autom\u00e1tica para el embalaje enrollado de almohadas<\/strong>. La almohadas entra en la m\u00e1quina por la cinta de alimentaci\u00f3n hasta que llega a la estaci\u00f3n de enrollado. La unidad de enrollado de tipo \u201crev\u00f3lver\u201d es el fulcro de la eficiencia de la m\u00e1quina: mientras <strong>una unidad enrolla el producto<\/strong>, la otra est\u00e1 en posici\u00f3n de expulsi\u00f3n para que <strong>la almohada enrollada se pueda embolsar<\/strong>. La m\u00e1quina tiene un m\u00f3dulo integrado para crear una bolsa tras otra, formada a partir de una bobina tubular que se sella t\u00e9rmicamente por el fondo. Un robot toma autom\u00e1ticamente la bolsa lista, la abre con los dedos y la coloca sobre el porta-almohada para el proceso de embolsado. En este punto, la almohada embolsada se descarga en una cinta transportadora especial con bandejas y se transfiere a la estaci\u00f3n de <strong>compresi\u00f3n y termosellado final<\/strong>, donde el embalaje se completa y descarga para su empaquetado.<\/p>\n<p>Descubre tambi\u00e9n nuestra versi\u00f3n semi-autom\u00e1tica: <a href=\"https:\/\/www.brighigroup.com\/es\/machine\/er-400-easy-roll\/\">ER-400<\/a><\/p>\n<p>&nbsp;<\/p>\n<p><iframe title=\"Automatic Pillow Rollpacking Machine mod. ER-500 EASY ROLL\" width=\"800\" height=\"450\" src=\"https:\/\/www.youtube-nocookie.com\/embed\/SdqtupnmVXQ?feature=oembed\" frameborder=\"0\" allow=\"accelerometer; autoplay; clipboard-write; encrypted-media; gyroscope; picture-in-picture\" allowfullscreen><\/iframe><\/p>\n<p><iframe title=\"Automatic Roll Packaging Machine mod. ER-500 EASY ROLL\" width=\"800\" height=\"450\" src=\"https:\/\/www.youtube-nocookie.com\/embed\/3I0oDK7YPLk?feature=oembed\" frameborder=\"0\" allow=\"accelerometer; autoplay; clipboard-write; encrypted-media; gyroscope; picture-in-picture\" allowfullscreen><\/iframe><\/p>\n<p>&nbsp;<\/p>\n<p><strong>LO QUE SE PUEDE EMBOLSAR<\/strong><\/p>\n<p>Cojines, almohadas, edredones, sacos de dormir<\/p>\n<p><strong>TIPOS DE BOLSAS<\/strong><\/p>\n<p>Bolsas creadas a partir del desenrollador integrado.<\/p>\n<p><strong>PUNTOS FUERTES<\/strong><\/p>\n<ul>\n<li><strong>Dispositivo de inserci\u00f3n de folleto<\/strong> dise\u00f1ado espec\u00edficamente para colocar el folleto sobre el coj\u00edn antes de enrollarlo tal y como exigen las marcas m\u00e1s importantes. Hay disponible una unidad de repuesto para lograr un aut\u00e9ntico proceso ininterrumpido.<\/li>\n<li><strong>Excelente sistema de sellado t\u00e9rmico: <\/strong>alambre de sellado, alambre de recorte de bolsa, sistema de desgarro del exceso de pl\u00e1stico, sistema de aspiraci\u00f3n y reciclaje de los residuos de pl\u00e1stico.<\/li>\n<li><strong>Desenrollado del rollo tubular y sistema de colocaci\u00f3n de bolsa independientes <\/strong>para lograr unas mejores prestaciones, especialmente con bolsas de gran formato.<\/li>\n<li><strong>Impresora en l\u00ednea <\/strong>para imprimir directamente fecha\/lote\/hora en la bolsa durante su formaci\u00f3n en el desenrollador.<\/li>\n<li><strong>Gesti\u00f3n simplificada: <\/strong>panel de control con pantalla t\u00e1ctil para la gesti\u00f3n autom\u00e1tica de todos los par\u00e1metros y ajustes mec\u00e1nicos, con introducci\u00f3n y gesti\u00f3n de las recetas con las caracter\u00edsticas del producto\/material.<\/li>\n<li><strong>Flexibilidad: <\/strong>la m\u00e1quina procesa una amplia gama de materiales y bolsas sin necesidad de ajustes mec\u00e1nicos.<\/li>\n<li><strong>Cualquier material de llenado: <\/strong>no existen restricciones en cuanto al tipo de llenado de las almohadas.<\/li>\n<\/ul>\n","protected":false},"excerpt":{"rendered":"<h6>M\u00e1quina enrolladora autom\u00e1tica para almohadas<\/h6>\n","protected":false},"featured_media":6201,"template":"","meta":{"_acf_changed":false},"product_cat":[143,131,133,130,132,134],"product_tag":[310,302,305],"class_list":{"0":"post-6404","1":"product","2":"type-product","3":"status-publish","4":"has-post-thumbnail","6":"product_cat-embalaje","7":"product_cat-linea-de-almohadas-cardadas","8":"product_cat-linea-de-almohadas-de-latex-almohdas-de-espuma-y-de-espuma-triturada","9":"product_cat-linea-de-almohadas-sopladas","10":"product_cat-linea-de-cojines-decorativos-para-sillas-y-exterior","11":"product_cat-linea-de-edredones","12":"product_tag-almohadas-de-espuma-y-latex","13":"product_tag-almohadas-y-cojines-de-fibra-cardada-enrollada","14":"product_tag-almohadas-y-cojines-soplados","16":"first","17":"instock","18":"shipping-taxable","19":"product-type-simple"},"acf":[],"yoast_head":"<!-- This site is optimized with the Yoast SEO plugin v24.2 - https:\/\/yoast.com\/wordpress\/plugins\/seo\/ -->\n<title>Enrolladora autom\u00e1tica de almohadas - Brighi Group<\/title>\n<meta name=\"description\" content=\"M\u00e1quina enrolladora autom\u00e1tica de almohadas, cojines, edredones y sacos de dormir con estaci\u00f3n de compresi\u00f3n y termosellado final.\" \/>\n<meta name=\"robots\" content=\"index, follow, max-snippet:-1, max-image-preview:large, max-video-preview:-1\" \/>\n<link rel=\"canonical\" href=\"https:\/\/www.brighigroup.com\/es\/machine\/er-500-easy-roll\/\" \/>\n<meta property=\"og:locale\" content=\"es_ES\" \/>\n<meta property=\"og:type\" content=\"article\" \/>\n<meta property=\"og:title\" content=\"Enrolladora autom\u00e1tica de almohadas - Brighi Group\" \/>\n<meta property=\"og:description\" content=\"M\u00e1quina enrolladora autom\u00e1tica de almohadas, cojines, edredones y sacos de dormir con estaci\u00f3n de compresi\u00f3n y termosellado final.\" \/>\n<meta property=\"og:url\" content=\"https:\/\/www.brighigroup.com\/es\/machine\/er-500-easy-roll\/\" \/>\n<meta property=\"og:site_name\" content=\"Brighi Group\" \/>\n<meta property=\"article:modified_time\" content=\"2024-05-14T10:00:55+00:00\" \/>\n<meta property=\"og:image\" content=\"https:\/\/www.brighigroup.com\/wp-content\/uploads\/2021\/11\/ER-500-EASY-ROLL.jpg\" \/>\n\t<meta property=\"og:image:width\" content=\"1920\" \/>\n\t<meta property=\"og:image:height\" content=\"1280\" \/>\n\t<meta property=\"og:image:type\" content=\"image\/jpeg\" \/>\n<meta name=\"twitter:card\" content=\"summary_large_image\" \/>\n<meta name=\"twitter:label1\" content=\"Tiempo de lectura\" \/>\n\t<meta name=\"twitter:data1\" content=\"2 minutos\" \/>\n<script type=\"application\/ld+json\" class=\"yoast-schema-graph\">{\"@context\":\"https:\/\/schema.org\",\"@graph\":[{\"@type\":\"WebPage\",\"@id\":\"https:\/\/www.brighigroup.com\/es\/machine\/er-500-easy-roll\/\",\"url\":\"https:\/\/www.brighigroup.com\/es\/machine\/er-500-easy-roll\/\",\"name\":\"Enrolladora autom\u00e1tica de almohadas - Brighi Group\",\"isPartOf\":{\"@id\":\"https:\/\/www.brighigroup.com\/es\/#website\"},\"primaryImageOfPage\":{\"@id\":\"https:\/\/www.brighigroup.com\/es\/machine\/er-500-easy-roll\/#primaryimage\"},\"image\":{\"@id\":\"https:\/\/www.brighigroup.com\/es\/machine\/er-500-easy-roll\/#primaryimage\"},\"thumbnailUrl\":\"https:\/\/www.brighigroup.com\/wp-content\/uploads\/2021\/11\/ER-500-EASY-ROLL.jpg\",\"datePublished\":\"2021-11-30T09:58:14+00:00\",\"dateModified\":\"2024-05-14T10:00:55+00:00\",\"description\":\"M\u00e1quina enrolladora autom\u00e1tica de almohadas, cojines, edredones y sacos de dormir con estaci\u00f3n de compresi\u00f3n y termosellado final.\",\"breadcrumb\":{\"@id\":\"https:\/\/www.brighigroup.com\/es\/machine\/er-500-easy-roll\/#breadcrumb\"},\"inLanguage\":\"es\",\"potentialAction\":[{\"@type\":\"ReadAction\",\"target\":[\"https:\/\/www.brighigroup.com\/es\/machine\/er-500-easy-roll\/\"]}]},{\"@type\":\"ImageObject\",\"inLanguage\":\"es\",\"@id\":\"https:\/\/www.brighigroup.com\/es\/machine\/er-500-easy-roll\/#primaryimage\",\"url\":\"https:\/\/www.brighigroup.com\/wp-content\/uploads\/2021\/11\/ER-500-EASY-ROLL.jpg\",\"contentUrl\":\"https:\/\/www.brighigroup.com\/wp-content\/uploads\/2021\/11\/ER-500-EASY-ROLL.jpg\",\"width\":1920,\"height\":1280},{\"@type\":\"BreadcrumbList\",\"@id\":\"https:\/\/www.brighigroup.com\/es\/machine\/er-500-easy-roll\/#breadcrumb\",\"itemListElement\":[{\"@type\":\"ListItem\",\"position\":1,\"name\":\"M\u00e1quinas\",\"item\":\"https:\/\/www.brighigroup.com\/es\/maquinas\/\"},{\"@type\":\"ListItem\",\"position\":2,\"name\":\"ER-500 EASY ROLL\"}]},{\"@type\":\"WebSite\",\"@id\":\"https:\/\/www.brighigroup.com\/es\/#website\",\"url\":\"https:\/\/www.brighigroup.com\/es\/\",\"name\":\"Brighi Group\",\"description\":\"Home textile e di prodotti imbottiti per il design d&#039;arredo tramandando l&#039;innovazione come cultura d&#039;impresa.\",\"potentialAction\":[{\"@type\":\"SearchAction\",\"target\":{\"@type\":\"EntryPoint\",\"urlTemplate\":\"https:\/\/www.brighigroup.com\/es\/?s={search_term_string}\"},\"query-input\":{\"@type\":\"PropertyValueSpecification\",\"valueRequired\":true,\"valueName\":\"search_term_string\"}}],\"inLanguage\":\"es\"}]}<\/script>\n<!-- \/ Yoast SEO plugin. -->","yoast_head_json":{"title":"Enrolladora autom\u00e1tica de almohadas - Brighi Group","description":"M\u00e1quina enrolladora autom\u00e1tica de almohadas, cojines, edredones y sacos de dormir con estaci\u00f3n de compresi\u00f3n y termosellado final.","robots":{"index":"index","follow":"follow","max-snippet":"max-snippet:-1","max-image-preview":"max-image-preview:large","max-video-preview":"max-video-preview:-1"},"canonical":"https:\/\/www.brighigroup.com\/es\/machine\/er-500-easy-roll\/","og_locale":"es_ES","og_type":"article","og_title":"Enrolladora autom\u00e1tica de almohadas - Brighi Group","og_description":"M\u00e1quina enrolladora autom\u00e1tica de almohadas, cojines, edredones y sacos de dormir con estaci\u00f3n de compresi\u00f3n y termosellado final.","og_url":"https:\/\/www.brighigroup.com\/es\/machine\/er-500-easy-roll\/","og_site_name":"Brighi Group","article_modified_time":"2024-05-14T10:00:55+00:00","og_image":[{"width":1920,"height":1280,"url":"https:\/\/www.brighigroup.com\/wp-content\/uploads\/2021\/11\/ER-500-EASY-ROLL.jpg","type":"image\/jpeg"}],"twitter_card":"summary_large_image","twitter_misc":{"Tiempo de lectura":"2 minutos"},"schema":{"@context":"https:\/\/schema.org","@graph":[{"@type":"WebPage","@id":"https:\/\/www.brighigroup.com\/es\/machine\/er-500-easy-roll\/","url":"https:\/\/www.brighigroup.com\/es\/machine\/er-500-easy-roll\/","name":"Enrolladora autom\u00e1tica de almohadas - Brighi Group","isPartOf":{"@id":"https:\/\/www.brighigroup.com\/es\/#website"},"primaryImageOfPage":{"@id":"https:\/\/www.brighigroup.com\/es\/machine\/er-500-easy-roll\/#primaryimage"},"image":{"@id":"https:\/\/www.brighigroup.com\/es\/machine\/er-500-easy-roll\/#primaryimage"},"thumbnailUrl":"https:\/\/www.brighigroup.com\/wp-content\/uploads\/2021\/11\/ER-500-EASY-ROLL.jpg","datePublished":"2021-11-30T09:58:14+00:00","dateModified":"2024-05-14T10:00:55+00:00","description":"M\u00e1quina enrolladora autom\u00e1tica de almohadas, cojines, edredones y sacos de dormir con estaci\u00f3n de compresi\u00f3n y termosellado final.","breadcrumb":{"@id":"https:\/\/www.brighigroup.com\/es\/machine\/er-500-easy-roll\/#breadcrumb"},"inLanguage":"es","potentialAction":[{"@type":"ReadAction","target":["https:\/\/www.brighigroup.com\/es\/machine\/er-500-easy-roll\/"]}]},{"@type":"ImageObject","inLanguage":"es","@id":"https:\/\/www.brighigroup.com\/es\/machine\/er-500-easy-roll\/#primaryimage","url":"https:\/\/www.brighigroup.com\/wp-content\/uploads\/2021\/11\/ER-500-EASY-ROLL.jpg","contentUrl":"https:\/\/www.brighigroup.com\/wp-content\/uploads\/2021\/11\/ER-500-EASY-ROLL.jpg","width":1920,"height":1280},{"@type":"BreadcrumbList","@id":"https:\/\/www.brighigroup.com\/es\/machine\/er-500-easy-roll\/#breadcrumb","itemListElement":[{"@type":"ListItem","position":1,"name":"M\u00e1quinas","item":"https:\/\/www.brighigroup.com\/es\/maquinas\/"},{"@type":"ListItem","position":2,"name":"ER-500 EASY ROLL"}]},{"@type":"WebSite","@id":"https:\/\/www.brighigroup.com\/es\/#website","url":"https:\/\/www.brighigroup.com\/es\/","name":"Brighi Group","description":"Home textile e di prodotti imbottiti per il design d&#039;arredo tramandando l&#039;innovazione come cultura d&#039;impresa.","potentialAction":[{"@type":"SearchAction","target":{"@type":"EntryPoint","urlTemplate":"https:\/\/www.brighigroup.com\/es\/?s={search_term_string}"},"query-input":{"@type":"PropertyValueSpecification","valueRequired":true,"valueName":"search_term_string"}}],"inLanguage":"es"}]}},"_links":{"self":[{"href":"https:\/\/www.brighigroup.com\/es\/wp-json\/wp\/v2\/product\/6404","targetHints":{"allow":["GET"]}}],"collection":[{"href":"https:\/\/www.brighigroup.com\/es\/wp-json\/wp\/v2\/product"}],"about":[{"href":"https:\/\/www.brighigroup.com\/es\/wp-json\/wp\/v2\/types\/product"}],"wp:featuredmedia":[{"embeddable":true,"href":"https:\/\/www.brighigroup.com\/es\/wp-json\/wp\/v2\/media\/6201"}],"wp:attachment":[{"href":"https:\/\/www.brighigroup.com\/es\/wp-json\/wp\/v2\/media?parent=6404"}],"wp:term":[{"taxonomy":"product_cat","embeddable":true,"href":"https:\/\/www.brighigroup.com\/es\/wp-json\/wp\/v2\/product_cat?post=6404"},{"taxonomy":"product_tag","embeddable":true,"href":"https:\/\/www.brighigroup.com\/es\/wp-json\/wp\/v2\/product_tag?post=6404"}],"curies":[{"name":"wp","href":"https:\/\/api.w.org\/{rel}","templated":true}]}}