{"id":6403,"date":"2022-05-01T11:00:46","date_gmt":"2021-11-30T10:02:46","guid":{"rendered":"https:\/\/www.brighigroup.com\/machine\/lf-100\/"},"modified":"2025-09-17T12:24:21","modified_gmt":"2025-09-17T10:24:21","slug":"lf-100","status":"publish","type":"product","link":"https:\/\/www.brighigroup.com\/es\/machine\/lf-100\/","title":{"rendered":"LF-100"},"content":{"rendered":"<h2>M\u00e1quina semiautom\u00e1tica de compresi\u00f3n y termosellado<\/h2>\n<p>La m\u00e1quina semiautom\u00e1tica de compresi\u00f3n y termosellado mod.<strong> LF-100<\/strong> es un m\u00f3dulo independiente para <strong>comprimir y termosellar bolsas y sacos de cojines y edredones<\/strong>. El operador coloca el producto embolsado en el interior de la m\u00e1quina la cual se activa mediante el mando de pedal. La placa superior baja para <strong>comprimir gradualmente el paquete<\/strong> y, a continuaci\u00f3n, la barra de sellado de doble hilo <strong>sella t\u00e9rmicamente la bolsa<\/strong> y <strong>elimina el exceso de pl\u00e1stico<\/strong>. La pantalla t\u00e1ctil permite personalizar y guardar recetas para diferentes art\u00edculos y todos sus par\u00e1metros relacionados, como el nivel de compresi\u00f3n y la opci\u00f3n de exclusi\u00f3n del sellado.<\/p>\n<p>Descubra tambi\u00e9n como embolsar sus productos antes de comprimirlos y termosellarlos <a href=\"https:\/\/www.brighigroup.com\/es\/machine\/hf-100\/\">https:\/\/www.brighigroup.com\/es\/machine\/hf-100\/<\/a><\/p>\n<p><iframe title=\"Compressing and Sealing Machine mod. LF-100\" width=\"800\" height=\"450\" src=\"https:\/\/www.youtube-nocookie.com\/embed\/t7OxVdoRvYQ?feature=oembed\" frameborder=\"0\" allow=\"accelerometer; autoplay; clipboard-write; encrypted-media; gyroscope; picture-in-picture; web-share\" referrerpolicy=\"strict-origin-when-cross-origin\" allowfullscreen><\/iframe><\/p>\n<p><strong>LO QUE SE PUEDE COMPRIMIR O SOLDAR<\/strong><\/p>\n<p>Cojines, almohadas, incluyendo apilados, edredones doblados, ropa, etc.<\/p>\n<p><strong>BOLSAS QUE SE PUEDEN UTILIZAR<\/strong><\/p>\n<p>Bolsas individuales, planas o con asas<\/p>\n<p><strong>PUNTOS FUERTES<\/strong><\/p>\n<ul>\n<li><strong>Control de temperatura de la barra de sellado: <\/strong>gesti\u00f3n electr\u00f3nica de la barra de sellado de doble hilo para obtener la m\u00e1xima flexibilidad con una gran variedad de materiales.<\/li>\n<li><strong>Actualizaci\u00f3n a la versi\u00f3n XL <\/strong>para gestionar una amplia gama de productos (hasta 140cm \/ 55in de longitud). Incluye modificaciones mec\u00e1nicas en los componentes y en la estructura de la m\u00e1quina y una actualizaci\u00f3n del software.<\/li>\n<li><strong>Varias almohadas en una bolsa: <\/strong>embolsado m\u00faltiple en una \u00fanica bolsa para optimizar el espacio y compresi\u00f3n hasta 0.<\/li>\n<li><strong>Tutti i materiali di riempimento: <\/strong>no existen restricciones en cuanto al tipo de llenado de las almohadas.<\/li>\n<li><strong>Gesti\u00f3n simplificada: <\/strong>panel de control con pantalla t\u00e1ctil para la gesti\u00f3n autom\u00e1tica de todos los par\u00e1metros y ajustes mec\u00e1nicos, con introducci\u00f3n y gesti\u00f3n de las recetas con las caracter\u00edsticas del producto\/material.<\/li>\n<li><strong>Flexibilidad: <\/strong>la m\u00e1quina procesa una amplia gama de bolsas sin necesidad de ajustes mec\u00e1nicos.<\/li>\n<\/ul>\n","protected":false},"excerpt":{"rendered":"<h6>M\u00e1quina semiautom\u00e1tica con compresi\u00f3n ajustable y termosellado<\/h6>\n","protected":false},"featured_media":6131,"template":"","meta":{"_acf_changed":false},"product_cat":[143,135,131,133,130,132,134,137,136],"product_tag":[321,310,302,305,325],"class_list":{"0":"post-6403","1":"product","2":"type-product","3":"status-publish","4":"has-post-thumbnail","6":"product_cat-embalaje","7":"product_cat-linea-de-acolchados-para-sofas","8":"product_cat-linea-de-almohadas-cardadas","9":"product_cat-linea-de-almohadas-de-latex-almohdas-de-espuma-y-de-espuma-triturada","10":"product_cat-linea-de-almohadas-sopladas","11":"product_cat-linea-de-cojines-decorativos-para-sillas-y-exterior","12":"product_cat-linea-de-edredones","13":"product_cat-linea-de-llenado-para-juguetes-cama-de-mascotas-varios-articulos-acolchados","14":"product_cat-linea-de-procesamiento-de-materias-primas-y-reciclaje-de-residuos","15":"product_tag-alfombras","16":"product_tag-almohadas-de-espuma-y-latex","17":"product_tag-almohadas-y-cojines-de-fibra-cardada-enrollada","18":"product_tag-almohadas-y-cojines-soplados","19":"product_tag-edredones","21":"first","22":"instock","23":"shipping-taxable","24":"product-type-simple"},"acf":[],"yoast_head":"<!-- This site is optimized with the Yoast SEO plugin v24.2 - https:\/\/yoast.com\/wordpress\/plugins\/seo\/ -->\n<title>M\u00e1quina semiautom\u00e1tica de compresi\u00f3n y termosellado - Brighi Group<\/title>\n<meta name=\"description\" content=\"La m\u00e1quina semiautom\u00e1tica de compresi\u00f3n y termosellado mod. LF-100 es un m\u00f3dulo para comprimir y termosellar bolsas y sacos de cojines y edredones\" \/>\n<meta name=\"robots\" content=\"index, follow, max-snippet:-1, max-image-preview:large, max-video-preview:-1\" \/>\n<link rel=\"canonical\" href=\"https:\/\/www.brighigroup.com\/es\/machine\/lf-100\/\" \/>\n<meta property=\"og:locale\" content=\"es_ES\" \/>\n<meta property=\"og:type\" content=\"article\" \/>\n<meta property=\"og:title\" content=\"M\u00e1quina semiautom\u00e1tica de compresi\u00f3n y termosellado - Brighi Group\" \/>\n<meta property=\"og:description\" content=\"La m\u00e1quina semiautom\u00e1tica de compresi\u00f3n y termosellado mod. LF-100 es un m\u00f3dulo para comprimir y termosellar bolsas y sacos de cojines y edredones\" \/>\n<meta property=\"og:url\" content=\"https:\/\/www.brighigroup.com\/es\/machine\/lf-100\/\" \/>\n<meta property=\"og:site_name\" content=\"Brighi Group\" \/>\n<meta property=\"article:modified_time\" content=\"2025-09-17T10:24:21+00:00\" \/>\n<meta property=\"og:image\" content=\"https:\/\/www.brighigroup.com\/wp-content\/uploads\/2021\/11\/LF-100.jpg\" \/>\n\t<meta property=\"og:image:width\" content=\"1920\" \/>\n\t<meta property=\"og:image:height\" content=\"1280\" \/>\n\t<meta property=\"og:image:type\" content=\"image\/jpeg\" \/>\n<meta name=\"twitter:card\" content=\"summary_large_image\" \/>\n<meta name=\"twitter:label1\" content=\"Tiempo de lectura\" \/>\n\t<meta name=\"twitter:data1\" content=\"2 minutos\" \/>\n<script type=\"application\/ld+json\" class=\"yoast-schema-graph\">{\"@context\":\"https:\/\/schema.org\",\"@graph\":[{\"@type\":\"WebPage\",\"@id\":\"https:\/\/www.brighigroup.com\/es\/machine\/lf-100\/\",\"url\":\"https:\/\/www.brighigroup.com\/es\/machine\/lf-100\/\",\"name\":\"M\u00e1quina semiautom\u00e1tica de compresi\u00f3n y termosellado - Brighi Group\",\"isPartOf\":{\"@id\":\"https:\/\/www.brighigroup.com\/es\/#website\"},\"primaryImageOfPage\":{\"@id\":\"https:\/\/www.brighigroup.com\/es\/machine\/lf-100\/#primaryimage\"},\"image\":{\"@id\":\"https:\/\/www.brighigroup.com\/es\/machine\/lf-100\/#primaryimage\"},\"thumbnailUrl\":\"https:\/\/www.brighigroup.com\/wp-content\/uploads\/2021\/11\/LF-100.jpg\",\"datePublished\":\"2021-11-30T10:02:46+00:00\",\"dateModified\":\"2025-09-17T10:24:21+00:00\",\"description\":\"La m\u00e1quina semiautom\u00e1tica de compresi\u00f3n y termosellado mod. LF-100 es un m\u00f3dulo para comprimir y termosellar bolsas y sacos de cojines y edredones\",\"breadcrumb\":{\"@id\":\"https:\/\/www.brighigroup.com\/es\/machine\/lf-100\/#breadcrumb\"},\"inLanguage\":\"es\",\"potentialAction\":[{\"@type\":\"ReadAction\",\"target\":[\"https:\/\/www.brighigroup.com\/es\/machine\/lf-100\/\"]}]},{\"@type\":\"ImageObject\",\"inLanguage\":\"es\",\"@id\":\"https:\/\/www.brighigroup.com\/es\/machine\/lf-100\/#primaryimage\",\"url\":\"https:\/\/www.brighigroup.com\/wp-content\/uploads\/2021\/11\/LF-100.jpg\",\"contentUrl\":\"https:\/\/www.brighigroup.com\/wp-content\/uploads\/2021\/11\/LF-100.jpg\",\"width\":1920,\"height\":1280},{\"@type\":\"BreadcrumbList\",\"@id\":\"https:\/\/www.brighigroup.com\/es\/machine\/lf-100\/#breadcrumb\",\"itemListElement\":[{\"@type\":\"ListItem\",\"position\":1,\"name\":\"M\u00e1quinas\",\"item\":\"https:\/\/www.brighigroup.com\/es\/maquinas\/\"},{\"@type\":\"ListItem\",\"position\":2,\"name\":\"LF-100\"}]},{\"@type\":\"WebSite\",\"@id\":\"https:\/\/www.brighigroup.com\/es\/#website\",\"url\":\"https:\/\/www.brighigroup.com\/es\/\",\"name\":\"Brighi Group\",\"description\":\"Home textile e di prodotti imbottiti per il design d&#039;arredo tramandando l&#039;innovazione come cultura d&#039;impresa.\",\"potentialAction\":[{\"@type\":\"SearchAction\",\"target\":{\"@type\":\"EntryPoint\",\"urlTemplate\":\"https:\/\/www.brighigroup.com\/es\/?s={search_term_string}\"},\"query-input\":{\"@type\":\"PropertyValueSpecification\",\"valueRequired\":true,\"valueName\":\"search_term_string\"}}],\"inLanguage\":\"es\"}]}<\/script>\n<!-- \/ Yoast SEO plugin. -->","yoast_head_json":{"title":"M\u00e1quina semiautom\u00e1tica de compresi\u00f3n y termosellado - Brighi Group","description":"La m\u00e1quina semiautom\u00e1tica de compresi\u00f3n y termosellado mod. LF-100 es un m\u00f3dulo para comprimir y termosellar bolsas y sacos de cojines y edredones","robots":{"index":"index","follow":"follow","max-snippet":"max-snippet:-1","max-image-preview":"max-image-preview:large","max-video-preview":"max-video-preview:-1"},"canonical":"https:\/\/www.brighigroup.com\/es\/machine\/lf-100\/","og_locale":"es_ES","og_type":"article","og_title":"M\u00e1quina semiautom\u00e1tica de compresi\u00f3n y termosellado - Brighi Group","og_description":"La m\u00e1quina semiautom\u00e1tica de compresi\u00f3n y termosellado mod. LF-100 es un m\u00f3dulo para comprimir y termosellar bolsas y sacos de cojines y edredones","og_url":"https:\/\/www.brighigroup.com\/es\/machine\/lf-100\/","og_site_name":"Brighi Group","article_modified_time":"2025-09-17T10:24:21+00:00","og_image":[{"width":1920,"height":1280,"url":"https:\/\/www.brighigroup.com\/wp-content\/uploads\/2021\/11\/LF-100.jpg","type":"image\/jpeg"}],"twitter_card":"summary_large_image","twitter_misc":{"Tiempo de lectura":"2 minutos"},"schema":{"@context":"https:\/\/schema.org","@graph":[{"@type":"WebPage","@id":"https:\/\/www.brighigroup.com\/es\/machine\/lf-100\/","url":"https:\/\/www.brighigroup.com\/es\/machine\/lf-100\/","name":"M\u00e1quina semiautom\u00e1tica de compresi\u00f3n y termosellado - Brighi Group","isPartOf":{"@id":"https:\/\/www.brighigroup.com\/es\/#website"},"primaryImageOfPage":{"@id":"https:\/\/www.brighigroup.com\/es\/machine\/lf-100\/#primaryimage"},"image":{"@id":"https:\/\/www.brighigroup.com\/es\/machine\/lf-100\/#primaryimage"},"thumbnailUrl":"https:\/\/www.brighigroup.com\/wp-content\/uploads\/2021\/11\/LF-100.jpg","datePublished":"2021-11-30T10:02:46+00:00","dateModified":"2025-09-17T10:24:21+00:00","description":"La m\u00e1quina semiautom\u00e1tica de compresi\u00f3n y termosellado mod. LF-100 es un m\u00f3dulo para comprimir y termosellar bolsas y sacos de cojines y edredones","breadcrumb":{"@id":"https:\/\/www.brighigroup.com\/es\/machine\/lf-100\/#breadcrumb"},"inLanguage":"es","potentialAction":[{"@type":"ReadAction","target":["https:\/\/www.brighigroup.com\/es\/machine\/lf-100\/"]}]},{"@type":"ImageObject","inLanguage":"es","@id":"https:\/\/www.brighigroup.com\/es\/machine\/lf-100\/#primaryimage","url":"https:\/\/www.brighigroup.com\/wp-content\/uploads\/2021\/11\/LF-100.jpg","contentUrl":"https:\/\/www.brighigroup.com\/wp-content\/uploads\/2021\/11\/LF-100.jpg","width":1920,"height":1280},{"@type":"BreadcrumbList","@id":"https:\/\/www.brighigroup.com\/es\/machine\/lf-100\/#breadcrumb","itemListElement":[{"@type":"ListItem","position":1,"name":"M\u00e1quinas","item":"https:\/\/www.brighigroup.com\/es\/maquinas\/"},{"@type":"ListItem","position":2,"name":"LF-100"}]},{"@type":"WebSite","@id":"https:\/\/www.brighigroup.com\/es\/#website","url":"https:\/\/www.brighigroup.com\/es\/","name":"Brighi Group","description":"Home textile e di prodotti imbottiti per il design d&#039;arredo tramandando l&#039;innovazione come cultura d&#039;impresa.","potentialAction":[{"@type":"SearchAction","target":{"@type":"EntryPoint","urlTemplate":"https:\/\/www.brighigroup.com\/es\/?s={search_term_string}"},"query-input":{"@type":"PropertyValueSpecification","valueRequired":true,"valueName":"search_term_string"}}],"inLanguage":"es"}]}},"_links":{"self":[{"href":"https:\/\/www.brighigroup.com\/es\/wp-json\/wp\/v2\/product\/6403","targetHints":{"allow":["GET"]}}],"collection":[{"href":"https:\/\/www.brighigroup.com\/es\/wp-json\/wp\/v2\/product"}],"about":[{"href":"https:\/\/www.brighigroup.com\/es\/wp-json\/wp\/v2\/types\/product"}],"wp:featuredmedia":[{"embeddable":true,"href":"https:\/\/www.brighigroup.com\/es\/wp-json\/wp\/v2\/media\/6131"}],"wp:attachment":[{"href":"https:\/\/www.brighigroup.com\/es\/wp-json\/wp\/v2\/media?parent=6403"}],"wp:term":[{"taxonomy":"product_cat","embeddable":true,"href":"https:\/\/www.brighigroup.com\/es\/wp-json\/wp\/v2\/product_cat?post=6403"},{"taxonomy":"product_tag","embeddable":true,"href":"https:\/\/www.brighigroup.com\/es\/wp-json\/wp\/v2\/product_tag?post=6403"}],"curies":[{"name":"wp","href":"https:\/\/api.w.org\/{rel}","templated":true}]}}