{"id":6402,"date":"2021-02-01T11:00:16","date_gmt":"2021-11-30T10:03:16","guid":{"rendered":"https:\/\/www.brighigroup.com\/machine\/sh-100\/"},"modified":"2024-05-14T09:35:25","modified_gmt":"2024-05-14T07:35:25","slug":"sh-100","status":"publish","type":"product","link":"https:\/\/www.brighigroup.com\/es\/machine\/sh-100\/","title":{"rendered":"SH-100"},"content":{"rendered":"<h2>M\u00e1quina agitadora de almohadas<\/h2>\n<p>La m\u00e1quina agitadora de almohadas mod. SH-100 est\u00e1 dise\u00f1ada para <strong>sacudir los cojines y almohadas despu\u00e9s de llenarlos<\/strong> con materias primas a granel o fibras cardadas. El coj\u00edn se pinza por el fondo, donde normalmente se acumula el material despu\u00e9s del proceso de llenado y se sacude para <strong>distribuir homog\u00e9neamente el relleno<\/strong> y poder llenar de forma eficaz las 4 esquinas a fin de obtener un producto m\u00e1s voluminoso y homog\u00e9neo. La cantidad y la intensidad de los golpes se pueden configurar en la pantalla t\u00e1ctil de la m\u00e1quina y guardar como receta para futuras elaboraciones.<\/p>\n<p><strong>LO QUE SE PUEDE SACUDIR<\/strong><\/p>\n<p>Cojines y almohadas con relleno soplado o cardado.<\/p>\n<p><strong>PUNTOS FUERTES<\/strong><\/p>\n<ul>\n<li><strong>Dispositivo de protecci\u00f3n:<\/strong> gracias a los dispositivos de protecci\u00f3n en los puntos de sujeci\u00f3n, los productos tratados no sufren ning\u00fan tipo de da\u00f1o. En nuestro proyecto hemos reproducido la misma acci\u00f3n realizada manualmente por el operador.<\/li>\n<li><strong>Fuerza y n\u00famero de golpes: <\/strong>los dos par\u00e1metros pueden regularse seg\u00fan las caracter\u00edsticas del material de relleno, del peso y del tama\u00f1o de la almohada para obtener un resultado excelente.<\/li>\n<li><strong>Actualizaci\u00f3n a la versi\u00f3n XL <\/strong>para gestionar una amplia gama de productos (hasta 140cm \/ 55in de longitud).<\/li>\n<li><strong>Gesti\u00f3n simplificada: <\/strong>panel de control con pantalla t\u00e1ctil para la gesti\u00f3n autom\u00e1tica de todos los par\u00e1metros y ajustes mec\u00e1nicos, con introducci\u00f3n y gesti\u00f3n de las recetas con las caracter\u00edsticas del producto\/material.<\/li>\n<li><strong>Flexibilidad: <\/strong>la m\u00e1quina procesa una amplia gama de materiales sin necesidad de ajustes mec\u00e1nicos.<\/li>\n<li><strong>Cualquier material de llenado: <\/strong>no existen restricciones en cuanto al tipo de llenado de las almohadas.<\/li>\n<\/ul>\n","protected":false},"excerpt":{"rendered":"<h6>M\u00e1quina agitadora de almohadas<\/h6>\n","protected":false},"featured_media":6095,"template":"","meta":{"_acf_changed":false},"product_cat":[140,131,130,132],"product_tag":[302,305],"class_list":{"0":"post-6402","1":"product","2":"type-product","3":"status-publish","4":"has-post-thumbnail","6":"product_cat-gestion-de-la-manipulacion-para-el-embalaje-y-la-logistica","7":"product_cat-linea-de-almohadas-cardadas","8":"product_cat-linea-de-almohadas-sopladas","9":"product_cat-linea-de-cojines-decorativos-para-sillas-y-exterior","10":"product_tag-almohadas-y-cojines-de-fibra-cardada-enrollada","11":"product_tag-almohadas-y-cojines-soplados","13":"first","14":"instock","15":"shipping-taxable","16":"product-type-simple"},"acf":[],"yoast_head":"<!-- This site is optimized with the Yoast SEO plugin v24.2 - https:\/\/yoast.com\/wordpress\/plugins\/seo\/ -->\n<title>M\u00e1quina agitadora de almohadas - Brighi Group<\/title>\n<meta name=\"description\" content=\"La m\u00e1quina agitadora de almohadas est\u00e1 dise\u00f1ada para sacudir los cojines y almohadas despu\u00e9s de llenarlos con materias primas a granel o fibras cardadas para distribuir homog\u00e9neamente el relleno\" \/>\n<meta name=\"robots\" content=\"index, follow, max-snippet:-1, max-image-preview:large, max-video-preview:-1\" \/>\n<link rel=\"canonical\" href=\"https:\/\/www.brighigroup.com\/es\/machine\/sh-100\/\" \/>\n<meta property=\"og:locale\" content=\"es_ES\" \/>\n<meta property=\"og:type\" content=\"article\" \/>\n<meta property=\"og:title\" content=\"M\u00e1quina agitadora de almohadas - Brighi Group\" \/>\n<meta property=\"og:description\" content=\"La m\u00e1quina agitadora de almohadas est\u00e1 dise\u00f1ada para sacudir los cojines y almohadas despu\u00e9s de llenarlos con materias primas a granel o fibras cardadas para distribuir homog\u00e9neamente el relleno\" \/>\n<meta property=\"og:url\" content=\"https:\/\/www.brighigroup.com\/es\/machine\/sh-100\/\" \/>\n<meta property=\"og:site_name\" content=\"Brighi Group\" \/>\n<meta property=\"article:modified_time\" content=\"2024-05-14T07:35:25+00:00\" \/>\n<meta property=\"og:image\" content=\"https:\/\/www.brighigroup.com\/wp-content\/uploads\/2021\/11\/SH-100-1.jpg\" \/>\n\t<meta property=\"og:image:width\" content=\"1920\" \/>\n\t<meta property=\"og:image:height\" content=\"1280\" \/>\n\t<meta property=\"og:image:type\" content=\"image\/jpeg\" \/>\n<meta name=\"twitter:card\" content=\"summary_large_image\" \/>\n<meta name=\"twitter:label1\" content=\"Tiempo de lectura\" \/>\n\t<meta name=\"twitter:data1\" content=\"1 minuto\" \/>\n<script type=\"application\/ld+json\" class=\"yoast-schema-graph\">{\"@context\":\"https:\/\/schema.org\",\"@graph\":[{\"@type\":\"WebPage\",\"@id\":\"https:\/\/www.brighigroup.com\/es\/machine\/sh-100\/\",\"url\":\"https:\/\/www.brighigroup.com\/es\/machine\/sh-100\/\",\"name\":\"M\u00e1quina agitadora de almohadas - Brighi Group\",\"isPartOf\":{\"@id\":\"https:\/\/www.brighigroup.com\/es\/#website\"},\"primaryImageOfPage\":{\"@id\":\"https:\/\/www.brighigroup.com\/es\/machine\/sh-100\/#primaryimage\"},\"image\":{\"@id\":\"https:\/\/www.brighigroup.com\/es\/machine\/sh-100\/#primaryimage\"},\"thumbnailUrl\":\"https:\/\/www.brighigroup.com\/wp-content\/uploads\/2021\/11\/SH-100-1.jpg\",\"datePublished\":\"2021-11-30T10:03:16+00:00\",\"dateModified\":\"2024-05-14T07:35:25+00:00\",\"description\":\"La m\u00e1quina agitadora de almohadas est\u00e1 dise\u00f1ada para sacudir los cojines y almohadas despu\u00e9s de llenarlos con materias primas a granel o fibras cardadas para distribuir homog\u00e9neamente el relleno\",\"breadcrumb\":{\"@id\":\"https:\/\/www.brighigroup.com\/es\/machine\/sh-100\/#breadcrumb\"},\"inLanguage\":\"es\",\"potentialAction\":[{\"@type\":\"ReadAction\",\"target\":[\"https:\/\/www.brighigroup.com\/es\/machine\/sh-100\/\"]}]},{\"@type\":\"ImageObject\",\"inLanguage\":\"es\",\"@id\":\"https:\/\/www.brighigroup.com\/es\/machine\/sh-100\/#primaryimage\",\"url\":\"https:\/\/www.brighigroup.com\/wp-content\/uploads\/2021\/11\/SH-100-1.jpg\",\"contentUrl\":\"https:\/\/www.brighigroup.com\/wp-content\/uploads\/2021\/11\/SH-100-1.jpg\",\"width\":1920,\"height\":1280},{\"@type\":\"BreadcrumbList\",\"@id\":\"https:\/\/www.brighigroup.com\/es\/machine\/sh-100\/#breadcrumb\",\"itemListElement\":[{\"@type\":\"ListItem\",\"position\":1,\"name\":\"M\u00e1quinas\",\"item\":\"https:\/\/www.brighigroup.com\/es\/maquinas\/\"},{\"@type\":\"ListItem\",\"position\":2,\"name\":\"SH-100\"}]},{\"@type\":\"WebSite\",\"@id\":\"https:\/\/www.brighigroup.com\/es\/#website\",\"url\":\"https:\/\/www.brighigroup.com\/es\/\",\"name\":\"Brighi Group\",\"description\":\"Home textile e di prodotti imbottiti per il design d&#039;arredo tramandando l&#039;innovazione come cultura d&#039;impresa.\",\"potentialAction\":[{\"@type\":\"SearchAction\",\"target\":{\"@type\":\"EntryPoint\",\"urlTemplate\":\"https:\/\/www.brighigroup.com\/es\/?s={search_term_string}\"},\"query-input\":{\"@type\":\"PropertyValueSpecification\",\"valueRequired\":true,\"valueName\":\"search_term_string\"}}],\"inLanguage\":\"es\"}]}<\/script>\n<!-- \/ Yoast SEO plugin. -->","yoast_head_json":{"title":"M\u00e1quina agitadora de almohadas - Brighi Group","description":"La m\u00e1quina agitadora de almohadas est\u00e1 dise\u00f1ada para sacudir los cojines y almohadas despu\u00e9s de llenarlos con materias primas a granel o fibras cardadas para distribuir homog\u00e9neamente el relleno","robots":{"index":"index","follow":"follow","max-snippet":"max-snippet:-1","max-image-preview":"max-image-preview:large","max-video-preview":"max-video-preview:-1"},"canonical":"https:\/\/www.brighigroup.com\/es\/machine\/sh-100\/","og_locale":"es_ES","og_type":"article","og_title":"M\u00e1quina agitadora de almohadas - Brighi Group","og_description":"La m\u00e1quina agitadora de almohadas est\u00e1 dise\u00f1ada para sacudir los cojines y almohadas despu\u00e9s de llenarlos con materias primas a granel o fibras cardadas para distribuir homog\u00e9neamente el relleno","og_url":"https:\/\/www.brighigroup.com\/es\/machine\/sh-100\/","og_site_name":"Brighi Group","article_modified_time":"2024-05-14T07:35:25+00:00","og_image":[{"width":1920,"height":1280,"url":"https:\/\/www.brighigroup.com\/wp-content\/uploads\/2021\/11\/SH-100-1.jpg","type":"image\/jpeg"}],"twitter_card":"summary_large_image","twitter_misc":{"Tiempo de lectura":"1 minuto"},"schema":{"@context":"https:\/\/schema.org","@graph":[{"@type":"WebPage","@id":"https:\/\/www.brighigroup.com\/es\/machine\/sh-100\/","url":"https:\/\/www.brighigroup.com\/es\/machine\/sh-100\/","name":"M\u00e1quina agitadora de almohadas - Brighi Group","isPartOf":{"@id":"https:\/\/www.brighigroup.com\/es\/#website"},"primaryImageOfPage":{"@id":"https:\/\/www.brighigroup.com\/es\/machine\/sh-100\/#primaryimage"},"image":{"@id":"https:\/\/www.brighigroup.com\/es\/machine\/sh-100\/#primaryimage"},"thumbnailUrl":"https:\/\/www.brighigroup.com\/wp-content\/uploads\/2021\/11\/SH-100-1.jpg","datePublished":"2021-11-30T10:03:16+00:00","dateModified":"2024-05-14T07:35:25+00:00","description":"La m\u00e1quina agitadora de almohadas est\u00e1 dise\u00f1ada para sacudir los cojines y almohadas despu\u00e9s de llenarlos con materias primas a granel o fibras cardadas para distribuir homog\u00e9neamente el relleno","breadcrumb":{"@id":"https:\/\/www.brighigroup.com\/es\/machine\/sh-100\/#breadcrumb"},"inLanguage":"es","potentialAction":[{"@type":"ReadAction","target":["https:\/\/www.brighigroup.com\/es\/machine\/sh-100\/"]}]},{"@type":"ImageObject","inLanguage":"es","@id":"https:\/\/www.brighigroup.com\/es\/machine\/sh-100\/#primaryimage","url":"https:\/\/www.brighigroup.com\/wp-content\/uploads\/2021\/11\/SH-100-1.jpg","contentUrl":"https:\/\/www.brighigroup.com\/wp-content\/uploads\/2021\/11\/SH-100-1.jpg","width":1920,"height":1280},{"@type":"BreadcrumbList","@id":"https:\/\/www.brighigroup.com\/es\/machine\/sh-100\/#breadcrumb","itemListElement":[{"@type":"ListItem","position":1,"name":"M\u00e1quinas","item":"https:\/\/www.brighigroup.com\/es\/maquinas\/"},{"@type":"ListItem","position":2,"name":"SH-100"}]},{"@type":"WebSite","@id":"https:\/\/www.brighigroup.com\/es\/#website","url":"https:\/\/www.brighigroup.com\/es\/","name":"Brighi Group","description":"Home textile e di prodotti imbottiti per il design d&#039;arredo tramandando l&#039;innovazione come cultura d&#039;impresa.","potentialAction":[{"@type":"SearchAction","target":{"@type":"EntryPoint","urlTemplate":"https:\/\/www.brighigroup.com\/es\/?s={search_term_string}"},"query-input":{"@type":"PropertyValueSpecification","valueRequired":true,"valueName":"search_term_string"}}],"inLanguage":"es"}]}},"_links":{"self":[{"href":"https:\/\/www.brighigroup.com\/es\/wp-json\/wp\/v2\/product\/6402","targetHints":{"allow":["GET"]}}],"collection":[{"href":"https:\/\/www.brighigroup.com\/es\/wp-json\/wp\/v2\/product"}],"about":[{"href":"https:\/\/www.brighigroup.com\/es\/wp-json\/wp\/v2\/types\/product"}],"wp:featuredmedia":[{"embeddable":true,"href":"https:\/\/www.brighigroup.com\/es\/wp-json\/wp\/v2\/media\/6095"}],"wp:attachment":[{"href":"https:\/\/www.brighigroup.com\/es\/wp-json\/wp\/v2\/media?parent=6402"}],"wp:term":[{"taxonomy":"product_cat","embeddable":true,"href":"https:\/\/www.brighigroup.com\/es\/wp-json\/wp\/v2\/product_cat?post=6402"},{"taxonomy":"product_tag","embeddable":true,"href":"https:\/\/www.brighigroup.com\/es\/wp-json\/wp\/v2\/product_tag?post=6402"}],"curies":[{"name":"wp","href":"https:\/\/api.w.org\/{rel}","templated":true}]}}