{"id":6398,"date":"2020-11-01T16:00:23","date_gmt":"2021-12-02T15:47:23","guid":{"rendered":"https:\/\/www.brighigroup.com\/machine\/fm-100d\/"},"modified":"2024-07-02T17:32:37","modified_gmt":"2024-07-02T15:32:37","slug":"fm-100","status":"publish","type":"product","link":"https:\/\/www.brighigroup.com\/es\/machine\/fm-100\/","title":{"rendered":"FM-100"},"content":{"rendered":"<h2>Llenadora Manual<\/h2>\n<p>La <strong>llenadora manual<\/strong> mod. FM-100 consta de un <strong>soplador b\u00e1sico<\/strong> adecuado para llenar cojines y almohadas, con un perfil de las aspas dise\u00f1ado espec\u00edficamente para no da\u00f1ar el material de llenado. La m\u00e1quina se <strong>acciona mediante un pedal<\/strong> que activa y detiene el flujo de producto. Est\u00e1 disponible en la versi\u00f3n izquierda y derecha, y tambi\u00e9n hay varios tipos de tubos de llenado disponibles.<\/p>\n<p>Descubra tambi\u00e9n nuestra llenadora semiautom\u00e1tica <a href=\"https:\/\/www.brighigroup.com\/es\/machine\/fw-110\/\">https:\/\/www.brighigroup.com\/es\/machine\/fw-110\/\u00a0<\/a><\/p>\n<p><iframe title=\"Manual Filler mod. FM-100\" width=\"800\" height=\"450\" src=\"https:\/\/www.youtube-nocookie.com\/embed\/qjlY0yAJ3IA?feature=oembed\" frameborder=\"0\" allow=\"accelerometer; autoplay; clipboard-write; encrypted-media; gyroscope; picture-in-picture\" allowfullscreen><\/iframe><\/p>\n<p>&nbsp;<\/p>\n<p><strong>LO QUE SE PUEDE LLENAR<\/strong><\/p>\n<p>Cojines, almohadas, cojines con varios compartimentos, sacos, peluches, camas para mascotas<\/p>\n<p><strong>MATERIALES DE LLENADO QUE SE PUEDEN UTILIZAR<\/strong><\/p>\n<p>Fibra y microfibra de poli\u00e9ster (virgen y reciclado), pluma y plum\u00f3n, espuma triturada, lana y otros materiales naturales, mezclas de todos los materiales anteriores.<\/p>\n<p><strong>PUNTOS FUERTES<\/strong><\/p>\n<ul>\n<li><strong>Flexibilidad:<\/strong> la m\u00e1quina llena una amplia gama de materiales y fundas sin necesidad de ajustes mec\u00e1nicos. Se pueden utilizar fundas no transpirables gracias a los tubos patentados con descarga de aire real.<\/li>\n<li><strong>Cualquier material de llenado:<\/strong> no existen restricciones en cuanto a los materiales de llenado.<\/li>\n<li><strong>Opci\u00f3n mesa de pesaje y display:<\/strong> mesa de trabajo equipada con una celda de carga para pesar el coj\u00edn despu\u00e9s del llenado y permitir cualquier correcci\u00f3n si fuese necesario.<\/li>\n<li><strong>Opci\u00f3n dispositivo de sujeci\u00f3n:<\/strong> el operador puede realizar otras tareas durante el llenado.<\/li>\n<\/ul>\n","protected":false},"excerpt":{"rendered":"<h6>Llenadora Manual<\/h6>\n","protected":false},"featured_media":6130,"template":"","meta":{"_acf_changed":false},"product_cat":[135,130,132,137,136,138,142],"product_tag":[305],"class_list":{"0":"post-6398","1":"product","2":"type-product","3":"status-publish","4":"has-post-thumbnail","6":"product_cat-linea-de-acolchados-para-sofas","7":"product_cat-linea-de-almohadas-sopladas","8":"product_cat-linea-de-cojines-decorativos-para-sillas-y-exterior","9":"product_cat-linea-de-llenado-para-juguetes-cama-de-mascotas-varios-articulos-acolchados","10":"product_cat-linea-de-procesamiento-de-materias-primas-y-reciclaje-de-residuos","11":"product_cat-linea-de-produccion-de-espuma-para-colchones-almohadas-y-sofas","12":"product_cat-llenado-por-soplado","13":"product_tag-almohadas-y-cojines-soplados","15":"first","16":"instock","17":"shipping-taxable","18":"product-type-simple"},"acf":[],"yoast_head":"<!-- This site is optimized with the Yoast SEO plugin v24.2 - https:\/\/yoast.com\/wordpress\/plugins\/seo\/ -->\n<title>Llenadora Manual FM-100 - Brighi Group<\/title>\n<meta name=\"description\" content=\"La llenadora manual mod. FM-100 consta de un soplador b\u00e1sico adecuado para rellenar cojines, almohadas sacos, peluches y camas para mascotas\" \/>\n<meta name=\"robots\" content=\"index, follow, max-snippet:-1, max-image-preview:large, max-video-preview:-1\" \/>\n<link rel=\"canonical\" href=\"https:\/\/www.brighigroup.com\/es\/machine\/fm-100\/\" \/>\n<meta property=\"og:locale\" content=\"es_ES\" \/>\n<meta property=\"og:type\" content=\"article\" \/>\n<meta property=\"og:title\" content=\"Llenadora Manual FM-100 - Brighi Group\" \/>\n<meta property=\"og:description\" content=\"La llenadora manual mod. FM-100 consta de un soplador b\u00e1sico adecuado para rellenar cojines, almohadas sacos, peluches y camas para mascotas\" \/>\n<meta property=\"og:url\" content=\"https:\/\/www.brighigroup.com\/es\/machine\/fm-100\/\" \/>\n<meta property=\"og:site_name\" content=\"Brighi Group\" \/>\n<meta property=\"article:modified_time\" content=\"2024-07-02T15:32:37+00:00\" \/>\n<meta property=\"og:image\" content=\"https:\/\/www.brighigroup.com\/wp-content\/uploads\/2021\/12\/FM-100D.jpg\" \/>\n\t<meta property=\"og:image:width\" content=\"1920\" \/>\n\t<meta property=\"og:image:height\" content=\"1280\" \/>\n\t<meta property=\"og:image:type\" content=\"image\/jpeg\" \/>\n<meta name=\"twitter:card\" content=\"summary_large_image\" \/>\n<meta name=\"twitter:label1\" content=\"Tiempo de lectura\" \/>\n\t<meta name=\"twitter:data1\" content=\"1 minuto\" \/>\n<script type=\"application\/ld+json\" class=\"yoast-schema-graph\">{\"@context\":\"https:\/\/schema.org\",\"@graph\":[{\"@type\":\"WebPage\",\"@id\":\"https:\/\/www.brighigroup.com\/es\/machine\/fm-100\/\",\"url\":\"https:\/\/www.brighigroup.com\/es\/machine\/fm-100\/\",\"name\":\"Llenadora Manual FM-100 - Brighi Group\",\"isPartOf\":{\"@id\":\"https:\/\/www.brighigroup.com\/es\/#website\"},\"primaryImageOfPage\":{\"@id\":\"https:\/\/www.brighigroup.com\/es\/machine\/fm-100\/#primaryimage\"},\"image\":{\"@id\":\"https:\/\/www.brighigroup.com\/es\/machine\/fm-100\/#primaryimage\"},\"thumbnailUrl\":\"https:\/\/www.brighigroup.com\/wp-content\/uploads\/2021\/12\/FM-100D.jpg\",\"datePublished\":\"2021-12-02T15:47:23+00:00\",\"dateModified\":\"2024-07-02T15:32:37+00:00\",\"description\":\"La llenadora manual mod. FM-100 consta de un soplador b\u00e1sico adecuado para rellenar cojines, almohadas sacos, peluches y camas para mascotas\",\"breadcrumb\":{\"@id\":\"https:\/\/www.brighigroup.com\/es\/machine\/fm-100\/#breadcrumb\"},\"inLanguage\":\"es\",\"potentialAction\":[{\"@type\":\"ReadAction\",\"target\":[\"https:\/\/www.brighigroup.com\/es\/machine\/fm-100\/\"]}]},{\"@type\":\"ImageObject\",\"inLanguage\":\"es\",\"@id\":\"https:\/\/www.brighigroup.com\/es\/machine\/fm-100\/#primaryimage\",\"url\":\"https:\/\/www.brighigroup.com\/wp-content\/uploads\/2021\/12\/FM-100D.jpg\",\"contentUrl\":\"https:\/\/www.brighigroup.com\/wp-content\/uploads\/2021\/12\/FM-100D.jpg\",\"width\":1920,\"height\":1280},{\"@type\":\"BreadcrumbList\",\"@id\":\"https:\/\/www.brighigroup.com\/es\/machine\/fm-100\/#breadcrumb\",\"itemListElement\":[{\"@type\":\"ListItem\",\"position\":1,\"name\":\"M\u00e1quinas\",\"item\":\"https:\/\/www.brighigroup.com\/es\/maquinas\/\"},{\"@type\":\"ListItem\",\"position\":2,\"name\":\"FM-100\"}]},{\"@type\":\"WebSite\",\"@id\":\"https:\/\/www.brighigroup.com\/es\/#website\",\"url\":\"https:\/\/www.brighigroup.com\/es\/\",\"name\":\"Brighi Group\",\"description\":\"Home textile e di prodotti imbottiti per il design d&#039;arredo tramandando l&#039;innovazione come cultura d&#039;impresa.\",\"potentialAction\":[{\"@type\":\"SearchAction\",\"target\":{\"@type\":\"EntryPoint\",\"urlTemplate\":\"https:\/\/www.brighigroup.com\/es\/?s={search_term_string}\"},\"query-input\":{\"@type\":\"PropertyValueSpecification\",\"valueRequired\":true,\"valueName\":\"search_term_string\"}}],\"inLanguage\":\"es\"}]}<\/script>\n<!-- \/ Yoast SEO plugin. -->","yoast_head_json":{"title":"Llenadora Manual FM-100 - Brighi Group","description":"La llenadora manual mod. FM-100 consta de un soplador b\u00e1sico adecuado para rellenar cojines, almohadas sacos, peluches y camas para mascotas","robots":{"index":"index","follow":"follow","max-snippet":"max-snippet:-1","max-image-preview":"max-image-preview:large","max-video-preview":"max-video-preview:-1"},"canonical":"https:\/\/www.brighigroup.com\/es\/machine\/fm-100\/","og_locale":"es_ES","og_type":"article","og_title":"Llenadora Manual FM-100 - Brighi Group","og_description":"La llenadora manual mod. FM-100 consta de un soplador b\u00e1sico adecuado para rellenar cojines, almohadas sacos, peluches y camas para mascotas","og_url":"https:\/\/www.brighigroup.com\/es\/machine\/fm-100\/","og_site_name":"Brighi Group","article_modified_time":"2024-07-02T15:32:37+00:00","og_image":[{"width":1920,"height":1280,"url":"https:\/\/www.brighigroup.com\/wp-content\/uploads\/2021\/12\/FM-100D.jpg","type":"image\/jpeg"}],"twitter_card":"summary_large_image","twitter_misc":{"Tiempo de lectura":"1 minuto"},"schema":{"@context":"https:\/\/schema.org","@graph":[{"@type":"WebPage","@id":"https:\/\/www.brighigroup.com\/es\/machine\/fm-100\/","url":"https:\/\/www.brighigroup.com\/es\/machine\/fm-100\/","name":"Llenadora Manual FM-100 - Brighi Group","isPartOf":{"@id":"https:\/\/www.brighigroup.com\/es\/#website"},"primaryImageOfPage":{"@id":"https:\/\/www.brighigroup.com\/es\/machine\/fm-100\/#primaryimage"},"image":{"@id":"https:\/\/www.brighigroup.com\/es\/machine\/fm-100\/#primaryimage"},"thumbnailUrl":"https:\/\/www.brighigroup.com\/wp-content\/uploads\/2021\/12\/FM-100D.jpg","datePublished":"2021-12-02T15:47:23+00:00","dateModified":"2024-07-02T15:32:37+00:00","description":"La llenadora manual mod. FM-100 consta de un soplador b\u00e1sico adecuado para rellenar cojines, almohadas sacos, peluches y camas para mascotas","breadcrumb":{"@id":"https:\/\/www.brighigroup.com\/es\/machine\/fm-100\/#breadcrumb"},"inLanguage":"es","potentialAction":[{"@type":"ReadAction","target":["https:\/\/www.brighigroup.com\/es\/machine\/fm-100\/"]}]},{"@type":"ImageObject","inLanguage":"es","@id":"https:\/\/www.brighigroup.com\/es\/machine\/fm-100\/#primaryimage","url":"https:\/\/www.brighigroup.com\/wp-content\/uploads\/2021\/12\/FM-100D.jpg","contentUrl":"https:\/\/www.brighigroup.com\/wp-content\/uploads\/2021\/12\/FM-100D.jpg","width":1920,"height":1280},{"@type":"BreadcrumbList","@id":"https:\/\/www.brighigroup.com\/es\/machine\/fm-100\/#breadcrumb","itemListElement":[{"@type":"ListItem","position":1,"name":"M\u00e1quinas","item":"https:\/\/www.brighigroup.com\/es\/maquinas\/"},{"@type":"ListItem","position":2,"name":"FM-100"}]},{"@type":"WebSite","@id":"https:\/\/www.brighigroup.com\/es\/#website","url":"https:\/\/www.brighigroup.com\/es\/","name":"Brighi Group","description":"Home textile e di prodotti imbottiti per il design d&#039;arredo tramandando l&#039;innovazione come cultura d&#039;impresa.","potentialAction":[{"@type":"SearchAction","target":{"@type":"EntryPoint","urlTemplate":"https:\/\/www.brighigroup.com\/es\/?s={search_term_string}"},"query-input":{"@type":"PropertyValueSpecification","valueRequired":true,"valueName":"search_term_string"}}],"inLanguage":"es"}]}},"_links":{"self":[{"href":"https:\/\/www.brighigroup.com\/es\/wp-json\/wp\/v2\/product\/6398","targetHints":{"allow":["GET"]}}],"collection":[{"href":"https:\/\/www.brighigroup.com\/es\/wp-json\/wp\/v2\/product"}],"about":[{"href":"https:\/\/www.brighigroup.com\/es\/wp-json\/wp\/v2\/types\/product"}],"wp:featuredmedia":[{"embeddable":true,"href":"https:\/\/www.brighigroup.com\/es\/wp-json\/wp\/v2\/media\/6130"}],"wp:attachment":[{"href":"https:\/\/www.brighigroup.com\/es\/wp-json\/wp\/v2\/media?parent=6398"}],"wp:term":[{"taxonomy":"product_cat","embeddable":true,"href":"https:\/\/www.brighigroup.com\/es\/wp-json\/wp\/v2\/product_cat?post=6398"},{"taxonomy":"product_tag","embeddable":true,"href":"https:\/\/www.brighigroup.com\/es\/wp-json\/wp\/v2\/product_tag?post=6398"}],"curies":[{"name":"wp","href":"https:\/\/api.w.org\/{rel}","templated":true}]}}