{"id":6385,"date":"2017-12-25T09:00:21","date_gmt":"2021-01-25T11:53:21","guid":{"rendered":"https:\/\/www.brighigroup.com\/machine\/cerebro\/"},"modified":"2024-09-05T11:31:22","modified_gmt":"2024-09-05T09:31:22","slug":"cerebro","status":"publish","type":"product","link":"https:\/\/www.brighigroup.com\/es\/machine\/cerebro\/","title":{"rendered":"CEREBRO"},"content":{"rendered":"<p style=\"text-align: justify;\">SOFTWARE DE GESTI\u00d3N DE \u00d3RDENES DE FABRICACI\u00d3N Y PLANIFICACI\u00d3N PARA LA MEJORA DE PROCESOS<\/p>\n<p style=\"text-align: justify;\"><strong>\u00bfQu\u00e9 es Cerebro?<\/strong><\/p>\n<p style=\"text-align: justify;\">Cerebro es el software que gestiona las \u00f3rdenes de producci\u00f3n prioriz\u00e1ndolas y planific\u00e1ndolas, adem\u00e1s de controlar la productividad de la l\u00ednea en tiempo real.<\/p>\n<p style=\"text-align: justify;\"><strong>\u00bfC\u00f3mo funciona?<\/strong><\/p>\n<p style=\"text-align: justify;\">Mediante el an\u00e1lisis de los datos contenidos en la base de datos de materias primas, Cerebro utiliza su algoritmo propietario para sugerir la mejor l\u00ednea de acci\u00f3n para obtener la m\u00e1xima calidad y rendimiento. Tanto los responsables de la suite en l\u00ednea como los operarios sobre el terreno tienen acceso a la informaci\u00f3n y pueden intervenir en caso necesario. Los <strong>datos estrat\u00e9gicos<\/strong> tambi\u00e9n <strong>pueden compartirse directamente con los proveedores<\/strong> para controlar la calidad de las materias primas y garantizar el buen funcionamiento de la cadena de suministro.<\/p>\n<p style=\"text-align: justify;\">Gracias a su <strong>algoritmo propio<\/strong>, Cerebro <strong>genera un programa de producci\u00f3n optimizado<\/strong> en funci\u00f3n de los plazos de los pedidos y de la disponibilidad de recursos. Cuando se crea una orden de producci\u00f3n, Cerebro comprueba autom\u00e1ticamente la disponibilidad de los materiales necesarios y notifica a los responsables y operarios las medidas que deben tomarse. En conjunto, Cerebro act\u00faa como un eje central para la gesti\u00f3n de las operaciones de producci\u00f3n, ofreciendo herramientas completas para agilizar los procesos de producci\u00f3n, garantizar la disponibilidad de materiales y mantener altos est\u00e1ndares de calidad.<\/p>\n<p><iframe title=\"Cerebro - Do More.\" width=\"800\" height=\"450\" src=\"https:\/\/www.youtube-nocookie.com\/embed\/FgVJBPEq5e4?feature=oembed\" frameborder=\"0\" allow=\"accelerometer; autoplay; clipboard-write; encrypted-media; gyroscope; picture-in-picture\" allowfullscreen><\/iframe><\/p>\n<p style=\"text-align: justify;\"><strong>Funciones principales:<\/strong><\/p>\n<ul style=\"text-align: justify;\">\n<li>Programar y priorizar las \u00f3rdenes de producci\u00f3n<\/li>\n<li>Crear pedidos en la base de datos de materias primas<\/li>\n<li>Obtener informaci\u00f3n del asistente virtual<\/li>\n<li>Compartir datos directamente con los proveedores<\/li>\n<li>Establecer y supervisar las normas de calidad<\/li>\n<\/ul>\n<p>&nbsp;<\/p>\n<p style=\"text-align: justify;\"><strong>\u00bfEs Cerebro la mejor opci\u00f3n para usted?<\/strong><\/p>\n<p style=\"text-align: justify;\">\u00bfSigue planificando la producci\u00f3n con hojas de c\u00e1lculo?<\/p>\n<p style=\"text-align: justify;\">\u00bfDesea digitalizar el intercambio de datos?<\/p>\n<p style=\"text-align: justify;\">\u00bfConoce el estado de su pedido en tiempo real?<\/p>\n<p style=\"text-align: justify;\"><a href=\"https:\/\/www.brighigroup.com\/es\/brighi-digital-es\/\">Visite nuestra p\u00e1gina digital y descubra todo el software y las soluciones innovadoras disponibles para su maquinaria.<\/a><\/p>\n","protected":false},"excerpt":{"rendered":"<h6>Software de gesti\u00f3n de \u00f3rdenes de fabricaci\u00f3n y planificaci\u00f3n para la mejora de procesos<\/h6>\n","protected":false},"featured_media":12049,"template":"","meta":{"_acf_changed":false},"product_cat":[139,135,131,133,130,132,134,137,136,138,169],"product_tag":[321,310,302,305,314,330,325,317],"class_list":{"0":"post-6385","1":"product","2":"type-product","3":"status-publish","4":"has-post-thumbnail","6":"product_cat-control-y-gestion","7":"product_cat-linea-de-acolchados-para-sofas","8":"product_cat-linea-de-almohadas-cardadas","9":"product_cat-linea-de-almohadas-de-latex-almohdas-de-espuma-y-de-espuma-triturada","10":"product_cat-linea-de-almohadas-sopladas","11":"product_cat-linea-de-cojines-decorativos-para-sillas-y-exterior","12":"product_cat-linea-de-edredones","13":"product_cat-linea-de-llenado-para-juguetes-cama-de-mascotas-varios-articulos-acolchados","14":"product_cat-linea-de-procesamiento-de-materias-primas-y-reciclaje-de-residuos","15":"product_cat-linea-de-produccion-de-espuma-para-colchones-almohadas-y-sofas","16":"product_cat-linea-de-reciclaje","17":"product_tag-alfombras","18":"product_tag-almohadas-de-espuma-y-latex","19":"product_tag-almohadas-y-cojines-de-fibra-cardada-enrollada","20":"product_tag-almohadas-y-cojines-soplados","21":"product_tag-cojines-de-sofa","22":"product_tag-desechos-de-produccion","23":"product_tag-edredones","24":"product_tag-espuma","26":"first","27":"instock","28":"shipping-taxable","29":"product-type-simple"},"acf":[],"yoast_head":"<!-- This site is optimized with the Yoast SEO plugin v24.2 - https:\/\/yoast.com\/wordpress\/plugins\/seo\/ -->\n<title>CEREBRO - Brighi Group<\/title>\n<meta name=\"description\" content=\"Cerebro es nuestro software que gestiona las \u00f3rdenes de producci\u00f3n y planifica la mejora de los procesos para lograr la m\u00e1xima calidad\" \/>\n<meta name=\"robots\" content=\"index, follow, max-snippet:-1, max-image-preview:large, max-video-preview:-1\" \/>\n<link rel=\"canonical\" href=\"https:\/\/www.brighigroup.com\/es\/machine\/cerebro\/\" \/>\n<meta property=\"og:locale\" content=\"es_ES\" \/>\n<meta property=\"og:type\" content=\"article\" \/>\n<meta property=\"og:title\" content=\"CEREBRO - Brighi Group\" \/>\n<meta property=\"og:description\" content=\"Cerebro es nuestro software que gestiona las \u00f3rdenes de producci\u00f3n y planifica la mejora de los procesos para lograr la m\u00e1xima calidad\" \/>\n<meta property=\"og:url\" content=\"https:\/\/www.brighigroup.com\/es\/machine\/cerebro\/\" \/>\n<meta property=\"og:site_name\" content=\"Brighi Group\" \/>\n<meta property=\"article:modified_time\" content=\"2024-09-05T09:31:22+00:00\" \/>\n<meta property=\"og:image\" content=\"https:\/\/www.brighigroup.com\/wp-content\/uploads\/2021\/01\/Cerebro.jpg\" \/>\n\t<meta property=\"og:image:width\" content=\"1920\" \/>\n\t<meta property=\"og:image:height\" content=\"1280\" \/>\n\t<meta property=\"og:image:type\" content=\"image\/jpeg\" \/>\n<meta name=\"twitter:card\" content=\"summary_large_image\" \/>\n<meta name=\"twitter:label1\" content=\"Tiempo de lectura\" \/>\n\t<meta name=\"twitter:data1\" content=\"2 minutos\" \/>\n<script type=\"application\/ld+json\" class=\"yoast-schema-graph\">{\"@context\":\"https:\/\/schema.org\",\"@graph\":[{\"@type\":\"WebPage\",\"@id\":\"https:\/\/www.brighigroup.com\/es\/machine\/cerebro\/\",\"url\":\"https:\/\/www.brighigroup.com\/es\/machine\/cerebro\/\",\"name\":\"CEREBRO - Brighi Group\",\"isPartOf\":{\"@id\":\"https:\/\/www.brighigroup.com\/es\/#website\"},\"primaryImageOfPage\":{\"@id\":\"https:\/\/www.brighigroup.com\/es\/machine\/cerebro\/#primaryimage\"},\"image\":{\"@id\":\"https:\/\/www.brighigroup.com\/es\/machine\/cerebro\/#primaryimage\"},\"thumbnailUrl\":\"https:\/\/www.brighigroup.com\/wp-content\/uploads\/2021\/01\/Cerebro.jpg\",\"datePublished\":\"2021-01-25T11:53:21+00:00\",\"dateModified\":\"2024-09-05T09:31:22+00:00\",\"description\":\"Cerebro es nuestro software que gestiona las \u00f3rdenes de producci\u00f3n y planifica la mejora de los procesos para lograr la m\u00e1xima calidad\",\"breadcrumb\":{\"@id\":\"https:\/\/www.brighigroup.com\/es\/machine\/cerebro\/#breadcrumb\"},\"inLanguage\":\"es\",\"potentialAction\":[{\"@type\":\"ReadAction\",\"target\":[\"https:\/\/www.brighigroup.com\/es\/machine\/cerebro\/\"]}]},{\"@type\":\"ImageObject\",\"inLanguage\":\"es\",\"@id\":\"https:\/\/www.brighigroup.com\/es\/machine\/cerebro\/#primaryimage\",\"url\":\"https:\/\/www.brighigroup.com\/wp-content\/uploads\/2021\/01\/Cerebro.jpg\",\"contentUrl\":\"https:\/\/www.brighigroup.com\/wp-content\/uploads\/2021\/01\/Cerebro.jpg\",\"width\":1920,\"height\":1280},{\"@type\":\"BreadcrumbList\",\"@id\":\"https:\/\/www.brighigroup.com\/es\/machine\/cerebro\/#breadcrumb\",\"itemListElement\":[{\"@type\":\"ListItem\",\"position\":1,\"name\":\"M\u00e1quinas\",\"item\":\"https:\/\/www.brighigroup.com\/es\/maquinas\/\"},{\"@type\":\"ListItem\",\"position\":2,\"name\":\"CEREBRO\"}]},{\"@type\":\"WebSite\",\"@id\":\"https:\/\/www.brighigroup.com\/es\/#website\",\"url\":\"https:\/\/www.brighigroup.com\/es\/\",\"name\":\"Brighi Group\",\"description\":\"Home textile e di prodotti imbottiti per il design d&#039;arredo tramandando l&#039;innovazione come cultura d&#039;impresa.\",\"potentialAction\":[{\"@type\":\"SearchAction\",\"target\":{\"@type\":\"EntryPoint\",\"urlTemplate\":\"https:\/\/www.brighigroup.com\/es\/?s={search_term_string}\"},\"query-input\":{\"@type\":\"PropertyValueSpecification\",\"valueRequired\":true,\"valueName\":\"search_term_string\"}}],\"inLanguage\":\"es\"}]}<\/script>\n<!-- \/ Yoast SEO plugin. -->","yoast_head_json":{"title":"CEREBRO - Brighi Group","description":"Cerebro es nuestro software que gestiona las \u00f3rdenes de producci\u00f3n y planifica la mejora de los procesos para lograr la m\u00e1xima calidad","robots":{"index":"index","follow":"follow","max-snippet":"max-snippet:-1","max-image-preview":"max-image-preview:large","max-video-preview":"max-video-preview:-1"},"canonical":"https:\/\/www.brighigroup.com\/es\/machine\/cerebro\/","og_locale":"es_ES","og_type":"article","og_title":"CEREBRO - Brighi Group","og_description":"Cerebro es nuestro software que gestiona las \u00f3rdenes de producci\u00f3n y planifica la mejora de los procesos para lograr la m\u00e1xima calidad","og_url":"https:\/\/www.brighigroup.com\/es\/machine\/cerebro\/","og_site_name":"Brighi Group","article_modified_time":"2024-09-05T09:31:22+00:00","og_image":[{"width":1920,"height":1280,"url":"https:\/\/www.brighigroup.com\/wp-content\/uploads\/2021\/01\/Cerebro.jpg","type":"image\/jpeg"}],"twitter_card":"summary_large_image","twitter_misc":{"Tiempo de lectura":"2 minutos"},"schema":{"@context":"https:\/\/schema.org","@graph":[{"@type":"WebPage","@id":"https:\/\/www.brighigroup.com\/es\/machine\/cerebro\/","url":"https:\/\/www.brighigroup.com\/es\/machine\/cerebro\/","name":"CEREBRO - Brighi Group","isPartOf":{"@id":"https:\/\/www.brighigroup.com\/es\/#website"},"primaryImageOfPage":{"@id":"https:\/\/www.brighigroup.com\/es\/machine\/cerebro\/#primaryimage"},"image":{"@id":"https:\/\/www.brighigroup.com\/es\/machine\/cerebro\/#primaryimage"},"thumbnailUrl":"https:\/\/www.brighigroup.com\/wp-content\/uploads\/2021\/01\/Cerebro.jpg","datePublished":"2021-01-25T11:53:21+00:00","dateModified":"2024-09-05T09:31:22+00:00","description":"Cerebro es nuestro software que gestiona las \u00f3rdenes de producci\u00f3n y planifica la mejora de los procesos para lograr la m\u00e1xima calidad","breadcrumb":{"@id":"https:\/\/www.brighigroup.com\/es\/machine\/cerebro\/#breadcrumb"},"inLanguage":"es","potentialAction":[{"@type":"ReadAction","target":["https:\/\/www.brighigroup.com\/es\/machine\/cerebro\/"]}]},{"@type":"ImageObject","inLanguage":"es","@id":"https:\/\/www.brighigroup.com\/es\/machine\/cerebro\/#primaryimage","url":"https:\/\/www.brighigroup.com\/wp-content\/uploads\/2021\/01\/Cerebro.jpg","contentUrl":"https:\/\/www.brighigroup.com\/wp-content\/uploads\/2021\/01\/Cerebro.jpg","width":1920,"height":1280},{"@type":"BreadcrumbList","@id":"https:\/\/www.brighigroup.com\/es\/machine\/cerebro\/#breadcrumb","itemListElement":[{"@type":"ListItem","position":1,"name":"M\u00e1quinas","item":"https:\/\/www.brighigroup.com\/es\/maquinas\/"},{"@type":"ListItem","position":2,"name":"CEREBRO"}]},{"@type":"WebSite","@id":"https:\/\/www.brighigroup.com\/es\/#website","url":"https:\/\/www.brighigroup.com\/es\/","name":"Brighi Group","description":"Home textile e di prodotti imbottiti per il design d&#039;arredo tramandando l&#039;innovazione come cultura d&#039;impresa.","potentialAction":[{"@type":"SearchAction","target":{"@type":"EntryPoint","urlTemplate":"https:\/\/www.brighigroup.com\/es\/?s={search_term_string}"},"query-input":{"@type":"PropertyValueSpecification","valueRequired":true,"valueName":"search_term_string"}}],"inLanguage":"es"}]}},"_links":{"self":[{"href":"https:\/\/www.brighigroup.com\/es\/wp-json\/wp\/v2\/product\/6385","targetHints":{"allow":["GET"]}}],"collection":[{"href":"https:\/\/www.brighigroup.com\/es\/wp-json\/wp\/v2\/product"}],"about":[{"href":"https:\/\/www.brighigroup.com\/es\/wp-json\/wp\/v2\/types\/product"}],"wp:featuredmedia":[{"embeddable":true,"href":"https:\/\/www.brighigroup.com\/es\/wp-json\/wp\/v2\/media\/12049"}],"wp:attachment":[{"href":"https:\/\/www.brighigroup.com\/es\/wp-json\/wp\/v2\/media?parent=6385"}],"wp:term":[{"taxonomy":"product_cat","embeddable":true,"href":"https:\/\/www.brighigroup.com\/es\/wp-json\/wp\/v2\/product_cat?post=6385"},{"taxonomy":"product_tag","embeddable":true,"href":"https:\/\/www.brighigroup.com\/es\/wp-json\/wp\/v2\/product_tag?post=6385"}],"curies":[{"name":"wp","href":"https:\/\/api.w.org\/{rel}","templated":true}]}}