{"id":6384,"date":"2017-12-25T09:10:09","date_gmt":"2021-01-25T11:57:09","guid":{"rendered":"https:\/\/www.brighigroup.com\/machine\/domino\/"},"modified":"2024-09-05T11:30:50","modified_gmt":"2024-09-05T09:30:50","slug":"domino","status":"publish","type":"product","link":"https:\/\/www.brighigroup.com\/es\/machine\/domino\/","title":{"rendered":"DOMINO"},"content":{"rendered":"<p style=\"text-align: justify;\">SOFTWARE DE CONEXI\u00d3N Y CONTROL DE M\u00c1QUINAS PARA LA INSTALACI\u00d3N R\u00c1PIDA DE L\u00cdNEAS<\/p>\n<p style=\"text-align: justify;\"><strong>\u00bfQu\u00e9 es Domino?<\/strong><\/p>\n<p style=\"text-align: justify;\">Domino es el software de conexi\u00f3n y control de m\u00e1quinas y dispositivos en el proceso de producci\u00f3n, gestionando autom\u00e1ticamente las distintas entradas para crear mezclas personalizadas y precisas.<\/p>\n<p style=\"text-align: justify;\"><strong>\u00bfC\u00f3mo funciona?<\/strong><\/p>\n<p style=\"text-align: justify;\">Domino crea un entorno de trabajo \u00fanico a trav\u00e9s del cual puede <strong>gestionar y configurar electr\u00f3nicamente los flujos de l\u00ednea y los par\u00e1metros de las m\u00e1quinas individuales<\/strong> sin tener que acceder f\u00edsicamente a ellas. Recopila datos de cada equipo y los procesa para ponerlos a disposici\u00f3n de los usuarios finales. Domino transforma las m\u00e1quinas individuales en <strong>una l\u00ednea de producci\u00f3n verdaderamente interconectada y eficiente.<\/strong><\/p>\n<p style=\"text-align: justify;\">Domino <strong>gestiona autom\u00e1ticamente los distintos insumos<\/strong>, como plumas, fibras y virutas de espuma, para crear mezclas personalizadas y precisas. De este modo, podr\u00e1 mezclar cient\u00edficamente cualquier material con extrema precisi\u00f3n para evitar cualquier desperdicio.<\/p>\n<p style=\"text-align: justify;\">Podr\u00e1 acceder a esta l\u00ednea virtual a trav\u00e9s de un panel de pantalla t\u00e1ctil donde podr\u00e1 ver y ajustar los datos en funci\u00f3n de sus necesidades de producci\u00f3n. Domino es accesible en cualquier lugar, desde smartphone, tablet o PC.<\/p>\n<p><iframe title=\"DOMINO \u2013 Connects the dots.\" width=\"800\" height=\"450\" src=\"https:\/\/www.youtube-nocookie.com\/embed\/fBQfnrhi77E?feature=oembed\" frameborder=\"0\" allow=\"accelerometer; autoplay; clipboard-write; encrypted-media; gyroscope; picture-in-picture\" allowfullscreen><\/iframe><\/p>\n<p><strong>Funciones principales:<\/strong><\/p>\n<ul>\n<li>Reducci\u00f3n de los tiempos de sustituci\u00f3n<\/li>\n<li>Gesti\u00f3n cient\u00edfica de la mezcla<\/li>\n<li>Ajuste del flujo de producci\u00f3n con un solo clic<\/li>\n<li>Obtenga una visi\u00f3n completa de la l\u00ednea<\/li>\n<li>Establezca recetas para toda la l\u00ednea<\/li>\n<\/ul>\n<p>&nbsp;<\/p>\n<p><strong>\u00bfEs Domino la opci\u00f3n adecuada para usted?<\/strong><\/p>\n<p>Aqu\u00ed tiene una prueba r\u00e1pida para saber si Domino es la opci\u00f3n adecuada para usted<\/p>\n<p>\u00bfLos cambios de producci\u00f3n est\u00e1n acabando con la productividad de su empresa?<\/p>\n<p>\u00bfDesea ahorrar tiempo al cambiar los par\u00e1metros?<\/p>\n<p>\u00bfDesea mejorar la eficacia de su l\u00ednea de producci\u00f3n?<\/p>\n<p style=\"text-align: justify;\"><a href=\"https:\/\/www.brighigroup.com\/es\/brighi-digital-es\/\">Visite nuestra p\u00e1gina digital y descubra todo el software y las soluciones innovadoras disponibles para su maquinaria.<\/a><\/p>\n","protected":false},"excerpt":{"rendered":"<h6>\u00a0Software de conexi\u00f3n y control de m\u00e1quinas para la instalaci\u00f3n r\u00e1pida de l\u00edneas<\/h6>\n<p>&nbsp;<\/p>\n","protected":false},"featured_media":12044,"template":"","meta":{"_acf_changed":false},"product_cat":[139,135,131,133,130,132,134,137,136,138,169],"product_tag":[321,310,302,305,314,330,325,317],"class_list":{"0":"post-6384","1":"product","2":"type-product","3":"status-publish","4":"has-post-thumbnail","6":"product_cat-control-y-gestion","7":"product_cat-linea-de-acolchados-para-sofas","8":"product_cat-linea-de-almohadas-cardadas","9":"product_cat-linea-de-almohadas-de-latex-almohdas-de-espuma-y-de-espuma-triturada","10":"product_cat-linea-de-almohadas-sopladas","11":"product_cat-linea-de-cojines-decorativos-para-sillas-y-exterior","12":"product_cat-linea-de-edredones","13":"product_cat-linea-de-llenado-para-juguetes-cama-de-mascotas-varios-articulos-acolchados","14":"product_cat-linea-de-procesamiento-de-materias-primas-y-reciclaje-de-residuos","15":"product_cat-linea-de-produccion-de-espuma-para-colchones-almohadas-y-sofas","16":"product_cat-linea-de-reciclaje","17":"product_tag-alfombras","18":"product_tag-almohadas-de-espuma-y-latex","19":"product_tag-almohadas-y-cojines-de-fibra-cardada-enrollada","20":"product_tag-almohadas-y-cojines-soplados","21":"product_tag-cojines-de-sofa","22":"product_tag-desechos-de-produccion","23":"product_tag-edredones","24":"product_tag-espuma","26":"first","27":"instock","28":"shipping-taxable","29":"product-type-simple"},"acf":[],"yoast_head":"<!-- This site is optimized with the Yoast SEO plugin v24.2 - https:\/\/yoast.com\/wordpress\/plugins\/seo\/ -->\n<title>DOMINO - Brighi Group<\/title>\n<meta name=\"description\" content=\"Domino es un software de conexi\u00f3n y control de m\u00e1quinas y dispositivos en el proceso de producci\u00f3n, creando un entorno de trabajo \u00fanico\" \/>\n<meta name=\"robots\" content=\"index, follow, max-snippet:-1, max-image-preview:large, max-video-preview:-1\" \/>\n<link rel=\"canonical\" href=\"https:\/\/www.brighigroup.com\/es\/machine\/domino\/\" \/>\n<meta property=\"og:locale\" content=\"es_ES\" \/>\n<meta property=\"og:type\" content=\"article\" \/>\n<meta property=\"og:title\" content=\"DOMINO - Brighi Group\" \/>\n<meta property=\"og:description\" content=\"Domino es un software de conexi\u00f3n y control de m\u00e1quinas y dispositivos en el proceso de producci\u00f3n, creando un entorno de trabajo \u00fanico\" \/>\n<meta property=\"og:url\" content=\"https:\/\/www.brighigroup.com\/es\/machine\/domino\/\" \/>\n<meta property=\"og:site_name\" content=\"Brighi Group\" \/>\n<meta property=\"article:modified_time\" content=\"2024-09-05T09:30:50+00:00\" \/>\n<meta property=\"og:image\" content=\"https:\/\/www.brighigroup.com\/wp-content\/uploads\/2021\/01\/Domino.jpg\" \/>\n\t<meta property=\"og:image:width\" content=\"1920\" \/>\n\t<meta property=\"og:image:height\" content=\"1280\" \/>\n\t<meta property=\"og:image:type\" content=\"image\/jpeg\" \/>\n<meta name=\"twitter:card\" content=\"summary_large_image\" \/>\n<meta name=\"twitter:label1\" content=\"Tiempo de lectura\" \/>\n\t<meta name=\"twitter:data1\" content=\"2 minutos\" \/>\n<script type=\"application\/ld+json\" class=\"yoast-schema-graph\">{\"@context\":\"https:\/\/schema.org\",\"@graph\":[{\"@type\":\"WebPage\",\"@id\":\"https:\/\/www.brighigroup.com\/es\/machine\/domino\/\",\"url\":\"https:\/\/www.brighigroup.com\/es\/machine\/domino\/\",\"name\":\"DOMINO - Brighi Group\",\"isPartOf\":{\"@id\":\"https:\/\/www.brighigroup.com\/es\/#website\"},\"primaryImageOfPage\":{\"@id\":\"https:\/\/www.brighigroup.com\/es\/machine\/domino\/#primaryimage\"},\"image\":{\"@id\":\"https:\/\/www.brighigroup.com\/es\/machine\/domino\/#primaryimage\"},\"thumbnailUrl\":\"https:\/\/www.brighigroup.com\/wp-content\/uploads\/2021\/01\/Domino.jpg\",\"datePublished\":\"2021-01-25T11:57:09+00:00\",\"dateModified\":\"2024-09-05T09:30:50+00:00\",\"description\":\"Domino es un software de conexi\u00f3n y control de m\u00e1quinas y dispositivos en el proceso de producci\u00f3n, creando un entorno de trabajo \u00fanico\",\"breadcrumb\":{\"@id\":\"https:\/\/www.brighigroup.com\/es\/machine\/domino\/#breadcrumb\"},\"inLanguage\":\"es\",\"potentialAction\":[{\"@type\":\"ReadAction\",\"target\":[\"https:\/\/www.brighigroup.com\/es\/machine\/domino\/\"]}]},{\"@type\":\"ImageObject\",\"inLanguage\":\"es\",\"@id\":\"https:\/\/www.brighigroup.com\/es\/machine\/domino\/#primaryimage\",\"url\":\"https:\/\/www.brighigroup.com\/wp-content\/uploads\/2021\/01\/Domino.jpg\",\"contentUrl\":\"https:\/\/www.brighigroup.com\/wp-content\/uploads\/2021\/01\/Domino.jpg\",\"width\":1920,\"height\":1280},{\"@type\":\"BreadcrumbList\",\"@id\":\"https:\/\/www.brighigroup.com\/es\/machine\/domino\/#breadcrumb\",\"itemListElement\":[{\"@type\":\"ListItem\",\"position\":1,\"name\":\"M\u00e1quinas\",\"item\":\"https:\/\/www.brighigroup.com\/es\/maquinas\/\"},{\"@type\":\"ListItem\",\"position\":2,\"name\":\"DOMINO\"}]},{\"@type\":\"WebSite\",\"@id\":\"https:\/\/www.brighigroup.com\/es\/#website\",\"url\":\"https:\/\/www.brighigroup.com\/es\/\",\"name\":\"Brighi Group\",\"description\":\"Home textile e di prodotti imbottiti per il design d&#039;arredo tramandando l&#039;innovazione come cultura d&#039;impresa.\",\"potentialAction\":[{\"@type\":\"SearchAction\",\"target\":{\"@type\":\"EntryPoint\",\"urlTemplate\":\"https:\/\/www.brighigroup.com\/es\/?s={search_term_string}\"},\"query-input\":{\"@type\":\"PropertyValueSpecification\",\"valueRequired\":true,\"valueName\":\"search_term_string\"}}],\"inLanguage\":\"es\"}]}<\/script>\n<!-- \/ Yoast SEO plugin. -->","yoast_head_json":{"title":"DOMINO - Brighi Group","description":"Domino es un software de conexi\u00f3n y control de m\u00e1quinas y dispositivos en el proceso de producci\u00f3n, creando un entorno de trabajo \u00fanico","robots":{"index":"index","follow":"follow","max-snippet":"max-snippet:-1","max-image-preview":"max-image-preview:large","max-video-preview":"max-video-preview:-1"},"canonical":"https:\/\/www.brighigroup.com\/es\/machine\/domino\/","og_locale":"es_ES","og_type":"article","og_title":"DOMINO - Brighi Group","og_description":"Domino es un software de conexi\u00f3n y control de m\u00e1quinas y dispositivos en el proceso de producci\u00f3n, creando un entorno de trabajo \u00fanico","og_url":"https:\/\/www.brighigroup.com\/es\/machine\/domino\/","og_site_name":"Brighi Group","article_modified_time":"2024-09-05T09:30:50+00:00","og_image":[{"width":1920,"height":1280,"url":"https:\/\/www.brighigroup.com\/wp-content\/uploads\/2021\/01\/Domino.jpg","type":"image\/jpeg"}],"twitter_card":"summary_large_image","twitter_misc":{"Tiempo de lectura":"2 minutos"},"schema":{"@context":"https:\/\/schema.org","@graph":[{"@type":"WebPage","@id":"https:\/\/www.brighigroup.com\/es\/machine\/domino\/","url":"https:\/\/www.brighigroup.com\/es\/machine\/domino\/","name":"DOMINO - Brighi Group","isPartOf":{"@id":"https:\/\/www.brighigroup.com\/es\/#website"},"primaryImageOfPage":{"@id":"https:\/\/www.brighigroup.com\/es\/machine\/domino\/#primaryimage"},"image":{"@id":"https:\/\/www.brighigroup.com\/es\/machine\/domino\/#primaryimage"},"thumbnailUrl":"https:\/\/www.brighigroup.com\/wp-content\/uploads\/2021\/01\/Domino.jpg","datePublished":"2021-01-25T11:57:09+00:00","dateModified":"2024-09-05T09:30:50+00:00","description":"Domino es un software de conexi\u00f3n y control de m\u00e1quinas y dispositivos en el proceso de producci\u00f3n, creando un entorno de trabajo \u00fanico","breadcrumb":{"@id":"https:\/\/www.brighigroup.com\/es\/machine\/domino\/#breadcrumb"},"inLanguage":"es","potentialAction":[{"@type":"ReadAction","target":["https:\/\/www.brighigroup.com\/es\/machine\/domino\/"]}]},{"@type":"ImageObject","inLanguage":"es","@id":"https:\/\/www.brighigroup.com\/es\/machine\/domino\/#primaryimage","url":"https:\/\/www.brighigroup.com\/wp-content\/uploads\/2021\/01\/Domino.jpg","contentUrl":"https:\/\/www.brighigroup.com\/wp-content\/uploads\/2021\/01\/Domino.jpg","width":1920,"height":1280},{"@type":"BreadcrumbList","@id":"https:\/\/www.brighigroup.com\/es\/machine\/domino\/#breadcrumb","itemListElement":[{"@type":"ListItem","position":1,"name":"M\u00e1quinas","item":"https:\/\/www.brighigroup.com\/es\/maquinas\/"},{"@type":"ListItem","position":2,"name":"DOMINO"}]},{"@type":"WebSite","@id":"https:\/\/www.brighigroup.com\/es\/#website","url":"https:\/\/www.brighigroup.com\/es\/","name":"Brighi Group","description":"Home textile e di prodotti imbottiti per il design d&#039;arredo tramandando l&#039;innovazione come cultura d&#039;impresa.","potentialAction":[{"@type":"SearchAction","target":{"@type":"EntryPoint","urlTemplate":"https:\/\/www.brighigroup.com\/es\/?s={search_term_string}"},"query-input":{"@type":"PropertyValueSpecification","valueRequired":true,"valueName":"search_term_string"}}],"inLanguage":"es"}]}},"_links":{"self":[{"href":"https:\/\/www.brighigroup.com\/es\/wp-json\/wp\/v2\/product\/6384","targetHints":{"allow":["GET"]}}],"collection":[{"href":"https:\/\/www.brighigroup.com\/es\/wp-json\/wp\/v2\/product"}],"about":[{"href":"https:\/\/www.brighigroup.com\/es\/wp-json\/wp\/v2\/types\/product"}],"wp:featuredmedia":[{"embeddable":true,"href":"https:\/\/www.brighigroup.com\/es\/wp-json\/wp\/v2\/media\/12044"}],"wp:attachment":[{"href":"https:\/\/www.brighigroup.com\/es\/wp-json\/wp\/v2\/media?parent=6384"}],"wp:term":[{"taxonomy":"product_cat","embeddable":true,"href":"https:\/\/www.brighigroup.com\/es\/wp-json\/wp\/v2\/product_cat?post=6384"},{"taxonomy":"product_tag","embeddable":true,"href":"https:\/\/www.brighigroup.com\/es\/wp-json\/wp\/v2\/product_tag?post=6384"}],"curies":[{"name":"wp","href":"https:\/\/api.w.org\/{rel}","templated":true}]}}