{"id":12526,"date":"2022-04-02T10:02:04","date_gmt":"2022-04-02T08:02:04","guid":{"rendered":"https:\/\/www.brighigroup.com\/machine\/ef-600\/"},"modified":"2025-09-17T12:38:54","modified_gmt":"2025-09-17T10:38:54","slug":"ef-600","status":"publish","type":"product","link":"https:\/\/www.brighigroup.com\/es\/machine\/ef-600\/","title":{"rendered":"EF-600"},"content":{"rendered":"<h2><strong>PLEGADORA AUTOM\u00c1TICA DE ALFOMBRAS<\/strong><\/h2>\n<p style=\"text-align: justify\">La EF-600 es nuestra <strong>plegadora autom\u00e1tica de alfombras<\/strong> dise\u00f1ada para plegar alfombras y moquetas de distintos tama\u00f1os, formas y materiales. La m\u00e1quina ofrece <strong>esquemas de plegado personalizables<\/strong> que pueden seleccionarse f\u00e1cilmente a trav\u00e9s de la pantalla t\u00e1ctil, accediendo a la lista de recetas o autom\u00e1ticamente mediante un lector de c\u00f3digos de barras. <strong>El sistema de c\u00f3digo de barras identifica el tipo de alfombra y selecciona el patr\u00f3n de plegado adecuado<\/strong> a partir de una base de datos actualizada, garantizando precisi\u00f3n y eficacia.<\/p>\n<p style=\"text-align: justify\">La plegadora de alfombras puede equiparse con una <strong>funci\u00f3n de desenrollado integrada<\/strong> que simplifica el proceso de inserci\u00f3n. Una vez desenrollada, la alfombra plana se transporta a la zona de plegado longitudinal, donde un sistema de rastrillos y horquillas realiza la serie inicial de pliegues. Tras esta etapa, la alfombra parcialmente plegada pasa a la estaci\u00f3n de plegado en anchura, donde se completa el proceso. A continuaci\u00f3n, l alfombra plegada y comprimida est\u00e1 lista para<strong> la estaci\u00f3n de control de volumen y peso<\/strong>, desde donde sale para ser recogida por el operario o para ser transferida a una empaquetadora <a href=\"https:\/\/www.brighigroup.com\/es\/machine\/eb-500-easy-bag\/\">EB-500<\/a> o <a href=\"https:\/\/www.brighigroup.com\/es\/machine\/eb-400-easy-bag\/\">EB-400.<\/a><\/p>\n<p>Vea tambi\u00e9n nuestra soluci\u00f3n de plegado para colchas y edredones mod. <a href=\"https:\/\/www.brighigroup.com\/es\/machine\/ef-500-easy-fold\/\">EF-500<\/a><\/p>\n<p><iframe title=\"Automatic Rug Folding Machine mod. EF-500\" width=\"800\" height=\"450\" src=\"https:\/\/www.youtube-nocookie.com\/embed\/rYS_gtE9VCU?feature=oembed\" frameborder=\"0\" allow=\"accelerometer; autoplay; clipboard-write; encrypted-media; gyroscope; picture-in-picture; web-share\" referrerpolicy=\"strict-origin-when-cross-origin\" allowfullscreen><\/iframe><\/p>\n<p><iframe title=\"Automatic Folding Machine mod. EF-600\" width=\"800\" height=\"450\" src=\"https:\/\/www.youtube-nocookie.com\/embed\/nSmiutUT0ak?feature=oembed\" frameborder=\"0\" allow=\"accelerometer; autoplay; clipboard-write; encrypted-media; gyroscope; picture-in-picture; web-share\" referrerpolicy=\"strict-origin-when-cross-origin\" allowfullscreen><\/iframe><\/p>\n<p><strong>LO QU\u00c9 SE PUEDE PLEGAR<\/strong><\/p>\n<p>Alfombras y moquetas (de diferentes tama\u00f1os y formas)<\/p>\n<p><strong>CARACTER\u00cdSTICAS PRINCIPALES\u00a0<\/strong><\/p>\n<ul>\n<li style=\"text-align: justify\">S\u00f3lo se necesita <strong>un operario<\/strong> para el proceso de plegado de alfombras.<\/li>\n<li style=\"text-align: justify\"><strong>Plegado de precisi\u00f3n<\/strong> para un producto final de calidad.<\/li>\n<li style=\"text-align: justify\"><strong>Versatilidad<\/strong>: se adapta a una gran variedad de tama\u00f1os, formas y materiales de alfombras.<\/li>\n<li style=\"text-align: justify\"><strong>Gesti\u00f3n simplificada:\u00a0<\/strong>panel de control con pantalla t\u00e1ctil para la gesti\u00f3n autom\u00e1tica de todos los par\u00e1metros y ajustes mec\u00e1nicos, con introducci\u00f3n y gesti\u00f3n de las recetas con las caracter\u00edsticas del producto\/material.<\/li>\n<\/ul>\n<p>&nbsp;<\/p>\n","protected":false},"excerpt":{"rendered":"<h6><strong>Plegadora autom\u00e1tica de alfombras<\/strong><\/h6>\n","protected":false},"featured_media":12521,"template":"","meta":{"_acf_changed":false},"product_cat":[143],"product_tag":[321],"class_list":{"0":"post-12526","1":"product","2":"type-product","3":"status-publish","4":"has-post-thumbnail","6":"product_cat-embalaje","7":"product_tag-alfombras","9":"first","10":"instock","11":"shipping-taxable","12":"product-type-simple"},"acf":[],"yoast_head":"<!-- This site is optimized with the Yoast SEO plugin v24.2 - https:\/\/yoast.com\/wordpress\/plugins\/seo\/ -->\n<title>plegadora autom\u00e1tica de alfombras - Brighi Group<\/title>\n<meta name=\"description\" content=\"La EF-600 es una plegadora autom\u00e1tica de alfombras dise\u00f1ada para alfombras de diferentes formas y materiales, siguiendo patrones de plegado personalizables.\" \/>\n<meta name=\"robots\" content=\"index, follow, max-snippet:-1, max-image-preview:large, max-video-preview:-1\" \/>\n<link rel=\"canonical\" href=\"https:\/\/www.brighigroup.com\/es\/machine\/ef-600\/\" \/>\n<meta property=\"og:locale\" content=\"es_ES\" \/>\n<meta property=\"og:type\" content=\"article\" \/>\n<meta property=\"og:title\" content=\"plegadora autom\u00e1tica de alfombras - Brighi Group\" \/>\n<meta property=\"og:description\" content=\"La EF-600 es una plegadora autom\u00e1tica de alfombras dise\u00f1ada para alfombras de diferentes formas y materiales, siguiendo patrones de plegado personalizables.\" \/>\n<meta property=\"og:url\" content=\"https:\/\/www.brighigroup.com\/es\/machine\/ef-600\/\" \/>\n<meta property=\"og:site_name\" content=\"Brighi Group\" \/>\n<meta property=\"article:modified_time\" content=\"2025-09-17T10:38:54+00:00\" \/>\n<meta property=\"og:image\" content=\"https:\/\/www.brighigroup.com\/wp-content\/uploads\/2024\/09\/EF-600-compressa.jpg\" \/>\n\t<meta property=\"og:image:width\" content=\"10000\" \/>\n\t<meta property=\"og:image:height\" content=\"7085\" \/>\n\t<meta property=\"og:image:type\" content=\"image\/jpeg\" \/>\n<meta name=\"twitter:card\" content=\"summary_large_image\" \/>\n<meta name=\"twitter:label1\" content=\"Tiempo de lectura\" \/>\n\t<meta name=\"twitter:data1\" content=\"2 minutos\" \/>\n<script type=\"application\/ld+json\" class=\"yoast-schema-graph\">{\"@context\":\"https:\/\/schema.org\",\"@graph\":[{\"@type\":\"WebPage\",\"@id\":\"https:\/\/www.brighigroup.com\/es\/machine\/ef-600\/\",\"url\":\"https:\/\/www.brighigroup.com\/es\/machine\/ef-600\/\",\"name\":\"plegadora autom\u00e1tica de alfombras - Brighi Group\",\"isPartOf\":{\"@id\":\"https:\/\/www.brighigroup.com\/es\/#website\"},\"primaryImageOfPage\":{\"@id\":\"https:\/\/www.brighigroup.com\/es\/machine\/ef-600\/#primaryimage\"},\"image\":{\"@id\":\"https:\/\/www.brighigroup.com\/es\/machine\/ef-600\/#primaryimage\"},\"thumbnailUrl\":\"https:\/\/www.brighigroup.com\/wp-content\/uploads\/2024\/09\/EF-600-compressa.jpg\",\"datePublished\":\"2022-04-02T08:02:04+00:00\",\"dateModified\":\"2025-09-17T10:38:54+00:00\",\"description\":\"La EF-600 es una plegadora autom\u00e1tica de alfombras dise\u00f1ada para alfombras de diferentes formas y materiales, siguiendo patrones de plegado personalizables.\",\"breadcrumb\":{\"@id\":\"https:\/\/www.brighigroup.com\/es\/machine\/ef-600\/#breadcrumb\"},\"inLanguage\":\"es\",\"potentialAction\":[{\"@type\":\"ReadAction\",\"target\":[\"https:\/\/www.brighigroup.com\/es\/machine\/ef-600\/\"]}]},{\"@type\":\"ImageObject\",\"inLanguage\":\"es\",\"@id\":\"https:\/\/www.brighigroup.com\/es\/machine\/ef-600\/#primaryimage\",\"url\":\"https:\/\/www.brighigroup.com\/wp-content\/uploads\/2024\/09\/EF-600-compressa.jpg\",\"contentUrl\":\"https:\/\/www.brighigroup.com\/wp-content\/uploads\/2024\/09\/EF-600-compressa.jpg\",\"width\":10000,\"height\":7085},{\"@type\":\"BreadcrumbList\",\"@id\":\"https:\/\/www.brighigroup.com\/es\/machine\/ef-600\/#breadcrumb\",\"itemListElement\":[{\"@type\":\"ListItem\",\"position\":1,\"name\":\"M\u00e1quinas\",\"item\":\"https:\/\/www.brighigroup.com\/es\/maquinas\/\"},{\"@type\":\"ListItem\",\"position\":2,\"name\":\"EF-600\"}]},{\"@type\":\"WebSite\",\"@id\":\"https:\/\/www.brighigroup.com\/es\/#website\",\"url\":\"https:\/\/www.brighigroup.com\/es\/\",\"name\":\"Brighi Group\",\"description\":\"Home textile e di prodotti imbottiti per il design d&#039;arredo tramandando l&#039;innovazione come cultura d&#039;impresa.\",\"potentialAction\":[{\"@type\":\"SearchAction\",\"target\":{\"@type\":\"EntryPoint\",\"urlTemplate\":\"https:\/\/www.brighigroup.com\/es\/?s={search_term_string}\"},\"query-input\":{\"@type\":\"PropertyValueSpecification\",\"valueRequired\":true,\"valueName\":\"search_term_string\"}}],\"inLanguage\":\"es\"}]}<\/script>\n<!-- \/ Yoast SEO plugin. -->","yoast_head_json":{"title":"plegadora autom\u00e1tica de alfombras - Brighi Group","description":"La EF-600 es una plegadora autom\u00e1tica de alfombras dise\u00f1ada para alfombras de diferentes formas y materiales, siguiendo patrones de plegado personalizables.","robots":{"index":"index","follow":"follow","max-snippet":"max-snippet:-1","max-image-preview":"max-image-preview:large","max-video-preview":"max-video-preview:-1"},"canonical":"https:\/\/www.brighigroup.com\/es\/machine\/ef-600\/","og_locale":"es_ES","og_type":"article","og_title":"plegadora autom\u00e1tica de alfombras - Brighi Group","og_description":"La EF-600 es una plegadora autom\u00e1tica de alfombras dise\u00f1ada para alfombras de diferentes formas y materiales, siguiendo patrones de plegado personalizables.","og_url":"https:\/\/www.brighigroup.com\/es\/machine\/ef-600\/","og_site_name":"Brighi Group","article_modified_time":"2025-09-17T10:38:54+00:00","og_image":[{"width":10000,"height":7085,"url":"https:\/\/www.brighigroup.com\/wp-content\/uploads\/2024\/09\/EF-600-compressa.jpg","type":"image\/jpeg"}],"twitter_card":"summary_large_image","twitter_misc":{"Tiempo de lectura":"2 minutos"},"schema":{"@context":"https:\/\/schema.org","@graph":[{"@type":"WebPage","@id":"https:\/\/www.brighigroup.com\/es\/machine\/ef-600\/","url":"https:\/\/www.brighigroup.com\/es\/machine\/ef-600\/","name":"plegadora autom\u00e1tica de alfombras - Brighi Group","isPartOf":{"@id":"https:\/\/www.brighigroup.com\/es\/#website"},"primaryImageOfPage":{"@id":"https:\/\/www.brighigroup.com\/es\/machine\/ef-600\/#primaryimage"},"image":{"@id":"https:\/\/www.brighigroup.com\/es\/machine\/ef-600\/#primaryimage"},"thumbnailUrl":"https:\/\/www.brighigroup.com\/wp-content\/uploads\/2024\/09\/EF-600-compressa.jpg","datePublished":"2022-04-02T08:02:04+00:00","dateModified":"2025-09-17T10:38:54+00:00","description":"La EF-600 es una plegadora autom\u00e1tica de alfombras dise\u00f1ada para alfombras de diferentes formas y materiales, siguiendo patrones de plegado personalizables.","breadcrumb":{"@id":"https:\/\/www.brighigroup.com\/es\/machine\/ef-600\/#breadcrumb"},"inLanguage":"es","potentialAction":[{"@type":"ReadAction","target":["https:\/\/www.brighigroup.com\/es\/machine\/ef-600\/"]}]},{"@type":"ImageObject","inLanguage":"es","@id":"https:\/\/www.brighigroup.com\/es\/machine\/ef-600\/#primaryimage","url":"https:\/\/www.brighigroup.com\/wp-content\/uploads\/2024\/09\/EF-600-compressa.jpg","contentUrl":"https:\/\/www.brighigroup.com\/wp-content\/uploads\/2024\/09\/EF-600-compressa.jpg","width":10000,"height":7085},{"@type":"BreadcrumbList","@id":"https:\/\/www.brighigroup.com\/es\/machine\/ef-600\/#breadcrumb","itemListElement":[{"@type":"ListItem","position":1,"name":"M\u00e1quinas","item":"https:\/\/www.brighigroup.com\/es\/maquinas\/"},{"@type":"ListItem","position":2,"name":"EF-600"}]},{"@type":"WebSite","@id":"https:\/\/www.brighigroup.com\/es\/#website","url":"https:\/\/www.brighigroup.com\/es\/","name":"Brighi Group","description":"Home textile e di prodotti imbottiti per il design d&#039;arredo tramandando l&#039;innovazione come cultura d&#039;impresa.","potentialAction":[{"@type":"SearchAction","target":{"@type":"EntryPoint","urlTemplate":"https:\/\/www.brighigroup.com\/es\/?s={search_term_string}"},"query-input":{"@type":"PropertyValueSpecification","valueRequired":true,"valueName":"search_term_string"}}],"inLanguage":"es"}]}},"_links":{"self":[{"href":"https:\/\/www.brighigroup.com\/es\/wp-json\/wp\/v2\/product\/12526","targetHints":{"allow":["GET"]}}],"collection":[{"href":"https:\/\/www.brighigroup.com\/es\/wp-json\/wp\/v2\/product"}],"about":[{"href":"https:\/\/www.brighigroup.com\/es\/wp-json\/wp\/v2\/types\/product"}],"wp:featuredmedia":[{"embeddable":true,"href":"https:\/\/www.brighigroup.com\/es\/wp-json\/wp\/v2\/media\/12521"}],"wp:attachment":[{"href":"https:\/\/www.brighigroup.com\/es\/wp-json\/wp\/v2\/media?parent=12526"}],"wp:term":[{"taxonomy":"product_cat","embeddable":true,"href":"https:\/\/www.brighigroup.com\/es\/wp-json\/wp\/v2\/product_cat?post=12526"},{"taxonomy":"product_tag","embeddable":true,"href":"https:\/\/www.brighigroup.com\/es\/wp-json\/wp\/v2\/product_tag?post=12526"}],"curies":[{"name":"wp","href":"https:\/\/api.w.org\/{rel}","templated":true}]}}