{"id":12037,"date":"2017-12-25T08:49:47","date_gmt":"2024-06-25T06:54:28","guid":{"rendered":"https:\/\/www.brighigroup.com\/?post_type=product&#038;p=12037"},"modified":"2024-09-05T11:09:09","modified_gmt":"2024-09-05T09:09:09","slug":"nebula","status":"publish","type":"product","link":"https:\/\/www.brighigroup.com\/es\/machine\/nebula\/","title":{"rendered":"NEBULA"},"content":{"rendered":"<p style=\"text-align: justify;\">SOFTWARE PARA INFORMES EXHAUSTIVOS PARA TOMAR DECISIONES BASADAS EN DATOS<\/p>\n<p style=\"text-align: justify;\"><strong>\u00bfQu\u00e9 es Nebula?<\/strong><\/p>\n<p style=\"text-align: justify;\">Nebula es nuestro software para informes exhaustivos que permite visualizar datos de producci\u00f3n y maquinaria en tiempo real para una supervisi\u00f3n continua y una toma de decisiones informada.<\/p>\n<p style=\"text-align: justify;\"><strong>\u00bfC\u00f3mo funciona?<\/strong><\/p>\n<p style=\"text-align: justify;\">Nebula <strong>recopila y procesa datos de equipos y producci\u00f3n<\/strong> con una precisi\u00f3n y eficacia sin precedentes para ponerlos a disposici\u00f3n de los usuarios finales.<br \/>\nDise\u00f1ado para<strong> realizar un seguimiento de m\u00e9tricas cr\u00edticas<\/strong> como el tiempo de inactividad, la OEE y la productividad, Nebula proporciona a las organizaciones informaci\u00f3n valiosa para optimizar el rendimiento. Los cuadros de mando personalizables, los an\u00e1lisis predictivos y las herramientas de colaboraci\u00f3n mejoran a\u00fan m\u00e1s la plataforma, permitiendo a los equipos identificar patrones, optimizar procesos y responder r\u00e1pidamente a los retos emergentes.<br \/>\nLa informaci\u00f3n recopilada y organizada por Nebula se comparte a dos niveles diferentes: en una pantalla en el \u00e1rea de producci\u00f3n, para que los operarios tengan toda la informaci\u00f3n \u00fatil que necesitan al alcance de la mano, y en la aplicaci\u00f3n en forma de informes personalizados que se env\u00edan a los responsables o se comparten con el sistema de gesti\u00f3n (ERP, MES, etc.).<\/p>\n<p style=\"text-align: justify;\">Gracias a las <strong>sugerencias basadas en inteligencia artificial<\/strong> y adaptadas a las preferencias del usuario, Nebula aprende y se adapta continuamente, mejorando la productividad y el tiempo de actividad al tiempo que garantiza los m\u00e1s altos est\u00e1ndares de seguridad para el almacenamiento de datos.<\/p>\n<p><strong>Funciones principales:<\/strong><\/p>\n<ul>\n<li>Visualizaci\u00f3n de datos de producci\u00f3n en tiempo real<\/li>\n<li>Comprobaci\u00f3n de la OEE, el tiempo de actividad y la productividad<\/li>\n<li>Acceso al historial de datos<\/li>\n<li>Conectable a sistemas de gesti\u00f3n empresarial<\/li>\n<\/ul>\n<p><strong>\u00bfEs Nebula la opci\u00f3n adecuada para usted?<\/strong><\/p>\n<p>\u00bfSigue monitorizando la producci\u00f3n con hojas de c\u00e1lculo?<\/p>\n<p>\u00bfNo dispone de datos precisos o utilizables?<\/p>\n<p>\u00bfDispone de un sistema pero es dif\u00edcil de utilizar?<\/p>\n<p style=\"text-align: justify;\"><a href=\"https:\/\/www.brighigroup.com\/es\/brighi-digital-es\/\">Visite nuestra p\u00e1gina digital y descubra todo el software y las soluciones innovadoras disponibles para su maquinaria.<\/a><\/p>\n","protected":false},"excerpt":{"rendered":"<h6>Software para informes exhaustivos y decisiones fundamentadas en datos<\/h6>\n","protected":false},"featured_media":12059,"template":"","meta":{"_acf_changed":false},"product_cat":[139],"product_tag":[321,310,302,305,314,330,325,317],"class_list":{"0":"post-12037","1":"product","2":"type-product","3":"status-publish","4":"has-post-thumbnail","6":"product_cat-control-y-gestion","7":"product_tag-alfombras","8":"product_tag-almohadas-de-espuma-y-latex","9":"product_tag-almohadas-y-cojines-de-fibra-cardada-enrollada","10":"product_tag-almohadas-y-cojines-soplados","11":"product_tag-cojines-de-sofa","12":"product_tag-desechos-de-produccion","13":"product_tag-edredones","14":"product_tag-espuma","16":"first","17":"instock","18":"shipping-taxable","19":"product-type-simple"},"acf":[],"yoast_head":"<!-- This site is optimized with the Yoast SEO plugin v24.2 - https:\/\/yoast.com\/wordpress\/plugins\/seo\/ -->\n<title>NEBULA - Brighi Group<\/title>\n<meta name=\"description\" content=\"Software para informes exhaustivos que permiten tomar decisiones basadas en datos en tiempo real (tiempo de inactividad, OEE y productividad).\" \/>\n<meta name=\"robots\" content=\"index, follow, max-snippet:-1, max-image-preview:large, max-video-preview:-1\" \/>\n<link rel=\"canonical\" href=\"https:\/\/www.brighigroup.com\/es\/machine\/nebula\/\" \/>\n<meta property=\"og:locale\" content=\"es_ES\" \/>\n<meta property=\"og:type\" content=\"article\" \/>\n<meta property=\"og:title\" content=\"NEBULA - Brighi Group\" \/>\n<meta property=\"og:description\" content=\"Software para informes exhaustivos que permiten tomar decisiones basadas en datos en tiempo real (tiempo de inactividad, OEE y productividad).\" \/>\n<meta property=\"og:url\" content=\"https:\/\/www.brighigroup.com\/es\/machine\/nebula\/\" \/>\n<meta property=\"og:site_name\" content=\"Brighi Group\" \/>\n<meta property=\"article:modified_time\" content=\"2024-09-05T09:09:09+00:00\" \/>\n<meta property=\"og:image\" content=\"https:\/\/www.brighigroup.com\/wp-content\/uploads\/2024\/06\/Nebula.jpg\" \/>\n\t<meta property=\"og:image:width\" content=\"1920\" \/>\n\t<meta property=\"og:image:height\" content=\"1280\" \/>\n\t<meta property=\"og:image:type\" content=\"image\/jpeg\" \/>\n<meta name=\"twitter:card\" content=\"summary_large_image\" \/>\n<meta name=\"twitter:label1\" content=\"Tiempo de lectura\" \/>\n\t<meta name=\"twitter:data1\" content=\"2 minutos\" \/>\n<script type=\"application\/ld+json\" class=\"yoast-schema-graph\">{\"@context\":\"https:\/\/schema.org\",\"@graph\":[{\"@type\":\"WebPage\",\"@id\":\"https:\/\/www.brighigroup.com\/es\/machine\/nebula\/\",\"url\":\"https:\/\/www.brighigroup.com\/es\/machine\/nebula\/\",\"name\":\"NEBULA - Brighi Group\",\"isPartOf\":{\"@id\":\"https:\/\/www.brighigroup.com\/es\/#website\"},\"primaryImageOfPage\":{\"@id\":\"https:\/\/www.brighigroup.com\/es\/machine\/nebula\/#primaryimage\"},\"image\":{\"@id\":\"https:\/\/www.brighigroup.com\/es\/machine\/nebula\/#primaryimage\"},\"thumbnailUrl\":\"https:\/\/www.brighigroup.com\/wp-content\/uploads\/2024\/06\/Nebula.jpg\",\"datePublished\":\"2024-06-25T06:54:28+00:00\",\"dateModified\":\"2024-09-05T09:09:09+00:00\",\"description\":\"Software para informes exhaustivos que permiten tomar decisiones basadas en datos en tiempo real (tiempo de inactividad, OEE y productividad).\",\"breadcrumb\":{\"@id\":\"https:\/\/www.brighigroup.com\/es\/machine\/nebula\/#breadcrumb\"},\"inLanguage\":\"es\",\"potentialAction\":[{\"@type\":\"ReadAction\",\"target\":[\"https:\/\/www.brighigroup.com\/es\/machine\/nebula\/\"]}]},{\"@type\":\"ImageObject\",\"inLanguage\":\"es\",\"@id\":\"https:\/\/www.brighigroup.com\/es\/machine\/nebula\/#primaryimage\",\"url\":\"https:\/\/www.brighigroup.com\/wp-content\/uploads\/2024\/06\/Nebula.jpg\",\"contentUrl\":\"https:\/\/www.brighigroup.com\/wp-content\/uploads\/2024\/06\/Nebula.jpg\",\"width\":1920,\"height\":1280},{\"@type\":\"BreadcrumbList\",\"@id\":\"https:\/\/www.brighigroup.com\/es\/machine\/nebula\/#breadcrumb\",\"itemListElement\":[{\"@type\":\"ListItem\",\"position\":1,\"name\":\"M\u00e1quinas\",\"item\":\"https:\/\/www.brighigroup.com\/es\/maquinas\/\"},{\"@type\":\"ListItem\",\"position\":2,\"name\":\"NEBULA\"}]},{\"@type\":\"WebSite\",\"@id\":\"https:\/\/www.brighigroup.com\/es\/#website\",\"url\":\"https:\/\/www.brighigroup.com\/es\/\",\"name\":\"Brighi Group\",\"description\":\"Home textile e di prodotti imbottiti per il design d&#039;arredo tramandando l&#039;innovazione come cultura d&#039;impresa.\",\"potentialAction\":[{\"@type\":\"SearchAction\",\"target\":{\"@type\":\"EntryPoint\",\"urlTemplate\":\"https:\/\/www.brighigroup.com\/es\/?s={search_term_string}\"},\"query-input\":{\"@type\":\"PropertyValueSpecification\",\"valueRequired\":true,\"valueName\":\"search_term_string\"}}],\"inLanguage\":\"es\"}]}<\/script>\n<!-- \/ Yoast SEO plugin. -->","yoast_head_json":{"title":"NEBULA - Brighi Group","description":"Software para informes exhaustivos que permiten tomar decisiones basadas en datos en tiempo real (tiempo de inactividad, OEE y productividad).","robots":{"index":"index","follow":"follow","max-snippet":"max-snippet:-1","max-image-preview":"max-image-preview:large","max-video-preview":"max-video-preview:-1"},"canonical":"https:\/\/www.brighigroup.com\/es\/machine\/nebula\/","og_locale":"es_ES","og_type":"article","og_title":"NEBULA - Brighi Group","og_description":"Software para informes exhaustivos que permiten tomar decisiones basadas en datos en tiempo real (tiempo de inactividad, OEE y productividad).","og_url":"https:\/\/www.brighigroup.com\/es\/machine\/nebula\/","og_site_name":"Brighi Group","article_modified_time":"2024-09-05T09:09:09+00:00","og_image":[{"width":1920,"height":1280,"url":"https:\/\/www.brighigroup.com\/wp-content\/uploads\/2024\/06\/Nebula.jpg","type":"image\/jpeg"}],"twitter_card":"summary_large_image","twitter_misc":{"Tiempo de lectura":"2 minutos"},"schema":{"@context":"https:\/\/schema.org","@graph":[{"@type":"WebPage","@id":"https:\/\/www.brighigroup.com\/es\/machine\/nebula\/","url":"https:\/\/www.brighigroup.com\/es\/machine\/nebula\/","name":"NEBULA - Brighi Group","isPartOf":{"@id":"https:\/\/www.brighigroup.com\/es\/#website"},"primaryImageOfPage":{"@id":"https:\/\/www.brighigroup.com\/es\/machine\/nebula\/#primaryimage"},"image":{"@id":"https:\/\/www.brighigroup.com\/es\/machine\/nebula\/#primaryimage"},"thumbnailUrl":"https:\/\/www.brighigroup.com\/wp-content\/uploads\/2024\/06\/Nebula.jpg","datePublished":"2024-06-25T06:54:28+00:00","dateModified":"2024-09-05T09:09:09+00:00","description":"Software para informes exhaustivos que permiten tomar decisiones basadas en datos en tiempo real (tiempo de inactividad, OEE y productividad).","breadcrumb":{"@id":"https:\/\/www.brighigroup.com\/es\/machine\/nebula\/#breadcrumb"},"inLanguage":"es","potentialAction":[{"@type":"ReadAction","target":["https:\/\/www.brighigroup.com\/es\/machine\/nebula\/"]}]},{"@type":"ImageObject","inLanguage":"es","@id":"https:\/\/www.brighigroup.com\/es\/machine\/nebula\/#primaryimage","url":"https:\/\/www.brighigroup.com\/wp-content\/uploads\/2024\/06\/Nebula.jpg","contentUrl":"https:\/\/www.brighigroup.com\/wp-content\/uploads\/2024\/06\/Nebula.jpg","width":1920,"height":1280},{"@type":"BreadcrumbList","@id":"https:\/\/www.brighigroup.com\/es\/machine\/nebula\/#breadcrumb","itemListElement":[{"@type":"ListItem","position":1,"name":"M\u00e1quinas","item":"https:\/\/www.brighigroup.com\/es\/maquinas\/"},{"@type":"ListItem","position":2,"name":"NEBULA"}]},{"@type":"WebSite","@id":"https:\/\/www.brighigroup.com\/es\/#website","url":"https:\/\/www.brighigroup.com\/es\/","name":"Brighi Group","description":"Home textile e di prodotti imbottiti per il design d&#039;arredo tramandando l&#039;innovazione come cultura d&#039;impresa.","potentialAction":[{"@type":"SearchAction","target":{"@type":"EntryPoint","urlTemplate":"https:\/\/www.brighigroup.com\/es\/?s={search_term_string}"},"query-input":{"@type":"PropertyValueSpecification","valueRequired":true,"valueName":"search_term_string"}}],"inLanguage":"es"}]}},"_links":{"self":[{"href":"https:\/\/www.brighigroup.com\/es\/wp-json\/wp\/v2\/product\/12037","targetHints":{"allow":["GET"]}}],"collection":[{"href":"https:\/\/www.brighigroup.com\/es\/wp-json\/wp\/v2\/product"}],"about":[{"href":"https:\/\/www.brighigroup.com\/es\/wp-json\/wp\/v2\/types\/product"}],"wp:featuredmedia":[{"embeddable":true,"href":"https:\/\/www.brighigroup.com\/es\/wp-json\/wp\/v2\/media\/12059"}],"wp:attachment":[{"href":"https:\/\/www.brighigroup.com\/es\/wp-json\/wp\/v2\/media?parent=12037"}],"wp:term":[{"taxonomy":"product_cat","embeddable":true,"href":"https:\/\/www.brighigroup.com\/es\/wp-json\/wp\/v2\/product_cat?post=12037"},{"taxonomy":"product_tag","embeddable":true,"href":"https:\/\/www.brighigroup.com\/es\/wp-json\/wp\/v2\/product_tag?post=12037"}],"curies":[{"name":"wp","href":"https:\/\/api.w.org\/{rel}","templated":true}]}}