{"id":12029,"date":"2017-12-25T08:51:07","date_gmt":"2024-06-25T06:55:18","guid":{"rendered":"https:\/\/www.brighigroup.com\/?post_type=product&#038;p=12029"},"modified":"2024-09-05T11:08:23","modified_gmt":"2024-09-05T09:08:23","slug":"formula","status":"publish","type":"product","link":"https:\/\/www.brighigroup.com\/es\/machine\/formula\/","title":{"rendered":"FORMULA"},"content":{"rendered":"<p style=\"text-align: justify;\">SOFTWARE PARA OPTIMIZAR LAS F\u00d3RMULAS DE ESPUMA Y GARANTIZAR EL CONTROL DE CALIDAD<\/p>\n<p style=\"text-align: justify;\"><strong>\u00bfQu\u00e9 es Formula?<\/strong><\/p>\n<p style=\"text-align: justify;\">Formula es el software dise\u00f1ado para alcanzar el m\u00e1ximo nivel de calidad en la producci\u00f3n de espuma y espuma aglomerada.<\/p>\n<p style=\"text-align: justify;\"><strong>\u00bfC\u00f3mo es que funciona?<\/strong><\/p>\n<p style=\"text-align: justify;\">La fabricaci\u00f3n de espuma requiere tres componentes: la m\u00e1quina, los productos qu\u00edmicos y las recetas. Conseguir precisi\u00f3n y consistencia en la producci\u00f3n de espuma puede ser todo un reto, pero con Formula, este proceso se convierte en cient\u00edfico y fiable. Formula permite optimizar las f\u00f3rmulas de espuma directamente en la m\u00e1quina o a distancia, garantizando que cada lote cumpla las especificaciones deseadas. Para que este proceso sea a\u00fan m\u00e1s eficaz, los par\u00e1metros pueden ser fijados y modificados por el cliente, el proveedor de materias primas o los t\u00e9cnicos expertos de Brighi.<\/p>\n<p style=\"text-align: justify;\">La tecnolog\u00eda de sensores de Formula rastrea y almacena datos cruciales durante todo el proceso de producci\u00f3n. Estos sensores controlan variables como la presi\u00f3n, la densidad, la velocidad, la temperatura y la tolerancia de peso para cada bloque de espuma espec\u00edfico producido. Esta recopilaci\u00f3n de datos en tiempo real no s\u00f3lo garantiza una producci\u00f3n de alta calidad, sino que tambi\u00e9n proporciona informaci\u00f3n valiosa para la mejora continua. Mediante el an\u00e1lisis de estos datos, los operarios pueden tomar decisiones informadas para optimizar el proceso, garantizando un rendimiento \u00f3ptimo y unos residuos m\u00ednimos.<\/p>\n<p>&nbsp;<\/p>\n<p><strong>Caracter\u00edsticas principales:<\/strong><\/p>\n<ul>\n<li>Optimizar las formulaciones de espuma<\/li>\n<li>Controlar la temperatura, presi\u00f3n y peso<\/li>\n<li>Recopilar datos de producci\u00f3n de bloques<\/li>\n<li>Asegurar la consistencia de la densidad de la espuma<\/li>\n<li>Compartir datos con proveedores de materias primas<\/li>\n<\/ul>\n<p><strong>\u00bfEs Formula la opci\u00f3n adecuada para usted?<\/strong><\/p>\n<p>Aqu\u00ed tiene una prueba r\u00e1pida para saber si Formula es la opci\u00f3n adecuada<\/p>\n<p>\u00bfNecesita agregar formulaciones sin un qu\u00edmico?<\/p>\n<p>\u00bfTiene informaci\u00f3n para alg\u00fan bloque espec\u00edfico?<\/p>\n<p>\u00bfPuede rastrear f\u00e1cilmente la calidad del producto?<\/p>\n<p style=\"text-align: justify;\"><a href=\"https:\/\/www.brighigroup.com\/es\/brighi-digital-es\/\">Visite nuestra p\u00e1gina digital y descubra todo el software y las soluciones innovadoras disponibles para su maquinaria.<\/a><\/p>\n","protected":false},"excerpt":{"rendered":"<h6>Software para optimizar las f\u00f3rmulas de espuma y garantizar un alto control de calidad<\/h6>\n","protected":false},"featured_media":12064,"template":"","meta":{"_acf_changed":false},"product_cat":[139],"product_tag":[330,317],"class_list":{"0":"post-12029","1":"product","2":"type-product","3":"status-publish","4":"has-post-thumbnail","6":"product_cat-control-y-gestion","7":"product_tag-desechos-de-produccion","8":"product_tag-espuma","10":"first","11":"instock","12":"shipping-taxable","13":"product-type-simple"},"acf":[],"yoast_head":"<!-- This site is optimized with the Yoast SEO plugin v24.2 - https:\/\/yoast.com\/wordpress\/plugins\/seo\/ -->\n<title>FORMULA - Brighi Group<\/title>\n<meta name=\"description\" content=\"Formula es el software para optimizar las f\u00f3rmulas de espuma, dise\u00f1ado para alcanzar los m\u00e1s altos niveles de calidad.\" \/>\n<meta name=\"robots\" content=\"index, follow, max-snippet:-1, max-image-preview:large, max-video-preview:-1\" \/>\n<link rel=\"canonical\" href=\"https:\/\/www.brighigroup.com\/es\/machine\/formula\/\" \/>\n<meta property=\"og:locale\" content=\"es_ES\" \/>\n<meta property=\"og:type\" content=\"article\" \/>\n<meta property=\"og:title\" content=\"FORMULA - Brighi Group\" \/>\n<meta property=\"og:description\" content=\"Formula es el software para optimizar las f\u00f3rmulas de espuma, dise\u00f1ado para alcanzar los m\u00e1s altos niveles de calidad.\" \/>\n<meta property=\"og:url\" content=\"https:\/\/www.brighigroup.com\/es\/machine\/formula\/\" \/>\n<meta property=\"og:site_name\" content=\"Brighi Group\" \/>\n<meta property=\"article:modified_time\" content=\"2024-09-05T09:08:23+00:00\" \/>\n<meta property=\"og:image\" content=\"https:\/\/www.brighigroup.com\/wp-content\/uploads\/2024\/06\/Formula-scaled.jpg\" \/>\n\t<meta property=\"og:image:width\" content=\"2560\" \/>\n\t<meta property=\"og:image:height\" content=\"1707\" \/>\n\t<meta property=\"og:image:type\" content=\"image\/jpeg\" \/>\n<meta name=\"twitter:card\" content=\"summary_large_image\" \/>\n<meta name=\"twitter:label1\" content=\"Tiempo de lectura\" \/>\n\t<meta name=\"twitter:data1\" content=\"2 minutos\" \/>\n<script type=\"application\/ld+json\" class=\"yoast-schema-graph\">{\"@context\":\"https:\/\/schema.org\",\"@graph\":[{\"@type\":\"WebPage\",\"@id\":\"https:\/\/www.brighigroup.com\/es\/machine\/formula\/\",\"url\":\"https:\/\/www.brighigroup.com\/es\/machine\/formula\/\",\"name\":\"FORMULA - Brighi Group\",\"isPartOf\":{\"@id\":\"https:\/\/www.brighigroup.com\/es\/#website\"},\"primaryImageOfPage\":{\"@id\":\"https:\/\/www.brighigroup.com\/es\/machine\/formula\/#primaryimage\"},\"image\":{\"@id\":\"https:\/\/www.brighigroup.com\/es\/machine\/formula\/#primaryimage\"},\"thumbnailUrl\":\"https:\/\/www.brighigroup.com\/wp-content\/uploads\/2024\/06\/Formula-scaled.jpg\",\"datePublished\":\"2024-06-25T06:55:18+00:00\",\"dateModified\":\"2024-09-05T09:08:23+00:00\",\"description\":\"Formula es el software para optimizar las f\u00f3rmulas de espuma, dise\u00f1ado para alcanzar los m\u00e1s altos niveles de calidad.\",\"breadcrumb\":{\"@id\":\"https:\/\/www.brighigroup.com\/es\/machine\/formula\/#breadcrumb\"},\"inLanguage\":\"es\",\"potentialAction\":[{\"@type\":\"ReadAction\",\"target\":[\"https:\/\/www.brighigroup.com\/es\/machine\/formula\/\"]}]},{\"@type\":\"ImageObject\",\"inLanguage\":\"es\",\"@id\":\"https:\/\/www.brighigroup.com\/es\/machine\/formula\/#primaryimage\",\"url\":\"https:\/\/www.brighigroup.com\/wp-content\/uploads\/2024\/06\/Formula-scaled.jpg\",\"contentUrl\":\"https:\/\/www.brighigroup.com\/wp-content\/uploads\/2024\/06\/Formula-scaled.jpg\",\"width\":2560,\"height\":1707},{\"@type\":\"BreadcrumbList\",\"@id\":\"https:\/\/www.brighigroup.com\/es\/machine\/formula\/#breadcrumb\",\"itemListElement\":[{\"@type\":\"ListItem\",\"position\":1,\"name\":\"M\u00e1quinas\",\"item\":\"https:\/\/www.brighigroup.com\/es\/maquinas\/\"},{\"@type\":\"ListItem\",\"position\":2,\"name\":\"FORMULA\"}]},{\"@type\":\"WebSite\",\"@id\":\"https:\/\/www.brighigroup.com\/es\/#website\",\"url\":\"https:\/\/www.brighigroup.com\/es\/\",\"name\":\"Brighi Group\",\"description\":\"Home textile e di prodotti imbottiti per il design d&#039;arredo tramandando l&#039;innovazione come cultura d&#039;impresa.\",\"potentialAction\":[{\"@type\":\"SearchAction\",\"target\":{\"@type\":\"EntryPoint\",\"urlTemplate\":\"https:\/\/www.brighigroup.com\/es\/?s={search_term_string}\"},\"query-input\":{\"@type\":\"PropertyValueSpecification\",\"valueRequired\":true,\"valueName\":\"search_term_string\"}}],\"inLanguage\":\"es\"}]}<\/script>\n<!-- \/ Yoast SEO plugin. -->","yoast_head_json":{"title":"FORMULA - Brighi Group","description":"Formula es el software para optimizar las f\u00f3rmulas de espuma, dise\u00f1ado para alcanzar los m\u00e1s altos niveles de calidad.","robots":{"index":"index","follow":"follow","max-snippet":"max-snippet:-1","max-image-preview":"max-image-preview:large","max-video-preview":"max-video-preview:-1"},"canonical":"https:\/\/www.brighigroup.com\/es\/machine\/formula\/","og_locale":"es_ES","og_type":"article","og_title":"FORMULA - Brighi Group","og_description":"Formula es el software para optimizar las f\u00f3rmulas de espuma, dise\u00f1ado para alcanzar los m\u00e1s altos niveles de calidad.","og_url":"https:\/\/www.brighigroup.com\/es\/machine\/formula\/","og_site_name":"Brighi Group","article_modified_time":"2024-09-05T09:08:23+00:00","og_image":[{"width":2560,"height":1707,"url":"https:\/\/www.brighigroup.com\/wp-content\/uploads\/2024\/06\/Formula-scaled.jpg","type":"image\/jpeg"}],"twitter_card":"summary_large_image","twitter_misc":{"Tiempo de lectura":"2 minutos"},"schema":{"@context":"https:\/\/schema.org","@graph":[{"@type":"WebPage","@id":"https:\/\/www.brighigroup.com\/es\/machine\/formula\/","url":"https:\/\/www.brighigroup.com\/es\/machine\/formula\/","name":"FORMULA - Brighi Group","isPartOf":{"@id":"https:\/\/www.brighigroup.com\/es\/#website"},"primaryImageOfPage":{"@id":"https:\/\/www.brighigroup.com\/es\/machine\/formula\/#primaryimage"},"image":{"@id":"https:\/\/www.brighigroup.com\/es\/machine\/formula\/#primaryimage"},"thumbnailUrl":"https:\/\/www.brighigroup.com\/wp-content\/uploads\/2024\/06\/Formula-scaled.jpg","datePublished":"2024-06-25T06:55:18+00:00","dateModified":"2024-09-05T09:08:23+00:00","description":"Formula es el software para optimizar las f\u00f3rmulas de espuma, dise\u00f1ado para alcanzar los m\u00e1s altos niveles de calidad.","breadcrumb":{"@id":"https:\/\/www.brighigroup.com\/es\/machine\/formula\/#breadcrumb"},"inLanguage":"es","potentialAction":[{"@type":"ReadAction","target":["https:\/\/www.brighigroup.com\/es\/machine\/formula\/"]}]},{"@type":"ImageObject","inLanguage":"es","@id":"https:\/\/www.brighigroup.com\/es\/machine\/formula\/#primaryimage","url":"https:\/\/www.brighigroup.com\/wp-content\/uploads\/2024\/06\/Formula-scaled.jpg","contentUrl":"https:\/\/www.brighigroup.com\/wp-content\/uploads\/2024\/06\/Formula-scaled.jpg","width":2560,"height":1707},{"@type":"BreadcrumbList","@id":"https:\/\/www.brighigroup.com\/es\/machine\/formula\/#breadcrumb","itemListElement":[{"@type":"ListItem","position":1,"name":"M\u00e1quinas","item":"https:\/\/www.brighigroup.com\/es\/maquinas\/"},{"@type":"ListItem","position":2,"name":"FORMULA"}]},{"@type":"WebSite","@id":"https:\/\/www.brighigroup.com\/es\/#website","url":"https:\/\/www.brighigroup.com\/es\/","name":"Brighi Group","description":"Home textile e di prodotti imbottiti per il design d&#039;arredo tramandando l&#039;innovazione come cultura d&#039;impresa.","potentialAction":[{"@type":"SearchAction","target":{"@type":"EntryPoint","urlTemplate":"https:\/\/www.brighigroup.com\/es\/?s={search_term_string}"},"query-input":{"@type":"PropertyValueSpecification","valueRequired":true,"valueName":"search_term_string"}}],"inLanguage":"es"}]}},"_links":{"self":[{"href":"https:\/\/www.brighigroup.com\/es\/wp-json\/wp\/v2\/product\/12029","targetHints":{"allow":["GET"]}}],"collection":[{"href":"https:\/\/www.brighigroup.com\/es\/wp-json\/wp\/v2\/product"}],"about":[{"href":"https:\/\/www.brighigroup.com\/es\/wp-json\/wp\/v2\/types\/product"}],"wp:featuredmedia":[{"embeddable":true,"href":"https:\/\/www.brighigroup.com\/es\/wp-json\/wp\/v2\/media\/12064"}],"wp:attachment":[{"href":"https:\/\/www.brighigroup.com\/es\/wp-json\/wp\/v2\/media?parent=12029"}],"wp:term":[{"taxonomy":"product_cat","embeddable":true,"href":"https:\/\/www.brighigroup.com\/es\/wp-json\/wp\/v2\/product_cat?post=12029"},{"taxonomy":"product_tag","embeddable":true,"href":"https:\/\/www.brighigroup.com\/es\/wp-json\/wp\/v2\/product_tag?post=12029"}],"curies":[{"name":"wp","href":"https:\/\/api.w.org\/{rel}","templated":true}]}}