{"id":6355,"date":"2022-06-07T15:18:32","date_gmt":"2022-06-07T13:18:32","guid":{"rendered":"https:\/\/www.brighigroup.com\/trabaja-con-nosotros\/"},"modified":"2022-07-01T10:23:47","modified_gmt":"2022-07-01T08:23:47","slug":"trabaja-con-nosotros","status":"publish","type":"page","link":"https:\/\/www.brighigroup.com\/es\/trabaja-con-nosotros\/","title":{"rendered":"Trabaja con nosotros"},"content":{"rendered":"\t\t<div data-elementor-type=\"wp-page\" data-elementor-id=\"6355\" class=\"elementor elementor-6355 elementor-1000\" data-elementor-post-type=\"page\">\n\t\t\t\t\t\t<section class=\"elementor-section elementor-top-section elementor-element elementor-element-6158eae elementor-section-height-min-height elementor-section-boxed elementor-section-height-default elementor-section-items-middle\" data-id=\"6158eae\" data-element_type=\"section\" data-settings=\"{&quot;background_background&quot;:&quot;classic&quot;}\">\n\t\t\t\t\t\t<div class=\"elementor-container elementor-column-gap-default\">\n\t\t\t\t\t<div class=\"elementor-column elementor-col-100 elementor-top-column elementor-element elementor-element-b44a54a elementor-invisible\" data-id=\"b44a54a\" data-element_type=\"column\" data-settings=\"{&quot;animation&quot;:&quot;fadeInUp&quot;}\">\n\t\t\t<div class=\"elementor-widget-wrap elementor-element-populated\">\n\t\t\t\t\t\t<div class=\"elementor-element elementor-element-33ae069 elementor-widget elementor-widget-heading\" data-id=\"33ae069\" data-element_type=\"widget\" data-widget_type=\"heading.default\">\n\t\t\t\t<div class=\"elementor-widget-container\">\n\t\t\t\t\t<h2 class=\"elementor-heading-title elementor-size-default\">Trabaja con nosotros<\/h2>\t\t\t\t<\/div>\n\t\t\t\t<\/div>\n\t\t\t\t\t<\/div>\n\t\t<\/div>\n\t\t\t\t\t<\/div>\n\t\t<\/section>\n\t\t\t\t<section class=\"elementor-section elementor-top-section elementor-element elementor-element-c793192 elementor-hidden-mobile elementor-section-boxed elementor-section-height-default elementor-section-height-default\" data-id=\"c793192\" data-element_type=\"section\">\n\t\t\t\t\t\t<div class=\"elementor-container elementor-column-gap-default\">\n\t\t\t\t\t<div class=\"elementor-column elementor-col-25 elementor-top-column elementor-element elementor-element-9b474c5\" data-id=\"9b474c5\" data-element_type=\"column\">\n\t\t\t<div class=\"elementor-widget-wrap elementor-element-populated\">\n\t\t\t\t\t\t<div class=\"elementor-element elementor-element-53047ad elementor-invisible elementor-widget elementor-widget-image\" data-id=\"53047ad\" data-element_type=\"widget\" data-settings=\"{&quot;_animation&quot;:&quot;fadeInRight&quot;,&quot;_animation_delay&quot;:1000}\" data-widget_type=\"image.default\">\n\t\t\t\t<div class=\"elementor-widget-container\">\n\t\t\t\t\t\t\t\t\t\t\t\t\t\t\t<img fetchpriority=\"high\" decoding=\"async\" width=\"175\" height=\"300\" src=\"https:\/\/www.brighigroup.com\/wp-content\/uploads\/2021\/11\/brighi-group-sedia_bianca.png\" class=\"attachment-large size-large wp-image-6085\" alt=\"\" srcset=\"https:\/\/www.brighigroup.com\/wp-content\/uploads\/2021\/11\/brighi-group-sedia_bianca.png 175w, https:\/\/www.brighigroup.com\/wp-content\/uploads\/2021\/11\/brighi-group-sedia_bianca-64x110.png 64w\" sizes=\"(max-width: 175px) 100vw, 175px\" \/>\t\t\t\t\t\t\t\t\t\t\t\t\t\t\t<\/div>\n\t\t\t\t<\/div>\n\t\t\t\t\t<\/div>\n\t\t<\/div>\n\t\t\t\t<div class=\"elementor-column elementor-col-25 elementor-top-column elementor-element elementor-element-ae148ad elementor-invisible\" data-id=\"ae148ad\" data-element_type=\"column\" data-settings=\"{&quot;animation&quot;:&quot;fadeInRight&quot;,&quot;animation_delay&quot;:200}\">\n\t\t\t<div class=\"elementor-widget-wrap elementor-element-populated\">\n\t\t\t\t\t\t<div class=\"elementor-element elementor-element-a4f06c1 elementor-invisible elementor-widget elementor-widget-image\" data-id=\"a4f06c1\" data-element_type=\"widget\" data-settings=\"{&quot;_animation&quot;:&quot;fadeInRight&quot;,&quot;_animation_delay&quot;:1500}\" data-widget_type=\"image.default\">\n\t\t\t\t<div class=\"elementor-widget-container\">\n\t\t\t\t\t\t\t\t\t\t\t\t\t\t\t<img decoding=\"async\" width=\"175\" height=\"300\" src=\"https:\/\/www.brighigroup.com\/wp-content\/uploads\/2021\/11\/brighi-group-sedia_rossa.png\" class=\"attachment-large size-large wp-image-6086\" alt=\"\" srcset=\"https:\/\/www.brighigroup.com\/wp-content\/uploads\/2021\/11\/brighi-group-sedia_rossa.png 175w, https:\/\/www.brighigroup.com\/wp-content\/uploads\/2021\/11\/brighi-group-sedia_rossa-64x110.png 64w\" sizes=\"(max-width: 175px) 100vw, 175px\" \/>\t\t\t\t\t\t\t\t\t\t\t\t\t\t\t<\/div>\n\t\t\t\t<\/div>\n\t\t\t\t\t<\/div>\n\t\t<\/div>\n\t\t\t\t<div class=\"elementor-column elementor-col-25 elementor-top-column elementor-element elementor-element-67793f8\" data-id=\"67793f8\" data-element_type=\"column\">\n\t\t\t<div class=\"elementor-widget-wrap elementor-element-populated\">\n\t\t\t\t\t\t<div class=\"elementor-element elementor-element-c6a3b18 elementor-invisible elementor-widget elementor-widget-image\" data-id=\"c6a3b18\" data-element_type=\"widget\" data-settings=\"{&quot;_animation&quot;:&quot;fadeInRight&quot;,&quot;_animation_delay&quot;:2000}\" data-widget_type=\"image.default\">\n\t\t\t\t<div class=\"elementor-widget-container\">\n\t\t\t\t\t\t\t\t\t\t\t\t\t\t\t<img fetchpriority=\"high\" decoding=\"async\" width=\"175\" height=\"300\" src=\"https:\/\/www.brighigroup.com\/wp-content\/uploads\/2021\/11\/brighi-group-sedia_bianca.png\" class=\"attachment-large size-large wp-image-6085\" alt=\"\" srcset=\"https:\/\/www.brighigroup.com\/wp-content\/uploads\/2021\/11\/brighi-group-sedia_bianca.png 175w, https:\/\/www.brighigroup.com\/wp-content\/uploads\/2021\/11\/brighi-group-sedia_bianca-64x110.png 64w\" sizes=\"(max-width: 175px) 100vw, 175px\" \/>\t\t\t\t\t\t\t\t\t\t\t\t\t\t\t<\/div>\n\t\t\t\t<\/div>\n\t\t\t\t\t<\/div>\n\t\t<\/div>\n\t\t\t\t<div class=\"elementor-column elementor-col-25 elementor-top-column elementor-element elementor-element-9244322\" data-id=\"9244322\" data-element_type=\"column\">\n\t\t\t<div class=\"elementor-widget-wrap elementor-element-populated\">\n\t\t\t\t\t\t<div class=\"elementor-element elementor-element-32cd403 elementor-invisible elementor-widget elementor-widget-image\" data-id=\"32cd403\" data-element_type=\"widget\" data-settings=\"{&quot;_animation&quot;:&quot;fadeInRight&quot;,&quot;_animation_delay&quot;:2500}\" data-widget_type=\"image.default\">\n\t\t\t\t<div class=\"elementor-widget-container\">\n\t\t\t\t\t\t\t\t\t\t\t\t\t\t\t<img fetchpriority=\"high\" decoding=\"async\" width=\"175\" height=\"300\" src=\"https:\/\/www.brighigroup.com\/wp-content\/uploads\/2021\/11\/brighi-group-sedia_bianca.png\" class=\"attachment-large size-large wp-image-6085\" alt=\"\" srcset=\"https:\/\/www.brighigroup.com\/wp-content\/uploads\/2021\/11\/brighi-group-sedia_bianca.png 175w, https:\/\/www.brighigroup.com\/wp-content\/uploads\/2021\/11\/brighi-group-sedia_bianca-64x110.png 64w\" sizes=\"(max-width: 175px) 100vw, 175px\" \/>\t\t\t\t\t\t\t\t\t\t\t\t\t\t\t<\/div>\n\t\t\t\t<\/div>\n\t\t\t\t\t<\/div>\n\t\t<\/div>\n\t\t\t\t\t<\/div>\n\t\t<\/section>\n\t\t\t\t<section class=\"elementor-section elementor-top-section elementor-element elementor-element-447d0f8 elementor-section-boxed elementor-section-height-default elementor-section-height-default\" data-id=\"447d0f8\" data-element_type=\"section\">\n\t\t\t\t\t\t<div class=\"elementor-container elementor-column-gap-default\">\n\t\t\t\t\t<div class=\"elementor-column elementor-col-100 elementor-top-column elementor-element elementor-element-d9101dc\" data-id=\"d9101dc\" data-element_type=\"column\">\n\t\t\t<div class=\"elementor-widget-wrap elementor-element-populated\">\n\t\t\t\t\t\t<div class=\"elementor-element elementor-element-254b6ab elementor-widget elementor-widget-text-editor\" data-id=\"254b6ab\" data-element_type=\"widget\" data-widget_type=\"text-editor.default\">\n\t\t\t\t<div class=\"elementor-widget-container\">\n\t\t\t\t\t\t\t\t\tEn una empresa como la nuestra, en la que las ideas marcan la diferencia,<strong> las personas tienen un gran valor<\/strong>.\r\n\r\nHacemos m\u00e1quinas, s\u00ed. Pero son <strong>el entusiasmo, la profesionalidad, las ganas de crecer, el esp\u00edritu de equipo y la mirada atenta<\/strong> de las personas que crean y aplican estas tecnolog\u00edas lo que las hace especiales, atendiendo a las necesidades de los clientes.\r\n\r\nPor eso, nos comprometemos a mantener un <strong>ambiente de trabajo inclusivo<\/strong>,<strong> estimulante y din\u00e1mico<\/strong>, en el que cada persona pueda expresar, compartir y desarrollar su profesionalidad en una sinergia de competencias, y <strong>siempre estamos abiertos a conocer nuevos talentos<\/strong>.\r\n\r\nEnv\u00edanos tu CV para presentar tu autocandidatura o selecciona la oportunidad de trabajo que te interesa de los puestos vacantes.\t\t\t\t\t\t\t\t<\/div>\n\t\t\t\t<\/div>\n\t\t\t\t\t<\/div>\n\t\t<\/div>\n\t\t\t\t\t<\/div>\n\t\t<\/section>\n\t\t\t\t<section class=\"elementor-section elementor-top-section elementor-element elementor-element-96f7dbf elementor-section-boxed elementor-section-height-default elementor-section-height-default\" data-id=\"96f7dbf\" data-element_type=\"section\">\n\t\t\t\t\t\t<div class=\"elementor-container elementor-column-gap-default\">\n\t\t\t\t\t<div class=\"elementor-column elementor-col-100 elementor-top-column elementor-element elementor-element-a58d67d\" data-id=\"a58d67d\" data-element_type=\"column\">\n\t\t\t<div class=\"elementor-widget-wrap elementor-element-populated\">\n\t\t\t\t\t\t<div class=\"elementor-element elementor-element-b22d2fb elementor-widget elementor-widget-heading\" data-id=\"b22d2fb\" data-element_type=\"widget\" data-widget_type=\"heading.default\">\n\t\t\t\t<div class=\"elementor-widget-container\">\n\t\t\t\t\t<h2 class=\"elementor-heading-title elementor-size-default\">Descubres las \u00faltimas ofertas de empleo y oportunidades de trabajo para ti<\/h2>\t\t\t\t<\/div>\n\t\t\t\t<\/div>\n\t\t\t\t\t<\/div>\n\t\t<\/div>\n\t\t\t\t\t<\/div>\n\t\t<\/section>\n\t\t\t\t<section class=\"elementor-section elementor-top-section elementor-element elementor-element-2514049 elementor-section-boxed elementor-section-height-default elementor-section-height-default\" data-id=\"2514049\" data-element_type=\"section\">\n\t\t\t\t\t\t<div class=\"elementor-container elementor-column-gap-default\">\n\t\t\t\t\t<div class=\"elementor-column elementor-col-100 elementor-top-column elementor-element elementor-element-7fbd945\" data-id=\"7fbd945\" data-element_type=\"column\">\n\t\t\t<div class=\"elementor-widget-wrap elementor-element-populated\">\n\t\t\t\t\t\t<div class=\"elementor-element elementor-element-f51c615 elementor-widget elementor-widget-heading\" data-id=\"f51c615\" data-element_type=\"widget\" data-widget_type=\"heading.default\">\n\t\t\t\t<div class=\"elementor-widget-container\">\n\t\t\t\t\t<h2 class=\"elementor-heading-title elementor-size-default\">Presenta tu autocandidatura o selecciona la oportunidad de trabajo de los puestos vacantes, pronto nos pondremos en contacto.<\/h2>\t\t\t\t<\/div>\n\t\t\t\t<\/div>\n\t\t\t\t<div class=\"elementor-element elementor-element-b6be8e7 elementor-widget elementor-widget-shortcode\" data-id=\"b6be8e7\" data-element_type=\"widget\" data-widget_type=\"shortcode.default\">\n\t\t\t\t<div class=\"elementor-widget-container\">\n\t\t\t\t\t\t\t<div class=\"elementor-shortcode\">\n<div class=\"wpcf7 no-js\" id=\"wpcf7-f6587-o1\" lang=\"es-ES\" dir=\"ltr\" data-wpcf7-id=\"6587\">\n<div class=\"screen-reader-response\"><p role=\"status\" aria-live=\"polite\" aria-atomic=\"true\"><\/p> <ul><\/ul><\/div>\n<form action=\"\/es\/wp-json\/wp\/v2\/pages\/6355#wpcf7-f6587-o1\" method=\"post\" class=\"wpcf7-form init\" aria-label=\"Formulario de contacto\" enctype=\"multipart\/form-data\" novalidate=\"novalidate\" data-status=\"init\">\n<div style=\"display: none;\">\n<input type=\"hidden\" name=\"_wpcf7\" value=\"6587\" \/>\n<input type=\"hidden\" name=\"_wpcf7_version\" value=\"6.0.2\" \/>\n<input type=\"hidden\" name=\"_wpcf7_locale\" value=\"es_ES\" \/>\n<input type=\"hidden\" name=\"_wpcf7_unit_tag\" value=\"wpcf7-f6587-o1\" \/>\n<input type=\"hidden\" name=\"_wpcf7_container_post\" value=\"0\" \/>\n<input type=\"hidden\" name=\"_wpcf7_posted_data_hash\" value=\"\" \/>\n<input type=\"hidden\" name=\"_wpcf7_recaptcha_response\" value=\"\" \/>\n<\/div>\n<div id=\"responsive-form\" class=\"clearfix\">\n\t<div class=\"form-row\">\n\t\t<div class=\"column-half\">\n\t\t\t<p><span class=\"wpcf7-form-control-wrap\" data-name=\"nome\"><input size=\"40\" maxlength=\"400\" class=\"wpcf7-form-control wpcf7-text wpcf7-validates-as-required\" aria-required=\"true\" aria-invalid=\"false\" placeholder=\"Nombre\" value=\"\" type=\"text\" name=\"nome\" \/><\/span>\n\t\t\t<\/p>\n\t\t<\/div>\n\t\t<div class=\"column-half\">\n\t\t\t<p><span class=\"wpcf7-form-control-wrap\" data-name=\"cognome\"><input size=\"40\" maxlength=\"400\" class=\"wpcf7-form-control wpcf7-text wpcf7-validates-as-required\" aria-required=\"true\" aria-invalid=\"false\" placeholder=\"Appellido\" value=\"\" type=\"text\" name=\"cognome\" \/><\/span>\n\t\t\t<\/p>\n\t\t<\/div>\n\t<\/div>\n\t<div class=\"form-row\">\n\t\t<div class=\"column-half\">\n\t\t\t<p><span class=\"wpcf7-form-control-wrap\" data-name=\"email\"><input size=\"40\" maxlength=\"400\" class=\"wpcf7-form-control wpcf7-email wpcf7-validates-as-required wpcf7-text wpcf7-validates-as-email\" aria-required=\"true\" aria-invalid=\"false\" placeholder=\"Tu correo electr\u00f3nico\" value=\"\" type=\"email\" name=\"email\" \/><\/span>\n\t\t\t<\/p>\n\t\t<\/div>\n\t\t<div class=\"column-half\">\n\t\t\t<p><span class=\"wpcf7-form-control-wrap\" data-name=\"telefono\"><input size=\"40\" maxlength=\"400\" class=\"wpcf7-form-control wpcf7-text\" aria-invalid=\"false\" placeholder=\"n\u00famero de tel\u00e9fono\" value=\"\" type=\"text\" name=\"telefono\" \/><\/span>\n\t\t\t<\/p>\n\t\t<\/div>\n\t<\/div>\n\t<div class=\"form-row\">\n\t\t<div class=\"column-full\">\n\t\t\t<p>Seleccione la oferta para la que env\u00eda su solicitud<br \/>\n<span class=\"wpcf7-form-control-wrap\" data-name=\"posizione\"><select class=\"wpcf7-form-control wpcf7-select\" aria-invalid=\"false\" name=\"posizione\"><option value=\"Lean Manufacturing Specialist\">Lean Manufacturing Specialist<\/option><option value=\"Mechanical \/ electrical fitter installer\">Mechanical \/ electrical fitter installer<\/option><option value=\"Project Manager\">Project Manager<\/option><option value=\"Mechanical designer\">Mechanical designer<\/option><option value=\"canditatura spontanea\">canditatura spontanea<\/option><\/select><\/span>\n\t\t\t<\/p>\n\t\t<\/div>\n\t\t<div class=\"form-row\">\n\t\t\t<div class=\"column-full\">\n\t\t\t\t<p><span class=\"wpcf7-form-control-wrap\" data-name=\"cv\"><input size=\"40\" class=\"wpcf7-form-control wpcf7-file wpcf7-validates-as-required\" accept=\"audio\/*,video\/*,image\/*\" aria-required=\"true\" aria-invalid=\"false\" type=\"file\" name=\"cv\" \/><\/span>\n\t\t\t\t<\/p>\n\t\t\t<\/div>\n\t\t<\/div>\n\t\t<div class=\"form-row\">\n\t\t\t<div class=\"column-full\">\n\t\t\t\t<p><span class=\"wpcf7-form-control-wrap\" data-name=\"privacy\"><span class=\"wpcf7-form-control wpcf7-acceptance\"><span class=\"wpcf7-list-item\"><input type=\"checkbox\" name=\"privacy\" value=\"1\" aria-invalid=\"false\" \/><\/span><\/span><\/span> He le\u00eddo la <a href=\"https:\/\/www.brighigroup.com\/es\/privacy-policy\/\">privacy policy<\/a> y acepto el tratamiento de datos\n\t\t\t\t<\/p>\n\t\t\t\t<p><input class=\"wpcf7-form-control wpcf7-submit has-spinner\" type=\"submit\" value=\"Env\u00eda\" \/>\n\t\t\t\t<\/p>\n\t\t\t<\/div>\n\t\t<\/div>\n\t<\/div>\n<\/div><div class=\"wpcf7-response-output\" aria-hidden=\"true\"><\/div>\n<\/form>\n<\/div>\n<\/div>\n\t\t\t\t\t\t<\/div>\n\t\t\t\t<\/div>\n\t\t\t\t\t<\/div>\n\t\t<\/div>\n\t\t\t\t\t<\/div>\n\t\t<\/section>\n\t\t\t\t<\/div>\n\t\t","protected":false},"excerpt":{"rendered":"<p>Trabaja con nosotros En una empresa como la nuestra, en la que las ideas marcan la diferencia, las personas tienen un gran valor. Hacemos m\u00e1quinas, s\u00ed. Pero son el entusiasmo, la profesionalidad, las ganas de crecer, el esp\u00edritu de equipo y la mirada atenta de las personas que crean y aplican estas tecnolog\u00edas lo que [&hellip;]<\/p>\n","protected":false},"author":1,"featured_media":0,"parent":0,"menu_order":0,"comment_status":"closed","ping_status":"closed","template":"","meta":{"_acf_changed":false,"footnotes":""},"class_list":["post-6355","page","type-page","status-publish","hentry"],"acf":[],"yoast_head":"<!-- This site is optimized with the Yoast SEO plugin v24.2 - https:\/\/yoast.com\/wordpress\/plugins\/seo\/ -->\n<title>Trabaja con nosotros - Brighi Group<\/title>\n<meta name=\"description\" content=\"Trabaja con nosotros: env\u00eda tu CV y forma parte de un entorno de trabajo inclusivo, estimulante y din\u00e1mico.\" \/>\n<meta name=\"robots\" content=\"index, follow, max-snippet:-1, max-image-preview:large, max-video-preview:-1\" \/>\n<link rel=\"canonical\" href=\"https:\/\/www.brighigroup.com\/es\/trabaja-con-nosotros\/\" \/>\n<meta property=\"og:locale\" content=\"es_ES\" \/>\n<meta property=\"og:type\" content=\"article\" \/>\n<meta property=\"og:title\" content=\"Trabaja con nosotros - Brighi Group\" \/>\n<meta property=\"og:description\" content=\"Trabaja con nosotros: env\u00eda tu CV y forma parte de un entorno de trabajo inclusivo, estimulante y din\u00e1mico.\" \/>\n<meta property=\"og:url\" content=\"https:\/\/www.brighigroup.com\/es\/trabaja-con-nosotros\/\" \/>\n<meta property=\"og:site_name\" content=\"Brighi Group\" \/>\n<meta property=\"article:modified_time\" content=\"2022-07-01T08:23:47+00:00\" \/>\n<meta property=\"og:image\" content=\"https:\/\/www.brighigroup.com\/wp-content\/uploads\/2021\/11\/brighi-group-sedia_bianca.png\" \/>\n<meta name=\"twitter:card\" content=\"summary_large_image\" \/>\n<meta name=\"twitter:label1\" content=\"Tiempo de lectura\" \/>\n\t<meta name=\"twitter:data1\" content=\"1 minuto\" \/>\n<script type=\"application\/ld+json\" class=\"yoast-schema-graph\">{\"@context\":\"https:\/\/schema.org\",\"@graph\":[{\"@type\":\"WebPage\",\"@id\":\"https:\/\/www.brighigroup.com\/es\/trabaja-con-nosotros\/\",\"url\":\"https:\/\/www.brighigroup.com\/es\/trabaja-con-nosotros\/\",\"name\":\"Trabaja con nosotros - Brighi Group\",\"isPartOf\":{\"@id\":\"https:\/\/www.brighigroup.com\/es\/#website\"},\"primaryImageOfPage\":{\"@id\":\"https:\/\/www.brighigroup.com\/es\/trabaja-con-nosotros\/#primaryimage\"},\"image\":{\"@id\":\"https:\/\/www.brighigroup.com\/es\/trabaja-con-nosotros\/#primaryimage\"},\"thumbnailUrl\":\"https:\/\/www.brighigroup.com\/wp-content\/uploads\/2021\/11\/brighi-group-sedia_bianca.png\",\"datePublished\":\"2022-06-07T13:18:32+00:00\",\"dateModified\":\"2022-07-01T08:23:47+00:00\",\"description\":\"Trabaja con nosotros: env\u00eda tu CV y forma parte de un entorno de trabajo inclusivo, estimulante y din\u00e1mico.\",\"inLanguage\":\"es\",\"potentialAction\":[{\"@type\":\"ReadAction\",\"target\":[\"https:\/\/www.brighigroup.com\/es\/trabaja-con-nosotros\/\"]}]},{\"@type\":\"ImageObject\",\"inLanguage\":\"es\",\"@id\":\"https:\/\/www.brighigroup.com\/es\/trabaja-con-nosotros\/#primaryimage\",\"url\":\"https:\/\/www.brighigroup.com\/wp-content\/uploads\/2021\/11\/brighi-group-sedia_bianca.png\",\"contentUrl\":\"https:\/\/www.brighigroup.com\/wp-content\/uploads\/2021\/11\/brighi-group-sedia_bianca.png\"},{\"@type\":\"WebSite\",\"@id\":\"https:\/\/www.brighigroup.com\/es\/#website\",\"url\":\"https:\/\/www.brighigroup.com\/es\/\",\"name\":\"Brighi Group\",\"description\":\"Home textile e di prodotti imbottiti per il design d&#039;arredo tramandando l&#039;innovazione come cultura d&#039;impresa.\",\"potentialAction\":[{\"@type\":\"SearchAction\",\"target\":{\"@type\":\"EntryPoint\",\"urlTemplate\":\"https:\/\/www.brighigroup.com\/es\/?s={search_term_string}\"},\"query-input\":{\"@type\":\"PropertyValueSpecification\",\"valueRequired\":true,\"valueName\":\"search_term_string\"}}],\"inLanguage\":\"es\"}]}<\/script>\n<!-- \/ Yoast SEO plugin. -->","yoast_head_json":{"title":"Trabaja con nosotros - Brighi Group","description":"Trabaja con nosotros: env\u00eda tu CV y forma parte de un entorno de trabajo inclusivo, estimulante y din\u00e1mico.","robots":{"index":"index","follow":"follow","max-snippet":"max-snippet:-1","max-image-preview":"max-image-preview:large","max-video-preview":"max-video-preview:-1"},"canonical":"https:\/\/www.brighigroup.com\/es\/trabaja-con-nosotros\/","og_locale":"es_ES","og_type":"article","og_title":"Trabaja con nosotros - Brighi Group","og_description":"Trabaja con nosotros: env\u00eda tu CV y forma parte de un entorno de trabajo inclusivo, estimulante y din\u00e1mico.","og_url":"https:\/\/www.brighigroup.com\/es\/trabaja-con-nosotros\/","og_site_name":"Brighi Group","article_modified_time":"2022-07-01T08:23:47+00:00","og_image":[{"url":"https:\/\/www.brighigroup.com\/wp-content\/uploads\/2021\/11\/brighi-group-sedia_bianca.png","type":"","width":"","height":""}],"twitter_card":"summary_large_image","twitter_misc":{"Tiempo de lectura":"1 minuto"},"schema":{"@context":"https:\/\/schema.org","@graph":[{"@type":"WebPage","@id":"https:\/\/www.brighigroup.com\/es\/trabaja-con-nosotros\/","url":"https:\/\/www.brighigroup.com\/es\/trabaja-con-nosotros\/","name":"Trabaja con nosotros - Brighi Group","isPartOf":{"@id":"https:\/\/www.brighigroup.com\/es\/#website"},"primaryImageOfPage":{"@id":"https:\/\/www.brighigroup.com\/es\/trabaja-con-nosotros\/#primaryimage"},"image":{"@id":"https:\/\/www.brighigroup.com\/es\/trabaja-con-nosotros\/#primaryimage"},"thumbnailUrl":"https:\/\/www.brighigroup.com\/wp-content\/uploads\/2021\/11\/brighi-group-sedia_bianca.png","datePublished":"2022-06-07T13:18:32+00:00","dateModified":"2022-07-01T08:23:47+00:00","description":"Trabaja con nosotros: env\u00eda tu CV y forma parte de un entorno de trabajo inclusivo, estimulante y din\u00e1mico.","inLanguage":"es","potentialAction":[{"@type":"ReadAction","target":["https:\/\/www.brighigroup.com\/es\/trabaja-con-nosotros\/"]}]},{"@type":"ImageObject","inLanguage":"es","@id":"https:\/\/www.brighigroup.com\/es\/trabaja-con-nosotros\/#primaryimage","url":"https:\/\/www.brighigroup.com\/wp-content\/uploads\/2021\/11\/brighi-group-sedia_bianca.png","contentUrl":"https:\/\/www.brighigroup.com\/wp-content\/uploads\/2021\/11\/brighi-group-sedia_bianca.png"},{"@type":"WebSite","@id":"https:\/\/www.brighigroup.com\/es\/#website","url":"https:\/\/www.brighigroup.com\/es\/","name":"Brighi Group","description":"Home textile e di prodotti imbottiti per il design d&#039;arredo tramandando l&#039;innovazione come cultura d&#039;impresa.","potentialAction":[{"@type":"SearchAction","target":{"@type":"EntryPoint","urlTemplate":"https:\/\/www.brighigroup.com\/es\/?s={search_term_string}"},"query-input":{"@type":"PropertyValueSpecification","valueRequired":true,"valueName":"search_term_string"}}],"inLanguage":"es"}]}},"_links":{"self":[{"href":"https:\/\/www.brighigroup.com\/es\/wp-json\/wp\/v2\/pages\/6355","targetHints":{"allow":["GET"]}}],"collection":[{"href":"https:\/\/www.brighigroup.com\/es\/wp-json\/wp\/v2\/pages"}],"about":[{"href":"https:\/\/www.brighigroup.com\/es\/wp-json\/wp\/v2\/types\/page"}],"author":[{"embeddable":true,"href":"https:\/\/www.brighigroup.com\/es\/wp-json\/wp\/v2\/users\/1"}],"replies":[{"embeddable":true,"href":"https:\/\/www.brighigroup.com\/es\/wp-json\/wp\/v2\/comments?post=6355"}],"version-history":[{"count":13,"href":"https:\/\/www.brighigroup.com\/es\/wp-json\/wp\/v2\/pages\/6355\/revisions"}],"predecessor-version":[{"id":6732,"href":"https:\/\/www.brighigroup.com\/es\/wp-json\/wp\/v2\/pages\/6355\/revisions\/6732"}],"wp:attachment":[{"href":"https:\/\/www.brighigroup.com\/es\/wp-json\/wp\/v2\/media?parent=6355"}],"curies":[{"name":"wp","href":"https:\/\/api.w.org\/{rel}","templated":true}]}}