{"id":12133,"date":"2024-06-25T10:57:11","date_gmt":"2024-06-25T08:57:11","guid":{"rendered":"https:\/\/www.brighigroup.com\/soluciones\/"},"modified":"2024-07-09T09:40:15","modified_gmt":"2024-07-09T07:40:15","slug":"soluciones","status":"publish","type":"page","link":"https:\/\/www.brighigroup.com\/es\/soluciones\/","title":{"rendered":"Soluciones"},"content":{"rendered":"\t\t<div data-elementor-type=\"wp-page\" data-elementor-id=\"12133\" class=\"elementor elementor-12133 elementor-12066\" data-elementor-post-type=\"page\">\n\t\t\t\t\t\t<section class=\"elementor-section elementor-top-section elementor-element elementor-element-f4e22d4 elementor-section-boxed elementor-section-height-default elementor-section-height-default\" data-id=\"f4e22d4\" data-element_type=\"section\">\n\t\t\t\t\t\t<div class=\"elementor-container elementor-column-gap-default\">\n\t\t\t\t\t<div class=\"elementor-column elementor-col-100 elementor-top-column elementor-element elementor-element-30efeb5\" data-id=\"30efeb5\" data-element_type=\"column\">\n\t\t\t<div class=\"elementor-widget-wrap elementor-element-populated\">\n\t\t\t\t\t\t<div class=\"elementor-element elementor-element-f5086b4 elementor-widget elementor-widget-heading\" data-id=\"f5086b4\" data-element_type=\"widget\" data-widget_type=\"heading.default\">\n\t\t\t\t<div class=\"elementor-widget-container\">\n\t\t\t\t\t<h1 class=\"elementor-heading-title elementor-size-default\">SOLUCIONES PARA LA PRODUCCI\u00d3N DE TEXTILES PARA EL HOGAR, ROPA DE CAMA Y ESPUMA<\/h1>\t\t\t\t<\/div>\n\t\t\t\t<\/div>\n\t\t\t\t<div class=\"elementor-element elementor-element-e76aae6 elementor-widget elementor-widget-heading\" data-id=\"e76aae6\" data-element_type=\"widget\" data-widget_type=\"heading.default\">\n\t\t\t\t<div class=\"elementor-widget-container\">\n\t\t\t\t\t<h2 class=\"elementor-heading-title elementor-size-default\">Todas las soluciones desarrolladas para automatizar y hacer eficiente la producci\u00f3n de espuma y almohadas. <\/h2>\t\t\t\t<\/div>\n\t\t\t\t<\/div>\n\t\t\t\t<div class=\"elementor-element elementor-element-f1ef5fb elementor-widget-divider--view-line elementor-widget elementor-widget-divider\" data-id=\"f1ef5fb\" data-element_type=\"widget\" data-widget_type=\"divider.default\">\n\t\t\t\t<div class=\"elementor-widget-container\">\n\t\t\t\t\t\t\t<div class=\"elementor-divider\">\n\t\t\t<span class=\"elementor-divider-separator\">\n\t\t\t\t\t\t<\/span>\n\t\t<\/div>\n\t\t\t\t\t\t<\/div>\n\t\t\t\t<\/div>\n\t\t\t\t<div class=\"elementor-element elementor-element-a5a83e2 elementor-widget elementor-widget-text-editor\" data-id=\"a5a83e2\" data-element_type=\"widget\" data-widget_type=\"text-editor.default\">\n\t\t\t\t<div class=\"elementor-widget-container\">\n\t\t\t\t\t\t\t\t\t<p>Nuestras m\u00e1quinas de espuma ofrecen un servicio integral: desde la producci\u00f3n personalizada y por lotes de bloques de espuma hasta su reciclaje mediante trituraci\u00f3n y posterior producci\u00f3n de aglomerado. El objetivo es obtener, en el primer caso, un material de relleno innovador y menos costoso (como espuma triturada y espaguetis), y en el segundo, una alternativa ecol\u00f3gica al bloque de espuma virgen igual de duradera.<\/p>\n<p>Para la l\u00ednea de almohadas, nuestras tecnolog\u00edas proporcionan un proceso de producci\u00f3n optimizado, que incluye el procesamiento de la materia prima, el relleno o relleno, el cosido, el forro y el embalaje para una amplia gama de almohadas y cojines. Cada proceso puede estar totalmente automatizado o realizarse con tecnolog\u00eda m\u00e1s manual, en funci\u00f3n de las necesidades del cliente, ya que la modularidad de las m\u00e1quinas permite implantar la l\u00ednea a lo largo del tiempo.<\/p>\n<p>Per quanto riguarda la linea dei cuscini, le nostre tecnologie forniscono un processo produttivo ottimizzato, che include il processamento della materia prima, il riempimento o infoderamento, la cucitura, la realizzazione delle fodere e il confezionamento per una vasta gamma di cuscini e guanciali. Ogni processo pu\u00f2 essere totalmente automatizzato o svolto con tecnologie pi\u00f9 manuali, a seconda delle esigenze del cliente, siccome la modularit\u00e0 delle macchine permette l\u2019implementazione nel tempo della linea.<\/p>\n\t\t\t\t\t\t\t\t<\/div>\n\t\t\t\t<\/div>\n\t\t\t\t\t<\/div>\n\t\t<\/div>\n\t\t\t\t\t<\/div>\n\t\t<\/section>\n\t\t\t\t<section class=\"elementor-section elementor-top-section elementor-element elementor-element-292f8c4 elementor-section-boxed elementor-section-height-default elementor-section-height-default\" data-id=\"292f8c4\" data-element_type=\"section\">\n\t\t\t\t\t\t<div class=\"elementor-container elementor-column-gap-default\">\n\t\t\t\t\t<div class=\"elementor-column elementor-col-100 elementor-top-column elementor-element elementor-element-26cba07\" data-id=\"26cba07\" data-element_type=\"column\">\n\t\t\t<div class=\"elementor-widget-wrap elementor-element-populated\">\n\t\t\t\t\t\t<div class=\"elementor-element elementor-element-0d84ba7 elementor-grid-2 elementor-grid-tablet-2 elementor-grid-mobile-1 elementor-widget elementor-widget-loop-grid\" data-id=\"0d84ba7\" data-element_type=\"widget\" data-settings=\"{&quot;template_id&quot;:17762,&quot;columns&quot;:2,&quot;_skin&quot;:&quot;post&quot;,&quot;columns_tablet&quot;:&quot;2&quot;,&quot;columns_mobile&quot;:&quot;1&quot;,&quot;edit_handle_selector&quot;:&quot;[data-elementor-type=\\&quot;loop-item\\&quot;]&quot;,&quot;row_gap&quot;:{&quot;unit&quot;:&quot;px&quot;,&quot;size&quot;:&quot;&quot;,&quot;sizes&quot;:[]},&quot;row_gap_tablet&quot;:{&quot;unit&quot;:&quot;px&quot;,&quot;size&quot;:&quot;&quot;,&quot;sizes&quot;:[]},&quot;row_gap_mobile&quot;:{&quot;unit&quot;:&quot;px&quot;,&quot;size&quot;:&quot;&quot;,&quot;sizes&quot;:[]}}\" data-widget_type=\"loop-grid.post\">\n\t\t\t\t<div class=\"elementor-widget-container\">\n\t\t\t\t\t\t\t<div class=\"e-loop-nothing-found-message\">\n\t\t<\/div>\n\t\t\t\t\t\t<\/div>\n\t\t\t\t<\/div>\n\t\t\t\t\t<\/div>\n\t\t<\/div>\n\t\t\t\t\t<\/div>\n\t\t<\/section>\n\t\t\t\t<section class=\"elementor-section elementor-top-section elementor-element elementor-element-1c4b0b4 elementor-section-boxed elementor-section-height-default elementor-section-height-default\" data-id=\"1c4b0b4\" data-element_type=\"section\">\n\t\t\t\t\t\t<div class=\"elementor-container elementor-column-gap-default\">\n\t\t\t\t\t<div class=\"elementor-column elementor-col-100 elementor-top-column elementor-element elementor-element-f670d27\" data-id=\"f670d27\" data-element_type=\"column\">\n\t\t\t<div class=\"elementor-widget-wrap\">\n\t\t\t\t\t\t\t<\/div>\n\t\t<\/div>\n\t\t\t\t\t<\/div>\n\t\t<\/section>\n\t\t\t\t<\/div>\n\t\t","protected":false},"excerpt":{"rendered":"<p>SOLUCIONES PARA LA PRODUCCI\u00d3N DE TEXTILES PARA EL HOGAR, ROPA DE CAMA Y ESPUMA Todas las soluciones desarrolladas para automatizar y hacer eficiente la producci\u00f3n de espuma y almohadas. Nuestras m\u00e1quinas de espuma ofrecen un servicio integral: desde la producci\u00f3n personalizada y por lotes de bloques de espuma hasta su reciclaje mediante trituraci\u00f3n y posterior [&hellip;]<\/p>\n","protected":false},"author":1,"featured_media":0,"parent":0,"menu_order":0,"comment_status":"closed","ping_status":"closed","template":"","meta":{"_acf_changed":false,"footnotes":""},"class_list":["post-12133","page","type-page","status-publish","hentry"],"acf":[],"yoast_head":"<!-- This site is optimized with the Yoast SEO plugin v24.2 - https:\/\/yoast.com\/wordpress\/plugins\/seo\/ -->\n<title>Soluciones - Brighi Group<\/title>\n<meta name=\"robots\" content=\"index, follow, max-snippet:-1, max-image-preview:large, max-video-preview:-1\" \/>\n<link rel=\"canonical\" href=\"https:\/\/www.brighigroup.com\/es\/soluciones\/\" \/>\n<meta property=\"og:locale\" content=\"es_ES\" \/>\n<meta property=\"og:type\" content=\"article\" \/>\n<meta property=\"og:title\" content=\"Soluciones - Brighi Group\" \/>\n<meta property=\"og:description\" content=\"SOLUCIONES PARA LA PRODUCCI\u00d3N DE TEXTILES PARA EL HOGAR, ROPA DE CAMA Y ESPUMA Todas las soluciones desarrolladas para automatizar y hacer eficiente la producci\u00f3n de espuma y almohadas. Nuestras m\u00e1quinas de espuma ofrecen un servicio integral: desde la producci\u00f3n personalizada y por lotes de bloques de espuma hasta su reciclaje mediante trituraci\u00f3n y posterior [&hellip;]\" \/>\n<meta property=\"og:url\" content=\"https:\/\/www.brighigroup.com\/es\/soluciones\/\" \/>\n<meta property=\"og:site_name\" content=\"Brighi Group\" \/>\n<meta property=\"article:modified_time\" content=\"2024-07-09T07:40:15+00:00\" \/>\n<meta name=\"twitter:card\" content=\"summary_large_image\" \/>\n<meta name=\"twitter:label1\" content=\"Tiempo de lectura\" \/>\n\t<meta name=\"twitter:data1\" content=\"1 minuto\" \/>\n<script type=\"application\/ld+json\" class=\"yoast-schema-graph\">{\"@context\":\"https:\/\/schema.org\",\"@graph\":[{\"@type\":\"WebPage\",\"@id\":\"https:\/\/www.brighigroup.com\/es\/soluciones\/\",\"url\":\"https:\/\/www.brighigroup.com\/es\/soluciones\/\",\"name\":\"Soluciones - Brighi Group\",\"isPartOf\":{\"@id\":\"https:\/\/www.brighigroup.com\/es\/#website\"},\"datePublished\":\"2024-06-25T08:57:11+00:00\",\"dateModified\":\"2024-07-09T07:40:15+00:00\",\"inLanguage\":\"es\",\"potentialAction\":[{\"@type\":\"ReadAction\",\"target\":[\"https:\/\/www.brighigroup.com\/es\/soluciones\/\"]}]},{\"@type\":\"WebSite\",\"@id\":\"https:\/\/www.brighigroup.com\/es\/#website\",\"url\":\"https:\/\/www.brighigroup.com\/es\/\",\"name\":\"Brighi Group\",\"description\":\"Home textile e di prodotti imbottiti per il design d&#039;arredo tramandando l&#039;innovazione come cultura d&#039;impresa.\",\"potentialAction\":[{\"@type\":\"SearchAction\",\"target\":{\"@type\":\"EntryPoint\",\"urlTemplate\":\"https:\/\/www.brighigroup.com\/es\/?s={search_term_string}\"},\"query-input\":{\"@type\":\"PropertyValueSpecification\",\"valueRequired\":true,\"valueName\":\"search_term_string\"}}],\"inLanguage\":\"es\"}]}<\/script>\n<!-- \/ Yoast SEO plugin. -->","yoast_head_json":{"title":"Soluciones - Brighi Group","robots":{"index":"index","follow":"follow","max-snippet":"max-snippet:-1","max-image-preview":"max-image-preview:large","max-video-preview":"max-video-preview:-1"},"canonical":"https:\/\/www.brighigroup.com\/es\/soluciones\/","og_locale":"es_ES","og_type":"article","og_title":"Soluciones - Brighi Group","og_description":"SOLUCIONES PARA LA PRODUCCI\u00d3N DE TEXTILES PARA EL HOGAR, ROPA DE CAMA Y ESPUMA Todas las soluciones desarrolladas para automatizar y hacer eficiente la producci\u00f3n de espuma y almohadas. Nuestras m\u00e1quinas de espuma ofrecen un servicio integral: desde la producci\u00f3n personalizada y por lotes de bloques de espuma hasta su reciclaje mediante trituraci\u00f3n y posterior [&hellip;]","og_url":"https:\/\/www.brighigroup.com\/es\/soluciones\/","og_site_name":"Brighi Group","article_modified_time":"2024-07-09T07:40:15+00:00","twitter_card":"summary_large_image","twitter_misc":{"Tiempo de lectura":"1 minuto"},"schema":{"@context":"https:\/\/schema.org","@graph":[{"@type":"WebPage","@id":"https:\/\/www.brighigroup.com\/es\/soluciones\/","url":"https:\/\/www.brighigroup.com\/es\/soluciones\/","name":"Soluciones - Brighi Group","isPartOf":{"@id":"https:\/\/www.brighigroup.com\/es\/#website"},"datePublished":"2024-06-25T08:57:11+00:00","dateModified":"2024-07-09T07:40:15+00:00","inLanguage":"es","potentialAction":[{"@type":"ReadAction","target":["https:\/\/www.brighigroup.com\/es\/soluciones\/"]}]},{"@type":"WebSite","@id":"https:\/\/www.brighigroup.com\/es\/#website","url":"https:\/\/www.brighigroup.com\/es\/","name":"Brighi Group","description":"Home textile e di prodotti imbottiti per il design d&#039;arredo tramandando l&#039;innovazione come cultura d&#039;impresa.","potentialAction":[{"@type":"SearchAction","target":{"@type":"EntryPoint","urlTemplate":"https:\/\/www.brighigroup.com\/es\/?s={search_term_string}"},"query-input":{"@type":"PropertyValueSpecification","valueRequired":true,"valueName":"search_term_string"}}],"inLanguage":"es"}]}},"_links":{"self":[{"href":"https:\/\/www.brighigroup.com\/es\/wp-json\/wp\/v2\/pages\/12133","targetHints":{"allow":["GET"]}}],"collection":[{"href":"https:\/\/www.brighigroup.com\/es\/wp-json\/wp\/v2\/pages"}],"about":[{"href":"https:\/\/www.brighigroup.com\/es\/wp-json\/wp\/v2\/types\/page"}],"author":[{"embeddable":true,"href":"https:\/\/www.brighigroup.com\/es\/wp-json\/wp\/v2\/users\/1"}],"replies":[{"embeddable":true,"href":"https:\/\/www.brighigroup.com\/es\/wp-json\/wp\/v2\/comments?post=12133"}],"version-history":[{"count":3,"href":"https:\/\/www.brighigroup.com\/es\/wp-json\/wp\/v2\/pages\/12133\/revisions"}],"predecessor-version":[{"id":12396,"href":"https:\/\/www.brighigroup.com\/es\/wp-json\/wp\/v2\/pages\/12133\/revisions\/12396"}],"wp:attachment":[{"href":"https:\/\/www.brighigroup.com\/es\/wp-json\/wp\/v2\/media?parent=12133"}],"curies":[{"name":"wp","href":"https:\/\/api.w.org\/{rel}","templated":true}]}}