{"id":8160,"date":"2021-07-01T10:35:39","date_gmt":"2021-11-30T09:35:39","guid":{"rendered":"https:\/\/www.brighigroup.com\/machine\/mac-300d\/"},"modified":"2024-09-02T14:30:40","modified_gmt":"2024-09-02T12:30:40","slug":"mac-300d","status":"publish","type":"product","link":"https:\/\/www.brighigroup.com\/de\/maschine\/mac-300d\/","title":{"rendered":"MAC-300D"},"content":{"rendered":"<h2>VORW\u00c4GE- UND F\u00dcLLSYSTEM F\u00dcR POLSTERM\u00d6BEL (3 W\u00c4GEGER\u00c4TEN UND 1 F\u00dcLLEINRICHTUNG)<\/h2>\n<p>Diese Maschine ist besonders f\u00fcr das <strong>Vorwiegen und Gebl\u00e4se-F\u00fcllung von Polsterartikeln wie Sofas und anderen gro\u00dfvolumigen Artikeln konzipiert<\/strong>. Dieses Gebl\u00e4se-F\u00fcllsystem hat <strong>3 W\u00e4geger\u00e4ten und 1 F\u00fclleinrichtung<\/strong>, deren Tisch viel gr\u00f6\u00dfer ist als bei anderen MAC-Maschinen, um eine einfache Gebl\u00e4sephase auch bei volumin\u00f6seren Produkten zu erm\u00f6glichen.<\/p>\n<p>Das F\u00fcllmaterial wird im MAC-Silo\/Turm gelagert und in Bewegung gehalten, um Verklumpungen zu vermeiden. Die K\u00f6rbe wiegen das Material genau, dank der unter ihnen angebrachten W\u00e4gezellen. Au\u00dferdem passen das \u00dcbergewicht automatisch an, dank des <strong>Gewichtsausgleichs- und R\u00fcckgewinnungssystems<\/strong>.<\/p>\n<p>Wie bei allen anderen MAC-Maschinen ist es m\u00f6glich, verschiedene Gewichtsf\u00fcllungen in verschiedenen Taschen f\u00fcr <strong>mehrkammerige Artikel<\/strong> und verschiedene Taschen f\u00fcr Polsterkomponenten (Sitze, R\u00fcckenlehnen usw.) mit individuellen, unterschiedlichen Gewichten in Folge einzustellen.<\/p>\n<p>Um zu erfahren, welche anderen Konfigurationen m\u00f6glich sind, sehen Sie sich unsere anderen MAC-Maschinen an: <a href=\"https:\/\/www.brighigroup.com\/de\/maschine\/mac-200\/\">MAC-200<\/a>, <a href=\"https:\/\/www.brighigroup.com\/de\/maschine\/mac-300\/\">MAC-300<\/a>, <a href=\"https:\/\/www.brighigroup.com\/de\/maschine\/mac-400\/\">MAC-400,<\/a> <a href=\"https:\/\/www.brighigroup.com\/de\/maschine\/mac-600\/\">MAC-600<\/a>.<\/p>\n<p><iframe title=\"Pre-weighing and Blowing System mod. MAC-300\" width=\"800\" height=\"450\" src=\"https:\/\/www.youtube-nocookie.com\/embed\/2fBcswPhSK4?feature=oembed\" frameborder=\"0\" allow=\"accelerometer; autoplay; clipboard-write; encrypted-media; gyroscope; picture-in-picture\" allowfullscreen><\/iframe><\/p>\n<p><strong>WAS SIE BEF\u00dcLLEN K\u00d6NNEN<\/strong><\/p>\n<p>Kopfkissen, Kissen, Mehrkammerkissen, K\u00f6rperkissen<\/p>\n<p><strong>F\u00dcLLMATERIALIEN, DIE SIE VERWENDEN K\u00d6NNEN<\/strong><\/p>\n<p>Polyesterfasern und Mikrofasern (neu und recycelt), Federn und Daunen, Polyurethan-Spanplatten, Wolle und andere nat\u00fcrliche Materialien, Mischungen mit allen oben genannten Materialien.<\/p>\n<p><strong>HAUPTEIGENSCHAFTEN<\/strong><\/p>\n<ul>\n<li><strong>Das einzige System<\/strong>\u00a0auf dem Markt, mit dem eine Vielzahl von nat\u00fcrlichen und synthetischen Sch\u00fcttg\u00fctern mit demselben System mit h\u00f6chster Pr\u00e4zision und Genauigkeit vorverwogen werden kann.<\/li>\n<li><strong>Vereinfachte Verwaltung:<\/strong>\u00a0Touchscreen-Bedienfeld f\u00fcr die automatische Verwaltung aller Parameter und mechanischen Einstellungen, mit Rezeptureingabe und Verwaltung mit den Eigenschaften des Produkts\/Materials<\/li>\n<li><strong>Flexibilit\u00e4t<\/strong>: breites Spektrum an Materialien und Auskleidungen, die ohne mechanische Anpassungen verarbeitet werden k\u00f6nnen.<\/li>\n<li><strong>Alle F\u00fcllmaterialien<\/strong>: keine Beschr\u00e4nkungen hinsichtlich der Art der Kissenf\u00fcllung.<\/li>\n<li><strong>Entionisierungsst\u00e4be<\/strong>\u00a0im Einlaufturm zur Beseitigung von Prozess- und W\u00e4geproblemen im Zusammenhang mit elektrostatischen Aufladungen.<\/li>\n<li><strong>Pr\u00e4zise Vorw\u00e4gung\u00a0<\/strong>und automatische Gewichtskorrektur und R\u00fcckf\u00fchrung von Material bei \u00dcbergewicht.<\/li>\n<li><strong>Unterschiedliche Gewichte in Mehrkammerkissen:<\/strong>\u00a0Das System ist in der Lage, die verschiedenen Kammern der Polsterelemente mit unterschiedlichen Einzelgewichten in unterschiedlicher Reihenfolge zu f\u00fcllen. Das Gabelrohr, mit dem mehrere Kammern gleichzeitig gef\u00fcllt werden k\u00f6nnen, erh\u00f6ht die Leistung des Bedieners erheblich.<\/li>\n<li><strong>Integriertes Staubsammelsystem<\/strong>\u00a0mit Filtergewebesocken und Sackhalter mit Einweg-Sammels\u00e4cken.<\/li>\n<li><strong>Die Kissenklammern\u00a0<\/strong>am F\u00fcller erm\u00f6glichen einen praktisch handfreien Prozess und die Handhabung von zwei F\u00fcllern durch denselben Bediener.<\/li>\n<li><strong>Vakuumtisch\u00a0<\/strong>mit direktem Recyclingsystem f\u00fcr echte Einsparungen an sonst verlorenem Material und eine sauberere Arbeitsumgebung.<\/li>\n<\/ul>\n","protected":false},"excerpt":{"rendered":"<h6>VORW\u00c4GE- UND F\u00dcLLSYSTEM F\u00dcR POLSTERM\u00d6BEL<\/h6>\n","protected":false},"featured_media":4680,"template":"","meta":{"_acf_changed":false},"product_cat":[117,87],"product_tag":[306,313],"class_list":{"0":"post-8160","1":"product","2":"type-product","3":"status-publish","4":"has-post-thumbnail","6":"product_cat-abfullung","7":"product_cat-produktionslinie-fuer-sofas-und-polsterungen","8":"product_tag-geblasene-kissen-und-polster","9":"product_tag-sofakissen","11":"first","12":"instock","13":"shipping-taxable","14":"product-type-simple"},"acf":[],"yoast_head":"<!-- This site is optimized with the Yoast SEO plugin v24.2 - https:\/\/yoast.com\/wordpress\/plugins\/seo\/ -->\n<title>VORW\u00c4GE- UND F\u00dcLLSYSTEM F\u00dcR POLSTERM\u00d6BEL MAC-300D - Brighi Group<\/title>\n<meta name=\"description\" content=\"Vorwiegen und Einblasen von Polsterartikeln wie Sofas und anderen gro\u00dfvolumigen Artikeln konzipiert\" \/>\n<meta name=\"robots\" content=\"index, follow, max-snippet:-1, max-image-preview:large, max-video-preview:-1\" \/>\n<link rel=\"canonical\" href=\"https:\/\/www.brighigroup.com\/de\/maschine\/mac-300d\/\" \/>\n<meta property=\"og:locale\" content=\"de_DE\" \/>\n<meta property=\"og:type\" content=\"article\" \/>\n<meta property=\"og:title\" content=\"VORW\u00c4GE- UND F\u00dcLLSYSTEM F\u00dcR POLSTERM\u00d6BEL MAC-300D - Brighi Group\" \/>\n<meta property=\"og:description\" content=\"Vorwiegen und Einblasen von Polsterartikeln wie Sofas und anderen gro\u00dfvolumigen Artikeln konzipiert\" \/>\n<meta property=\"og:url\" content=\"https:\/\/www.brighigroup.com\/de\/maschine\/mac-300d\/\" \/>\n<meta property=\"og:site_name\" content=\"Brighi Group\" \/>\n<meta property=\"article:modified_time\" content=\"2024-09-02T12:30:40+00:00\" \/>\n<meta property=\"og:image\" content=\"https:\/\/www.brighigroup.com\/wp-content\/uploads\/2021\/11\/mac-300D.jpg\" \/>\n\t<meta property=\"og:image:width\" content=\"1920\" \/>\n\t<meta property=\"og:image:height\" content=\"1280\" \/>\n\t<meta property=\"og:image:type\" content=\"image\/jpeg\" \/>\n<meta name=\"twitter:card\" content=\"summary_large_image\" \/>\n<meta name=\"twitter:label1\" content=\"Gesch\u00e4tzte Lesezeit\" \/>\n\t<meta name=\"twitter:data1\" content=\"2\u00a0Minuten\" \/>\n<script type=\"application\/ld+json\" class=\"yoast-schema-graph\">{\"@context\":\"https:\/\/schema.org\",\"@graph\":[{\"@type\":\"WebPage\",\"@id\":\"https:\/\/www.brighigroup.com\/de\/maschine\/mac-300d\/\",\"url\":\"https:\/\/www.brighigroup.com\/de\/maschine\/mac-300d\/\",\"name\":\"VORW\u00c4GE- UND F\u00dcLLSYSTEM F\u00dcR POLSTERM\u00d6BEL MAC-300D - Brighi Group\",\"isPartOf\":{\"@id\":\"https:\/\/www.brighigroup.com\/de\/#website\"},\"primaryImageOfPage\":{\"@id\":\"https:\/\/www.brighigroup.com\/de\/maschine\/mac-300d\/#primaryimage\"},\"image\":{\"@id\":\"https:\/\/www.brighigroup.com\/de\/maschine\/mac-300d\/#primaryimage\"},\"thumbnailUrl\":\"https:\/\/www.brighigroup.com\/wp-content\/uploads\/2021\/11\/mac-300D.jpg\",\"datePublished\":\"2021-11-30T09:35:39+00:00\",\"dateModified\":\"2024-09-02T12:30:40+00:00\",\"description\":\"Vorwiegen und Einblasen von Polsterartikeln wie Sofas und anderen gro\u00dfvolumigen Artikeln konzipiert\",\"breadcrumb\":{\"@id\":\"https:\/\/www.brighigroup.com\/de\/maschine\/mac-300d\/#breadcrumb\"},\"inLanguage\":\"de\",\"potentialAction\":[{\"@type\":\"ReadAction\",\"target\":[\"https:\/\/www.brighigroup.com\/de\/maschine\/mac-300d\/\"]}]},{\"@type\":\"ImageObject\",\"inLanguage\":\"de\",\"@id\":\"https:\/\/www.brighigroup.com\/de\/maschine\/mac-300d\/#primaryimage\",\"url\":\"https:\/\/www.brighigroup.com\/wp-content\/uploads\/2021\/11\/mac-300D.jpg\",\"contentUrl\":\"https:\/\/www.brighigroup.com\/wp-content\/uploads\/2021\/11\/mac-300D.jpg\",\"width\":1920,\"height\":1280},{\"@type\":\"BreadcrumbList\",\"@id\":\"https:\/\/www.brighigroup.com\/de\/maschine\/mac-300d\/#breadcrumb\",\"itemListElement\":[{\"@type\":\"ListItem\",\"position\":1,\"name\":\"Home\",\"item\":\"https:\/\/www.brighigroup.com\/de\/home-2\/\"},{\"@type\":\"ListItem\",\"position\":2,\"name\":\"Maschinen\",\"item\":\"https:\/\/www.brighigroup.com\/de\/maschinen\/\"},{\"@type\":\"ListItem\",\"position\":3,\"name\":\"MAC-300D\"}]},{\"@type\":\"WebSite\",\"@id\":\"https:\/\/www.brighigroup.com\/de\/#website\",\"url\":\"https:\/\/www.brighigroup.com\/de\/\",\"name\":\"Brighi Group\",\"description\":\"Home textile e di prodotti imbottiti per il design d&#039;arredo tramandando l&#039;innovazione come cultura d&#039;impresa.\",\"potentialAction\":[{\"@type\":\"SearchAction\",\"target\":{\"@type\":\"EntryPoint\",\"urlTemplate\":\"https:\/\/www.brighigroup.com\/de\/?s={search_term_string}\"},\"query-input\":{\"@type\":\"PropertyValueSpecification\",\"valueRequired\":true,\"valueName\":\"search_term_string\"}}],\"inLanguage\":\"de\"}]}<\/script>\n<!-- \/ Yoast SEO plugin. -->","yoast_head_json":{"title":"VORW\u00c4GE- UND F\u00dcLLSYSTEM F\u00dcR POLSTERM\u00d6BEL MAC-300D - Brighi Group","description":"Vorwiegen und Einblasen von Polsterartikeln wie Sofas und anderen gro\u00dfvolumigen Artikeln konzipiert","robots":{"index":"index","follow":"follow","max-snippet":"max-snippet:-1","max-image-preview":"max-image-preview:large","max-video-preview":"max-video-preview:-1"},"canonical":"https:\/\/www.brighigroup.com\/de\/maschine\/mac-300d\/","og_locale":"de_DE","og_type":"article","og_title":"VORW\u00c4GE- UND F\u00dcLLSYSTEM F\u00dcR POLSTERM\u00d6BEL MAC-300D - Brighi Group","og_description":"Vorwiegen und Einblasen von Polsterartikeln wie Sofas und anderen gro\u00dfvolumigen Artikeln konzipiert","og_url":"https:\/\/www.brighigroup.com\/de\/maschine\/mac-300d\/","og_site_name":"Brighi Group","article_modified_time":"2024-09-02T12:30:40+00:00","og_image":[{"width":1920,"height":1280,"url":"https:\/\/www.brighigroup.com\/wp-content\/uploads\/2021\/11\/mac-300D.jpg","type":"image\/jpeg"}],"twitter_card":"summary_large_image","twitter_misc":{"Gesch\u00e4tzte Lesezeit":"2\u00a0Minuten"},"schema":{"@context":"https:\/\/schema.org","@graph":[{"@type":"WebPage","@id":"https:\/\/www.brighigroup.com\/de\/maschine\/mac-300d\/","url":"https:\/\/www.brighigroup.com\/de\/maschine\/mac-300d\/","name":"VORW\u00c4GE- UND F\u00dcLLSYSTEM F\u00dcR POLSTERM\u00d6BEL MAC-300D - Brighi Group","isPartOf":{"@id":"https:\/\/www.brighigroup.com\/de\/#website"},"primaryImageOfPage":{"@id":"https:\/\/www.brighigroup.com\/de\/maschine\/mac-300d\/#primaryimage"},"image":{"@id":"https:\/\/www.brighigroup.com\/de\/maschine\/mac-300d\/#primaryimage"},"thumbnailUrl":"https:\/\/www.brighigroup.com\/wp-content\/uploads\/2021\/11\/mac-300D.jpg","datePublished":"2021-11-30T09:35:39+00:00","dateModified":"2024-09-02T12:30:40+00:00","description":"Vorwiegen und Einblasen von Polsterartikeln wie Sofas und anderen gro\u00dfvolumigen Artikeln konzipiert","breadcrumb":{"@id":"https:\/\/www.brighigroup.com\/de\/maschine\/mac-300d\/#breadcrumb"},"inLanguage":"de","potentialAction":[{"@type":"ReadAction","target":["https:\/\/www.brighigroup.com\/de\/maschine\/mac-300d\/"]}]},{"@type":"ImageObject","inLanguage":"de","@id":"https:\/\/www.brighigroup.com\/de\/maschine\/mac-300d\/#primaryimage","url":"https:\/\/www.brighigroup.com\/wp-content\/uploads\/2021\/11\/mac-300D.jpg","contentUrl":"https:\/\/www.brighigroup.com\/wp-content\/uploads\/2021\/11\/mac-300D.jpg","width":1920,"height":1280},{"@type":"BreadcrumbList","@id":"https:\/\/www.brighigroup.com\/de\/maschine\/mac-300d\/#breadcrumb","itemListElement":[{"@type":"ListItem","position":1,"name":"Home","item":"https:\/\/www.brighigroup.com\/de\/home-2\/"},{"@type":"ListItem","position":2,"name":"Maschinen","item":"https:\/\/www.brighigroup.com\/de\/maschinen\/"},{"@type":"ListItem","position":3,"name":"MAC-300D"}]},{"@type":"WebSite","@id":"https:\/\/www.brighigroup.com\/de\/#website","url":"https:\/\/www.brighigroup.com\/de\/","name":"Brighi Group","description":"Home textile e di prodotti imbottiti per il design d&#039;arredo tramandando l&#039;innovazione come cultura d&#039;impresa.","potentialAction":[{"@type":"SearchAction","target":{"@type":"EntryPoint","urlTemplate":"https:\/\/www.brighigroup.com\/de\/?s={search_term_string}"},"query-input":{"@type":"PropertyValueSpecification","valueRequired":true,"valueName":"search_term_string"}}],"inLanguage":"de"}]}},"_links":{"self":[{"href":"https:\/\/www.brighigroup.com\/de\/wp-json\/wp\/v2\/product\/8160","targetHints":{"allow":["GET"]}}],"collection":[{"href":"https:\/\/www.brighigroup.com\/de\/wp-json\/wp\/v2\/product"}],"about":[{"href":"https:\/\/www.brighigroup.com\/de\/wp-json\/wp\/v2\/types\/product"}],"wp:featuredmedia":[{"embeddable":true,"href":"https:\/\/www.brighigroup.com\/de\/wp-json\/wp\/v2\/media\/4680"}],"wp:attachment":[{"href":"https:\/\/www.brighigroup.com\/de\/wp-json\/wp\/v2\/media?parent=8160"}],"wp:term":[{"taxonomy":"product_cat","embeddable":true,"href":"https:\/\/www.brighigroup.com\/de\/wp-json\/wp\/v2\/product_cat?post=8160"},{"taxonomy":"product_tag","embeddable":true,"href":"https:\/\/www.brighigroup.com\/de\/wp-json\/wp\/v2\/product_tag?post=8160"}],"curies":[{"name":"wp","href":"https:\/\/api.w.org\/{rel}","templated":true}]}}