{"id":7515,"date":"2021-05-01T12:25:10","date_gmt":"2022-08-05T10:25:10","guid":{"rendered":"https:\/\/www.brighigroup.com\/machine\/hf-200\/"},"modified":"2023-12-20T10:21:47","modified_gmt":"2023-12-20T09:21:47","slug":"hf-200","status":"publish","type":"product","link":"https:\/\/www.brighigroup.com\/de\/maschine\/hf-200\/","title":{"rendered":"HF-200"},"content":{"rendered":"<h2>Elektronische Absackmaschine f\u00fcr IKEA-Stuhlkissen mod. Justina<\/h2>\n<p>Die Maschine wurde speziell f\u00fcr und mit IKEA entwickelt, um den <strong>Verpackungsprozess von Polyurethan-Kernen in IKEA-Stuhlkissenbez\u00fcgen mod. Justina<\/strong>. Die Polyurethanfolie wird auf dem Zuf\u00fchrband auf der R\u00fcckseite der Maschine positioniert und die Abdeckung auf dem Band der Absackmaschine auf der Vorderseite, wo ein Bediener sie h\u00e4lt, bis die Folie vollst\u00e4ndig abgesackt ist. Die so entstandenen Kissen sind bereit f\u00fcr die n\u00e4chsten Verarbeitungsschritte und <strong>m\u00fcssen nicht mehr nachbearbeitet werden<\/strong>.<\/p>\n<p>Die Maschine kann an einen Schaumstoffplattenanleger (Mod. LH-100) angeschlossen werden.<\/p>\n<p><iframe title=\"Foam Core Filler with Automatic Loader for Chair Pads\" width=\"800\" height=\"450\" src=\"https:\/\/www.youtube-nocookie.com\/embed\/9ujN9ygUzs0?feature=oembed\" frameborder=\"0\" allow=\"accelerometer; autoplay; clipboard-write; encrypted-media; gyroscope; picture-in-picture; web-share\" allowfullscreen><\/iframe><\/p>\n<p><strong>WAS IN S\u00c4CKE VERPACKT WERDEN KANN<\/strong><\/p>\n<p>IKEA Stuhlkissen Mod. Justina mit Polyurethan-Kern<\/p>\n<p><strong>ARTEN VON AUSKLEIDUNGEN<\/strong><\/p>\n<p>IKEA deckt mod Justina &#8211; \u00d6ffnung 150mm (6&#8243;)<\/p>\n","protected":false},"excerpt":{"rendered":"<h6>Elektronische Absackmaschine f\u00fcr IKEA-Stuhlkissen mod. Justina<\/h6>\n","protected":false},"featured_media":7510,"template":"","meta":{"_acf_changed":false},"product_cat":[111,86],"product_tag":[309],"class_list":{"0":"post-7515","1":"product","2":"type-product","3":"status-publish","4":"has-post-thumbnail","6":"product_cat-bezuge-fullung","7":"product_cat-linie-der-zierkissen-mit-reissverschluss-und-outdoor-kissen","8":"product_tag-schaumstoff-und-latexkissen","10":"first","11":"instock","12":"shipping-taxable","13":"product-type-simple"},"acf":[],"yoast_head":"<!-- This site is optimized with the Yoast SEO plugin v24.2 - https:\/\/yoast.com\/wordpress\/plugins\/seo\/ -->\n<title>Absackmaschine f\u00fcr IKEA-Stuhlkissen mod. Justina HF-200 - Brighi Group<\/title>\n<meta name=\"description\" content=\"Elektronische Absackmaschine f\u00fcr IKEA-Stuhlkissen mod. Justina, um den Verpackungsprozess von Polyurethan-Kernen in IKEA-Stuhlkissenbez\u00fcgen mod. Justina zu automatisieren.\" \/>\n<meta name=\"robots\" content=\"index, follow, max-snippet:-1, max-image-preview:large, max-video-preview:-1\" \/>\n<link rel=\"canonical\" href=\"https:\/\/www.brighigroup.com\/de\/maschine\/hf-200\/\" \/>\n<meta property=\"og:locale\" content=\"de_DE\" \/>\n<meta property=\"og:type\" content=\"article\" \/>\n<meta property=\"og:title\" content=\"Absackmaschine f\u00fcr IKEA-Stuhlkissen mod. Justina HF-200 - Brighi Group\" \/>\n<meta property=\"og:description\" content=\"Elektronische Absackmaschine f\u00fcr IKEA-Stuhlkissen mod. Justina, um den Verpackungsprozess von Polyurethan-Kernen in IKEA-Stuhlkissenbez\u00fcgen mod. Justina zu automatisieren.\" \/>\n<meta property=\"og:url\" content=\"https:\/\/www.brighigroup.com\/de\/maschine\/hf-200\/\" \/>\n<meta property=\"og:site_name\" content=\"Brighi Group\" \/>\n<meta property=\"article:modified_time\" content=\"2023-12-20T09:21:47+00:00\" \/>\n<meta property=\"og:image\" content=\"https:\/\/www.brighigroup.com\/wp-content\/uploads\/2022\/08\/hf-200.jpg\" \/>\n\t<meta property=\"og:image:width\" content=\"1920\" \/>\n\t<meta property=\"og:image:height\" content=\"1280\" \/>\n\t<meta property=\"og:image:type\" content=\"image\/jpeg\" \/>\n<meta name=\"twitter:card\" content=\"summary_large_image\" \/>\n<meta name=\"twitter:label1\" content=\"Gesch\u00e4tzte Lesezeit\" \/>\n\t<meta name=\"twitter:data1\" content=\"1\u00a0Minute\" \/>\n<script type=\"application\/ld+json\" class=\"yoast-schema-graph\">{\"@context\":\"https:\/\/schema.org\",\"@graph\":[{\"@type\":\"WebPage\",\"@id\":\"https:\/\/www.brighigroup.com\/de\/maschine\/hf-200\/\",\"url\":\"https:\/\/www.brighigroup.com\/de\/maschine\/hf-200\/\",\"name\":\"Absackmaschine f\u00fcr IKEA-Stuhlkissen mod. Justina HF-200 - Brighi Group\",\"isPartOf\":{\"@id\":\"https:\/\/www.brighigroup.com\/de\/#website\"},\"primaryImageOfPage\":{\"@id\":\"https:\/\/www.brighigroup.com\/de\/maschine\/hf-200\/#primaryimage\"},\"image\":{\"@id\":\"https:\/\/www.brighigroup.com\/de\/maschine\/hf-200\/#primaryimage\"},\"thumbnailUrl\":\"https:\/\/www.brighigroup.com\/wp-content\/uploads\/2022\/08\/hf-200.jpg\",\"datePublished\":\"2022-08-05T10:25:10+00:00\",\"dateModified\":\"2023-12-20T09:21:47+00:00\",\"description\":\"Elektronische Absackmaschine f\u00fcr IKEA-Stuhlkissen mod. Justina, um den Verpackungsprozess von Polyurethan-Kernen in IKEA-Stuhlkissenbez\u00fcgen mod. Justina zu automatisieren.\",\"breadcrumb\":{\"@id\":\"https:\/\/www.brighigroup.com\/de\/maschine\/hf-200\/#breadcrumb\"},\"inLanguage\":\"de\",\"potentialAction\":[{\"@type\":\"ReadAction\",\"target\":[\"https:\/\/www.brighigroup.com\/de\/maschine\/hf-200\/\"]}]},{\"@type\":\"ImageObject\",\"inLanguage\":\"de\",\"@id\":\"https:\/\/www.brighigroup.com\/de\/maschine\/hf-200\/#primaryimage\",\"url\":\"https:\/\/www.brighigroup.com\/wp-content\/uploads\/2022\/08\/hf-200.jpg\",\"contentUrl\":\"https:\/\/www.brighigroup.com\/wp-content\/uploads\/2022\/08\/hf-200.jpg\",\"width\":1920,\"height\":1280},{\"@type\":\"BreadcrumbList\",\"@id\":\"https:\/\/www.brighigroup.com\/de\/maschine\/hf-200\/#breadcrumb\",\"itemListElement\":[{\"@type\":\"ListItem\",\"position\":1,\"name\":\"Home\",\"item\":\"https:\/\/www.brighigroup.com\/de\/home-2\/\"},{\"@type\":\"ListItem\",\"position\":2,\"name\":\"Maschinen\",\"item\":\"https:\/\/www.brighigroup.com\/de\/maschinen\/\"},{\"@type\":\"ListItem\",\"position\":3,\"name\":\"HF-200\"}]},{\"@type\":\"WebSite\",\"@id\":\"https:\/\/www.brighigroup.com\/de\/#website\",\"url\":\"https:\/\/www.brighigroup.com\/de\/\",\"name\":\"Brighi Group\",\"description\":\"Home textile e di prodotti imbottiti per il design d&#039;arredo tramandando l&#039;innovazione come cultura d&#039;impresa.\",\"potentialAction\":[{\"@type\":\"SearchAction\",\"target\":{\"@type\":\"EntryPoint\",\"urlTemplate\":\"https:\/\/www.brighigroup.com\/de\/?s={search_term_string}\"},\"query-input\":{\"@type\":\"PropertyValueSpecification\",\"valueRequired\":true,\"valueName\":\"search_term_string\"}}],\"inLanguage\":\"de\"}]}<\/script>\n<!-- \/ Yoast SEO plugin. -->","yoast_head_json":{"title":"Absackmaschine f\u00fcr IKEA-Stuhlkissen mod. Justina HF-200 - Brighi Group","description":"Elektronische Absackmaschine f\u00fcr IKEA-Stuhlkissen mod. Justina, um den Verpackungsprozess von Polyurethan-Kernen in IKEA-Stuhlkissenbez\u00fcgen mod. Justina zu automatisieren.","robots":{"index":"index","follow":"follow","max-snippet":"max-snippet:-1","max-image-preview":"max-image-preview:large","max-video-preview":"max-video-preview:-1"},"canonical":"https:\/\/www.brighigroup.com\/de\/maschine\/hf-200\/","og_locale":"de_DE","og_type":"article","og_title":"Absackmaschine f\u00fcr IKEA-Stuhlkissen mod. Justina HF-200 - Brighi Group","og_description":"Elektronische Absackmaschine f\u00fcr IKEA-Stuhlkissen mod. Justina, um den Verpackungsprozess von Polyurethan-Kernen in IKEA-Stuhlkissenbez\u00fcgen mod. Justina zu automatisieren.","og_url":"https:\/\/www.brighigroup.com\/de\/maschine\/hf-200\/","og_site_name":"Brighi Group","article_modified_time":"2023-12-20T09:21:47+00:00","og_image":[{"width":1920,"height":1280,"url":"https:\/\/www.brighigroup.com\/wp-content\/uploads\/2022\/08\/hf-200.jpg","type":"image\/jpeg"}],"twitter_card":"summary_large_image","twitter_misc":{"Gesch\u00e4tzte Lesezeit":"1\u00a0Minute"},"schema":{"@context":"https:\/\/schema.org","@graph":[{"@type":"WebPage","@id":"https:\/\/www.brighigroup.com\/de\/maschine\/hf-200\/","url":"https:\/\/www.brighigroup.com\/de\/maschine\/hf-200\/","name":"Absackmaschine f\u00fcr IKEA-Stuhlkissen mod. Justina HF-200 - Brighi Group","isPartOf":{"@id":"https:\/\/www.brighigroup.com\/de\/#website"},"primaryImageOfPage":{"@id":"https:\/\/www.brighigroup.com\/de\/maschine\/hf-200\/#primaryimage"},"image":{"@id":"https:\/\/www.brighigroup.com\/de\/maschine\/hf-200\/#primaryimage"},"thumbnailUrl":"https:\/\/www.brighigroup.com\/wp-content\/uploads\/2022\/08\/hf-200.jpg","datePublished":"2022-08-05T10:25:10+00:00","dateModified":"2023-12-20T09:21:47+00:00","description":"Elektronische Absackmaschine f\u00fcr IKEA-Stuhlkissen mod. Justina, um den Verpackungsprozess von Polyurethan-Kernen in IKEA-Stuhlkissenbez\u00fcgen mod. Justina zu automatisieren.","breadcrumb":{"@id":"https:\/\/www.brighigroup.com\/de\/maschine\/hf-200\/#breadcrumb"},"inLanguage":"de","potentialAction":[{"@type":"ReadAction","target":["https:\/\/www.brighigroup.com\/de\/maschine\/hf-200\/"]}]},{"@type":"ImageObject","inLanguage":"de","@id":"https:\/\/www.brighigroup.com\/de\/maschine\/hf-200\/#primaryimage","url":"https:\/\/www.brighigroup.com\/wp-content\/uploads\/2022\/08\/hf-200.jpg","contentUrl":"https:\/\/www.brighigroup.com\/wp-content\/uploads\/2022\/08\/hf-200.jpg","width":1920,"height":1280},{"@type":"BreadcrumbList","@id":"https:\/\/www.brighigroup.com\/de\/maschine\/hf-200\/#breadcrumb","itemListElement":[{"@type":"ListItem","position":1,"name":"Home","item":"https:\/\/www.brighigroup.com\/de\/home-2\/"},{"@type":"ListItem","position":2,"name":"Maschinen","item":"https:\/\/www.brighigroup.com\/de\/maschinen\/"},{"@type":"ListItem","position":3,"name":"HF-200"}]},{"@type":"WebSite","@id":"https:\/\/www.brighigroup.com\/de\/#website","url":"https:\/\/www.brighigroup.com\/de\/","name":"Brighi Group","description":"Home textile e di prodotti imbottiti per il design d&#039;arredo tramandando l&#039;innovazione come cultura d&#039;impresa.","potentialAction":[{"@type":"SearchAction","target":{"@type":"EntryPoint","urlTemplate":"https:\/\/www.brighigroup.com\/de\/?s={search_term_string}"},"query-input":{"@type":"PropertyValueSpecification","valueRequired":true,"valueName":"search_term_string"}}],"inLanguage":"de"}]}},"_links":{"self":[{"href":"https:\/\/www.brighigroup.com\/de\/wp-json\/wp\/v2\/product\/7515","targetHints":{"allow":["GET"]}}],"collection":[{"href":"https:\/\/www.brighigroup.com\/de\/wp-json\/wp\/v2\/product"}],"about":[{"href":"https:\/\/www.brighigroup.com\/de\/wp-json\/wp\/v2\/types\/product"}],"wp:featuredmedia":[{"embeddable":true,"href":"https:\/\/www.brighigroup.com\/de\/wp-json\/wp\/v2\/media\/7510"}],"wp:attachment":[{"href":"https:\/\/www.brighigroup.com\/de\/wp-json\/wp\/v2\/media?parent=7515"}],"wp:term":[{"taxonomy":"product_cat","embeddable":true,"href":"https:\/\/www.brighigroup.com\/de\/wp-json\/wp\/v2\/product_cat?post=7515"},{"taxonomy":"product_tag","embeddable":true,"href":"https:\/\/www.brighigroup.com\/de\/wp-json\/wp\/v2\/product_tag?post=7515"}],"curies":[{"name":"wp","href":"https:\/\/api.w.org\/{rel}","templated":true}]}}