{"id":7403,"date":"2022-07-04T14:13:51","date_gmt":"2022-07-04T12:26:59","guid":{"rendered":"https:\/\/www.brighigroup.com\/?post_type=product&#038;p=7403"},"modified":"2025-09-17T12:41:49","modified_gmt":"2025-09-17T10:41:49","slug":"fa-400","status":"publish","type":"product","link":"https:\/\/www.brighigroup.com\/de\/maschine\/fa-400\/","title":{"rendered":"FA-400"},"content":{"rendered":"<h2>Produktionsanlage f\u00fcr Verbundschaumstoff<\/h2>\n<p>Der FA-400 ist ein komplettes und effizientes System f\u00fcr <strong>die Verarbeitung von Polyurethanabf\u00e4llen<\/strong>. Die Maschine besteht aus einer b\u00fchnenartigen Tr\u00e4gerstruktur und einem geschlossenen Tank, in dem den zerkleinerten Materialien <strong>zwei chemische Komponenten<\/strong> (Prepolymer und Katalysator) <strong>zugesetzt werden<\/strong>. Der Tank ist mit einem R\u00fchrsystem ausgestattet, um das Material in st\u00e4ndiger Bewegung zu halten und ein Auskristallisieren zu verhindern. Am Ende der Mischzeit wird das erhaltene Produkt nach dem \u00d6ffnen der T\u00fcren in die darunter liegende Form entleert.<\/p>\n<p>Die Form wird dann vom Bediener unter die Presseinheit bef\u00f6rdert, wo die Pressphase des gemischten Produkts gem\u00e4\u00df den erforderlichen Parametern und Zeiten in Abh\u00e4ngigkeit vom zu erzielenden Endprodukt stattfindet. Das Endprodukt sind <strong>Bl\u00f6cke aus flexiblem Polyurethanschaum mit unterschiedlicher Dichte<\/strong>, je nach der f\u00fcr das Pressen eingestellten Zeit.<\/p>\n<p><iframe title=\"Complete Line for Rebonded Foam Production\" width=\"800\" height=\"450\" src=\"https:\/\/www.youtube-nocookie.com\/embed\/UpO5qsJiJx4?feature=oembed\" frameborder=\"0\" allow=\"accelerometer; autoplay; clipboard-write; encrypted-media; gyroscope; picture-in-picture; web-share\" referrerpolicy=\"strict-origin-when-cross-origin\" allowfullscreen><\/iframe><\/p>\n<p><strong>HAUPTEIGENSCHAFTEN<\/strong><\/p>\n<ul>\n<li><strong>Elektronisches Management<\/strong>: touchscreen zur automatischen Verwaltung aller Parameter und mechanischen Einstellungen + Eingabe und Verwaltung von Rezepten mit Produkt-\/Materialeigenschaften<\/li>\n<li><strong>Flexibilit\u00e4t<\/strong>: breite Palette von Produktblocktypen. Es ist m\u00f6glich, die Rezeptur anzupassen, um Bl\u00f6cke mit unterschiedlichen Dichten zu erhalten.<\/li>\n<li><strong>Recycling von Abfallstoffen<\/strong>: um den Produktionsprozess effizienter zu gestalten.<\/li>\n<li><strong>Geringere Kosten des Endprodukts<\/strong>: Durch den Ersatz von Neumaterial durch vollst\u00e4ndig recyceltes Material.<\/li>\n<li><strong>Recyceltes Material von h\u00f6chster Qualit\u00e4t<\/strong>: Dank der von der Software angebotenen Anpassungen ist es m\u00f6glich, ein Qualit\u00e4tsprodukt zu erhalten, das nicht br\u00f6ckelt.<\/li>\n<li><strong>Homogenes Mischen <\/strong>und vollst\u00e4ndige Temperaturkontrolle der chemischen Komponenten gew\u00e4hrleisten eine homogene und gleichm\u00e4\u00dfige Mischung und damit eine hervorragende Verteilung von Dichte und St\u00fctzfaktor innerhalb des Blocks.<\/li>\n<li><strong>Erhebliche Reduzierung <\/strong> der Produktions- und Lagerfl\u00e4che.<\/li>\n<li><strong>Keine Kosten<\/strong> f\u00fcr Transport und Abfallentsorgung.<\/li>\n<\/ul>\n","protected":false},"excerpt":{"rendered":"<h6>Komplettes und effizientes System f\u00fcr die Verarbeitung von Polyurethanabf\u00e4llen.<\/h6>\n","protected":false},"featured_media":13267,"template":"","meta":{"_acf_changed":false},"product_cat":[114,116,168],"product_tag":[329,318,309,313],"class_list":{"0":"post-7403","1":"product","2":"type-product","3":"status-publish","4":"has-post-thumbnail","6":"product_cat-polyurethan-produktionslinie-fur-matratzen-kissen-und-sofas","7":"product_cat-recycling-von-textilabfallen","8":"product_cat-recyclinganlage","9":"product_tag-produktionsabfall","10":"product_tag-schaum","11":"product_tag-schaumstoff-und-latexkissen","12":"product_tag-sofakissen","14":"first","15":"instock","16":"shipping-taxable","17":"product-type-simple"},"acf":[],"yoast_head":"<!-- This site is optimized with the Yoast SEO plugin v24.2 - https:\/\/yoast.com\/wordpress\/plugins\/seo\/ -->\n<title>Produktionsanlage f\u00fcr Verbundschaumstoff FA-400 - Brighi Group<\/title>\n<meta name=\"description\" content=\"Der FA-400 ist ein komplettes und effizientes System f\u00fcr die Verarbeitung von Polyurethanabf\u00e4llen zur Gewinnung von Verbundschaumstoff mit unterschiedlichen Dichten.\" \/>\n<meta name=\"robots\" content=\"index, follow, max-snippet:-1, max-image-preview:large, max-video-preview:-1\" \/>\n<link rel=\"canonical\" href=\"https:\/\/www.brighigroup.com\/de\/maschine\/fa-400\/\" \/>\n<meta property=\"og:locale\" content=\"de_DE\" \/>\n<meta property=\"og:type\" content=\"article\" \/>\n<meta property=\"og:title\" content=\"Produktionsanlage f\u00fcr Verbundschaumstoff FA-400 - Brighi Group\" \/>\n<meta property=\"og:description\" content=\"Der FA-400 ist ein komplettes und effizientes System f\u00fcr die Verarbeitung von Polyurethanabf\u00e4llen zur Gewinnung von Verbundschaumstoff mit unterschiedlichen Dichten.\" \/>\n<meta property=\"og:url\" content=\"https:\/\/www.brighigroup.com\/de\/maschine\/fa-400\/\" \/>\n<meta property=\"og:site_name\" content=\"Brighi Group\" \/>\n<meta property=\"article:modified_time\" content=\"2025-09-17T10:41:49+00:00\" \/>\n<meta property=\"og:image\" content=\"https:\/\/www.brighigroup.com\/wp-content\/uploads\/2022\/07\/FA-400_2024_vista1.1621.1-min-e1744707674950.jpg\" \/>\n\t<meta property=\"og:image:width\" content=\"10000\" \/>\n\t<meta property=\"og:image:height\" content=\"7087\" \/>\n\t<meta property=\"og:image:type\" content=\"image\/jpeg\" \/>\n<meta name=\"twitter:card\" content=\"summary_large_image\" \/>\n<meta name=\"twitter:label1\" content=\"Gesch\u00e4tzte Lesezeit\" \/>\n\t<meta name=\"twitter:data1\" content=\"2\u00a0Minuten\" \/>\n<script type=\"application\/ld+json\" class=\"yoast-schema-graph\">{\"@context\":\"https:\/\/schema.org\",\"@graph\":[{\"@type\":\"WebPage\",\"@id\":\"https:\/\/www.brighigroup.com\/de\/maschine\/fa-400\/\",\"url\":\"https:\/\/www.brighigroup.com\/de\/maschine\/fa-400\/\",\"name\":\"Produktionsanlage f\u00fcr Verbundschaumstoff FA-400 - Brighi Group\",\"isPartOf\":{\"@id\":\"https:\/\/www.brighigroup.com\/de\/#website\"},\"primaryImageOfPage\":{\"@id\":\"https:\/\/www.brighigroup.com\/de\/maschine\/fa-400\/#primaryimage\"},\"image\":{\"@id\":\"https:\/\/www.brighigroup.com\/de\/maschine\/fa-400\/#primaryimage\"},\"thumbnailUrl\":\"https:\/\/www.brighigroup.com\/wp-content\/uploads\/2022\/07\/FA-400_2024_vista1.1621.1-min-e1744707674950.jpg\",\"datePublished\":\"2022-07-04T12:26:59+00:00\",\"dateModified\":\"2025-09-17T10:41:49+00:00\",\"description\":\"Der FA-400 ist ein komplettes und effizientes System f\u00fcr die Verarbeitung von Polyurethanabf\u00e4llen zur Gewinnung von Verbundschaumstoff mit unterschiedlichen Dichten.\",\"breadcrumb\":{\"@id\":\"https:\/\/www.brighigroup.com\/de\/maschine\/fa-400\/#breadcrumb\"},\"inLanguage\":\"de\",\"potentialAction\":[{\"@type\":\"ReadAction\",\"target\":[\"https:\/\/www.brighigroup.com\/de\/maschine\/fa-400\/\"]}]},{\"@type\":\"ImageObject\",\"inLanguage\":\"de\",\"@id\":\"https:\/\/www.brighigroup.com\/de\/maschine\/fa-400\/#primaryimage\",\"url\":\"https:\/\/www.brighigroup.com\/wp-content\/uploads\/2022\/07\/FA-400_2024_vista1.1621.1-min-e1744707674950.jpg\",\"contentUrl\":\"https:\/\/www.brighigroup.com\/wp-content\/uploads\/2022\/07\/FA-400_2024_vista1.1621.1-min-e1744707674950.jpg\",\"width\":10000,\"height\":7087},{\"@type\":\"BreadcrumbList\",\"@id\":\"https:\/\/www.brighigroup.com\/de\/maschine\/fa-400\/#breadcrumb\",\"itemListElement\":[{\"@type\":\"ListItem\",\"position\":1,\"name\":\"Home\",\"item\":\"https:\/\/www.brighigroup.com\/de\/home-2\/\"},{\"@type\":\"ListItem\",\"position\":2,\"name\":\"Maschinen\",\"item\":\"https:\/\/www.brighigroup.com\/de\/maschinen\/\"},{\"@type\":\"ListItem\",\"position\":3,\"name\":\"FA-400\"}]},{\"@type\":\"WebSite\",\"@id\":\"https:\/\/www.brighigroup.com\/de\/#website\",\"url\":\"https:\/\/www.brighigroup.com\/de\/\",\"name\":\"Brighi Group\",\"description\":\"Home textile e di prodotti imbottiti per il design d&#039;arredo tramandando l&#039;innovazione come cultura d&#039;impresa.\",\"potentialAction\":[{\"@type\":\"SearchAction\",\"target\":{\"@type\":\"EntryPoint\",\"urlTemplate\":\"https:\/\/www.brighigroup.com\/de\/?s={search_term_string}\"},\"query-input\":{\"@type\":\"PropertyValueSpecification\",\"valueRequired\":true,\"valueName\":\"search_term_string\"}}],\"inLanguage\":\"de\"}]}<\/script>\n<!-- \/ Yoast SEO plugin. -->","yoast_head_json":{"title":"Produktionsanlage f\u00fcr Verbundschaumstoff FA-400 - Brighi Group","description":"Der FA-400 ist ein komplettes und effizientes System f\u00fcr die Verarbeitung von Polyurethanabf\u00e4llen zur Gewinnung von Verbundschaumstoff mit unterschiedlichen Dichten.","robots":{"index":"index","follow":"follow","max-snippet":"max-snippet:-1","max-image-preview":"max-image-preview:large","max-video-preview":"max-video-preview:-1"},"canonical":"https:\/\/www.brighigroup.com\/de\/maschine\/fa-400\/","og_locale":"de_DE","og_type":"article","og_title":"Produktionsanlage f\u00fcr Verbundschaumstoff FA-400 - Brighi Group","og_description":"Der FA-400 ist ein komplettes und effizientes System f\u00fcr die Verarbeitung von Polyurethanabf\u00e4llen zur Gewinnung von Verbundschaumstoff mit unterschiedlichen Dichten.","og_url":"https:\/\/www.brighigroup.com\/de\/maschine\/fa-400\/","og_site_name":"Brighi Group","article_modified_time":"2025-09-17T10:41:49+00:00","og_image":[{"width":10000,"height":7087,"url":"https:\/\/www.brighigroup.com\/wp-content\/uploads\/2022\/07\/FA-400_2024_vista1.1621.1-min-e1744707674950.jpg","type":"image\/jpeg"}],"twitter_card":"summary_large_image","twitter_misc":{"Gesch\u00e4tzte Lesezeit":"2\u00a0Minuten"},"schema":{"@context":"https:\/\/schema.org","@graph":[{"@type":"WebPage","@id":"https:\/\/www.brighigroup.com\/de\/maschine\/fa-400\/","url":"https:\/\/www.brighigroup.com\/de\/maschine\/fa-400\/","name":"Produktionsanlage f\u00fcr Verbundschaumstoff FA-400 - Brighi Group","isPartOf":{"@id":"https:\/\/www.brighigroup.com\/de\/#website"},"primaryImageOfPage":{"@id":"https:\/\/www.brighigroup.com\/de\/maschine\/fa-400\/#primaryimage"},"image":{"@id":"https:\/\/www.brighigroup.com\/de\/maschine\/fa-400\/#primaryimage"},"thumbnailUrl":"https:\/\/www.brighigroup.com\/wp-content\/uploads\/2022\/07\/FA-400_2024_vista1.1621.1-min-e1744707674950.jpg","datePublished":"2022-07-04T12:26:59+00:00","dateModified":"2025-09-17T10:41:49+00:00","description":"Der FA-400 ist ein komplettes und effizientes System f\u00fcr die Verarbeitung von Polyurethanabf\u00e4llen zur Gewinnung von Verbundschaumstoff mit unterschiedlichen Dichten.","breadcrumb":{"@id":"https:\/\/www.brighigroup.com\/de\/maschine\/fa-400\/#breadcrumb"},"inLanguage":"de","potentialAction":[{"@type":"ReadAction","target":["https:\/\/www.brighigroup.com\/de\/maschine\/fa-400\/"]}]},{"@type":"ImageObject","inLanguage":"de","@id":"https:\/\/www.brighigroup.com\/de\/maschine\/fa-400\/#primaryimage","url":"https:\/\/www.brighigroup.com\/wp-content\/uploads\/2022\/07\/FA-400_2024_vista1.1621.1-min-e1744707674950.jpg","contentUrl":"https:\/\/www.brighigroup.com\/wp-content\/uploads\/2022\/07\/FA-400_2024_vista1.1621.1-min-e1744707674950.jpg","width":10000,"height":7087},{"@type":"BreadcrumbList","@id":"https:\/\/www.brighigroup.com\/de\/maschine\/fa-400\/#breadcrumb","itemListElement":[{"@type":"ListItem","position":1,"name":"Home","item":"https:\/\/www.brighigroup.com\/de\/home-2\/"},{"@type":"ListItem","position":2,"name":"Maschinen","item":"https:\/\/www.brighigroup.com\/de\/maschinen\/"},{"@type":"ListItem","position":3,"name":"FA-400"}]},{"@type":"WebSite","@id":"https:\/\/www.brighigroup.com\/de\/#website","url":"https:\/\/www.brighigroup.com\/de\/","name":"Brighi Group","description":"Home textile e di prodotti imbottiti per il design d&#039;arredo tramandando l&#039;innovazione come cultura d&#039;impresa.","potentialAction":[{"@type":"SearchAction","target":{"@type":"EntryPoint","urlTemplate":"https:\/\/www.brighigroup.com\/de\/?s={search_term_string}"},"query-input":{"@type":"PropertyValueSpecification","valueRequired":true,"valueName":"search_term_string"}}],"inLanguage":"de"}]}},"_links":{"self":[{"href":"https:\/\/www.brighigroup.com\/de\/wp-json\/wp\/v2\/product\/7403","targetHints":{"allow":["GET"]}}],"collection":[{"href":"https:\/\/www.brighigroup.com\/de\/wp-json\/wp\/v2\/product"}],"about":[{"href":"https:\/\/www.brighigroup.com\/de\/wp-json\/wp\/v2\/types\/product"}],"wp:featuredmedia":[{"embeddable":true,"href":"https:\/\/www.brighigroup.com\/de\/wp-json\/wp\/v2\/media\/13267"}],"wp:attachment":[{"href":"https:\/\/www.brighigroup.com\/de\/wp-json\/wp\/v2\/media?parent=7403"}],"wp:term":[{"taxonomy":"product_cat","embeddable":true,"href":"https:\/\/www.brighigroup.com\/de\/wp-json\/wp\/v2\/product_cat?post=7403"},{"taxonomy":"product_tag","embeddable":true,"href":"https:\/\/www.brighigroup.com\/de\/wp-json\/wp\/v2\/product_tag?post=7403"}],"curies":[{"name":"wp","href":"https:\/\/api.w.org\/{rel}","templated":true}]}}