{"id":5113,"date":"2017-12-25T09:00:21","date_gmt":"2021-01-25T11:53:21","guid":{"rendered":"https:\/\/www.brighigroup.com\/macchina\/cerebro\/"},"modified":"2024-09-05T11:38:37","modified_gmt":"2024-09-05T09:38:37","slug":"cerebro","status":"publish","type":"product","link":"https:\/\/www.brighigroup.com\/de\/maschine\/cerebro\/","title":{"rendered":"CEREBRO"},"content":{"rendered":"<p style=\"text-align: justify;\">SOFTWARE ZUR VERWALTUNG VON PRODUKTIONSAUFTR\u00c4GEN UND ZUR PLANUNG VON PROZESSVERBESSERUNGEN<\/p>\n<p style=\"text-align: justify;\"><strong>Was ist Cerebro?<\/strong><\/p>\n<p style=\"text-align: justify;\">Cerebro ist eine Software, die Produktionsauftr\u00e4ge verwaltet, indem sie Priorit\u00e4ten setzt und plant, und au\u00dferdem die Produktivit\u00e4t der Produktionslinien in Echtzeit \u00fcberwacht.<\/p>\n<p style=\"text-align: justify;\"><strong>Wie funktioniert es?<\/strong><\/p>\n<p style=\"text-align: justify;\">Durch die Analyse der Daten in der Rohstoffdatenbank schl\u00e4gt Cerebro mit seinem eigenen Algorithmus den besten Weg vor, um die h\u00f6chste Qualit\u00e4t und Leistung zu erzielen. Sowohl die Manager in der Online-Suite als auch die Mitarbeiter vor Ort haben Zugang zu den Informationen und k\u00f6nnen im Bedarfsfall Ma\u00dfnahmen ergreifen. <strong>Strategische Daten<\/strong> <strong>k\u00f6nnen auch direkt mit den Lieferanten ausgetauscht werden,<\/strong> um die Qualit\u00e4t der Rohstoffe zu \u00fcberwachen und einen reibungslosen Ablauf der Lieferkette zu gew\u00e4hrleisten.<\/p>\n<p style=\"text-align: justify;\">Dank seines <strong>firmeneigenen Algorithmus<\/strong> erstellt Cerebro<strong> einen optimierten Produktionsplan<\/strong> auf der Grundlage der Auftragsfristen und der Verf\u00fcgbarkeit von Ressourcen. Wenn ein Produktionsauftrag erstellt wird, pr\u00fcft es automatisch die Verf\u00fcgbarkeit der ben\u00f6tigten Materialien und benachrichtigt Manager und Bediener \u00fcber die zu treffenden Ma\u00dfnahmen. Insgesamt dient Cerebro als <strong>zentraler Knotenpunkt f\u00fcr die Verwaltung von Produktionsabl\u00e4ufen<\/strong> und bietet umfassende Werkzeuge zur Rationalisierung von Produktionsprozessen, zur Sicherstellung der Materialverf\u00fcgbarkeit und zur Einhaltung von Qualit\u00e4tsstandards.<\/p>\n<p><iframe title=\"Cerebro - Do More.\" width=\"800\" height=\"450\" src=\"https:\/\/www.youtube-nocookie.com\/embed\/FgVJBPEq5e4?feature=oembed\" frameborder=\"0\" allow=\"accelerometer; autoplay; clipboard-write; encrypted-media; gyroscope; picture-in-picture\" allowfullscreen><\/iframe><\/p>\n<p style=\"text-align: justify;\"><strong>Hauptaufgaben:<\/strong><\/p>\n<ul style=\"text-align: justify;\">\n<li>Planen und Priorisieren von Produktionsauftr\u00e4gen<\/li>\n<li>Anlegen von Auftr\u00e4gen in der Rohstoffdatenbank<\/li>\n<li>Abrufen von Informationen vom virtuellen Assistenten<\/li>\n<li>Daten direkt mit Lieferanten austauschen<\/li>\n<li>Festlegung und \u00dcberwachung von Qualit\u00e4tsstandards<\/li>\n<\/ul>\n<p style=\"text-align: justify;\"><strong>Ist Cerebro die richtige Wahl f\u00fcr Sie?<\/strong><\/p>\n<p style=\"text-align: justify;\">Planen Sie Ihre Produktion noch mit Tabellenkalkulationen?<\/p>\n<p style=\"text-align: justify;\">M\u00f6chten Sie die Art und Weise des Datenaustauschs digitalisieren?<\/p>\n<p style=\"text-align: justify;\">Den Status Ihres Auftrags in Echtzeit kennen?<\/p>\n<p style=\"text-align: justify;\"><a href=\"https:\/\/www.brighigroup.com\/de\/brighi-digital-de\/\">Besuchen Sie unsere digitale Seite und entdecken Sie all die innovative Software und L\u00f6sungen, die f\u00fcr Ihren Maschinenpark verf\u00fcgbar sind!<\/a><\/p>\n<p style=\"text-align: justify;\">\n","protected":false},"excerpt":{"rendered":"<h6>Software zur Verwaltung von Produktionsauftr\u00e4gen und zur Planung von Prozessverbesserungen<\/h6>\n","protected":false},"featured_media":12048,"template":"","meta":{"_acf_changed":false},"product_cat":[84,112,86,89,108,114,113,87,168,88,115],"product_tag":[306,301,329,318,309,313,326,322],"class_list":{"0":"post-5113","1":"product","2":"type-product","3":"status-publish","4":"has-post-thumbnail","6":"product_cat-geblase-kissenlinie","7":"product_cat-kardierte-kissenlinie","8":"product_cat-linie-der-zierkissen-mit-reissverschluss-und-outdoor-kissen","9":"product_cat-llinie-fuellung-tierebetten-plueschtieren-gepolsterten-gegenstaenden","10":"product_cat-management-software","11":"product_cat-polyurethan-produktionslinie-fur-matratzen-kissen-und-sofas","12":"product_cat-polyurethan-latex-kissenlinie","13":"product_cat-produktionslinie-fuer-sofas-und-polsterungen","14":"product_cat-recyclinganlage","15":"product_cat-rohstoffaufbereitungs-und-schrottrecyclinganlage","16":"product_cat-steppdecken-linie","17":"product_tag-geblasene-kissen-und-polster","18":"product_tag-kopfkissen-und-kissen-aus-kardierter-faser","19":"product_tag-produktionsabfall","20":"product_tag-schaum","21":"product_tag-schaumstoff-und-latexkissen","22":"product_tag-sofakissen","23":"product_tag-steppdecken","24":"product_tag-teppiche","26":"first","27":"instock","28":"shipping-taxable","29":"product-type-simple"},"acf":[],"yoast_head":"<!-- This site is optimized with the Yoast SEO plugin v24.2 - https:\/\/yoast.com\/wordpress\/plugins\/seo\/ -->\n<title>CEREBRO - Brighi Group<\/title>\n<meta name=\"description\" content=\"Cerebro ist unsere Software zur Verwaltung von Produktionsauftr\u00e4gen und zur Planung von Prozessverbesserungen, um maximale Qualit\u00e4t zu erreichen.\" \/>\n<meta name=\"robots\" content=\"index, follow, max-snippet:-1, max-image-preview:large, max-video-preview:-1\" \/>\n<link rel=\"canonical\" href=\"https:\/\/www.brighigroup.com\/de\/maschine\/cerebro\/\" \/>\n<meta property=\"og:locale\" content=\"de_DE\" \/>\n<meta property=\"og:type\" content=\"article\" \/>\n<meta property=\"og:title\" content=\"CEREBRO - Brighi Group\" \/>\n<meta property=\"og:description\" content=\"Cerebro ist unsere Software zur Verwaltung von Produktionsauftr\u00e4gen und zur Planung von Prozessverbesserungen, um maximale Qualit\u00e4t zu erreichen.\" \/>\n<meta property=\"og:url\" content=\"https:\/\/www.brighigroup.com\/de\/maschine\/cerebro\/\" \/>\n<meta property=\"og:site_name\" content=\"Brighi Group\" \/>\n<meta property=\"article:modified_time\" content=\"2024-09-05T09:38:37+00:00\" \/>\n<meta property=\"og:image\" content=\"https:\/\/www.brighigroup.com\/wp-content\/uploads\/2021\/01\/Cerebro.jpg\" \/>\n\t<meta property=\"og:image:width\" content=\"1920\" \/>\n\t<meta property=\"og:image:height\" content=\"1280\" \/>\n\t<meta property=\"og:image:type\" content=\"image\/jpeg\" \/>\n<meta name=\"twitter:card\" content=\"summary_large_image\" \/>\n<meta name=\"twitter:label1\" content=\"Gesch\u00e4tzte Lesezeit\" \/>\n\t<meta name=\"twitter:data1\" content=\"1\u00a0Minute\" \/>\n<script type=\"application\/ld+json\" class=\"yoast-schema-graph\">{\"@context\":\"https:\/\/schema.org\",\"@graph\":[{\"@type\":\"WebPage\",\"@id\":\"https:\/\/www.brighigroup.com\/de\/maschine\/cerebro\/\",\"url\":\"https:\/\/www.brighigroup.com\/de\/maschine\/cerebro\/\",\"name\":\"CEREBRO - Brighi Group\",\"isPartOf\":{\"@id\":\"https:\/\/www.brighigroup.com\/de\/#website\"},\"primaryImageOfPage\":{\"@id\":\"https:\/\/www.brighigroup.com\/de\/maschine\/cerebro\/#primaryimage\"},\"image\":{\"@id\":\"https:\/\/www.brighigroup.com\/de\/maschine\/cerebro\/#primaryimage\"},\"thumbnailUrl\":\"https:\/\/www.brighigroup.com\/wp-content\/uploads\/2021\/01\/Cerebro.jpg\",\"datePublished\":\"2021-01-25T11:53:21+00:00\",\"dateModified\":\"2024-09-05T09:38:37+00:00\",\"description\":\"Cerebro ist unsere Software zur Verwaltung von Produktionsauftr\u00e4gen und zur Planung von Prozessverbesserungen, um maximale Qualit\u00e4t zu erreichen.\",\"breadcrumb\":{\"@id\":\"https:\/\/www.brighigroup.com\/de\/maschine\/cerebro\/#breadcrumb\"},\"inLanguage\":\"de\",\"potentialAction\":[{\"@type\":\"ReadAction\",\"target\":[\"https:\/\/www.brighigroup.com\/de\/maschine\/cerebro\/\"]}]},{\"@type\":\"ImageObject\",\"inLanguage\":\"de\",\"@id\":\"https:\/\/www.brighigroup.com\/de\/maschine\/cerebro\/#primaryimage\",\"url\":\"https:\/\/www.brighigroup.com\/wp-content\/uploads\/2021\/01\/Cerebro.jpg\",\"contentUrl\":\"https:\/\/www.brighigroup.com\/wp-content\/uploads\/2021\/01\/Cerebro.jpg\",\"width\":1920,\"height\":1280},{\"@type\":\"BreadcrumbList\",\"@id\":\"https:\/\/www.brighigroup.com\/de\/maschine\/cerebro\/#breadcrumb\",\"itemListElement\":[{\"@type\":\"ListItem\",\"position\":1,\"name\":\"Home\",\"item\":\"https:\/\/www.brighigroup.com\/de\/home-2\/\"},{\"@type\":\"ListItem\",\"position\":2,\"name\":\"Maschinen\",\"item\":\"https:\/\/www.brighigroup.com\/de\/maschinen\/\"},{\"@type\":\"ListItem\",\"position\":3,\"name\":\"CEREBRO\"}]},{\"@type\":\"WebSite\",\"@id\":\"https:\/\/www.brighigroup.com\/de\/#website\",\"url\":\"https:\/\/www.brighigroup.com\/de\/\",\"name\":\"Brighi Group\",\"description\":\"Home textile e di prodotti imbottiti per il design d&#039;arredo tramandando l&#039;innovazione come cultura d&#039;impresa.\",\"potentialAction\":[{\"@type\":\"SearchAction\",\"target\":{\"@type\":\"EntryPoint\",\"urlTemplate\":\"https:\/\/www.brighigroup.com\/de\/?s={search_term_string}\"},\"query-input\":{\"@type\":\"PropertyValueSpecification\",\"valueRequired\":true,\"valueName\":\"search_term_string\"}}],\"inLanguage\":\"de\"}]}<\/script>\n<!-- \/ Yoast SEO plugin. -->","yoast_head_json":{"title":"CEREBRO - Brighi Group","description":"Cerebro ist unsere Software zur Verwaltung von Produktionsauftr\u00e4gen und zur Planung von Prozessverbesserungen, um maximale Qualit\u00e4t zu erreichen.","robots":{"index":"index","follow":"follow","max-snippet":"max-snippet:-1","max-image-preview":"max-image-preview:large","max-video-preview":"max-video-preview:-1"},"canonical":"https:\/\/www.brighigroup.com\/de\/maschine\/cerebro\/","og_locale":"de_DE","og_type":"article","og_title":"CEREBRO - Brighi Group","og_description":"Cerebro ist unsere Software zur Verwaltung von Produktionsauftr\u00e4gen und zur Planung von Prozessverbesserungen, um maximale Qualit\u00e4t zu erreichen.","og_url":"https:\/\/www.brighigroup.com\/de\/maschine\/cerebro\/","og_site_name":"Brighi Group","article_modified_time":"2024-09-05T09:38:37+00:00","og_image":[{"width":1920,"height":1280,"url":"https:\/\/www.brighigroup.com\/wp-content\/uploads\/2021\/01\/Cerebro.jpg","type":"image\/jpeg"}],"twitter_card":"summary_large_image","twitter_misc":{"Gesch\u00e4tzte Lesezeit":"1\u00a0Minute"},"schema":{"@context":"https:\/\/schema.org","@graph":[{"@type":"WebPage","@id":"https:\/\/www.brighigroup.com\/de\/maschine\/cerebro\/","url":"https:\/\/www.brighigroup.com\/de\/maschine\/cerebro\/","name":"CEREBRO - Brighi Group","isPartOf":{"@id":"https:\/\/www.brighigroup.com\/de\/#website"},"primaryImageOfPage":{"@id":"https:\/\/www.brighigroup.com\/de\/maschine\/cerebro\/#primaryimage"},"image":{"@id":"https:\/\/www.brighigroup.com\/de\/maschine\/cerebro\/#primaryimage"},"thumbnailUrl":"https:\/\/www.brighigroup.com\/wp-content\/uploads\/2021\/01\/Cerebro.jpg","datePublished":"2021-01-25T11:53:21+00:00","dateModified":"2024-09-05T09:38:37+00:00","description":"Cerebro ist unsere Software zur Verwaltung von Produktionsauftr\u00e4gen und zur Planung von Prozessverbesserungen, um maximale Qualit\u00e4t zu erreichen.","breadcrumb":{"@id":"https:\/\/www.brighigroup.com\/de\/maschine\/cerebro\/#breadcrumb"},"inLanguage":"de","potentialAction":[{"@type":"ReadAction","target":["https:\/\/www.brighigroup.com\/de\/maschine\/cerebro\/"]}]},{"@type":"ImageObject","inLanguage":"de","@id":"https:\/\/www.brighigroup.com\/de\/maschine\/cerebro\/#primaryimage","url":"https:\/\/www.brighigroup.com\/wp-content\/uploads\/2021\/01\/Cerebro.jpg","contentUrl":"https:\/\/www.brighigroup.com\/wp-content\/uploads\/2021\/01\/Cerebro.jpg","width":1920,"height":1280},{"@type":"BreadcrumbList","@id":"https:\/\/www.brighigroup.com\/de\/maschine\/cerebro\/#breadcrumb","itemListElement":[{"@type":"ListItem","position":1,"name":"Home","item":"https:\/\/www.brighigroup.com\/de\/home-2\/"},{"@type":"ListItem","position":2,"name":"Maschinen","item":"https:\/\/www.brighigroup.com\/de\/maschinen\/"},{"@type":"ListItem","position":3,"name":"CEREBRO"}]},{"@type":"WebSite","@id":"https:\/\/www.brighigroup.com\/de\/#website","url":"https:\/\/www.brighigroup.com\/de\/","name":"Brighi Group","description":"Home textile e di prodotti imbottiti per il design d&#039;arredo tramandando l&#039;innovazione come cultura d&#039;impresa.","potentialAction":[{"@type":"SearchAction","target":{"@type":"EntryPoint","urlTemplate":"https:\/\/www.brighigroup.com\/de\/?s={search_term_string}"},"query-input":{"@type":"PropertyValueSpecification","valueRequired":true,"valueName":"search_term_string"}}],"inLanguage":"de"}]}},"_links":{"self":[{"href":"https:\/\/www.brighigroup.com\/de\/wp-json\/wp\/v2\/product\/5113","targetHints":{"allow":["GET"]}}],"collection":[{"href":"https:\/\/www.brighigroup.com\/de\/wp-json\/wp\/v2\/product"}],"about":[{"href":"https:\/\/www.brighigroup.com\/de\/wp-json\/wp\/v2\/types\/product"}],"wp:featuredmedia":[{"embeddable":true,"href":"https:\/\/www.brighigroup.com\/de\/wp-json\/wp\/v2\/media\/12048"}],"wp:attachment":[{"href":"https:\/\/www.brighigroup.com\/de\/wp-json\/wp\/v2\/media?parent=5113"}],"wp:term":[{"taxonomy":"product_cat","embeddable":true,"href":"https:\/\/www.brighigroup.com\/de\/wp-json\/wp\/v2\/product_cat?post=5113"},{"taxonomy":"product_tag","embeddable":true,"href":"https:\/\/www.brighigroup.com\/de\/wp-json\/wp\/v2\/product_tag?post=5113"}],"curies":[{"name":"wp","href":"https:\/\/api.w.org\/{rel}","templated":true}]}}