{"id":5111,"date":"2017-12-25T09:10:09","date_gmt":"2021-01-25T11:57:09","guid":{"rendered":"https:\/\/www.brighigroup.com\/macchina\/domino\/"},"modified":"2024-09-05T11:35:03","modified_gmt":"2024-09-05T09:35:03","slug":"domino","status":"publish","type":"product","link":"https:\/\/www.brighigroup.com\/de\/maschine\/domino\/","title":{"rendered":"DOMINO"},"content":{"rendered":"<p style=\"text-align: justify;\">SOFTWARE ZUR VERBINDUNG UND STEUERUNG VON MASCHINEN F\u00dcR DIE SCHNELLE INSTALLATION VON ANLAGEN<\/p>\n<p style=\"text-align: justify;\"><strong>Was ist Domino?<\/strong><\/p>\n<p style=\"text-align: justify;\">Domino ist die Software zur Verbindung und Steuerung von Maschinen und Ger\u00e4ten im Produktionsprozess, die automatisch die verschiedenen Eingaben verwaltet, um ma\u00dfgeschneiderte und genaue Mischungen zu erstellen.<\/p>\n<p style=\"text-align: justify;\"><strong>Wie funktioniert es?<\/strong><\/p>\n<p style=\"text-align: justify;\">Domino schafft eine einzige Arbeitsumgebung, <strong>\u00fcber die Sie die Abl\u00e4ufe und Parameter der einzelnen Maschinen elektronisch verwalten und einstellen k\u00f6nnen<\/strong>, ohne dass Sie physisch auf sie zugreifen m\u00fcssen. Es sammelt Daten von jeder einzelnen Maschine und verarbeitet sie, um sie den Endbenutzern zur Verf\u00fcgung zu stellen. Domino verwandelt einzelne Maschinen in eine <strong>wirklich vernetzte und effiziente Produktionslinie.<\/strong><\/p>\n<p style=\"text-align: justify;\">Domino <strong>verwaltet automatisch die verschiedenen Inputs<\/strong>, wie Federn, Fasern und Schaumstoffchips, um ma\u00dfgeschneiderte und genaue Mischungen zu erstellen. Auf diese Weise sind Sie in der Lage, jedes Material mit \u00e4u\u00dferster Pr\u00e4zision wissenschaftlich zu mischen und jeglichen Abfall zu vermeiden.<\/p>\n<p style=\"text-align: justify;\">Der Zugriff auf diese virtuelle Linie erfolgt \u00fcber ein Touchscreen-Panel, auf dem Sie die Daten entsprechend Ihren Produktionsanforderungen anzeigen und anpassen k\u00f6nnen. Auf Domino k\u00f6nnen Sie \u00fcberall zugreifen, von einem Smartphone, Tablet oder PC.<\/p>\n<p><iframe title=\"DOMINO \u2013 Connects the dots.\" width=\"800\" height=\"450\" src=\"https:\/\/www.youtube-nocookie.com\/embed\/fBQfnrhi77E?feature=oembed\" frameborder=\"0\" allow=\"accelerometer; autoplay; clipboard-write; encrypted-media; gyroscope; picture-in-picture\" allowfullscreen><\/iframe><\/p>\n<p style=\"text-align: justify;\"><strong>Hauptfunktionen<\/strong>:<\/p>\n<ul style=\"text-align: justify;\">\n<li>Verk\u00fcrzte Wiederbeschaffungszeiten<\/li>\n<li>Wissenschaftliche Mischungsverwaltung<\/li>\n<li>Ein-Klick-Einstellung des Produktionsflusses<\/li>\n<li>Vollst\u00e4ndige \u00dcbersicht \u00fcber die Linie<\/li>\n<li>Einstellung von Rezepten f\u00fcr die gesamte Linie<\/li>\n<\/ul>\n<p style=\"text-align: justify;\"><strong>Ist Domino die richtige Wahl f\u00fcr Sie?<\/strong><\/p>\n<p style=\"text-align: justify;\">Hier ist ein Schnelltest, um festzustellen, ob Domino die richtige Wahl f\u00fcr Sie ist<\/p>\n<p style=\"text-align: justify;\">Vermindern Produktions\u00e4nderungen die Produktivit\u00e4t Ihres Unternehmens?<\/p>\n<p style=\"text-align: justify;\">M\u00f6chten Sie bei der \u00c4nderung von Parametern Zeit sparen?<\/p>\n<p style=\"text-align: justify;\">M\u00f6chten Sie die Effizienz Ihrer Produktionslinie verbessern?<\/p>\n<p style=\"text-align: justify;\"><a href=\"https:\/\/www.brighigroup.com\/de\/brighi-digital-de\/\">Besuchen Sie unsere digitale Seite und entdecken Sie all die innovative Software und L\u00f6sungen, die f\u00fcr Ihren Maschinenpark verf\u00fcgbar sind!<\/a><\/p>\n<div id=\"gtx-trans\" style=\"position: absolute; left: -36px; top: 502px;\">\n<div class=\"gtx-trans-icon\"><\/div>\n<\/div>\n","protected":false},"excerpt":{"rendered":"<p>Software zur Verbindung und Steuerung von Maschinen f\u00fcr die schnelle installation von anlagen<\/p>\n","protected":false},"featured_media":12043,"template":"","meta":{"_acf_changed":false},"product_cat":[84,112,86,89,108,114,113,87,168,88,115],"product_tag":[306,301,329,318,309,313,326,322],"class_list":{"0":"post-5111","1":"product","2":"type-product","3":"status-publish","4":"has-post-thumbnail","6":"product_cat-geblase-kissenlinie","7":"product_cat-kardierte-kissenlinie","8":"product_cat-linie-der-zierkissen-mit-reissverschluss-und-outdoor-kissen","9":"product_cat-llinie-fuellung-tierebetten-plueschtieren-gepolsterten-gegenstaenden","10":"product_cat-management-software","11":"product_cat-polyurethan-produktionslinie-fur-matratzen-kissen-und-sofas","12":"product_cat-polyurethan-latex-kissenlinie","13":"product_cat-produktionslinie-fuer-sofas-und-polsterungen","14":"product_cat-recyclinganlage","15":"product_cat-rohstoffaufbereitungs-und-schrottrecyclinganlage","16":"product_cat-steppdecken-linie","17":"product_tag-geblasene-kissen-und-polster","18":"product_tag-kopfkissen-und-kissen-aus-kardierter-faser","19":"product_tag-produktionsabfall","20":"product_tag-schaum","21":"product_tag-schaumstoff-und-latexkissen","22":"product_tag-sofakissen","23":"product_tag-steppdecken","24":"product_tag-teppiche","26":"first","27":"instock","28":"shipping-taxable","29":"product-type-simple"},"acf":[],"yoast_head":"<!-- This site is optimized with the Yoast SEO plugin v24.2 - https:\/\/yoast.com\/wordpress\/plugins\/seo\/ -->\n<title>DOMINO - Brighi Group<\/title>\n<meta name=\"description\" content=\"Domino ist eine Software zur Verbindung und Steuerung von Maschinen und Ger\u00e4ten im Produktionsprozess, die eine einheitliche Arbeitsumgebung schafft.\" \/>\n<meta name=\"robots\" content=\"index, follow, max-snippet:-1, max-image-preview:large, max-video-preview:-1\" \/>\n<link rel=\"canonical\" href=\"https:\/\/www.brighigroup.com\/de\/maschine\/domino\/\" \/>\n<meta property=\"og:locale\" content=\"de_DE\" \/>\n<meta property=\"og:type\" content=\"article\" \/>\n<meta property=\"og:title\" content=\"DOMINO - Brighi Group\" \/>\n<meta property=\"og:description\" content=\"Domino ist eine Software zur Verbindung und Steuerung von Maschinen und Ger\u00e4ten im Produktionsprozess, die eine einheitliche Arbeitsumgebung schafft.\" \/>\n<meta property=\"og:url\" content=\"https:\/\/www.brighigroup.com\/de\/maschine\/domino\/\" \/>\n<meta property=\"og:site_name\" content=\"Brighi Group\" \/>\n<meta property=\"article:modified_time\" content=\"2024-09-05T09:35:03+00:00\" \/>\n<meta property=\"og:image\" content=\"https:\/\/www.brighigroup.com\/wp-content\/uploads\/2021\/01\/Domino.jpg\" \/>\n\t<meta property=\"og:image:width\" content=\"1920\" \/>\n\t<meta property=\"og:image:height\" content=\"1280\" \/>\n\t<meta property=\"og:image:type\" content=\"image\/jpeg\" \/>\n<meta name=\"twitter:card\" content=\"summary_large_image\" \/>\n<meta name=\"twitter:label1\" content=\"Gesch\u00e4tzte Lesezeit\" \/>\n\t<meta name=\"twitter:data1\" content=\"1\u00a0Minute\" \/>\n<script type=\"application\/ld+json\" class=\"yoast-schema-graph\">{\"@context\":\"https:\/\/schema.org\",\"@graph\":[{\"@type\":\"WebPage\",\"@id\":\"https:\/\/www.brighigroup.com\/de\/maschine\/domino\/\",\"url\":\"https:\/\/www.brighigroup.com\/de\/maschine\/domino\/\",\"name\":\"DOMINO - Brighi Group\",\"isPartOf\":{\"@id\":\"https:\/\/www.brighigroup.com\/de\/#website\"},\"primaryImageOfPage\":{\"@id\":\"https:\/\/www.brighigroup.com\/de\/maschine\/domino\/#primaryimage\"},\"image\":{\"@id\":\"https:\/\/www.brighigroup.com\/de\/maschine\/domino\/#primaryimage\"},\"thumbnailUrl\":\"https:\/\/www.brighigroup.com\/wp-content\/uploads\/2021\/01\/Domino.jpg\",\"datePublished\":\"2021-01-25T11:57:09+00:00\",\"dateModified\":\"2024-09-05T09:35:03+00:00\",\"description\":\"Domino ist eine Software zur Verbindung und Steuerung von Maschinen und Ger\u00e4ten im Produktionsprozess, die eine einheitliche Arbeitsumgebung schafft.\",\"breadcrumb\":{\"@id\":\"https:\/\/www.brighigroup.com\/de\/maschine\/domino\/#breadcrumb\"},\"inLanguage\":\"de\",\"potentialAction\":[{\"@type\":\"ReadAction\",\"target\":[\"https:\/\/www.brighigroup.com\/de\/maschine\/domino\/\"]}]},{\"@type\":\"ImageObject\",\"inLanguage\":\"de\",\"@id\":\"https:\/\/www.brighigroup.com\/de\/maschine\/domino\/#primaryimage\",\"url\":\"https:\/\/www.brighigroup.com\/wp-content\/uploads\/2021\/01\/Domino.jpg\",\"contentUrl\":\"https:\/\/www.brighigroup.com\/wp-content\/uploads\/2021\/01\/Domino.jpg\",\"width\":1920,\"height\":1280},{\"@type\":\"BreadcrumbList\",\"@id\":\"https:\/\/www.brighigroup.com\/de\/maschine\/domino\/#breadcrumb\",\"itemListElement\":[{\"@type\":\"ListItem\",\"position\":1,\"name\":\"Home\",\"item\":\"https:\/\/www.brighigroup.com\/de\/home-2\/\"},{\"@type\":\"ListItem\",\"position\":2,\"name\":\"Maschinen\",\"item\":\"https:\/\/www.brighigroup.com\/de\/maschinen\/\"},{\"@type\":\"ListItem\",\"position\":3,\"name\":\"DOMINO\"}]},{\"@type\":\"WebSite\",\"@id\":\"https:\/\/www.brighigroup.com\/de\/#website\",\"url\":\"https:\/\/www.brighigroup.com\/de\/\",\"name\":\"Brighi Group\",\"description\":\"Home textile e di prodotti imbottiti per il design d&#039;arredo tramandando l&#039;innovazione come cultura d&#039;impresa.\",\"potentialAction\":[{\"@type\":\"SearchAction\",\"target\":{\"@type\":\"EntryPoint\",\"urlTemplate\":\"https:\/\/www.brighigroup.com\/de\/?s={search_term_string}\"},\"query-input\":{\"@type\":\"PropertyValueSpecification\",\"valueRequired\":true,\"valueName\":\"search_term_string\"}}],\"inLanguage\":\"de\"}]}<\/script>\n<!-- \/ Yoast SEO plugin. -->","yoast_head_json":{"title":"DOMINO - Brighi Group","description":"Domino ist eine Software zur Verbindung und Steuerung von Maschinen und Ger\u00e4ten im Produktionsprozess, die eine einheitliche Arbeitsumgebung schafft.","robots":{"index":"index","follow":"follow","max-snippet":"max-snippet:-1","max-image-preview":"max-image-preview:large","max-video-preview":"max-video-preview:-1"},"canonical":"https:\/\/www.brighigroup.com\/de\/maschine\/domino\/","og_locale":"de_DE","og_type":"article","og_title":"DOMINO - Brighi Group","og_description":"Domino ist eine Software zur Verbindung und Steuerung von Maschinen und Ger\u00e4ten im Produktionsprozess, die eine einheitliche Arbeitsumgebung schafft.","og_url":"https:\/\/www.brighigroup.com\/de\/maschine\/domino\/","og_site_name":"Brighi Group","article_modified_time":"2024-09-05T09:35:03+00:00","og_image":[{"width":1920,"height":1280,"url":"https:\/\/www.brighigroup.com\/wp-content\/uploads\/2021\/01\/Domino.jpg","type":"image\/jpeg"}],"twitter_card":"summary_large_image","twitter_misc":{"Gesch\u00e4tzte Lesezeit":"1\u00a0Minute"},"schema":{"@context":"https:\/\/schema.org","@graph":[{"@type":"WebPage","@id":"https:\/\/www.brighigroup.com\/de\/maschine\/domino\/","url":"https:\/\/www.brighigroup.com\/de\/maschine\/domino\/","name":"DOMINO - Brighi Group","isPartOf":{"@id":"https:\/\/www.brighigroup.com\/de\/#website"},"primaryImageOfPage":{"@id":"https:\/\/www.brighigroup.com\/de\/maschine\/domino\/#primaryimage"},"image":{"@id":"https:\/\/www.brighigroup.com\/de\/maschine\/domino\/#primaryimage"},"thumbnailUrl":"https:\/\/www.brighigroup.com\/wp-content\/uploads\/2021\/01\/Domino.jpg","datePublished":"2021-01-25T11:57:09+00:00","dateModified":"2024-09-05T09:35:03+00:00","description":"Domino ist eine Software zur Verbindung und Steuerung von Maschinen und Ger\u00e4ten im Produktionsprozess, die eine einheitliche Arbeitsumgebung schafft.","breadcrumb":{"@id":"https:\/\/www.brighigroup.com\/de\/maschine\/domino\/#breadcrumb"},"inLanguage":"de","potentialAction":[{"@type":"ReadAction","target":["https:\/\/www.brighigroup.com\/de\/maschine\/domino\/"]}]},{"@type":"ImageObject","inLanguage":"de","@id":"https:\/\/www.brighigroup.com\/de\/maschine\/domino\/#primaryimage","url":"https:\/\/www.brighigroup.com\/wp-content\/uploads\/2021\/01\/Domino.jpg","contentUrl":"https:\/\/www.brighigroup.com\/wp-content\/uploads\/2021\/01\/Domino.jpg","width":1920,"height":1280},{"@type":"BreadcrumbList","@id":"https:\/\/www.brighigroup.com\/de\/maschine\/domino\/#breadcrumb","itemListElement":[{"@type":"ListItem","position":1,"name":"Home","item":"https:\/\/www.brighigroup.com\/de\/home-2\/"},{"@type":"ListItem","position":2,"name":"Maschinen","item":"https:\/\/www.brighigroup.com\/de\/maschinen\/"},{"@type":"ListItem","position":3,"name":"DOMINO"}]},{"@type":"WebSite","@id":"https:\/\/www.brighigroup.com\/de\/#website","url":"https:\/\/www.brighigroup.com\/de\/","name":"Brighi Group","description":"Home textile e di prodotti imbottiti per il design d&#039;arredo tramandando l&#039;innovazione come cultura d&#039;impresa.","potentialAction":[{"@type":"SearchAction","target":{"@type":"EntryPoint","urlTemplate":"https:\/\/www.brighigroup.com\/de\/?s={search_term_string}"},"query-input":{"@type":"PropertyValueSpecification","valueRequired":true,"valueName":"search_term_string"}}],"inLanguage":"de"}]}},"_links":{"self":[{"href":"https:\/\/www.brighigroup.com\/de\/wp-json\/wp\/v2\/product\/5111","targetHints":{"allow":["GET"]}}],"collection":[{"href":"https:\/\/www.brighigroup.com\/de\/wp-json\/wp\/v2\/product"}],"about":[{"href":"https:\/\/www.brighigroup.com\/de\/wp-json\/wp\/v2\/types\/product"}],"wp:featuredmedia":[{"embeddable":true,"href":"https:\/\/www.brighigroup.com\/de\/wp-json\/wp\/v2\/media\/12043"}],"wp:attachment":[{"href":"https:\/\/www.brighigroup.com\/de\/wp-json\/wp\/v2\/media?parent=5111"}],"wp:term":[{"taxonomy":"product_cat","embeddable":true,"href":"https:\/\/www.brighigroup.com\/de\/wp-json\/wp\/v2\/product_cat?post=5111"},{"taxonomy":"product_tag","embeddable":true,"href":"https:\/\/www.brighigroup.com\/de\/wp-json\/wp\/v2\/product_tag?post=5111"}],"curies":[{"name":"wp","href":"https:\/\/api.w.org\/{rel}","templated":true}]}}