{"id":5107,"date":"2017-12-25T09:01:18","date_gmt":"2021-01-25T11:59:18","guid":{"rendered":"https:\/\/www.brighigroup.com\/macchina\/callisto\/"},"modified":"2025-09-17T12:32:08","modified_gmt":"2025-09-17T10:32:08","slug":"callisto","status":"publish","type":"product","link":"https:\/\/www.brighigroup.com\/de\/maschine\/callisto\/","title":{"rendered":"CALLISTO"},"content":{"rendered":"<p style=\"text-align: justify\">SOFTWARE F\u00dcR DIE VORBEUGENDE WARTUNG F\u00dcR MEHR BETRIEBSZEIT UND EFFIZIENZ<\/p>\n<p style=\"text-align: justify\"><strong>Was ist Callisto?<\/strong><\/p>\n<p style=\"text-align: justify\">Callisto ist unsere Software f\u00fcr die vorbeugende Wartung, mit der der Zustand von Komponenten \u00fcberwacht und ein Austausch nur bei Bedarf geplant wird.<\/p>\n<p style=\"text-align: justify\"><strong>Wie funktioniert sie?<\/strong><\/p>\n<p style=\"text-align: justify\">Callisto revolutioniert die Wartungsarbeiten, indem es den gesamten Prozess vereinfacht und rationalisiert.<\/p>\n<p style=\"text-align: justify\">Mit auf <strong>k\u00fcnstlicher Intelligenz basierenden Planungsfunktionen<\/strong> erm\u00f6glicht sie den <strong>Benutzern eine effiziente Planung und Ausf\u00fchrung von Wartungsaufgaben <\/strong>und gew\u00e4hrleistet so eine optimale Anlagenleistung. Durch die st\u00e4ndige \u00dcberwachung von Maschinenverbrauchsmaterialien und kritischen Komponenten warnt die Software die Benutzer, wenn die Komponenten 75 Prozent ihrer Lebensdauer erreicht haben, wenn ein Austausch empfohlen wird, und dann wieder bei 100 Prozent. Diese <strong>kontinuierliche \u00dcberwachung optimiert die Ressourcennutzung<\/strong>, bietet eine genaue Kontrolle dar\u00fcber, wann Teile ausgetauscht werden m\u00fcssen und erm\u00f6glicht eine proaktive Vorbereitung, um Zeit und Kosten zu sparen. Um die Erfahrung so effizient wie m\u00f6glich zu gestalten, kann der Benutzer Callisto mit Daten zu bestimmten Maschinenmerkmalen versorgen. Mithilfe von <strong>maschinellen Lernverfahren<\/strong> lernt der Algorithmus einen bestimmten Satz von Daten und die zu generierenden Ergebnisse. Auf diese Weise kann er zum Beispiel den Austausch einer Komponente auch nach 100-prozentiger Nutzung fordern.<\/p>\n<p style=\"text-align: justify\">Detaillierte Statistiken und Prognosen, die in intuitiven Dashboards dargestellt werden, liefern dem Benutzer n\u00fctzliche Informationen f\u00fcr die Festlegung von Wartungsstrategien im Voraus. Durch die Integration von Kameras bietet die Software visuelle Unterst\u00fctzung f\u00fcr Wartungsaktivit\u00e4ten, beschleunigt die Fehlersuche und minimiert Ausfallzeiten.<\/p>\n<p><iframe title=\"Brighi Digital presenting Callisto\" width=\"800\" height=\"450\" src=\"https:\/\/www.youtube-nocookie.com\/embed\/S70EhCcIFN0?feature=oembed\" frameborder=\"0\" allow=\"accelerometer; autoplay; clipboard-write; encrypted-media; gyroscope; picture-in-picture; web-share\" referrerpolicy=\"strict-origin-when-cross-origin\" allowfullscreen><\/iframe><\/p>\n<p><strong>Hauptfunktionen:<\/strong><\/p>\n<ul>\n<li>Vereinfachung und Planung der Wartung<\/li>\n<li>Abrufen von Statistiken und Prognosen in Dashboards<\/li>\n<li>Anschluss von Kameras zur Unterst\u00fctzung der Wartung<\/li>\n<li>Beschleunigen Sie die Fehlersuche<\/li>\n<li>Maschinenprobleme erkennen, bevor sie auftreten<\/li>\n<\/ul>\n<p>&nbsp;<\/p>\n<p><strong>Ist Callisto die richtige Wahl f\u00fcr Sie?<\/strong><\/p>\n<p>Kommt es bei Ihnen h\u00e4ufig zu Produktionsverz\u00f6gerungen aufgrund von Wartungsarbeiten?<\/p>\n<p>M\u00f6chten Sie die Wartungsprozesse in Ihrem Unternehmen vereinfachen?<\/p>\n<p>Fehlen Ihnen die Daten, um Entscheidungen \u00fcber den Austausch von Teilen zu treffen?<\/p>\n<p><a href=\"https:\/\/www.brighigroup.com\/de\/brighi-digital-de\/\">Besuchen Sie unsere digitale Seite und entdecken Sie all die innovative Software und L\u00f6sungen, die f\u00fcr Ihren Maschinenpark verf\u00fcgbar sind!<\/a><\/p>\n","protected":false},"excerpt":{"rendered":"<h6>Software f\u00fcr vorbeugende Wartung, die den Zustand der Komponenten f\u00fcr einen optimierten Betrieb \u00fcberwacht<\/h6>\n","protected":false},"featured_media":12053,"template":"","meta":{"_acf_changed":false},"product_cat":[84,112,86,89,108,114,113,87,168,88,115],"product_tag":[306,301,329,318,309,313,326,322],"class_list":{"0":"post-5107","1":"product","2":"type-product","3":"status-publish","4":"has-post-thumbnail","6":"product_cat-geblase-kissenlinie","7":"product_cat-kardierte-kissenlinie","8":"product_cat-linie-der-zierkissen-mit-reissverschluss-und-outdoor-kissen","9":"product_cat-llinie-fuellung-tierebetten-plueschtieren-gepolsterten-gegenstaenden","10":"product_cat-management-software","11":"product_cat-polyurethan-produktionslinie-fur-matratzen-kissen-und-sofas","12":"product_cat-polyurethan-latex-kissenlinie","13":"product_cat-produktionslinie-fuer-sofas-und-polsterungen","14":"product_cat-recyclinganlage","15":"product_cat-rohstoffaufbereitungs-und-schrottrecyclinganlage","16":"product_cat-steppdecken-linie","17":"product_tag-geblasene-kissen-und-polster","18":"product_tag-kopfkissen-und-kissen-aus-kardierter-faser","19":"product_tag-produktionsabfall","20":"product_tag-schaum","21":"product_tag-schaumstoff-und-latexkissen","22":"product_tag-sofakissen","23":"product_tag-steppdecken","24":"product_tag-teppiche","26":"first","27":"instock","28":"shipping-taxable","29":"product-type-simple"},"acf":[],"yoast_head":"<!-- This site is optimized with the Yoast SEO plugin v24.2 - https:\/\/yoast.com\/wordpress\/plugins\/seo\/ -->\n<title>CALLISTO - Brighi Group<\/title>\n<meta name=\"description\" content=\"Callisto ist unsere Software f\u00fcr die vorbeugende Wartung, die den Zustand der Komponenten \u00fcberwacht und bei Bedarf einen Austausch plant.\" \/>\n<meta name=\"robots\" content=\"index, follow, max-snippet:-1, max-image-preview:large, max-video-preview:-1\" \/>\n<link rel=\"canonical\" href=\"https:\/\/www.brighigroup.com\/de\/maschine\/callisto\/\" \/>\n<meta property=\"og:locale\" content=\"de_DE\" \/>\n<meta property=\"og:type\" content=\"article\" \/>\n<meta property=\"og:title\" content=\"CALLISTO - Brighi Group\" \/>\n<meta property=\"og:description\" content=\"Callisto ist unsere Software f\u00fcr die vorbeugende Wartung, die den Zustand der Komponenten \u00fcberwacht und bei Bedarf einen Austausch plant.\" \/>\n<meta property=\"og:url\" content=\"https:\/\/www.brighigroup.com\/de\/maschine\/callisto\/\" \/>\n<meta property=\"og:site_name\" content=\"Brighi Group\" \/>\n<meta property=\"article:modified_time\" content=\"2025-09-17T10:32:08+00:00\" \/>\n<meta property=\"og:image\" content=\"https:\/\/www.brighigroup.com\/wp-content\/uploads\/2021\/01\/Callisto.jpg\" \/>\n\t<meta property=\"og:image:width\" content=\"1920\" \/>\n\t<meta property=\"og:image:height\" content=\"1280\" \/>\n\t<meta property=\"og:image:type\" content=\"image\/jpeg\" \/>\n<meta name=\"twitter:card\" content=\"summary_large_image\" \/>\n<meta name=\"twitter:label1\" content=\"Gesch\u00e4tzte Lesezeit\" \/>\n\t<meta name=\"twitter:data1\" content=\"2\u00a0Minuten\" \/>\n<script type=\"application\/ld+json\" class=\"yoast-schema-graph\">{\"@context\":\"https:\/\/schema.org\",\"@graph\":[{\"@type\":\"WebPage\",\"@id\":\"https:\/\/www.brighigroup.com\/de\/maschine\/callisto\/\",\"url\":\"https:\/\/www.brighigroup.com\/de\/maschine\/callisto\/\",\"name\":\"CALLISTO - Brighi Group\",\"isPartOf\":{\"@id\":\"https:\/\/www.brighigroup.com\/de\/#website\"},\"primaryImageOfPage\":{\"@id\":\"https:\/\/www.brighigroup.com\/de\/maschine\/callisto\/#primaryimage\"},\"image\":{\"@id\":\"https:\/\/www.brighigroup.com\/de\/maschine\/callisto\/#primaryimage\"},\"thumbnailUrl\":\"https:\/\/www.brighigroup.com\/wp-content\/uploads\/2021\/01\/Callisto.jpg\",\"datePublished\":\"2021-01-25T11:59:18+00:00\",\"dateModified\":\"2025-09-17T10:32:08+00:00\",\"description\":\"Callisto ist unsere Software f\u00fcr die vorbeugende Wartung, die den Zustand der Komponenten \u00fcberwacht und bei Bedarf einen Austausch plant.\",\"breadcrumb\":{\"@id\":\"https:\/\/www.brighigroup.com\/de\/maschine\/callisto\/#breadcrumb\"},\"inLanguage\":\"de\",\"potentialAction\":[{\"@type\":\"ReadAction\",\"target\":[\"https:\/\/www.brighigroup.com\/de\/maschine\/callisto\/\"]}]},{\"@type\":\"ImageObject\",\"inLanguage\":\"de\",\"@id\":\"https:\/\/www.brighigroup.com\/de\/maschine\/callisto\/#primaryimage\",\"url\":\"https:\/\/www.brighigroup.com\/wp-content\/uploads\/2021\/01\/Callisto.jpg\",\"contentUrl\":\"https:\/\/www.brighigroup.com\/wp-content\/uploads\/2021\/01\/Callisto.jpg\",\"width\":1920,\"height\":1280},{\"@type\":\"BreadcrumbList\",\"@id\":\"https:\/\/www.brighigroup.com\/de\/maschine\/callisto\/#breadcrumb\",\"itemListElement\":[{\"@type\":\"ListItem\",\"position\":1,\"name\":\"Home\",\"item\":\"https:\/\/www.brighigroup.com\/de\/home-2\/\"},{\"@type\":\"ListItem\",\"position\":2,\"name\":\"Maschinen\",\"item\":\"https:\/\/www.brighigroup.com\/de\/maschinen\/\"},{\"@type\":\"ListItem\",\"position\":3,\"name\":\"CALLISTO\"}]},{\"@type\":\"WebSite\",\"@id\":\"https:\/\/www.brighigroup.com\/de\/#website\",\"url\":\"https:\/\/www.brighigroup.com\/de\/\",\"name\":\"Brighi Group\",\"description\":\"Home textile e di prodotti imbottiti per il design d&#039;arredo tramandando l&#039;innovazione come cultura d&#039;impresa.\",\"potentialAction\":[{\"@type\":\"SearchAction\",\"target\":{\"@type\":\"EntryPoint\",\"urlTemplate\":\"https:\/\/www.brighigroup.com\/de\/?s={search_term_string}\"},\"query-input\":{\"@type\":\"PropertyValueSpecification\",\"valueRequired\":true,\"valueName\":\"search_term_string\"}}],\"inLanguage\":\"de\"}]}<\/script>\n<!-- \/ Yoast SEO plugin. -->","yoast_head_json":{"title":"CALLISTO - Brighi Group","description":"Callisto ist unsere Software f\u00fcr die vorbeugende Wartung, die den Zustand der Komponenten \u00fcberwacht und bei Bedarf einen Austausch plant.","robots":{"index":"index","follow":"follow","max-snippet":"max-snippet:-1","max-image-preview":"max-image-preview:large","max-video-preview":"max-video-preview:-1"},"canonical":"https:\/\/www.brighigroup.com\/de\/maschine\/callisto\/","og_locale":"de_DE","og_type":"article","og_title":"CALLISTO - Brighi Group","og_description":"Callisto ist unsere Software f\u00fcr die vorbeugende Wartung, die den Zustand der Komponenten \u00fcberwacht und bei Bedarf einen Austausch plant.","og_url":"https:\/\/www.brighigroup.com\/de\/maschine\/callisto\/","og_site_name":"Brighi Group","article_modified_time":"2025-09-17T10:32:08+00:00","og_image":[{"width":1920,"height":1280,"url":"https:\/\/www.brighigroup.com\/wp-content\/uploads\/2021\/01\/Callisto.jpg","type":"image\/jpeg"}],"twitter_card":"summary_large_image","twitter_misc":{"Gesch\u00e4tzte Lesezeit":"2\u00a0Minuten"},"schema":{"@context":"https:\/\/schema.org","@graph":[{"@type":"WebPage","@id":"https:\/\/www.brighigroup.com\/de\/maschine\/callisto\/","url":"https:\/\/www.brighigroup.com\/de\/maschine\/callisto\/","name":"CALLISTO - Brighi Group","isPartOf":{"@id":"https:\/\/www.brighigroup.com\/de\/#website"},"primaryImageOfPage":{"@id":"https:\/\/www.brighigroup.com\/de\/maschine\/callisto\/#primaryimage"},"image":{"@id":"https:\/\/www.brighigroup.com\/de\/maschine\/callisto\/#primaryimage"},"thumbnailUrl":"https:\/\/www.brighigroup.com\/wp-content\/uploads\/2021\/01\/Callisto.jpg","datePublished":"2021-01-25T11:59:18+00:00","dateModified":"2025-09-17T10:32:08+00:00","description":"Callisto ist unsere Software f\u00fcr die vorbeugende Wartung, die den Zustand der Komponenten \u00fcberwacht und bei Bedarf einen Austausch plant.","breadcrumb":{"@id":"https:\/\/www.brighigroup.com\/de\/maschine\/callisto\/#breadcrumb"},"inLanguage":"de","potentialAction":[{"@type":"ReadAction","target":["https:\/\/www.brighigroup.com\/de\/maschine\/callisto\/"]}]},{"@type":"ImageObject","inLanguage":"de","@id":"https:\/\/www.brighigroup.com\/de\/maschine\/callisto\/#primaryimage","url":"https:\/\/www.brighigroup.com\/wp-content\/uploads\/2021\/01\/Callisto.jpg","contentUrl":"https:\/\/www.brighigroup.com\/wp-content\/uploads\/2021\/01\/Callisto.jpg","width":1920,"height":1280},{"@type":"BreadcrumbList","@id":"https:\/\/www.brighigroup.com\/de\/maschine\/callisto\/#breadcrumb","itemListElement":[{"@type":"ListItem","position":1,"name":"Home","item":"https:\/\/www.brighigroup.com\/de\/home-2\/"},{"@type":"ListItem","position":2,"name":"Maschinen","item":"https:\/\/www.brighigroup.com\/de\/maschinen\/"},{"@type":"ListItem","position":3,"name":"CALLISTO"}]},{"@type":"WebSite","@id":"https:\/\/www.brighigroup.com\/de\/#website","url":"https:\/\/www.brighigroup.com\/de\/","name":"Brighi Group","description":"Home textile e di prodotti imbottiti per il design d&#039;arredo tramandando l&#039;innovazione come cultura d&#039;impresa.","potentialAction":[{"@type":"SearchAction","target":{"@type":"EntryPoint","urlTemplate":"https:\/\/www.brighigroup.com\/de\/?s={search_term_string}"},"query-input":{"@type":"PropertyValueSpecification","valueRequired":true,"valueName":"search_term_string"}}],"inLanguage":"de"}]}},"_links":{"self":[{"href":"https:\/\/www.brighigroup.com\/de\/wp-json\/wp\/v2\/product\/5107","targetHints":{"allow":["GET"]}}],"collection":[{"href":"https:\/\/www.brighigroup.com\/de\/wp-json\/wp\/v2\/product"}],"about":[{"href":"https:\/\/www.brighigroup.com\/de\/wp-json\/wp\/v2\/types\/product"}],"wp:featuredmedia":[{"embeddable":true,"href":"https:\/\/www.brighigroup.com\/de\/wp-json\/wp\/v2\/media\/12053"}],"wp:attachment":[{"href":"https:\/\/www.brighigroup.com\/de\/wp-json\/wp\/v2\/media?parent=5107"}],"wp:term":[{"taxonomy":"product_cat","embeddable":true,"href":"https:\/\/www.brighigroup.com\/de\/wp-json\/wp\/v2\/product_cat?post=5107"},{"taxonomy":"product_tag","embeddable":true,"href":"https:\/\/www.brighigroup.com\/de\/wp-json\/wp\/v2\/product_tag?post=5107"}],"curies":[{"name":"wp","href":"https:\/\/api.w.org\/{rel}","templated":true}]}}