{"id":4951,"date":"2020-02-01T11:00:53","date_gmt":"2021-11-30T10:07:53","guid":{"rendered":"https:\/\/www.brighigroup.com\/macchina\/rt-100\/"},"modified":"2022-09-27T10:29:01","modified_gmt":"2022-09-27T08:29:01","slug":"rt-100","status":"publish","type":"product","link":"https:\/\/www.brighigroup.com\/de\/maschine\/rt-100\/","title":{"rendered":"RT-100"},"content":{"rendered":"<h2>RUNDER TISCH MIT ROLLEN<\/h2>\n<p>Ein Zubeh\u00f6rteil, das als <strong>Puffer f\u00fcr zu bearbeitende<\/strong> Kissen dient. Dank seiner R\u00e4der kann er in verschiedenen Stadien der manuellen Verarbeitung eingesetzt werden, um das Produkt absetzen zu lassen, w\u00e4hrend es auf den n\u00e4chsten Schritt wartet, oder als Ablage im letzten Teil von automatischen Linien. Durch die Drehbewegung kann sich das Produkt <strong>gleichm\u00e4\u00dfig im Inneren des Beh\u00e4lters absetzen<\/strong>.<\/p>\n<p><strong>WAS BEWEGT WERDEN KANN<\/strong><\/p>\n<p>Kissen, Kopfkissen, Steppdecken, Schlafs\u00e4cke<\/p>\n<div id=\"gtx-trans\" style=\"position: absolute; left: -30px; top: -4.08594px;\">\n<div class=\"gtx-trans-icon\"><\/div>\n<\/div>\n","protected":false},"excerpt":{"rendered":"<h6>RUNDER TISCH MIT ROLLEN<\/h6>\n","protected":false},"featured_media":4472,"template":"","meta":{"_acf_changed":false},"product_cat":[84,110,112,86,89,113],"product_tag":[306,301,309],"class_list":{"0":"post-4951","1":"product","2":"type-product","3":"status-publish","4":"has-post-thumbnail","6":"product_cat-geblase-kissenlinie","7":"product_cat-handhabungssysteme","8":"product_cat-kardierte-kissenlinie","9":"product_cat-linie-der-zierkissen-mit-reissverschluss-und-outdoor-kissen","10":"product_cat-llinie-fuellung-tierebetten-plueschtieren-gepolsterten-gegenstaenden","11":"product_cat-polyurethan-latex-kissenlinie","12":"product_tag-geblasene-kissen-und-polster","13":"product_tag-kopfkissen-und-kissen-aus-kardierter-faser","14":"product_tag-schaumstoff-und-latexkissen","16":"first","17":"instock","18":"shipping-taxable","19":"product-type-simple"},"acf":[],"yoast_head":"<!-- This site is optimized with the Yoast SEO plugin v24.2 - https:\/\/yoast.com\/wordpress\/plugins\/seo\/ -->\n<title>RUNDER TISCH MIT ROLLEN RT-100 - Brighi Group<\/title>\n<meta name=\"description\" content=\"Zubeh\u00f6r, das als R\u00fcckhaltelunge f\u00fcr Kissen, Kopfkissen, Steppdecken, Schlafs\u00e4cke dient und darauf wartet, verarbeitet zu werden.\" \/>\n<meta name=\"robots\" content=\"index, follow, max-snippet:-1, max-image-preview:large, max-video-preview:-1\" \/>\n<link rel=\"canonical\" href=\"https:\/\/www.brighigroup.com\/de\/maschine\/rt-100\/\" \/>\n<meta property=\"og:locale\" content=\"de_DE\" \/>\n<meta property=\"og:type\" content=\"article\" \/>\n<meta property=\"og:title\" content=\"RUNDER TISCH MIT ROLLEN RT-100 - Brighi Group\" \/>\n<meta property=\"og:description\" content=\"Zubeh\u00f6r, das als R\u00fcckhaltelunge f\u00fcr Kissen, Kopfkissen, Steppdecken, Schlafs\u00e4cke dient und darauf wartet, verarbeitet zu werden.\" \/>\n<meta property=\"og:url\" content=\"https:\/\/www.brighigroup.com\/de\/maschine\/rt-100\/\" \/>\n<meta property=\"og:site_name\" content=\"Brighi Group\" \/>\n<meta property=\"article:modified_time\" content=\"2022-09-27T08:29:01+00:00\" \/>\n<meta property=\"og:image\" content=\"https:\/\/www.brighigroup.com\/wp-content\/uploads\/2021\/11\/RT-100.jpg\" \/>\n\t<meta property=\"og:image:width\" content=\"1920\" \/>\n\t<meta property=\"og:image:height\" content=\"1280\" \/>\n\t<meta property=\"og:image:type\" content=\"image\/jpeg\" \/>\n<meta name=\"twitter:card\" content=\"summary_large_image\" \/>\n<script type=\"application\/ld+json\" class=\"yoast-schema-graph\">{\"@context\":\"https:\/\/schema.org\",\"@graph\":[{\"@type\":\"WebPage\",\"@id\":\"https:\/\/www.brighigroup.com\/de\/maschine\/rt-100\/\",\"url\":\"https:\/\/www.brighigroup.com\/de\/maschine\/rt-100\/\",\"name\":\"RUNDER TISCH MIT ROLLEN RT-100 - Brighi Group\",\"isPartOf\":{\"@id\":\"https:\/\/www.brighigroup.com\/de\/#website\"},\"primaryImageOfPage\":{\"@id\":\"https:\/\/www.brighigroup.com\/de\/maschine\/rt-100\/#primaryimage\"},\"image\":{\"@id\":\"https:\/\/www.brighigroup.com\/de\/maschine\/rt-100\/#primaryimage\"},\"thumbnailUrl\":\"https:\/\/www.brighigroup.com\/wp-content\/uploads\/2021\/11\/RT-100.jpg\",\"datePublished\":\"2021-11-30T10:07:53+00:00\",\"dateModified\":\"2022-09-27T08:29:01+00:00\",\"description\":\"Zubeh\u00f6r, das als R\u00fcckhaltelunge f\u00fcr Kissen, Kopfkissen, Steppdecken, Schlafs\u00e4cke dient und darauf wartet, verarbeitet zu werden.\",\"breadcrumb\":{\"@id\":\"https:\/\/www.brighigroup.com\/de\/maschine\/rt-100\/#breadcrumb\"},\"inLanguage\":\"de\",\"potentialAction\":[{\"@type\":\"ReadAction\",\"target\":[\"https:\/\/www.brighigroup.com\/de\/maschine\/rt-100\/\"]}]},{\"@type\":\"ImageObject\",\"inLanguage\":\"de\",\"@id\":\"https:\/\/www.brighigroup.com\/de\/maschine\/rt-100\/#primaryimage\",\"url\":\"https:\/\/www.brighigroup.com\/wp-content\/uploads\/2021\/11\/RT-100.jpg\",\"contentUrl\":\"https:\/\/www.brighigroup.com\/wp-content\/uploads\/2021\/11\/RT-100.jpg\",\"width\":1920,\"height\":1280},{\"@type\":\"BreadcrumbList\",\"@id\":\"https:\/\/www.brighigroup.com\/de\/maschine\/rt-100\/#breadcrumb\",\"itemListElement\":[{\"@type\":\"ListItem\",\"position\":1,\"name\":\"Home\",\"item\":\"https:\/\/www.brighigroup.com\/de\/home-2\/\"},{\"@type\":\"ListItem\",\"position\":2,\"name\":\"Maschinen\",\"item\":\"https:\/\/www.brighigroup.com\/de\/maschinen\/\"},{\"@type\":\"ListItem\",\"position\":3,\"name\":\"RT-100\"}]},{\"@type\":\"WebSite\",\"@id\":\"https:\/\/www.brighigroup.com\/de\/#website\",\"url\":\"https:\/\/www.brighigroup.com\/de\/\",\"name\":\"Brighi Group\",\"description\":\"Home textile e di prodotti imbottiti per il design d&#039;arredo tramandando l&#039;innovazione come cultura d&#039;impresa.\",\"potentialAction\":[{\"@type\":\"SearchAction\",\"target\":{\"@type\":\"EntryPoint\",\"urlTemplate\":\"https:\/\/www.brighigroup.com\/de\/?s={search_term_string}\"},\"query-input\":{\"@type\":\"PropertyValueSpecification\",\"valueRequired\":true,\"valueName\":\"search_term_string\"}}],\"inLanguage\":\"de\"}]}<\/script>\n<!-- \/ Yoast SEO plugin. -->","yoast_head_json":{"title":"RUNDER TISCH MIT ROLLEN RT-100 - Brighi Group","description":"Zubeh\u00f6r, das als R\u00fcckhaltelunge f\u00fcr Kissen, Kopfkissen, Steppdecken, Schlafs\u00e4cke dient und darauf wartet, verarbeitet zu werden.","robots":{"index":"index","follow":"follow","max-snippet":"max-snippet:-1","max-image-preview":"max-image-preview:large","max-video-preview":"max-video-preview:-1"},"canonical":"https:\/\/www.brighigroup.com\/de\/maschine\/rt-100\/","og_locale":"de_DE","og_type":"article","og_title":"RUNDER TISCH MIT ROLLEN RT-100 - Brighi Group","og_description":"Zubeh\u00f6r, das als R\u00fcckhaltelunge f\u00fcr Kissen, Kopfkissen, Steppdecken, Schlafs\u00e4cke dient und darauf wartet, verarbeitet zu werden.","og_url":"https:\/\/www.brighigroup.com\/de\/maschine\/rt-100\/","og_site_name":"Brighi Group","article_modified_time":"2022-09-27T08:29:01+00:00","og_image":[{"width":1920,"height":1280,"url":"https:\/\/www.brighigroup.com\/wp-content\/uploads\/2021\/11\/RT-100.jpg","type":"image\/jpeg"}],"twitter_card":"summary_large_image","schema":{"@context":"https:\/\/schema.org","@graph":[{"@type":"WebPage","@id":"https:\/\/www.brighigroup.com\/de\/maschine\/rt-100\/","url":"https:\/\/www.brighigroup.com\/de\/maschine\/rt-100\/","name":"RUNDER TISCH MIT ROLLEN RT-100 - Brighi Group","isPartOf":{"@id":"https:\/\/www.brighigroup.com\/de\/#website"},"primaryImageOfPage":{"@id":"https:\/\/www.brighigroup.com\/de\/maschine\/rt-100\/#primaryimage"},"image":{"@id":"https:\/\/www.brighigroup.com\/de\/maschine\/rt-100\/#primaryimage"},"thumbnailUrl":"https:\/\/www.brighigroup.com\/wp-content\/uploads\/2021\/11\/RT-100.jpg","datePublished":"2021-11-30T10:07:53+00:00","dateModified":"2022-09-27T08:29:01+00:00","description":"Zubeh\u00f6r, das als R\u00fcckhaltelunge f\u00fcr Kissen, Kopfkissen, Steppdecken, Schlafs\u00e4cke dient und darauf wartet, verarbeitet zu werden.","breadcrumb":{"@id":"https:\/\/www.brighigroup.com\/de\/maschine\/rt-100\/#breadcrumb"},"inLanguage":"de","potentialAction":[{"@type":"ReadAction","target":["https:\/\/www.brighigroup.com\/de\/maschine\/rt-100\/"]}]},{"@type":"ImageObject","inLanguage":"de","@id":"https:\/\/www.brighigroup.com\/de\/maschine\/rt-100\/#primaryimage","url":"https:\/\/www.brighigroup.com\/wp-content\/uploads\/2021\/11\/RT-100.jpg","contentUrl":"https:\/\/www.brighigroup.com\/wp-content\/uploads\/2021\/11\/RT-100.jpg","width":1920,"height":1280},{"@type":"BreadcrumbList","@id":"https:\/\/www.brighigroup.com\/de\/maschine\/rt-100\/#breadcrumb","itemListElement":[{"@type":"ListItem","position":1,"name":"Home","item":"https:\/\/www.brighigroup.com\/de\/home-2\/"},{"@type":"ListItem","position":2,"name":"Maschinen","item":"https:\/\/www.brighigroup.com\/de\/maschinen\/"},{"@type":"ListItem","position":3,"name":"RT-100"}]},{"@type":"WebSite","@id":"https:\/\/www.brighigroup.com\/de\/#website","url":"https:\/\/www.brighigroup.com\/de\/","name":"Brighi Group","description":"Home textile e di prodotti imbottiti per il design d&#039;arredo tramandando l&#039;innovazione come cultura d&#039;impresa.","potentialAction":[{"@type":"SearchAction","target":{"@type":"EntryPoint","urlTemplate":"https:\/\/www.brighigroup.com\/de\/?s={search_term_string}"},"query-input":{"@type":"PropertyValueSpecification","valueRequired":true,"valueName":"search_term_string"}}],"inLanguage":"de"}]}},"_links":{"self":[{"href":"https:\/\/www.brighigroup.com\/de\/wp-json\/wp\/v2\/product\/4951","targetHints":{"allow":["GET"]}}],"collection":[{"href":"https:\/\/www.brighigroup.com\/de\/wp-json\/wp\/v2\/product"}],"about":[{"href":"https:\/\/www.brighigroup.com\/de\/wp-json\/wp\/v2\/types\/product"}],"wp:featuredmedia":[{"embeddable":true,"href":"https:\/\/www.brighigroup.com\/de\/wp-json\/wp\/v2\/media\/4472"}],"wp:attachment":[{"href":"https:\/\/www.brighigroup.com\/de\/wp-json\/wp\/v2\/media?parent=4951"}],"wp:term":[{"taxonomy":"product_cat","embeddable":true,"href":"https:\/\/www.brighigroup.com\/de\/wp-json\/wp\/v2\/product_cat?post=4951"},{"taxonomy":"product_tag","embeddable":true,"href":"https:\/\/www.brighigroup.com\/de\/wp-json\/wp\/v2\/product_tag?post=4951"}],"curies":[{"name":"wp","href":"https:\/\/api.w.org\/{rel}","templated":true}]}}