{"id":4950,"date":"2019-12-01T17:19:41","date_gmt":"2020-12-09T16:19:41","guid":{"rendered":"https:\/\/www.brighigroup.com\/macchina\/tt-300\/"},"modified":"2022-09-27T10:05:14","modified_gmt":"2022-09-27T08:05:14","slug":"tt-300","status":"publish","type":"product","link":"https:\/\/www.brighigroup.com\/de\/maschine\/tt-300\/","title":{"rendered":"TT-300"},"content":{"rendered":"<h2>F\u00d6RDERBAND ZUM LADEN VON STEPPDECKEN AUF EASY FOLD<\/h2>\n<p>F\u00f6rderband, geeignet f\u00fcr die <strong>Bef\u00f6rderung von Textilprodukten<\/strong> (Kissen, Steppdecken, Kleidungsst\u00fccke usw.) L= 300, erh\u00e4ltlich in verschiedenen Formaten.<\/p>\n<p>Zubeh\u00f6r zum <strong>Einlegen von Steppdecken<\/strong> in die Steppdecken-Faltmaschine <a href=\"https:\/\/www.brighigroup.com\/de\/maschine\/ef-500-easy-fold\/\">EF-500 EASY FOLD<\/a>.<\/p>\n<p><strong>WAS BEWEGT WERDEN KANN<\/strong><\/p>\n<p>Steppdecken<\/p>\n<div id=\"gtx-trans\" style=\"position: absolute; left: 3px; top: -4.08594px;\">\n<div class=\"gtx-trans-icon\"><\/div>\n<\/div>\n","protected":false},"excerpt":{"rendered":"<h6>F\u00d6RDERBAND ZUM LADEN VON STEPPDECKEN AUF EASY FOLD<\/h6>\n","protected":false},"featured_media":4570,"template":"","meta":{"_acf_changed":false},"product_cat":[110,115],"product_tag":[326,322],"class_list":{"0":"post-4950","1":"product","2":"type-product","3":"status-publish","4":"has-post-thumbnail","6":"product_cat-handhabungssysteme","7":"product_cat-steppdecken-linie","8":"product_tag-steppdecken","9":"product_tag-teppiche","11":"first","12":"instock","13":"shipping-taxable","14":"product-type-simple"},"acf":[],"yoast_head":"<!-- This site is optimized with the Yoast SEO plugin v24.2 - https:\/\/yoast.com\/wordpress\/plugins\/seo\/ -->\n<title>F\u00d6RDERBAND ZUM LADEN VON STEPPDECKEN AUF EASY FOLD TT-300 - Brighi Group<\/title>\n<meta name=\"description\" content=\"F\u00f6rderband f\u00fcr die Handhabung von Textilprodukten (Kissen, Kopfkissen, Steppdecken, Kleidung) in verschiedenen Gr\u00f6\u00dfen.\" \/>\n<meta name=\"robots\" content=\"index, follow, max-snippet:-1, max-image-preview:large, max-video-preview:-1\" \/>\n<link rel=\"canonical\" href=\"https:\/\/www.brighigroup.com\/de\/maschine\/tt-300\/\" \/>\n<meta property=\"og:locale\" content=\"de_DE\" \/>\n<meta property=\"og:type\" content=\"article\" \/>\n<meta property=\"og:title\" content=\"F\u00d6RDERBAND ZUM LADEN VON STEPPDECKEN AUF EASY FOLD TT-300 - Brighi Group\" \/>\n<meta property=\"og:description\" content=\"F\u00f6rderband f\u00fcr die Handhabung von Textilprodukten (Kissen, Kopfkissen, Steppdecken, Kleidung) in verschiedenen Gr\u00f6\u00dfen.\" \/>\n<meta property=\"og:url\" content=\"https:\/\/www.brighigroup.com\/de\/maschine\/tt-300\/\" \/>\n<meta property=\"og:site_name\" content=\"Brighi Group\" \/>\n<meta property=\"article:modified_time\" content=\"2022-09-27T08:05:14+00:00\" \/>\n<meta property=\"og:image\" content=\"https:\/\/www.brighigroup.com\/wp-content\/uploads\/2021\/12\/TT-100.jpg\" \/>\n\t<meta property=\"og:image:width\" content=\"1920\" \/>\n\t<meta property=\"og:image:height\" content=\"1280\" \/>\n\t<meta property=\"og:image:type\" content=\"image\/jpeg\" \/>\n<meta name=\"twitter:card\" content=\"summary_large_image\" \/>\n<script type=\"application\/ld+json\" class=\"yoast-schema-graph\">{\"@context\":\"https:\/\/schema.org\",\"@graph\":[{\"@type\":\"WebPage\",\"@id\":\"https:\/\/www.brighigroup.com\/de\/maschine\/tt-300\/\",\"url\":\"https:\/\/www.brighigroup.com\/de\/maschine\/tt-300\/\",\"name\":\"F\u00d6RDERBAND ZUM LADEN VON STEPPDECKEN AUF EASY FOLD TT-300 - Brighi Group\",\"isPartOf\":{\"@id\":\"https:\/\/www.brighigroup.com\/de\/#website\"},\"primaryImageOfPage\":{\"@id\":\"https:\/\/www.brighigroup.com\/de\/maschine\/tt-300\/#primaryimage\"},\"image\":{\"@id\":\"https:\/\/www.brighigroup.com\/de\/maschine\/tt-300\/#primaryimage\"},\"thumbnailUrl\":\"https:\/\/www.brighigroup.com\/wp-content\/uploads\/2021\/12\/TT-100.jpg\",\"datePublished\":\"2020-12-09T16:19:41+00:00\",\"dateModified\":\"2022-09-27T08:05:14+00:00\",\"description\":\"F\u00f6rderband f\u00fcr die Handhabung von Textilprodukten (Kissen, Kopfkissen, Steppdecken, Kleidung) in verschiedenen Gr\u00f6\u00dfen.\",\"breadcrumb\":{\"@id\":\"https:\/\/www.brighigroup.com\/de\/maschine\/tt-300\/#breadcrumb\"},\"inLanguage\":\"de\",\"potentialAction\":[{\"@type\":\"ReadAction\",\"target\":[\"https:\/\/www.brighigroup.com\/de\/maschine\/tt-300\/\"]}]},{\"@type\":\"ImageObject\",\"inLanguage\":\"de\",\"@id\":\"https:\/\/www.brighigroup.com\/de\/maschine\/tt-300\/#primaryimage\",\"url\":\"https:\/\/www.brighigroup.com\/wp-content\/uploads\/2021\/12\/TT-100.jpg\",\"contentUrl\":\"https:\/\/www.brighigroup.com\/wp-content\/uploads\/2021\/12\/TT-100.jpg\",\"width\":1920,\"height\":1280},{\"@type\":\"BreadcrumbList\",\"@id\":\"https:\/\/www.brighigroup.com\/de\/maschine\/tt-300\/#breadcrumb\",\"itemListElement\":[{\"@type\":\"ListItem\",\"position\":1,\"name\":\"Home\",\"item\":\"https:\/\/www.brighigroup.com\/de\/home-2\/\"},{\"@type\":\"ListItem\",\"position\":2,\"name\":\"Maschinen\",\"item\":\"https:\/\/www.brighigroup.com\/de\/maschinen\/\"},{\"@type\":\"ListItem\",\"position\":3,\"name\":\"TT-300\"}]},{\"@type\":\"WebSite\",\"@id\":\"https:\/\/www.brighigroup.com\/de\/#website\",\"url\":\"https:\/\/www.brighigroup.com\/de\/\",\"name\":\"Brighi Group\",\"description\":\"Home textile e di prodotti imbottiti per il design d&#039;arredo tramandando l&#039;innovazione come cultura d&#039;impresa.\",\"potentialAction\":[{\"@type\":\"SearchAction\",\"target\":{\"@type\":\"EntryPoint\",\"urlTemplate\":\"https:\/\/www.brighigroup.com\/de\/?s={search_term_string}\"},\"query-input\":{\"@type\":\"PropertyValueSpecification\",\"valueRequired\":true,\"valueName\":\"search_term_string\"}}],\"inLanguage\":\"de\"}]}<\/script>\n<!-- \/ Yoast SEO plugin. -->","yoast_head_json":{"title":"F\u00d6RDERBAND ZUM LADEN VON STEPPDECKEN AUF EASY FOLD TT-300 - Brighi Group","description":"F\u00f6rderband f\u00fcr die Handhabung von Textilprodukten (Kissen, Kopfkissen, Steppdecken, Kleidung) in verschiedenen Gr\u00f6\u00dfen.","robots":{"index":"index","follow":"follow","max-snippet":"max-snippet:-1","max-image-preview":"max-image-preview:large","max-video-preview":"max-video-preview:-1"},"canonical":"https:\/\/www.brighigroup.com\/de\/maschine\/tt-300\/","og_locale":"de_DE","og_type":"article","og_title":"F\u00d6RDERBAND ZUM LADEN VON STEPPDECKEN AUF EASY FOLD TT-300 - Brighi Group","og_description":"F\u00f6rderband f\u00fcr die Handhabung von Textilprodukten (Kissen, Kopfkissen, Steppdecken, Kleidung) in verschiedenen Gr\u00f6\u00dfen.","og_url":"https:\/\/www.brighigroup.com\/de\/maschine\/tt-300\/","og_site_name":"Brighi Group","article_modified_time":"2022-09-27T08:05:14+00:00","og_image":[{"width":1920,"height":1280,"url":"https:\/\/www.brighigroup.com\/wp-content\/uploads\/2021\/12\/TT-100.jpg","type":"image\/jpeg"}],"twitter_card":"summary_large_image","schema":{"@context":"https:\/\/schema.org","@graph":[{"@type":"WebPage","@id":"https:\/\/www.brighigroup.com\/de\/maschine\/tt-300\/","url":"https:\/\/www.brighigroup.com\/de\/maschine\/tt-300\/","name":"F\u00d6RDERBAND ZUM LADEN VON STEPPDECKEN AUF EASY FOLD TT-300 - Brighi Group","isPartOf":{"@id":"https:\/\/www.brighigroup.com\/de\/#website"},"primaryImageOfPage":{"@id":"https:\/\/www.brighigroup.com\/de\/maschine\/tt-300\/#primaryimage"},"image":{"@id":"https:\/\/www.brighigroup.com\/de\/maschine\/tt-300\/#primaryimage"},"thumbnailUrl":"https:\/\/www.brighigroup.com\/wp-content\/uploads\/2021\/12\/TT-100.jpg","datePublished":"2020-12-09T16:19:41+00:00","dateModified":"2022-09-27T08:05:14+00:00","description":"F\u00f6rderband f\u00fcr die Handhabung von Textilprodukten (Kissen, Kopfkissen, Steppdecken, Kleidung) in verschiedenen Gr\u00f6\u00dfen.","breadcrumb":{"@id":"https:\/\/www.brighigroup.com\/de\/maschine\/tt-300\/#breadcrumb"},"inLanguage":"de","potentialAction":[{"@type":"ReadAction","target":["https:\/\/www.brighigroup.com\/de\/maschine\/tt-300\/"]}]},{"@type":"ImageObject","inLanguage":"de","@id":"https:\/\/www.brighigroup.com\/de\/maschine\/tt-300\/#primaryimage","url":"https:\/\/www.brighigroup.com\/wp-content\/uploads\/2021\/12\/TT-100.jpg","contentUrl":"https:\/\/www.brighigroup.com\/wp-content\/uploads\/2021\/12\/TT-100.jpg","width":1920,"height":1280},{"@type":"BreadcrumbList","@id":"https:\/\/www.brighigroup.com\/de\/maschine\/tt-300\/#breadcrumb","itemListElement":[{"@type":"ListItem","position":1,"name":"Home","item":"https:\/\/www.brighigroup.com\/de\/home-2\/"},{"@type":"ListItem","position":2,"name":"Maschinen","item":"https:\/\/www.brighigroup.com\/de\/maschinen\/"},{"@type":"ListItem","position":3,"name":"TT-300"}]},{"@type":"WebSite","@id":"https:\/\/www.brighigroup.com\/de\/#website","url":"https:\/\/www.brighigroup.com\/de\/","name":"Brighi Group","description":"Home textile e di prodotti imbottiti per il design d&#039;arredo tramandando l&#039;innovazione come cultura d&#039;impresa.","potentialAction":[{"@type":"SearchAction","target":{"@type":"EntryPoint","urlTemplate":"https:\/\/www.brighigroup.com\/de\/?s={search_term_string}"},"query-input":{"@type":"PropertyValueSpecification","valueRequired":true,"valueName":"search_term_string"}}],"inLanguage":"de"}]}},"_links":{"self":[{"href":"https:\/\/www.brighigroup.com\/de\/wp-json\/wp\/v2\/product\/4950","targetHints":{"allow":["GET"]}}],"collection":[{"href":"https:\/\/www.brighigroup.com\/de\/wp-json\/wp\/v2\/product"}],"about":[{"href":"https:\/\/www.brighigroup.com\/de\/wp-json\/wp\/v2\/types\/product"}],"wp:featuredmedia":[{"embeddable":true,"href":"https:\/\/www.brighigroup.com\/de\/wp-json\/wp\/v2\/media\/4570"}],"wp:attachment":[{"href":"https:\/\/www.brighigroup.com\/de\/wp-json\/wp\/v2\/media?parent=4950"}],"wp:term":[{"taxonomy":"product_cat","embeddable":true,"href":"https:\/\/www.brighigroup.com\/de\/wp-json\/wp\/v2\/product_cat?post=4950"},{"taxonomy":"product_tag","embeddable":true,"href":"https:\/\/www.brighigroup.com\/de\/wp-json\/wp\/v2\/product_tag?post=4950"}],"curies":[{"name":"wp","href":"https:\/\/api.w.org\/{rel}","templated":true}]}}