{"id":4948,"date":"2019-11-01T17:16:34","date_gmt":"2020-12-09T16:16:34","guid":{"rendered":"https:\/\/www.brighigroup.com\/macchina\/tt-500\/"},"modified":"2022-09-27T10:09:49","modified_gmt":"2022-09-27T08:09:49","slug":"tt-500","status":"publish","type":"product","link":"https:\/\/www.brighigroup.com\/de\/maschine\/tt-500\/","title":{"rendered":"TT-500"},"content":{"rendered":"<h2><strong>F\u00d6RDERBAND<\/strong><\/h2>\n<p>Teppichf\u00f6rderband, geeignet f\u00fcr den <strong>Transport von Textilprodukten<\/strong> (Kissen, Steppdecken, Kleidungsst\u00fccke usw.), erh\u00e4ltlich in verschiedenen Formaten<\/p>\n<p><strong>WAS BEWEGT WERDEN KANN<\/strong><\/p>\n<p>Kissen, Kopfkissen, Steppdecken, Schlafs\u00e4cke<\/p>\n<p>&nbsp;<\/p>\n<div id=\"gtx-trans\" style=\"position: absolute; left: -24px; top: -4.08594px;\">\n<div class=\"gtx-trans-icon\"><\/div>\n<\/div>\n","protected":false},"excerpt":{"rendered":"<h6><strong>F\u00d6RDERBAND<\/strong><\/h6>\n","protected":false},"featured_media":4661,"template":"","meta":{"_acf_changed":false},"product_cat":[84,110],"product_tag":[306,301,309,326,322],"class_list":{"0":"post-4948","1":"product","2":"type-product","3":"status-publish","4":"has-post-thumbnail","6":"product_cat-geblase-kissenlinie","7":"product_cat-handhabungssysteme","8":"product_tag-geblasene-kissen-und-polster","9":"product_tag-kopfkissen-und-kissen-aus-kardierter-faser","10":"product_tag-schaumstoff-und-latexkissen","11":"product_tag-steppdecken","12":"product_tag-teppiche","14":"first","15":"instock","16":"shipping-taxable","17":"product-type-simple"},"acf":[],"yoast_head":"<!-- This site is optimized with the Yoast SEO plugin v24.2 - https:\/\/yoast.com\/wordpress\/plugins\/seo\/ -->\n<title>F\u00d6RDERBAND TT-500 - Brighi Group<\/title>\n<meta name=\"description\" content=\"F\u00f6rderband f\u00fcr die Handhabung von Textilprodukten (Kissen, Kopfkissen, Steppdecken, Kleidung) in verschiedenen Gr\u00f6\u00dfen.\" \/>\n<meta name=\"robots\" content=\"index, follow, max-snippet:-1, max-image-preview:large, max-video-preview:-1\" \/>\n<link rel=\"canonical\" href=\"https:\/\/www.brighigroup.com\/de\/maschine\/tt-500\/\" \/>\n<meta property=\"og:locale\" content=\"de_DE\" \/>\n<meta property=\"og:type\" content=\"article\" \/>\n<meta property=\"og:title\" content=\"F\u00d6RDERBAND TT-500 - Brighi Group\" \/>\n<meta property=\"og:description\" content=\"F\u00f6rderband f\u00fcr die Handhabung von Textilprodukten (Kissen, Kopfkissen, Steppdecken, Kleidung) in verschiedenen Gr\u00f6\u00dfen.\" \/>\n<meta property=\"og:url\" content=\"https:\/\/www.brighigroup.com\/de\/maschine\/tt-500\/\" \/>\n<meta property=\"og:site_name\" content=\"Brighi Group\" \/>\n<meta property=\"article:modified_time\" content=\"2022-09-27T08:09:49+00:00\" \/>\n<meta property=\"og:image\" content=\"https:\/\/www.brighigroup.com\/wp-content\/uploads\/2021\/12\/TT-500.jpg\" \/>\n\t<meta property=\"og:image:width\" content=\"1920\" \/>\n\t<meta property=\"og:image:height\" content=\"1280\" \/>\n\t<meta property=\"og:image:type\" content=\"image\/jpeg\" \/>\n<meta name=\"twitter:card\" content=\"summary_large_image\" \/>\n<script type=\"application\/ld+json\" class=\"yoast-schema-graph\">{\"@context\":\"https:\/\/schema.org\",\"@graph\":[{\"@type\":\"WebPage\",\"@id\":\"https:\/\/www.brighigroup.com\/de\/maschine\/tt-500\/\",\"url\":\"https:\/\/www.brighigroup.com\/de\/maschine\/tt-500\/\",\"name\":\"F\u00d6RDERBAND TT-500 - Brighi Group\",\"isPartOf\":{\"@id\":\"https:\/\/www.brighigroup.com\/de\/#website\"},\"primaryImageOfPage\":{\"@id\":\"https:\/\/www.brighigroup.com\/de\/maschine\/tt-500\/#primaryimage\"},\"image\":{\"@id\":\"https:\/\/www.brighigroup.com\/de\/maschine\/tt-500\/#primaryimage\"},\"thumbnailUrl\":\"https:\/\/www.brighigroup.com\/wp-content\/uploads\/2021\/12\/TT-500.jpg\",\"datePublished\":\"2020-12-09T16:16:34+00:00\",\"dateModified\":\"2022-09-27T08:09:49+00:00\",\"description\":\"F\u00f6rderband f\u00fcr die Handhabung von Textilprodukten (Kissen, Kopfkissen, Steppdecken, Kleidung) in verschiedenen Gr\u00f6\u00dfen.\",\"breadcrumb\":{\"@id\":\"https:\/\/www.brighigroup.com\/de\/maschine\/tt-500\/#breadcrumb\"},\"inLanguage\":\"de\",\"potentialAction\":[{\"@type\":\"ReadAction\",\"target\":[\"https:\/\/www.brighigroup.com\/de\/maschine\/tt-500\/\"]}]},{\"@type\":\"ImageObject\",\"inLanguage\":\"de\",\"@id\":\"https:\/\/www.brighigroup.com\/de\/maschine\/tt-500\/#primaryimage\",\"url\":\"https:\/\/www.brighigroup.com\/wp-content\/uploads\/2021\/12\/TT-500.jpg\",\"contentUrl\":\"https:\/\/www.brighigroup.com\/wp-content\/uploads\/2021\/12\/TT-500.jpg\",\"width\":1920,\"height\":1280},{\"@type\":\"BreadcrumbList\",\"@id\":\"https:\/\/www.brighigroup.com\/de\/maschine\/tt-500\/#breadcrumb\",\"itemListElement\":[{\"@type\":\"ListItem\",\"position\":1,\"name\":\"Home\",\"item\":\"https:\/\/www.brighigroup.com\/de\/home-2\/\"},{\"@type\":\"ListItem\",\"position\":2,\"name\":\"Maschinen\",\"item\":\"https:\/\/www.brighigroup.com\/de\/maschinen\/\"},{\"@type\":\"ListItem\",\"position\":3,\"name\":\"TT-500\"}]},{\"@type\":\"WebSite\",\"@id\":\"https:\/\/www.brighigroup.com\/de\/#website\",\"url\":\"https:\/\/www.brighigroup.com\/de\/\",\"name\":\"Brighi Group\",\"description\":\"Home textile e di prodotti imbottiti per il design d&#039;arredo tramandando l&#039;innovazione come cultura d&#039;impresa.\",\"potentialAction\":[{\"@type\":\"SearchAction\",\"target\":{\"@type\":\"EntryPoint\",\"urlTemplate\":\"https:\/\/www.brighigroup.com\/de\/?s={search_term_string}\"},\"query-input\":{\"@type\":\"PropertyValueSpecification\",\"valueRequired\":true,\"valueName\":\"search_term_string\"}}],\"inLanguage\":\"de\"}]}<\/script>\n<!-- \/ Yoast SEO plugin. -->","yoast_head_json":{"title":"F\u00d6RDERBAND TT-500 - Brighi Group","description":"F\u00f6rderband f\u00fcr die Handhabung von Textilprodukten (Kissen, Kopfkissen, Steppdecken, Kleidung) in verschiedenen Gr\u00f6\u00dfen.","robots":{"index":"index","follow":"follow","max-snippet":"max-snippet:-1","max-image-preview":"max-image-preview:large","max-video-preview":"max-video-preview:-1"},"canonical":"https:\/\/www.brighigroup.com\/de\/maschine\/tt-500\/","og_locale":"de_DE","og_type":"article","og_title":"F\u00d6RDERBAND TT-500 - Brighi Group","og_description":"F\u00f6rderband f\u00fcr die Handhabung von Textilprodukten (Kissen, Kopfkissen, Steppdecken, Kleidung) in verschiedenen Gr\u00f6\u00dfen.","og_url":"https:\/\/www.brighigroup.com\/de\/maschine\/tt-500\/","og_site_name":"Brighi Group","article_modified_time":"2022-09-27T08:09:49+00:00","og_image":[{"width":1920,"height":1280,"url":"https:\/\/www.brighigroup.com\/wp-content\/uploads\/2021\/12\/TT-500.jpg","type":"image\/jpeg"}],"twitter_card":"summary_large_image","schema":{"@context":"https:\/\/schema.org","@graph":[{"@type":"WebPage","@id":"https:\/\/www.brighigroup.com\/de\/maschine\/tt-500\/","url":"https:\/\/www.brighigroup.com\/de\/maschine\/tt-500\/","name":"F\u00d6RDERBAND TT-500 - Brighi Group","isPartOf":{"@id":"https:\/\/www.brighigroup.com\/de\/#website"},"primaryImageOfPage":{"@id":"https:\/\/www.brighigroup.com\/de\/maschine\/tt-500\/#primaryimage"},"image":{"@id":"https:\/\/www.brighigroup.com\/de\/maschine\/tt-500\/#primaryimage"},"thumbnailUrl":"https:\/\/www.brighigroup.com\/wp-content\/uploads\/2021\/12\/TT-500.jpg","datePublished":"2020-12-09T16:16:34+00:00","dateModified":"2022-09-27T08:09:49+00:00","description":"F\u00f6rderband f\u00fcr die Handhabung von Textilprodukten (Kissen, Kopfkissen, Steppdecken, Kleidung) in verschiedenen Gr\u00f6\u00dfen.","breadcrumb":{"@id":"https:\/\/www.brighigroup.com\/de\/maschine\/tt-500\/#breadcrumb"},"inLanguage":"de","potentialAction":[{"@type":"ReadAction","target":["https:\/\/www.brighigroup.com\/de\/maschine\/tt-500\/"]}]},{"@type":"ImageObject","inLanguage":"de","@id":"https:\/\/www.brighigroup.com\/de\/maschine\/tt-500\/#primaryimage","url":"https:\/\/www.brighigroup.com\/wp-content\/uploads\/2021\/12\/TT-500.jpg","contentUrl":"https:\/\/www.brighigroup.com\/wp-content\/uploads\/2021\/12\/TT-500.jpg","width":1920,"height":1280},{"@type":"BreadcrumbList","@id":"https:\/\/www.brighigroup.com\/de\/maschine\/tt-500\/#breadcrumb","itemListElement":[{"@type":"ListItem","position":1,"name":"Home","item":"https:\/\/www.brighigroup.com\/de\/home-2\/"},{"@type":"ListItem","position":2,"name":"Maschinen","item":"https:\/\/www.brighigroup.com\/de\/maschinen\/"},{"@type":"ListItem","position":3,"name":"TT-500"}]},{"@type":"WebSite","@id":"https:\/\/www.brighigroup.com\/de\/#website","url":"https:\/\/www.brighigroup.com\/de\/","name":"Brighi Group","description":"Home textile e di prodotti imbottiti per il design d&#039;arredo tramandando l&#039;innovazione come cultura d&#039;impresa.","potentialAction":[{"@type":"SearchAction","target":{"@type":"EntryPoint","urlTemplate":"https:\/\/www.brighigroup.com\/de\/?s={search_term_string}"},"query-input":{"@type":"PropertyValueSpecification","valueRequired":true,"valueName":"search_term_string"}}],"inLanguage":"de"}]}},"_links":{"self":[{"href":"https:\/\/www.brighigroup.com\/de\/wp-json\/wp\/v2\/product\/4948","targetHints":{"allow":["GET"]}}],"collection":[{"href":"https:\/\/www.brighigroup.com\/de\/wp-json\/wp\/v2\/product"}],"about":[{"href":"https:\/\/www.brighigroup.com\/de\/wp-json\/wp\/v2\/types\/product"}],"wp:featuredmedia":[{"embeddable":true,"href":"https:\/\/www.brighigroup.com\/de\/wp-json\/wp\/v2\/media\/4661"}],"wp:attachment":[{"href":"https:\/\/www.brighigroup.com\/de\/wp-json\/wp\/v2\/media?parent=4948"}],"wp:term":[{"taxonomy":"product_cat","embeddable":true,"href":"https:\/\/www.brighigroup.com\/de\/wp-json\/wp\/v2\/product_cat?post=4948"},{"taxonomy":"product_tag","embeddable":true,"href":"https:\/\/www.brighigroup.com\/de\/wp-json\/wp\/v2\/product_tag?post=4948"}],"curies":[{"name":"wp","href":"https:\/\/api.w.org\/{rel}","templated":true}]}}