{"id":4946,"date":"2020-04-01T11:03:52","date_gmt":"2021-11-30T10:03:52","guid":{"rendered":"https:\/\/www.brighigroup.com\/macchina\/md-100\/"},"modified":"2022-09-27T10:43:10","modified_gmt":"2022-09-27T08:43:10","slug":"md-100","status":"publish","type":"product","link":"https:\/\/www.brighigroup.com\/de\/maschine\/md-100\/","title":{"rendered":"MD-100"},"content":{"rendered":"<h2><strong>METALLDETEKTOR METALLDETEKTIONSMASCHINE<\/strong><\/h2>\n<p>Ein Metalldetektor ist ein obligatorisches Zubeh\u00f6r, wenn der Kunde eine <strong>gr\u00fcndliche und genaue Kontrolle des fertigen Produkts<\/strong> vor der Verpackung und dem Versand verlangt. Das Kissen durchl\u00e4uft den Detektortunnel auf einem F\u00f6rderband ohne anzuhalten.<\/p>\n<p>Wird ein Gegenstand oder ein Metallteilchen im Kissen entdeckt, kann das Band verlangsamt werden, damit der Bediener das Teil aufheben kann, oder, falls installiert, <strong>kann der optionale Schieber das defekte Kissen auswerfen<\/strong>. Das Ger\u00e4t kann je nach Kundenwunsch auf <strong>verschiedene Empfindlichkeitsstufen<\/strong> kalibriert werden.<\/p>\n<p><strong>WAS ERKANNT WERDEN KANN<\/strong><\/p>\n<p>Metallgegenst\u00e4nde und -partikel wie Heftklammern, Nadelteile<\/p>\n<p><strong>PRODUKTE, DIE VERARBEITET WERDEN K\u00d6NNEN<\/strong><\/p>\n<p>Kissen, Kopfkissen, gefaltete Steppdecken, Textilwaren<\/p>\n<p><strong>HAUPTEIGENSCHAFTEN<\/strong><\/p>\n<ul>\n<li><strong>Extreme Garantie der Produktqualit\u00e4t<\/strong>: wird manchmal von gro\u00dfen Einzelh\u00e4ndlern verlangt<\/li>\n<li><strong>Vereinfachte Verwaltung<\/strong>: Bedienfeld zur automatischen Verwaltung aller Parameter (Bandgeschwindigkeit, Empfindlichkeit usw.) und mechanischen Einstellungen.<\/li>\n<li><strong>Flexibilit\u00e4t<\/strong>: Verarbeitung einer breiten Palette von Materialien, ohne dass mechanische Einstellungen erforderlich sind.<\/li>\n<li id=\"gtx-trans\" style=\"position: absolute; left: 0px; top: -4.08594px;\">\n<div class=\"gtx-trans-icon\"><\/div>\n<\/li>\n<\/ul>\n","protected":false},"excerpt":{"rendered":"<h6><strong>METALLDETEKTOR METALLDETEKTIONSMASCHINE<\/strong><\/h6>\n<div id=\"gtx-trans\" style=\"position: absolute; left: -2px; top: -4.08594px;\">\n<div class=\"gtx-trans-icon\"><\/div>\n<\/div>\n","protected":false},"featured_media":4476,"template":"","meta":{"_acf_changed":false},"product_cat":[84,110,112,86,89],"product_tag":[306,301,309],"class_list":{"0":"post-4946","1":"product","2":"type-product","3":"status-publish","4":"has-post-thumbnail","6":"product_cat-geblase-kissenlinie","7":"product_cat-handhabungssysteme","8":"product_cat-kardierte-kissenlinie","9":"product_cat-linie-der-zierkissen-mit-reissverschluss-und-outdoor-kissen","10":"product_cat-llinie-fuellung-tierebetten-plueschtieren-gepolsterten-gegenstaenden","11":"product_tag-geblasene-kissen-und-polster","12":"product_tag-kopfkissen-und-kissen-aus-kardierter-faser","13":"product_tag-schaumstoff-und-latexkissen","15":"first","16":"instock","17":"shipping-taxable","18":"product-type-simple"},"acf":[],"yoast_head":"<!-- This site is optimized with the Yoast SEO plugin v24.2 - https:\/\/yoast.com\/wordpress\/plugins\/seo\/ -->\n<title>METALLDETEKTOR MD-100 - Brighi Group<\/title>\n<meta name=\"description\" content=\"Maschine zur Erkennung des Vorhandenseins von Metallk\u00f6rpern zur \u00dcberpr\u00fcfung des fertigen Produkts vor dem Verpacken und Versenden.\" \/>\n<meta name=\"robots\" content=\"index, follow, max-snippet:-1, max-image-preview:large, max-video-preview:-1\" \/>\n<link rel=\"canonical\" href=\"https:\/\/www.brighigroup.com\/de\/maschine\/md-100\/\" \/>\n<meta property=\"og:locale\" content=\"de_DE\" \/>\n<meta property=\"og:type\" content=\"article\" \/>\n<meta property=\"og:title\" content=\"METALLDETEKTOR MD-100 - Brighi Group\" \/>\n<meta property=\"og:description\" content=\"Maschine zur Erkennung des Vorhandenseins von Metallk\u00f6rpern zur \u00dcberpr\u00fcfung des fertigen Produkts vor dem Verpacken und Versenden.\" \/>\n<meta property=\"og:url\" content=\"https:\/\/www.brighigroup.com\/de\/maschine\/md-100\/\" \/>\n<meta property=\"og:site_name\" content=\"Brighi Group\" \/>\n<meta property=\"article:modified_time\" content=\"2022-09-27T08:43:10+00:00\" \/>\n<meta property=\"og:image\" content=\"https:\/\/www.brighigroup.com\/wp-content\/uploads\/2021\/11\/MD-100.jpg\" \/>\n\t<meta property=\"og:image:width\" content=\"1920\" \/>\n\t<meta property=\"og:image:height\" content=\"1280\" \/>\n\t<meta property=\"og:image:type\" content=\"image\/jpeg\" \/>\n<meta name=\"twitter:card\" content=\"summary_large_image\" \/>\n<meta name=\"twitter:label1\" content=\"Gesch\u00e4tzte Lesezeit\" \/>\n\t<meta name=\"twitter:data1\" content=\"1\u00a0Minute\" \/>\n<script type=\"application\/ld+json\" class=\"yoast-schema-graph\">{\"@context\":\"https:\/\/schema.org\",\"@graph\":[{\"@type\":\"WebPage\",\"@id\":\"https:\/\/www.brighigroup.com\/de\/maschine\/md-100\/\",\"url\":\"https:\/\/www.brighigroup.com\/de\/maschine\/md-100\/\",\"name\":\"METALLDETEKTOR MD-100 - Brighi Group\",\"isPartOf\":{\"@id\":\"https:\/\/www.brighigroup.com\/de\/#website\"},\"primaryImageOfPage\":{\"@id\":\"https:\/\/www.brighigroup.com\/de\/maschine\/md-100\/#primaryimage\"},\"image\":{\"@id\":\"https:\/\/www.brighigroup.com\/de\/maschine\/md-100\/#primaryimage\"},\"thumbnailUrl\":\"https:\/\/www.brighigroup.com\/wp-content\/uploads\/2021\/11\/MD-100.jpg\",\"datePublished\":\"2021-11-30T10:03:52+00:00\",\"dateModified\":\"2022-09-27T08:43:10+00:00\",\"description\":\"Maschine zur Erkennung des Vorhandenseins von Metallk\u00f6rpern zur \u00dcberpr\u00fcfung des fertigen Produkts vor dem Verpacken und Versenden.\",\"breadcrumb\":{\"@id\":\"https:\/\/www.brighigroup.com\/de\/maschine\/md-100\/#breadcrumb\"},\"inLanguage\":\"de\",\"potentialAction\":[{\"@type\":\"ReadAction\",\"target\":[\"https:\/\/www.brighigroup.com\/de\/maschine\/md-100\/\"]}]},{\"@type\":\"ImageObject\",\"inLanguage\":\"de\",\"@id\":\"https:\/\/www.brighigroup.com\/de\/maschine\/md-100\/#primaryimage\",\"url\":\"https:\/\/www.brighigroup.com\/wp-content\/uploads\/2021\/11\/MD-100.jpg\",\"contentUrl\":\"https:\/\/www.brighigroup.com\/wp-content\/uploads\/2021\/11\/MD-100.jpg\",\"width\":1920,\"height\":1280},{\"@type\":\"BreadcrumbList\",\"@id\":\"https:\/\/www.brighigroup.com\/de\/maschine\/md-100\/#breadcrumb\",\"itemListElement\":[{\"@type\":\"ListItem\",\"position\":1,\"name\":\"Home\",\"item\":\"https:\/\/www.brighigroup.com\/de\/home-2\/\"},{\"@type\":\"ListItem\",\"position\":2,\"name\":\"Maschinen\",\"item\":\"https:\/\/www.brighigroup.com\/de\/maschinen\/\"},{\"@type\":\"ListItem\",\"position\":3,\"name\":\"MD-100\"}]},{\"@type\":\"WebSite\",\"@id\":\"https:\/\/www.brighigroup.com\/de\/#website\",\"url\":\"https:\/\/www.brighigroup.com\/de\/\",\"name\":\"Brighi Group\",\"description\":\"Home textile e di prodotti imbottiti per il design d&#039;arredo tramandando l&#039;innovazione come cultura d&#039;impresa.\",\"potentialAction\":[{\"@type\":\"SearchAction\",\"target\":{\"@type\":\"EntryPoint\",\"urlTemplate\":\"https:\/\/www.brighigroup.com\/de\/?s={search_term_string}\"},\"query-input\":{\"@type\":\"PropertyValueSpecification\",\"valueRequired\":true,\"valueName\":\"search_term_string\"}}],\"inLanguage\":\"de\"}]}<\/script>\n<!-- \/ Yoast SEO plugin. -->","yoast_head_json":{"title":"METALLDETEKTOR MD-100 - Brighi Group","description":"Maschine zur Erkennung des Vorhandenseins von Metallk\u00f6rpern zur \u00dcberpr\u00fcfung des fertigen Produkts vor dem Verpacken und Versenden.","robots":{"index":"index","follow":"follow","max-snippet":"max-snippet:-1","max-image-preview":"max-image-preview:large","max-video-preview":"max-video-preview:-1"},"canonical":"https:\/\/www.brighigroup.com\/de\/maschine\/md-100\/","og_locale":"de_DE","og_type":"article","og_title":"METALLDETEKTOR MD-100 - Brighi Group","og_description":"Maschine zur Erkennung des Vorhandenseins von Metallk\u00f6rpern zur \u00dcberpr\u00fcfung des fertigen Produkts vor dem Verpacken und Versenden.","og_url":"https:\/\/www.brighigroup.com\/de\/maschine\/md-100\/","og_site_name":"Brighi Group","article_modified_time":"2022-09-27T08:43:10+00:00","og_image":[{"width":1920,"height":1280,"url":"https:\/\/www.brighigroup.com\/wp-content\/uploads\/2021\/11\/MD-100.jpg","type":"image\/jpeg"}],"twitter_card":"summary_large_image","twitter_misc":{"Gesch\u00e4tzte Lesezeit":"1\u00a0Minute"},"schema":{"@context":"https:\/\/schema.org","@graph":[{"@type":"WebPage","@id":"https:\/\/www.brighigroup.com\/de\/maschine\/md-100\/","url":"https:\/\/www.brighigroup.com\/de\/maschine\/md-100\/","name":"METALLDETEKTOR MD-100 - Brighi Group","isPartOf":{"@id":"https:\/\/www.brighigroup.com\/de\/#website"},"primaryImageOfPage":{"@id":"https:\/\/www.brighigroup.com\/de\/maschine\/md-100\/#primaryimage"},"image":{"@id":"https:\/\/www.brighigroup.com\/de\/maschine\/md-100\/#primaryimage"},"thumbnailUrl":"https:\/\/www.brighigroup.com\/wp-content\/uploads\/2021\/11\/MD-100.jpg","datePublished":"2021-11-30T10:03:52+00:00","dateModified":"2022-09-27T08:43:10+00:00","description":"Maschine zur Erkennung des Vorhandenseins von Metallk\u00f6rpern zur \u00dcberpr\u00fcfung des fertigen Produkts vor dem Verpacken und Versenden.","breadcrumb":{"@id":"https:\/\/www.brighigroup.com\/de\/maschine\/md-100\/#breadcrumb"},"inLanguage":"de","potentialAction":[{"@type":"ReadAction","target":["https:\/\/www.brighigroup.com\/de\/maschine\/md-100\/"]}]},{"@type":"ImageObject","inLanguage":"de","@id":"https:\/\/www.brighigroup.com\/de\/maschine\/md-100\/#primaryimage","url":"https:\/\/www.brighigroup.com\/wp-content\/uploads\/2021\/11\/MD-100.jpg","contentUrl":"https:\/\/www.brighigroup.com\/wp-content\/uploads\/2021\/11\/MD-100.jpg","width":1920,"height":1280},{"@type":"BreadcrumbList","@id":"https:\/\/www.brighigroup.com\/de\/maschine\/md-100\/#breadcrumb","itemListElement":[{"@type":"ListItem","position":1,"name":"Home","item":"https:\/\/www.brighigroup.com\/de\/home-2\/"},{"@type":"ListItem","position":2,"name":"Maschinen","item":"https:\/\/www.brighigroup.com\/de\/maschinen\/"},{"@type":"ListItem","position":3,"name":"MD-100"}]},{"@type":"WebSite","@id":"https:\/\/www.brighigroup.com\/de\/#website","url":"https:\/\/www.brighigroup.com\/de\/","name":"Brighi Group","description":"Home textile e di prodotti imbottiti per il design d&#039;arredo tramandando l&#039;innovazione come cultura d&#039;impresa.","potentialAction":[{"@type":"SearchAction","target":{"@type":"EntryPoint","urlTemplate":"https:\/\/www.brighigroup.com\/de\/?s={search_term_string}"},"query-input":{"@type":"PropertyValueSpecification","valueRequired":true,"valueName":"search_term_string"}}],"inLanguage":"de"}]}},"_links":{"self":[{"href":"https:\/\/www.brighigroup.com\/de\/wp-json\/wp\/v2\/product\/4946","targetHints":{"allow":["GET"]}}],"collection":[{"href":"https:\/\/www.brighigroup.com\/de\/wp-json\/wp\/v2\/product"}],"about":[{"href":"https:\/\/www.brighigroup.com\/de\/wp-json\/wp\/v2\/types\/product"}],"wp:featuredmedia":[{"embeddable":true,"href":"https:\/\/www.brighigroup.com\/de\/wp-json\/wp\/v2\/media\/4476"}],"wp:attachment":[{"href":"https:\/\/www.brighigroup.com\/de\/wp-json\/wp\/v2\/media?parent=4946"}],"wp:term":[{"taxonomy":"product_cat","embeddable":true,"href":"https:\/\/www.brighigroup.com\/de\/wp-json\/wp\/v2\/product_cat?post=4946"},{"taxonomy":"product_tag","embeddable":true,"href":"https:\/\/www.brighigroup.com\/de\/wp-json\/wp\/v2\/product_tag?post=4946"}],"curies":[{"name":"wp","href":"https:\/\/api.w.org\/{rel}","templated":true}]}}