{"id":4945,"date":"2021-02-01T11:00:16","date_gmt":"2021-11-30T10:03:16","guid":{"rendered":"https:\/\/www.brighigroup.com\/macchina\/sh-100\/"},"modified":"2022-09-27T12:31:03","modified_gmt":"2022-09-27T10:31:03","slug":"sh-100","status":"publish","type":"product","link":"https:\/\/www.brighigroup.com\/de\/maschine\/sh-100\/","title":{"rendered":"SH-100"},"content":{"rendered":"<h2><strong>KISSEN-SCH\u00dcTTEL-MASCHINE ZUR KONTROLLE DER HOMOGENIT\u00c4T DES PRODUKTS<\/strong><\/h2>\n<p>Kissensch\u00fcttelmaschine Mod. SH-100 ist f\u00fcr <strong>das Sch\u00fctteln von Kissen und Polstern nach dem F\u00fcllen<\/strong> mit losen Rohstoffen oder kardierten Fasern bestimmt. Das Kissen wird von der Unterseite her geheftet, wo sich das Material nach dem F\u00fcllvorgang normalerweise ansammelt, und es wird angesto\u00dfen, <strong>um die F\u00fcllung gleichm\u00e4\u00dfig<\/strong> zu verteilen und die 4 Ecken effektiv zu f\u00fcllen, damit das Produkt bauschiger und einheitlicher aussieht. Die Anzahl und die Kraft der H\u00fcbe k\u00f6nnen \u00fcber den Touchscreen der Maschine eingestellt und als Rezept f\u00fcr eine sp\u00e4tere Bearbeitung gespeichert werden.<\/p>\n<p><strong>WAS GESCH\u00dcTTELT WERDEN KANN<\/strong><\/p>\n<p>Kissen und Kopfkissen mit geblasener oder kardierter F\u00fcllung.<\/p>\n<p><strong>HAUPTEIGENSCHAFTEN<\/strong><\/p>\n<ul>\n<li><strong>Schutzvorrichtung<\/strong>: Dank der Schutzvorrichtungen an den Greifpunkten werden die behandelten Produkte in keiner Weise besch\u00e4digt. In unserem Projekt haben wir dieselbe Aktion, die der Bediener manuell durchf\u00fchrt, nachgestellt.<\/li>\n<li><strong>Kraft und Anzahl der H\u00fcbe<\/strong>: Diese beiden Parameter k\u00f6nnen je nach den Eigenschaften des F\u00fcllmaterials, dem Gewicht und der Gr\u00f6\u00dfe des Kissens angepasst werden, um ein hervorragendes Ergebnis zu erzielen.<\/li>\n<li><strong>Upgrade auf die XL-Version<\/strong> f\u00fcr eine erweiterte Produktpalette (bis zu einer L\u00e4nge von 140 cm \/ 55 Zoll).<\/li>\n<li><strong>Vereinfachte Verwaltung:<\/strong> Touchscreen-Bedienfeld f\u00fcr die automatische Verwaltung aller Parameter und mechanischen Einstellungen, mit Rezeptureingabe und Verwaltung mit den Eigenschaften des Produkts\/Materials<\/li>\n<li><strong>Flexibilit\u00e4t<\/strong>: Verarbeitung einer breiten Palette von Materialien, ohne dass mechanische Einstellungen erforderlich sind.<\/li>\n<li><strong>Alle F\u00fcllmaterialien<\/strong>: keine Beschr\u00e4nkungen hinsichtlich der Art der Kissenf\u00fcllung.<\/li>\n<li id=\"gtx-trans\" style=\"position: absolute; left: -10px; top: -4.08594px;\">\n<div class=\"gtx-trans-icon\"><\/div>\n<\/li>\n<\/ul>\n","protected":false},"excerpt":{"rendered":"<h6><strong>KISSEN-SCH\u00dcTTEL-MASCHINE ZUR KONTROLLE DER HOMOGENIT\u00c4T DES PRODUKTS<\/strong><\/h6>\n","protected":false},"featured_media":4477,"template":"","meta":{"_acf_changed":false},"product_cat":[84,110,112,86],"product_tag":[306,301],"class_list":{"0":"post-4945","1":"product","2":"type-product","3":"status-publish","4":"has-post-thumbnail","6":"product_cat-geblase-kissenlinie","7":"product_cat-handhabungssysteme","8":"product_cat-kardierte-kissenlinie","9":"product_cat-linie-der-zierkissen-mit-reissverschluss-und-outdoor-kissen","10":"product_tag-geblasene-kissen-und-polster","11":"product_tag-kopfkissen-und-kissen-aus-kardierter-faser","13":"first","14":"instock","15":"shipping-taxable","16":"product-type-simple"},"acf":[],"yoast_head":"<!-- This site is optimized with the Yoast SEO plugin v24.2 - https:\/\/yoast.com\/wordpress\/plugins\/seo\/ -->\n<title>KISSEN-SCH\u00dcTTEL-MASCHINE SH-100 - Brighi Group<\/title>\n<meta name=\"description\" content=\"SH-100 wurde entwickelt, um Kissen und Kissen nach dem F\u00fcllen mit losen Rohstoffen oder kardierten Fasern zu klopfen um die F\u00fcllung gleichm\u00e4\u00dfig\" \/>\n<meta name=\"robots\" content=\"index, follow, max-snippet:-1, max-image-preview:large, max-video-preview:-1\" \/>\n<link rel=\"canonical\" href=\"https:\/\/www.brighigroup.com\/de\/maschine\/sh-100\/\" \/>\n<meta property=\"og:locale\" content=\"de_DE\" \/>\n<meta property=\"og:type\" content=\"article\" \/>\n<meta property=\"og:title\" content=\"KISSEN-SCH\u00dcTTEL-MASCHINE SH-100 - Brighi Group\" \/>\n<meta property=\"og:description\" content=\"SH-100 wurde entwickelt, um Kissen und Kissen nach dem F\u00fcllen mit losen Rohstoffen oder kardierten Fasern zu klopfen um die F\u00fcllung gleichm\u00e4\u00dfig\" \/>\n<meta property=\"og:url\" content=\"https:\/\/www.brighigroup.com\/de\/maschine\/sh-100\/\" \/>\n<meta property=\"og:site_name\" content=\"Brighi Group\" \/>\n<meta property=\"article:modified_time\" content=\"2022-09-27T10:31:03+00:00\" \/>\n<meta property=\"og:image\" content=\"https:\/\/www.brighigroup.com\/wp-content\/uploads\/2021\/11\/SH-100-1.jpg\" \/>\n\t<meta property=\"og:image:width\" content=\"1920\" \/>\n\t<meta property=\"og:image:height\" content=\"1280\" \/>\n\t<meta property=\"og:image:type\" content=\"image\/jpeg\" \/>\n<meta name=\"twitter:card\" content=\"summary_large_image\" \/>\n<meta name=\"twitter:label1\" content=\"Gesch\u00e4tzte Lesezeit\" \/>\n\t<meta name=\"twitter:data1\" content=\"1\u00a0Minute\" \/>\n<script type=\"application\/ld+json\" class=\"yoast-schema-graph\">{\"@context\":\"https:\/\/schema.org\",\"@graph\":[{\"@type\":\"WebPage\",\"@id\":\"https:\/\/www.brighigroup.com\/de\/maschine\/sh-100\/\",\"url\":\"https:\/\/www.brighigroup.com\/de\/maschine\/sh-100\/\",\"name\":\"KISSEN-SCH\u00dcTTEL-MASCHINE SH-100 - Brighi Group\",\"isPartOf\":{\"@id\":\"https:\/\/www.brighigroup.com\/de\/#website\"},\"primaryImageOfPage\":{\"@id\":\"https:\/\/www.brighigroup.com\/de\/maschine\/sh-100\/#primaryimage\"},\"image\":{\"@id\":\"https:\/\/www.brighigroup.com\/de\/maschine\/sh-100\/#primaryimage\"},\"thumbnailUrl\":\"https:\/\/www.brighigroup.com\/wp-content\/uploads\/2021\/11\/SH-100-1.jpg\",\"datePublished\":\"2021-11-30T10:03:16+00:00\",\"dateModified\":\"2022-09-27T10:31:03+00:00\",\"description\":\"SH-100 wurde entwickelt, um Kissen und Kissen nach dem F\u00fcllen mit losen Rohstoffen oder kardierten Fasern zu klopfen um die F\u00fcllung gleichm\u00e4\u00dfig\",\"breadcrumb\":{\"@id\":\"https:\/\/www.brighigroup.com\/de\/maschine\/sh-100\/#breadcrumb\"},\"inLanguage\":\"de\",\"potentialAction\":[{\"@type\":\"ReadAction\",\"target\":[\"https:\/\/www.brighigroup.com\/de\/maschine\/sh-100\/\"]}]},{\"@type\":\"ImageObject\",\"inLanguage\":\"de\",\"@id\":\"https:\/\/www.brighigroup.com\/de\/maschine\/sh-100\/#primaryimage\",\"url\":\"https:\/\/www.brighigroup.com\/wp-content\/uploads\/2021\/11\/SH-100-1.jpg\",\"contentUrl\":\"https:\/\/www.brighigroup.com\/wp-content\/uploads\/2021\/11\/SH-100-1.jpg\",\"width\":1920,\"height\":1280},{\"@type\":\"BreadcrumbList\",\"@id\":\"https:\/\/www.brighigroup.com\/de\/maschine\/sh-100\/#breadcrumb\",\"itemListElement\":[{\"@type\":\"ListItem\",\"position\":1,\"name\":\"Home\",\"item\":\"https:\/\/www.brighigroup.com\/de\/home-2\/\"},{\"@type\":\"ListItem\",\"position\":2,\"name\":\"Maschinen\",\"item\":\"https:\/\/www.brighigroup.com\/de\/maschinen\/\"},{\"@type\":\"ListItem\",\"position\":3,\"name\":\"SH-100\"}]},{\"@type\":\"WebSite\",\"@id\":\"https:\/\/www.brighigroup.com\/de\/#website\",\"url\":\"https:\/\/www.brighigroup.com\/de\/\",\"name\":\"Brighi Group\",\"description\":\"Home textile e di prodotti imbottiti per il design d&#039;arredo tramandando l&#039;innovazione come cultura d&#039;impresa.\",\"potentialAction\":[{\"@type\":\"SearchAction\",\"target\":{\"@type\":\"EntryPoint\",\"urlTemplate\":\"https:\/\/www.brighigroup.com\/de\/?s={search_term_string}\"},\"query-input\":{\"@type\":\"PropertyValueSpecification\",\"valueRequired\":true,\"valueName\":\"search_term_string\"}}],\"inLanguage\":\"de\"}]}<\/script>\n<!-- \/ Yoast SEO plugin. -->","yoast_head_json":{"title":"KISSEN-SCH\u00dcTTEL-MASCHINE SH-100 - Brighi Group","description":"SH-100 wurde entwickelt, um Kissen und Kissen nach dem F\u00fcllen mit losen Rohstoffen oder kardierten Fasern zu klopfen um die F\u00fcllung gleichm\u00e4\u00dfig","robots":{"index":"index","follow":"follow","max-snippet":"max-snippet:-1","max-image-preview":"max-image-preview:large","max-video-preview":"max-video-preview:-1"},"canonical":"https:\/\/www.brighigroup.com\/de\/maschine\/sh-100\/","og_locale":"de_DE","og_type":"article","og_title":"KISSEN-SCH\u00dcTTEL-MASCHINE SH-100 - Brighi Group","og_description":"SH-100 wurde entwickelt, um Kissen und Kissen nach dem F\u00fcllen mit losen Rohstoffen oder kardierten Fasern zu klopfen um die F\u00fcllung gleichm\u00e4\u00dfig","og_url":"https:\/\/www.brighigroup.com\/de\/maschine\/sh-100\/","og_site_name":"Brighi Group","article_modified_time":"2022-09-27T10:31:03+00:00","og_image":[{"width":1920,"height":1280,"url":"https:\/\/www.brighigroup.com\/wp-content\/uploads\/2021\/11\/SH-100-1.jpg","type":"image\/jpeg"}],"twitter_card":"summary_large_image","twitter_misc":{"Gesch\u00e4tzte Lesezeit":"1\u00a0Minute"},"schema":{"@context":"https:\/\/schema.org","@graph":[{"@type":"WebPage","@id":"https:\/\/www.brighigroup.com\/de\/maschine\/sh-100\/","url":"https:\/\/www.brighigroup.com\/de\/maschine\/sh-100\/","name":"KISSEN-SCH\u00dcTTEL-MASCHINE SH-100 - Brighi Group","isPartOf":{"@id":"https:\/\/www.brighigroup.com\/de\/#website"},"primaryImageOfPage":{"@id":"https:\/\/www.brighigroup.com\/de\/maschine\/sh-100\/#primaryimage"},"image":{"@id":"https:\/\/www.brighigroup.com\/de\/maschine\/sh-100\/#primaryimage"},"thumbnailUrl":"https:\/\/www.brighigroup.com\/wp-content\/uploads\/2021\/11\/SH-100-1.jpg","datePublished":"2021-11-30T10:03:16+00:00","dateModified":"2022-09-27T10:31:03+00:00","description":"SH-100 wurde entwickelt, um Kissen und Kissen nach dem F\u00fcllen mit losen Rohstoffen oder kardierten Fasern zu klopfen um die F\u00fcllung gleichm\u00e4\u00dfig","breadcrumb":{"@id":"https:\/\/www.brighigroup.com\/de\/maschine\/sh-100\/#breadcrumb"},"inLanguage":"de","potentialAction":[{"@type":"ReadAction","target":["https:\/\/www.brighigroup.com\/de\/maschine\/sh-100\/"]}]},{"@type":"ImageObject","inLanguage":"de","@id":"https:\/\/www.brighigroup.com\/de\/maschine\/sh-100\/#primaryimage","url":"https:\/\/www.brighigroup.com\/wp-content\/uploads\/2021\/11\/SH-100-1.jpg","contentUrl":"https:\/\/www.brighigroup.com\/wp-content\/uploads\/2021\/11\/SH-100-1.jpg","width":1920,"height":1280},{"@type":"BreadcrumbList","@id":"https:\/\/www.brighigroup.com\/de\/maschine\/sh-100\/#breadcrumb","itemListElement":[{"@type":"ListItem","position":1,"name":"Home","item":"https:\/\/www.brighigroup.com\/de\/home-2\/"},{"@type":"ListItem","position":2,"name":"Maschinen","item":"https:\/\/www.brighigroup.com\/de\/maschinen\/"},{"@type":"ListItem","position":3,"name":"SH-100"}]},{"@type":"WebSite","@id":"https:\/\/www.brighigroup.com\/de\/#website","url":"https:\/\/www.brighigroup.com\/de\/","name":"Brighi Group","description":"Home textile e di prodotti imbottiti per il design d&#039;arredo tramandando l&#039;innovazione come cultura d&#039;impresa.","potentialAction":[{"@type":"SearchAction","target":{"@type":"EntryPoint","urlTemplate":"https:\/\/www.brighigroup.com\/de\/?s={search_term_string}"},"query-input":{"@type":"PropertyValueSpecification","valueRequired":true,"valueName":"search_term_string"}}],"inLanguage":"de"}]}},"_links":{"self":[{"href":"https:\/\/www.brighigroup.com\/de\/wp-json\/wp\/v2\/product\/4945","targetHints":{"allow":["GET"]}}],"collection":[{"href":"https:\/\/www.brighigroup.com\/de\/wp-json\/wp\/v2\/product"}],"about":[{"href":"https:\/\/www.brighigroup.com\/de\/wp-json\/wp\/v2\/types\/product"}],"wp:featuredmedia":[{"embeddable":true,"href":"https:\/\/www.brighigroup.com\/de\/wp-json\/wp\/v2\/media\/4477"}],"wp:attachment":[{"href":"https:\/\/www.brighigroup.com\/de\/wp-json\/wp\/v2\/media?parent=4945"}],"wp:term":[{"taxonomy":"product_cat","embeddable":true,"href":"https:\/\/www.brighigroup.com\/de\/wp-json\/wp\/v2\/product_cat?post=4945"},{"taxonomy":"product_tag","embeddable":true,"href":"https:\/\/www.brighigroup.com\/de\/wp-json\/wp\/v2\/product_tag?post=4945"}],"curies":[{"name":"wp","href":"https:\/\/api.w.org\/{rel}","templated":true}]}}