{"id":4944,"date":"2022-05-01T11:00:46","date_gmt":"2021-11-30T10:02:46","guid":{"rendered":"https:\/\/www.brighigroup.com\/macchina\/lf-100\/"},"modified":"2025-09-17T12:24:00","modified_gmt":"2025-09-17T10:24:00","slug":"lf-100","status":"publish","type":"product","link":"https:\/\/www.brighigroup.com\/de\/maschine\/lf-100\/","title":{"rendered":"LF-100"},"content":{"rendered":"<h2><strong>HALBAUTOMATISCHE MASCHINE MIT EINSTELLBARER KOMPRESSION UND HEISSVERSIEGELUNG<\/strong><\/h2>\n<p>Die Maschine Mod. Der LF-100 ist ein eigenst\u00e4ndiges Modul zum <strong>Komprimieren und Verschwei\u00dfen von Kissen- und Steppdeckenbeuteln<\/strong>. Die verpackte Ware wird vom Bediener in die Maschine gelegt, die durch den Fu\u00dfschalter aktiviert wird. Die obere Platte senkt sich ab, um die Packung allm\u00e4hlich zusammenzudr\u00fccken, und dann versiegelt die <strong>Doppeldraht-Schwei\u00dfleiste den Beutel thermisch<\/strong> und <strong>entfernt \u00fcbersch\u00fcssiges Plastik<\/strong>. \u00dcber den Touchscreen k\u00f6nnen Sie Rezepte f\u00fcr verschiedene Artikel und alle zugeh\u00f6rigen Parameter, einschlie\u00dflich der Verdichtungsstufe und der Option zum Ausschluss von Siegeln, anpassen und speichern.<\/p>\n<p><iframe title=\"Compressing and Sealing Machine mod. LF-100\" width=\"800\" height=\"450\" src=\"https:\/\/www.youtube-nocookie.com\/embed\/t7OxVdoRvYQ?feature=oembed\" frameborder=\"0\" allow=\"accelerometer; autoplay; clipboard-write; encrypted-media; gyroscope; picture-in-picture; web-share\" referrerpolicy=\"strict-origin-when-cross-origin\" allowfullscreen><\/iframe><\/p>\n<p>&nbsp;<\/p>\n<p><strong>WAS KOMPRIMIERT UND\/ODER GESCHWEISST WERDEN KANN<\/strong><\/p>\n<p>Kissen, Kopfkissen auch gestapelt, gefaltete Steppdecken, Kleidung, etc.<\/p>\n<p><strong>UMSCHL\u00c4GE, DIE VERWENDET WERDEN K\u00d6NNEN<\/strong><\/p>\n<p>Einzelne Umschl\u00e4ge, flach oder mit Griffen<\/p>\n<p><strong>HAUPTEIGENSCHAFTEN<\/strong><\/p>\n<ul>\n<li><strong>Siegelschienen-Temperaturregelung: <\/strong>elektronische Regelung der Doppeldraht-Siegelschiene f\u00fcr maximale Flexibilit\u00e4t bei einer Vielzahl von Materialien.<\/li>\n<li><strong>Upgrade auf die XL-Version<\/strong> f\u00fcr eine erweiterte Produktpalette (bis zu einer L\u00e4nge von 140 cm \/ 55 Zoll). Sie umfasst mechanische \u00c4nderungen an den Komponenten und der Struktur der Maschine sowie ein Software-Upgrade.<\/li>\n<li><strong>Mehrere Kissen in einem Beutel<\/strong>: Mehrfach-Bef\u00fcllung in einem einzigen Beutel zur Platzoptimierung und Komprimierung bis auf 0.<\/li>\n<li><strong>Alle F\u00fcllmaterialien<\/strong>: keine Beschr\u00e4nkungen hinsichtlich der Art der Kissenf\u00fcllung.<\/li>\n<li><strong>Vereinfachte Verwaltung:<\/strong> Touchscreen-Bedienfeld f\u00fcr die automatische Verwaltung aller Parameter und mechanischen Einstellungen, mit Rezeptureingabe und Verwaltung mit den Eigenschaften des Produkts\/Materials<\/li>\n<li><strong>Flexibilit\u00e4t<\/strong>: breites Spektrum an Umschl\u00e4gen und Beuteln, die ohne mechanische Anpassungen verarbeitet werden k\u00f6nnen.<\/li>\n<\/ul>\n<div id=\"gtx-trans\" style=\"position: absolute;left: -71px;top: -4.08594px\">\n<div class=\"gtx-trans-icon\"><\/div>\n<\/div>\n","protected":false},"excerpt":{"rendered":"<h6><strong>HALBAUTOMATISCHE MASCHINE MIT EINSTELLBARER KOMPRESSION UND HEISSVERSIEGELUNG<\/strong><\/h6>\n<div id=\"gtx-trans\" style=\"position: absolute;left: -4px;top: -4.08594px\">\n<div class=\"gtx-trans-icon\"><\/div>\n<\/div>\n","protected":false},"featured_media":4513,"template":"","meta":{"_acf_changed":false},"product_cat":[84,112,86,89,113,87,88,115,107],"product_tag":[306,301,309,326,322],"class_list":{"0":"post-4944","1":"product","2":"type-product","3":"status-publish","4":"has-post-thumbnail","6":"product_cat-geblase-kissenlinie","7":"product_cat-kardierte-kissenlinie","8":"product_cat-linie-der-zierkissen-mit-reissverschluss-und-outdoor-kissen","9":"product_cat-llinie-fuellung-tierebetten-plueschtieren-gepolsterten-gegenstaenden","10":"product_cat-polyurethan-latex-kissenlinie","11":"product_cat-produktionslinie-fuer-sofas-und-polsterungen","12":"product_cat-rohstoffaufbereitungs-und-schrottrecyclinganlage","13":"product_cat-steppdecken-linie","14":"product_cat-verpackung","15":"product_tag-geblasene-kissen-und-polster","16":"product_tag-kopfkissen-und-kissen-aus-kardierter-faser","17":"product_tag-schaumstoff-und-latexkissen","18":"product_tag-steppdecken","19":"product_tag-teppiche","21":"first","22":"instock","23":"shipping-taxable","24":"product-type-simple"},"acf":[],"yoast_head":"<!-- This site is optimized with the Yoast SEO plugin v24.2 - https:\/\/yoast.com\/wordpress\/plugins\/seo\/ -->\n<title>HALBAUTOMATISCHE MASCHINE MIT EINSTELLBARER KOMPRESSION UND HEISSVERSIEGELUNG LF-100 - Brighi Group<\/title>\n<meta name=\"description\" content=\"Der halbautomatische Maschinenmod. LF-100 ist ein unabh\u00e4ngiges Modul zum Komprimieren und Hei\u00dfsiegeln von Umschl\u00e4gen und Taschen mit Kissen und Steppdecken.\" \/>\n<meta name=\"robots\" content=\"index, follow, max-snippet:-1, max-image-preview:large, max-video-preview:-1\" \/>\n<link rel=\"canonical\" href=\"https:\/\/www.brighigroup.com\/de\/maschine\/lf-100\/\" \/>\n<meta property=\"og:locale\" content=\"de_DE\" \/>\n<meta property=\"og:type\" content=\"article\" \/>\n<meta property=\"og:title\" content=\"HALBAUTOMATISCHE MASCHINE MIT EINSTELLBARER KOMPRESSION UND HEISSVERSIEGELUNG LF-100 - Brighi Group\" \/>\n<meta property=\"og:description\" content=\"Der halbautomatische Maschinenmod. LF-100 ist ein unabh\u00e4ngiges Modul zum Komprimieren und Hei\u00dfsiegeln von Umschl\u00e4gen und Taschen mit Kissen und Steppdecken.\" \/>\n<meta property=\"og:url\" content=\"https:\/\/www.brighigroup.com\/de\/maschine\/lf-100\/\" \/>\n<meta property=\"og:site_name\" content=\"Brighi Group\" \/>\n<meta property=\"article:modified_time\" content=\"2025-09-17T10:24:00+00:00\" \/>\n<meta property=\"og:image\" content=\"https:\/\/www.brighigroup.com\/wp-content\/uploads\/2021\/11\/LF-100.jpg\" \/>\n\t<meta property=\"og:image:width\" content=\"1920\" \/>\n\t<meta property=\"og:image:height\" content=\"1280\" \/>\n\t<meta property=\"og:image:type\" content=\"image\/jpeg\" \/>\n<meta name=\"twitter:card\" content=\"summary_large_image\" \/>\n<meta name=\"twitter:label1\" content=\"Gesch\u00e4tzte Lesezeit\" \/>\n\t<meta name=\"twitter:data1\" content=\"2\u00a0Minuten\" \/>\n<script type=\"application\/ld+json\" class=\"yoast-schema-graph\">{\"@context\":\"https:\/\/schema.org\",\"@graph\":[{\"@type\":\"WebPage\",\"@id\":\"https:\/\/www.brighigroup.com\/de\/maschine\/lf-100\/\",\"url\":\"https:\/\/www.brighigroup.com\/de\/maschine\/lf-100\/\",\"name\":\"HALBAUTOMATISCHE MASCHINE MIT EINSTELLBARER KOMPRESSION UND HEISSVERSIEGELUNG LF-100 - Brighi Group\",\"isPartOf\":{\"@id\":\"https:\/\/www.brighigroup.com\/de\/#website\"},\"primaryImageOfPage\":{\"@id\":\"https:\/\/www.brighigroup.com\/de\/maschine\/lf-100\/#primaryimage\"},\"image\":{\"@id\":\"https:\/\/www.brighigroup.com\/de\/maschine\/lf-100\/#primaryimage\"},\"thumbnailUrl\":\"https:\/\/www.brighigroup.com\/wp-content\/uploads\/2021\/11\/LF-100.jpg\",\"datePublished\":\"2021-11-30T10:02:46+00:00\",\"dateModified\":\"2025-09-17T10:24:00+00:00\",\"description\":\"Der halbautomatische Maschinenmod. LF-100 ist ein unabh\u00e4ngiges Modul zum Komprimieren und Hei\u00dfsiegeln von Umschl\u00e4gen und Taschen mit Kissen und Steppdecken.\",\"breadcrumb\":{\"@id\":\"https:\/\/www.brighigroup.com\/de\/maschine\/lf-100\/#breadcrumb\"},\"inLanguage\":\"de\",\"potentialAction\":[{\"@type\":\"ReadAction\",\"target\":[\"https:\/\/www.brighigroup.com\/de\/maschine\/lf-100\/\"]}]},{\"@type\":\"ImageObject\",\"inLanguage\":\"de\",\"@id\":\"https:\/\/www.brighigroup.com\/de\/maschine\/lf-100\/#primaryimage\",\"url\":\"https:\/\/www.brighigroup.com\/wp-content\/uploads\/2021\/11\/LF-100.jpg\",\"contentUrl\":\"https:\/\/www.brighigroup.com\/wp-content\/uploads\/2021\/11\/LF-100.jpg\",\"width\":1920,\"height\":1280},{\"@type\":\"BreadcrumbList\",\"@id\":\"https:\/\/www.brighigroup.com\/de\/maschine\/lf-100\/#breadcrumb\",\"itemListElement\":[{\"@type\":\"ListItem\",\"position\":1,\"name\":\"Home\",\"item\":\"https:\/\/www.brighigroup.com\/de\/home-2\/\"},{\"@type\":\"ListItem\",\"position\":2,\"name\":\"Maschinen\",\"item\":\"https:\/\/www.brighigroup.com\/de\/maschinen\/\"},{\"@type\":\"ListItem\",\"position\":3,\"name\":\"LF-100\"}]},{\"@type\":\"WebSite\",\"@id\":\"https:\/\/www.brighigroup.com\/de\/#website\",\"url\":\"https:\/\/www.brighigroup.com\/de\/\",\"name\":\"Brighi Group\",\"description\":\"Home textile e di prodotti imbottiti per il design d&#039;arredo tramandando l&#039;innovazione come cultura d&#039;impresa.\",\"potentialAction\":[{\"@type\":\"SearchAction\",\"target\":{\"@type\":\"EntryPoint\",\"urlTemplate\":\"https:\/\/www.brighigroup.com\/de\/?s={search_term_string}\"},\"query-input\":{\"@type\":\"PropertyValueSpecification\",\"valueRequired\":true,\"valueName\":\"search_term_string\"}}],\"inLanguage\":\"de\"}]}<\/script>\n<!-- \/ Yoast SEO plugin. -->","yoast_head_json":{"title":"HALBAUTOMATISCHE MASCHINE MIT EINSTELLBARER KOMPRESSION UND HEISSVERSIEGELUNG LF-100 - Brighi Group","description":"Der halbautomatische Maschinenmod. LF-100 ist ein unabh\u00e4ngiges Modul zum Komprimieren und Hei\u00dfsiegeln von Umschl\u00e4gen und Taschen mit Kissen und Steppdecken.","robots":{"index":"index","follow":"follow","max-snippet":"max-snippet:-1","max-image-preview":"max-image-preview:large","max-video-preview":"max-video-preview:-1"},"canonical":"https:\/\/www.brighigroup.com\/de\/maschine\/lf-100\/","og_locale":"de_DE","og_type":"article","og_title":"HALBAUTOMATISCHE MASCHINE MIT EINSTELLBARER KOMPRESSION UND HEISSVERSIEGELUNG LF-100 - Brighi Group","og_description":"Der halbautomatische Maschinenmod. LF-100 ist ein unabh\u00e4ngiges Modul zum Komprimieren und Hei\u00dfsiegeln von Umschl\u00e4gen und Taschen mit Kissen und Steppdecken.","og_url":"https:\/\/www.brighigroup.com\/de\/maschine\/lf-100\/","og_site_name":"Brighi Group","article_modified_time":"2025-09-17T10:24:00+00:00","og_image":[{"width":1920,"height":1280,"url":"https:\/\/www.brighigroup.com\/wp-content\/uploads\/2021\/11\/LF-100.jpg","type":"image\/jpeg"}],"twitter_card":"summary_large_image","twitter_misc":{"Gesch\u00e4tzte Lesezeit":"2\u00a0Minuten"},"schema":{"@context":"https:\/\/schema.org","@graph":[{"@type":"WebPage","@id":"https:\/\/www.brighigroup.com\/de\/maschine\/lf-100\/","url":"https:\/\/www.brighigroup.com\/de\/maschine\/lf-100\/","name":"HALBAUTOMATISCHE MASCHINE MIT EINSTELLBARER KOMPRESSION UND HEISSVERSIEGELUNG LF-100 - Brighi Group","isPartOf":{"@id":"https:\/\/www.brighigroup.com\/de\/#website"},"primaryImageOfPage":{"@id":"https:\/\/www.brighigroup.com\/de\/maschine\/lf-100\/#primaryimage"},"image":{"@id":"https:\/\/www.brighigroup.com\/de\/maschine\/lf-100\/#primaryimage"},"thumbnailUrl":"https:\/\/www.brighigroup.com\/wp-content\/uploads\/2021\/11\/LF-100.jpg","datePublished":"2021-11-30T10:02:46+00:00","dateModified":"2025-09-17T10:24:00+00:00","description":"Der halbautomatische Maschinenmod. LF-100 ist ein unabh\u00e4ngiges Modul zum Komprimieren und Hei\u00dfsiegeln von Umschl\u00e4gen und Taschen mit Kissen und Steppdecken.","breadcrumb":{"@id":"https:\/\/www.brighigroup.com\/de\/maschine\/lf-100\/#breadcrumb"},"inLanguage":"de","potentialAction":[{"@type":"ReadAction","target":["https:\/\/www.brighigroup.com\/de\/maschine\/lf-100\/"]}]},{"@type":"ImageObject","inLanguage":"de","@id":"https:\/\/www.brighigroup.com\/de\/maschine\/lf-100\/#primaryimage","url":"https:\/\/www.brighigroup.com\/wp-content\/uploads\/2021\/11\/LF-100.jpg","contentUrl":"https:\/\/www.brighigroup.com\/wp-content\/uploads\/2021\/11\/LF-100.jpg","width":1920,"height":1280},{"@type":"BreadcrumbList","@id":"https:\/\/www.brighigroup.com\/de\/maschine\/lf-100\/#breadcrumb","itemListElement":[{"@type":"ListItem","position":1,"name":"Home","item":"https:\/\/www.brighigroup.com\/de\/home-2\/"},{"@type":"ListItem","position":2,"name":"Maschinen","item":"https:\/\/www.brighigroup.com\/de\/maschinen\/"},{"@type":"ListItem","position":3,"name":"LF-100"}]},{"@type":"WebSite","@id":"https:\/\/www.brighigroup.com\/de\/#website","url":"https:\/\/www.brighigroup.com\/de\/","name":"Brighi Group","description":"Home textile e di prodotti imbottiti per il design d&#039;arredo tramandando l&#039;innovazione come cultura d&#039;impresa.","potentialAction":[{"@type":"SearchAction","target":{"@type":"EntryPoint","urlTemplate":"https:\/\/www.brighigroup.com\/de\/?s={search_term_string}"},"query-input":{"@type":"PropertyValueSpecification","valueRequired":true,"valueName":"search_term_string"}}],"inLanguage":"de"}]}},"_links":{"self":[{"href":"https:\/\/www.brighigroup.com\/de\/wp-json\/wp\/v2\/product\/4944","targetHints":{"allow":["GET"]}}],"collection":[{"href":"https:\/\/www.brighigroup.com\/de\/wp-json\/wp\/v2\/product"}],"about":[{"href":"https:\/\/www.brighigroup.com\/de\/wp-json\/wp\/v2\/types\/product"}],"wp:featuredmedia":[{"embeddable":true,"href":"https:\/\/www.brighigroup.com\/de\/wp-json\/wp\/v2\/media\/4513"}],"wp:attachment":[{"href":"https:\/\/www.brighigroup.com\/de\/wp-json\/wp\/v2\/media?parent=4944"}],"wp:term":[{"taxonomy":"product_cat","embeddable":true,"href":"https:\/\/www.brighigroup.com\/de\/wp-json\/wp\/v2\/product_cat?post=4944"},{"taxonomy":"product_tag","embeddable":true,"href":"https:\/\/www.brighigroup.com\/de\/wp-json\/wp\/v2\/product_tag?post=4944"}],"curies":[{"name":"wp","href":"https:\/\/api.w.org\/{rel}","templated":true}]}}