{"id":4942,"date":"2024-08-30T10:30:14","date_gmt":"2021-11-30T09:58:14","guid":{"rendered":"https:\/\/www.brighigroup.com\/macchina\/er-500-easy-roll\/"},"modified":"2022-09-27T15:22:43","modified_gmt":"2022-09-27T13:22:43","slug":"er-500-easy-roll","status":"publish","type":"product","link":"https:\/\/www.brighigroup.com\/de\/maschine\/er-500-easy-roll\/","title":{"rendered":"ER-500 EASY ROLL"},"content":{"rendered":"<h2><strong>AUTOMATISCHE MASCHINE ZUM AUFROLLEN UND VERPACKEN IN BEUTELN UND TASCHEN<\/strong><\/h2>\n<p><strong>Vollautomatische Maschine f\u00fcr gerollte Kissenverpackungen<\/strong>. Das Kissen wird \u00fcber das Zuf\u00fchrband in die Maschine eingef\u00fchrt, bis es die Walzstation erreicht. Die &#8222;Revolver&#8220;-Rolleinheit ist das Herzst\u00fcck der Maschine: W\u00e4hrend eine <strong>Einheit das Kissen aufrollt<\/strong>, befindet sich die andere in der Auswurfposition, damit das <strong>aufgerollte Kissen eingesackt werden kann<\/strong>.<\/p>\n<p>Die Maschine verf\u00fcgt \u00fcber ein <strong>integriertes Modul zur Herstellung der Umschl\u00e4ge<\/strong>, die von einer Schlauchrolle gebildet werden, wobei der Boden verschwei\u00dft wird. Ein Roboter nimmt den vorgefertigten Umschlag automatisch auf, \u00f6ffnet ihn mit den Fingern und legt ihn f\u00fcr den Kuvertiervorgang auf den Kissenhalter. An diesem Punkt wird das Kissen auf ein spezielles F\u00f6rderband mit Wiegen entladen und zur abschlie\u00dfenden <strong>Kompressions- und Hei\u00dfsiegelstation<\/strong> transportiert, wo das Paket vervollst\u00e4ndigt und zum Verpacken entladen wird.<\/p>\n<p>&nbsp;<\/p>\n<p><iframe title=\"Automatic Pillow Rollpacking Machine mod. ER-500 EASY ROLL\" width=\"800\" height=\"450\" src=\"https:\/\/www.youtube-nocookie.com\/embed\/SdqtupnmVXQ?feature=oembed\" frameborder=\"0\" allow=\"accelerometer; autoplay; clipboard-write; encrypted-media; gyroscope; picture-in-picture\" allowfullscreen><\/iframe><\/p>\n<p><iframe title=\"Automatic Roll Packaging Machine mod. ER-500 EASY ROLL\" width=\"800\" height=\"450\" src=\"https:\/\/www.youtube-nocookie.com\/embed\/3I0oDK7YPLk?feature=oembed\" frameborder=\"0\" allow=\"accelerometer; autoplay; clipboard-write; encrypted-media; gyroscope; picture-in-picture\" allowfullscreen><\/iframe><\/p>\n<p>&nbsp;<\/p>\n<p><strong>WAS IN UMSCHL\u00c4GE VERPACKT WERDEN KANN<\/strong><\/p>\n<p>Kissen, Kopfkissen, Steppdecken, Schlafs\u00e4cke<\/p>\n<p><strong>ARTEN VON UMSCHL\u00c4GEN<\/strong><\/p>\n<p>Durch den integrierten Abwickler erzeugte Umschl\u00e4ge<\/p>\n<p><strong>HAUPTEIGENSCHAFTEN<\/strong><\/p>\n<ul>\n<li><strong>Vorrichtung zum Einlegen von Brosch\u00fcren<\/strong>, die speziell entwickelt wurde, um die Brosch\u00fcre vor dem Aufrollen auf dem Kissen freizugeben, wie von den gro\u00dfen Marken gefordert. Die Reserveeinheit ist f\u00fcr einen echten Non-Stopp-Prozess verf\u00fcgbar.<\/li>\n<li><strong>Ausgezeichnetes Hei\u00dfsiegelsystem<\/strong>: Siegelplatte, Beutelschneideplatte, Aufrei\u00dfsystem f\u00fcr \u00fcbersch\u00fcssigen Kunststoff, Absaugsystem und Recycling von Kunststoffabf\u00e4llen.<\/li>\n<li><strong>Unabh\u00e4ngiges System zum Abrollen von Rohren und zur Positionierung von Umschl\u00e4gen<\/strong> f\u00fcr eine bessere Leistung insbesondere bei gro\u00dfen Umschl\u00e4gen.<\/li>\n<li><strong>Inline-Drucker<\/strong> f\u00fcr den Druck direkt auf den Umschlag w\u00e4hrend der Erstellung im Abroller mit Datum\/Lot\/Uhrzeit.<\/li>\n<li><strong>Vereinfachte Verwaltung:<\/strong> Touchscreen-Bedienfeld f\u00fcr die automatische Verwaltung aller Parameter und mechanischen Einstellungen, mit Rezeptureingabe und Verwaltung mit den Eigenschaften des Produkts\/Materials<\/li>\n<li><strong>Flexibilit\u00e4t<\/strong>: Verarbeitung einer breiten Palette von Materialien und Umschl\u00e4gen ohne mechanische Anpassungen.<\/li>\n<li><strong>Alle F\u00fcllmaterialien<\/strong>: keine Beschr\u00e4nkungen hinsichtlich der Art der Kissenf\u00fcllung.<\/li>\n<li id=\"gtx-trans\" style=\"position: absolute; left: 211px; top: 124.414px;\">\n<div class=\"gtx-trans-icon\"><\/div>\n<\/li>\n<\/ul>\n","protected":false},"excerpt":{"rendered":"<h6><strong>EASY ROLL AUTOMATISCHE MASCHINE ZUM AUFROLLEN UND VERPACKEN IN BEUTELN UND TASCHEN<\/strong><\/h6>\n","protected":false},"featured_media":4583,"template":"","meta":{"_acf_changed":false},"product_cat":[84,112,86,113,115,107],"product_tag":[306,301,309],"class_list":{"0":"post-4942","1":"product","2":"type-product","3":"status-publish","4":"has-post-thumbnail","6":"product_cat-geblase-kissenlinie","7":"product_cat-kardierte-kissenlinie","8":"product_cat-linie-der-zierkissen-mit-reissverschluss-und-outdoor-kissen","9":"product_cat-polyurethan-latex-kissenlinie","10":"product_cat-steppdecken-linie","11":"product_cat-verpackung","12":"product_tag-geblasene-kissen-und-polster","13":"product_tag-kopfkissen-und-kissen-aus-kardierter-faser","14":"product_tag-schaumstoff-und-latexkissen","16":"first","17":"instock","18":"shipping-taxable","19":"product-type-simple"},"acf":[],"yoast_head":"<!-- This site is optimized with the Yoast SEO plugin v24.2 - https:\/\/yoast.com\/wordpress\/plugins\/seo\/ -->\n<title>AUTOMATISCHE MASCHINE ZUM AUFROLLEN UND VERPACKEN IN BEUTELN UND TASCHENER-500 EASY ROLL - Brighi Group<\/title>\n<meta name=\"description\" content=\"Automatische Maschine zum Aufrollen und Verpacken von Kopfkissen, Kopfkissen, Steppdecken, Schlafs\u00e4cken in H\u00fcllen und Taschen.\" \/>\n<meta name=\"robots\" content=\"index, follow, max-snippet:-1, max-image-preview:large, max-video-preview:-1\" \/>\n<link rel=\"canonical\" href=\"https:\/\/www.brighigroup.com\/de\/maschine\/er-500-easy-roll\/\" \/>\n<meta property=\"og:locale\" content=\"de_DE\" \/>\n<meta property=\"og:type\" content=\"article\" \/>\n<meta property=\"og:title\" content=\"AUTOMATISCHE MASCHINE ZUM AUFROLLEN UND VERPACKEN IN BEUTELN UND TASCHENER-500 EASY ROLL - Brighi Group\" \/>\n<meta property=\"og:description\" content=\"Automatische Maschine zum Aufrollen und Verpacken von Kopfkissen, Kopfkissen, Steppdecken, Schlafs\u00e4cken in H\u00fcllen und Taschen.\" \/>\n<meta property=\"og:url\" content=\"https:\/\/www.brighigroup.com\/de\/maschine\/er-500-easy-roll\/\" \/>\n<meta property=\"og:site_name\" content=\"Brighi Group\" \/>\n<meta property=\"article:modified_time\" content=\"2022-09-27T13:22:43+00:00\" \/>\n<meta property=\"og:image\" content=\"https:\/\/www.brighigroup.com\/wp-content\/uploads\/2021\/11\/ER-500-EASY-ROLL.jpg\" \/>\n\t<meta property=\"og:image:width\" content=\"1920\" \/>\n\t<meta property=\"og:image:height\" content=\"1280\" \/>\n\t<meta property=\"og:image:type\" content=\"image\/jpeg\" \/>\n<meta name=\"twitter:card\" content=\"summary_large_image\" \/>\n<meta name=\"twitter:label1\" content=\"Gesch\u00e4tzte Lesezeit\" \/>\n\t<meta name=\"twitter:data1\" content=\"2\u00a0Minuten\" \/>\n<script type=\"application\/ld+json\" class=\"yoast-schema-graph\">{\"@context\":\"https:\/\/schema.org\",\"@graph\":[{\"@type\":\"WebPage\",\"@id\":\"https:\/\/www.brighigroup.com\/de\/maschine\/er-500-easy-roll\/\",\"url\":\"https:\/\/www.brighigroup.com\/de\/maschine\/er-500-easy-roll\/\",\"name\":\"AUTOMATISCHE MASCHINE ZUM AUFROLLEN UND VERPACKEN IN BEUTELN UND TASCHENER-500 EASY ROLL - Brighi Group\",\"isPartOf\":{\"@id\":\"https:\/\/www.brighigroup.com\/de\/#website\"},\"primaryImageOfPage\":{\"@id\":\"https:\/\/www.brighigroup.com\/de\/maschine\/er-500-easy-roll\/#primaryimage\"},\"image\":{\"@id\":\"https:\/\/www.brighigroup.com\/de\/maschine\/er-500-easy-roll\/#primaryimage\"},\"thumbnailUrl\":\"https:\/\/www.brighigroup.com\/wp-content\/uploads\/2021\/11\/ER-500-EASY-ROLL.jpg\",\"datePublished\":\"2021-11-30T09:58:14+00:00\",\"dateModified\":\"2022-09-27T13:22:43+00:00\",\"description\":\"Automatische Maschine zum Aufrollen und Verpacken von Kopfkissen, Kopfkissen, Steppdecken, Schlafs\u00e4cken in H\u00fcllen und Taschen.\",\"breadcrumb\":{\"@id\":\"https:\/\/www.brighigroup.com\/de\/maschine\/er-500-easy-roll\/#breadcrumb\"},\"inLanguage\":\"de\",\"potentialAction\":[{\"@type\":\"ReadAction\",\"target\":[\"https:\/\/www.brighigroup.com\/de\/maschine\/er-500-easy-roll\/\"]}]},{\"@type\":\"ImageObject\",\"inLanguage\":\"de\",\"@id\":\"https:\/\/www.brighigroup.com\/de\/maschine\/er-500-easy-roll\/#primaryimage\",\"url\":\"https:\/\/www.brighigroup.com\/wp-content\/uploads\/2021\/11\/ER-500-EASY-ROLL.jpg\",\"contentUrl\":\"https:\/\/www.brighigroup.com\/wp-content\/uploads\/2021\/11\/ER-500-EASY-ROLL.jpg\",\"width\":1920,\"height\":1280},{\"@type\":\"BreadcrumbList\",\"@id\":\"https:\/\/www.brighigroup.com\/de\/maschine\/er-500-easy-roll\/#breadcrumb\",\"itemListElement\":[{\"@type\":\"ListItem\",\"position\":1,\"name\":\"Home\",\"item\":\"https:\/\/www.brighigroup.com\/de\/home-2\/\"},{\"@type\":\"ListItem\",\"position\":2,\"name\":\"Maschinen\",\"item\":\"https:\/\/www.brighigroup.com\/de\/maschinen\/\"},{\"@type\":\"ListItem\",\"position\":3,\"name\":\"ER-500 EASY ROLL\"}]},{\"@type\":\"WebSite\",\"@id\":\"https:\/\/www.brighigroup.com\/de\/#website\",\"url\":\"https:\/\/www.brighigroup.com\/de\/\",\"name\":\"Brighi Group\",\"description\":\"Home textile e di prodotti imbottiti per il design d&#039;arredo tramandando l&#039;innovazione come cultura d&#039;impresa.\",\"potentialAction\":[{\"@type\":\"SearchAction\",\"target\":{\"@type\":\"EntryPoint\",\"urlTemplate\":\"https:\/\/www.brighigroup.com\/de\/?s={search_term_string}\"},\"query-input\":{\"@type\":\"PropertyValueSpecification\",\"valueRequired\":true,\"valueName\":\"search_term_string\"}}],\"inLanguage\":\"de\"}]}<\/script>\n<!-- \/ Yoast SEO plugin. -->","yoast_head_json":{"title":"AUTOMATISCHE MASCHINE ZUM AUFROLLEN UND VERPACKEN IN BEUTELN UND TASCHENER-500 EASY ROLL - Brighi Group","description":"Automatische Maschine zum Aufrollen und Verpacken von Kopfkissen, Kopfkissen, Steppdecken, Schlafs\u00e4cken in H\u00fcllen und Taschen.","robots":{"index":"index","follow":"follow","max-snippet":"max-snippet:-1","max-image-preview":"max-image-preview:large","max-video-preview":"max-video-preview:-1"},"canonical":"https:\/\/www.brighigroup.com\/de\/maschine\/er-500-easy-roll\/","og_locale":"de_DE","og_type":"article","og_title":"AUTOMATISCHE MASCHINE ZUM AUFROLLEN UND VERPACKEN IN BEUTELN UND TASCHENER-500 EASY ROLL - Brighi Group","og_description":"Automatische Maschine zum Aufrollen und Verpacken von Kopfkissen, Kopfkissen, Steppdecken, Schlafs\u00e4cken in H\u00fcllen und Taschen.","og_url":"https:\/\/www.brighigroup.com\/de\/maschine\/er-500-easy-roll\/","og_site_name":"Brighi Group","article_modified_time":"2022-09-27T13:22:43+00:00","og_image":[{"width":1920,"height":1280,"url":"https:\/\/www.brighigroup.com\/wp-content\/uploads\/2021\/11\/ER-500-EASY-ROLL.jpg","type":"image\/jpeg"}],"twitter_card":"summary_large_image","twitter_misc":{"Gesch\u00e4tzte Lesezeit":"2\u00a0Minuten"},"schema":{"@context":"https:\/\/schema.org","@graph":[{"@type":"WebPage","@id":"https:\/\/www.brighigroup.com\/de\/maschine\/er-500-easy-roll\/","url":"https:\/\/www.brighigroup.com\/de\/maschine\/er-500-easy-roll\/","name":"AUTOMATISCHE MASCHINE ZUM AUFROLLEN UND VERPACKEN IN BEUTELN UND TASCHENER-500 EASY ROLL - Brighi Group","isPartOf":{"@id":"https:\/\/www.brighigroup.com\/de\/#website"},"primaryImageOfPage":{"@id":"https:\/\/www.brighigroup.com\/de\/maschine\/er-500-easy-roll\/#primaryimage"},"image":{"@id":"https:\/\/www.brighigroup.com\/de\/maschine\/er-500-easy-roll\/#primaryimage"},"thumbnailUrl":"https:\/\/www.brighigroup.com\/wp-content\/uploads\/2021\/11\/ER-500-EASY-ROLL.jpg","datePublished":"2021-11-30T09:58:14+00:00","dateModified":"2022-09-27T13:22:43+00:00","description":"Automatische Maschine zum Aufrollen und Verpacken von Kopfkissen, Kopfkissen, Steppdecken, Schlafs\u00e4cken in H\u00fcllen und Taschen.","breadcrumb":{"@id":"https:\/\/www.brighigroup.com\/de\/maschine\/er-500-easy-roll\/#breadcrumb"},"inLanguage":"de","potentialAction":[{"@type":"ReadAction","target":["https:\/\/www.brighigroup.com\/de\/maschine\/er-500-easy-roll\/"]}]},{"@type":"ImageObject","inLanguage":"de","@id":"https:\/\/www.brighigroup.com\/de\/maschine\/er-500-easy-roll\/#primaryimage","url":"https:\/\/www.brighigroup.com\/wp-content\/uploads\/2021\/11\/ER-500-EASY-ROLL.jpg","contentUrl":"https:\/\/www.brighigroup.com\/wp-content\/uploads\/2021\/11\/ER-500-EASY-ROLL.jpg","width":1920,"height":1280},{"@type":"BreadcrumbList","@id":"https:\/\/www.brighigroup.com\/de\/maschine\/er-500-easy-roll\/#breadcrumb","itemListElement":[{"@type":"ListItem","position":1,"name":"Home","item":"https:\/\/www.brighigroup.com\/de\/home-2\/"},{"@type":"ListItem","position":2,"name":"Maschinen","item":"https:\/\/www.brighigroup.com\/de\/maschinen\/"},{"@type":"ListItem","position":3,"name":"ER-500 EASY ROLL"}]},{"@type":"WebSite","@id":"https:\/\/www.brighigroup.com\/de\/#website","url":"https:\/\/www.brighigroup.com\/de\/","name":"Brighi Group","description":"Home textile e di prodotti imbottiti per il design d&#039;arredo tramandando l&#039;innovazione come cultura d&#039;impresa.","potentialAction":[{"@type":"SearchAction","target":{"@type":"EntryPoint","urlTemplate":"https:\/\/www.brighigroup.com\/de\/?s={search_term_string}"},"query-input":{"@type":"PropertyValueSpecification","valueRequired":true,"valueName":"search_term_string"}}],"inLanguage":"de"}]}},"_links":{"self":[{"href":"https:\/\/www.brighigroup.com\/de\/wp-json\/wp\/v2\/product\/4942","targetHints":{"allow":["GET"]}}],"collection":[{"href":"https:\/\/www.brighigroup.com\/de\/wp-json\/wp\/v2\/product"}],"about":[{"href":"https:\/\/www.brighigroup.com\/de\/wp-json\/wp\/v2\/types\/product"}],"wp:featuredmedia":[{"embeddable":true,"href":"https:\/\/www.brighigroup.com\/de\/wp-json\/wp\/v2\/media\/4583"}],"wp:attachment":[{"href":"https:\/\/www.brighigroup.com\/de\/wp-json\/wp\/v2\/media?parent=4942"}],"wp:term":[{"taxonomy":"product_cat","embeddable":true,"href":"https:\/\/www.brighigroup.com\/de\/wp-json\/wp\/v2\/product_cat?post=4942"},{"taxonomy":"product_tag","embeddable":true,"href":"https:\/\/www.brighigroup.com\/de\/wp-json\/wp\/v2\/product_tag?post=4942"}],"curies":[{"name":"wp","href":"https:\/\/api.w.org\/{rel}","templated":true}]}}