{"id":4941,"date":"2022-04-01T10:00:24","date_gmt":"2021-11-30T09:56:24","guid":{"rendered":"https:\/\/www.brighigroup.com\/macchina\/ef-500-easy-fold\/"},"modified":"2022-09-27T15:29:11","modified_gmt":"2022-09-27T13:29:11","slug":"ef-500-easy-fold","status":"publish","type":"product","link":"https:\/\/www.brighigroup.com\/de\/maschine\/ef-500-easy-fold\/","title":{"rendered":"EF-500 EASY FOLD"},"content":{"rendered":"<h2><strong>AUTOMATISCHE STEPPDECKENFALTMASCHINE<\/strong><\/h2>\n<p>Maschine zum <strong>automatischen Falten von Steppdecken<\/strong> nach verschiedenen Mustern. Die Steppdecke kann nach <strong>verschiedenen Mustern gefaltet werden<\/strong>, die \u00fcber den Touchscreen ausgew\u00e4hlt und eingestellt werden k\u00f6nnen, indem man auf die Rezeptliste zugreift.<\/p>\n<p>Der Bediener breitet das Produkt flach auf dem Band aus Mod. <a href=\"https:\/\/www.brighigroup.com\/de\/maschine\/tt-300\/\">TT-300<\/a> und startet den automatischen Prozess. Die Maschine transportiert die Steppdecke flach und ausgestreckt zum Faltbereich, wo <strong>ein System von Rechen und Gabeln die erste Reihe von Faltungen vollendet<\/strong>. An dieser Stelle wird die in eine Richtung gefaltete Steppdeck dank des optionalen Verbindungsbandes zur <strong>zweiten Faltstation oder zur Maschine zurm Aufrollen<\/strong> Mod. <a href=\"https:\/\/www.brighigroup.com\/de\/maschine\/er-500-easy-roll\/\">ER-500 EASY ROLL<\/a> oder <a href=\"https:\/\/www.brighigroup.com\/de\/maschine\/er-400-easy-roll\/\">ER-400 EASY ROLL<\/a> transportiert, um den Faltvorgang abzuschlie\u00dfen.<\/p>\n<p>&nbsp;<\/p>\n<p><iframe title=\"Automatic Quilt Folding Machine mod. EF-500 Easy Fold\" width=\"800\" height=\"450\" src=\"https:\/\/www.youtube-nocookie.com\/embed\/4g4HAJdsHak?feature=oembed\" frameborder=\"0\" allow=\"accelerometer; autoplay; clipboard-write; encrypted-media; gyroscope; picture-in-picture\" allowfullscreen><\/iframe><\/p>\n<p>&nbsp;<\/p>\n<p><strong>WAS GEFALTET WERDEN KANN<\/strong><\/p>\n<p>Steppdecken (bis zu King-Modellen)<\/p>\n<p><strong>HAUPTEIGENSCHAFTEN<\/strong><\/p>\n<ul>\n<li><strong>Nur ein Bediener<\/strong> greift in den Biegeprozess ein<\/li>\n<li><strong>System von Rechen und Gabeln<\/strong> f\u00fcr eine optimale Produkthandhabung<\/li>\n<li><strong>Pr\u00e4zisionsbiegen<\/strong> f\u00fcr ein hochwertiges Endprodukt<\/li>\n<li><strong>Mehrere Verpackungsm\u00f6glichkeiten<\/strong>: Die gefaltete Steppdecke kann auf verschiedene Weise verpackt werden.<\/li>\n<li><strong>Vereinfachte Verwaltung:<\/strong> Touchscreen-Bedienfeld f\u00fcr die automatische Verwaltung aller Parameter und mechanischen Einstellungen, mit Rezeptureingabe und Verwaltung mit den Eigenschaften des Produkts\/Materials<\/li>\n<li><strong>Flexibilit\u00e4t<\/strong>: breite Palette von Produkten, die ohne mechanische Anpassungen verarbeitet werden k\u00f6nnen.<\/li>\n<li id=\"gtx-trans\" style=\"position: absolute; left: -2px; top: -4.08594px;\">\n<div class=\"gtx-trans-icon\"><\/div>\n<\/li>\n<\/ul>\n","protected":false},"excerpt":{"rendered":"<h6><strong>AUTOMATISCHE STEPPDECKENFALTMASCHINE<\/strong><\/h6>\n","protected":false},"featured_media":4478,"template":"","meta":{"_acf_changed":false},"product_cat":[115,107],"product_tag":[326],"class_list":{"0":"post-4941","1":"product","2":"type-product","3":"status-publish","4":"has-post-thumbnail","6":"product_cat-steppdecken-linie","7":"product_cat-verpackung","8":"product_tag-steppdecken","10":"first","11":"instock","12":"shipping-taxable","13":"product-type-simple"},"acf":[],"yoast_head":"<!-- This site is optimized with the Yoast SEO plugin v24.2 - https:\/\/yoast.com\/wordpress\/plugins\/seo\/ -->\n<title>AUTOMATISCHE STEPPDECKENFALTMASCHINE EF-500 EASY FOLD - Brighi Group<\/title>\n<meta name=\"description\" content=\"Automatische Maschine zum Falten von Quilts bis hin zu King-Modellen, basierend auf verschiedenen Mustern, die \u00fcber den Touchscreen ausgew\u00e4hlt werden k\u00f6nnen.\" \/>\n<meta name=\"robots\" content=\"index, follow, max-snippet:-1, max-image-preview:large, max-video-preview:-1\" \/>\n<link rel=\"canonical\" href=\"https:\/\/www.brighigroup.com\/de\/maschine\/ef-500-easy-fold\/\" \/>\n<meta property=\"og:locale\" content=\"de_DE\" \/>\n<meta property=\"og:type\" content=\"article\" \/>\n<meta property=\"og:title\" content=\"AUTOMATISCHE STEPPDECKENFALTMASCHINE EF-500 EASY FOLD - Brighi Group\" \/>\n<meta property=\"og:description\" content=\"Automatische Maschine zum Falten von Quilts bis hin zu King-Modellen, basierend auf verschiedenen Mustern, die \u00fcber den Touchscreen ausgew\u00e4hlt werden k\u00f6nnen.\" \/>\n<meta property=\"og:url\" content=\"https:\/\/www.brighigroup.com\/de\/maschine\/ef-500-easy-fold\/\" \/>\n<meta property=\"og:site_name\" content=\"Brighi Group\" \/>\n<meta property=\"article:modified_time\" content=\"2022-09-27T13:29:11+00:00\" \/>\n<meta property=\"og:image\" content=\"https:\/\/www.brighigroup.com\/wp-content\/uploads\/2021\/11\/EF-500-EASY-FOLD.jpg\" \/>\n\t<meta property=\"og:image:width\" content=\"1920\" \/>\n\t<meta property=\"og:image:height\" content=\"1280\" \/>\n\t<meta property=\"og:image:type\" content=\"image\/jpeg\" \/>\n<meta name=\"twitter:card\" content=\"summary_large_image\" \/>\n<meta name=\"twitter:label1\" content=\"Gesch\u00e4tzte Lesezeit\" \/>\n\t<meta name=\"twitter:data1\" content=\"1\u00a0Minute\" \/>\n<script type=\"application\/ld+json\" class=\"yoast-schema-graph\">{\"@context\":\"https:\/\/schema.org\",\"@graph\":[{\"@type\":\"WebPage\",\"@id\":\"https:\/\/www.brighigroup.com\/de\/maschine\/ef-500-easy-fold\/\",\"url\":\"https:\/\/www.brighigroup.com\/de\/maschine\/ef-500-easy-fold\/\",\"name\":\"AUTOMATISCHE STEPPDECKENFALTMASCHINE EF-500 EASY FOLD - Brighi Group\",\"isPartOf\":{\"@id\":\"https:\/\/www.brighigroup.com\/de\/#website\"},\"primaryImageOfPage\":{\"@id\":\"https:\/\/www.brighigroup.com\/de\/maschine\/ef-500-easy-fold\/#primaryimage\"},\"image\":{\"@id\":\"https:\/\/www.brighigroup.com\/de\/maschine\/ef-500-easy-fold\/#primaryimage\"},\"thumbnailUrl\":\"https:\/\/www.brighigroup.com\/wp-content\/uploads\/2021\/11\/EF-500-EASY-FOLD.jpg\",\"datePublished\":\"2021-11-30T09:56:24+00:00\",\"dateModified\":\"2022-09-27T13:29:11+00:00\",\"description\":\"Automatische Maschine zum Falten von Quilts bis hin zu King-Modellen, basierend auf verschiedenen Mustern, die \u00fcber den Touchscreen ausgew\u00e4hlt werden k\u00f6nnen.\",\"breadcrumb\":{\"@id\":\"https:\/\/www.brighigroup.com\/de\/maschine\/ef-500-easy-fold\/#breadcrumb\"},\"inLanguage\":\"de\",\"potentialAction\":[{\"@type\":\"ReadAction\",\"target\":[\"https:\/\/www.brighigroup.com\/de\/maschine\/ef-500-easy-fold\/\"]}]},{\"@type\":\"ImageObject\",\"inLanguage\":\"de\",\"@id\":\"https:\/\/www.brighigroup.com\/de\/maschine\/ef-500-easy-fold\/#primaryimage\",\"url\":\"https:\/\/www.brighigroup.com\/wp-content\/uploads\/2021\/11\/EF-500-EASY-FOLD.jpg\",\"contentUrl\":\"https:\/\/www.brighigroup.com\/wp-content\/uploads\/2021\/11\/EF-500-EASY-FOLD.jpg\",\"width\":1920,\"height\":1280},{\"@type\":\"BreadcrumbList\",\"@id\":\"https:\/\/www.brighigroup.com\/de\/maschine\/ef-500-easy-fold\/#breadcrumb\",\"itemListElement\":[{\"@type\":\"ListItem\",\"position\":1,\"name\":\"Home\",\"item\":\"https:\/\/www.brighigroup.com\/de\/home-2\/\"},{\"@type\":\"ListItem\",\"position\":2,\"name\":\"Maschinen\",\"item\":\"https:\/\/www.brighigroup.com\/de\/maschinen\/\"},{\"@type\":\"ListItem\",\"position\":3,\"name\":\"EF-500 EASY FOLD\"}]},{\"@type\":\"WebSite\",\"@id\":\"https:\/\/www.brighigroup.com\/de\/#website\",\"url\":\"https:\/\/www.brighigroup.com\/de\/\",\"name\":\"Brighi Group\",\"description\":\"Home textile e di prodotti imbottiti per il design d&#039;arredo tramandando l&#039;innovazione come cultura d&#039;impresa.\",\"potentialAction\":[{\"@type\":\"SearchAction\",\"target\":{\"@type\":\"EntryPoint\",\"urlTemplate\":\"https:\/\/www.brighigroup.com\/de\/?s={search_term_string}\"},\"query-input\":{\"@type\":\"PropertyValueSpecification\",\"valueRequired\":true,\"valueName\":\"search_term_string\"}}],\"inLanguage\":\"de\"}]}<\/script>\n<!-- \/ Yoast SEO plugin. -->","yoast_head_json":{"title":"AUTOMATISCHE STEPPDECKENFALTMASCHINE EF-500 EASY FOLD - Brighi Group","description":"Automatische Maschine zum Falten von Quilts bis hin zu King-Modellen, basierend auf verschiedenen Mustern, die \u00fcber den Touchscreen ausgew\u00e4hlt werden k\u00f6nnen.","robots":{"index":"index","follow":"follow","max-snippet":"max-snippet:-1","max-image-preview":"max-image-preview:large","max-video-preview":"max-video-preview:-1"},"canonical":"https:\/\/www.brighigroup.com\/de\/maschine\/ef-500-easy-fold\/","og_locale":"de_DE","og_type":"article","og_title":"AUTOMATISCHE STEPPDECKENFALTMASCHINE EF-500 EASY FOLD - Brighi Group","og_description":"Automatische Maschine zum Falten von Quilts bis hin zu King-Modellen, basierend auf verschiedenen Mustern, die \u00fcber den Touchscreen ausgew\u00e4hlt werden k\u00f6nnen.","og_url":"https:\/\/www.brighigroup.com\/de\/maschine\/ef-500-easy-fold\/","og_site_name":"Brighi Group","article_modified_time":"2022-09-27T13:29:11+00:00","og_image":[{"width":1920,"height":1280,"url":"https:\/\/www.brighigroup.com\/wp-content\/uploads\/2021\/11\/EF-500-EASY-FOLD.jpg","type":"image\/jpeg"}],"twitter_card":"summary_large_image","twitter_misc":{"Gesch\u00e4tzte Lesezeit":"1\u00a0Minute"},"schema":{"@context":"https:\/\/schema.org","@graph":[{"@type":"WebPage","@id":"https:\/\/www.brighigroup.com\/de\/maschine\/ef-500-easy-fold\/","url":"https:\/\/www.brighigroup.com\/de\/maschine\/ef-500-easy-fold\/","name":"AUTOMATISCHE STEPPDECKENFALTMASCHINE EF-500 EASY FOLD - Brighi Group","isPartOf":{"@id":"https:\/\/www.brighigroup.com\/de\/#website"},"primaryImageOfPage":{"@id":"https:\/\/www.brighigroup.com\/de\/maschine\/ef-500-easy-fold\/#primaryimage"},"image":{"@id":"https:\/\/www.brighigroup.com\/de\/maschine\/ef-500-easy-fold\/#primaryimage"},"thumbnailUrl":"https:\/\/www.brighigroup.com\/wp-content\/uploads\/2021\/11\/EF-500-EASY-FOLD.jpg","datePublished":"2021-11-30T09:56:24+00:00","dateModified":"2022-09-27T13:29:11+00:00","description":"Automatische Maschine zum Falten von Quilts bis hin zu King-Modellen, basierend auf verschiedenen Mustern, die \u00fcber den Touchscreen ausgew\u00e4hlt werden k\u00f6nnen.","breadcrumb":{"@id":"https:\/\/www.brighigroup.com\/de\/maschine\/ef-500-easy-fold\/#breadcrumb"},"inLanguage":"de","potentialAction":[{"@type":"ReadAction","target":["https:\/\/www.brighigroup.com\/de\/maschine\/ef-500-easy-fold\/"]}]},{"@type":"ImageObject","inLanguage":"de","@id":"https:\/\/www.brighigroup.com\/de\/maschine\/ef-500-easy-fold\/#primaryimage","url":"https:\/\/www.brighigroup.com\/wp-content\/uploads\/2021\/11\/EF-500-EASY-FOLD.jpg","contentUrl":"https:\/\/www.brighigroup.com\/wp-content\/uploads\/2021\/11\/EF-500-EASY-FOLD.jpg","width":1920,"height":1280},{"@type":"BreadcrumbList","@id":"https:\/\/www.brighigroup.com\/de\/maschine\/ef-500-easy-fold\/#breadcrumb","itemListElement":[{"@type":"ListItem","position":1,"name":"Home","item":"https:\/\/www.brighigroup.com\/de\/home-2\/"},{"@type":"ListItem","position":2,"name":"Maschinen","item":"https:\/\/www.brighigroup.com\/de\/maschinen\/"},{"@type":"ListItem","position":3,"name":"EF-500 EASY FOLD"}]},{"@type":"WebSite","@id":"https:\/\/www.brighigroup.com\/de\/#website","url":"https:\/\/www.brighigroup.com\/de\/","name":"Brighi Group","description":"Home textile e di prodotti imbottiti per il design d&#039;arredo tramandando l&#039;innovazione come cultura d&#039;impresa.","potentialAction":[{"@type":"SearchAction","target":{"@type":"EntryPoint","urlTemplate":"https:\/\/www.brighigroup.com\/de\/?s={search_term_string}"},"query-input":{"@type":"PropertyValueSpecification","valueRequired":true,"valueName":"search_term_string"}}],"inLanguage":"de"}]}},"_links":{"self":[{"href":"https:\/\/www.brighigroup.com\/de\/wp-json\/wp\/v2\/product\/4941","targetHints":{"allow":["GET"]}}],"collection":[{"href":"https:\/\/www.brighigroup.com\/de\/wp-json\/wp\/v2\/product"}],"about":[{"href":"https:\/\/www.brighigroup.com\/de\/wp-json\/wp\/v2\/types\/product"}],"wp:featuredmedia":[{"embeddable":true,"href":"https:\/\/www.brighigroup.com\/de\/wp-json\/wp\/v2\/media\/4478"}],"wp:attachment":[{"href":"https:\/\/www.brighigroup.com\/de\/wp-json\/wp\/v2\/media?parent=4941"}],"wp:term":[{"taxonomy":"product_cat","embeddable":true,"href":"https:\/\/www.brighigroup.com\/de\/wp-json\/wp\/v2\/product_cat?post=4941"},{"taxonomy":"product_tag","embeddable":true,"href":"https:\/\/www.brighigroup.com\/de\/wp-json\/wp\/v2\/product_tag?post=4941"}],"curies":[{"name":"wp","href":"https:\/\/api.w.org\/{rel}","templated":true}]}}