{"id":4940,"date":"2021-08-01T10:00:40","date_gmt":"2021-11-30T09:55:40","guid":{"rendered":"https:\/\/www.brighigroup.com\/macchina\/pp-100\/"},"modified":"2022-09-27T15:35:17","modified_gmt":"2022-09-27T13:35:17","slug":"pp-100","status":"publish","type":"product","link":"https:\/\/www.brighigroup.com\/de\/maschine\/pp-100\/","title":{"rendered":"PP-100"},"content":{"rendered":"<h2><strong>AUTOMATISCHE VERPACKUNGSMASCHINE F\u00dcR VERPACKTE PRODUKTE<\/strong><\/h2>\n<p>Maschine <strong>f\u00fcr End-of-Line und vollautomatischen Prozess<\/strong>. Die von der vorgelagerten Verpackungsmaschine kommenden komprimierten Packungen werden einzeln entnommen und <strong>in einen Karton oder in einen festen Beutel oder auf einen Rahmen<\/strong> gelegt.<\/p>\n<p>Die Maschine <strong>verwaltet automatisch die Z\u00e4hlung der zu verpackenden Teile <\/strong>und <strong>steuert den Zyklus,<\/strong> indem sie leere Beh\u00e4lter zur\u00fcckruft und volle Beh\u00e4lter automatisch entl\u00e4dt.<\/p>\n<p>&nbsp;<\/p>\n<p><iframe title=\"Automatic Box Filling Machine mod. PP-100\" width=\"800\" height=\"450\" src=\"https:\/\/www.youtube-nocookie.com\/embed\/0CEtpWVPLqo?feature=oembed\" frameborder=\"0\" allow=\"accelerometer; autoplay; clipboard-write; encrypted-media; gyroscope; picture-in-picture\" allowfullscreen><\/iframe><\/p>\n<p>&nbsp;<\/p>\n<p><strong>WAS IN SCHACHTELN VERPACKT WERDEN KANN<\/strong><\/p>\n<p>Kissen, Polster, Zierkissen, gefaltete Steppdecken, Hundebetten und Hundeh\u00fctten<\/p>\n<p><strong>HAUPTEIGENSCHAFTEN<\/strong><\/p>\n<ul>\n<li><strong>M\u00f6glichkeit der Gewichtskontrolle, des Drucks und der Anbringung von Etiketten in der Linie<\/strong>: erm\u00f6glicht die Vorbereitung der Verpackung mit den erforderlichen Codes f\u00fcr den Logistikprozess<\/li>\n<li><strong>Mehrere Kissen in einer Schachtel oder Tasche<\/strong>: Mehrfache Stapelkapazit\u00e4t in derselben Schachtel oder Tasche<\/li>\n<li><strong>Vereinfachte Verwaltung:<\/strong> Touchscreen-Bedienfeld f\u00fcr die automatische Verwaltung aller Parameter und mechanischen Einstellungen, mit Rezeptureingabe und Verwaltung mit den Eigenschaften des Produkts\/Materials<\/li>\n<li><strong>Flexibilit\u00e4t:<\/strong> breites Spektrum an Materialien, Beuteln und Taschen, die ohne mechanische Anpassungen verarbeitet werden k\u00f6nnen.<\/li>\n<li id=\"gtx-trans\" style=\"position: absolute; left: 5px; top: -4.08594px;\">\n<div class=\"gtx-trans-icon\"><\/div>\n<\/li>\n<\/ul>\n","protected":false},"excerpt":{"rendered":"<h6><strong>AUTOMATISCHE VERPACKUNGSMASCHINE F\u00dcR VERPACKTE PRODUKTE<\/strong><\/h6>\n<div id=\"gtx-trans\" style=\"position: absolute; left: -49px; top: -4.08594px;\">\n<div class=\"gtx-trans-icon\"><\/div>\n<\/div>\n","protected":false},"featured_media":4479,"template":"","meta":{"_acf_changed":false},"product_cat":[84,112,86,89,113,107],"product_tag":[306,301,309,326,322],"class_list":{"0":"post-4940","1":"product","2":"type-product","3":"status-publish","4":"has-post-thumbnail","6":"product_cat-geblase-kissenlinie","7":"product_cat-kardierte-kissenlinie","8":"product_cat-linie-der-zierkissen-mit-reissverschluss-und-outdoor-kissen","9":"product_cat-llinie-fuellung-tierebetten-plueschtieren-gepolsterten-gegenstaenden","10":"product_cat-polyurethan-latex-kissenlinie","11":"product_cat-verpackung","12":"product_tag-geblasene-kissen-und-polster","13":"product_tag-kopfkissen-und-kissen-aus-kardierter-faser","14":"product_tag-schaumstoff-und-latexkissen","15":"product_tag-steppdecken","16":"product_tag-teppiche","18":"first","19":"instock","20":"shipping-taxable","21":"product-type-simple"},"acf":[],"yoast_head":"<!-- This site is optimized with the Yoast SEO plugin v24.2 - https:\/\/yoast.com\/wordpress\/plugins\/seo\/ -->\n<title>AUTOMATISCHE VERPACKUNGSMASCHINE F\u00dcR VERPACKTE PRODUKTE PP-100 - Brighi Group<\/title>\n<meta name=\"description\" content=\"Automatische Verpackungsmaschine f\u00fcr verpackte Produkte wie Kopfkissen, Kissen, Dekokissen, Faltdecken, Betten und Hundeh\u00fctten.\" \/>\n<meta name=\"robots\" content=\"index, follow, max-snippet:-1, max-image-preview:large, max-video-preview:-1\" \/>\n<link rel=\"canonical\" href=\"https:\/\/www.brighigroup.com\/de\/maschine\/pp-100\/\" \/>\n<meta property=\"og:locale\" content=\"de_DE\" \/>\n<meta property=\"og:type\" content=\"article\" \/>\n<meta property=\"og:title\" content=\"AUTOMATISCHE VERPACKUNGSMASCHINE F\u00dcR VERPACKTE PRODUKTE PP-100 - Brighi Group\" \/>\n<meta property=\"og:description\" content=\"Automatische Verpackungsmaschine f\u00fcr verpackte Produkte wie Kopfkissen, Kissen, Dekokissen, Faltdecken, Betten und Hundeh\u00fctten.\" \/>\n<meta property=\"og:url\" content=\"https:\/\/www.brighigroup.com\/de\/maschine\/pp-100\/\" \/>\n<meta property=\"og:site_name\" content=\"Brighi Group\" \/>\n<meta property=\"article:modified_time\" content=\"2022-09-27T13:35:17+00:00\" \/>\n<meta property=\"og:image\" content=\"https:\/\/www.brighigroup.com\/wp-content\/uploads\/2021\/11\/PP-100-1.jpg\" \/>\n\t<meta property=\"og:image:width\" content=\"1920\" \/>\n\t<meta property=\"og:image:height\" content=\"1280\" \/>\n\t<meta property=\"og:image:type\" content=\"image\/jpeg\" \/>\n<meta name=\"twitter:card\" content=\"summary_large_image\" \/>\n<meta name=\"twitter:label1\" content=\"Gesch\u00e4tzte Lesezeit\" \/>\n\t<meta name=\"twitter:data1\" content=\"1\u00a0Minute\" \/>\n<script type=\"application\/ld+json\" class=\"yoast-schema-graph\">{\"@context\":\"https:\/\/schema.org\",\"@graph\":[{\"@type\":\"WebPage\",\"@id\":\"https:\/\/www.brighigroup.com\/de\/maschine\/pp-100\/\",\"url\":\"https:\/\/www.brighigroup.com\/de\/maschine\/pp-100\/\",\"name\":\"AUTOMATISCHE VERPACKUNGSMASCHINE F\u00dcR VERPACKTE PRODUKTE PP-100 - Brighi Group\",\"isPartOf\":{\"@id\":\"https:\/\/www.brighigroup.com\/de\/#website\"},\"primaryImageOfPage\":{\"@id\":\"https:\/\/www.brighigroup.com\/de\/maschine\/pp-100\/#primaryimage\"},\"image\":{\"@id\":\"https:\/\/www.brighigroup.com\/de\/maschine\/pp-100\/#primaryimage\"},\"thumbnailUrl\":\"https:\/\/www.brighigroup.com\/wp-content\/uploads\/2021\/11\/PP-100-1.jpg\",\"datePublished\":\"2021-11-30T09:55:40+00:00\",\"dateModified\":\"2022-09-27T13:35:17+00:00\",\"description\":\"Automatische Verpackungsmaschine f\u00fcr verpackte Produkte wie Kopfkissen, Kissen, Dekokissen, Faltdecken, Betten und Hundeh\u00fctten.\",\"breadcrumb\":{\"@id\":\"https:\/\/www.brighigroup.com\/de\/maschine\/pp-100\/#breadcrumb\"},\"inLanguage\":\"de\",\"potentialAction\":[{\"@type\":\"ReadAction\",\"target\":[\"https:\/\/www.brighigroup.com\/de\/maschine\/pp-100\/\"]}]},{\"@type\":\"ImageObject\",\"inLanguage\":\"de\",\"@id\":\"https:\/\/www.brighigroup.com\/de\/maschine\/pp-100\/#primaryimage\",\"url\":\"https:\/\/www.brighigroup.com\/wp-content\/uploads\/2021\/11\/PP-100-1.jpg\",\"contentUrl\":\"https:\/\/www.brighigroup.com\/wp-content\/uploads\/2021\/11\/PP-100-1.jpg\",\"width\":1920,\"height\":1280},{\"@type\":\"BreadcrumbList\",\"@id\":\"https:\/\/www.brighigroup.com\/de\/maschine\/pp-100\/#breadcrumb\",\"itemListElement\":[{\"@type\":\"ListItem\",\"position\":1,\"name\":\"Home\",\"item\":\"https:\/\/www.brighigroup.com\/de\/home-2\/\"},{\"@type\":\"ListItem\",\"position\":2,\"name\":\"Maschinen\",\"item\":\"https:\/\/www.brighigroup.com\/de\/maschinen\/\"},{\"@type\":\"ListItem\",\"position\":3,\"name\":\"PP-100\"}]},{\"@type\":\"WebSite\",\"@id\":\"https:\/\/www.brighigroup.com\/de\/#website\",\"url\":\"https:\/\/www.brighigroup.com\/de\/\",\"name\":\"Brighi Group\",\"description\":\"Home textile e di prodotti imbottiti per il design d&#039;arredo tramandando l&#039;innovazione come cultura d&#039;impresa.\",\"potentialAction\":[{\"@type\":\"SearchAction\",\"target\":{\"@type\":\"EntryPoint\",\"urlTemplate\":\"https:\/\/www.brighigroup.com\/de\/?s={search_term_string}\"},\"query-input\":{\"@type\":\"PropertyValueSpecification\",\"valueRequired\":true,\"valueName\":\"search_term_string\"}}],\"inLanguage\":\"de\"}]}<\/script>\n<!-- \/ Yoast SEO plugin. -->","yoast_head_json":{"title":"AUTOMATISCHE VERPACKUNGSMASCHINE F\u00dcR VERPACKTE PRODUKTE PP-100 - Brighi Group","description":"Automatische Verpackungsmaschine f\u00fcr verpackte Produkte wie Kopfkissen, Kissen, Dekokissen, Faltdecken, Betten und Hundeh\u00fctten.","robots":{"index":"index","follow":"follow","max-snippet":"max-snippet:-1","max-image-preview":"max-image-preview:large","max-video-preview":"max-video-preview:-1"},"canonical":"https:\/\/www.brighigroup.com\/de\/maschine\/pp-100\/","og_locale":"de_DE","og_type":"article","og_title":"AUTOMATISCHE VERPACKUNGSMASCHINE F\u00dcR VERPACKTE PRODUKTE PP-100 - Brighi Group","og_description":"Automatische Verpackungsmaschine f\u00fcr verpackte Produkte wie Kopfkissen, Kissen, Dekokissen, Faltdecken, Betten und Hundeh\u00fctten.","og_url":"https:\/\/www.brighigroup.com\/de\/maschine\/pp-100\/","og_site_name":"Brighi Group","article_modified_time":"2022-09-27T13:35:17+00:00","og_image":[{"width":1920,"height":1280,"url":"https:\/\/www.brighigroup.com\/wp-content\/uploads\/2021\/11\/PP-100-1.jpg","type":"image\/jpeg"}],"twitter_card":"summary_large_image","twitter_misc":{"Gesch\u00e4tzte Lesezeit":"1\u00a0Minute"},"schema":{"@context":"https:\/\/schema.org","@graph":[{"@type":"WebPage","@id":"https:\/\/www.brighigroup.com\/de\/maschine\/pp-100\/","url":"https:\/\/www.brighigroup.com\/de\/maschine\/pp-100\/","name":"AUTOMATISCHE VERPACKUNGSMASCHINE F\u00dcR VERPACKTE PRODUKTE PP-100 - Brighi Group","isPartOf":{"@id":"https:\/\/www.brighigroup.com\/de\/#website"},"primaryImageOfPage":{"@id":"https:\/\/www.brighigroup.com\/de\/maschine\/pp-100\/#primaryimage"},"image":{"@id":"https:\/\/www.brighigroup.com\/de\/maschine\/pp-100\/#primaryimage"},"thumbnailUrl":"https:\/\/www.brighigroup.com\/wp-content\/uploads\/2021\/11\/PP-100-1.jpg","datePublished":"2021-11-30T09:55:40+00:00","dateModified":"2022-09-27T13:35:17+00:00","description":"Automatische Verpackungsmaschine f\u00fcr verpackte Produkte wie Kopfkissen, Kissen, Dekokissen, Faltdecken, Betten und Hundeh\u00fctten.","breadcrumb":{"@id":"https:\/\/www.brighigroup.com\/de\/maschine\/pp-100\/#breadcrumb"},"inLanguage":"de","potentialAction":[{"@type":"ReadAction","target":["https:\/\/www.brighigroup.com\/de\/maschine\/pp-100\/"]}]},{"@type":"ImageObject","inLanguage":"de","@id":"https:\/\/www.brighigroup.com\/de\/maschine\/pp-100\/#primaryimage","url":"https:\/\/www.brighigroup.com\/wp-content\/uploads\/2021\/11\/PP-100-1.jpg","contentUrl":"https:\/\/www.brighigroup.com\/wp-content\/uploads\/2021\/11\/PP-100-1.jpg","width":1920,"height":1280},{"@type":"BreadcrumbList","@id":"https:\/\/www.brighigroup.com\/de\/maschine\/pp-100\/#breadcrumb","itemListElement":[{"@type":"ListItem","position":1,"name":"Home","item":"https:\/\/www.brighigroup.com\/de\/home-2\/"},{"@type":"ListItem","position":2,"name":"Maschinen","item":"https:\/\/www.brighigroup.com\/de\/maschinen\/"},{"@type":"ListItem","position":3,"name":"PP-100"}]},{"@type":"WebSite","@id":"https:\/\/www.brighigroup.com\/de\/#website","url":"https:\/\/www.brighigroup.com\/de\/","name":"Brighi Group","description":"Home textile e di prodotti imbottiti per il design d&#039;arredo tramandando l&#039;innovazione come cultura d&#039;impresa.","potentialAction":[{"@type":"SearchAction","target":{"@type":"EntryPoint","urlTemplate":"https:\/\/www.brighigroup.com\/de\/?s={search_term_string}"},"query-input":{"@type":"PropertyValueSpecification","valueRequired":true,"valueName":"search_term_string"}}],"inLanguage":"de"}]}},"_links":{"self":[{"href":"https:\/\/www.brighigroup.com\/de\/wp-json\/wp\/v2\/product\/4940","targetHints":{"allow":["GET"]}}],"collection":[{"href":"https:\/\/www.brighigroup.com\/de\/wp-json\/wp\/v2\/product"}],"about":[{"href":"https:\/\/www.brighigroup.com\/de\/wp-json\/wp\/v2\/types\/product"}],"wp:featuredmedia":[{"embeddable":true,"href":"https:\/\/www.brighigroup.com\/de\/wp-json\/wp\/v2\/media\/4479"}],"wp:attachment":[{"href":"https:\/\/www.brighigroup.com\/de\/wp-json\/wp\/v2\/media?parent=4940"}],"wp:term":[{"taxonomy":"product_cat","embeddable":true,"href":"https:\/\/www.brighigroup.com\/de\/wp-json\/wp\/v2\/product_cat?post=4940"},{"taxonomy":"product_tag","embeddable":true,"href":"https:\/\/www.brighigroup.com\/de\/wp-json\/wp\/v2\/product_tag?post=4940"}],"curies":[{"name":"wp","href":"https:\/\/api.w.org\/{rel}","templated":true}]}}