{"id":4939,"date":"2022-03-01T12:00:09","date_gmt":"2021-11-30T09:55:09","guid":{"rendered":"https:\/\/www.brighigroup.com\/macchina\/mp-500\/"},"modified":"2025-01-30T09:07:01","modified_gmt":"2025-01-30T08:07:01","slug":"mp-500","status":"publish","type":"product","link":"https:\/\/www.brighigroup.com\/de\/maschine\/mp-500\/","title":{"rendered":"MP-500"},"content":{"rendered":"<h2>AUTOMATISCHE STAPELMASCHINE (2 ODER MEHR ARTIKEL)<\/h2>\n<p>Erm\u00f6glicht das <strong>Stapeln von Kissen und Steppdecken<\/strong> (auch bereits einget\u00fctet) f\u00fcr <strong>mehrfaches Eint\u00fcten<\/strong>. Die Maschine wird \u00fcber ein Band beschickt und die Artikel werden nach dem gew\u00fcnschten Rezept gestapelt, das \u00fcber das Touchscreen-Panel der Maschine eingegeben, ge\u00e4ndert und gespeichert werden kann. Sowohl die Stapel- als auch die Kompressionszone sind mit Zentriervorrichtungen ausgestattet, um sicherzustellen, dass die Artikel w\u00e4hrend beider Vorg\u00e4nge und der \u00dcbergabe in den Beutel gut ausgerichtet bleiben.<\/p>\n<p>Sobald der Kissen- oder Steppdeckenstapel vorbereitet ist, durchl\u00e4uft er den <strong>Kompressionstunnel<\/strong>, um in die Verpackungsmaschine <a href=\"https:\/\/www.brighigroup.com\/de\/maschine\/eb-500-easy-bag\/\"><strong>EB-500 EASY BAG <\/strong><\/a>oder<a href=\"https:\/\/www.brighigroup.com\/de\/maschine\/eb-400-easy-bag\/\"><strong> EB-400 EASY BAG<\/strong><\/a> zu gelangen, die das Paket durch weitere Kompression und Versiegelung vervollst\u00e4ndigt, um sein Volumen weiter zu reduzieren.<\/p>\n<p>&nbsp;<\/p>\n<p><iframe title=\"Multipack Automatic Line\" width=\"800\" height=\"450\" src=\"https:\/\/www.youtube-nocookie.com\/embed\/U0Ir4ZQ-uy8?feature=oembed\" frameborder=\"0\" allow=\"accelerometer; autoplay; clipboard-write; encrypted-media; gyroscope; picture-in-picture\" allowfullscreen><\/iframe><\/p>\n<p><iframe title=\"Automatic Pillow Packaging Line\" width=\"800\" height=\"450\" src=\"https:\/\/www.youtube-nocookie.com\/embed\/r_nYtNckQhk?feature=oembed\" frameborder=\"0\" allow=\"accelerometer; autoplay; clipboard-write; encrypted-media; gyroscope; picture-in-picture; web-share\" allowfullscreen><\/iframe><\/p>\n<p><strong>WAS GESTAPELT WERDEN KANN<\/strong><\/p>\n<p>Kopfkissen, Kissen, Zierkissen, gefaltete Steppdecken<\/p>\n<p><strong>HAUPTEIGENSCHAFTEN<\/strong><\/p>\n<ul>\n<li><strong>Kein Bediener<\/strong> greift in den Prozess ein<\/li>\n<li><strong>Geringerer Platzbedarf f\u00fcr Lagerung und Transport<\/strong>: Die Mehrfachstapelung bietet den Vorteil, dass bei Lagerung und Transport Platz gespart wird.<\/li>\n<li><strong>Pr\u00e4zision<\/strong> in der Ausrichtung der Produkte<\/li>\n<li><strong>Vereinfachte Verwaltung:<\/strong> Touchscreen-Bedienfeld f\u00fcr die automatische Verwaltung aller Parameter und mechanischen Einstellungen, mit Rezeptureingabe und Verwaltung mit den Eigenschaften des Produkts\/Materials<\/li>\n<li><strong>Flexibilit\u00e4t<\/strong>: Verarbeitung einer breiten Palette von Materialien, ohne dass mechanische Einstellungen erforderlich sind.<\/li>\n<li><strong>Alle F\u00fcllmaterialien<\/strong>: keine Beschr\u00e4nkungen hinsichtlich der Art der Kissenf\u00fcllung.<\/li>\n<li id=\"gtx-trans\" style=\"position: absolute; left: -39px; top: -4.08594px;\">\n<div class=\"gtx-trans-icon\"><\/div>\n<\/li>\n<\/ul>\n","protected":false},"excerpt":{"rendered":"<h6>AUTOMATISCHE STAPELMASCHINE (2 ODER MEHR ARTIKEL)<\/h6>\n","protected":false},"featured_media":4480,"template":"","meta":{"_acf_changed":false},"product_cat":[84,112,86,89,113,107],"product_tag":[306,301,309,326,322],"class_list":{"0":"post-4939","1":"product","2":"type-product","3":"status-publish","4":"has-post-thumbnail","6":"product_cat-geblase-kissenlinie","7":"product_cat-kardierte-kissenlinie","8":"product_cat-linie-der-zierkissen-mit-reissverschluss-und-outdoor-kissen","9":"product_cat-llinie-fuellung-tierebetten-plueschtieren-gepolsterten-gegenstaenden","10":"product_cat-polyurethan-latex-kissenlinie","11":"product_cat-verpackung","12":"product_tag-geblasene-kissen-und-polster","13":"product_tag-kopfkissen-und-kissen-aus-kardierter-faser","14":"product_tag-schaumstoff-und-latexkissen","15":"product_tag-steppdecken","16":"product_tag-teppiche","18":"first","19":"instock","20":"shipping-taxable","21":"product-type-simple"},"acf":[],"yoast_head":"<!-- This site is optimized with the Yoast SEO plugin v24.2 - https:\/\/yoast.com\/wordpress\/plugins\/seo\/ -->\n<title>AUTOMATISCHE STAPELMASCHINE (2 ODER MEHR ARTIKEL) MP-500 - Brighi Group<\/title>\n<meta name=\"description\" content=\"Automatische Maschine, die es Ihnen erm\u00f6glicht, Kissen und Steppdecken (auch bereits verpackt) f\u00fcr die anschlie\u00dfende Mehrfachverpackung zu stapeln.\" \/>\n<meta name=\"robots\" content=\"index, follow, max-snippet:-1, max-image-preview:large, max-video-preview:-1\" \/>\n<link rel=\"canonical\" href=\"https:\/\/www.brighigroup.com\/de\/maschine\/mp-500\/\" \/>\n<meta property=\"og:locale\" content=\"de_DE\" \/>\n<meta property=\"og:type\" content=\"article\" \/>\n<meta property=\"og:title\" content=\"AUTOMATISCHE STAPELMASCHINE (2 ODER MEHR ARTIKEL) MP-500 - Brighi Group\" \/>\n<meta property=\"og:description\" content=\"Automatische Maschine, die es Ihnen erm\u00f6glicht, Kissen und Steppdecken (auch bereits verpackt) f\u00fcr die anschlie\u00dfende Mehrfachverpackung zu stapeln.\" \/>\n<meta property=\"og:url\" content=\"https:\/\/www.brighigroup.com\/de\/maschine\/mp-500\/\" \/>\n<meta property=\"og:site_name\" content=\"Brighi Group\" \/>\n<meta property=\"article:modified_time\" content=\"2025-01-30T08:07:01+00:00\" \/>\n<meta property=\"og:image\" content=\"https:\/\/www.brighigroup.com\/wp-content\/uploads\/2021\/11\/MP-500.jpg\" \/>\n\t<meta property=\"og:image:width\" content=\"1920\" \/>\n\t<meta property=\"og:image:height\" content=\"1280\" \/>\n\t<meta property=\"og:image:type\" content=\"image\/jpeg\" \/>\n<meta name=\"twitter:card\" content=\"summary_large_image\" \/>\n<meta name=\"twitter:label1\" content=\"Gesch\u00e4tzte Lesezeit\" \/>\n\t<meta name=\"twitter:data1\" content=\"1\u00a0Minute\" \/>\n<script type=\"application\/ld+json\" class=\"yoast-schema-graph\">{\"@context\":\"https:\/\/schema.org\",\"@graph\":[{\"@type\":\"WebPage\",\"@id\":\"https:\/\/www.brighigroup.com\/de\/maschine\/mp-500\/\",\"url\":\"https:\/\/www.brighigroup.com\/de\/maschine\/mp-500\/\",\"name\":\"AUTOMATISCHE STAPELMASCHINE (2 ODER MEHR ARTIKEL) MP-500 - Brighi Group\",\"isPartOf\":{\"@id\":\"https:\/\/www.brighigroup.com\/de\/#website\"},\"primaryImageOfPage\":{\"@id\":\"https:\/\/www.brighigroup.com\/de\/maschine\/mp-500\/#primaryimage\"},\"image\":{\"@id\":\"https:\/\/www.brighigroup.com\/de\/maschine\/mp-500\/#primaryimage\"},\"thumbnailUrl\":\"https:\/\/www.brighigroup.com\/wp-content\/uploads\/2021\/11\/MP-500.jpg\",\"datePublished\":\"2021-11-30T09:55:09+00:00\",\"dateModified\":\"2025-01-30T08:07:01+00:00\",\"description\":\"Automatische Maschine, die es Ihnen erm\u00f6glicht, Kissen und Steppdecken (auch bereits verpackt) f\u00fcr die anschlie\u00dfende Mehrfachverpackung zu stapeln.\",\"breadcrumb\":{\"@id\":\"https:\/\/www.brighigroup.com\/de\/maschine\/mp-500\/#breadcrumb\"},\"inLanguage\":\"de\",\"potentialAction\":[{\"@type\":\"ReadAction\",\"target\":[\"https:\/\/www.brighigroup.com\/de\/maschine\/mp-500\/\"]}]},{\"@type\":\"ImageObject\",\"inLanguage\":\"de\",\"@id\":\"https:\/\/www.brighigroup.com\/de\/maschine\/mp-500\/#primaryimage\",\"url\":\"https:\/\/www.brighigroup.com\/wp-content\/uploads\/2021\/11\/MP-500.jpg\",\"contentUrl\":\"https:\/\/www.brighigroup.com\/wp-content\/uploads\/2021\/11\/MP-500.jpg\",\"width\":1920,\"height\":1280},{\"@type\":\"BreadcrumbList\",\"@id\":\"https:\/\/www.brighigroup.com\/de\/maschine\/mp-500\/#breadcrumb\",\"itemListElement\":[{\"@type\":\"ListItem\",\"position\":1,\"name\":\"Home\",\"item\":\"https:\/\/www.brighigroup.com\/de\/home-2\/\"},{\"@type\":\"ListItem\",\"position\":2,\"name\":\"Maschinen\",\"item\":\"https:\/\/www.brighigroup.com\/de\/maschinen\/\"},{\"@type\":\"ListItem\",\"position\":3,\"name\":\"MP-500\"}]},{\"@type\":\"WebSite\",\"@id\":\"https:\/\/www.brighigroup.com\/de\/#website\",\"url\":\"https:\/\/www.brighigroup.com\/de\/\",\"name\":\"Brighi Group\",\"description\":\"Home textile e di prodotti imbottiti per il design d&#039;arredo tramandando l&#039;innovazione come cultura d&#039;impresa.\",\"potentialAction\":[{\"@type\":\"SearchAction\",\"target\":{\"@type\":\"EntryPoint\",\"urlTemplate\":\"https:\/\/www.brighigroup.com\/de\/?s={search_term_string}\"},\"query-input\":{\"@type\":\"PropertyValueSpecification\",\"valueRequired\":true,\"valueName\":\"search_term_string\"}}],\"inLanguage\":\"de\"}]}<\/script>\n<!-- \/ Yoast SEO plugin. -->","yoast_head_json":{"title":"AUTOMATISCHE STAPELMASCHINE (2 ODER MEHR ARTIKEL) MP-500 - Brighi Group","description":"Automatische Maschine, die es Ihnen erm\u00f6glicht, Kissen und Steppdecken (auch bereits verpackt) f\u00fcr die anschlie\u00dfende Mehrfachverpackung zu stapeln.","robots":{"index":"index","follow":"follow","max-snippet":"max-snippet:-1","max-image-preview":"max-image-preview:large","max-video-preview":"max-video-preview:-1"},"canonical":"https:\/\/www.brighigroup.com\/de\/maschine\/mp-500\/","og_locale":"de_DE","og_type":"article","og_title":"AUTOMATISCHE STAPELMASCHINE (2 ODER MEHR ARTIKEL) MP-500 - Brighi Group","og_description":"Automatische Maschine, die es Ihnen erm\u00f6glicht, Kissen und Steppdecken (auch bereits verpackt) f\u00fcr die anschlie\u00dfende Mehrfachverpackung zu stapeln.","og_url":"https:\/\/www.brighigroup.com\/de\/maschine\/mp-500\/","og_site_name":"Brighi Group","article_modified_time":"2025-01-30T08:07:01+00:00","og_image":[{"width":1920,"height":1280,"url":"https:\/\/www.brighigroup.com\/wp-content\/uploads\/2021\/11\/MP-500.jpg","type":"image\/jpeg"}],"twitter_card":"summary_large_image","twitter_misc":{"Gesch\u00e4tzte Lesezeit":"1\u00a0Minute"},"schema":{"@context":"https:\/\/schema.org","@graph":[{"@type":"WebPage","@id":"https:\/\/www.brighigroup.com\/de\/maschine\/mp-500\/","url":"https:\/\/www.brighigroup.com\/de\/maschine\/mp-500\/","name":"AUTOMATISCHE STAPELMASCHINE (2 ODER MEHR ARTIKEL) MP-500 - Brighi Group","isPartOf":{"@id":"https:\/\/www.brighigroup.com\/de\/#website"},"primaryImageOfPage":{"@id":"https:\/\/www.brighigroup.com\/de\/maschine\/mp-500\/#primaryimage"},"image":{"@id":"https:\/\/www.brighigroup.com\/de\/maschine\/mp-500\/#primaryimage"},"thumbnailUrl":"https:\/\/www.brighigroup.com\/wp-content\/uploads\/2021\/11\/MP-500.jpg","datePublished":"2021-11-30T09:55:09+00:00","dateModified":"2025-01-30T08:07:01+00:00","description":"Automatische Maschine, die es Ihnen erm\u00f6glicht, Kissen und Steppdecken (auch bereits verpackt) f\u00fcr die anschlie\u00dfende Mehrfachverpackung zu stapeln.","breadcrumb":{"@id":"https:\/\/www.brighigroup.com\/de\/maschine\/mp-500\/#breadcrumb"},"inLanguage":"de","potentialAction":[{"@type":"ReadAction","target":["https:\/\/www.brighigroup.com\/de\/maschine\/mp-500\/"]}]},{"@type":"ImageObject","inLanguage":"de","@id":"https:\/\/www.brighigroup.com\/de\/maschine\/mp-500\/#primaryimage","url":"https:\/\/www.brighigroup.com\/wp-content\/uploads\/2021\/11\/MP-500.jpg","contentUrl":"https:\/\/www.brighigroup.com\/wp-content\/uploads\/2021\/11\/MP-500.jpg","width":1920,"height":1280},{"@type":"BreadcrumbList","@id":"https:\/\/www.brighigroup.com\/de\/maschine\/mp-500\/#breadcrumb","itemListElement":[{"@type":"ListItem","position":1,"name":"Home","item":"https:\/\/www.brighigroup.com\/de\/home-2\/"},{"@type":"ListItem","position":2,"name":"Maschinen","item":"https:\/\/www.brighigroup.com\/de\/maschinen\/"},{"@type":"ListItem","position":3,"name":"MP-500"}]},{"@type":"WebSite","@id":"https:\/\/www.brighigroup.com\/de\/#website","url":"https:\/\/www.brighigroup.com\/de\/","name":"Brighi Group","description":"Home textile e di prodotti imbottiti per il design d&#039;arredo tramandando l&#039;innovazione come cultura d&#039;impresa.","potentialAction":[{"@type":"SearchAction","target":{"@type":"EntryPoint","urlTemplate":"https:\/\/www.brighigroup.com\/de\/?s={search_term_string}"},"query-input":{"@type":"PropertyValueSpecification","valueRequired":true,"valueName":"search_term_string"}}],"inLanguage":"de"}]}},"_links":{"self":[{"href":"https:\/\/www.brighigroup.com\/de\/wp-json\/wp\/v2\/product\/4939","targetHints":{"allow":["GET"]}}],"collection":[{"href":"https:\/\/www.brighigroup.com\/de\/wp-json\/wp\/v2\/product"}],"about":[{"href":"https:\/\/www.brighigroup.com\/de\/wp-json\/wp\/v2\/types\/product"}],"wp:featuredmedia":[{"embeddable":true,"href":"https:\/\/www.brighigroup.com\/de\/wp-json\/wp\/v2\/media\/4480"}],"wp:attachment":[{"href":"https:\/\/www.brighigroup.com\/de\/wp-json\/wp\/v2\/media?parent=4939"}],"wp:term":[{"taxonomy":"product_cat","embeddable":true,"href":"https:\/\/www.brighigroup.com\/de\/wp-json\/wp\/v2\/product_cat?post=4939"},{"taxonomy":"product_tag","embeddable":true,"href":"https:\/\/www.brighigroup.com\/de\/wp-json\/wp\/v2\/product_tag?post=4939"}],"curies":[{"name":"wp","href":"https:\/\/api.w.org\/{rel}","templated":true}]}}