{"id":4937,"date":"2022-03-01T10:00:11","date_gmt":"2021-11-30T09:54:11","guid":{"rendered":"https:\/\/www.brighigroup.com\/macchina\/mp-200\/"},"modified":"2025-01-30T09:15:28","modified_gmt":"2025-01-30T08:15:28","slug":"mp-200","status":"publish","type":"product","link":"https:\/\/www.brighigroup.com\/de\/maschine\/mp-200\/","title":{"rendered":"MP-200"},"content":{"rendered":"<h2>AUTOMATISCHE STAPELMASCHINE (ZWEI ARTIKEL)<\/h2>\n<p>Vorrichtung, die vor einer <a href=\"https:\/\/www.brighigroup.com\/de\/kategorie\/verpackung\/\">Verpackungsmaschine<\/a> installiert wird, <strong>um zwei Kissen automatisch zu stapeln<\/strong> und sie dann zusammen zu verpacken. Die Maschine verf\u00fcgt \u00fcber zwei sich \u00fcberlappende Einl\u00e4ufe f\u00fcr die beiden Kissen, die nacheinander einlaufen und dann <strong>perfekt in einer Linie gestapelt<\/strong> und zur Doppelverpackung in den Verpackungsbereich gebracht werden.<\/p>\n<p>&nbsp;<\/p>\n<p><iframe title=\"Automatic Stacking Machine (2 Pieces) mod. MP-200\" width=\"800\" height=\"450\" src=\"https:\/\/www.youtube-nocookie.com\/embed\/8aKTmoZhhko?feature=oembed\" frameborder=\"0\" allow=\"accelerometer; autoplay; clipboard-write; encrypted-media; gyroscope; picture-in-picture\" allowfullscreen><\/iframe><\/p>\n<p>&nbsp;<\/p>\n<p><strong>WAS GESTAPELT WERDEN KANN<\/strong><\/p>\n<p>Kopfkissen, Kissen, gefaltete Steppdecken, Hundebetten und Hundeh\u00fctten usw.<\/p>\n<p><strong>HAUPTEIGENSCHAFTEN<\/strong><\/p>\n<ul>\n<li><strong>Kein Bediener<\/strong> greift in den Prozess ein<\/li>\n<li><strong>Pr\u00e4zision <\/strong>in der Ausrichtung der beiden Kissen<\/li>\n<li><strong>Prozessvereinfachung und -optimierung<\/strong>: Doppelverpackungen sind auf dem Markt sehr gefragt.<\/li>\n<li><strong>Alle F\u00fcllmaterialien<\/strong>: keine Beschr\u00e4nkungen hinsichtlich der Art der Kissenf\u00fcllung.<\/li>\n<li><strong>Vereinfachte Verwaltung:<\/strong> Touchscreen-Bedienfeld f\u00fcr die automatische Verwaltung aller Parameter und mechanischen Einstellungen, mit Rezeptureingabe und Verwaltung mit den Eigenschaften des Produkts\/Materials<\/li>\n<li><strong>Flexibilit\u00e4t<\/strong>: Verarbeitung einer breiten Palette von Materialien, ohne dass mechanische Einstellungen erforderlich sind.<\/li>\n<li id=\"gtx-trans\" style=\"position: absolute; left: 349px; top: 88.4141px;\">\n<div class=\"gtx-trans-icon\"><\/div>\n<\/li>\n<\/ul>\n","protected":false},"excerpt":{"rendered":"<h6>AUTOMATISCHE STAPELMASCHINE (ZWEI ARTIKEL)<\/h6>\n","protected":false},"featured_media":4482,"template":"","meta":{"_acf_changed":false},"product_cat":[84,112,86,89,113,107],"product_tag":[306,301,309,326,322],"class_list":{"0":"post-4937","1":"product","2":"type-product","3":"status-publish","4":"has-post-thumbnail","6":"product_cat-geblase-kissenlinie","7":"product_cat-kardierte-kissenlinie","8":"product_cat-linie-der-zierkissen-mit-reissverschluss-und-outdoor-kissen","9":"product_cat-llinie-fuellung-tierebetten-plueschtieren-gepolsterten-gegenstaenden","10":"product_cat-polyurethan-latex-kissenlinie","11":"product_cat-verpackung","12":"product_tag-geblasene-kissen-und-polster","13":"product_tag-kopfkissen-und-kissen-aus-kardierter-faser","14":"product_tag-schaumstoff-und-latexkissen","15":"product_tag-steppdecken","16":"product_tag-teppiche","18":"first","19":"instock","20":"shipping-taxable","21":"product-type-simple"},"acf":[],"yoast_head":"<!-- This site is optimized with the Yoast SEO plugin v24.2 - https:\/\/yoast.com\/wordpress\/plugins\/seo\/ -->\n<title>AUTOMATISCHE STAPELMASCHINE (ZWEI ARTIKEL) MP-200 - Brighi Group<\/title>\n<meta name=\"description\" content=\"Vor einer Verpackungsmaschine zu installierende Vorrichtung, um automatisch zwei Kissen zu stapeln und sie dann gekoppelt zu verpacken.\" \/>\n<meta name=\"robots\" content=\"index, follow, max-snippet:-1, max-image-preview:large, max-video-preview:-1\" \/>\n<link rel=\"canonical\" href=\"https:\/\/www.brighigroup.com\/de\/maschine\/mp-200\/\" \/>\n<meta property=\"og:locale\" content=\"de_DE\" \/>\n<meta property=\"og:type\" content=\"article\" \/>\n<meta property=\"og:title\" content=\"AUTOMATISCHE STAPELMASCHINE (ZWEI ARTIKEL) MP-200 - Brighi Group\" \/>\n<meta property=\"og:description\" content=\"Vor einer Verpackungsmaschine zu installierende Vorrichtung, um automatisch zwei Kissen zu stapeln und sie dann gekoppelt zu verpacken.\" \/>\n<meta property=\"og:url\" content=\"https:\/\/www.brighigroup.com\/de\/maschine\/mp-200\/\" \/>\n<meta property=\"og:site_name\" content=\"Brighi Group\" \/>\n<meta property=\"article:modified_time\" content=\"2025-01-30T08:15:28+00:00\" \/>\n<meta property=\"og:image\" content=\"https:\/\/www.brighigroup.com\/wp-content\/uploads\/2021\/11\/MP-200.jpg\" \/>\n\t<meta property=\"og:image:width\" content=\"1920\" \/>\n\t<meta property=\"og:image:height\" content=\"1280\" \/>\n\t<meta property=\"og:image:type\" content=\"image\/jpeg\" \/>\n<meta name=\"twitter:card\" content=\"summary_large_image\" \/>\n<meta name=\"twitter:label1\" content=\"Gesch\u00e4tzte Lesezeit\" \/>\n\t<meta name=\"twitter:data1\" content=\"1\u00a0Minute\" \/>\n<script type=\"application\/ld+json\" class=\"yoast-schema-graph\">{\"@context\":\"https:\/\/schema.org\",\"@graph\":[{\"@type\":\"WebPage\",\"@id\":\"https:\/\/www.brighigroup.com\/de\/maschine\/mp-200\/\",\"url\":\"https:\/\/www.brighigroup.com\/de\/maschine\/mp-200\/\",\"name\":\"AUTOMATISCHE STAPELMASCHINE (ZWEI ARTIKEL) MP-200 - Brighi Group\",\"isPartOf\":{\"@id\":\"https:\/\/www.brighigroup.com\/de\/#website\"},\"primaryImageOfPage\":{\"@id\":\"https:\/\/www.brighigroup.com\/de\/maschine\/mp-200\/#primaryimage\"},\"image\":{\"@id\":\"https:\/\/www.brighigroup.com\/de\/maschine\/mp-200\/#primaryimage\"},\"thumbnailUrl\":\"https:\/\/www.brighigroup.com\/wp-content\/uploads\/2021\/11\/MP-200.jpg\",\"datePublished\":\"2021-11-30T09:54:11+00:00\",\"dateModified\":\"2025-01-30T08:15:28+00:00\",\"description\":\"Vor einer Verpackungsmaschine zu installierende Vorrichtung, um automatisch zwei Kissen zu stapeln und sie dann gekoppelt zu verpacken.\",\"breadcrumb\":{\"@id\":\"https:\/\/www.brighigroup.com\/de\/maschine\/mp-200\/#breadcrumb\"},\"inLanguage\":\"de\",\"potentialAction\":[{\"@type\":\"ReadAction\",\"target\":[\"https:\/\/www.brighigroup.com\/de\/maschine\/mp-200\/\"]}]},{\"@type\":\"ImageObject\",\"inLanguage\":\"de\",\"@id\":\"https:\/\/www.brighigroup.com\/de\/maschine\/mp-200\/#primaryimage\",\"url\":\"https:\/\/www.brighigroup.com\/wp-content\/uploads\/2021\/11\/MP-200.jpg\",\"contentUrl\":\"https:\/\/www.brighigroup.com\/wp-content\/uploads\/2021\/11\/MP-200.jpg\",\"width\":1920,\"height\":1280},{\"@type\":\"BreadcrumbList\",\"@id\":\"https:\/\/www.brighigroup.com\/de\/maschine\/mp-200\/#breadcrumb\",\"itemListElement\":[{\"@type\":\"ListItem\",\"position\":1,\"name\":\"Home\",\"item\":\"https:\/\/www.brighigroup.com\/de\/home-2\/\"},{\"@type\":\"ListItem\",\"position\":2,\"name\":\"Maschinen\",\"item\":\"https:\/\/www.brighigroup.com\/de\/maschinen\/\"},{\"@type\":\"ListItem\",\"position\":3,\"name\":\"MP-200\"}]},{\"@type\":\"WebSite\",\"@id\":\"https:\/\/www.brighigroup.com\/de\/#website\",\"url\":\"https:\/\/www.brighigroup.com\/de\/\",\"name\":\"Brighi Group\",\"description\":\"Home textile e di prodotti imbottiti per il design d&#039;arredo tramandando l&#039;innovazione come cultura d&#039;impresa.\",\"potentialAction\":[{\"@type\":\"SearchAction\",\"target\":{\"@type\":\"EntryPoint\",\"urlTemplate\":\"https:\/\/www.brighigroup.com\/de\/?s={search_term_string}\"},\"query-input\":{\"@type\":\"PropertyValueSpecification\",\"valueRequired\":true,\"valueName\":\"search_term_string\"}}],\"inLanguage\":\"de\"}]}<\/script>\n<!-- \/ Yoast SEO plugin. -->","yoast_head_json":{"title":"AUTOMATISCHE STAPELMASCHINE (ZWEI ARTIKEL) MP-200 - Brighi Group","description":"Vor einer Verpackungsmaschine zu installierende Vorrichtung, um automatisch zwei Kissen zu stapeln und sie dann gekoppelt zu verpacken.","robots":{"index":"index","follow":"follow","max-snippet":"max-snippet:-1","max-image-preview":"max-image-preview:large","max-video-preview":"max-video-preview:-1"},"canonical":"https:\/\/www.brighigroup.com\/de\/maschine\/mp-200\/","og_locale":"de_DE","og_type":"article","og_title":"AUTOMATISCHE STAPELMASCHINE (ZWEI ARTIKEL) MP-200 - Brighi Group","og_description":"Vor einer Verpackungsmaschine zu installierende Vorrichtung, um automatisch zwei Kissen zu stapeln und sie dann gekoppelt zu verpacken.","og_url":"https:\/\/www.brighigroup.com\/de\/maschine\/mp-200\/","og_site_name":"Brighi Group","article_modified_time":"2025-01-30T08:15:28+00:00","og_image":[{"width":1920,"height":1280,"url":"https:\/\/www.brighigroup.com\/wp-content\/uploads\/2021\/11\/MP-200.jpg","type":"image\/jpeg"}],"twitter_card":"summary_large_image","twitter_misc":{"Gesch\u00e4tzte Lesezeit":"1\u00a0Minute"},"schema":{"@context":"https:\/\/schema.org","@graph":[{"@type":"WebPage","@id":"https:\/\/www.brighigroup.com\/de\/maschine\/mp-200\/","url":"https:\/\/www.brighigroup.com\/de\/maschine\/mp-200\/","name":"AUTOMATISCHE STAPELMASCHINE (ZWEI ARTIKEL) MP-200 - Brighi Group","isPartOf":{"@id":"https:\/\/www.brighigroup.com\/de\/#website"},"primaryImageOfPage":{"@id":"https:\/\/www.brighigroup.com\/de\/maschine\/mp-200\/#primaryimage"},"image":{"@id":"https:\/\/www.brighigroup.com\/de\/maschine\/mp-200\/#primaryimage"},"thumbnailUrl":"https:\/\/www.brighigroup.com\/wp-content\/uploads\/2021\/11\/MP-200.jpg","datePublished":"2021-11-30T09:54:11+00:00","dateModified":"2025-01-30T08:15:28+00:00","description":"Vor einer Verpackungsmaschine zu installierende Vorrichtung, um automatisch zwei Kissen zu stapeln und sie dann gekoppelt zu verpacken.","breadcrumb":{"@id":"https:\/\/www.brighigroup.com\/de\/maschine\/mp-200\/#breadcrumb"},"inLanguage":"de","potentialAction":[{"@type":"ReadAction","target":["https:\/\/www.brighigroup.com\/de\/maschine\/mp-200\/"]}]},{"@type":"ImageObject","inLanguage":"de","@id":"https:\/\/www.brighigroup.com\/de\/maschine\/mp-200\/#primaryimage","url":"https:\/\/www.brighigroup.com\/wp-content\/uploads\/2021\/11\/MP-200.jpg","contentUrl":"https:\/\/www.brighigroup.com\/wp-content\/uploads\/2021\/11\/MP-200.jpg","width":1920,"height":1280},{"@type":"BreadcrumbList","@id":"https:\/\/www.brighigroup.com\/de\/maschine\/mp-200\/#breadcrumb","itemListElement":[{"@type":"ListItem","position":1,"name":"Home","item":"https:\/\/www.brighigroup.com\/de\/home-2\/"},{"@type":"ListItem","position":2,"name":"Maschinen","item":"https:\/\/www.brighigroup.com\/de\/maschinen\/"},{"@type":"ListItem","position":3,"name":"MP-200"}]},{"@type":"WebSite","@id":"https:\/\/www.brighigroup.com\/de\/#website","url":"https:\/\/www.brighigroup.com\/de\/","name":"Brighi Group","description":"Home textile e di prodotti imbottiti per il design d&#039;arredo tramandando l&#039;innovazione come cultura d&#039;impresa.","potentialAction":[{"@type":"SearchAction","target":{"@type":"EntryPoint","urlTemplate":"https:\/\/www.brighigroup.com\/de\/?s={search_term_string}"},"query-input":{"@type":"PropertyValueSpecification","valueRequired":true,"valueName":"search_term_string"}}],"inLanguage":"de"}]}},"_links":{"self":[{"href":"https:\/\/www.brighigroup.com\/de\/wp-json\/wp\/v2\/product\/4937","targetHints":{"allow":["GET"]}}],"collection":[{"href":"https:\/\/www.brighigroup.com\/de\/wp-json\/wp\/v2\/product"}],"about":[{"href":"https:\/\/www.brighigroup.com\/de\/wp-json\/wp\/v2\/types\/product"}],"wp:featuredmedia":[{"embeddable":true,"href":"https:\/\/www.brighigroup.com\/de\/wp-json\/wp\/v2\/media\/4482"}],"wp:attachment":[{"href":"https:\/\/www.brighigroup.com\/de\/wp-json\/wp\/v2\/media?parent=4937"}],"wp:term":[{"taxonomy":"product_cat","embeddable":true,"href":"https:\/\/www.brighigroup.com\/de\/wp-json\/wp\/v2\/product_cat?post=4937"},{"taxonomy":"product_tag","embeddable":true,"href":"https:\/\/www.brighigroup.com\/de\/wp-json\/wp\/v2\/product_tag?post=4937"}],"curies":[{"name":"wp","href":"https:\/\/api.w.org\/{rel}","templated":true}]}}