{"id":4936,"date":"2024-09-02T10:45:11","date_gmt":"2021-11-17T13:54:11","guid":{"rendered":"https:\/\/www.brighigroup.com\/macchina\/eb-800-easy-bag\/"},"modified":"2022-09-29T14:10:37","modified_gmt":"2022-09-29T12:10:37","slug":"eb-400-easy-bag","status":"publish","type":"product","link":"https:\/\/www.brighigroup.com\/de\/maschine\/eb-400-easy-bag\/","title":{"rendered":"EB-400 EASYBAG"},"content":{"rendered":"<h2><strong>HALBAUTOMATISCHE MASCHINE ZUM VERPACKEN IN T\u00dcTEN, BEUTELN, TASCHEN<\/strong><\/h2>\n<p>EB-400 EASY BAG ist eine <strong>halbautomatische Maschine zum Verpackung von Kissen und Polstern<\/strong>. Sie kann Kissen verarbeiten, die manuell vom Bediener zugef\u00fchrt werden oder direkt von vorgelagerten Maschinen kommen. Der Bediener legt den Beutel auf die B\u00e4nder der Absackmaschine. Die Maschine kann verschiedene Konfigurationen und Optionen in Bezug auf die Art des verwendeten Beutels haben: Sie kann mit <strong>einzelnen vorverpackten Beuteln<\/strong> und <strong>Ziplock-Beuteln<\/strong> arbeiten.<\/p>\n<p>Sobald der Beutel platziert ist, \u00f6ffnen sich die Gabeln, um ihn zu spannen, und das Kissen wird verpackt. Der Wagen mit den Gabeln transportiert das Kissen dann zum Kompressions- und Versiegelungsmodul, wo das <strong>verpackte Kissen komprimiert<\/strong> (falls erforderlich) und der <strong>Beutel verschwei\u00dft wird<\/strong> (keine Versiegelung im Falle von Vinyl-Zip-Beuteln). Das Paket wird dann zur weiteren Verarbeitung ausgeworfen. Die Maschinenparameter werden einfach \u00fcber den Touchscreen mit einer intuitiven Software eingestellt und verwaltet, und die Parameter jedes einzelnen Kissens werden in Rezepten gespeichert, die immer verf\u00fcgbar sind.<\/p>\n<p>&nbsp;<\/p>\n<p><iframe title=\"Semi-Automatic Packaging Machine mod. EB-400 EASY BAG\" width=\"800\" height=\"450\" src=\"https:\/\/www.youtube-nocookie.com\/embed\/s6NxKYMPbdc?feature=oembed\" frameborder=\"0\" allow=\"accelerometer; autoplay; clipboard-write; encrypted-media; gyroscope; picture-in-picture\" allowfullscreen><\/iframe><\/p>\n<p><iframe title=\"4 Configurations in 1 Equipment - Pillow Packaging Machine\" width=\"800\" height=\"450\" src=\"https:\/\/www.youtube-nocookie.com\/embed\/658cQwvb7dk?feature=oembed\" frameborder=\"0\" allow=\"accelerometer; autoplay; clipboard-write; encrypted-media; gyroscope; picture-in-picture\" allowfullscreen><\/iframe><\/p>\n<p>&nbsp;<\/p>\n<p><strong>WAS IN UMSCHL\u00c4GE VERPACKT WERDEN KANN<\/strong><\/p>\n<p>Kopfkissen, Kissen, gefaltete Steppdecken, Kleidung, gestapelte Handt\u00fccher, gestapelte Hundebetten und Hundeh\u00fctten usw.<\/p>\n<p><strong>WELCHE UMSCHL\u00c4GE VERWENDET WERDEN K\u00d6NNEN<\/strong><\/p>\n<p>Einzelne Umschl\u00e4ge, mit Griff, schlauchf\u00f6rmig, mit Klappe, Beutel mit Rei\u00dfverschluss.<\/p>\n<p><strong>HAUPTEIGENSCHAFTEN<\/strong><\/p>\n<ul>\n<li>F\u00fcr den Umschlagprozess wird <strong>nur ein Bediener<\/strong> ben\u00f6tigt.<\/li>\n<li><strong>Ausgezeichnetes Hei\u00dfsiegelsystem<\/strong>: Siegelplatte, Beutelschneideplatte, Aufrei\u00dfsystem f\u00fcr \u00fcbersch\u00fcssigen Kunststoff, Absaugsystem und Recycling von Kunststoffabf\u00e4llen.<\/li>\n<li><strong>Vereinfachte Verwaltung:<\/strong> Touchscreen-Bedienfeld f\u00fcr die automatische Verwaltung aller Parameter und mechanischen Einstellungen, mit Rezeptureingabe und Verwaltung mit den Eigenschaften des Produkts\/Materials<\/li>\n<li><strong>Flexibilit\u00e4t:<\/strong> breites Spektrum an Materialien, Beuteln und Taschen, die ohne mechanische Anpassungen verarbeitet werden k\u00f6nnen.<\/li>\n<li><strong>Mehrere Kissen in einem Umschlag<\/strong>: M\u00f6glichkeit der doppelten oder mehrfachen Stapelung in demselben Umschlag.<\/li>\n<li><strong>Alle F\u00fcllmaterialien<\/strong>: keine Beschr\u00e4nkungen hinsichtlich der Art der Kissenf\u00fcllung.<\/li>\n<li><strong>Werbeblatteinzug <\/strong>mit Druckeranleger, geeignet f\u00fcr verschiedene Materialien und Formate.<\/li>\n<li><strong>Upgrade auf die XL-Version<\/strong> f\u00fcr eine erweiterte Produktpalette (bis zu einer L\u00e4nge von 140 cm \/ 55 Zoll).<\/li>\n<\/ul>\n<div id=\"gtx-trans\" style=\"position: absolute; left: 40px; top: -4.08594px;\">\n<div class=\"gtx-trans-icon\"><\/div>\n<\/div>\n","protected":false},"excerpt":{"rendered":"<h6><strong>HALBAUTOMATISCHE MASCHINE ZUM VERPACKEN IN T\u00dcTEN, BEUTELN, TASCHEN<\/strong><\/h6>\n","protected":false},"featured_media":4586,"template":"","meta":{"_acf_changed":false},"product_cat":[84,112,86,89,113,107],"product_tag":[306,301,309,326,322],"class_list":{"0":"post-4936","1":"product","2":"type-product","3":"status-publish","4":"has-post-thumbnail","6":"product_cat-geblase-kissenlinie","7":"product_cat-kardierte-kissenlinie","8":"product_cat-linie-der-zierkissen-mit-reissverschluss-und-outdoor-kissen","9":"product_cat-llinie-fuellung-tierebetten-plueschtieren-gepolsterten-gegenstaenden","10":"product_cat-polyurethan-latex-kissenlinie","11":"product_cat-verpackung","12":"product_tag-geblasene-kissen-und-polster","13":"product_tag-kopfkissen-und-kissen-aus-kardierter-faser","14":"product_tag-schaumstoff-und-latexkissen","15":"product_tag-steppdecken","16":"product_tag-teppiche","18":"first","19":"instock","20":"shipping-taxable","21":"product-type-simple"},"acf":[],"yoast_head":"<!-- This site is optimized with the Yoast SEO plugin v24.2 - https:\/\/yoast.com\/wordpress\/plugins\/seo\/ -->\n<title>HALBAUTOMATISCHE MASCHINE ZUM VERPACKEN IN T\u00dcTEN\/BEUTELN\/TASCHEN EB-400 EASYBAG - Brighi Group<\/title>\n<meta name=\"description\" content=\"EB-400 EASY BAG ist eine halbautomatische Maschine zum Verpacken und Einwickeln von Kissen und Kopfkissen.\" \/>\n<meta name=\"robots\" content=\"index, follow, max-snippet:-1, max-image-preview:large, max-video-preview:-1\" \/>\n<link rel=\"canonical\" href=\"https:\/\/www.brighigroup.com\/de\/maschine\/eb-400-easy-bag\/\" \/>\n<meta property=\"og:locale\" content=\"de_DE\" \/>\n<meta property=\"og:type\" content=\"article\" \/>\n<meta property=\"og:title\" content=\"HALBAUTOMATISCHE MASCHINE ZUM VERPACKEN IN T\u00dcTEN\/BEUTELN\/TASCHEN EB-400 EASYBAG - Brighi Group\" \/>\n<meta property=\"og:description\" content=\"EB-400 EASY BAG ist eine halbautomatische Maschine zum Verpacken und Einwickeln von Kissen und Kopfkissen.\" \/>\n<meta property=\"og:url\" content=\"https:\/\/www.brighigroup.com\/de\/maschine\/eb-400-easy-bag\/\" \/>\n<meta property=\"og:site_name\" content=\"Brighi Group\" \/>\n<meta property=\"article:modified_time\" content=\"2022-09-29T12:10:37+00:00\" \/>\n<meta property=\"og:image\" content=\"https:\/\/www.brighigroup.com\/wp-content\/uploads\/2021\/11\/EB-800-EASY-BAG.jpg\" \/>\n\t<meta property=\"og:image:width\" content=\"1920\" \/>\n\t<meta property=\"og:image:height\" content=\"1280\" \/>\n\t<meta property=\"og:image:type\" content=\"image\/jpeg\" \/>\n<meta name=\"twitter:card\" content=\"summary_large_image\" \/>\n<meta name=\"twitter:label1\" content=\"Gesch\u00e4tzte Lesezeit\" \/>\n\t<meta name=\"twitter:data1\" content=\"2\u00a0Minuten\" \/>\n<script type=\"application\/ld+json\" class=\"yoast-schema-graph\">{\"@context\":\"https:\/\/schema.org\",\"@graph\":[{\"@type\":\"WebPage\",\"@id\":\"https:\/\/www.brighigroup.com\/de\/maschine\/eb-400-easy-bag\/\",\"url\":\"https:\/\/www.brighigroup.com\/de\/maschine\/eb-400-easy-bag\/\",\"name\":\"HALBAUTOMATISCHE MASCHINE ZUM VERPACKEN IN T\u00dcTEN\/BEUTELN\/TASCHEN EB-400 EASYBAG - Brighi Group\",\"isPartOf\":{\"@id\":\"https:\/\/www.brighigroup.com\/de\/#website\"},\"primaryImageOfPage\":{\"@id\":\"https:\/\/www.brighigroup.com\/de\/maschine\/eb-400-easy-bag\/#primaryimage\"},\"image\":{\"@id\":\"https:\/\/www.brighigroup.com\/de\/maschine\/eb-400-easy-bag\/#primaryimage\"},\"thumbnailUrl\":\"https:\/\/www.brighigroup.com\/wp-content\/uploads\/2021\/11\/EB-800-EASY-BAG.jpg\",\"datePublished\":\"2021-11-17T13:54:11+00:00\",\"dateModified\":\"2022-09-29T12:10:37+00:00\",\"description\":\"EB-400 EASY BAG ist eine halbautomatische Maschine zum Verpacken und Einwickeln von Kissen und Kopfkissen.\",\"breadcrumb\":{\"@id\":\"https:\/\/www.brighigroup.com\/de\/maschine\/eb-400-easy-bag\/#breadcrumb\"},\"inLanguage\":\"de\",\"potentialAction\":[{\"@type\":\"ReadAction\",\"target\":[\"https:\/\/www.brighigroup.com\/de\/maschine\/eb-400-easy-bag\/\"]}]},{\"@type\":\"ImageObject\",\"inLanguage\":\"de\",\"@id\":\"https:\/\/www.brighigroup.com\/de\/maschine\/eb-400-easy-bag\/#primaryimage\",\"url\":\"https:\/\/www.brighigroup.com\/wp-content\/uploads\/2021\/11\/EB-800-EASY-BAG.jpg\",\"contentUrl\":\"https:\/\/www.brighigroup.com\/wp-content\/uploads\/2021\/11\/EB-800-EASY-BAG.jpg\",\"width\":1920,\"height\":1280},{\"@type\":\"BreadcrumbList\",\"@id\":\"https:\/\/www.brighigroup.com\/de\/maschine\/eb-400-easy-bag\/#breadcrumb\",\"itemListElement\":[{\"@type\":\"ListItem\",\"position\":1,\"name\":\"Home\",\"item\":\"https:\/\/www.brighigroup.com\/de\/home-2\/\"},{\"@type\":\"ListItem\",\"position\":2,\"name\":\"Maschinen\",\"item\":\"https:\/\/www.brighigroup.com\/de\/maschinen\/\"},{\"@type\":\"ListItem\",\"position\":3,\"name\":\"EB-400 EASYBAG\"}]},{\"@type\":\"WebSite\",\"@id\":\"https:\/\/www.brighigroup.com\/de\/#website\",\"url\":\"https:\/\/www.brighigroup.com\/de\/\",\"name\":\"Brighi Group\",\"description\":\"Home textile e di prodotti imbottiti per il design d&#039;arredo tramandando l&#039;innovazione come cultura d&#039;impresa.\",\"potentialAction\":[{\"@type\":\"SearchAction\",\"target\":{\"@type\":\"EntryPoint\",\"urlTemplate\":\"https:\/\/www.brighigroup.com\/de\/?s={search_term_string}\"},\"query-input\":{\"@type\":\"PropertyValueSpecification\",\"valueRequired\":true,\"valueName\":\"search_term_string\"}}],\"inLanguage\":\"de\"}]}<\/script>\n<!-- \/ Yoast SEO plugin. -->","yoast_head_json":{"title":"HALBAUTOMATISCHE MASCHINE ZUM VERPACKEN IN T\u00dcTEN\/BEUTELN\/TASCHEN EB-400 EASYBAG - Brighi Group","description":"EB-400 EASY BAG ist eine halbautomatische Maschine zum Verpacken und Einwickeln von Kissen und Kopfkissen.","robots":{"index":"index","follow":"follow","max-snippet":"max-snippet:-1","max-image-preview":"max-image-preview:large","max-video-preview":"max-video-preview:-1"},"canonical":"https:\/\/www.brighigroup.com\/de\/maschine\/eb-400-easy-bag\/","og_locale":"de_DE","og_type":"article","og_title":"HALBAUTOMATISCHE MASCHINE ZUM VERPACKEN IN T\u00dcTEN\/BEUTELN\/TASCHEN EB-400 EASYBAG - Brighi Group","og_description":"EB-400 EASY BAG ist eine halbautomatische Maschine zum Verpacken und Einwickeln von Kissen und Kopfkissen.","og_url":"https:\/\/www.brighigroup.com\/de\/maschine\/eb-400-easy-bag\/","og_site_name":"Brighi Group","article_modified_time":"2022-09-29T12:10:37+00:00","og_image":[{"width":1920,"height":1280,"url":"https:\/\/www.brighigroup.com\/wp-content\/uploads\/2021\/11\/EB-800-EASY-BAG.jpg","type":"image\/jpeg"}],"twitter_card":"summary_large_image","twitter_misc":{"Gesch\u00e4tzte Lesezeit":"2\u00a0Minuten"},"schema":{"@context":"https:\/\/schema.org","@graph":[{"@type":"WebPage","@id":"https:\/\/www.brighigroup.com\/de\/maschine\/eb-400-easy-bag\/","url":"https:\/\/www.brighigroup.com\/de\/maschine\/eb-400-easy-bag\/","name":"HALBAUTOMATISCHE MASCHINE ZUM VERPACKEN IN T\u00dcTEN\/BEUTELN\/TASCHEN EB-400 EASYBAG - Brighi Group","isPartOf":{"@id":"https:\/\/www.brighigroup.com\/de\/#website"},"primaryImageOfPage":{"@id":"https:\/\/www.brighigroup.com\/de\/maschine\/eb-400-easy-bag\/#primaryimage"},"image":{"@id":"https:\/\/www.brighigroup.com\/de\/maschine\/eb-400-easy-bag\/#primaryimage"},"thumbnailUrl":"https:\/\/www.brighigroup.com\/wp-content\/uploads\/2021\/11\/EB-800-EASY-BAG.jpg","datePublished":"2021-11-17T13:54:11+00:00","dateModified":"2022-09-29T12:10:37+00:00","description":"EB-400 EASY BAG ist eine halbautomatische Maschine zum Verpacken und Einwickeln von Kissen und Kopfkissen.","breadcrumb":{"@id":"https:\/\/www.brighigroup.com\/de\/maschine\/eb-400-easy-bag\/#breadcrumb"},"inLanguage":"de","potentialAction":[{"@type":"ReadAction","target":["https:\/\/www.brighigroup.com\/de\/maschine\/eb-400-easy-bag\/"]}]},{"@type":"ImageObject","inLanguage":"de","@id":"https:\/\/www.brighigroup.com\/de\/maschine\/eb-400-easy-bag\/#primaryimage","url":"https:\/\/www.brighigroup.com\/wp-content\/uploads\/2021\/11\/EB-800-EASY-BAG.jpg","contentUrl":"https:\/\/www.brighigroup.com\/wp-content\/uploads\/2021\/11\/EB-800-EASY-BAG.jpg","width":1920,"height":1280},{"@type":"BreadcrumbList","@id":"https:\/\/www.brighigroup.com\/de\/maschine\/eb-400-easy-bag\/#breadcrumb","itemListElement":[{"@type":"ListItem","position":1,"name":"Home","item":"https:\/\/www.brighigroup.com\/de\/home-2\/"},{"@type":"ListItem","position":2,"name":"Maschinen","item":"https:\/\/www.brighigroup.com\/de\/maschinen\/"},{"@type":"ListItem","position":3,"name":"EB-400 EASYBAG"}]},{"@type":"WebSite","@id":"https:\/\/www.brighigroup.com\/de\/#website","url":"https:\/\/www.brighigroup.com\/de\/","name":"Brighi Group","description":"Home textile e di prodotti imbottiti per il design d&#039;arredo tramandando l&#039;innovazione come cultura d&#039;impresa.","potentialAction":[{"@type":"SearchAction","target":{"@type":"EntryPoint","urlTemplate":"https:\/\/www.brighigroup.com\/de\/?s={search_term_string}"},"query-input":{"@type":"PropertyValueSpecification","valueRequired":true,"valueName":"search_term_string"}}],"inLanguage":"de"}]}},"_links":{"self":[{"href":"https:\/\/www.brighigroup.com\/de\/wp-json\/wp\/v2\/product\/4936","targetHints":{"allow":["GET"]}}],"collection":[{"href":"https:\/\/www.brighigroup.com\/de\/wp-json\/wp\/v2\/product"}],"about":[{"href":"https:\/\/www.brighigroup.com\/de\/wp-json\/wp\/v2\/types\/product"}],"wp:featuredmedia":[{"embeddable":true,"href":"https:\/\/www.brighigroup.com\/de\/wp-json\/wp\/v2\/media\/4586"}],"wp:attachment":[{"href":"https:\/\/www.brighigroup.com\/de\/wp-json\/wp\/v2\/media?parent=4936"}],"wp:term":[{"taxonomy":"product_cat","embeddable":true,"href":"https:\/\/www.brighigroup.com\/de\/wp-json\/wp\/v2\/product_cat?post=4936"},{"taxonomy":"product_tag","embeddable":true,"href":"https:\/\/www.brighigroup.com\/de\/wp-json\/wp\/v2\/product_tag?post=4936"}],"curies":[{"name":"wp","href":"https:\/\/api.w.org\/{rel}","templated":true}]}}