{"id":4933,"date":"2020-09-01T10:45:38","date_gmt":"2021-11-30T09:45:38","guid":{"rendered":"https:\/\/www.brighigroup.com\/macchina\/g164u\/"},"modified":"2022-09-28T12:04:17","modified_gmt":"2022-09-28T10:04:17","slug":"g164u","status":"publish","type":"product","link":"https:\/\/www.brighigroup.com\/de\/maschine\/g164u\/","title":{"rendered":"G164U"},"content":{"rendered":"<h2><strong>SPEZIALN\u00c4HMASCHINE<\/strong><\/h2>\n<p>Die Maschine Mod. G164U ist eine spezielle N\u00e4hmaschine mit einer <strong>hohen N\u00e4hgeschwindigkeit von bis zu 1900 U\/min<\/strong>, der f\u00fcr das Verschlie\u00dfen <strong>verschiedener Arten von Polsterm\u00f6beln f\u00fcr Sofas<\/strong> und Produkte unterschiedlicher Form und Gr\u00f6\u00dfe sowie f\u00fcr <strong>Polyurethan- und Kartonfaserplatten <\/strong>entwickelt wurde.<\/p>\n<p>Sie besteht aus einem speziellen N\u00e4hkopf, einem Arbeitstisch mit einem 2500 x 500 mm gro\u00dfen F\u00f6rderband, dessen Bewegung mit der Geschwindigkeit des N\u00e4hkopfes synchronisiert ist, um den N\u00e4hvorgang auch bei gro\u00dfen Produkten zu erleichtern, einem Efka-Steuermodul, zwei beweglichen Pedalen zur Steuerung der Hauptfunktionen (Auf-\/Abfahren des F\u00f6rderbandes &#8211; \u00d6ffnen\/Schlie\u00dfen der Platten\/N\u00e4hen\/N\u00e4hfaden am Ende des N\u00e4hvorgangs).<\/p>\n<p>Der Bediener arbeitet in einer aufrechten Position, wodurch er eine bessere Leistung und Kontrolle \u00fcber das Werkst\u00fcck erh\u00e4lt: Er kann <strong>in zwei Positionen arbeiten, vor oder hinter dem N\u00e4hkopf<\/strong>, je nach Aufgabe, und der Tisch kann sich den beiden Arbeitspositionen anpassen, indem er auf F\u00fchrungen gleitet.<\/p>\n<p>Das spezielle Plattensystem und die obere Platte f\u00fchren die Stofflaschen gleichm\u00e4\u00dfig und gew\u00e4hrleisten eine hochwertige Naht und einen guten Halt. H\u00f6he und Abstand zwischen den Punkten sind einstellbar.<\/p>\n<p>&nbsp;<\/p>\n<p><iframe title=\"Sewing Machines mod. G164 &amp; G265\" width=\"800\" height=\"450\" src=\"https:\/\/www.youtube-nocookie.com\/embed\/kGnBAh1e4RE?feature=oembed\" frameborder=\"0\" allow=\"accelerometer; autoplay; clipboard-write; encrypted-media; gyroscope; picture-in-picture\" allowfullscreen><\/iframe><\/p>\n<p><strong>WAS GEN\u00c4HT WERDEN KANN<\/strong><\/p>\n<p>Kissen, Zierkissen, Sofapolsterung<\/p>\n<p><strong>MATERIALIEN, DIE GEN\u00c4HT WERDEN K\u00d6NNEN<\/strong><\/p>\n<p>Baumwolle, Mikrofaser, TNT, laminierte Gewebe, Dacron, kardierte Fasern, Polyurethan-Platten<\/p>\n<p><strong>HAUPTEIGENSCHAFTEN<\/strong><\/p>\n<ul>\n<li><strong>Spezialn\u00e4hte<\/strong>: speziell entwickelt f\u00fcr eine flache Naht, geeignet zum N\u00e4hen von Polyurethan-Platten und Klappen f\u00fcr die Innenausstattung von Sofas;<\/li>\n<li><strong>Es wird die Verklebung<\/strong> von Polyurethanplatten vermieden.<\/li>\n<li><strong>Geeignet f\u00fcr das N\u00e4hen von R\u00fcckenlehnen und Sitzen gro\u00dfer Sofas<\/strong>, wobei die N\u00e4harbeiten dank des Transportbandes von einer einzigen Person ausgef\u00fchrt werden k\u00f6nnen<\/li>\n<li><strong>Einfache Bedienung<\/strong> durch weniger erfahrenes Personal, Vereinfachung des Prozesses und Senkung der Kosten f\u00fcr qualifizierte Arbeitskr\u00e4fte.<\/li>\n<li><strong>Flexibilit\u00e4t<\/strong>: Es kann eine breite Palette von Produkten und Materialien verarbeitet werden (nach Gr\u00f6\u00dfe\/F\u00fcllmaterial\/Form) und nach Nahtprofil.<\/li>\n<li><strong>Motorisierte Platten<\/strong>: Sie leiten den zu n\u00e4henden Artikel und erm\u00f6glichen einen reibungslosen Ablauf auch f\u00fcr weniger erfahrenes Personal.<\/li>\n<li><strong>Obere F\u00fchrung<\/strong>: Erm\u00f6glicht es dem Bediener, jedes Produkt in einer einheitlichen Linie zu n\u00e4hen, was den Prozess vereinfacht und ein hochwertiges Endprodukt liefert.<\/li>\n<li id=\"gtx-trans\" style=\"position: absolute; left: -46px; top: -4.08594px;\">\n<div class=\"gtx-trans-icon\"><\/div>\n<\/li>\n<\/ul>\n","protected":false},"excerpt":{"rendered":"<h6><strong>SPEZIALN\u00c4HMASCHINE<\/strong><\/h6>\n","protected":false},"featured_media":4484,"template":"","meta":{"_acf_changed":false},"product_cat":[84,86,89,109,87],"product_tag":[306,301,313],"class_list":{"0":"post-4933","1":"product","2":"type-product","3":"status-publish","4":"has-post-thumbnail","6":"product_cat-geblase-kissenlinie","7":"product_cat-linie-der-zierkissen-mit-reissverschluss-und-outdoor-kissen","8":"product_cat-llinie-fuellung-tierebetten-plueschtieren-gepolsterten-gegenstaenden","9":"product_cat-nahsysteme","10":"product_cat-produktionslinie-fuer-sofas-und-polsterungen","11":"product_tag-geblasene-kissen-und-polster","12":"product_tag-kopfkissen-und-kissen-aus-kardierter-faser","13":"product_tag-sofakissen","15":"first","16":"instock","17":"shipping-taxable","18":"product-type-simple"},"acf":[],"yoast_head":"<!-- This site is optimized with the Yoast SEO plugin v24.2 - https:\/\/yoast.com\/wordpress\/plugins\/seo\/ -->\n<title>SPEZIALN\u00c4HMASCHINE G164U - Brighi Group<\/title>\n<meta name=\"description\" content=\"Hochgeschwindigkeitsn\u00e4hmaschine zum Schlie\u00dfen verschiedener Arten von Polstern f\u00fcr Sofas und Produkte in verschiedenen Formen und Gr\u00f6\u00dfen.\" \/>\n<meta name=\"robots\" content=\"index, follow, max-snippet:-1, max-image-preview:large, max-video-preview:-1\" \/>\n<link rel=\"canonical\" href=\"https:\/\/www.brighigroup.com\/de\/maschine\/g164u\/\" \/>\n<meta property=\"og:locale\" content=\"de_DE\" \/>\n<meta property=\"og:type\" content=\"article\" \/>\n<meta property=\"og:title\" content=\"SPEZIALN\u00c4HMASCHINE G164U - Brighi Group\" \/>\n<meta property=\"og:description\" content=\"Hochgeschwindigkeitsn\u00e4hmaschine zum Schlie\u00dfen verschiedener Arten von Polstern f\u00fcr Sofas und Produkte in verschiedenen Formen und Gr\u00f6\u00dfen.\" \/>\n<meta property=\"og:url\" content=\"https:\/\/www.brighigroup.com\/de\/maschine\/g164u\/\" \/>\n<meta property=\"og:site_name\" content=\"Brighi Group\" \/>\n<meta property=\"article:modified_time\" content=\"2022-09-28T10:04:17+00:00\" \/>\n<meta property=\"og:image\" content=\"https:\/\/www.brighigroup.com\/wp-content\/uploads\/2021\/11\/G164U.jpg\" \/>\n\t<meta property=\"og:image:width\" content=\"1920\" \/>\n\t<meta property=\"og:image:height\" content=\"1280\" \/>\n\t<meta property=\"og:image:type\" content=\"image\/jpeg\" \/>\n<meta name=\"twitter:card\" content=\"summary_large_image\" \/>\n<meta name=\"twitter:label1\" content=\"Gesch\u00e4tzte Lesezeit\" \/>\n\t<meta name=\"twitter:data1\" content=\"2\u00a0Minuten\" \/>\n<script type=\"application\/ld+json\" class=\"yoast-schema-graph\">{\"@context\":\"https:\/\/schema.org\",\"@graph\":[{\"@type\":\"WebPage\",\"@id\":\"https:\/\/www.brighigroup.com\/de\/maschine\/g164u\/\",\"url\":\"https:\/\/www.brighigroup.com\/de\/maschine\/g164u\/\",\"name\":\"SPEZIALN\u00c4HMASCHINE G164U - Brighi Group\",\"isPartOf\":{\"@id\":\"https:\/\/www.brighigroup.com\/de\/#website\"},\"primaryImageOfPage\":{\"@id\":\"https:\/\/www.brighigroup.com\/de\/maschine\/g164u\/#primaryimage\"},\"image\":{\"@id\":\"https:\/\/www.brighigroup.com\/de\/maschine\/g164u\/#primaryimage\"},\"thumbnailUrl\":\"https:\/\/www.brighigroup.com\/wp-content\/uploads\/2021\/11\/G164U.jpg\",\"datePublished\":\"2021-11-30T09:45:38+00:00\",\"dateModified\":\"2022-09-28T10:04:17+00:00\",\"description\":\"Hochgeschwindigkeitsn\u00e4hmaschine zum Schlie\u00dfen verschiedener Arten von Polstern f\u00fcr Sofas und Produkte in verschiedenen Formen und Gr\u00f6\u00dfen.\",\"breadcrumb\":{\"@id\":\"https:\/\/www.brighigroup.com\/de\/maschine\/g164u\/#breadcrumb\"},\"inLanguage\":\"de\",\"potentialAction\":[{\"@type\":\"ReadAction\",\"target\":[\"https:\/\/www.brighigroup.com\/de\/maschine\/g164u\/\"]}]},{\"@type\":\"ImageObject\",\"inLanguage\":\"de\",\"@id\":\"https:\/\/www.brighigroup.com\/de\/maschine\/g164u\/#primaryimage\",\"url\":\"https:\/\/www.brighigroup.com\/wp-content\/uploads\/2021\/11\/G164U.jpg\",\"contentUrl\":\"https:\/\/www.brighigroup.com\/wp-content\/uploads\/2021\/11\/G164U.jpg\",\"width\":1920,\"height\":1280},{\"@type\":\"BreadcrumbList\",\"@id\":\"https:\/\/www.brighigroup.com\/de\/maschine\/g164u\/#breadcrumb\",\"itemListElement\":[{\"@type\":\"ListItem\",\"position\":1,\"name\":\"Home\",\"item\":\"https:\/\/www.brighigroup.com\/de\/home-2\/\"},{\"@type\":\"ListItem\",\"position\":2,\"name\":\"Maschinen\",\"item\":\"https:\/\/www.brighigroup.com\/de\/maschinen\/\"},{\"@type\":\"ListItem\",\"position\":3,\"name\":\"G164U\"}]},{\"@type\":\"WebSite\",\"@id\":\"https:\/\/www.brighigroup.com\/de\/#website\",\"url\":\"https:\/\/www.brighigroup.com\/de\/\",\"name\":\"Brighi Group\",\"description\":\"Home textile e di prodotti imbottiti per il design d&#039;arredo tramandando l&#039;innovazione come cultura d&#039;impresa.\",\"potentialAction\":[{\"@type\":\"SearchAction\",\"target\":{\"@type\":\"EntryPoint\",\"urlTemplate\":\"https:\/\/www.brighigroup.com\/de\/?s={search_term_string}\"},\"query-input\":{\"@type\":\"PropertyValueSpecification\",\"valueRequired\":true,\"valueName\":\"search_term_string\"}}],\"inLanguage\":\"de\"}]}<\/script>\n<!-- \/ Yoast SEO plugin. -->","yoast_head_json":{"title":"SPEZIALN\u00c4HMASCHINE G164U - Brighi Group","description":"Hochgeschwindigkeitsn\u00e4hmaschine zum Schlie\u00dfen verschiedener Arten von Polstern f\u00fcr Sofas und Produkte in verschiedenen Formen und Gr\u00f6\u00dfen.","robots":{"index":"index","follow":"follow","max-snippet":"max-snippet:-1","max-image-preview":"max-image-preview:large","max-video-preview":"max-video-preview:-1"},"canonical":"https:\/\/www.brighigroup.com\/de\/maschine\/g164u\/","og_locale":"de_DE","og_type":"article","og_title":"SPEZIALN\u00c4HMASCHINE G164U - Brighi Group","og_description":"Hochgeschwindigkeitsn\u00e4hmaschine zum Schlie\u00dfen verschiedener Arten von Polstern f\u00fcr Sofas und Produkte in verschiedenen Formen und Gr\u00f6\u00dfen.","og_url":"https:\/\/www.brighigroup.com\/de\/maschine\/g164u\/","og_site_name":"Brighi Group","article_modified_time":"2022-09-28T10:04:17+00:00","og_image":[{"width":1920,"height":1280,"url":"https:\/\/www.brighigroup.com\/wp-content\/uploads\/2021\/11\/G164U.jpg","type":"image\/jpeg"}],"twitter_card":"summary_large_image","twitter_misc":{"Gesch\u00e4tzte Lesezeit":"2\u00a0Minuten"},"schema":{"@context":"https:\/\/schema.org","@graph":[{"@type":"WebPage","@id":"https:\/\/www.brighigroup.com\/de\/maschine\/g164u\/","url":"https:\/\/www.brighigroup.com\/de\/maschine\/g164u\/","name":"SPEZIALN\u00c4HMASCHINE G164U - Brighi Group","isPartOf":{"@id":"https:\/\/www.brighigroup.com\/de\/#website"},"primaryImageOfPage":{"@id":"https:\/\/www.brighigroup.com\/de\/maschine\/g164u\/#primaryimage"},"image":{"@id":"https:\/\/www.brighigroup.com\/de\/maschine\/g164u\/#primaryimage"},"thumbnailUrl":"https:\/\/www.brighigroup.com\/wp-content\/uploads\/2021\/11\/G164U.jpg","datePublished":"2021-11-30T09:45:38+00:00","dateModified":"2022-09-28T10:04:17+00:00","description":"Hochgeschwindigkeitsn\u00e4hmaschine zum Schlie\u00dfen verschiedener Arten von Polstern f\u00fcr Sofas und Produkte in verschiedenen Formen und Gr\u00f6\u00dfen.","breadcrumb":{"@id":"https:\/\/www.brighigroup.com\/de\/maschine\/g164u\/#breadcrumb"},"inLanguage":"de","potentialAction":[{"@type":"ReadAction","target":["https:\/\/www.brighigroup.com\/de\/maschine\/g164u\/"]}]},{"@type":"ImageObject","inLanguage":"de","@id":"https:\/\/www.brighigroup.com\/de\/maschine\/g164u\/#primaryimage","url":"https:\/\/www.brighigroup.com\/wp-content\/uploads\/2021\/11\/G164U.jpg","contentUrl":"https:\/\/www.brighigroup.com\/wp-content\/uploads\/2021\/11\/G164U.jpg","width":1920,"height":1280},{"@type":"BreadcrumbList","@id":"https:\/\/www.brighigroup.com\/de\/maschine\/g164u\/#breadcrumb","itemListElement":[{"@type":"ListItem","position":1,"name":"Home","item":"https:\/\/www.brighigroup.com\/de\/home-2\/"},{"@type":"ListItem","position":2,"name":"Maschinen","item":"https:\/\/www.brighigroup.com\/de\/maschinen\/"},{"@type":"ListItem","position":3,"name":"G164U"}]},{"@type":"WebSite","@id":"https:\/\/www.brighigroup.com\/de\/#website","url":"https:\/\/www.brighigroup.com\/de\/","name":"Brighi Group","description":"Home textile e di prodotti imbottiti per il design d&#039;arredo tramandando l&#039;innovazione come cultura d&#039;impresa.","potentialAction":[{"@type":"SearchAction","target":{"@type":"EntryPoint","urlTemplate":"https:\/\/www.brighigroup.com\/de\/?s={search_term_string}"},"query-input":{"@type":"PropertyValueSpecification","valueRequired":true,"valueName":"search_term_string"}}],"inLanguage":"de"}]}},"_links":{"self":[{"href":"https:\/\/www.brighigroup.com\/de\/wp-json\/wp\/v2\/product\/4933","targetHints":{"allow":["GET"]}}],"collection":[{"href":"https:\/\/www.brighigroup.com\/de\/wp-json\/wp\/v2\/product"}],"about":[{"href":"https:\/\/www.brighigroup.com\/de\/wp-json\/wp\/v2\/types\/product"}],"wp:featuredmedia":[{"embeddable":true,"href":"https:\/\/www.brighigroup.com\/de\/wp-json\/wp\/v2\/media\/4484"}],"wp:attachment":[{"href":"https:\/\/www.brighigroup.com\/de\/wp-json\/wp\/v2\/media?parent=4933"}],"wp:term":[{"taxonomy":"product_cat","embeddable":true,"href":"https:\/\/www.brighigroup.com\/de\/wp-json\/wp\/v2\/product_cat?post=4933"},{"taxonomy":"product_tag","embeddable":true,"href":"https:\/\/www.brighigroup.com\/de\/wp-json\/wp\/v2\/product_tag?post=4933"}],"curies":[{"name":"wp","href":"https:\/\/api.w.org\/{rel}","templated":true}]}}