{"id":4932,"date":"2020-10-01T10:45:29","date_gmt":"2021-11-30T09:45:29","guid":{"rendered":"https:\/\/www.brighigroup.com\/macchina\/g164c\/"},"modified":"2022-11-28T10:50:33","modified_gmt":"2022-11-28T09:50:33","slug":"g164c","status":"publish","type":"product","link":"https:\/\/www.brighigroup.com\/de\/maschine\/g164c\/","title":{"rendered":"G164C"},"content":{"rendered":"<h2><strong>SPEZIALN\u00c4HMASCHINE<\/strong><\/h2>\n<p>Die Maschine Mod. \u00a0<strong>G164C<\/strong> ist eine Spezialn\u00e4hmaschine mit einer <strong>hohen N\u00e4hgeschwindigkeit von bis zu 1900 U\/min.<\/strong>\u00a0Gebrauch: Zum Verschlie\u00dfen verschiedener Arten von Kissen, Stofftieren und anderen Produkten unterschiedlicher Form und Gr\u00f6\u00dfe.<\/p>\n<p>Sie besteht aus einem speziellen N\u00e4hkopf, einem Arbeitstisch mit einer motorisierten, nach oben und unten verstellbaren Ablage, die den N\u00e4hvorgang erleichtert, indem sie den zu verpackenden Artikel st\u00fctzt, einem Efka-Steuermodul und einem beweglichen Pedal zur Steuerung der Hauptfunktionen (Auf- und Abw\u00e4rtsbewegung der motorisierten Ablage &#8211; \u00d6ffnen\/Schlie\u00dfen der Platten\/N\u00e4hen\/N\u00e4hfaden am Ende des N\u00e4hvorgangs) Der Bediener arbeitet in einer aufrechten Position mit <strong>besserer Leistung und Kontrolle<\/strong> \u00fcber das Werkst\u00fcck. Das spezielle Plattensystem und die obere Platte f\u00fchren die Stofflaschen gleichm\u00e4\u00dfig und gew\u00e4hrleisten eine hochwertige Naht und einen guten Halt. H\u00f6he und Abstand zwischen den Punkten sind einstellbar.<\/p>\n<p>&nbsp;<\/p>\n<p><iframe title=\"Sewing Machines mod. G164 &amp; G265\" width=\"800\" height=\"450\" src=\"https:\/\/www.youtube-nocookie.com\/embed\/kGnBAh1e4RE?feature=oembed\" frameborder=\"0\" allow=\"accelerometer; autoplay; clipboard-write; encrypted-media; gyroscope; picture-in-picture\" allowfullscreen><\/iframe><\/p>\n<p><strong>WAS GEN\u00c4HT WERDEN KANN<\/strong><\/p>\n<p>Kissen, Zierkissen, Sofakissen, Stofftiere<\/p>\n<p><strong>MATERIALIEN, DIE GEN\u00c4HT WERDEN K\u00d6NNEN<\/strong><\/p>\n<p>Baumwolle, Mikrofaser, TNT, laminierte Gewebe, Dacron, kardierte Fasern, Polyurethan-Platten<\/p>\n<p><strong>HAUPTEIGENSCHAFTEN<\/strong><\/p>\n<ul>\n<li><strong>Spezialstich<\/strong>: Dieser wurde speziell f\u00fcr eine flache Naht entwickelt, die eine perfekte Abdichtung gegen das Auslaufen von Innenmaterialien bietet, insbesondere bei Kissen, die mit Spanplatten, Federn und Daunen gef\u00fcllt sind;<\/li>\n<li><strong>Einfache Bedienung<\/strong> durch weniger erfahrenes Personal, Vereinfachung des Prozesses und Senkung der Kosten f\u00fcr qualifizierte Arbeitskr\u00e4fte.<\/li>\n<li><strong>Flexibilit\u00e4t<\/strong>: Es kann eine breite Palette von Produkten und Materialien verarbeitet werden (nach Gr\u00f6\u00dfe\/F\u00fcllmaterial\/Form) und nach Nahtprofil.<\/li>\n<li><strong>Motorisierte Platten<\/strong>: Sie leiten den zu n\u00e4henden Artikel und erm\u00f6glichen einen reibungslosen Ablauf auch f\u00fcr weniger erfahrenes Personal.<\/li>\n<li><strong>Obere F\u00fchrung<\/strong>: Erm\u00f6glicht es dem Bediener, jedes Produkt in einer einheitlichen Linie zu n\u00e4hen, was den Prozess vereinfacht und ein hochwertiges Endprodukt liefert.<\/li>\n<li id=\"gtx-trans\" style=\"position: absolute; left: -16px; top: -4.08594px;\">\n<div class=\"gtx-trans-icon\"><\/div>\n<\/li>\n<\/ul>\n","protected":false},"excerpt":{"rendered":"<h6><strong>SPEZIALN\u00c4HMASCHINE<\/strong><\/h6>\n","protected":false},"featured_media":4485,"template":"","meta":{"_acf_changed":false},"product_cat":[84,86,89,109,114,87,168],"product_tag":[306,301],"class_list":{"0":"post-4932","1":"product","2":"type-product","3":"status-publish","4":"has-post-thumbnail","6":"product_cat-geblase-kissenlinie","7":"product_cat-linie-der-zierkissen-mit-reissverschluss-und-outdoor-kissen","8":"product_cat-llinie-fuellung-tierebetten-plueschtieren-gepolsterten-gegenstaenden","9":"product_cat-nahsysteme","10":"product_cat-polyurethan-produktionslinie-fur-matratzen-kissen-und-sofas","11":"product_cat-produktionslinie-fuer-sofas-und-polsterungen","12":"product_cat-recyclinganlage","13":"product_tag-geblasene-kissen-und-polster","14":"product_tag-kopfkissen-und-kissen-aus-kardierter-faser","16":"first","17":"instock","18":"shipping-taxable","19":"product-type-simple"},"acf":[],"yoast_head":"<!-- This site is optimized with the Yoast SEO plugin v24.2 - https:\/\/yoast.com\/wordpress\/plugins\/seo\/ -->\n<title>SPEZIALN\u00c4HMASCHINE G164C - Brighi Group<\/title>\n<meta name=\"description\" content=\"Spezielle Hochgeschwindigkeitsn\u00e4hmaschine zum Verschlie\u00dfen verschiedener Arten von Kissen, Polstern, Stofftieren und anderen Produkten.\" \/>\n<meta name=\"robots\" content=\"index, follow, max-snippet:-1, max-image-preview:large, max-video-preview:-1\" \/>\n<link rel=\"canonical\" href=\"https:\/\/www.brighigroup.com\/de\/maschine\/g164c\/\" \/>\n<meta property=\"og:locale\" content=\"de_DE\" \/>\n<meta property=\"og:type\" content=\"article\" \/>\n<meta property=\"og:title\" content=\"SPEZIALN\u00c4HMASCHINE G164C - Brighi Group\" \/>\n<meta property=\"og:description\" content=\"Spezielle Hochgeschwindigkeitsn\u00e4hmaschine zum Verschlie\u00dfen verschiedener Arten von Kissen, Polstern, Stofftieren und anderen Produkten.\" \/>\n<meta property=\"og:url\" content=\"https:\/\/www.brighigroup.com\/de\/maschine\/g164c\/\" \/>\n<meta property=\"og:site_name\" content=\"Brighi Group\" \/>\n<meta property=\"article:modified_time\" content=\"2022-11-28T09:50:33+00:00\" \/>\n<meta property=\"og:image\" content=\"https:\/\/www.brighigroup.com\/wp-content\/uploads\/2021\/11\/G164C.jpg\" \/>\n\t<meta property=\"og:image:width\" content=\"1920\" \/>\n\t<meta property=\"og:image:height\" content=\"1280\" \/>\n\t<meta property=\"og:image:type\" content=\"image\/jpeg\" \/>\n<meta name=\"twitter:card\" content=\"summary_large_image\" \/>\n<meta name=\"twitter:label1\" content=\"Gesch\u00e4tzte Lesezeit\" \/>\n\t<meta name=\"twitter:data1\" content=\"2\u00a0Minuten\" \/>\n<script type=\"application\/ld+json\" class=\"yoast-schema-graph\">{\"@context\":\"https:\/\/schema.org\",\"@graph\":[{\"@type\":\"WebPage\",\"@id\":\"https:\/\/www.brighigroup.com\/de\/maschine\/g164c\/\",\"url\":\"https:\/\/www.brighigroup.com\/de\/maschine\/g164c\/\",\"name\":\"SPEZIALN\u00c4HMASCHINE G164C - Brighi Group\",\"isPartOf\":{\"@id\":\"https:\/\/www.brighigroup.com\/de\/#website\"},\"primaryImageOfPage\":{\"@id\":\"https:\/\/www.brighigroup.com\/de\/maschine\/g164c\/#primaryimage\"},\"image\":{\"@id\":\"https:\/\/www.brighigroup.com\/de\/maschine\/g164c\/#primaryimage\"},\"thumbnailUrl\":\"https:\/\/www.brighigroup.com\/wp-content\/uploads\/2021\/11\/G164C.jpg\",\"datePublished\":\"2021-11-30T09:45:29+00:00\",\"dateModified\":\"2022-11-28T09:50:33+00:00\",\"description\":\"Spezielle Hochgeschwindigkeitsn\u00e4hmaschine zum Verschlie\u00dfen verschiedener Arten von Kissen, Polstern, Stofftieren und anderen Produkten.\",\"breadcrumb\":{\"@id\":\"https:\/\/www.brighigroup.com\/de\/maschine\/g164c\/#breadcrumb\"},\"inLanguage\":\"de\",\"potentialAction\":[{\"@type\":\"ReadAction\",\"target\":[\"https:\/\/www.brighigroup.com\/de\/maschine\/g164c\/\"]}]},{\"@type\":\"ImageObject\",\"inLanguage\":\"de\",\"@id\":\"https:\/\/www.brighigroup.com\/de\/maschine\/g164c\/#primaryimage\",\"url\":\"https:\/\/www.brighigroup.com\/wp-content\/uploads\/2021\/11\/G164C.jpg\",\"contentUrl\":\"https:\/\/www.brighigroup.com\/wp-content\/uploads\/2021\/11\/G164C.jpg\",\"width\":1920,\"height\":1280},{\"@type\":\"BreadcrumbList\",\"@id\":\"https:\/\/www.brighigroup.com\/de\/maschine\/g164c\/#breadcrumb\",\"itemListElement\":[{\"@type\":\"ListItem\",\"position\":1,\"name\":\"Home\",\"item\":\"https:\/\/www.brighigroup.com\/de\/home-2\/\"},{\"@type\":\"ListItem\",\"position\":2,\"name\":\"Maschinen\",\"item\":\"https:\/\/www.brighigroup.com\/de\/maschinen\/\"},{\"@type\":\"ListItem\",\"position\":3,\"name\":\"G164C\"}]},{\"@type\":\"WebSite\",\"@id\":\"https:\/\/www.brighigroup.com\/de\/#website\",\"url\":\"https:\/\/www.brighigroup.com\/de\/\",\"name\":\"Brighi Group\",\"description\":\"Home textile e di prodotti imbottiti per il design d&#039;arredo tramandando l&#039;innovazione come cultura d&#039;impresa.\",\"potentialAction\":[{\"@type\":\"SearchAction\",\"target\":{\"@type\":\"EntryPoint\",\"urlTemplate\":\"https:\/\/www.brighigroup.com\/de\/?s={search_term_string}\"},\"query-input\":{\"@type\":\"PropertyValueSpecification\",\"valueRequired\":true,\"valueName\":\"search_term_string\"}}],\"inLanguage\":\"de\"}]}<\/script>\n<!-- \/ Yoast SEO plugin. -->","yoast_head_json":{"title":"SPEZIALN\u00c4HMASCHINE G164C - Brighi Group","description":"Spezielle Hochgeschwindigkeitsn\u00e4hmaschine zum Verschlie\u00dfen verschiedener Arten von Kissen, Polstern, Stofftieren und anderen Produkten.","robots":{"index":"index","follow":"follow","max-snippet":"max-snippet:-1","max-image-preview":"max-image-preview:large","max-video-preview":"max-video-preview:-1"},"canonical":"https:\/\/www.brighigroup.com\/de\/maschine\/g164c\/","og_locale":"de_DE","og_type":"article","og_title":"SPEZIALN\u00c4HMASCHINE G164C - Brighi Group","og_description":"Spezielle Hochgeschwindigkeitsn\u00e4hmaschine zum Verschlie\u00dfen verschiedener Arten von Kissen, Polstern, Stofftieren und anderen Produkten.","og_url":"https:\/\/www.brighigroup.com\/de\/maschine\/g164c\/","og_site_name":"Brighi Group","article_modified_time":"2022-11-28T09:50:33+00:00","og_image":[{"width":1920,"height":1280,"url":"https:\/\/www.brighigroup.com\/wp-content\/uploads\/2021\/11\/G164C.jpg","type":"image\/jpeg"}],"twitter_card":"summary_large_image","twitter_misc":{"Gesch\u00e4tzte Lesezeit":"2\u00a0Minuten"},"schema":{"@context":"https:\/\/schema.org","@graph":[{"@type":"WebPage","@id":"https:\/\/www.brighigroup.com\/de\/maschine\/g164c\/","url":"https:\/\/www.brighigroup.com\/de\/maschine\/g164c\/","name":"SPEZIALN\u00c4HMASCHINE G164C - Brighi Group","isPartOf":{"@id":"https:\/\/www.brighigroup.com\/de\/#website"},"primaryImageOfPage":{"@id":"https:\/\/www.brighigroup.com\/de\/maschine\/g164c\/#primaryimage"},"image":{"@id":"https:\/\/www.brighigroup.com\/de\/maschine\/g164c\/#primaryimage"},"thumbnailUrl":"https:\/\/www.brighigroup.com\/wp-content\/uploads\/2021\/11\/G164C.jpg","datePublished":"2021-11-30T09:45:29+00:00","dateModified":"2022-11-28T09:50:33+00:00","description":"Spezielle Hochgeschwindigkeitsn\u00e4hmaschine zum Verschlie\u00dfen verschiedener Arten von Kissen, Polstern, Stofftieren und anderen Produkten.","breadcrumb":{"@id":"https:\/\/www.brighigroup.com\/de\/maschine\/g164c\/#breadcrumb"},"inLanguage":"de","potentialAction":[{"@type":"ReadAction","target":["https:\/\/www.brighigroup.com\/de\/maschine\/g164c\/"]}]},{"@type":"ImageObject","inLanguage":"de","@id":"https:\/\/www.brighigroup.com\/de\/maschine\/g164c\/#primaryimage","url":"https:\/\/www.brighigroup.com\/wp-content\/uploads\/2021\/11\/G164C.jpg","contentUrl":"https:\/\/www.brighigroup.com\/wp-content\/uploads\/2021\/11\/G164C.jpg","width":1920,"height":1280},{"@type":"BreadcrumbList","@id":"https:\/\/www.brighigroup.com\/de\/maschine\/g164c\/#breadcrumb","itemListElement":[{"@type":"ListItem","position":1,"name":"Home","item":"https:\/\/www.brighigroup.com\/de\/home-2\/"},{"@type":"ListItem","position":2,"name":"Maschinen","item":"https:\/\/www.brighigroup.com\/de\/maschinen\/"},{"@type":"ListItem","position":3,"name":"G164C"}]},{"@type":"WebSite","@id":"https:\/\/www.brighigroup.com\/de\/#website","url":"https:\/\/www.brighigroup.com\/de\/","name":"Brighi Group","description":"Home textile e di prodotti imbottiti per il design d&#039;arredo tramandando l&#039;innovazione come cultura d&#039;impresa.","potentialAction":[{"@type":"SearchAction","target":{"@type":"EntryPoint","urlTemplate":"https:\/\/www.brighigroup.com\/de\/?s={search_term_string}"},"query-input":{"@type":"PropertyValueSpecification","valueRequired":true,"valueName":"search_term_string"}}],"inLanguage":"de"}]}},"_links":{"self":[{"href":"https:\/\/www.brighigroup.com\/de\/wp-json\/wp\/v2\/product\/4932","targetHints":{"allow":["GET"]}}],"collection":[{"href":"https:\/\/www.brighigroup.com\/de\/wp-json\/wp\/v2\/product"}],"about":[{"href":"https:\/\/www.brighigroup.com\/de\/wp-json\/wp\/v2\/types\/product"}],"wp:featuredmedia":[{"embeddable":true,"href":"https:\/\/www.brighigroup.com\/de\/wp-json\/wp\/v2\/media\/4485"}],"wp:attachment":[{"href":"https:\/\/www.brighigroup.com\/de\/wp-json\/wp\/v2\/media?parent=4932"}],"wp:term":[{"taxonomy":"product_cat","embeddable":true,"href":"https:\/\/www.brighigroup.com\/de\/wp-json\/wp\/v2\/product_cat?post=4932"},{"taxonomy":"product_tag","embeddable":true,"href":"https:\/\/www.brighigroup.com\/de\/wp-json\/wp\/v2\/product_tag?post=4932"}],"curies":[{"name":"wp","href":"https:\/\/api.w.org\/{rel}","templated":true}]}}