{"id":4931,"date":"2021-01-01T10:00:48","date_gmt":"2021-11-30T09:42:48","guid":{"rendered":"https:\/\/www.brighigroup.com\/macchina\/ec-500-easy-cover\/"},"modified":"2025-09-17T12:35:38","modified_gmt":"2025-09-17T10:35:38","slug":"ec-500-easy-cover","status":"publish","type":"product","link":"https:\/\/www.brighigroup.com\/de\/maschine\/ec-500-easy-cover\/","title":{"rendered":"EC-500 EASY COVER"},"content":{"rendered":"<h2><strong>AUTOMATISCHE MASCHINE F\u00dcR DIE BEZ\u00dcGEN<\/strong><\/h2>\n<p><strong>Vollautomatische Maschine zur Herstellung von Kissen- und Polsterbez\u00fcgen<\/strong>.<\/p>\n<p>Arbeitet mit zwei Stoffrollen f\u00fcr <strong>maximale Effizienz und Leistung<\/strong>. Die beiden Stofflagen werden \u00fcbereinandergelegt und an den Seiten und am Boden mit \u00dcberwendlichk\u00f6pfen vern\u00e4ht. In der Seitennaht <strong>kann ein Etikett eingef\u00fcgt werden<\/strong>. Die vierte Seite des Bezuges kann offengelassen werden, um eine Rolle kardierter Fasern zu f\u00fcllen, oder sie kann teilweise geschlossen werden, um sie f\u00fcr die Bef\u00fcllung mit losen Rohstoffen geeignet zu machen.<\/p>\n<p>Nach Abschluss des Prozesses wird der Bezug entladen oder gestapelt, wenn das optionale Stapelmodul installiert ist.<\/p>\n<p><iframe title=\"Automatic Zipper Attachment for Pillow Covers\" width=\"800\" height=\"450\" src=\"https:\/\/www.youtube-nocookie.com\/embed\/SUU4UfHGEUY?feature=oembed\" frameborder=\"0\" allow=\"accelerometer; autoplay; clipboard-write; encrypted-media; gyroscope; picture-in-picture; web-share\" referrerpolicy=\"strict-origin-when-cross-origin\" allowfullscreen><\/iframe><\/p>\n<p>&nbsp;<\/p>\n<p><iframe title=\"Automatic Machine for Pillow Cases Production mod. EC-500 Easy Cover\" width=\"800\" height=\"450\" src=\"https:\/\/www.youtube-nocookie.com\/embed\/h_q-a-crUuE?feature=oembed\" frameborder=\"0\" allow=\"accelerometer; autoplay; clipboard-write; encrypted-media; gyroscope; picture-in-picture; web-share\" referrerpolicy=\"strict-origin-when-cross-origin\" allowfullscreen><\/iframe><\/p>\n<p><iframe title=\"Cover Making Machine | Revolutionize Your Crafting Experience!\" width=\"800\" height=\"450\" src=\"https:\/\/www.youtube-nocookie.com\/embed\/YdaJLv2b3Wk?feature=oembed\" frameborder=\"0\" allow=\"accelerometer; autoplay; clipboard-write; encrypted-media; gyroscope; picture-in-picture; web-share\" referrerpolicy=\"strict-origin-when-cross-origin\" allowfullscreen><\/iframe><\/p>\n<p><strong>STOFFE, DIE VERWENDET WERDEN K\u00d6NNEN<\/strong><\/p>\n<p>TNT, Baumwolle, Polycotton<\/p>\n<p><strong>BEZ\u00dcGE, DIE HERGESTELLT WERDEN K\u00d6NNEN<\/strong><\/p>\n<p>3-lagige \u00dcberwendlichtnaht &#8211; 1<sup>o <\/sup>vollst\u00e4ndig ge\u00f6ffnete Seite<\/p>\n<p>3-lagige \u00dcberwendlichtnaht &#8211; 1<sup>o <\/sup>Seite lineare Nahr mit \u00d6ffnung zum Ausblasen<\/p>\n<p><strong>HAUPTEIGENSCHAFTEN<\/strong><\/p>\n<ul>\n<li><strong>Doppelte Geweberolle<\/strong>: Das System verwendet zwei Geweberollen, um die Prozessgeschwindigkeit zu erh\u00f6hen und mehr Flexibilit\u00e4t und Optionen zu bieten.<\/li>\n<li><strong>Etikettier-Optionen<\/strong>: Das Etikett wird automatisch von der Rolle zugeschnitten und auf oder in das Tr\u00e4germaterial eingen\u00e4ht.<\/li>\n<li><strong>\u00d6ffnung f\u00fcr blasgef\u00fcllte Bez\u00fcge<\/strong> mit linearer Naht<\/li>\n<li><strong>Elektronischer Drahtbruchsensor<\/strong> f\u00fcr Einsatzbereitschaft.<\/li>\n<li><strong>Stapler f\u00fcr Bez\u00fcge<\/strong>: Die von der Maschine produzierten Bez\u00fcge werden in der gew\u00fcnschten Menge auf einem Transferband gestapelt, so dass sie problemlos von nachgeschalteten Maschinen verwendet werden k\u00f6nnen.<\/li>\n<li><strong>Vereinfachte Verwaltung:<\/strong> Touchscreen-Bedienfeld f\u00fcr die automatische Verwaltung aller Parameter und mechanischen Einstellungen, mit Rezeptureingabe und Verwaltung mit den Eigenschaften des Produkts\/Materials<\/li>\n<li><strong>Flexibilit\u00e4t:<\/strong> breite Palette von Materialien und Auskleidungen, die von der Maschine verarbeitet werden k\u00f6nnen, ohne dass mechanische Einstellungen erforderlich sind.<\/li>\n<li id=\"gtx-trans\" style=\"position: absolute;left: -12px;top: -4.08594px\">\n<div class=\"gtx-trans-icon\"><\/div>\n<\/li>\n<\/ul>\n","protected":false},"excerpt":{"rendered":"<h6><strong>AUTOMATISCHE MASCHINE F\u00dcR DIE BEZ\u00dcGEN<\/strong><\/h6>\n","protected":false},"featured_media":4486,"template":"","meta":{"_acf_changed":false},"product_cat":[84,112,86,109],"product_tag":[306,301],"class_list":{"0":"post-4931","1":"product","2":"type-product","3":"status-publish","4":"has-post-thumbnail","6":"product_cat-geblase-kissenlinie","7":"product_cat-kardierte-kissenlinie","8":"product_cat-linie-der-zierkissen-mit-reissverschluss-und-outdoor-kissen","9":"product_cat-nahsysteme","10":"product_tag-geblasene-kissen-und-polster","11":"product_tag-kopfkissen-und-kissen-aus-kardierter-faser","13":"first","14":"instock","15":"shipping-taxable","16":"product-type-simple"},"acf":[],"yoast_head":"<!-- This site is optimized with the Yoast SEO plugin v24.2 - https:\/\/yoast.com\/wordpress\/plugins\/seo\/ -->\n<title>AUTOMATISCHE MASCHINE F\u00dcR DIE BEZ\u00dcGEN EC-500 EASY COVER - Brighi Group<\/title>\n<meta name=\"description\" content=\"Vollautomatische Maschine zur Herstellung von Bez\u00fcgen f\u00fcr Kissen und Kopfkissen aus TNT, Baumwolle und Policone, mit offener vierter Seite f\u00fcr Blasf\u00fcllungen oder kardierte Fasers\u00e4cke.\" \/>\n<meta name=\"robots\" content=\"index, follow, max-snippet:-1, max-image-preview:large, max-video-preview:-1\" \/>\n<link rel=\"canonical\" href=\"https:\/\/www.brighigroup.com\/de\/maschine\/ec-500-easy-cover\/\" \/>\n<meta property=\"og:locale\" content=\"de_DE\" \/>\n<meta property=\"og:type\" content=\"article\" \/>\n<meta property=\"og:title\" content=\"AUTOMATISCHE MASCHINE F\u00dcR DIE BEZ\u00dcGEN EC-500 EASY COVER - Brighi Group\" \/>\n<meta property=\"og:description\" content=\"Vollautomatische Maschine zur Herstellung von Bez\u00fcgen f\u00fcr Kissen und Kopfkissen aus TNT, Baumwolle und Policone, mit offener vierter Seite f\u00fcr Blasf\u00fcllungen oder kardierte Fasers\u00e4cke.\" \/>\n<meta property=\"og:url\" content=\"https:\/\/www.brighigroup.com\/de\/maschine\/ec-500-easy-cover\/\" \/>\n<meta property=\"og:site_name\" content=\"Brighi Group\" \/>\n<meta property=\"article:modified_time\" content=\"2025-09-17T10:35:38+00:00\" \/>\n<meta property=\"og:image\" content=\"https:\/\/www.brighigroup.com\/wp-content\/uploads\/2021\/11\/EC-500-EASY-COVER.jpg\" \/>\n\t<meta property=\"og:image:width\" content=\"1920\" \/>\n\t<meta property=\"og:image:height\" content=\"1280\" \/>\n\t<meta property=\"og:image:type\" content=\"image\/jpeg\" \/>\n<meta name=\"twitter:card\" content=\"summary_large_image\" \/>\n<meta name=\"twitter:label1\" content=\"Gesch\u00e4tzte Lesezeit\" \/>\n\t<meta name=\"twitter:data1\" content=\"2\u00a0Minuten\" \/>\n<script type=\"application\/ld+json\" class=\"yoast-schema-graph\">{\"@context\":\"https:\/\/schema.org\",\"@graph\":[{\"@type\":\"WebPage\",\"@id\":\"https:\/\/www.brighigroup.com\/de\/maschine\/ec-500-easy-cover\/\",\"url\":\"https:\/\/www.brighigroup.com\/de\/maschine\/ec-500-easy-cover\/\",\"name\":\"AUTOMATISCHE MASCHINE F\u00dcR DIE BEZ\u00dcGEN EC-500 EASY COVER - Brighi Group\",\"isPartOf\":{\"@id\":\"https:\/\/www.brighigroup.com\/de\/#website\"},\"primaryImageOfPage\":{\"@id\":\"https:\/\/www.brighigroup.com\/de\/maschine\/ec-500-easy-cover\/#primaryimage\"},\"image\":{\"@id\":\"https:\/\/www.brighigroup.com\/de\/maschine\/ec-500-easy-cover\/#primaryimage\"},\"thumbnailUrl\":\"https:\/\/www.brighigroup.com\/wp-content\/uploads\/2021\/11\/EC-500-EASY-COVER.jpg\",\"datePublished\":\"2021-11-30T09:42:48+00:00\",\"dateModified\":\"2025-09-17T10:35:38+00:00\",\"description\":\"Vollautomatische Maschine zur Herstellung von Bez\u00fcgen f\u00fcr Kissen und Kopfkissen aus TNT, Baumwolle und Policone, mit offener vierter Seite f\u00fcr Blasf\u00fcllungen oder kardierte Fasers\u00e4cke.\",\"breadcrumb\":{\"@id\":\"https:\/\/www.brighigroup.com\/de\/maschine\/ec-500-easy-cover\/#breadcrumb\"},\"inLanguage\":\"de\",\"potentialAction\":[{\"@type\":\"ReadAction\",\"target\":[\"https:\/\/www.brighigroup.com\/de\/maschine\/ec-500-easy-cover\/\"]}]},{\"@type\":\"ImageObject\",\"inLanguage\":\"de\",\"@id\":\"https:\/\/www.brighigroup.com\/de\/maschine\/ec-500-easy-cover\/#primaryimage\",\"url\":\"https:\/\/www.brighigroup.com\/wp-content\/uploads\/2021\/11\/EC-500-EASY-COVER.jpg\",\"contentUrl\":\"https:\/\/www.brighigroup.com\/wp-content\/uploads\/2021\/11\/EC-500-EASY-COVER.jpg\",\"width\":1920,\"height\":1280},{\"@type\":\"BreadcrumbList\",\"@id\":\"https:\/\/www.brighigroup.com\/de\/maschine\/ec-500-easy-cover\/#breadcrumb\",\"itemListElement\":[{\"@type\":\"ListItem\",\"position\":1,\"name\":\"Home\",\"item\":\"https:\/\/www.brighigroup.com\/de\/home-2\/\"},{\"@type\":\"ListItem\",\"position\":2,\"name\":\"Maschinen\",\"item\":\"https:\/\/www.brighigroup.com\/de\/maschinen\/\"},{\"@type\":\"ListItem\",\"position\":3,\"name\":\"EC-500 EASY COVER\"}]},{\"@type\":\"WebSite\",\"@id\":\"https:\/\/www.brighigroup.com\/de\/#website\",\"url\":\"https:\/\/www.brighigroup.com\/de\/\",\"name\":\"Brighi Group\",\"description\":\"Home textile e di prodotti imbottiti per il design d&#039;arredo tramandando l&#039;innovazione come cultura d&#039;impresa.\",\"potentialAction\":[{\"@type\":\"SearchAction\",\"target\":{\"@type\":\"EntryPoint\",\"urlTemplate\":\"https:\/\/www.brighigroup.com\/de\/?s={search_term_string}\"},\"query-input\":{\"@type\":\"PropertyValueSpecification\",\"valueRequired\":true,\"valueName\":\"search_term_string\"}}],\"inLanguage\":\"de\"}]}<\/script>\n<!-- \/ Yoast SEO plugin. -->","yoast_head_json":{"title":"AUTOMATISCHE MASCHINE F\u00dcR DIE BEZ\u00dcGEN EC-500 EASY COVER - Brighi Group","description":"Vollautomatische Maschine zur Herstellung von Bez\u00fcgen f\u00fcr Kissen und Kopfkissen aus TNT, Baumwolle und Policone, mit offener vierter Seite f\u00fcr Blasf\u00fcllungen oder kardierte Fasers\u00e4cke.","robots":{"index":"index","follow":"follow","max-snippet":"max-snippet:-1","max-image-preview":"max-image-preview:large","max-video-preview":"max-video-preview:-1"},"canonical":"https:\/\/www.brighigroup.com\/de\/maschine\/ec-500-easy-cover\/","og_locale":"de_DE","og_type":"article","og_title":"AUTOMATISCHE MASCHINE F\u00dcR DIE BEZ\u00dcGEN EC-500 EASY COVER - Brighi Group","og_description":"Vollautomatische Maschine zur Herstellung von Bez\u00fcgen f\u00fcr Kissen und Kopfkissen aus TNT, Baumwolle und Policone, mit offener vierter Seite f\u00fcr Blasf\u00fcllungen oder kardierte Fasers\u00e4cke.","og_url":"https:\/\/www.brighigroup.com\/de\/maschine\/ec-500-easy-cover\/","og_site_name":"Brighi Group","article_modified_time":"2025-09-17T10:35:38+00:00","og_image":[{"width":1920,"height":1280,"url":"https:\/\/www.brighigroup.com\/wp-content\/uploads\/2021\/11\/EC-500-EASY-COVER.jpg","type":"image\/jpeg"}],"twitter_card":"summary_large_image","twitter_misc":{"Gesch\u00e4tzte Lesezeit":"2\u00a0Minuten"},"schema":{"@context":"https:\/\/schema.org","@graph":[{"@type":"WebPage","@id":"https:\/\/www.brighigroup.com\/de\/maschine\/ec-500-easy-cover\/","url":"https:\/\/www.brighigroup.com\/de\/maschine\/ec-500-easy-cover\/","name":"AUTOMATISCHE MASCHINE F\u00dcR DIE BEZ\u00dcGEN EC-500 EASY COVER - Brighi Group","isPartOf":{"@id":"https:\/\/www.brighigroup.com\/de\/#website"},"primaryImageOfPage":{"@id":"https:\/\/www.brighigroup.com\/de\/maschine\/ec-500-easy-cover\/#primaryimage"},"image":{"@id":"https:\/\/www.brighigroup.com\/de\/maschine\/ec-500-easy-cover\/#primaryimage"},"thumbnailUrl":"https:\/\/www.brighigroup.com\/wp-content\/uploads\/2021\/11\/EC-500-EASY-COVER.jpg","datePublished":"2021-11-30T09:42:48+00:00","dateModified":"2025-09-17T10:35:38+00:00","description":"Vollautomatische Maschine zur Herstellung von Bez\u00fcgen f\u00fcr Kissen und Kopfkissen aus TNT, Baumwolle und Policone, mit offener vierter Seite f\u00fcr Blasf\u00fcllungen oder kardierte Fasers\u00e4cke.","breadcrumb":{"@id":"https:\/\/www.brighigroup.com\/de\/maschine\/ec-500-easy-cover\/#breadcrumb"},"inLanguage":"de","potentialAction":[{"@type":"ReadAction","target":["https:\/\/www.brighigroup.com\/de\/maschine\/ec-500-easy-cover\/"]}]},{"@type":"ImageObject","inLanguage":"de","@id":"https:\/\/www.brighigroup.com\/de\/maschine\/ec-500-easy-cover\/#primaryimage","url":"https:\/\/www.brighigroup.com\/wp-content\/uploads\/2021\/11\/EC-500-EASY-COVER.jpg","contentUrl":"https:\/\/www.brighigroup.com\/wp-content\/uploads\/2021\/11\/EC-500-EASY-COVER.jpg","width":1920,"height":1280},{"@type":"BreadcrumbList","@id":"https:\/\/www.brighigroup.com\/de\/maschine\/ec-500-easy-cover\/#breadcrumb","itemListElement":[{"@type":"ListItem","position":1,"name":"Home","item":"https:\/\/www.brighigroup.com\/de\/home-2\/"},{"@type":"ListItem","position":2,"name":"Maschinen","item":"https:\/\/www.brighigroup.com\/de\/maschinen\/"},{"@type":"ListItem","position":3,"name":"EC-500 EASY COVER"}]},{"@type":"WebSite","@id":"https:\/\/www.brighigroup.com\/de\/#website","url":"https:\/\/www.brighigroup.com\/de\/","name":"Brighi Group","description":"Home textile e di prodotti imbottiti per il design d&#039;arredo tramandando l&#039;innovazione come cultura d&#039;impresa.","potentialAction":[{"@type":"SearchAction","target":{"@type":"EntryPoint","urlTemplate":"https:\/\/www.brighigroup.com\/de\/?s={search_term_string}"},"query-input":{"@type":"PropertyValueSpecification","valueRequired":true,"valueName":"search_term_string"}}],"inLanguage":"de"}]}},"_links":{"self":[{"href":"https:\/\/www.brighigroup.com\/de\/wp-json\/wp\/v2\/product\/4931","targetHints":{"allow":["GET"]}}],"collection":[{"href":"https:\/\/www.brighigroup.com\/de\/wp-json\/wp\/v2\/product"}],"about":[{"href":"https:\/\/www.brighigroup.com\/de\/wp-json\/wp\/v2\/types\/product"}],"wp:featuredmedia":[{"embeddable":true,"href":"https:\/\/www.brighigroup.com\/de\/wp-json\/wp\/v2\/media\/4486"}],"wp:attachment":[{"href":"https:\/\/www.brighigroup.com\/de\/wp-json\/wp\/v2\/media?parent=4931"}],"wp:term":[{"taxonomy":"product_cat","embeddable":true,"href":"https:\/\/www.brighigroup.com\/de\/wp-json\/wp\/v2\/product_cat?post=4931"},{"taxonomy":"product_tag","embeddable":true,"href":"https:\/\/www.brighigroup.com\/de\/wp-json\/wp\/v2\/product_tag?post=4931"}],"curies":[{"name":"wp","href":"https:\/\/api.w.org\/{rel}","templated":true}]}}