{"id":4930,"date":"2020-06-01T11:00:22","date_gmt":"2021-11-30T10:04:22","guid":{"rendered":"https:\/\/www.brighigroup.com\/macchina\/cr-100\/"},"modified":"2025-01-30T09:03:47","modified_gmt":"2025-01-30T08:03:47","slug":"cr-100","status":"publish","type":"product","link":"https:\/\/www.brighigroup.com\/de\/maschine\/cr-100\/","title":{"rendered":"CR-100"},"content":{"rendered":"<h2><strong>KARUSSEL F\u00dcR PRODUKTHANDLING<\/strong><\/h2>\n<p>Dieses <strong>Kissenhandhabungssystem<\/strong> besteht aus einem Gurtf\u00f6rderer und zwei Rollenbahnen und ist als <strong>optionales Zubeh\u00f6r zur Maschine<\/strong> mod <a href=\"https:\/\/www.brighigroup.com\/de\/maschine\/hf-100\/\">HF-100<\/a> f\u00fcr die <strong>Zuf\u00fchrung verschiedener Arten von Produkten<\/strong>: von Kissen, Kopfkissen, Kissen, Polyurethan-Folien, gefalteten Steppdecken, gestapelten Kleidungsst\u00fccken, gestapelten Kissen, Tierbetten und Zwingern usw. zur Maschine Mod. <a href=\"https:\/\/www.brighigroup.com\/de\/maschine\/ep-400\/\">EP-400 EASY PILLOW<\/a> f\u00fcr Latexkissen und die <a href=\"https:\/\/www.brighigroup.com\/de\/maschine\/eb-400-easy-bag\/\">EB-400 EASY BAG<\/a> Maschine.<\/p>\n<p>Mit diesem Zubeh\u00f6r kann ein einziger Bediener das Produkt auf das Karussell laden und dann das Futter oder den Umschlag einlegen, um das Futter oder den Umschlag zu kuvertieren.<\/p>\n<p><strong>WAS BEWEGT WERDEN KANN<\/strong><\/p>\n<p>PU- und Latex-Seelen, Dekorationseinlagen, Kopfkissen, Kissen, mehrere Tischdecken, mehrere Handt\u00fccher, gefaltete Steppdecken, Kleidung, Pl\u00fcschtiere, Hundebetten und Hundeh\u00fctten<\/p>\n<p><strong>HAUPTEIGENSCHAFTEN<\/strong><\/p>\n<ul>\n<li><strong>Ein Bediener<\/strong> f\u00fchrt das Produkt zu und verpackt, als ob es sich um einen Linienprozess handelt, was zu einer erh\u00f6hten Produktivit\u00e4t f\u00fchrt<\/li>\n<li>Handhabung von Produkten auch bei <strong>Mehrfachstapelung<\/strong><\/li>\n<li>Da es sich um ein optionales Modul handelt, kann es mit Maschinen Mod. <a href=\"https:\/\/www.brighigroup.com\/de\/maschine\/hf-100\/\">HF-100<\/a> und <a href=\"https:\/\/www.brighigroup.com\/de\/maschine\/ep-400\/\">EP-400 EASY PILLOW<\/a> auch zu einem sp\u00e4teren Zeitpunkt kombiniert werden.<\/li>\n<li><strong>Flexibilit\u00e4t<\/strong>: Handhabung verschiedener Arten von Produkten in den Bereichen Bekleidung, Textilien, W\u00e4sche, Pl\u00fcsch, Tierbetten, Einlagen<\/li>\n<\/ul>\n<div id=\"gtx-trans\" style=\"position: absolute; left: -14px; top: -4.08594px;\">\n<div class=\"gtx-trans-icon\"><\/div>\n<\/div>\n","protected":false},"excerpt":{"rendered":"<h6><strong>KARUSSEL F\u00dcR PRODUKTHANDLING<\/strong><\/h6>\n","protected":false},"featured_media":4475,"template":"","meta":{"_acf_changed":false},"product_cat":[110,113],"product_tag":[306,301,309,326,322],"class_list":{"0":"post-4930","1":"product","2":"type-product","3":"status-publish","4":"has-post-thumbnail","6":"product_cat-handhabungssysteme","7":"product_cat-polyurethan-latex-kissenlinie","8":"product_tag-geblasene-kissen-und-polster","9":"product_tag-kopfkissen-und-kissen-aus-kardierter-faser","10":"product_tag-schaumstoff-und-latexkissen","11":"product_tag-steppdecken","12":"product_tag-teppiche","14":"first","15":"instock","16":"shipping-taxable","17":"product-type-simple"},"acf":[],"yoast_head":"<!-- This site is optimized with the Yoast SEO plugin v24.2 - https:\/\/yoast.com\/wordpress\/plugins\/seo\/ -->\n<title>KARUSSEL F\u00dcR PRODUKTHANDLING - Brighi Group<\/title>\n<meta name=\"description\" content=\"Karussell f\u00fcr Kissen, bestehend aus einem Bandf\u00f6rderer und zwei Rollenf\u00f6rderern, das als Zubeh\u00f6r f\u00fcr die Maschinenmodifikation HF-100\" \/>\n<meta name=\"robots\" content=\"index, follow, max-snippet:-1, max-image-preview:large, max-video-preview:-1\" \/>\n<link rel=\"canonical\" href=\"https:\/\/www.brighigroup.com\/de\/maschine\/cr-100\/\" \/>\n<meta property=\"og:locale\" content=\"de_DE\" \/>\n<meta property=\"og:type\" content=\"article\" \/>\n<meta property=\"og:title\" content=\"KARUSSEL F\u00dcR PRODUKTHANDLING - Brighi Group\" \/>\n<meta property=\"og:description\" content=\"Karussell f\u00fcr Kissen, bestehend aus einem Bandf\u00f6rderer und zwei Rollenf\u00f6rderern, das als Zubeh\u00f6r f\u00fcr die Maschinenmodifikation HF-100\" \/>\n<meta property=\"og:url\" content=\"https:\/\/www.brighigroup.com\/de\/maschine\/cr-100\/\" \/>\n<meta property=\"og:site_name\" content=\"Brighi Group\" \/>\n<meta property=\"article:modified_time\" content=\"2025-01-30T08:03:47+00:00\" \/>\n<meta property=\"og:image\" content=\"https:\/\/www.brighigroup.com\/wp-content\/uploads\/2021\/11\/CR-100.jpg\" \/>\n\t<meta property=\"og:image:width\" content=\"1920\" \/>\n\t<meta property=\"og:image:height\" content=\"1280\" \/>\n\t<meta property=\"og:image:type\" content=\"image\/jpeg\" \/>\n<meta name=\"twitter:card\" content=\"summary_large_image\" \/>\n<meta name=\"twitter:label1\" content=\"Gesch\u00e4tzte Lesezeit\" \/>\n\t<meta name=\"twitter:data1\" content=\"1\u00a0Minute\" \/>\n<script type=\"application\/ld+json\" class=\"yoast-schema-graph\">{\"@context\":\"https:\/\/schema.org\",\"@graph\":[{\"@type\":\"WebPage\",\"@id\":\"https:\/\/www.brighigroup.com\/de\/maschine\/cr-100\/\",\"url\":\"https:\/\/www.brighigroup.com\/de\/maschine\/cr-100\/\",\"name\":\"KARUSSEL F\u00dcR PRODUKTHANDLING - Brighi Group\",\"isPartOf\":{\"@id\":\"https:\/\/www.brighigroup.com\/de\/#website\"},\"primaryImageOfPage\":{\"@id\":\"https:\/\/www.brighigroup.com\/de\/maschine\/cr-100\/#primaryimage\"},\"image\":{\"@id\":\"https:\/\/www.brighigroup.com\/de\/maschine\/cr-100\/#primaryimage\"},\"thumbnailUrl\":\"https:\/\/www.brighigroup.com\/wp-content\/uploads\/2021\/11\/CR-100.jpg\",\"datePublished\":\"2021-11-30T10:04:22+00:00\",\"dateModified\":\"2025-01-30T08:03:47+00:00\",\"description\":\"Karussell f\u00fcr Kissen, bestehend aus einem Bandf\u00f6rderer und zwei Rollenf\u00f6rderern, das als Zubeh\u00f6r f\u00fcr die Maschinenmodifikation HF-100\",\"breadcrumb\":{\"@id\":\"https:\/\/www.brighigroup.com\/de\/maschine\/cr-100\/#breadcrumb\"},\"inLanguage\":\"de\",\"potentialAction\":[{\"@type\":\"ReadAction\",\"target\":[\"https:\/\/www.brighigroup.com\/de\/maschine\/cr-100\/\"]}]},{\"@type\":\"ImageObject\",\"inLanguage\":\"de\",\"@id\":\"https:\/\/www.brighigroup.com\/de\/maschine\/cr-100\/#primaryimage\",\"url\":\"https:\/\/www.brighigroup.com\/wp-content\/uploads\/2021\/11\/CR-100.jpg\",\"contentUrl\":\"https:\/\/www.brighigroup.com\/wp-content\/uploads\/2021\/11\/CR-100.jpg\",\"width\":1920,\"height\":1280},{\"@type\":\"BreadcrumbList\",\"@id\":\"https:\/\/www.brighigroup.com\/de\/maschine\/cr-100\/#breadcrumb\",\"itemListElement\":[{\"@type\":\"ListItem\",\"position\":1,\"name\":\"Home\",\"item\":\"https:\/\/www.brighigroup.com\/de\/home-2\/\"},{\"@type\":\"ListItem\",\"position\":2,\"name\":\"Maschinen\",\"item\":\"https:\/\/www.brighigroup.com\/de\/maschinen\/\"},{\"@type\":\"ListItem\",\"position\":3,\"name\":\"CR-100\"}]},{\"@type\":\"WebSite\",\"@id\":\"https:\/\/www.brighigroup.com\/de\/#website\",\"url\":\"https:\/\/www.brighigroup.com\/de\/\",\"name\":\"Brighi Group\",\"description\":\"Home textile e di prodotti imbottiti per il design d&#039;arredo tramandando l&#039;innovazione come cultura d&#039;impresa.\",\"potentialAction\":[{\"@type\":\"SearchAction\",\"target\":{\"@type\":\"EntryPoint\",\"urlTemplate\":\"https:\/\/www.brighigroup.com\/de\/?s={search_term_string}\"},\"query-input\":{\"@type\":\"PropertyValueSpecification\",\"valueRequired\":true,\"valueName\":\"search_term_string\"}}],\"inLanguage\":\"de\"}]}<\/script>\n<!-- \/ Yoast SEO plugin. -->","yoast_head_json":{"title":"KARUSSEL F\u00dcR PRODUKTHANDLING - Brighi Group","description":"Karussell f\u00fcr Kissen, bestehend aus einem Bandf\u00f6rderer und zwei Rollenf\u00f6rderern, das als Zubeh\u00f6r f\u00fcr die Maschinenmodifikation HF-100","robots":{"index":"index","follow":"follow","max-snippet":"max-snippet:-1","max-image-preview":"max-image-preview:large","max-video-preview":"max-video-preview:-1"},"canonical":"https:\/\/www.brighigroup.com\/de\/maschine\/cr-100\/","og_locale":"de_DE","og_type":"article","og_title":"KARUSSEL F\u00dcR PRODUKTHANDLING - Brighi Group","og_description":"Karussell f\u00fcr Kissen, bestehend aus einem Bandf\u00f6rderer und zwei Rollenf\u00f6rderern, das als Zubeh\u00f6r f\u00fcr die Maschinenmodifikation HF-100","og_url":"https:\/\/www.brighigroup.com\/de\/maschine\/cr-100\/","og_site_name":"Brighi Group","article_modified_time":"2025-01-30T08:03:47+00:00","og_image":[{"width":1920,"height":1280,"url":"https:\/\/www.brighigroup.com\/wp-content\/uploads\/2021\/11\/CR-100.jpg","type":"image\/jpeg"}],"twitter_card":"summary_large_image","twitter_misc":{"Gesch\u00e4tzte Lesezeit":"1\u00a0Minute"},"schema":{"@context":"https:\/\/schema.org","@graph":[{"@type":"WebPage","@id":"https:\/\/www.brighigroup.com\/de\/maschine\/cr-100\/","url":"https:\/\/www.brighigroup.com\/de\/maschine\/cr-100\/","name":"KARUSSEL F\u00dcR PRODUKTHANDLING - Brighi Group","isPartOf":{"@id":"https:\/\/www.brighigroup.com\/de\/#website"},"primaryImageOfPage":{"@id":"https:\/\/www.brighigroup.com\/de\/maschine\/cr-100\/#primaryimage"},"image":{"@id":"https:\/\/www.brighigroup.com\/de\/maschine\/cr-100\/#primaryimage"},"thumbnailUrl":"https:\/\/www.brighigroup.com\/wp-content\/uploads\/2021\/11\/CR-100.jpg","datePublished":"2021-11-30T10:04:22+00:00","dateModified":"2025-01-30T08:03:47+00:00","description":"Karussell f\u00fcr Kissen, bestehend aus einem Bandf\u00f6rderer und zwei Rollenf\u00f6rderern, das als Zubeh\u00f6r f\u00fcr die Maschinenmodifikation HF-100","breadcrumb":{"@id":"https:\/\/www.brighigroup.com\/de\/maschine\/cr-100\/#breadcrumb"},"inLanguage":"de","potentialAction":[{"@type":"ReadAction","target":["https:\/\/www.brighigroup.com\/de\/maschine\/cr-100\/"]}]},{"@type":"ImageObject","inLanguage":"de","@id":"https:\/\/www.brighigroup.com\/de\/maschine\/cr-100\/#primaryimage","url":"https:\/\/www.brighigroup.com\/wp-content\/uploads\/2021\/11\/CR-100.jpg","contentUrl":"https:\/\/www.brighigroup.com\/wp-content\/uploads\/2021\/11\/CR-100.jpg","width":1920,"height":1280},{"@type":"BreadcrumbList","@id":"https:\/\/www.brighigroup.com\/de\/maschine\/cr-100\/#breadcrumb","itemListElement":[{"@type":"ListItem","position":1,"name":"Home","item":"https:\/\/www.brighigroup.com\/de\/home-2\/"},{"@type":"ListItem","position":2,"name":"Maschinen","item":"https:\/\/www.brighigroup.com\/de\/maschinen\/"},{"@type":"ListItem","position":3,"name":"CR-100"}]},{"@type":"WebSite","@id":"https:\/\/www.brighigroup.com\/de\/#website","url":"https:\/\/www.brighigroup.com\/de\/","name":"Brighi Group","description":"Home textile e di prodotti imbottiti per il design d&#039;arredo tramandando l&#039;innovazione come cultura d&#039;impresa.","potentialAction":[{"@type":"SearchAction","target":{"@type":"EntryPoint","urlTemplate":"https:\/\/www.brighigroup.com\/de\/?s={search_term_string}"},"query-input":{"@type":"PropertyValueSpecification","valueRequired":true,"valueName":"search_term_string"}}],"inLanguage":"de"}]}},"_links":{"self":[{"href":"https:\/\/www.brighigroup.com\/de\/wp-json\/wp\/v2\/product\/4930","targetHints":{"allow":["GET"]}}],"collection":[{"href":"https:\/\/www.brighigroup.com\/de\/wp-json\/wp\/v2\/product"}],"about":[{"href":"https:\/\/www.brighigroup.com\/de\/wp-json\/wp\/v2\/types\/product"}],"wp:featuredmedia":[{"embeddable":true,"href":"https:\/\/www.brighigroup.com\/de\/wp-json\/wp\/v2\/media\/4475"}],"wp:attachment":[{"href":"https:\/\/www.brighigroup.com\/de\/wp-json\/wp\/v2\/media?parent=4930"}],"wp:term":[{"taxonomy":"product_cat","embeddable":true,"href":"https:\/\/www.brighigroup.com\/de\/wp-json\/wp\/v2\/product_cat?post=4930"},{"taxonomy":"product_tag","embeddable":true,"href":"https:\/\/www.brighigroup.com\/de\/wp-json\/wp\/v2\/product_tag?post=4930"}],"curies":[{"name":"wp","href":"https:\/\/api.w.org\/{rel}","templated":true}]}}