{"id":4925,"date":"2022-05-01T12:00:42","date_gmt":"2021-11-30T09:41:42","guid":{"rendered":"https:\/\/www.brighigroup.com\/macchina\/hf-100\/"},"modified":"2025-09-17T12:28:20","modified_gmt":"2025-09-17T10:28:20","slug":"hf-100","status":"publish","type":"product","link":"https:\/\/www.brighigroup.com\/de\/maschine\/hf-100\/","title":{"rendered":"HF-100"},"content":{"rendered":"<h2><strong>HALBAUTOMATISCHE VERPACKUNGSMASCHINE F\u00dcR BEUTEL UND BEUTELS\u00c4CKE<\/strong><\/h2>\n<p>Sehr vielseitige <strong>F\u00fcll- und Stopfmaschine f\u00fcr Kissen<\/strong>. Die einfache Bedienung erm\u00f6glicht es, dieselbe Maschine f\u00fcr beide Prozesse zu verwenden.\u00a0<strong>Einf\u00fcllen einer Faserrolle oder eines Polyurethan-\/Latexkerns in einen Bezug<\/strong> (oder einer Einlage in den endg\u00fcltigen dekorativen Bezug \/ eines Kissens in den Bezug mit Rei\u00dfverschluss) und\/oder <strong>Einf\u00fcllen des fertigen Kissens in einen Umschlag<\/strong> (individueller PE-Umschlag, doppelter Kissenumschlag, Rei\u00dfverschlusstasche mit Griff, Aktentasche).<\/p>\n<p>Die Maschine kann <strong>von Hand oder mit einem Zuf\u00fchrband beschickt<\/strong> werden, wobei ein Bediener zum Einlegen des Tr\u00e4germaterials oder Umschlags erforderlich ist.<\/p>\n<p>&nbsp;<\/p>\n<p><iframe title=\"Semi-automatic Filling Machine mod. HF-100\" width=\"800\" height=\"450\" src=\"https:\/\/www.youtube-nocookie.com\/embed\/tu4txpg2HAk?feature=oembed\" frameborder=\"0\" allow=\"accelerometer; autoplay; clipboard-write; encrypted-media; gyroscope; picture-in-picture; web-share\" referrerpolicy=\"strict-origin-when-cross-origin\" allowfullscreen><\/iframe><\/p>\n<p>&nbsp;<\/p>\n<p><iframe title=\"Semi-Automatic Stuffing Machine mod. HF-100 with Carousel\" width=\"800\" height=\"450\" src=\"https:\/\/www.youtube-nocookie.com\/embed\/9ilN2MnI48E?feature=oembed\" frameborder=\"0\" allow=\"accelerometer; autoplay; clipboard-write; encrypted-media; gyroscope; picture-in-picture; web-share\" referrerpolicy=\"strict-origin-when-cross-origin\" allowfullscreen><\/iframe><\/p>\n<p><iframe title=\"STUFFING MACHINE FOR FOAM SHAPED PILLOWS mod. HF-100\" width=\"800\" height=\"450\" src=\"https:\/\/www.youtube-nocookie.com\/embed\/Fy29hDgLMzw?feature=oembed\" frameborder=\"0\" allow=\"accelerometer; autoplay; clipboard-write; encrypted-media; gyroscope; picture-in-picture; web-share\" referrerpolicy=\"strict-origin-when-cross-origin\" allowfullscreen><\/iframe><\/p>\n<p><strong>WAS IN S\u00c4CKE VERPACKT WERDEN KANN<\/strong><\/p>\n<p>Faserrolle, PU- und Latexkerne, Dekoreinlagen<\/p>\n<p><strong>WAS IN UMSCHL\u00c4GE VERPACKT WERDEN KANN<\/strong><\/p>\n<p>Kopfkissen, Kissen, gefaltete Steppdecken, Kleidung, mehrere Tischdecken, mehrere Handt\u00fccher, Pl\u00fcschtiere, Hundebetten und Hundeh\u00fctten<\/p>\n<p><strong>ARTEN VON BEZ\u00dcGEN<\/strong><\/p>\n<p>Vliesstoff, Baumwolle, Poly-Baumwolle, Mikrofaser, Rei\u00dfverschlussbez\u00fcge, Dekokissenbez\u00fcge<\/p>\n<p><strong>ARTEN VON UMSCHL\u00c4GEN<\/strong><\/p>\n<p>Individuelle Umschl\u00e4ge, mit Griff, Vinyl +TNT mit Rei\u00dfverschluss, Umschl\u00e4ge mit Kleber und einziehbarer Klappe.<\/p>\n<p><strong>HAUPTEIGENSCHAFTEN<\/strong><\/p>\n<ul>\n<li><strong>Alle 4 Ecken voll<\/strong>: dank der Gabeln, die das Futter\/den Umschlag spannen, und der geformten Seitenlaschen.<\/li>\n<li><strong>Sicherheit f\u00fcr Rei\u00dfverschl\u00fcsse<\/strong>: Dank der seitlichen D\u00e4mpfungsr\u00e4der und der seitlich geformten Klappen (optional) ist die Verarbeitung von Rei\u00dfverschl\u00fcssen sowohl bei Liner als auch bei H\u00fcllen einfach und sicher.<\/li>\n<li><strong>Keine Einschr\u00e4nkungen <\/strong>bei der Art der Polsterung der Kissen und Kopfkissen PU- und Latexkerne, kardierte Fasern, geblasene Fasern, PU-Spanplatten, Federn, Daunen, verschiedene Verbindungen.<\/li>\n<li><strong>Brosch\u00fcren-Einleger<\/strong>: mit Blattzuf\u00fchrung f\u00fcr die Verarbeitung verschiedener Materialien und Formate.<\/li>\n<li><strong>Mehrfache Stapelung<\/strong> in einem einzigen Beutel m\u00f6glich.<\/li>\n<li>Kann mit Karussell-Mod. <a href=\"https:\/\/www.brighigroup.com\/de\/maschine\/cr-100\/\">CR-100<\/a> f\u00fcr Ein-Mann-Betrieb kombiniert werden.<\/li>\n<li><strong>Vereinfachte Verwaltung:<\/strong> Touchscreen-Bedienfeld zur automatischen Verwaltung aller Parameter und mechanischen Einstellungen, zum Speichern von Rezepten f\u00fcr die verschiedenen Produkte, zur \u00dcberpr\u00fcfung des Maschinen- und Verbrauchsmaterialstatus.<\/li>\n<li><strong>Flexibilit\u00e4t<\/strong>: Verarbeitung unterschiedlicher Materialien nach Kundenspezifikationen und -anforderungen, breites Spektrum an Linern, Beuteln und Taschen, die ohne mechanische Anpassungen verarbeitet werden k\u00f6nnen.<\/li>\n<li id=\"gtx-trans\" style=\"position: absolute;left: -35px;top: -4.08594px\">\n<div class=\"gtx-trans-icon\"><\/div>\n<\/li>\n<\/ul>\n","protected":false},"excerpt":{"rendered":"<h6><strong>HALBAUTOMATISCHE VERPACKUNGSMASCHINE F\u00dcR BEUTEL UND BEUTELS\u00c4CKE<\/strong><\/h6>\n","protected":false},"featured_media":4487,"template":"","meta":{"_acf_changed":false},"product_cat":[111,84,112,86,89,113,115,107],"product_tag":[306,301,309,326,322],"class_list":{"0":"post-4925","1":"product","2":"type-product","3":"status-publish","4":"has-post-thumbnail","6":"product_cat-bezuge-fullung","7":"product_cat-geblase-kissenlinie","8":"product_cat-kardierte-kissenlinie","9":"product_cat-linie-der-zierkissen-mit-reissverschluss-und-outdoor-kissen","10":"product_cat-llinie-fuellung-tierebetten-plueschtieren-gepolsterten-gegenstaenden","11":"product_cat-polyurethan-latex-kissenlinie","12":"product_cat-steppdecken-linie","13":"product_cat-verpackung","14":"product_tag-geblasene-kissen-und-polster","15":"product_tag-kopfkissen-und-kissen-aus-kardierter-faser","16":"product_tag-schaumstoff-und-latexkissen","17":"product_tag-steppdecken","18":"product_tag-teppiche","20":"first","21":"instock","22":"shipping-taxable","23":"product-type-simple"},"acf":[],"yoast_head":"<!-- This site is optimized with the Yoast SEO plugin v24.2 - https:\/\/yoast.com\/wordpress\/plugins\/seo\/ -->\n<title>HALBAUTOMATISCHE VERPACKUNGSMASCHINE F\u00dcR BEUTEL UND BEUTELS\u00c4CKE HF-100 - Brighi Group<\/title>\n<meta name=\"description\" content=\"Halbautomatische Verpackungsmaschine f\u00fcr Einlagen und Beutel mit Kopfkissen, Polstern, Steppdecken, Kleidung, Tischdecken, Handt\u00fcchern, Kuscheltieren, Betten und Hundeh\u00fctten\" \/>\n<meta name=\"robots\" content=\"index, follow, max-snippet:-1, max-image-preview:large, max-video-preview:-1\" \/>\n<link rel=\"canonical\" href=\"https:\/\/www.brighigroup.com\/de\/maschine\/hf-100\/\" \/>\n<meta property=\"og:locale\" content=\"de_DE\" \/>\n<meta property=\"og:type\" content=\"article\" \/>\n<meta property=\"og:title\" content=\"HALBAUTOMATISCHE VERPACKUNGSMASCHINE F\u00dcR BEUTEL UND BEUTELS\u00c4CKE HF-100 - Brighi Group\" \/>\n<meta property=\"og:description\" content=\"Halbautomatische Verpackungsmaschine f\u00fcr Einlagen und Beutel mit Kopfkissen, Polstern, Steppdecken, Kleidung, Tischdecken, Handt\u00fcchern, Kuscheltieren, Betten und Hundeh\u00fctten\" \/>\n<meta property=\"og:url\" content=\"https:\/\/www.brighigroup.com\/de\/maschine\/hf-100\/\" \/>\n<meta property=\"og:site_name\" content=\"Brighi Group\" \/>\n<meta property=\"article:modified_time\" content=\"2025-09-17T10:28:20+00:00\" \/>\n<meta property=\"og:image\" content=\"https:\/\/www.brighigroup.com\/wp-content\/uploads\/2021\/11\/HF-100.jpg\" \/>\n\t<meta property=\"og:image:width\" content=\"1920\" \/>\n\t<meta property=\"og:image:height\" content=\"1280\" \/>\n\t<meta property=\"og:image:type\" content=\"image\/jpeg\" \/>\n<meta name=\"twitter:card\" content=\"summary_large_image\" \/>\n<meta name=\"twitter:label1\" content=\"Gesch\u00e4tzte Lesezeit\" \/>\n\t<meta name=\"twitter:data1\" content=\"2\u00a0Minuten\" \/>\n<script type=\"application\/ld+json\" class=\"yoast-schema-graph\">{\"@context\":\"https:\/\/schema.org\",\"@graph\":[{\"@type\":\"WebPage\",\"@id\":\"https:\/\/www.brighigroup.com\/de\/maschine\/hf-100\/\",\"url\":\"https:\/\/www.brighigroup.com\/de\/maschine\/hf-100\/\",\"name\":\"HALBAUTOMATISCHE VERPACKUNGSMASCHINE F\u00dcR BEUTEL UND BEUTELS\u00c4CKE HF-100 - Brighi Group\",\"isPartOf\":{\"@id\":\"https:\/\/www.brighigroup.com\/de\/#website\"},\"primaryImageOfPage\":{\"@id\":\"https:\/\/www.brighigroup.com\/de\/maschine\/hf-100\/#primaryimage\"},\"image\":{\"@id\":\"https:\/\/www.brighigroup.com\/de\/maschine\/hf-100\/#primaryimage\"},\"thumbnailUrl\":\"https:\/\/www.brighigroup.com\/wp-content\/uploads\/2021\/11\/HF-100.jpg\",\"datePublished\":\"2021-11-30T09:41:42+00:00\",\"dateModified\":\"2025-09-17T10:28:20+00:00\",\"description\":\"Halbautomatische Verpackungsmaschine f\u00fcr Einlagen und Beutel mit Kopfkissen, Polstern, Steppdecken, Kleidung, Tischdecken, Handt\u00fcchern, Kuscheltieren, Betten und Hundeh\u00fctten\",\"breadcrumb\":{\"@id\":\"https:\/\/www.brighigroup.com\/de\/maschine\/hf-100\/#breadcrumb\"},\"inLanguage\":\"de\",\"potentialAction\":[{\"@type\":\"ReadAction\",\"target\":[\"https:\/\/www.brighigroup.com\/de\/maschine\/hf-100\/\"]}]},{\"@type\":\"ImageObject\",\"inLanguage\":\"de\",\"@id\":\"https:\/\/www.brighigroup.com\/de\/maschine\/hf-100\/#primaryimage\",\"url\":\"https:\/\/www.brighigroup.com\/wp-content\/uploads\/2021\/11\/HF-100.jpg\",\"contentUrl\":\"https:\/\/www.brighigroup.com\/wp-content\/uploads\/2021\/11\/HF-100.jpg\",\"width\":1920,\"height\":1280},{\"@type\":\"BreadcrumbList\",\"@id\":\"https:\/\/www.brighigroup.com\/de\/maschine\/hf-100\/#breadcrumb\",\"itemListElement\":[{\"@type\":\"ListItem\",\"position\":1,\"name\":\"Home\",\"item\":\"https:\/\/www.brighigroup.com\/de\/home-2\/\"},{\"@type\":\"ListItem\",\"position\":2,\"name\":\"Maschinen\",\"item\":\"https:\/\/www.brighigroup.com\/de\/maschinen\/\"},{\"@type\":\"ListItem\",\"position\":3,\"name\":\"HF-100\"}]},{\"@type\":\"WebSite\",\"@id\":\"https:\/\/www.brighigroup.com\/de\/#website\",\"url\":\"https:\/\/www.brighigroup.com\/de\/\",\"name\":\"Brighi Group\",\"description\":\"Home textile e di prodotti imbottiti per il design d&#039;arredo tramandando l&#039;innovazione come cultura d&#039;impresa.\",\"potentialAction\":[{\"@type\":\"SearchAction\",\"target\":{\"@type\":\"EntryPoint\",\"urlTemplate\":\"https:\/\/www.brighigroup.com\/de\/?s={search_term_string}\"},\"query-input\":{\"@type\":\"PropertyValueSpecification\",\"valueRequired\":true,\"valueName\":\"search_term_string\"}}],\"inLanguage\":\"de\"}]}<\/script>\n<!-- \/ Yoast SEO plugin. -->","yoast_head_json":{"title":"HALBAUTOMATISCHE VERPACKUNGSMASCHINE F\u00dcR BEUTEL UND BEUTELS\u00c4CKE HF-100 - Brighi Group","description":"Halbautomatische Verpackungsmaschine f\u00fcr Einlagen und Beutel mit Kopfkissen, Polstern, Steppdecken, Kleidung, Tischdecken, Handt\u00fcchern, Kuscheltieren, Betten und Hundeh\u00fctten","robots":{"index":"index","follow":"follow","max-snippet":"max-snippet:-1","max-image-preview":"max-image-preview:large","max-video-preview":"max-video-preview:-1"},"canonical":"https:\/\/www.brighigroup.com\/de\/maschine\/hf-100\/","og_locale":"de_DE","og_type":"article","og_title":"HALBAUTOMATISCHE VERPACKUNGSMASCHINE F\u00dcR BEUTEL UND BEUTELS\u00c4CKE HF-100 - Brighi Group","og_description":"Halbautomatische Verpackungsmaschine f\u00fcr Einlagen und Beutel mit Kopfkissen, Polstern, Steppdecken, Kleidung, Tischdecken, Handt\u00fcchern, Kuscheltieren, Betten und Hundeh\u00fctten","og_url":"https:\/\/www.brighigroup.com\/de\/maschine\/hf-100\/","og_site_name":"Brighi Group","article_modified_time":"2025-09-17T10:28:20+00:00","og_image":[{"width":1920,"height":1280,"url":"https:\/\/www.brighigroup.com\/wp-content\/uploads\/2021\/11\/HF-100.jpg","type":"image\/jpeg"}],"twitter_card":"summary_large_image","twitter_misc":{"Gesch\u00e4tzte Lesezeit":"2\u00a0Minuten"},"schema":{"@context":"https:\/\/schema.org","@graph":[{"@type":"WebPage","@id":"https:\/\/www.brighigroup.com\/de\/maschine\/hf-100\/","url":"https:\/\/www.brighigroup.com\/de\/maschine\/hf-100\/","name":"HALBAUTOMATISCHE VERPACKUNGSMASCHINE F\u00dcR BEUTEL UND BEUTELS\u00c4CKE HF-100 - Brighi Group","isPartOf":{"@id":"https:\/\/www.brighigroup.com\/de\/#website"},"primaryImageOfPage":{"@id":"https:\/\/www.brighigroup.com\/de\/maschine\/hf-100\/#primaryimage"},"image":{"@id":"https:\/\/www.brighigroup.com\/de\/maschine\/hf-100\/#primaryimage"},"thumbnailUrl":"https:\/\/www.brighigroup.com\/wp-content\/uploads\/2021\/11\/HF-100.jpg","datePublished":"2021-11-30T09:41:42+00:00","dateModified":"2025-09-17T10:28:20+00:00","description":"Halbautomatische Verpackungsmaschine f\u00fcr Einlagen und Beutel mit Kopfkissen, Polstern, Steppdecken, Kleidung, Tischdecken, Handt\u00fcchern, Kuscheltieren, Betten und Hundeh\u00fctten","breadcrumb":{"@id":"https:\/\/www.brighigroup.com\/de\/maschine\/hf-100\/#breadcrumb"},"inLanguage":"de","potentialAction":[{"@type":"ReadAction","target":["https:\/\/www.brighigroup.com\/de\/maschine\/hf-100\/"]}]},{"@type":"ImageObject","inLanguage":"de","@id":"https:\/\/www.brighigroup.com\/de\/maschine\/hf-100\/#primaryimage","url":"https:\/\/www.brighigroup.com\/wp-content\/uploads\/2021\/11\/HF-100.jpg","contentUrl":"https:\/\/www.brighigroup.com\/wp-content\/uploads\/2021\/11\/HF-100.jpg","width":1920,"height":1280},{"@type":"BreadcrumbList","@id":"https:\/\/www.brighigroup.com\/de\/maschine\/hf-100\/#breadcrumb","itemListElement":[{"@type":"ListItem","position":1,"name":"Home","item":"https:\/\/www.brighigroup.com\/de\/home-2\/"},{"@type":"ListItem","position":2,"name":"Maschinen","item":"https:\/\/www.brighigroup.com\/de\/maschinen\/"},{"@type":"ListItem","position":3,"name":"HF-100"}]},{"@type":"WebSite","@id":"https:\/\/www.brighigroup.com\/de\/#website","url":"https:\/\/www.brighigroup.com\/de\/","name":"Brighi Group","description":"Home textile e di prodotti imbottiti per il design d&#039;arredo tramandando l&#039;innovazione come cultura d&#039;impresa.","potentialAction":[{"@type":"SearchAction","target":{"@type":"EntryPoint","urlTemplate":"https:\/\/www.brighigroup.com\/de\/?s={search_term_string}"},"query-input":{"@type":"PropertyValueSpecification","valueRequired":true,"valueName":"search_term_string"}}],"inLanguage":"de"}]}},"_links":{"self":[{"href":"https:\/\/www.brighigroup.com\/de\/wp-json\/wp\/v2\/product\/4925","targetHints":{"allow":["GET"]}}],"collection":[{"href":"https:\/\/www.brighigroup.com\/de\/wp-json\/wp\/v2\/product"}],"about":[{"href":"https:\/\/www.brighigroup.com\/de\/wp-json\/wp\/v2\/types\/product"}],"wp:featuredmedia":[{"embeddable":true,"href":"https:\/\/www.brighigroup.com\/de\/wp-json\/wp\/v2\/media\/4487"}],"wp:attachment":[{"href":"https:\/\/www.brighigroup.com\/de\/wp-json\/wp\/v2\/media?parent=4925"}],"wp:term":[{"taxonomy":"product_cat","embeddable":true,"href":"https:\/\/www.brighigroup.com\/de\/wp-json\/wp\/v2\/product_cat?post=4925"},{"taxonomy":"product_tag","embeddable":true,"href":"https:\/\/www.brighigroup.com\/de\/wp-json\/wp\/v2\/product_tag?post=4925"}],"curies":[{"name":"wp","href":"https:\/\/api.w.org\/{rel}","templated":true}]}}