{"id":4919,"date":"2022-02-01T10:00:29","date_gmt":"2021-11-30T09:39:29","guid":{"rendered":"https:\/\/www.brighigroup.com\/macchina\/ep-500-easy-pillow\/"},"modified":"2022-09-28T12:45:08","modified_gmt":"2022-09-28T10:45:08","slug":"ep-500-easy-pillow","status":"publish","type":"product","link":"https:\/\/www.brighigroup.com\/de\/maschine\/ep-500-easy-pillow\/","title":{"rendered":"EP-500 EASY PILLOW"},"content":{"rendered":"<h2><strong>EASY PILLOW AUTOMATISCHES KISSENF\u00dcLL-, N\u00c4H- UND ETIKETTIERSYSTEM<\/strong><\/h2>\n<p>Die EP-500 Easy Pillow ist eine vollautomatische Maschine zum <strong>F\u00fcllen, N\u00e4hen und Etikettieren von kardierten Faserkissen<\/strong>. Der Prozess beginnt mit dem Zuf\u00fchren der aufgewickelten kardierten Faser von der <a href=\"https:\/\/www.brighigroup.com\/de\/maschine\/rm-100\/\">RM-100<\/a>-Maschine. Der Roboter nimmt den Kissenbezug aus der Kassette oder dem Band, \u00f6ffnet ihn mit seinen Fingern und legt ihn auf die F\u00fcllb\u00e4nder.<\/p>\n<p>Anschlie\u00dfend f\u00e4hrt der gesamte Schlitten mit den Gabeln in den N\u00e4hbereich, wo die Polsterung zwischen den Transferb\u00e4ndern gel\u00f6st wird. Das Kissen kommt an der N\u00e4hstation an, wo es <strong>gen\u00e4ht und etikettiert<\/strong> und dann f\u00fcr die n\u00e4chsten Schritte entladen wird. Die Maschinenparameter werden einfach \u00fcber den Touchscreen mit einer intuitiven Software eingestellt. Die Basismaschine ist mit einer Taglicuci-N\u00e4hstation ausgestattet; F\u00fcr die kontinuierliche Produktion ist es m\u00f6glich, eine zweite N\u00e4hstation zu verwenden, die als Unterst\u00fctzung zum Laden der Materialien (Etikettenrollen oder Faden) dient, wenn die Maschine stoppt: <strong>Die N\u00e4hstation arbeitet autonom<\/strong> und wechselt sich automatisch aus.<\/p>\n<p>&nbsp;<\/p>\n<p><iframe title=\"Fully Automatic Line for Carded Pillows\" width=\"800\" height=\"450\" src=\"https:\/\/www.youtube-nocookie.com\/embed\/xxrClJeTOmo?feature=oembed\" frameborder=\"0\" allow=\"accelerometer; autoplay; clipboard-write; encrypted-media; gyroscope; picture-in-picture\" allowfullscreen><\/iframe><\/p>\n<p><strong>WAS SIE BEF\u00dcLLEN K\u00d6NNEN<\/strong><\/p>\n<p>Kissen, Kopfkissen<\/p>\n<p><strong>F\u00dcLLMATERIALIEN, DIE SIE VERWENDEN K\u00d6NNEN<\/strong><\/p>\n<p>Aufgerollte Schicht aus kardierten Fasern<\/p>\n<p><strong>HAUPTEIGENSCHAFTEN<\/strong><\/p>\n<ul>\n<li><strong>Erste patentierte vollautomatische Maschine zum F\u00fcllen und N\u00e4hen<\/strong> von Kissen, angefangen bei der Zuf\u00fchrung der aufgerollten Lage bis hin zum fertigen Kissen mit Etikett. In Kombination mit Verpackungsmaschinen kann der komplette Verpackungsprozess von der Karte bis zum verpackten und verpackten Produkt realisiert werden.<\/li>\n<li><strong>Geringere Arbeitskosten und schnelle Amortisation<\/strong>: kein Bediener, sondern eine Aufsichtsperson, die bei Bedarf die Funktionalit\u00e4t \u00fcberpr\u00fcft;<\/li>\n<li><strong>M\u00f6glichkeit der Planung einer<\/strong> <strong>auftragsbezogenen Produktion <\/strong>zur Vermeidung von Lagerkosten<\/li>\n<li><strong>Vereinfachte Verwaltung: <\/strong>Bedienfeld f\u00fcr die Verwaltung aller Parameter und mechanischen Einstellungen auf automatische Weise, mit der Eingabe und Verwaltung von Rezepten mit den Eigenschaften des Produkts.<\/li>\n<li><strong>Flexibilit\u00e4t:<\/strong> breite Palette von Materialien und Auskleidungen, die von der Maschine verarbeitet werden k\u00f6nnen, ohne dass mechanische Einstellungen erforderlich sind.<\/li>\n<li><strong>Upgrade auf die XL-Version<\/strong> f\u00fcr eine erweiterte Produktpalette (bis zu einer L\u00e4nge von 140 cm \/ 55 Zoll).<\/li>\n<li id=\"gtx-trans\" style=\"position: absolute; left: -14px; top: -4.08594px;\">\n<div class=\"gtx-trans-icon\"><\/div>\n<\/li>\n<\/ul>\n","protected":false},"excerpt":{"rendered":"<h6><strong>EASY PILLOW AUTOMATISCHES KISSENF\u00dcLL-, N\u00c4H- UND ETIKETTIERSYSTEM<\/strong><\/h6>\n","protected":false},"featured_media":4488,"template":"","meta":{"_acf_changed":false},"product_cat":[111,112,109],"product_tag":[301],"class_list":{"0":"post-4919","1":"product","2":"type-product","3":"status-publish","4":"has-post-thumbnail","6":"product_cat-bezuge-fullung","7":"product_cat-kardierte-kissenlinie","8":"product_cat-nahsysteme","9":"product_tag-kopfkissen-und-kissen-aus-kardierter-faser","11":"first","12":"instock","13":"shipping-taxable","14":"product-type-simple"},"acf":[],"yoast_head":"<!-- This site is optimized with the Yoast SEO plugin v24.2 - https:\/\/yoast.com\/wordpress\/plugins\/seo\/ -->\n<title>AUTOMATISCHES KISSENF\u00dcLL-, N\u00c4H- UND ETIKETTIERSYSTEM EP-500 EASY PILLOW - Brighi Group<\/title>\n<meta name=\"description\" content=\"Die vollautomatische Maschine zum F\u00fcllen, N\u00e4hen und Etikettieren von Polstern und Kopfkissen in gerolltem Karton.\" \/>\n<meta name=\"robots\" content=\"index, follow, max-snippet:-1, max-image-preview:large, max-video-preview:-1\" \/>\n<link rel=\"canonical\" href=\"https:\/\/www.brighigroup.com\/de\/maschine\/ep-500-easy-pillow\/\" \/>\n<meta property=\"og:locale\" content=\"de_DE\" \/>\n<meta property=\"og:type\" content=\"article\" \/>\n<meta property=\"og:title\" content=\"AUTOMATISCHES KISSENF\u00dcLL-, N\u00c4H- UND ETIKETTIERSYSTEM EP-500 EASY PILLOW - Brighi Group\" \/>\n<meta property=\"og:description\" content=\"Die vollautomatische Maschine zum F\u00fcllen, N\u00e4hen und Etikettieren von Polstern und Kopfkissen in gerolltem Karton.\" \/>\n<meta property=\"og:url\" content=\"https:\/\/www.brighigroup.com\/de\/maschine\/ep-500-easy-pillow\/\" \/>\n<meta property=\"og:site_name\" content=\"Brighi Group\" \/>\n<meta property=\"article:modified_time\" content=\"2022-09-28T10:45:08+00:00\" \/>\n<meta property=\"og:image\" content=\"https:\/\/www.brighigroup.com\/wp-content\/uploads\/2021\/11\/EP-500-EASY-PILLOW.jpg\" \/>\n\t<meta property=\"og:image:width\" content=\"1920\" \/>\n\t<meta property=\"og:image:height\" content=\"1280\" \/>\n\t<meta property=\"og:image:type\" content=\"image\/jpeg\" \/>\n<meta name=\"twitter:card\" content=\"summary_large_image\" \/>\n<meta name=\"twitter:label1\" content=\"Gesch\u00e4tzte Lesezeit\" \/>\n\t<meta name=\"twitter:data1\" content=\"2\u00a0Minuten\" \/>\n<script type=\"application\/ld+json\" class=\"yoast-schema-graph\">{\"@context\":\"https:\/\/schema.org\",\"@graph\":[{\"@type\":\"WebPage\",\"@id\":\"https:\/\/www.brighigroup.com\/de\/maschine\/ep-500-easy-pillow\/\",\"url\":\"https:\/\/www.brighigroup.com\/de\/maschine\/ep-500-easy-pillow\/\",\"name\":\"AUTOMATISCHES KISSENF\u00dcLL-, N\u00c4H- UND ETIKETTIERSYSTEM EP-500 EASY PILLOW - Brighi Group\",\"isPartOf\":{\"@id\":\"https:\/\/www.brighigroup.com\/de\/#website\"},\"primaryImageOfPage\":{\"@id\":\"https:\/\/www.brighigroup.com\/de\/maschine\/ep-500-easy-pillow\/#primaryimage\"},\"image\":{\"@id\":\"https:\/\/www.brighigroup.com\/de\/maschine\/ep-500-easy-pillow\/#primaryimage\"},\"thumbnailUrl\":\"https:\/\/www.brighigroup.com\/wp-content\/uploads\/2021\/11\/EP-500-EASY-PILLOW.jpg\",\"datePublished\":\"2021-11-30T09:39:29+00:00\",\"dateModified\":\"2022-09-28T10:45:08+00:00\",\"description\":\"Die vollautomatische Maschine zum F\u00fcllen, N\u00e4hen und Etikettieren von Polstern und Kopfkissen in gerolltem Karton.\",\"breadcrumb\":{\"@id\":\"https:\/\/www.brighigroup.com\/de\/maschine\/ep-500-easy-pillow\/#breadcrumb\"},\"inLanguage\":\"de\",\"potentialAction\":[{\"@type\":\"ReadAction\",\"target\":[\"https:\/\/www.brighigroup.com\/de\/maschine\/ep-500-easy-pillow\/\"]}]},{\"@type\":\"ImageObject\",\"inLanguage\":\"de\",\"@id\":\"https:\/\/www.brighigroup.com\/de\/maschine\/ep-500-easy-pillow\/#primaryimage\",\"url\":\"https:\/\/www.brighigroup.com\/wp-content\/uploads\/2021\/11\/EP-500-EASY-PILLOW.jpg\",\"contentUrl\":\"https:\/\/www.brighigroup.com\/wp-content\/uploads\/2021\/11\/EP-500-EASY-PILLOW.jpg\",\"width\":1920,\"height\":1280},{\"@type\":\"BreadcrumbList\",\"@id\":\"https:\/\/www.brighigroup.com\/de\/maschine\/ep-500-easy-pillow\/#breadcrumb\",\"itemListElement\":[{\"@type\":\"ListItem\",\"position\":1,\"name\":\"Home\",\"item\":\"https:\/\/www.brighigroup.com\/de\/home-2\/\"},{\"@type\":\"ListItem\",\"position\":2,\"name\":\"Maschinen\",\"item\":\"https:\/\/www.brighigroup.com\/de\/maschinen\/\"},{\"@type\":\"ListItem\",\"position\":3,\"name\":\"EP-500 EASY PILLOW\"}]},{\"@type\":\"WebSite\",\"@id\":\"https:\/\/www.brighigroup.com\/de\/#website\",\"url\":\"https:\/\/www.brighigroup.com\/de\/\",\"name\":\"Brighi Group\",\"description\":\"Home textile e di prodotti imbottiti per il design d&#039;arredo tramandando l&#039;innovazione come cultura d&#039;impresa.\",\"potentialAction\":[{\"@type\":\"SearchAction\",\"target\":{\"@type\":\"EntryPoint\",\"urlTemplate\":\"https:\/\/www.brighigroup.com\/de\/?s={search_term_string}\"},\"query-input\":{\"@type\":\"PropertyValueSpecification\",\"valueRequired\":true,\"valueName\":\"search_term_string\"}}],\"inLanguage\":\"de\"}]}<\/script>\n<!-- \/ Yoast SEO plugin. -->","yoast_head_json":{"title":"AUTOMATISCHES KISSENF\u00dcLL-, N\u00c4H- UND ETIKETTIERSYSTEM EP-500 EASY PILLOW - Brighi Group","description":"Die vollautomatische Maschine zum F\u00fcllen, N\u00e4hen und Etikettieren von Polstern und Kopfkissen in gerolltem Karton.","robots":{"index":"index","follow":"follow","max-snippet":"max-snippet:-1","max-image-preview":"max-image-preview:large","max-video-preview":"max-video-preview:-1"},"canonical":"https:\/\/www.brighigroup.com\/de\/maschine\/ep-500-easy-pillow\/","og_locale":"de_DE","og_type":"article","og_title":"AUTOMATISCHES KISSENF\u00dcLL-, N\u00c4H- UND ETIKETTIERSYSTEM EP-500 EASY PILLOW - Brighi Group","og_description":"Die vollautomatische Maschine zum F\u00fcllen, N\u00e4hen und Etikettieren von Polstern und Kopfkissen in gerolltem Karton.","og_url":"https:\/\/www.brighigroup.com\/de\/maschine\/ep-500-easy-pillow\/","og_site_name":"Brighi Group","article_modified_time":"2022-09-28T10:45:08+00:00","og_image":[{"width":1920,"height":1280,"url":"https:\/\/www.brighigroup.com\/wp-content\/uploads\/2021\/11\/EP-500-EASY-PILLOW.jpg","type":"image\/jpeg"}],"twitter_card":"summary_large_image","twitter_misc":{"Gesch\u00e4tzte Lesezeit":"2\u00a0Minuten"},"schema":{"@context":"https:\/\/schema.org","@graph":[{"@type":"WebPage","@id":"https:\/\/www.brighigroup.com\/de\/maschine\/ep-500-easy-pillow\/","url":"https:\/\/www.brighigroup.com\/de\/maschine\/ep-500-easy-pillow\/","name":"AUTOMATISCHES KISSENF\u00dcLL-, N\u00c4H- UND ETIKETTIERSYSTEM EP-500 EASY PILLOW - Brighi Group","isPartOf":{"@id":"https:\/\/www.brighigroup.com\/de\/#website"},"primaryImageOfPage":{"@id":"https:\/\/www.brighigroup.com\/de\/maschine\/ep-500-easy-pillow\/#primaryimage"},"image":{"@id":"https:\/\/www.brighigroup.com\/de\/maschine\/ep-500-easy-pillow\/#primaryimage"},"thumbnailUrl":"https:\/\/www.brighigroup.com\/wp-content\/uploads\/2021\/11\/EP-500-EASY-PILLOW.jpg","datePublished":"2021-11-30T09:39:29+00:00","dateModified":"2022-09-28T10:45:08+00:00","description":"Die vollautomatische Maschine zum F\u00fcllen, N\u00e4hen und Etikettieren von Polstern und Kopfkissen in gerolltem Karton.","breadcrumb":{"@id":"https:\/\/www.brighigroup.com\/de\/maschine\/ep-500-easy-pillow\/#breadcrumb"},"inLanguage":"de","potentialAction":[{"@type":"ReadAction","target":["https:\/\/www.brighigroup.com\/de\/maschine\/ep-500-easy-pillow\/"]}]},{"@type":"ImageObject","inLanguage":"de","@id":"https:\/\/www.brighigroup.com\/de\/maschine\/ep-500-easy-pillow\/#primaryimage","url":"https:\/\/www.brighigroup.com\/wp-content\/uploads\/2021\/11\/EP-500-EASY-PILLOW.jpg","contentUrl":"https:\/\/www.brighigroup.com\/wp-content\/uploads\/2021\/11\/EP-500-EASY-PILLOW.jpg","width":1920,"height":1280},{"@type":"BreadcrumbList","@id":"https:\/\/www.brighigroup.com\/de\/maschine\/ep-500-easy-pillow\/#breadcrumb","itemListElement":[{"@type":"ListItem","position":1,"name":"Home","item":"https:\/\/www.brighigroup.com\/de\/home-2\/"},{"@type":"ListItem","position":2,"name":"Maschinen","item":"https:\/\/www.brighigroup.com\/de\/maschinen\/"},{"@type":"ListItem","position":3,"name":"EP-500 EASY PILLOW"}]},{"@type":"WebSite","@id":"https:\/\/www.brighigroup.com\/de\/#website","url":"https:\/\/www.brighigroup.com\/de\/","name":"Brighi Group","description":"Home textile e di prodotti imbottiti per il design d&#039;arredo tramandando l&#039;innovazione come cultura d&#039;impresa.","potentialAction":[{"@type":"SearchAction","target":{"@type":"EntryPoint","urlTemplate":"https:\/\/www.brighigroup.com\/de\/?s={search_term_string}"},"query-input":{"@type":"PropertyValueSpecification","valueRequired":true,"valueName":"search_term_string"}}],"inLanguage":"de"}]}},"_links":{"self":[{"href":"https:\/\/www.brighigroup.com\/de\/wp-json\/wp\/v2\/product\/4919","targetHints":{"allow":["GET"]}}],"collection":[{"href":"https:\/\/www.brighigroup.com\/de\/wp-json\/wp\/v2\/product"}],"about":[{"href":"https:\/\/www.brighigroup.com\/de\/wp-json\/wp\/v2\/types\/product"}],"wp:featuredmedia":[{"embeddable":true,"href":"https:\/\/www.brighigroup.com\/de\/wp-json\/wp\/v2\/media\/4488"}],"wp:attachment":[{"href":"https:\/\/www.brighigroup.com\/de\/wp-json\/wp\/v2\/media?parent=4919"}],"wp:term":[{"taxonomy":"product_cat","embeddable":true,"href":"https:\/\/www.brighigroup.com\/de\/wp-json\/wp\/v2\/product_cat?post=4919"},{"taxonomy":"product_tag","embeddable":true,"href":"https:\/\/www.brighigroup.com\/de\/wp-json\/wp\/v2\/product_tag?post=4919"}],"curies":[{"name":"wp","href":"https:\/\/api.w.org\/{rel}","templated":true}]}}