{"id":4917,"date":"2020-11-01T16:00:23","date_gmt":"2021-12-02T15:47:23","guid":{"rendered":"https:\/\/www.brighigroup.com\/macchina\/fm-100d\/"},"modified":"2024-07-02T17:32:30","modified_gmt":"2024-07-02T15:32:30","slug":"fm-100","status":"publish","type":"product","link":"https:\/\/www.brighigroup.com\/de\/maschine\/fm-100\/","title":{"rendered":"FM-100"},"content":{"rendered":"<h2><strong>MANUELLE BEF\u00dcLLMASCHINE<\/strong><\/h2>\n<p>Die <strong>manuelle Bef\u00fcllmaschine<\/strong> Mod. FM-100 besteht aus einem <strong>einfachen Gebl\u00e4se<\/strong>, das sich zum F\u00fcllen von Kissen eignet und dessen Schaufelprofil so gestaltet ist, dass das F\u00fcllmaterial nicht besch\u00e4digt wird. Die Maschine <strong>wird \u00fcber ein Pedal bedient<\/strong>, das den Produktfluss aktiviert und stoppt. Er ist in Rechts- und Linksausf\u00fchrung erh\u00e4ltlich, und es gibt auch verschiedene Arten von F\u00fcllrohren.<\/p>\n<p>&nbsp;<\/p>\n<p><iframe title=\"Manual Filler mod. FM-100\" width=\"800\" height=\"450\" src=\"https:\/\/www.youtube-nocookie.com\/embed\/qjlY0yAJ3IA?feature=oembed\" frameborder=\"0\" allow=\"accelerometer; autoplay; clipboard-write; encrypted-media; gyroscope; picture-in-picture\" allowfullscreen><\/iframe><\/p>\n<p>&nbsp;<\/p>\n<p><strong>WAS SIE BEF\u00dcLLEN K\u00d6NNEN<\/strong><\/p>\n<p>Kissen, Kopfkissen, Mehrkammerkissen, Taschen, Pl\u00fcsch, Tierbetten<\/p>\n<p><strong>F\u00dcLLMATERIALIEN, DIE SIE VERWENDEN K\u00d6NNEN<\/strong><\/p>\n<p>Polyesterfasern und Mikrofasern (neu und recycelt), Federn und Daunen, Polyurethan-Spanplatten, Wolle und andere nat\u00fcrliche Materialien, Mischungen mit allen oben genannten Materialien.<\/p>\n<p><strong>HAUPTEIGENSCHAFTEN<\/strong><\/p>\n<ul>\n<li><strong>Flexibilit\u00e4t<\/strong>: Die Maschine kann eine breite Palette von Materialien und Auskleidungen bef\u00fcllen, ohne dass mechanische Einstellungen erforderlich sind. Dank der patentierten echten Luftauslassrohre k\u00f6nnen auch nicht atmungsaktive Bez\u00fcge verwendet werden.<\/li>\n<li><strong>Alle F\u00fcllmaterialien<\/strong>: keine Beschr\u00e4nkungen f\u00fcr F\u00fcllmaterialien.<\/li>\n<li><strong>Option W\u00e4ge-Tisch und Display<\/strong>: Arbeitstisch mit W\u00e4gezelle, um das Kissen nach dem Bef\u00fcllen zu wiegen und bei Bedarf zu korrigieren.<\/li>\n<li><strong>Option Schraubstock Stoffklemme<\/strong>: Der Bediener kann w\u00e4hrend der Bef\u00fcllung andere Aufgaben erledigen<\/li>\n<li id=\"gtx-trans\" style=\"position: absolute; left: 2px; top: -4.08594px;\">\n<div class=\"gtx-trans-icon\"><\/div>\n<\/li>\n<\/ul>\n","protected":false},"excerpt":{"rendered":"<h6>MANUELLE BEF\u00dcLLMASCHINE<\/h6>\n","protected":false},"featured_media":4512,"template":"","meta":{"_acf_changed":false},"product_cat":[117,84,86,89,114,87,88],"product_tag":[306],"class_list":{"0":"post-4917","1":"product","2":"type-product","3":"status-publish","4":"has-post-thumbnail","6":"product_cat-abfullung","7":"product_cat-geblase-kissenlinie","8":"product_cat-linie-der-zierkissen-mit-reissverschluss-und-outdoor-kissen","9":"product_cat-llinie-fuellung-tierebetten-plueschtieren-gepolsterten-gegenstaenden","10":"product_cat-polyurethan-produktionslinie-fur-matratzen-kissen-und-sofas","11":"product_cat-produktionslinie-fuer-sofas-und-polsterungen","12":"product_cat-rohstoffaufbereitungs-und-schrottrecyclinganlage","13":"product_tag-geblasene-kissen-und-polster","15":"first","16":"instock","17":"shipping-taxable","18":"product-type-simple"},"acf":[],"yoast_head":"<!-- This site is optimized with the Yoast SEO plugin v24.2 - https:\/\/yoast.com\/wordpress\/plugins\/seo\/ -->\n<title>MANUELLE BEF\u00dcLLMASCHINE FM-100 - Brighi Group<\/title>\n<meta name=\"description\" content=\"Der manuelle F\u00fcller-Mod. FM-100 besteht aus einem einfachen Gebl\u00e4se, das zum F\u00fcllen von Kissen, Pl\u00fcsch, Tierbetten geeignet ist.\" \/>\n<meta name=\"robots\" content=\"index, follow, max-snippet:-1, max-image-preview:large, max-video-preview:-1\" \/>\n<link rel=\"canonical\" href=\"https:\/\/www.brighigroup.com\/de\/maschine\/fm-100\/\" \/>\n<meta property=\"og:locale\" content=\"de_DE\" \/>\n<meta property=\"og:type\" content=\"article\" \/>\n<meta property=\"og:title\" content=\"MANUELLE BEF\u00dcLLMASCHINE FM-100 - Brighi Group\" \/>\n<meta property=\"og:description\" content=\"Der manuelle F\u00fcller-Mod. FM-100 besteht aus einem einfachen Gebl\u00e4se, das zum F\u00fcllen von Kissen, Pl\u00fcsch, Tierbetten geeignet ist.\" \/>\n<meta property=\"og:url\" content=\"https:\/\/www.brighigroup.com\/de\/maschine\/fm-100\/\" \/>\n<meta property=\"og:site_name\" content=\"Brighi Group\" \/>\n<meta property=\"article:modified_time\" content=\"2024-07-02T15:32:30+00:00\" \/>\n<meta property=\"og:image\" content=\"https:\/\/www.brighigroup.com\/wp-content\/uploads\/2021\/12\/FM-100D.jpg\" \/>\n\t<meta property=\"og:image:width\" content=\"1920\" \/>\n\t<meta property=\"og:image:height\" content=\"1280\" \/>\n\t<meta property=\"og:image:type\" content=\"image\/jpeg\" \/>\n<meta name=\"twitter:card\" content=\"summary_large_image\" \/>\n<meta name=\"twitter:label1\" content=\"Gesch\u00e4tzte Lesezeit\" \/>\n\t<meta name=\"twitter:data1\" content=\"1\u00a0Minute\" \/>\n<script type=\"application\/ld+json\" class=\"yoast-schema-graph\">{\"@context\":\"https:\/\/schema.org\",\"@graph\":[{\"@type\":\"WebPage\",\"@id\":\"https:\/\/www.brighigroup.com\/de\/maschine\/fm-100\/\",\"url\":\"https:\/\/www.brighigroup.com\/de\/maschine\/fm-100\/\",\"name\":\"MANUELLE BEF\u00dcLLMASCHINE FM-100 - Brighi Group\",\"isPartOf\":{\"@id\":\"https:\/\/www.brighigroup.com\/de\/#website\"},\"primaryImageOfPage\":{\"@id\":\"https:\/\/www.brighigroup.com\/de\/maschine\/fm-100\/#primaryimage\"},\"image\":{\"@id\":\"https:\/\/www.brighigroup.com\/de\/maschine\/fm-100\/#primaryimage\"},\"thumbnailUrl\":\"https:\/\/www.brighigroup.com\/wp-content\/uploads\/2021\/12\/FM-100D.jpg\",\"datePublished\":\"2021-12-02T15:47:23+00:00\",\"dateModified\":\"2024-07-02T15:32:30+00:00\",\"description\":\"Der manuelle F\u00fcller-Mod. FM-100 besteht aus einem einfachen Gebl\u00e4se, das zum F\u00fcllen von Kissen, Pl\u00fcsch, Tierbetten geeignet ist.\",\"breadcrumb\":{\"@id\":\"https:\/\/www.brighigroup.com\/de\/maschine\/fm-100\/#breadcrumb\"},\"inLanguage\":\"de\",\"potentialAction\":[{\"@type\":\"ReadAction\",\"target\":[\"https:\/\/www.brighigroup.com\/de\/maschine\/fm-100\/\"]}]},{\"@type\":\"ImageObject\",\"inLanguage\":\"de\",\"@id\":\"https:\/\/www.brighigroup.com\/de\/maschine\/fm-100\/#primaryimage\",\"url\":\"https:\/\/www.brighigroup.com\/wp-content\/uploads\/2021\/12\/FM-100D.jpg\",\"contentUrl\":\"https:\/\/www.brighigroup.com\/wp-content\/uploads\/2021\/12\/FM-100D.jpg\",\"width\":1920,\"height\":1280},{\"@type\":\"BreadcrumbList\",\"@id\":\"https:\/\/www.brighigroup.com\/de\/maschine\/fm-100\/#breadcrumb\",\"itemListElement\":[{\"@type\":\"ListItem\",\"position\":1,\"name\":\"Home\",\"item\":\"https:\/\/www.brighigroup.com\/de\/home-2\/\"},{\"@type\":\"ListItem\",\"position\":2,\"name\":\"Maschinen\",\"item\":\"https:\/\/www.brighigroup.com\/de\/maschinen\/\"},{\"@type\":\"ListItem\",\"position\":3,\"name\":\"FM-100\"}]},{\"@type\":\"WebSite\",\"@id\":\"https:\/\/www.brighigroup.com\/de\/#website\",\"url\":\"https:\/\/www.brighigroup.com\/de\/\",\"name\":\"Brighi Group\",\"description\":\"Home textile e di prodotti imbottiti per il design d&#039;arredo tramandando l&#039;innovazione come cultura d&#039;impresa.\",\"potentialAction\":[{\"@type\":\"SearchAction\",\"target\":{\"@type\":\"EntryPoint\",\"urlTemplate\":\"https:\/\/www.brighigroup.com\/de\/?s={search_term_string}\"},\"query-input\":{\"@type\":\"PropertyValueSpecification\",\"valueRequired\":true,\"valueName\":\"search_term_string\"}}],\"inLanguage\":\"de\"}]}<\/script>\n<!-- \/ Yoast SEO plugin. -->","yoast_head_json":{"title":"MANUELLE BEF\u00dcLLMASCHINE FM-100 - Brighi Group","description":"Der manuelle F\u00fcller-Mod. FM-100 besteht aus einem einfachen Gebl\u00e4se, das zum F\u00fcllen von Kissen, Pl\u00fcsch, Tierbetten geeignet ist.","robots":{"index":"index","follow":"follow","max-snippet":"max-snippet:-1","max-image-preview":"max-image-preview:large","max-video-preview":"max-video-preview:-1"},"canonical":"https:\/\/www.brighigroup.com\/de\/maschine\/fm-100\/","og_locale":"de_DE","og_type":"article","og_title":"MANUELLE BEF\u00dcLLMASCHINE FM-100 - Brighi Group","og_description":"Der manuelle F\u00fcller-Mod. FM-100 besteht aus einem einfachen Gebl\u00e4se, das zum F\u00fcllen von Kissen, Pl\u00fcsch, Tierbetten geeignet ist.","og_url":"https:\/\/www.brighigroup.com\/de\/maschine\/fm-100\/","og_site_name":"Brighi Group","article_modified_time":"2024-07-02T15:32:30+00:00","og_image":[{"width":1920,"height":1280,"url":"https:\/\/www.brighigroup.com\/wp-content\/uploads\/2021\/12\/FM-100D.jpg","type":"image\/jpeg"}],"twitter_card":"summary_large_image","twitter_misc":{"Gesch\u00e4tzte Lesezeit":"1\u00a0Minute"},"schema":{"@context":"https:\/\/schema.org","@graph":[{"@type":"WebPage","@id":"https:\/\/www.brighigroup.com\/de\/maschine\/fm-100\/","url":"https:\/\/www.brighigroup.com\/de\/maschine\/fm-100\/","name":"MANUELLE BEF\u00dcLLMASCHINE FM-100 - Brighi Group","isPartOf":{"@id":"https:\/\/www.brighigroup.com\/de\/#website"},"primaryImageOfPage":{"@id":"https:\/\/www.brighigroup.com\/de\/maschine\/fm-100\/#primaryimage"},"image":{"@id":"https:\/\/www.brighigroup.com\/de\/maschine\/fm-100\/#primaryimage"},"thumbnailUrl":"https:\/\/www.brighigroup.com\/wp-content\/uploads\/2021\/12\/FM-100D.jpg","datePublished":"2021-12-02T15:47:23+00:00","dateModified":"2024-07-02T15:32:30+00:00","description":"Der manuelle F\u00fcller-Mod. FM-100 besteht aus einem einfachen Gebl\u00e4se, das zum F\u00fcllen von Kissen, Pl\u00fcsch, Tierbetten geeignet ist.","breadcrumb":{"@id":"https:\/\/www.brighigroup.com\/de\/maschine\/fm-100\/#breadcrumb"},"inLanguage":"de","potentialAction":[{"@type":"ReadAction","target":["https:\/\/www.brighigroup.com\/de\/maschine\/fm-100\/"]}]},{"@type":"ImageObject","inLanguage":"de","@id":"https:\/\/www.brighigroup.com\/de\/maschine\/fm-100\/#primaryimage","url":"https:\/\/www.brighigroup.com\/wp-content\/uploads\/2021\/12\/FM-100D.jpg","contentUrl":"https:\/\/www.brighigroup.com\/wp-content\/uploads\/2021\/12\/FM-100D.jpg","width":1920,"height":1280},{"@type":"BreadcrumbList","@id":"https:\/\/www.brighigroup.com\/de\/maschine\/fm-100\/#breadcrumb","itemListElement":[{"@type":"ListItem","position":1,"name":"Home","item":"https:\/\/www.brighigroup.com\/de\/home-2\/"},{"@type":"ListItem","position":2,"name":"Maschinen","item":"https:\/\/www.brighigroup.com\/de\/maschinen\/"},{"@type":"ListItem","position":3,"name":"FM-100"}]},{"@type":"WebSite","@id":"https:\/\/www.brighigroup.com\/de\/#website","url":"https:\/\/www.brighigroup.com\/de\/","name":"Brighi Group","description":"Home textile e di prodotti imbottiti per il design d&#039;arredo tramandando l&#039;innovazione come cultura d&#039;impresa.","potentialAction":[{"@type":"SearchAction","target":{"@type":"EntryPoint","urlTemplate":"https:\/\/www.brighigroup.com\/de\/?s={search_term_string}"},"query-input":{"@type":"PropertyValueSpecification","valueRequired":true,"valueName":"search_term_string"}}],"inLanguage":"de"}]}},"_links":{"self":[{"href":"https:\/\/www.brighigroup.com\/de\/wp-json\/wp\/v2\/product\/4917","targetHints":{"allow":["GET"]}}],"collection":[{"href":"https:\/\/www.brighigroup.com\/de\/wp-json\/wp\/v2\/product"}],"about":[{"href":"https:\/\/www.brighigroup.com\/de\/wp-json\/wp\/v2\/types\/product"}],"wp:featuredmedia":[{"embeddable":true,"href":"https:\/\/www.brighigroup.com\/de\/wp-json\/wp\/v2\/media\/4512"}],"wp:attachment":[{"href":"https:\/\/www.brighigroup.com\/de\/wp-json\/wp\/v2\/media?parent=4917"}],"wp:term":[{"taxonomy":"product_cat","embeddable":true,"href":"https:\/\/www.brighigroup.com\/de\/wp-json\/wp\/v2\/product_cat?post=4917"},{"taxonomy":"product_tag","embeddable":true,"href":"https:\/\/www.brighigroup.com\/de\/wp-json\/wp\/v2\/product_tag?post=4917"}],"curies":[{"name":"wp","href":"https:\/\/api.w.org\/{rel}","templated":true}]}}