{"id":4914,"date":"2022-06-01T10:30:10","date_gmt":"2021-11-30T09:34:10","guid":{"rendered":"https:\/\/www.brighigroup.com\/macchina\/mac-600\/"},"modified":"2024-09-02T14:31:18","modified_gmt":"2024-09-02T12:31:18","slug":"mac-600","status":"publish","type":"product","link":"https:\/\/www.brighigroup.com\/de\/maschine\/mac-600\/","title":{"rendered":"MAC-600"},"content":{"rendered":"<h2>VORW\u00c4GE &#8211; UND F\u00dcLLSYSTEM (6 W\u00c4GEGER\u00c4TEN UND 2 F\u00dcLLEINRICHTUNGEN)<\/h2>\n<p>MAC-600 ist unser <strong>Vorw\u00e4ge- und f\u00fcllsystem mit 6 W\u00e4geger\u00e4ten und 2 F\u00fclleinrichtungen<\/strong>. Es ist f\u00fcr eine hohe Produktion und Genauigkeit geeignet. Es gibt keine Einschr\u00e4nkungen bez\u00fcglich des F\u00fcllmaterials, das Sie verwenden k\u00f6nnen. Das Material wird im Turm gelagert und f\u00e4llt durch Schieber, um einen kontrollierten Fall in die darunter liegenden K\u00f6rbe zu gew\u00e4hrleisten. Dank der W\u00e4gezellen wird <strong>das Gewicht st\u00e4ndig \u00fcberwacht<\/strong> und im Falle von \u00fcbersch\u00fcssigem <strong>Material automatisch angepasst<\/strong>.<\/p>\n<p>Der Bediener kann die Gewichtsgenauigkeit f\u00fcr jedes ausgew\u00e4hlte Produkt einstellen und mit einer einfachen Bedienung von einem Produkt zum anderen wechseln. Die L\u00f6sung mit doppelten F\u00fclleinrichtungen und speziellen Klammern zum Halten des Produkts erm\u00f6glicht es dem Bediener, die Leistung der Maschine erheblich zu steigern. Die Systeme k\u00f6nnen mit Staubabscheidern, Absaugtischen und Recycling-Beh\u00e4ltern ausgestattet werden.<\/p>\n<p>Alle Maschinen sind mit einer innovativen und intuitiven Software ausgestattet, die entwickelt wurde, um die Anforderungen der Kunden mit verschiedenen Materialarten, Mehrkammern und unterschiedlichen Gewichten f\u00fcr jede Kammer zu erf\u00fcllen.<\/p>\n<p>Weitere Konfigurationen finden Sie bei unseren anderen MAC-Maschinen:\u00a0<a href=\"https:\/\/www.brighigroup.com\/de\/maschine\/mac-200\/\">MAC-200<\/a>,\u00a0<a href=\"https:\/\/www.brighigroup.com\/de\/maschine\/mac-300\/\">MAC-300<\/a>,\u00a0<a href=\"https:\/\/www.brighigroup.com\/de\/maschine\/mac-300d\/\">MAC-300D<\/a>,\u00a0<a href=\"https:\/\/www.brighigroup.com\/de\/maschine\/mac-400\/\">MAC-400.<\/a><\/p>\n<p>&nbsp;<\/p>\n<p><iframe title=\"4 Configurations in 1 Equipment - Pre-Weighing and Filling System\" width=\"800\" height=\"450\" src=\"https:\/\/www.youtube-nocookie.com\/embed\/by0w7L0ODKE?feature=oembed\" frameborder=\"0\" allow=\"accelerometer; autoplay; clipboard-write; encrypted-media; gyroscope; picture-in-picture\" allowfullscreen><\/iframe><\/p>\n<p><strong>WAS SIE BEF\u00dcLLEN K\u00d6NNEN<\/strong><\/p>\n<p>Kopfkissen, Kissen, Mehrkammerkissen, K\u00f6rperkissen<\/p>\n<p><strong>F\u00dcLLMATERIALIEN, DIE SIE VERWENDEN K\u00d6NNEN<\/strong><\/p>\n<p>Polyesterfasern und Mikrofasern (neu und recycelt), Federn und Daunen, Polyurethan-Spanplatten, Wolle und andere nat\u00fcrliche Materialien, Mischungen mit allen oben genannten Materialien.<\/p>\n<p><strong>HAUPTEIGENSCHAFTEN<\/strong><\/p>\n<ul>\n<li><strong>Das einzige System<\/strong> auf dem Markt, mit dem eine Vielzahl von nat\u00fcrlichen und synthetischen Sch\u00fcttg\u00fctern mit demselben System mit h\u00f6chster Pr\u00e4zision und Genauigkeit vorverwogen werden kann.<\/li>\n<li><strong>Vereinfachte Verwaltung:<\/strong> Touchscreen-Bedienfeld f\u00fcr die automatische Verwaltung aller Parameter und mechanischen Einstellungen, mit Rezeptureingabe und Verwaltung mit den Eigenschaften des Produkts\/Materials<\/li>\n<li><strong>Flexibilit\u00e4t<\/strong>: breites Spektrum an Materialien und Auskleidungen, die ohne mechanische Anpassungen verarbeitet werden k\u00f6nnen.<\/li>\n<li><strong>Alle F\u00fcllmaterialien<\/strong>: keine Beschr\u00e4nkungen hinsichtlich der Art der Kissenf\u00fcllung.<\/li>\n<li><strong>Entionisierungsst\u00e4be<\/strong> im Einlaufturm zur Beseitigung von Prozess- und W\u00e4geproblemen im Zusammenhang mit elektrostatischen Aufladungen.<\/li>\n<li><strong>Pr\u00e4zise Vorw\u00e4gung <\/strong>und automatische Gewichtskorrektur und R\u00fcckf\u00fchrung von Material bei \u00dcbergewicht.<\/li>\n<li><strong>Unterschiedliche Gewichte in Mehrkammerkissen:<\/strong> Das System ist in der Lage, die verschiedenen Kammern der Polsterelemente mit unterschiedlichen Einzelgewichten in unterschiedlicher Reihenfolge zu f\u00fcllen. Das Gabelrohr, mit dem mehrere Kammern gleichzeitig gef\u00fcllt werden k\u00f6nnen, erh\u00f6ht die Leistung des Bedieners erheblich.<\/li>\n<li><strong>Integriertes Staubsammelsystem<\/strong> mit Filtergewebesocken und Sackhalter mit Einweg-Sammels\u00e4cken.<\/li>\n<li><strong>Die Kissenklammern <\/strong>am F\u00fcller erm\u00f6glichen einen praktisch handfreien Prozess und die Handhabung von zwei F\u00fcllern durch denselben Bediener.<\/li>\n<li><strong>Vakuumtisch <\/strong>mit direktem Recyclingsystem f\u00fcr echte Einsparungen an sonst verlorenem Material und eine sauberere Arbeitsumgebung.<\/li>\n<\/ul>\n","protected":false},"excerpt":{"rendered":"<h6><strong>VORW\u00c4GE- UND ABF\u00dcLLANLAGE<\/strong><\/h6>\n","protected":false},"featured_media":4492,"template":"","meta":{"_acf_changed":false},"product_cat":[117,84,86,89,88],"product_tag":[306],"class_list":{"0":"post-4914","1":"product","2":"type-product","3":"status-publish","4":"has-post-thumbnail","6":"product_cat-abfullung","7":"product_cat-geblase-kissenlinie","8":"product_cat-linie-der-zierkissen-mit-reissverschluss-und-outdoor-kissen","9":"product_cat-llinie-fuellung-tierebetten-plueschtieren-gepolsterten-gegenstaenden","10":"product_cat-rohstoffaufbereitungs-und-schrottrecyclinganlage","11":"product_tag-geblasene-kissen-und-polster","13":"first","14":"instock","15":"shipping-taxable","16":"product-type-simple"},"acf":[],"yoast_head":"<!-- This site is optimized with the Yoast SEO plugin v24.2 - https:\/\/yoast.com\/wordpress\/plugins\/seo\/ -->\n<title>VORW\u00c4GE - UND F\u00dcLLSYSTEM MAC-600 - Brighi Group<\/title>\n<meta name=\"description\" content=\"Vorw\u00e4ge- und f\u00fcllsystem mit 6 W\u00e4geeinheiten und 2 F\u00fclleinrichtungen. Es ist f\u00fcr eine hohe Produktion und Genauigkeit geeignet\" \/>\n<meta name=\"robots\" content=\"index, follow, max-snippet:-1, max-image-preview:large, max-video-preview:-1\" \/>\n<link rel=\"canonical\" href=\"https:\/\/www.brighigroup.com\/de\/maschine\/mac-600\/\" \/>\n<meta property=\"og:locale\" content=\"de_DE\" \/>\n<meta property=\"og:type\" content=\"article\" \/>\n<meta property=\"og:title\" content=\"VORW\u00c4GE - UND F\u00dcLLSYSTEM MAC-600 - Brighi Group\" \/>\n<meta property=\"og:description\" content=\"Vorw\u00e4ge- und f\u00fcllsystem mit 6 W\u00e4geeinheiten und 2 F\u00fclleinrichtungen. Es ist f\u00fcr eine hohe Produktion und Genauigkeit geeignet\" \/>\n<meta property=\"og:url\" content=\"https:\/\/www.brighigroup.com\/de\/maschine\/mac-600\/\" \/>\n<meta property=\"og:site_name\" content=\"Brighi Group\" \/>\n<meta property=\"article:modified_time\" content=\"2024-09-02T12:31:18+00:00\" \/>\n<meta property=\"og:image\" content=\"https:\/\/www.brighigroup.com\/wp-content\/uploads\/2021\/11\/MAC-600.jpg\" \/>\n\t<meta property=\"og:image:width\" content=\"1920\" \/>\n\t<meta property=\"og:image:height\" content=\"1280\" \/>\n\t<meta property=\"og:image:type\" content=\"image\/jpeg\" \/>\n<meta name=\"twitter:card\" content=\"summary_large_image\" \/>\n<meta name=\"twitter:label1\" content=\"Gesch\u00e4tzte Lesezeit\" \/>\n\t<meta name=\"twitter:data1\" content=\"2\u00a0Minuten\" \/>\n<script type=\"application\/ld+json\" class=\"yoast-schema-graph\">{\"@context\":\"https:\/\/schema.org\",\"@graph\":[{\"@type\":\"WebPage\",\"@id\":\"https:\/\/www.brighigroup.com\/de\/maschine\/mac-600\/\",\"url\":\"https:\/\/www.brighigroup.com\/de\/maschine\/mac-600\/\",\"name\":\"VORW\u00c4GE - UND F\u00dcLLSYSTEM MAC-600 - Brighi Group\",\"isPartOf\":{\"@id\":\"https:\/\/www.brighigroup.com\/de\/#website\"},\"primaryImageOfPage\":{\"@id\":\"https:\/\/www.brighigroup.com\/de\/maschine\/mac-600\/#primaryimage\"},\"image\":{\"@id\":\"https:\/\/www.brighigroup.com\/de\/maschine\/mac-600\/#primaryimage\"},\"thumbnailUrl\":\"https:\/\/www.brighigroup.com\/wp-content\/uploads\/2021\/11\/MAC-600.jpg\",\"datePublished\":\"2021-11-30T09:34:10+00:00\",\"dateModified\":\"2024-09-02T12:31:18+00:00\",\"description\":\"Vorw\u00e4ge- und f\u00fcllsystem mit 6 W\u00e4geeinheiten und 2 F\u00fclleinrichtungen. Es ist f\u00fcr eine hohe Produktion und Genauigkeit geeignet\",\"breadcrumb\":{\"@id\":\"https:\/\/www.brighigroup.com\/de\/maschine\/mac-600\/#breadcrumb\"},\"inLanguage\":\"de\",\"potentialAction\":[{\"@type\":\"ReadAction\",\"target\":[\"https:\/\/www.brighigroup.com\/de\/maschine\/mac-600\/\"]}]},{\"@type\":\"ImageObject\",\"inLanguage\":\"de\",\"@id\":\"https:\/\/www.brighigroup.com\/de\/maschine\/mac-600\/#primaryimage\",\"url\":\"https:\/\/www.brighigroup.com\/wp-content\/uploads\/2021\/11\/MAC-600.jpg\",\"contentUrl\":\"https:\/\/www.brighigroup.com\/wp-content\/uploads\/2021\/11\/MAC-600.jpg\",\"width\":1920,\"height\":1280},{\"@type\":\"BreadcrumbList\",\"@id\":\"https:\/\/www.brighigroup.com\/de\/maschine\/mac-600\/#breadcrumb\",\"itemListElement\":[{\"@type\":\"ListItem\",\"position\":1,\"name\":\"Home\",\"item\":\"https:\/\/www.brighigroup.com\/de\/home-2\/\"},{\"@type\":\"ListItem\",\"position\":2,\"name\":\"Maschinen\",\"item\":\"https:\/\/www.brighigroup.com\/de\/maschinen\/\"},{\"@type\":\"ListItem\",\"position\":3,\"name\":\"MAC-600\"}]},{\"@type\":\"WebSite\",\"@id\":\"https:\/\/www.brighigroup.com\/de\/#website\",\"url\":\"https:\/\/www.brighigroup.com\/de\/\",\"name\":\"Brighi Group\",\"description\":\"Home textile e di prodotti imbottiti per il design d&#039;arredo tramandando l&#039;innovazione come cultura d&#039;impresa.\",\"potentialAction\":[{\"@type\":\"SearchAction\",\"target\":{\"@type\":\"EntryPoint\",\"urlTemplate\":\"https:\/\/www.brighigroup.com\/de\/?s={search_term_string}\"},\"query-input\":{\"@type\":\"PropertyValueSpecification\",\"valueRequired\":true,\"valueName\":\"search_term_string\"}}],\"inLanguage\":\"de\"}]}<\/script>\n<!-- \/ Yoast SEO plugin. -->","yoast_head_json":{"title":"VORW\u00c4GE - UND F\u00dcLLSYSTEM MAC-600 - Brighi Group","description":"Vorw\u00e4ge- und f\u00fcllsystem mit 6 W\u00e4geeinheiten und 2 F\u00fclleinrichtungen. Es ist f\u00fcr eine hohe Produktion und Genauigkeit geeignet","robots":{"index":"index","follow":"follow","max-snippet":"max-snippet:-1","max-image-preview":"max-image-preview:large","max-video-preview":"max-video-preview:-1"},"canonical":"https:\/\/www.brighigroup.com\/de\/maschine\/mac-600\/","og_locale":"de_DE","og_type":"article","og_title":"VORW\u00c4GE - UND F\u00dcLLSYSTEM MAC-600 - Brighi Group","og_description":"Vorw\u00e4ge- und f\u00fcllsystem mit 6 W\u00e4geeinheiten und 2 F\u00fclleinrichtungen. Es ist f\u00fcr eine hohe Produktion und Genauigkeit geeignet","og_url":"https:\/\/www.brighigroup.com\/de\/maschine\/mac-600\/","og_site_name":"Brighi Group","article_modified_time":"2024-09-02T12:31:18+00:00","og_image":[{"width":1920,"height":1280,"url":"https:\/\/www.brighigroup.com\/wp-content\/uploads\/2021\/11\/MAC-600.jpg","type":"image\/jpeg"}],"twitter_card":"summary_large_image","twitter_misc":{"Gesch\u00e4tzte Lesezeit":"2\u00a0Minuten"},"schema":{"@context":"https:\/\/schema.org","@graph":[{"@type":"WebPage","@id":"https:\/\/www.brighigroup.com\/de\/maschine\/mac-600\/","url":"https:\/\/www.brighigroup.com\/de\/maschine\/mac-600\/","name":"VORW\u00c4GE - UND F\u00dcLLSYSTEM MAC-600 - Brighi Group","isPartOf":{"@id":"https:\/\/www.brighigroup.com\/de\/#website"},"primaryImageOfPage":{"@id":"https:\/\/www.brighigroup.com\/de\/maschine\/mac-600\/#primaryimage"},"image":{"@id":"https:\/\/www.brighigroup.com\/de\/maschine\/mac-600\/#primaryimage"},"thumbnailUrl":"https:\/\/www.brighigroup.com\/wp-content\/uploads\/2021\/11\/MAC-600.jpg","datePublished":"2021-11-30T09:34:10+00:00","dateModified":"2024-09-02T12:31:18+00:00","description":"Vorw\u00e4ge- und f\u00fcllsystem mit 6 W\u00e4geeinheiten und 2 F\u00fclleinrichtungen. Es ist f\u00fcr eine hohe Produktion und Genauigkeit geeignet","breadcrumb":{"@id":"https:\/\/www.brighigroup.com\/de\/maschine\/mac-600\/#breadcrumb"},"inLanguage":"de","potentialAction":[{"@type":"ReadAction","target":["https:\/\/www.brighigroup.com\/de\/maschine\/mac-600\/"]}]},{"@type":"ImageObject","inLanguage":"de","@id":"https:\/\/www.brighigroup.com\/de\/maschine\/mac-600\/#primaryimage","url":"https:\/\/www.brighigroup.com\/wp-content\/uploads\/2021\/11\/MAC-600.jpg","contentUrl":"https:\/\/www.brighigroup.com\/wp-content\/uploads\/2021\/11\/MAC-600.jpg","width":1920,"height":1280},{"@type":"BreadcrumbList","@id":"https:\/\/www.brighigroup.com\/de\/maschine\/mac-600\/#breadcrumb","itemListElement":[{"@type":"ListItem","position":1,"name":"Home","item":"https:\/\/www.brighigroup.com\/de\/home-2\/"},{"@type":"ListItem","position":2,"name":"Maschinen","item":"https:\/\/www.brighigroup.com\/de\/maschinen\/"},{"@type":"ListItem","position":3,"name":"MAC-600"}]},{"@type":"WebSite","@id":"https:\/\/www.brighigroup.com\/de\/#website","url":"https:\/\/www.brighigroup.com\/de\/","name":"Brighi Group","description":"Home textile e di prodotti imbottiti per il design d&#039;arredo tramandando l&#039;innovazione come cultura d&#039;impresa.","potentialAction":[{"@type":"SearchAction","target":{"@type":"EntryPoint","urlTemplate":"https:\/\/www.brighigroup.com\/de\/?s={search_term_string}"},"query-input":{"@type":"PropertyValueSpecification","valueRequired":true,"valueName":"search_term_string"}}],"inLanguage":"de"}]}},"_links":{"self":[{"href":"https:\/\/www.brighigroup.com\/de\/wp-json\/wp\/v2\/product\/4914","targetHints":{"allow":["GET"]}}],"collection":[{"href":"https:\/\/www.brighigroup.com\/de\/wp-json\/wp\/v2\/product"}],"about":[{"href":"https:\/\/www.brighigroup.com\/de\/wp-json\/wp\/v2\/types\/product"}],"wp:featuredmedia":[{"embeddable":true,"href":"https:\/\/www.brighigroup.com\/de\/wp-json\/wp\/v2\/media\/4492"}],"wp:attachment":[{"href":"https:\/\/www.brighigroup.com\/de\/wp-json\/wp\/v2\/media?parent=4914"}],"wp:term":[{"taxonomy":"product_cat","embeddable":true,"href":"https:\/\/www.brighigroup.com\/de\/wp-json\/wp\/v2\/product_cat?post=4914"},{"taxonomy":"product_tag","embeddable":true,"href":"https:\/\/www.brighigroup.com\/de\/wp-json\/wp\/v2\/product_tag?post=4914"}],"curies":[{"name":"wp","href":"https:\/\/api.w.org\/{rel}","templated":true}]}}