{"id":4912,"date":"2022-07-01T10:30:25","date_gmt":"2021-11-30T09:32:25","guid":{"rendered":"https:\/\/www.brighigroup.com\/macchina\/ebl-500-easy-blow\/"},"modified":"2022-09-29T10:30:46","modified_gmt":"2022-09-29T08:30:46","slug":"ebl-500-easy-blow","status":"publish","type":"product","link":"https:\/\/www.brighigroup.com\/de\/maschine\/ebl-500-easy-blow\/","title":{"rendered":"EBL-500 EASY BLOW"},"content":{"rendered":"<h2><strong>Automatisches Wiegen, Abf\u00fcllen, N\u00e4hen und Etikettieren<\/strong><\/h2>\n<p>Easy Blow ist die <strong>am meisten automatisierte L\u00f6sung f\u00fcr das F\u00fcllen und N\u00e4hen von Kissen<\/strong>. Die Maschine kombiniert die <strong>Technologie des Vorw\u00e4gens<\/strong> mit dem <strong>Fachwissen \u00fcber das Heften<\/strong> zu einem echten <strong>unbemannten Prozess<\/strong>.<\/p>\n<p>Zwei Roboter nehmen gleichzeitig die Kissenh\u00fclle auf und legen sie auf die F\u00fcllrohre, wo sie von einem speziellen Greifsystem gehalten werden, bis der F\u00fcllvorgang abgeschlossen ist. Die <a href=\"https:\/\/www.brighigroup.com\/de\/maschine\/mac-400\/\">MAC-400<\/a> Vorw\u00e4getechnologie gew\u00e4hrleistet die <strong>Gleichm\u00e4\u00dfigkeit und Genauigkeit des F\u00fcllvorgangs<\/strong>. Nach dem Aufblasen werden die beiden Kissen automatisch zu den <strong>N\u00e4hstationen transportiert, wo sie gen\u00e4ht und etikettiert<\/strong> werden, wenn optionale Etikettiermaschinen installiert sind.<\/p>\n<p>Nach der Fertigstellung gelangen die Kissen in den Entladebereich, der mit nachgeschalteten Maschinen wie dem Sch\u00fcttler <a href=\"https:\/\/www.brighigroup.com\/de\/maschine\/sh-100\/\">SH-100<\/a> und anderen <a href=\"https:\/\/www.brighigroup.com\/de\/kategorie\/verpackung\/\">Verpackungsmaschinen<\/a> aus unserem breiten Sortiment verbunden werden kann.<\/p>\n<p>&nbsp;<\/p>\n<p><iframe title=\"Fully Automatic Line for Blown Pillows with EBL-500 EASY BLOW\" width=\"800\" height=\"450\" src=\"https:\/\/www.youtube-nocookie.com\/embed\/5VSJJTakbxw?feature=oembed\" frameborder=\"0\" allow=\"accelerometer; autoplay; clipboard-write; encrypted-media; gyroscope; picture-in-picture\" allowfullscreen><\/iframe><\/p>\n<p>&nbsp;<\/p>\n<p><strong>WAS GEF\u00dcLLT UND GEN\u00c4HT WERDEN KANN<\/strong><\/p>\n<p>Kopfkissen, Kissen<\/p>\n<p><strong>BEZ\u00dcGE, DIE VERWENDET WERDEN K\u00d6NNEN<\/strong><\/p>\n<p>TNT, Baumwolle, Polycotton<\/p>\n<p><strong>HAUPTEIGENSCHAFTEN<\/strong><\/p>\n<ul>\n<li><strong>Der erste patentierte, vollautomatische und integrierte Prozess:<\/strong> vom Laden der Bez\u00fcge bis zum gen\u00e4hten und etikettierten Kissen, ohne dass ein anderer Bediener als der Betriebsleiter eingreifen muss. Wenn sie in eine Linie mit Verpackungsmaschinen integriert sind, l\u00e4uft der Prozess vom Rohmaterial bis zum Karton vollautomatisch ab.<\/li>\n<li><strong>Geringere Arbeitskosten, hohe Produktivit\u00e4t und damit schnelle Amortisation <\/strong><\/li>\n<li>M\u00f6glichkeit der Planung einer <strong>auftragsbezogenen Produktion <\/strong>zur Vermeidung von Lagerkosten<\/li>\n<li><strong>Hoher Qualit\u00e4tsstandard des Endprodukts<\/strong><\/li>\n<li><strong>\u00a0<\/strong><strong>Elektronische Verwaltung<\/strong>: \u00fcber den Touchscreen an Bord der Maschine k\u00f6nnen alle Parameter und mechanischen Einstellungen automatisch verwaltet werden, sowie die Eingabe und Verwaltung von Rezepten mit Produkt-\/Materialeigenschaften.<\/li>\n<li><strong>Flexibilit\u00e4t<\/strong>: breiteste Palette von Materialien (Gr\u00f6\u00dfe, F\u00fcllmaterial), die von der Maschine verarbeitet werden k\u00f6nnen, ohne dass mechanische Einstellungen erforderlich sind.<\/li>\n<li id=\"gtx-trans\" style=\"position: absolute; left: -9px; top: -4.08594px;\">\n<div class=\"gtx-trans-icon\"><\/div>\n<\/li>\n<\/ul>\n","protected":false},"excerpt":{"rendered":"<h6><strong>Automatisches Wiegen, Abf\u00fcllen, N\u00e4hen und Etikettieren<\/strong><\/h6>\n","protected":false},"featured_media":4496,"template":"","meta":{"_acf_changed":false},"product_cat":[117,84,86,109],"product_tag":[306],"class_list":{"0":"post-4912","1":"product","2":"type-product","3":"status-publish","4":"has-post-thumbnail","6":"product_cat-abfullung","7":"product_cat-geblase-kissenlinie","8":"product_cat-linie-der-zierkissen-mit-reissverschluss-und-outdoor-kissen","9":"product_cat-nahsysteme","10":"product_tag-geblasene-kissen-und-polster","12":"first","13":"instock","14":"shipping-taxable","15":"product-type-simple"},"acf":[],"yoast_head":"<!-- This site is optimized with the Yoast SEO plugin v24.2 - https:\/\/yoast.com\/wordpress\/plugins\/seo\/ -->\n<title>Automatisches Wiegen\/ Abf\u00fcllen\/N\u00e4hen und Etikettieren EBL-500 EASY BLOW - Brighi Group<\/title>\n<meta name=\"description\" content=\"Easy Blow ist die automatisierteste L\u00f6sung zum F\u00fcllen, N\u00e4hen und Etikettieren von Kissen und Kissen. Kein Bediener erforderlich.\" \/>\n<meta name=\"robots\" content=\"index, follow, max-snippet:-1, max-image-preview:large, max-video-preview:-1\" \/>\n<link rel=\"canonical\" href=\"https:\/\/www.brighigroup.com\/de\/maschine\/ebl-500-easy-blow\/\" \/>\n<meta property=\"og:locale\" content=\"de_DE\" \/>\n<meta property=\"og:type\" content=\"article\" \/>\n<meta property=\"og:title\" content=\"Automatisches Wiegen\/ Abf\u00fcllen\/N\u00e4hen und Etikettieren EBL-500 EASY BLOW - Brighi Group\" \/>\n<meta property=\"og:description\" content=\"Easy Blow ist die automatisierteste L\u00f6sung zum F\u00fcllen, N\u00e4hen und Etikettieren von Kissen und Kissen. Kein Bediener erforderlich.\" \/>\n<meta property=\"og:url\" content=\"https:\/\/www.brighigroup.com\/de\/maschine\/ebl-500-easy-blow\/\" \/>\n<meta property=\"og:site_name\" content=\"Brighi Group\" \/>\n<meta property=\"article:modified_time\" content=\"2022-09-29T08:30:46+00:00\" \/>\n<meta property=\"og:image\" content=\"https:\/\/www.brighigroup.com\/wp-content\/uploads\/2021\/11\/EBL-500-EASY-BLOW.jpg\" \/>\n\t<meta property=\"og:image:width\" content=\"1920\" \/>\n\t<meta property=\"og:image:height\" content=\"1280\" \/>\n\t<meta property=\"og:image:type\" content=\"image\/jpeg\" \/>\n<meta name=\"twitter:card\" content=\"summary_large_image\" \/>\n<meta name=\"twitter:label1\" content=\"Gesch\u00e4tzte Lesezeit\" \/>\n\t<meta name=\"twitter:data1\" content=\"1\u00a0Minute\" \/>\n<script type=\"application\/ld+json\" class=\"yoast-schema-graph\">{\"@context\":\"https:\/\/schema.org\",\"@graph\":[{\"@type\":\"WebPage\",\"@id\":\"https:\/\/www.brighigroup.com\/de\/maschine\/ebl-500-easy-blow\/\",\"url\":\"https:\/\/www.brighigroup.com\/de\/maschine\/ebl-500-easy-blow\/\",\"name\":\"Automatisches Wiegen\/ Abf\u00fcllen\/N\u00e4hen und Etikettieren EBL-500 EASY BLOW - Brighi Group\",\"isPartOf\":{\"@id\":\"https:\/\/www.brighigroup.com\/de\/#website\"},\"primaryImageOfPage\":{\"@id\":\"https:\/\/www.brighigroup.com\/de\/maschine\/ebl-500-easy-blow\/#primaryimage\"},\"image\":{\"@id\":\"https:\/\/www.brighigroup.com\/de\/maschine\/ebl-500-easy-blow\/#primaryimage\"},\"thumbnailUrl\":\"https:\/\/www.brighigroup.com\/wp-content\/uploads\/2021\/11\/EBL-500-EASY-BLOW.jpg\",\"datePublished\":\"2021-11-30T09:32:25+00:00\",\"dateModified\":\"2022-09-29T08:30:46+00:00\",\"description\":\"Easy Blow ist die automatisierteste L\u00f6sung zum F\u00fcllen, N\u00e4hen und Etikettieren von Kissen und Kissen. Kein Bediener erforderlich.\",\"breadcrumb\":{\"@id\":\"https:\/\/www.brighigroup.com\/de\/maschine\/ebl-500-easy-blow\/#breadcrumb\"},\"inLanguage\":\"de\",\"potentialAction\":[{\"@type\":\"ReadAction\",\"target\":[\"https:\/\/www.brighigroup.com\/de\/maschine\/ebl-500-easy-blow\/\"]}]},{\"@type\":\"ImageObject\",\"inLanguage\":\"de\",\"@id\":\"https:\/\/www.brighigroup.com\/de\/maschine\/ebl-500-easy-blow\/#primaryimage\",\"url\":\"https:\/\/www.brighigroup.com\/wp-content\/uploads\/2021\/11\/EBL-500-EASY-BLOW.jpg\",\"contentUrl\":\"https:\/\/www.brighigroup.com\/wp-content\/uploads\/2021\/11\/EBL-500-EASY-BLOW.jpg\",\"width\":1920,\"height\":1280},{\"@type\":\"BreadcrumbList\",\"@id\":\"https:\/\/www.brighigroup.com\/de\/maschine\/ebl-500-easy-blow\/#breadcrumb\",\"itemListElement\":[{\"@type\":\"ListItem\",\"position\":1,\"name\":\"Home\",\"item\":\"https:\/\/www.brighigroup.com\/de\/home-2\/\"},{\"@type\":\"ListItem\",\"position\":2,\"name\":\"Maschinen\",\"item\":\"https:\/\/www.brighigroup.com\/de\/maschinen\/\"},{\"@type\":\"ListItem\",\"position\":3,\"name\":\"EBL-500 EASY BLOW\"}]},{\"@type\":\"WebSite\",\"@id\":\"https:\/\/www.brighigroup.com\/de\/#website\",\"url\":\"https:\/\/www.brighigroup.com\/de\/\",\"name\":\"Brighi Group\",\"description\":\"Home textile e di prodotti imbottiti per il design d&#039;arredo tramandando l&#039;innovazione come cultura d&#039;impresa.\",\"potentialAction\":[{\"@type\":\"SearchAction\",\"target\":{\"@type\":\"EntryPoint\",\"urlTemplate\":\"https:\/\/www.brighigroup.com\/de\/?s={search_term_string}\"},\"query-input\":{\"@type\":\"PropertyValueSpecification\",\"valueRequired\":true,\"valueName\":\"search_term_string\"}}],\"inLanguage\":\"de\"}]}<\/script>\n<!-- \/ Yoast SEO plugin. -->","yoast_head_json":{"title":"Automatisches Wiegen\/ Abf\u00fcllen\/N\u00e4hen und Etikettieren EBL-500 EASY BLOW - Brighi Group","description":"Easy Blow ist die automatisierteste L\u00f6sung zum F\u00fcllen, N\u00e4hen und Etikettieren von Kissen und Kissen. Kein Bediener erforderlich.","robots":{"index":"index","follow":"follow","max-snippet":"max-snippet:-1","max-image-preview":"max-image-preview:large","max-video-preview":"max-video-preview:-1"},"canonical":"https:\/\/www.brighigroup.com\/de\/maschine\/ebl-500-easy-blow\/","og_locale":"de_DE","og_type":"article","og_title":"Automatisches Wiegen\/ Abf\u00fcllen\/N\u00e4hen und Etikettieren EBL-500 EASY BLOW - Brighi Group","og_description":"Easy Blow ist die automatisierteste L\u00f6sung zum F\u00fcllen, N\u00e4hen und Etikettieren von Kissen und Kissen. Kein Bediener erforderlich.","og_url":"https:\/\/www.brighigroup.com\/de\/maschine\/ebl-500-easy-blow\/","og_site_name":"Brighi Group","article_modified_time":"2022-09-29T08:30:46+00:00","og_image":[{"width":1920,"height":1280,"url":"https:\/\/www.brighigroup.com\/wp-content\/uploads\/2021\/11\/EBL-500-EASY-BLOW.jpg","type":"image\/jpeg"}],"twitter_card":"summary_large_image","twitter_misc":{"Gesch\u00e4tzte Lesezeit":"1\u00a0Minute"},"schema":{"@context":"https:\/\/schema.org","@graph":[{"@type":"WebPage","@id":"https:\/\/www.brighigroup.com\/de\/maschine\/ebl-500-easy-blow\/","url":"https:\/\/www.brighigroup.com\/de\/maschine\/ebl-500-easy-blow\/","name":"Automatisches Wiegen\/ Abf\u00fcllen\/N\u00e4hen und Etikettieren EBL-500 EASY BLOW - Brighi Group","isPartOf":{"@id":"https:\/\/www.brighigroup.com\/de\/#website"},"primaryImageOfPage":{"@id":"https:\/\/www.brighigroup.com\/de\/maschine\/ebl-500-easy-blow\/#primaryimage"},"image":{"@id":"https:\/\/www.brighigroup.com\/de\/maschine\/ebl-500-easy-blow\/#primaryimage"},"thumbnailUrl":"https:\/\/www.brighigroup.com\/wp-content\/uploads\/2021\/11\/EBL-500-EASY-BLOW.jpg","datePublished":"2021-11-30T09:32:25+00:00","dateModified":"2022-09-29T08:30:46+00:00","description":"Easy Blow ist die automatisierteste L\u00f6sung zum F\u00fcllen, N\u00e4hen und Etikettieren von Kissen und Kissen. Kein Bediener erforderlich.","breadcrumb":{"@id":"https:\/\/www.brighigroup.com\/de\/maschine\/ebl-500-easy-blow\/#breadcrumb"},"inLanguage":"de","potentialAction":[{"@type":"ReadAction","target":["https:\/\/www.brighigroup.com\/de\/maschine\/ebl-500-easy-blow\/"]}]},{"@type":"ImageObject","inLanguage":"de","@id":"https:\/\/www.brighigroup.com\/de\/maschine\/ebl-500-easy-blow\/#primaryimage","url":"https:\/\/www.brighigroup.com\/wp-content\/uploads\/2021\/11\/EBL-500-EASY-BLOW.jpg","contentUrl":"https:\/\/www.brighigroup.com\/wp-content\/uploads\/2021\/11\/EBL-500-EASY-BLOW.jpg","width":1920,"height":1280},{"@type":"BreadcrumbList","@id":"https:\/\/www.brighigroup.com\/de\/maschine\/ebl-500-easy-blow\/#breadcrumb","itemListElement":[{"@type":"ListItem","position":1,"name":"Home","item":"https:\/\/www.brighigroup.com\/de\/home-2\/"},{"@type":"ListItem","position":2,"name":"Maschinen","item":"https:\/\/www.brighigroup.com\/de\/maschinen\/"},{"@type":"ListItem","position":3,"name":"EBL-500 EASY BLOW"}]},{"@type":"WebSite","@id":"https:\/\/www.brighigroup.com\/de\/#website","url":"https:\/\/www.brighigroup.com\/de\/","name":"Brighi Group","description":"Home textile e di prodotti imbottiti per il design d&#039;arredo tramandando l&#039;innovazione come cultura d&#039;impresa.","potentialAction":[{"@type":"SearchAction","target":{"@type":"EntryPoint","urlTemplate":"https:\/\/www.brighigroup.com\/de\/?s={search_term_string}"},"query-input":{"@type":"PropertyValueSpecification","valueRequired":true,"valueName":"search_term_string"}}],"inLanguage":"de"}]}},"_links":{"self":[{"href":"https:\/\/www.brighigroup.com\/de\/wp-json\/wp\/v2\/product\/4912","targetHints":{"allow":["GET"]}}],"collection":[{"href":"https:\/\/www.brighigroup.com\/de\/wp-json\/wp\/v2\/product"}],"about":[{"href":"https:\/\/www.brighigroup.com\/de\/wp-json\/wp\/v2\/types\/product"}],"wp:featuredmedia":[{"embeddable":true,"href":"https:\/\/www.brighigroup.com\/de\/wp-json\/wp\/v2\/media\/4496"}],"wp:attachment":[{"href":"https:\/\/www.brighigroup.com\/de\/wp-json\/wp\/v2\/media?parent=4912"}],"wp:term":[{"taxonomy":"product_cat","embeddable":true,"href":"https:\/\/www.brighigroup.com\/de\/wp-json\/wp\/v2\/product_cat?post=4912"},{"taxonomy":"product_tag","embeddable":true,"href":"https:\/\/www.brighigroup.com\/de\/wp-json\/wp\/v2\/product_tag?post=4912"}],"curies":[{"name":"wp","href":"https:\/\/api.w.org\/{rel}","templated":true}]}}