{"id":4910,"date":"2022-07-04T10:00:28","date_gmt":"2021-11-30T09:28:28","guid":{"rendered":"https:\/\/www.brighigroup.com\/macchina\/fp-400\/"},"modified":"2022-09-29T11:09:55","modified_gmt":"2022-09-29T09:09:55","slug":"fp-400","status":"publish","type":"product","link":"https:\/\/www.brighigroup.com\/de\/maschine\/fp-400\/","title":{"rendered":"FP-400"},"content":{"rendered":"<h2><strong>PRODUKTIONSANLAGE F\u00dcR POLYURETHAN-BL\u00d6CKE<\/strong><\/h2>\n<p>Komplettes und effizientes System f\u00fcr die <strong>Herstellung von Polyurethanbl\u00f6cken mit verschiedenen Dichten, Eigenschaften und Gr\u00f6\u00dfen bei niedrigem Druck<\/strong>. Die chemischen Komponenten (Isocyanate, Polyole, Additive) werden in einzelnen Tanks gelagert, die mit W\u00e4gezellen und volumetrischen Pumpen zur Dosierung ausgestattet sind. Die Polyol-Tanks sind au\u00dferdem mit einem R\u00fchrsystem ausgestattet, um das Material in st\u00e4ndiger Bewegung zu halten und Ablagerungen zu vermeiden.<\/p>\n<p>&nbsp;<\/p>\n<p><iframe title=\"Foam Block Production Line mod. FP-400\" width=\"800\" height=\"450\" src=\"https:\/\/www.youtube-nocookie.com\/embed\/4aMWdxO4qLU?feature=oembed\" frameborder=\"0\" allow=\"accelerometer; autoplay; clipboard-write; encrypted-media; gyroscope; picture-in-picture\" allowfullscreen><\/iframe><\/p>\n<p><strong>WELCHE SCHAUMSTOFFE HERGESTELLT WERDEN K\u00d6NNEN<\/strong><\/p>\n<p>MDI-Basis: Visco &amp; HR \/ Basis TDI: Konventionell<\/p>\n<p><strong>HAUPTEIGENSCHAFTEN<\/strong><\/p>\n<ul>\n<li><strong>Flexibilit\u00e4t: <\/strong>eine breite Palette von Schaumstofftypen wird hergestellt. Sie k\u00f6nnen das Gewicht und die Gr\u00f6\u00dfe des Blocks und des Schaumstoffs je nach Bedarf anpassen.<\/li>\n<li><strong>M\u00f6glichkeit, den Schaum durch die Entwicklung<\/strong> einzigartiger Rezepturen vollst\u00e4ndig anzupassen.<\/li>\n<li><strong>Individuelles Dosiersystem:<\/strong> Jede Komponente verf\u00fcgt \u00fcber einen eigenen Tank und eigene Schl\u00e4uche, um den Prozess genauer und flexibler zu gestalten, indem die Zeit f\u00fcr die Vorbereitung der Rohstoffe minimiert wird.<\/li>\n<li><strong>Hochpr\u00e4zise Dosierpumpen<\/strong>: gew\u00e4hrleisten eine genaue Dosierung und Weitergabe der Komponenten und erm\u00f6glichen eine vollst\u00e4ndige Reproduzierbarkeit der Rezepte.<\/li>\n<li><strong>Homogenes Mischen<\/strong> und vollst\u00e4ndige Temperaturkontrolle der chemischen Komponenten gew\u00e4hrleisten eine gleichm\u00e4\u00dfige Mischung.<\/li>\n<li><strong>Einfache Reinigung<\/strong>: Reinigungszyklus nach jedem Sch\u00e4umungszyklus, um\u00a0 ohne Verwendung von L\u00f6sungsmitteln oder anderen Chemikalien eine gr\u00fcndliche Entfernung von R\u00fcckst\u00e4nden zu gew\u00e4hrleisten und eine Verunreinigung in den nachfolgenden Zyklen zu vermeiden.<\/li>\n<li><strong>Senkung der Kosten f\u00fcr Polyurethan<\/strong>: je nach Dichte und Eigenschaften des Schaums erhebliche Einsparungen im Vergleich zum Kauf von fertigen Bl\u00f6cken, im Durchschnitt etwa 20% und mehr.<\/li>\n<li><strong>Niedriger ROI<\/strong>: schnelle Amortisierung der Investition<\/li>\n<li><strong>Erhebliche Verringerung der Transport- und Lagerkosten.<\/strong> Polyurethanbl\u00f6cke k\u00f6nnen je nach Bedarf aufgesch\u00e4umt werden, was den Kauf gro\u00dfer Mengen und hohe Transportkosten vermeidet und die Lagerfl\u00e4che minimiert.<\/li>\n<li><strong>Vereinfachte Verwaltung:<\/strong> Touchscreen-Bedienfeld f\u00fcr die automatische Verwaltung aller Parameter und mechanischen Einstellungen, mit Rezeptureingabe und Verwaltung mit den Eigenschaften des Produkts\/Materials.<\/li>\n<li id=\"gtx-trans\" style=\"position: absolute; left: -2px; top: -4.08594px;\">\n<div class=\"gtx-trans-icon\"><\/div>\n<\/li>\n<\/ul>\n","protected":false},"excerpt":{"rendered":"<h6><strong>PRODUKTIONSANLAGE F\u00dcR POLYURETHAN-BL\u00d6CKE<\/strong><\/h6>\n","protected":false},"featured_media":4501,"template":"","meta":{"_acf_changed":false},"product_cat":[114,113,85],"product_tag":[318,309,313],"class_list":{"0":"post-4910","1":"product","2":"type-product","3":"status-publish","4":"has-post-thumbnail","6":"product_cat-polyurethan-produktionslinie-fur-matratzen-kissen-und-sofas","7":"product_cat-polyurethan-latex-kissenlinie","8":"product_cat-rohstoffaufbereitungs","9":"product_tag-schaum","10":"product_tag-schaumstoff-und-latexkissen","11":"product_tag-sofakissen","13":"first","14":"instock","15":"shipping-taxable","16":"product-type-simple"},"acf":[],"yoast_head":"<!-- This site is optimized with the Yoast SEO plugin v24.2 - https:\/\/yoast.com\/wordpress\/plugins\/seo\/ -->\n<title>PRODUKTIONSANLAGE F\u00dcR POLYURETHAN-BL\u00d6CKE FP-400 - Brighi Group<\/title>\n<meta name=\"description\" content=\"Komplettsystem zur Herstellung von Polyurethanbl\u00f6cken mit unterschiedlichen Dichten, Eigenschaften und Gr\u00f6\u00dfen bei niedrigem Druck.\" \/>\n<meta name=\"robots\" content=\"index, follow, max-snippet:-1, max-image-preview:large, max-video-preview:-1\" \/>\n<link rel=\"canonical\" href=\"https:\/\/www.brighigroup.com\/de\/maschine\/fp-400\/\" \/>\n<meta property=\"og:locale\" content=\"de_DE\" \/>\n<meta property=\"og:type\" content=\"article\" \/>\n<meta property=\"og:title\" content=\"PRODUKTIONSANLAGE F\u00dcR POLYURETHAN-BL\u00d6CKE FP-400 - Brighi Group\" \/>\n<meta property=\"og:description\" content=\"Komplettsystem zur Herstellung von Polyurethanbl\u00f6cken mit unterschiedlichen Dichten, Eigenschaften und Gr\u00f6\u00dfen bei niedrigem Druck.\" \/>\n<meta property=\"og:url\" content=\"https:\/\/www.brighigroup.com\/de\/maschine\/fp-400\/\" \/>\n<meta property=\"og:site_name\" content=\"Brighi Group\" \/>\n<meta property=\"article:modified_time\" content=\"2022-09-29T09:09:55+00:00\" \/>\n<meta property=\"og:image\" content=\"https:\/\/www.brighigroup.com\/wp-content\/uploads\/2021\/11\/FP-400.jpg\" \/>\n\t<meta property=\"og:image:width\" content=\"1920\" \/>\n\t<meta property=\"og:image:height\" content=\"1280\" \/>\n\t<meta property=\"og:image:type\" content=\"image\/jpeg\" \/>\n<meta name=\"twitter:card\" content=\"summary_large_image\" \/>\n<meta name=\"twitter:label1\" content=\"Gesch\u00e4tzte Lesezeit\" \/>\n\t<meta name=\"twitter:data1\" content=\"2\u00a0Minuten\" \/>\n<script type=\"application\/ld+json\" class=\"yoast-schema-graph\">{\"@context\":\"https:\/\/schema.org\",\"@graph\":[{\"@type\":\"WebPage\",\"@id\":\"https:\/\/www.brighigroup.com\/de\/maschine\/fp-400\/\",\"url\":\"https:\/\/www.brighigroup.com\/de\/maschine\/fp-400\/\",\"name\":\"PRODUKTIONSANLAGE F\u00dcR POLYURETHAN-BL\u00d6CKE FP-400 - Brighi Group\",\"isPartOf\":{\"@id\":\"https:\/\/www.brighigroup.com\/de\/#website\"},\"primaryImageOfPage\":{\"@id\":\"https:\/\/www.brighigroup.com\/de\/maschine\/fp-400\/#primaryimage\"},\"image\":{\"@id\":\"https:\/\/www.brighigroup.com\/de\/maschine\/fp-400\/#primaryimage\"},\"thumbnailUrl\":\"https:\/\/www.brighigroup.com\/wp-content\/uploads\/2021\/11\/FP-400.jpg\",\"datePublished\":\"2021-11-30T09:28:28+00:00\",\"dateModified\":\"2022-09-29T09:09:55+00:00\",\"description\":\"Komplettsystem zur Herstellung von Polyurethanbl\u00f6cken mit unterschiedlichen Dichten, Eigenschaften und Gr\u00f6\u00dfen bei niedrigem Druck.\",\"breadcrumb\":{\"@id\":\"https:\/\/www.brighigroup.com\/de\/maschine\/fp-400\/#breadcrumb\"},\"inLanguage\":\"de\",\"potentialAction\":[{\"@type\":\"ReadAction\",\"target\":[\"https:\/\/www.brighigroup.com\/de\/maschine\/fp-400\/\"]}]},{\"@type\":\"ImageObject\",\"inLanguage\":\"de\",\"@id\":\"https:\/\/www.brighigroup.com\/de\/maschine\/fp-400\/#primaryimage\",\"url\":\"https:\/\/www.brighigroup.com\/wp-content\/uploads\/2021\/11\/FP-400.jpg\",\"contentUrl\":\"https:\/\/www.brighigroup.com\/wp-content\/uploads\/2021\/11\/FP-400.jpg\",\"width\":1920,\"height\":1280},{\"@type\":\"BreadcrumbList\",\"@id\":\"https:\/\/www.brighigroup.com\/de\/maschine\/fp-400\/#breadcrumb\",\"itemListElement\":[{\"@type\":\"ListItem\",\"position\":1,\"name\":\"Home\",\"item\":\"https:\/\/www.brighigroup.com\/de\/home-2\/\"},{\"@type\":\"ListItem\",\"position\":2,\"name\":\"Maschinen\",\"item\":\"https:\/\/www.brighigroup.com\/de\/maschinen\/\"},{\"@type\":\"ListItem\",\"position\":3,\"name\":\"FP-400\"}]},{\"@type\":\"WebSite\",\"@id\":\"https:\/\/www.brighigroup.com\/de\/#website\",\"url\":\"https:\/\/www.brighigroup.com\/de\/\",\"name\":\"Brighi Group\",\"description\":\"Home textile e di prodotti imbottiti per il design d&#039;arredo tramandando l&#039;innovazione come cultura d&#039;impresa.\",\"potentialAction\":[{\"@type\":\"SearchAction\",\"target\":{\"@type\":\"EntryPoint\",\"urlTemplate\":\"https:\/\/www.brighigroup.com\/de\/?s={search_term_string}\"},\"query-input\":{\"@type\":\"PropertyValueSpecification\",\"valueRequired\":true,\"valueName\":\"search_term_string\"}}],\"inLanguage\":\"de\"}]}<\/script>\n<!-- \/ Yoast SEO plugin. -->","yoast_head_json":{"title":"PRODUKTIONSANLAGE F\u00dcR POLYURETHAN-BL\u00d6CKE FP-400 - Brighi Group","description":"Komplettsystem zur Herstellung von Polyurethanbl\u00f6cken mit unterschiedlichen Dichten, Eigenschaften und Gr\u00f6\u00dfen bei niedrigem Druck.","robots":{"index":"index","follow":"follow","max-snippet":"max-snippet:-1","max-image-preview":"max-image-preview:large","max-video-preview":"max-video-preview:-1"},"canonical":"https:\/\/www.brighigroup.com\/de\/maschine\/fp-400\/","og_locale":"de_DE","og_type":"article","og_title":"PRODUKTIONSANLAGE F\u00dcR POLYURETHAN-BL\u00d6CKE FP-400 - Brighi Group","og_description":"Komplettsystem zur Herstellung von Polyurethanbl\u00f6cken mit unterschiedlichen Dichten, Eigenschaften und Gr\u00f6\u00dfen bei niedrigem Druck.","og_url":"https:\/\/www.brighigroup.com\/de\/maschine\/fp-400\/","og_site_name":"Brighi Group","article_modified_time":"2022-09-29T09:09:55+00:00","og_image":[{"width":1920,"height":1280,"url":"https:\/\/www.brighigroup.com\/wp-content\/uploads\/2021\/11\/FP-400.jpg","type":"image\/jpeg"}],"twitter_card":"summary_large_image","twitter_misc":{"Gesch\u00e4tzte Lesezeit":"2\u00a0Minuten"},"schema":{"@context":"https:\/\/schema.org","@graph":[{"@type":"WebPage","@id":"https:\/\/www.brighigroup.com\/de\/maschine\/fp-400\/","url":"https:\/\/www.brighigroup.com\/de\/maschine\/fp-400\/","name":"PRODUKTIONSANLAGE F\u00dcR POLYURETHAN-BL\u00d6CKE FP-400 - Brighi Group","isPartOf":{"@id":"https:\/\/www.brighigroup.com\/de\/#website"},"primaryImageOfPage":{"@id":"https:\/\/www.brighigroup.com\/de\/maschine\/fp-400\/#primaryimage"},"image":{"@id":"https:\/\/www.brighigroup.com\/de\/maschine\/fp-400\/#primaryimage"},"thumbnailUrl":"https:\/\/www.brighigroup.com\/wp-content\/uploads\/2021\/11\/FP-400.jpg","datePublished":"2021-11-30T09:28:28+00:00","dateModified":"2022-09-29T09:09:55+00:00","description":"Komplettsystem zur Herstellung von Polyurethanbl\u00f6cken mit unterschiedlichen Dichten, Eigenschaften und Gr\u00f6\u00dfen bei niedrigem Druck.","breadcrumb":{"@id":"https:\/\/www.brighigroup.com\/de\/maschine\/fp-400\/#breadcrumb"},"inLanguage":"de","potentialAction":[{"@type":"ReadAction","target":["https:\/\/www.brighigroup.com\/de\/maschine\/fp-400\/"]}]},{"@type":"ImageObject","inLanguage":"de","@id":"https:\/\/www.brighigroup.com\/de\/maschine\/fp-400\/#primaryimage","url":"https:\/\/www.brighigroup.com\/wp-content\/uploads\/2021\/11\/FP-400.jpg","contentUrl":"https:\/\/www.brighigroup.com\/wp-content\/uploads\/2021\/11\/FP-400.jpg","width":1920,"height":1280},{"@type":"BreadcrumbList","@id":"https:\/\/www.brighigroup.com\/de\/maschine\/fp-400\/#breadcrumb","itemListElement":[{"@type":"ListItem","position":1,"name":"Home","item":"https:\/\/www.brighigroup.com\/de\/home-2\/"},{"@type":"ListItem","position":2,"name":"Maschinen","item":"https:\/\/www.brighigroup.com\/de\/maschinen\/"},{"@type":"ListItem","position":3,"name":"FP-400"}]},{"@type":"WebSite","@id":"https:\/\/www.brighigroup.com\/de\/#website","url":"https:\/\/www.brighigroup.com\/de\/","name":"Brighi Group","description":"Home textile e di prodotti imbottiti per il design d&#039;arredo tramandando l&#039;innovazione come cultura d&#039;impresa.","potentialAction":[{"@type":"SearchAction","target":{"@type":"EntryPoint","urlTemplate":"https:\/\/www.brighigroup.com\/de\/?s={search_term_string}"},"query-input":{"@type":"PropertyValueSpecification","valueRequired":true,"valueName":"search_term_string"}}],"inLanguage":"de"}]}},"_links":{"self":[{"href":"https:\/\/www.brighigroup.com\/de\/wp-json\/wp\/v2\/product\/4910","targetHints":{"allow":["GET"]}}],"collection":[{"href":"https:\/\/www.brighigroup.com\/de\/wp-json\/wp\/v2\/product"}],"about":[{"href":"https:\/\/www.brighigroup.com\/de\/wp-json\/wp\/v2\/types\/product"}],"wp:featuredmedia":[{"embeddable":true,"href":"https:\/\/www.brighigroup.com\/de\/wp-json\/wp\/v2\/media\/4501"}],"wp:attachment":[{"href":"https:\/\/www.brighigroup.com\/de\/wp-json\/wp\/v2\/media?parent=4910"}],"wp:term":[{"taxonomy":"product_cat","embeddable":true,"href":"https:\/\/www.brighigroup.com\/de\/wp-json\/wp\/v2\/product_cat?post=4910"},{"taxonomy":"product_tag","embeddable":true,"href":"https:\/\/www.brighigroup.com\/de\/wp-json\/wp\/v2\/product_tag?post=4910"}],"curies":[{"name":"wp","href":"https:\/\/api.w.org\/{rel}","templated":true}]}}