{"id":4908,"date":"2022-08-01T10:27:09","date_gmt":"2021-11-30T09:27:09","guid":{"rendered":"https:\/\/www.brighigroup.com\/macchina\/sf-300\/"},"modified":"2025-09-17T13:00:38","modified_gmt":"2025-09-17T11:00:38","slug":"sf-300","status":"publish","type":"product","link":"https:\/\/www.brighigroup.com\/de\/maschine\/sf-300\/","title":{"rendered":"SF-300"},"content":{"rendered":"<h2><strong>\u00d6FFNER F\u00dcR TEXTILABF\u00c4LLE, VLIESSTOFFE, GESTEPPTE STOFFE, THERMOBONDED<\/strong><\/h2>\n<p><strong>Hochleistungs\u00f6ffner<\/strong> f\u00fcr nicht gewebte, gesteppte und thermisch gebundene Stoffreste, die manuell durch Einf\u00fchren in den Einlass zugef\u00fchrt werden.<\/p>\n<p>Das aufbereitete Material kann in S\u00e4cken gesammelt oder mit dem zus\u00e4tzlichen Saugger\u00e4t nachgeschickt werden.<\/p>\n<p><iframe title=\"Fabric and Fiber Waste Opener mod. SF-300\" width=\"800\" height=\"450\" src=\"https:\/\/www.youtube-nocookie.com\/embed\/qs8AzTLJYcI?feature=oembed\" frameborder=\"0\" allow=\"accelerometer; autoplay; clipboard-write; encrypted-media; gyroscope; picture-in-picture; web-share\" referrerpolicy=\"strict-origin-when-cross-origin\" allowfullscreen><\/iframe><\/p>\n<p><strong>WAS VERARBEITET WERDEN KANN<\/strong><\/p>\n<p>nicht gewebter, gesteppter Stoff, thermoverklebt<\/p>\n<p><strong>HAUPTEIGENSCHAFTEN<\/strong><\/p>\n<ul>\n<li><strong>Recycling und Wiederverwendung<\/strong> von Abf\u00e4llen, Vermeidung von Entsorgungskosten und Schaffung neuer kommerzieller Rohstoffe.<\/li>\n<li><strong>Qualit\u00e4t des gewonnenen Rezyklats<\/strong>: f\u00fcr Qualit\u00e4tsprodukte verwendbar<\/li>\n<li><strong>Sammelbeh\u00e4lter<\/strong> f\u00fcr den direkten Anschluss an den Staubsauger vorbereitet<\/li>\n<li><strong>Sicherheit f\u00fcr den Bediener<\/strong> durch speziell konstruiertes Produktzuf\u00fchrband<\/li>\n<li><strong>Vereinfachte Verwaltung<\/strong>: Bedienfeld zur Verwaltung aller Parameter und mechanischen Einstellungen.<\/li>\n<li><strong>Flexibilit\u00e4t<\/strong>: Verarbeitung verschiedener Polyurethan-, Dacron-, Gewebe- und Textilabf\u00e4lle ohne manuelle Einstellungen.<\/li>\n<li><strong>Leichte Reinigung:<\/strong> bei Materialwechsel durch einfaches \u00d6ffnen des Deckels.<\/li>\n<li id=\"gtx-trans\" style=\"position: absolute;left: 4px;top: -4.08594px\">\n<div class=\"gtx-trans-icon\"><\/div>\n<\/li>\n<\/ul>\n","protected":false},"excerpt":{"rendered":"<h6>\u00d6FFNER F\u00dcR TEXTILABF\u00c4LLE, VLIESSTOFFE, GESTEPPTE STOFFE, THERMOBONDED<\/h6>\n","protected":false},"featured_media":4503,"template":"","meta":{"_acf_changed":false},"product_cat":[84,86,89,87,116,168,88],"product_tag":[306,301,329,313,326,322],"class_list":{"0":"post-4908","1":"product","2":"type-product","3":"status-publish","4":"has-post-thumbnail","6":"product_cat-geblase-kissenlinie","7":"product_cat-linie-der-zierkissen-mit-reissverschluss-und-outdoor-kissen","8":"product_cat-llinie-fuellung-tierebetten-plueschtieren-gepolsterten-gegenstaenden","9":"product_cat-produktionslinie-fuer-sofas-und-polsterungen","10":"product_cat-recycling-von-textilabfallen","11":"product_cat-recyclinganlage","12":"product_cat-rohstoffaufbereitungs-und-schrottrecyclinganlage","13":"product_tag-geblasene-kissen-und-polster","14":"product_tag-kopfkissen-und-kissen-aus-kardierter-faser","15":"product_tag-produktionsabfall","16":"product_tag-sofakissen","17":"product_tag-steppdecken","18":"product_tag-teppiche","20":"first","21":"instock","22":"shipping-taxable","23":"product-type-simple"},"acf":[],"yoast_head":"<!-- This site is optimized with the Yoast SEO plugin v24.2 - https:\/\/yoast.com\/wordpress\/plugins\/seo\/ -->\n<title>\u00d6FFNER F\u00dcR TEXTILABF\u00c4LLE\/ VLIESSTOFFE\/GESTEPPTE STOFFE\/THERMOBONDED SF-300 - Brighi Group<\/title>\n<meta name=\"description\" content=\"\u00d6ffner mit hoher Kapazit\u00e4t f\u00fcr Vliesstoffreste, gesteppte Stoffe, thermogebunden, manuell zugef\u00fchrt.\" \/>\n<meta name=\"robots\" content=\"index, follow, max-snippet:-1, max-image-preview:large, max-video-preview:-1\" \/>\n<link rel=\"canonical\" href=\"https:\/\/www.brighigroup.com\/de\/maschine\/sf-300\/\" \/>\n<meta property=\"og:locale\" content=\"de_DE\" \/>\n<meta property=\"og:type\" content=\"article\" \/>\n<meta property=\"og:title\" content=\"\u00d6FFNER F\u00dcR TEXTILABF\u00c4LLE\/ VLIESSTOFFE\/GESTEPPTE STOFFE\/THERMOBONDED SF-300 - Brighi Group\" \/>\n<meta property=\"og:description\" content=\"\u00d6ffner mit hoher Kapazit\u00e4t f\u00fcr Vliesstoffreste, gesteppte Stoffe, thermogebunden, manuell zugef\u00fchrt.\" \/>\n<meta property=\"og:url\" content=\"https:\/\/www.brighigroup.com\/de\/maschine\/sf-300\/\" \/>\n<meta property=\"og:site_name\" content=\"Brighi Group\" \/>\n<meta property=\"article:modified_time\" content=\"2025-09-17T11:00:38+00:00\" \/>\n<meta property=\"og:image\" content=\"https:\/\/www.brighigroup.com\/wp-content\/uploads\/2021\/11\/SF-300.jpg\" \/>\n\t<meta property=\"og:image:width\" content=\"1920\" \/>\n\t<meta property=\"og:image:height\" content=\"1280\" \/>\n\t<meta property=\"og:image:type\" content=\"image\/jpeg\" \/>\n<meta name=\"twitter:card\" content=\"summary_large_image\" \/>\n<meta name=\"twitter:label1\" content=\"Gesch\u00e4tzte Lesezeit\" \/>\n\t<meta name=\"twitter:data1\" content=\"1\u00a0Minute\" \/>\n<script type=\"application\/ld+json\" class=\"yoast-schema-graph\">{\"@context\":\"https:\/\/schema.org\",\"@graph\":[{\"@type\":\"WebPage\",\"@id\":\"https:\/\/www.brighigroup.com\/de\/maschine\/sf-300\/\",\"url\":\"https:\/\/www.brighigroup.com\/de\/maschine\/sf-300\/\",\"name\":\"\u00d6FFNER F\u00dcR TEXTILABF\u00c4LLE\/ VLIESSTOFFE\/GESTEPPTE STOFFE\/THERMOBONDED SF-300 - Brighi Group\",\"isPartOf\":{\"@id\":\"https:\/\/www.brighigroup.com\/de\/#website\"},\"primaryImageOfPage\":{\"@id\":\"https:\/\/www.brighigroup.com\/de\/maschine\/sf-300\/#primaryimage\"},\"image\":{\"@id\":\"https:\/\/www.brighigroup.com\/de\/maschine\/sf-300\/#primaryimage\"},\"thumbnailUrl\":\"https:\/\/www.brighigroup.com\/wp-content\/uploads\/2021\/11\/SF-300.jpg\",\"datePublished\":\"2021-11-30T09:27:09+00:00\",\"dateModified\":\"2025-09-17T11:00:38+00:00\",\"description\":\"\u00d6ffner mit hoher Kapazit\u00e4t f\u00fcr Vliesstoffreste, gesteppte Stoffe, thermogebunden, manuell zugef\u00fchrt.\",\"breadcrumb\":{\"@id\":\"https:\/\/www.brighigroup.com\/de\/maschine\/sf-300\/#breadcrumb\"},\"inLanguage\":\"de\",\"potentialAction\":[{\"@type\":\"ReadAction\",\"target\":[\"https:\/\/www.brighigroup.com\/de\/maschine\/sf-300\/\"]}]},{\"@type\":\"ImageObject\",\"inLanguage\":\"de\",\"@id\":\"https:\/\/www.brighigroup.com\/de\/maschine\/sf-300\/#primaryimage\",\"url\":\"https:\/\/www.brighigroup.com\/wp-content\/uploads\/2021\/11\/SF-300.jpg\",\"contentUrl\":\"https:\/\/www.brighigroup.com\/wp-content\/uploads\/2021\/11\/SF-300.jpg\",\"width\":1920,\"height\":1280},{\"@type\":\"BreadcrumbList\",\"@id\":\"https:\/\/www.brighigroup.com\/de\/maschine\/sf-300\/#breadcrumb\",\"itemListElement\":[{\"@type\":\"ListItem\",\"position\":1,\"name\":\"Home\",\"item\":\"https:\/\/www.brighigroup.com\/de\/home-2\/\"},{\"@type\":\"ListItem\",\"position\":2,\"name\":\"Maschinen\",\"item\":\"https:\/\/www.brighigroup.com\/de\/maschinen\/\"},{\"@type\":\"ListItem\",\"position\":3,\"name\":\"SF-300\"}]},{\"@type\":\"WebSite\",\"@id\":\"https:\/\/www.brighigroup.com\/de\/#website\",\"url\":\"https:\/\/www.brighigroup.com\/de\/\",\"name\":\"Brighi Group\",\"description\":\"Home textile e di prodotti imbottiti per il design d&#039;arredo tramandando l&#039;innovazione come cultura d&#039;impresa.\",\"potentialAction\":[{\"@type\":\"SearchAction\",\"target\":{\"@type\":\"EntryPoint\",\"urlTemplate\":\"https:\/\/www.brighigroup.com\/de\/?s={search_term_string}\"},\"query-input\":{\"@type\":\"PropertyValueSpecification\",\"valueRequired\":true,\"valueName\":\"search_term_string\"}}],\"inLanguage\":\"de\"}]}<\/script>\n<!-- \/ Yoast SEO plugin. -->","yoast_head_json":{"title":"\u00d6FFNER F\u00dcR TEXTILABF\u00c4LLE\/ VLIESSTOFFE\/GESTEPPTE STOFFE\/THERMOBONDED SF-300 - Brighi Group","description":"\u00d6ffner mit hoher Kapazit\u00e4t f\u00fcr Vliesstoffreste, gesteppte Stoffe, thermogebunden, manuell zugef\u00fchrt.","robots":{"index":"index","follow":"follow","max-snippet":"max-snippet:-1","max-image-preview":"max-image-preview:large","max-video-preview":"max-video-preview:-1"},"canonical":"https:\/\/www.brighigroup.com\/de\/maschine\/sf-300\/","og_locale":"de_DE","og_type":"article","og_title":"\u00d6FFNER F\u00dcR TEXTILABF\u00c4LLE\/ VLIESSTOFFE\/GESTEPPTE STOFFE\/THERMOBONDED SF-300 - Brighi Group","og_description":"\u00d6ffner mit hoher Kapazit\u00e4t f\u00fcr Vliesstoffreste, gesteppte Stoffe, thermogebunden, manuell zugef\u00fchrt.","og_url":"https:\/\/www.brighigroup.com\/de\/maschine\/sf-300\/","og_site_name":"Brighi Group","article_modified_time":"2025-09-17T11:00:38+00:00","og_image":[{"width":1920,"height":1280,"url":"https:\/\/www.brighigroup.com\/wp-content\/uploads\/2021\/11\/SF-300.jpg","type":"image\/jpeg"}],"twitter_card":"summary_large_image","twitter_misc":{"Gesch\u00e4tzte Lesezeit":"1\u00a0Minute"},"schema":{"@context":"https:\/\/schema.org","@graph":[{"@type":"WebPage","@id":"https:\/\/www.brighigroup.com\/de\/maschine\/sf-300\/","url":"https:\/\/www.brighigroup.com\/de\/maschine\/sf-300\/","name":"\u00d6FFNER F\u00dcR TEXTILABF\u00c4LLE\/ VLIESSTOFFE\/GESTEPPTE STOFFE\/THERMOBONDED SF-300 - Brighi Group","isPartOf":{"@id":"https:\/\/www.brighigroup.com\/de\/#website"},"primaryImageOfPage":{"@id":"https:\/\/www.brighigroup.com\/de\/maschine\/sf-300\/#primaryimage"},"image":{"@id":"https:\/\/www.brighigroup.com\/de\/maschine\/sf-300\/#primaryimage"},"thumbnailUrl":"https:\/\/www.brighigroup.com\/wp-content\/uploads\/2021\/11\/SF-300.jpg","datePublished":"2021-11-30T09:27:09+00:00","dateModified":"2025-09-17T11:00:38+00:00","description":"\u00d6ffner mit hoher Kapazit\u00e4t f\u00fcr Vliesstoffreste, gesteppte Stoffe, thermogebunden, manuell zugef\u00fchrt.","breadcrumb":{"@id":"https:\/\/www.brighigroup.com\/de\/maschine\/sf-300\/#breadcrumb"},"inLanguage":"de","potentialAction":[{"@type":"ReadAction","target":["https:\/\/www.brighigroup.com\/de\/maschine\/sf-300\/"]}]},{"@type":"ImageObject","inLanguage":"de","@id":"https:\/\/www.brighigroup.com\/de\/maschine\/sf-300\/#primaryimage","url":"https:\/\/www.brighigroup.com\/wp-content\/uploads\/2021\/11\/SF-300.jpg","contentUrl":"https:\/\/www.brighigroup.com\/wp-content\/uploads\/2021\/11\/SF-300.jpg","width":1920,"height":1280},{"@type":"BreadcrumbList","@id":"https:\/\/www.brighigroup.com\/de\/maschine\/sf-300\/#breadcrumb","itemListElement":[{"@type":"ListItem","position":1,"name":"Home","item":"https:\/\/www.brighigroup.com\/de\/home-2\/"},{"@type":"ListItem","position":2,"name":"Maschinen","item":"https:\/\/www.brighigroup.com\/de\/maschinen\/"},{"@type":"ListItem","position":3,"name":"SF-300"}]},{"@type":"WebSite","@id":"https:\/\/www.brighigroup.com\/de\/#website","url":"https:\/\/www.brighigroup.com\/de\/","name":"Brighi Group","description":"Home textile e di prodotti imbottiti per il design d&#039;arredo tramandando l&#039;innovazione come cultura d&#039;impresa.","potentialAction":[{"@type":"SearchAction","target":{"@type":"EntryPoint","urlTemplate":"https:\/\/www.brighigroup.com\/de\/?s={search_term_string}"},"query-input":{"@type":"PropertyValueSpecification","valueRequired":true,"valueName":"search_term_string"}}],"inLanguage":"de"}]}},"_links":{"self":[{"href":"https:\/\/www.brighigroup.com\/de\/wp-json\/wp\/v2\/product\/4908","targetHints":{"allow":["GET"]}}],"collection":[{"href":"https:\/\/www.brighigroup.com\/de\/wp-json\/wp\/v2\/product"}],"about":[{"href":"https:\/\/www.brighigroup.com\/de\/wp-json\/wp\/v2\/types\/product"}],"wp:featuredmedia":[{"embeddable":true,"href":"https:\/\/www.brighigroup.com\/de\/wp-json\/wp\/v2\/media\/4503"}],"wp:attachment":[{"href":"https:\/\/www.brighigroup.com\/de\/wp-json\/wp\/v2\/media?parent=4908"}],"wp:term":[{"taxonomy":"product_cat","embeddable":true,"href":"https:\/\/www.brighigroup.com\/de\/wp-json\/wp\/v2\/product_cat?post=4908"},{"taxonomy":"product_tag","embeddable":true,"href":"https:\/\/www.brighigroup.com\/de\/wp-json\/wp\/v2\/product_tag?post=4908"}],"curies":[{"name":"wp","href":"https:\/\/api.w.org\/{rel}","templated":true}]}}