{"id":4905,"date":"2021-11-01T10:00:39","date_gmt":"2021-11-30T09:23:39","guid":{"rendered":"https:\/\/www.brighigroup.com\/macchina\/mx-500\/"},"modified":"2024-02-09T16:09:43","modified_gmt":"2024-02-09T15:09:43","slug":"mx-500","status":"publish","type":"product","link":"https:\/\/www.brighigroup.com\/de\/maschine\/mx-500\/","title":{"rendered":"MX-500"},"content":{"rendered":"<h2><strong>LAGER UND MISCHMASCHINE<\/strong><\/h2>\n<p>Mischer f\u00fcr die <strong>Zubereitung von Mischungen verschiedener F\u00fcllmaterialien vor der Blasabf\u00fcllung<\/strong>. Ein System von Schaufeln vermischt die verschiedenen Komponenten schnell und effizient und verhindert durch die kontinuierliche Bewegung die Bildung von Agglomeraten.<\/p>\n<p>Der obere Teil der Maschine ist mit einem Mikrofilternetz ausgestattet, das eine <strong>konstante Entlastung des Luftdrucks<\/strong> im Inneren erm\u00f6glicht und Staub und Produktpartikel zur\u00fcckh\u00e4lt. Mehrere Einspeisepunkte erm\u00f6glichen eine optimale Konfiguration der Anschlussleitungen in der Anlage des Kunden. Zwei Ausl\u00e4sse mit Flanschen und pneumatischen D\u00e4mpfern erm\u00f6glichen es, das Material mit einem Saugger\u00e4t abzusaugen und an nachgeschaltete Maschinen weiterzuleiten.<\/p>\n<p><strong>WAS VERARBEITET WERDEN KANN<\/strong><\/p>\n<p>Polyesterfasern und Mikrofasern (neu und recycelt), Federn, Wolle, Naturfasern, Polyurethansp\u00e4ne, Fasergranulat, recycelte Fasern und Stoffreste.<\/p>\n<p><strong>HAUPTEIGENSCHAFTEN<\/strong><\/p>\n<ul>\n<li><strong>Au\u00dfergew\u00f6hnliche Qualit\u00e4t und Effizienz der Mischungen<\/strong>: Das speziell entwickelte Mischsystem erm\u00f6glicht das homogene Mischen aller Arten von Komponenten in nur wenigen Minuten.<\/li>\n<li><strong>Mischt verschiedene Materialien in unterschiedlichen Anteilen<\/strong>: totale Kontrolle und extreme Genauigkeit der Mischungszusammensetzung durch elektronisches Dosieren der Komponenten in Prozent- oder Gewichtsanteilen<\/li>\n<li><strong>Vereinfachte Verwaltung<\/strong>: Bedienfeld zur Verwaltung aller Parameter und mechanischen Einstellungen.<\/li>\n<li><strong>Flexibilit\u00e4t<\/strong>: Handhabung und Mischen verschiedener Materialien mit der Maschine, ohne dass manuelle mechanische Einstellungen erforderlich sind. Hervorragende Leistung bei der Verwendung als Lagersilo f\u00fcr statisch empfindliche Materialien dank seiner Konstruktion aus antistatischem Material (Holz\/Laminatverkleidung).<\/li>\n<li>Leichte Reinigung: Bei einem Materialwechsel erm\u00f6glicht die hintere T\u00fcr einen einfachen Zugang zum Inneren der Maschine f\u00fcr alle Arbeiten, die mit einer vollst\u00e4ndigen Reinigung der Maschine verbunden sind.<\/li>\n<li id=\"gtx-trans\" style=\"position: absolute; left: -21px; top: -4.08594px;\">\n<div class=\"gtx-trans-icon\"><\/div>\n<\/li>\n<\/ul>\n","protected":false},"excerpt":{"rendered":"<h6><strong>LAGER UND MISCHMASCHINE<\/strong><\/h6>\n","protected":false},"featured_media":4506,"template":"","meta":{"_acf_changed":false},"product_cat":[84,86,89,114,87,168,85,88],"product_tag":[306],"class_list":{"0":"post-4905","1":"product","2":"type-product","3":"status-publish","4":"has-post-thumbnail","6":"product_cat-geblase-kissenlinie","7":"product_cat-linie-der-zierkissen-mit-reissverschluss-und-outdoor-kissen","8":"product_cat-llinie-fuellung-tierebetten-plueschtieren-gepolsterten-gegenstaenden","9":"product_cat-polyurethan-produktionslinie-fur-matratzen-kissen-und-sofas","10":"product_cat-produktionslinie-fuer-sofas-und-polsterungen","11":"product_cat-recyclinganlage","12":"product_cat-rohstoffaufbereitungs","13":"product_cat-rohstoffaufbereitungs-und-schrottrecyclinganlage","14":"product_tag-geblasene-kissen-und-polster","16":"first","17":"instock","18":"shipping-taxable","19":"product-type-simple"},"acf":[],"yoast_head":"<!-- This site is optimized with the Yoast SEO plugin v24.2 - https:\/\/yoast.com\/wordpress\/plugins\/seo\/ -->\n<title>LAGER UND MISCHMASCHINE MX-500 - Brighi Group<\/title>\n<meta name=\"description\" content=\"Mischer zur Herstellung und Lagerung von Mischungen verschiedener Polstermaterialien vor der Blasf\u00fcllung.\" \/>\n<meta name=\"robots\" content=\"index, follow, max-snippet:-1, max-image-preview:large, max-video-preview:-1\" \/>\n<link rel=\"canonical\" href=\"https:\/\/www.brighigroup.com\/de\/maschine\/mx-500\/\" \/>\n<meta property=\"og:locale\" content=\"de_DE\" \/>\n<meta property=\"og:type\" content=\"article\" \/>\n<meta property=\"og:title\" content=\"LAGER UND MISCHMASCHINE MX-500 - Brighi Group\" \/>\n<meta property=\"og:description\" content=\"Mischer zur Herstellung und Lagerung von Mischungen verschiedener Polstermaterialien vor der Blasf\u00fcllung.\" \/>\n<meta property=\"og:url\" content=\"https:\/\/www.brighigroup.com\/de\/maschine\/mx-500\/\" \/>\n<meta property=\"og:site_name\" content=\"Brighi Group\" \/>\n<meta property=\"article:modified_time\" content=\"2024-02-09T15:09:43+00:00\" \/>\n<meta property=\"og:image\" content=\"https:\/\/www.brighigroup.com\/wp-content\/uploads\/2021\/11\/MX-500.jpg\" \/>\n\t<meta property=\"og:image:width\" content=\"1920\" \/>\n\t<meta property=\"og:image:height\" content=\"1280\" \/>\n\t<meta property=\"og:image:type\" content=\"image\/jpeg\" \/>\n<meta name=\"twitter:card\" content=\"summary_large_image\" \/>\n<meta name=\"twitter:label1\" content=\"Gesch\u00e4tzte Lesezeit\" \/>\n\t<meta name=\"twitter:data1\" content=\"1\u00a0Minute\" \/>\n<script type=\"application\/ld+json\" class=\"yoast-schema-graph\">{\"@context\":\"https:\/\/schema.org\",\"@graph\":[{\"@type\":\"WebPage\",\"@id\":\"https:\/\/www.brighigroup.com\/de\/maschine\/mx-500\/\",\"url\":\"https:\/\/www.brighigroup.com\/de\/maschine\/mx-500\/\",\"name\":\"LAGER UND MISCHMASCHINE MX-500 - Brighi Group\",\"isPartOf\":{\"@id\":\"https:\/\/www.brighigroup.com\/de\/#website\"},\"primaryImageOfPage\":{\"@id\":\"https:\/\/www.brighigroup.com\/de\/maschine\/mx-500\/#primaryimage\"},\"image\":{\"@id\":\"https:\/\/www.brighigroup.com\/de\/maschine\/mx-500\/#primaryimage\"},\"thumbnailUrl\":\"https:\/\/www.brighigroup.com\/wp-content\/uploads\/2021\/11\/MX-500.jpg\",\"datePublished\":\"2021-11-30T09:23:39+00:00\",\"dateModified\":\"2024-02-09T15:09:43+00:00\",\"description\":\"Mischer zur Herstellung und Lagerung von Mischungen verschiedener Polstermaterialien vor der Blasf\u00fcllung.\",\"breadcrumb\":{\"@id\":\"https:\/\/www.brighigroup.com\/de\/maschine\/mx-500\/#breadcrumb\"},\"inLanguage\":\"de\",\"potentialAction\":[{\"@type\":\"ReadAction\",\"target\":[\"https:\/\/www.brighigroup.com\/de\/maschine\/mx-500\/\"]}]},{\"@type\":\"ImageObject\",\"inLanguage\":\"de\",\"@id\":\"https:\/\/www.brighigroup.com\/de\/maschine\/mx-500\/#primaryimage\",\"url\":\"https:\/\/www.brighigroup.com\/wp-content\/uploads\/2021\/11\/MX-500.jpg\",\"contentUrl\":\"https:\/\/www.brighigroup.com\/wp-content\/uploads\/2021\/11\/MX-500.jpg\",\"width\":1920,\"height\":1280},{\"@type\":\"BreadcrumbList\",\"@id\":\"https:\/\/www.brighigroup.com\/de\/maschine\/mx-500\/#breadcrumb\",\"itemListElement\":[{\"@type\":\"ListItem\",\"position\":1,\"name\":\"Home\",\"item\":\"https:\/\/www.brighigroup.com\/de\/home-2\/\"},{\"@type\":\"ListItem\",\"position\":2,\"name\":\"Maschinen\",\"item\":\"https:\/\/www.brighigroup.com\/de\/maschinen\/\"},{\"@type\":\"ListItem\",\"position\":3,\"name\":\"MX-500\"}]},{\"@type\":\"WebSite\",\"@id\":\"https:\/\/www.brighigroup.com\/de\/#website\",\"url\":\"https:\/\/www.brighigroup.com\/de\/\",\"name\":\"Brighi Group\",\"description\":\"Home textile e di prodotti imbottiti per il design d&#039;arredo tramandando l&#039;innovazione come cultura d&#039;impresa.\",\"potentialAction\":[{\"@type\":\"SearchAction\",\"target\":{\"@type\":\"EntryPoint\",\"urlTemplate\":\"https:\/\/www.brighigroup.com\/de\/?s={search_term_string}\"},\"query-input\":{\"@type\":\"PropertyValueSpecification\",\"valueRequired\":true,\"valueName\":\"search_term_string\"}}],\"inLanguage\":\"de\"}]}<\/script>\n<!-- \/ Yoast SEO plugin. -->","yoast_head_json":{"title":"LAGER UND MISCHMASCHINE MX-500 - Brighi Group","description":"Mischer zur Herstellung und Lagerung von Mischungen verschiedener Polstermaterialien vor der Blasf\u00fcllung.","robots":{"index":"index","follow":"follow","max-snippet":"max-snippet:-1","max-image-preview":"max-image-preview:large","max-video-preview":"max-video-preview:-1"},"canonical":"https:\/\/www.brighigroup.com\/de\/maschine\/mx-500\/","og_locale":"de_DE","og_type":"article","og_title":"LAGER UND MISCHMASCHINE MX-500 - Brighi Group","og_description":"Mischer zur Herstellung und Lagerung von Mischungen verschiedener Polstermaterialien vor der Blasf\u00fcllung.","og_url":"https:\/\/www.brighigroup.com\/de\/maschine\/mx-500\/","og_site_name":"Brighi Group","article_modified_time":"2024-02-09T15:09:43+00:00","og_image":[{"width":1920,"height":1280,"url":"https:\/\/www.brighigroup.com\/wp-content\/uploads\/2021\/11\/MX-500.jpg","type":"image\/jpeg"}],"twitter_card":"summary_large_image","twitter_misc":{"Gesch\u00e4tzte Lesezeit":"1\u00a0Minute"},"schema":{"@context":"https:\/\/schema.org","@graph":[{"@type":"WebPage","@id":"https:\/\/www.brighigroup.com\/de\/maschine\/mx-500\/","url":"https:\/\/www.brighigroup.com\/de\/maschine\/mx-500\/","name":"LAGER UND MISCHMASCHINE MX-500 - Brighi Group","isPartOf":{"@id":"https:\/\/www.brighigroup.com\/de\/#website"},"primaryImageOfPage":{"@id":"https:\/\/www.brighigroup.com\/de\/maschine\/mx-500\/#primaryimage"},"image":{"@id":"https:\/\/www.brighigroup.com\/de\/maschine\/mx-500\/#primaryimage"},"thumbnailUrl":"https:\/\/www.brighigroup.com\/wp-content\/uploads\/2021\/11\/MX-500.jpg","datePublished":"2021-11-30T09:23:39+00:00","dateModified":"2024-02-09T15:09:43+00:00","description":"Mischer zur Herstellung und Lagerung von Mischungen verschiedener Polstermaterialien vor der Blasf\u00fcllung.","breadcrumb":{"@id":"https:\/\/www.brighigroup.com\/de\/maschine\/mx-500\/#breadcrumb"},"inLanguage":"de","potentialAction":[{"@type":"ReadAction","target":["https:\/\/www.brighigroup.com\/de\/maschine\/mx-500\/"]}]},{"@type":"ImageObject","inLanguage":"de","@id":"https:\/\/www.brighigroup.com\/de\/maschine\/mx-500\/#primaryimage","url":"https:\/\/www.brighigroup.com\/wp-content\/uploads\/2021\/11\/MX-500.jpg","contentUrl":"https:\/\/www.brighigroup.com\/wp-content\/uploads\/2021\/11\/MX-500.jpg","width":1920,"height":1280},{"@type":"BreadcrumbList","@id":"https:\/\/www.brighigroup.com\/de\/maschine\/mx-500\/#breadcrumb","itemListElement":[{"@type":"ListItem","position":1,"name":"Home","item":"https:\/\/www.brighigroup.com\/de\/home-2\/"},{"@type":"ListItem","position":2,"name":"Maschinen","item":"https:\/\/www.brighigroup.com\/de\/maschinen\/"},{"@type":"ListItem","position":3,"name":"MX-500"}]},{"@type":"WebSite","@id":"https:\/\/www.brighigroup.com\/de\/#website","url":"https:\/\/www.brighigroup.com\/de\/","name":"Brighi Group","description":"Home textile e di prodotti imbottiti per il design d&#039;arredo tramandando l&#039;innovazione come cultura d&#039;impresa.","potentialAction":[{"@type":"SearchAction","target":{"@type":"EntryPoint","urlTemplate":"https:\/\/www.brighigroup.com\/de\/?s={search_term_string}"},"query-input":{"@type":"PropertyValueSpecification","valueRequired":true,"valueName":"search_term_string"}}],"inLanguage":"de"}]}},"_links":{"self":[{"href":"https:\/\/www.brighigroup.com\/de\/wp-json\/wp\/v2\/product\/4905","targetHints":{"allow":["GET"]}}],"collection":[{"href":"https:\/\/www.brighigroup.com\/de\/wp-json\/wp\/v2\/product"}],"about":[{"href":"https:\/\/www.brighigroup.com\/de\/wp-json\/wp\/v2\/types\/product"}],"wp:featuredmedia":[{"embeddable":true,"href":"https:\/\/www.brighigroup.com\/de\/wp-json\/wp\/v2\/media\/4506"}],"wp:attachment":[{"href":"https:\/\/www.brighigroup.com\/de\/wp-json\/wp\/v2\/media?parent=4905"}],"wp:term":[{"taxonomy":"product_cat","embeddable":true,"href":"https:\/\/www.brighigroup.com\/de\/wp-json\/wp\/v2\/product_cat?post=4905"},{"taxonomy":"product_tag","embeddable":true,"href":"https:\/\/www.brighigroup.com\/de\/wp-json\/wp\/v2\/product_tag?post=4905"}],"curies":[{"name":"wp","href":"https:\/\/api.w.org\/{rel}","templated":true}]}}