{"id":4904,"date":"2021-09-01T10:21:11","date_gmt":"2021-11-30T09:21:11","guid":{"rendered":"https:\/\/www.brighigroup.com\/macchina\/bf-300\/"},"modified":"2024-09-02T14:35:38","modified_gmt":"2024-09-02T12:35:38","slug":"bf-300","status":"publish","type":"product","link":"https:\/\/www.brighigroup.com\/de\/maschine\/bf-300\/","title":{"rendered":"BF-300"},"content":{"rendered":"<h2><strong>MASCHINE ZUR HERSTELLUNG VON FASERB\u00c4LLEN<\/strong><\/h2>\n<p>Hochleistungsanlage zur <strong>Herstellung von Faserb\u00e4llen<\/strong>, die mit bereits ge\u00f6ffneten Fasern beschickt werden. Das Material durchl\u00e4uft zwei Rotoren, mit einer Zwischenstufe, in der die Faserb\u00e4llchen abk\u00fchlen und f\u00fcr die Extraktion vorbereitet werden.<\/p>\n<p>Der zweite Rotor dient als Schubgebl\u00e4se f\u00fcr das verarbeitete Produkt, das in das Sammel- und Vorratssilo bef\u00f6rdert wird. Letztere ist mit einem Rotor am Boden ausgestattet, der verhindert, dass sich das Material verdichtet und weiter ausdehnt.<\/p>\n<p><strong>WAS SIE VERARBEITEN K\u00d6NNEN<\/strong><\/p>\n<p>Polyesterfaser<\/p>\n<p><strong>HAUPTEIGENSCHAFTEN <\/strong><\/p>\n<ul>\n<li><strong>Hervorragende Fasergranulat-Qualit\u00e4t<\/strong> als innovatives F\u00fcllmaterial: Brechkraft und zus\u00e4tzliches Volumen, das die Maschine bei der Granulat-Bildung erzeugt<\/li>\n<li><strong>Elektronische Verwaltung:<\/strong> Bedienfeld zur Verwaltung aller Parameter und automatische mechanische Einstellungen.<\/li>\n<li><strong>Flexibilit\u00e4t<\/strong>: Verarbeitung unterschiedlicher Fasern, ohne dass eine mechanische Anpassung erforderlich ist.<\/li>\n<li><strong>Einfache Reinigung<\/strong>: Bei einem Materialwechsel l\u00e4sst der Selbstreinigungszyklus die Maschine einige Sekunden lang ohne Materialzufuhr laufen.<\/li>\n<li id=\"gtx-trans\" style=\"position: absolute; left: -53px; top: -4.08594px;\">\n<div class=\"gtx-trans-icon\"><\/div>\n<\/li>\n<\/ul>\n","protected":false},"excerpt":{"rendered":"<h6><strong>MASCHINE ZUR HERSTELLUNG VON FASERB\u00c4LLEN<\/strong><\/h6>\n","protected":false},"featured_media":4507,"template":"","meta":{"_acf_changed":false},"product_cat":[84,86,89,87,85,88],"product_tag":[306],"class_list":{"0":"post-4904","1":"product","2":"type-product","3":"status-publish","4":"has-post-thumbnail","6":"product_cat-geblase-kissenlinie","7":"product_cat-linie-der-zierkissen-mit-reissverschluss-und-outdoor-kissen","8":"product_cat-llinie-fuellung-tierebetten-plueschtieren-gepolsterten-gegenstaenden","9":"product_cat-produktionslinie-fuer-sofas-und-polsterungen","10":"product_cat-rohstoffaufbereitungs","11":"product_cat-rohstoffaufbereitungs-und-schrottrecyclinganlage","12":"product_tag-geblasene-kissen-und-polster","14":"first","15":"instock","16":"shipping-taxable","17":"product-type-simple"},"acf":[],"yoast_head":"<!-- This site is optimized with the Yoast SEO plugin v24.2 - https:\/\/yoast.com\/wordpress\/plugins\/seo\/ -->\n<title>MASCHINE ZUR HERSTELLUNG VON FASERB\u00c4LLEN BF-300 - Brighi Group<\/title>\n<meta name=\"description\" content=\"Hochleistungsanlage zur Herstellung von Polyester-Faserb\u00e4llchen, beschickt mit bereits offener Faser.\" \/>\n<meta name=\"robots\" content=\"index, follow, max-snippet:-1, max-image-preview:large, max-video-preview:-1\" \/>\n<link rel=\"canonical\" href=\"https:\/\/www.brighigroup.com\/de\/maschine\/bf-300\/\" \/>\n<meta property=\"og:locale\" content=\"de_DE\" \/>\n<meta property=\"og:type\" content=\"article\" \/>\n<meta property=\"og:title\" content=\"MASCHINE ZUR HERSTELLUNG VON FASERB\u00c4LLEN BF-300 - Brighi Group\" \/>\n<meta property=\"og:description\" content=\"Hochleistungsanlage zur Herstellung von Polyester-Faserb\u00e4llchen, beschickt mit bereits offener Faser.\" \/>\n<meta property=\"og:url\" content=\"https:\/\/www.brighigroup.com\/de\/maschine\/bf-300\/\" \/>\n<meta property=\"og:site_name\" content=\"Brighi Group\" \/>\n<meta property=\"article:modified_time\" content=\"2024-09-02T12:35:38+00:00\" \/>\n<meta property=\"og:image\" content=\"https:\/\/www.brighigroup.com\/wp-content\/uploads\/2021\/11\/BF-300.jpg\" \/>\n\t<meta property=\"og:image:width\" content=\"1920\" \/>\n\t<meta property=\"og:image:height\" content=\"1280\" \/>\n\t<meta property=\"og:image:type\" content=\"image\/jpeg\" \/>\n<meta name=\"twitter:card\" content=\"summary_large_image\" \/>\n<meta name=\"twitter:label1\" content=\"Gesch\u00e4tzte Lesezeit\" \/>\n\t<meta name=\"twitter:data1\" content=\"1\u00a0Minute\" \/>\n<script type=\"application\/ld+json\" class=\"yoast-schema-graph\">{\"@context\":\"https:\/\/schema.org\",\"@graph\":[{\"@type\":\"WebPage\",\"@id\":\"https:\/\/www.brighigroup.com\/de\/maschine\/bf-300\/\",\"url\":\"https:\/\/www.brighigroup.com\/de\/maschine\/bf-300\/\",\"name\":\"MASCHINE ZUR HERSTELLUNG VON FASERB\u00c4LLEN BF-300 - Brighi Group\",\"isPartOf\":{\"@id\":\"https:\/\/www.brighigroup.com\/de\/#website\"},\"primaryImageOfPage\":{\"@id\":\"https:\/\/www.brighigroup.com\/de\/maschine\/bf-300\/#primaryimage\"},\"image\":{\"@id\":\"https:\/\/www.brighigroup.com\/de\/maschine\/bf-300\/#primaryimage\"},\"thumbnailUrl\":\"https:\/\/www.brighigroup.com\/wp-content\/uploads\/2021\/11\/BF-300.jpg\",\"datePublished\":\"2021-11-30T09:21:11+00:00\",\"dateModified\":\"2024-09-02T12:35:38+00:00\",\"description\":\"Hochleistungsanlage zur Herstellung von Polyester-Faserb\u00e4llchen, beschickt mit bereits offener Faser.\",\"breadcrumb\":{\"@id\":\"https:\/\/www.brighigroup.com\/de\/maschine\/bf-300\/#breadcrumb\"},\"inLanguage\":\"de\",\"potentialAction\":[{\"@type\":\"ReadAction\",\"target\":[\"https:\/\/www.brighigroup.com\/de\/maschine\/bf-300\/\"]}]},{\"@type\":\"ImageObject\",\"inLanguage\":\"de\",\"@id\":\"https:\/\/www.brighigroup.com\/de\/maschine\/bf-300\/#primaryimage\",\"url\":\"https:\/\/www.brighigroup.com\/wp-content\/uploads\/2021\/11\/BF-300.jpg\",\"contentUrl\":\"https:\/\/www.brighigroup.com\/wp-content\/uploads\/2021\/11\/BF-300.jpg\",\"width\":1920,\"height\":1280},{\"@type\":\"BreadcrumbList\",\"@id\":\"https:\/\/www.brighigroup.com\/de\/maschine\/bf-300\/#breadcrumb\",\"itemListElement\":[{\"@type\":\"ListItem\",\"position\":1,\"name\":\"Home\",\"item\":\"https:\/\/www.brighigroup.com\/de\/home-2\/\"},{\"@type\":\"ListItem\",\"position\":2,\"name\":\"Maschinen\",\"item\":\"https:\/\/www.brighigroup.com\/de\/maschinen\/\"},{\"@type\":\"ListItem\",\"position\":3,\"name\":\"BF-300\"}]},{\"@type\":\"WebSite\",\"@id\":\"https:\/\/www.brighigroup.com\/de\/#website\",\"url\":\"https:\/\/www.brighigroup.com\/de\/\",\"name\":\"Brighi Group\",\"description\":\"Home textile e di prodotti imbottiti per il design d&#039;arredo tramandando l&#039;innovazione come cultura d&#039;impresa.\",\"potentialAction\":[{\"@type\":\"SearchAction\",\"target\":{\"@type\":\"EntryPoint\",\"urlTemplate\":\"https:\/\/www.brighigroup.com\/de\/?s={search_term_string}\"},\"query-input\":{\"@type\":\"PropertyValueSpecification\",\"valueRequired\":true,\"valueName\":\"search_term_string\"}}],\"inLanguage\":\"de\"}]}<\/script>\n<!-- \/ Yoast SEO plugin. -->","yoast_head_json":{"title":"MASCHINE ZUR HERSTELLUNG VON FASERB\u00c4LLEN BF-300 - Brighi Group","description":"Hochleistungsanlage zur Herstellung von Polyester-Faserb\u00e4llchen, beschickt mit bereits offener Faser.","robots":{"index":"index","follow":"follow","max-snippet":"max-snippet:-1","max-image-preview":"max-image-preview:large","max-video-preview":"max-video-preview:-1"},"canonical":"https:\/\/www.brighigroup.com\/de\/maschine\/bf-300\/","og_locale":"de_DE","og_type":"article","og_title":"MASCHINE ZUR HERSTELLUNG VON FASERB\u00c4LLEN BF-300 - Brighi Group","og_description":"Hochleistungsanlage zur Herstellung von Polyester-Faserb\u00e4llchen, beschickt mit bereits offener Faser.","og_url":"https:\/\/www.brighigroup.com\/de\/maschine\/bf-300\/","og_site_name":"Brighi Group","article_modified_time":"2024-09-02T12:35:38+00:00","og_image":[{"width":1920,"height":1280,"url":"https:\/\/www.brighigroup.com\/wp-content\/uploads\/2021\/11\/BF-300.jpg","type":"image\/jpeg"}],"twitter_card":"summary_large_image","twitter_misc":{"Gesch\u00e4tzte Lesezeit":"1\u00a0Minute"},"schema":{"@context":"https:\/\/schema.org","@graph":[{"@type":"WebPage","@id":"https:\/\/www.brighigroup.com\/de\/maschine\/bf-300\/","url":"https:\/\/www.brighigroup.com\/de\/maschine\/bf-300\/","name":"MASCHINE ZUR HERSTELLUNG VON FASERB\u00c4LLEN BF-300 - Brighi Group","isPartOf":{"@id":"https:\/\/www.brighigroup.com\/de\/#website"},"primaryImageOfPage":{"@id":"https:\/\/www.brighigroup.com\/de\/maschine\/bf-300\/#primaryimage"},"image":{"@id":"https:\/\/www.brighigroup.com\/de\/maschine\/bf-300\/#primaryimage"},"thumbnailUrl":"https:\/\/www.brighigroup.com\/wp-content\/uploads\/2021\/11\/BF-300.jpg","datePublished":"2021-11-30T09:21:11+00:00","dateModified":"2024-09-02T12:35:38+00:00","description":"Hochleistungsanlage zur Herstellung von Polyester-Faserb\u00e4llchen, beschickt mit bereits offener Faser.","breadcrumb":{"@id":"https:\/\/www.brighigroup.com\/de\/maschine\/bf-300\/#breadcrumb"},"inLanguage":"de","potentialAction":[{"@type":"ReadAction","target":["https:\/\/www.brighigroup.com\/de\/maschine\/bf-300\/"]}]},{"@type":"ImageObject","inLanguage":"de","@id":"https:\/\/www.brighigroup.com\/de\/maschine\/bf-300\/#primaryimage","url":"https:\/\/www.brighigroup.com\/wp-content\/uploads\/2021\/11\/BF-300.jpg","contentUrl":"https:\/\/www.brighigroup.com\/wp-content\/uploads\/2021\/11\/BF-300.jpg","width":1920,"height":1280},{"@type":"BreadcrumbList","@id":"https:\/\/www.brighigroup.com\/de\/maschine\/bf-300\/#breadcrumb","itemListElement":[{"@type":"ListItem","position":1,"name":"Home","item":"https:\/\/www.brighigroup.com\/de\/home-2\/"},{"@type":"ListItem","position":2,"name":"Maschinen","item":"https:\/\/www.brighigroup.com\/de\/maschinen\/"},{"@type":"ListItem","position":3,"name":"BF-300"}]},{"@type":"WebSite","@id":"https:\/\/www.brighigroup.com\/de\/#website","url":"https:\/\/www.brighigroup.com\/de\/","name":"Brighi Group","description":"Home textile e di prodotti imbottiti per il design d&#039;arredo tramandando l&#039;innovazione come cultura d&#039;impresa.","potentialAction":[{"@type":"SearchAction","target":{"@type":"EntryPoint","urlTemplate":"https:\/\/www.brighigroup.com\/de\/?s={search_term_string}"},"query-input":{"@type":"PropertyValueSpecification","valueRequired":true,"valueName":"search_term_string"}}],"inLanguage":"de"}]}},"_links":{"self":[{"href":"https:\/\/www.brighigroup.com\/de\/wp-json\/wp\/v2\/product\/4904","targetHints":{"allow":["GET"]}}],"collection":[{"href":"https:\/\/www.brighigroup.com\/de\/wp-json\/wp\/v2\/product"}],"about":[{"href":"https:\/\/www.brighigroup.com\/de\/wp-json\/wp\/v2\/types\/product"}],"wp:featuredmedia":[{"embeddable":true,"href":"https:\/\/www.brighigroup.com\/de\/wp-json\/wp\/v2\/media\/4507"}],"wp:attachment":[{"href":"https:\/\/www.brighigroup.com\/de\/wp-json\/wp\/v2\/media?parent=4904"}],"wp:term":[{"taxonomy":"product_cat","embeddable":true,"href":"https:\/\/www.brighigroup.com\/de\/wp-json\/wp\/v2\/product_cat?post=4904"},{"taxonomy":"product_tag","embeddable":true,"href":"https:\/\/www.brighigroup.com\/de\/wp-json\/wp\/v2\/product_tag?post=4904"}],"curies":[{"name":"wp","href":"https:\/\/api.w.org\/{rel}","templated":true}]}}