{"id":4903,"date":"2020-03-01T14:52:16","date_gmt":"2021-11-17T13:52:16","guid":{"rendered":"https:\/\/www.brighigroup.com\/macchina\/rm-100\/"},"modified":"2022-09-29T14:22:03","modified_gmt":"2022-09-29T12:22:03","slug":"rm-100","status":"publish","type":"product","link":"https:\/\/www.brighigroup.com\/de\/maschine\/rm-100\/","title":{"rendered":"RM-100"},"content":{"rendered":"<h2><strong>WIEGE- UND WICKELMASCHINE F\u00dcR KARDIERTE FASER<\/strong><\/h2>\n<p><strong>Maschine zum Wiegen und Aufrollen der kardierten Faserschicht<\/strong>; die gebildeten Rollen werden \u00fcber ein Schr\u00e4gband den Kissen- und Polsterf\u00fcllsystemen zugef\u00fchrt. Die Maschine kann automatisch Faserrollen au\u00dferhalb des Zielgewichts aussortieren (optional).<\/p>\n<p>Der RM-100 kann an die Zuf\u00fchr- und Schneidemaschine <a href=\"https:\/\/www.brighigroup.com\/de\/maschine\/cm-100\/\">CM-100<\/a> angeschlossen werden.<\/p>\n<p>&nbsp;<\/p>\n<p><iframe title=\"Carded Fiber Processing System\" width=\"800\" height=\"450\" src=\"https:\/\/www.youtube-nocookie.com\/embed\/JeuZR8tvMlQ?feature=oembed\" frameborder=\"0\" allow=\"accelerometer; autoplay; clipboard-write; encrypted-media; gyroscope; picture-in-picture\" allowfullscreen><\/iframe><\/p>\n<p>&nbsp;<\/p>\n<p><strong>PRODUKT<\/strong><\/p>\n<p>Rollen aus kardierter Faser<\/p>\n<p><strong>HAUPTEIGENSCHAFTEN<\/strong><\/p>\n<ul>\n<li><strong>Elektronische Verwaltung<\/strong>: Der Touchscreen der Maschine erm\u00f6glicht die Verwaltung aller Parameter, die Speicherung von Rezepten f\u00fcr die verschiedenen Produkte, die \u00dcberpr\u00fcfung des Status der Maschine und der Verbrauchsmaterialien sowie den Erhalt von Prozessinformationen im lokalen Modus.<\/li>\n<li><strong>Flexibilit\u00e4t<\/strong>: breites Spektrum an Gr\u00f6\u00dfen je nach vorgeschalteter Karde.<\/li>\n<li>Automatisches Ablehnungssystem (optional), wenn das Gewicht nicht mit dem eingestellten Rezept \u00fcbereinstimmt.<\/li>\n<li id=\"gtx-trans\" style=\"position: absolute; left: -17px; top: -4.08594px;\">\n<div class=\"gtx-trans-icon\"><\/div>\n<\/li>\n<\/ul>\n","protected":false},"excerpt":{"rendered":"<h6><strong>WIEGE- UND WICKELMASCHINE F\u00dcR KARDIERTE FASER<\/strong><\/h6>\n","protected":false},"featured_media":4588,"template":"","meta":{"_acf_changed":false},"product_cat":[112,85],"product_tag":[301],"class_list":{"0":"post-4903","1":"product","2":"type-product","3":"status-publish","4":"has-post-thumbnail","6":"product_cat-kardierte-kissenlinie","7":"product_cat-rohstoffaufbereitungs","8":"product_tag-kopfkissen-und-kissen-aus-kardierter-faser","10":"first","11":"instock","12":"shipping-taxable","13":"product-type-simple"},"acf":[],"yoast_head":"<!-- This site is optimized with the Yoast SEO plugin v24.2 - https:\/\/yoast.com\/wordpress\/plugins\/seo\/ -->\n<title>WIEGE- UND WICKELMASCHINE F\u00dcR KARDIERTE FASER RM-100 - Brighi Group<\/title>\n<meta name=\"description\" content=\"Maschine zum Wiegen, Selektieren und Rollen der kardierten Faserlage zum F\u00fcllen von Polstern und Kopfkissen.\" \/>\n<meta name=\"robots\" content=\"index, follow, max-snippet:-1, max-image-preview:large, max-video-preview:-1\" \/>\n<link rel=\"canonical\" href=\"https:\/\/www.brighigroup.com\/de\/maschine\/rm-100\/\" \/>\n<meta property=\"og:locale\" content=\"de_DE\" \/>\n<meta property=\"og:type\" content=\"article\" \/>\n<meta property=\"og:title\" content=\"WIEGE- UND WICKELMASCHINE F\u00dcR KARDIERTE FASER RM-100 - Brighi Group\" \/>\n<meta property=\"og:description\" content=\"Maschine zum Wiegen, Selektieren und Rollen der kardierten Faserlage zum F\u00fcllen von Polstern und Kopfkissen.\" \/>\n<meta property=\"og:url\" content=\"https:\/\/www.brighigroup.com\/de\/maschine\/rm-100\/\" \/>\n<meta property=\"og:site_name\" content=\"Brighi Group\" \/>\n<meta property=\"article:modified_time\" content=\"2022-09-29T12:22:03+00:00\" \/>\n<meta property=\"og:image\" content=\"https:\/\/www.brighigroup.com\/wp-content\/uploads\/2021\/11\/RM-100-1.jpg\" \/>\n\t<meta property=\"og:image:width\" content=\"1920\" \/>\n\t<meta property=\"og:image:height\" content=\"1280\" \/>\n\t<meta property=\"og:image:type\" content=\"image\/jpeg\" \/>\n<meta name=\"twitter:card\" content=\"summary_large_image\" \/>\n<meta name=\"twitter:label1\" content=\"Gesch\u00e4tzte Lesezeit\" \/>\n\t<meta name=\"twitter:data1\" content=\"1\u00a0Minute\" \/>\n<script type=\"application\/ld+json\" class=\"yoast-schema-graph\">{\"@context\":\"https:\/\/schema.org\",\"@graph\":[{\"@type\":\"WebPage\",\"@id\":\"https:\/\/www.brighigroup.com\/de\/maschine\/rm-100\/\",\"url\":\"https:\/\/www.brighigroup.com\/de\/maschine\/rm-100\/\",\"name\":\"WIEGE- UND WICKELMASCHINE F\u00dcR KARDIERTE FASER RM-100 - Brighi Group\",\"isPartOf\":{\"@id\":\"https:\/\/www.brighigroup.com\/de\/#website\"},\"primaryImageOfPage\":{\"@id\":\"https:\/\/www.brighigroup.com\/de\/maschine\/rm-100\/#primaryimage\"},\"image\":{\"@id\":\"https:\/\/www.brighigroup.com\/de\/maschine\/rm-100\/#primaryimage\"},\"thumbnailUrl\":\"https:\/\/www.brighigroup.com\/wp-content\/uploads\/2021\/11\/RM-100-1.jpg\",\"datePublished\":\"2021-11-17T13:52:16+00:00\",\"dateModified\":\"2022-09-29T12:22:03+00:00\",\"description\":\"Maschine zum Wiegen, Selektieren und Rollen der kardierten Faserlage zum F\u00fcllen von Polstern und Kopfkissen.\",\"breadcrumb\":{\"@id\":\"https:\/\/www.brighigroup.com\/de\/maschine\/rm-100\/#breadcrumb\"},\"inLanguage\":\"de\",\"potentialAction\":[{\"@type\":\"ReadAction\",\"target\":[\"https:\/\/www.brighigroup.com\/de\/maschine\/rm-100\/\"]}]},{\"@type\":\"ImageObject\",\"inLanguage\":\"de\",\"@id\":\"https:\/\/www.brighigroup.com\/de\/maschine\/rm-100\/#primaryimage\",\"url\":\"https:\/\/www.brighigroup.com\/wp-content\/uploads\/2021\/11\/RM-100-1.jpg\",\"contentUrl\":\"https:\/\/www.brighigroup.com\/wp-content\/uploads\/2021\/11\/RM-100-1.jpg\",\"width\":1920,\"height\":1280},{\"@type\":\"BreadcrumbList\",\"@id\":\"https:\/\/www.brighigroup.com\/de\/maschine\/rm-100\/#breadcrumb\",\"itemListElement\":[{\"@type\":\"ListItem\",\"position\":1,\"name\":\"Home\",\"item\":\"https:\/\/www.brighigroup.com\/de\/home-2\/\"},{\"@type\":\"ListItem\",\"position\":2,\"name\":\"Maschinen\",\"item\":\"https:\/\/www.brighigroup.com\/de\/maschinen\/\"},{\"@type\":\"ListItem\",\"position\":3,\"name\":\"RM-100\"}]},{\"@type\":\"WebSite\",\"@id\":\"https:\/\/www.brighigroup.com\/de\/#website\",\"url\":\"https:\/\/www.brighigroup.com\/de\/\",\"name\":\"Brighi Group\",\"description\":\"Home textile e di prodotti imbottiti per il design d&#039;arredo tramandando l&#039;innovazione come cultura d&#039;impresa.\",\"potentialAction\":[{\"@type\":\"SearchAction\",\"target\":{\"@type\":\"EntryPoint\",\"urlTemplate\":\"https:\/\/www.brighigroup.com\/de\/?s={search_term_string}\"},\"query-input\":{\"@type\":\"PropertyValueSpecification\",\"valueRequired\":true,\"valueName\":\"search_term_string\"}}],\"inLanguage\":\"de\"}]}<\/script>\n<!-- \/ Yoast SEO plugin. -->","yoast_head_json":{"title":"WIEGE- UND WICKELMASCHINE F\u00dcR KARDIERTE FASER RM-100 - Brighi Group","description":"Maschine zum Wiegen, Selektieren und Rollen der kardierten Faserlage zum F\u00fcllen von Polstern und Kopfkissen.","robots":{"index":"index","follow":"follow","max-snippet":"max-snippet:-1","max-image-preview":"max-image-preview:large","max-video-preview":"max-video-preview:-1"},"canonical":"https:\/\/www.brighigroup.com\/de\/maschine\/rm-100\/","og_locale":"de_DE","og_type":"article","og_title":"WIEGE- UND WICKELMASCHINE F\u00dcR KARDIERTE FASER RM-100 - Brighi Group","og_description":"Maschine zum Wiegen, Selektieren und Rollen der kardierten Faserlage zum F\u00fcllen von Polstern und Kopfkissen.","og_url":"https:\/\/www.brighigroup.com\/de\/maschine\/rm-100\/","og_site_name":"Brighi Group","article_modified_time":"2022-09-29T12:22:03+00:00","og_image":[{"width":1920,"height":1280,"url":"https:\/\/www.brighigroup.com\/wp-content\/uploads\/2021\/11\/RM-100-1.jpg","type":"image\/jpeg"}],"twitter_card":"summary_large_image","twitter_misc":{"Gesch\u00e4tzte Lesezeit":"1\u00a0Minute"},"schema":{"@context":"https:\/\/schema.org","@graph":[{"@type":"WebPage","@id":"https:\/\/www.brighigroup.com\/de\/maschine\/rm-100\/","url":"https:\/\/www.brighigroup.com\/de\/maschine\/rm-100\/","name":"WIEGE- UND WICKELMASCHINE F\u00dcR KARDIERTE FASER RM-100 - Brighi Group","isPartOf":{"@id":"https:\/\/www.brighigroup.com\/de\/#website"},"primaryImageOfPage":{"@id":"https:\/\/www.brighigroup.com\/de\/maschine\/rm-100\/#primaryimage"},"image":{"@id":"https:\/\/www.brighigroup.com\/de\/maschine\/rm-100\/#primaryimage"},"thumbnailUrl":"https:\/\/www.brighigroup.com\/wp-content\/uploads\/2021\/11\/RM-100-1.jpg","datePublished":"2021-11-17T13:52:16+00:00","dateModified":"2022-09-29T12:22:03+00:00","description":"Maschine zum Wiegen, Selektieren und Rollen der kardierten Faserlage zum F\u00fcllen von Polstern und Kopfkissen.","breadcrumb":{"@id":"https:\/\/www.brighigroup.com\/de\/maschine\/rm-100\/#breadcrumb"},"inLanguage":"de","potentialAction":[{"@type":"ReadAction","target":["https:\/\/www.brighigroup.com\/de\/maschine\/rm-100\/"]}]},{"@type":"ImageObject","inLanguage":"de","@id":"https:\/\/www.brighigroup.com\/de\/maschine\/rm-100\/#primaryimage","url":"https:\/\/www.brighigroup.com\/wp-content\/uploads\/2021\/11\/RM-100-1.jpg","contentUrl":"https:\/\/www.brighigroup.com\/wp-content\/uploads\/2021\/11\/RM-100-1.jpg","width":1920,"height":1280},{"@type":"BreadcrumbList","@id":"https:\/\/www.brighigroup.com\/de\/maschine\/rm-100\/#breadcrumb","itemListElement":[{"@type":"ListItem","position":1,"name":"Home","item":"https:\/\/www.brighigroup.com\/de\/home-2\/"},{"@type":"ListItem","position":2,"name":"Maschinen","item":"https:\/\/www.brighigroup.com\/de\/maschinen\/"},{"@type":"ListItem","position":3,"name":"RM-100"}]},{"@type":"WebSite","@id":"https:\/\/www.brighigroup.com\/de\/#website","url":"https:\/\/www.brighigroup.com\/de\/","name":"Brighi Group","description":"Home textile e di prodotti imbottiti per il design d&#039;arredo tramandando l&#039;innovazione come cultura d&#039;impresa.","potentialAction":[{"@type":"SearchAction","target":{"@type":"EntryPoint","urlTemplate":"https:\/\/www.brighigroup.com\/de\/?s={search_term_string}"},"query-input":{"@type":"PropertyValueSpecification","valueRequired":true,"valueName":"search_term_string"}}],"inLanguage":"de"}]}},"_links":{"self":[{"href":"https:\/\/www.brighigroup.com\/de\/wp-json\/wp\/v2\/product\/4903","targetHints":{"allow":["GET"]}}],"collection":[{"href":"https:\/\/www.brighigroup.com\/de\/wp-json\/wp\/v2\/product"}],"about":[{"href":"https:\/\/www.brighigroup.com\/de\/wp-json\/wp\/v2\/types\/product"}],"wp:featuredmedia":[{"embeddable":true,"href":"https:\/\/www.brighigroup.com\/de\/wp-json\/wp\/v2\/media\/4588"}],"wp:attachment":[{"href":"https:\/\/www.brighigroup.com\/de\/wp-json\/wp\/v2\/media?parent=4903"}],"wp:term":[{"taxonomy":"product_cat","embeddable":true,"href":"https:\/\/www.brighigroup.com\/de\/wp-json\/wp\/v2\/product_cat?post=4903"},{"taxonomy":"product_tag","embeddable":true,"href":"https:\/\/www.brighigroup.com\/de\/wp-json\/wp\/v2\/product_tag?post=4903"}],"curies":[{"name":"wp","href":"https:\/\/api.w.org\/{rel}","templated":true}]}}