{"id":4902,"date":"2020-07-01T14:51:57","date_gmt":"2021-11-17T13:51:57","guid":{"rendered":"https:\/\/www.brighigroup.com\/macchina\/cm-100\/"},"modified":"2022-09-29T14:27:33","modified_gmt":"2022-09-29T12:27:33","slug":"cm-100","status":"publish","type":"product","link":"https:\/\/www.brighigroup.com\/de\/maschine\/cm-100\/","title":{"rendered":"CM-100"},"content":{"rendered":"<h2><strong>ZUF\u00dcHR- UND SCHNEIDEMASCHINE F\u00dcR KARDIERTE FASER<\/strong><\/h2>\n<p>Die CM-100 ist eine <strong>automatische Maschine zum Zuschneiden von Watteauflagen f\u00fcr Kissen und Polster<\/strong>. Die Maschine wird direkt am Ausgang der Kreuzleger mit der Krempelstra\u00dfe (Garnettstra\u00dfe) verbunden. Es sind <strong>zwei Schneideoptionen verf\u00fcgbar: mit Scheiben oder mit Rollen<\/strong>. Die Faserstreifen sind dann bereit f\u00fcr die \u00dcbergabe an das Laminier- und Wiegesystem Modell <a href=\"https:\/\/www.brighigroup.com\/de\/maschine\/rm-100\/\">RM-100<\/a>.<\/p>\n<p>&nbsp;<\/p>\n<p><iframe title=\"Carded Fiber Processing System\" width=\"800\" height=\"450\" src=\"https:\/\/www.youtube-nocookie.com\/embed\/JeuZR8tvMlQ?feature=oembed\" frameborder=\"0\" allow=\"accelerometer; autoplay; clipboard-write; encrypted-media; gyroscope; picture-in-picture\" allowfullscreen><\/iframe><\/p>\n<p><strong>PRODUKT<\/strong><\/p>\n<p>Rollen aus kardierter Faser<\/p>\n<p><strong>HAUPTEIGENSCHAFTEN<\/strong><\/p>\n<ul>\n<li><strong>Elektronische Verwaltung<\/strong>: Der Touchscreen der Maschine erm\u00f6glicht die Verwaltung aller Parameter, die Speicherung von Rezepten f\u00fcr die verschiedenen Produkte, die \u00dcberpr\u00fcfung des Status der Maschine und der Verbrauchsmaterialien sowie den Erhalt von Prozessinformationen im lokalen Modus.<\/li>\n<li><strong>Flexibilit\u00e4t<\/strong>: breites Spektrum an Gr\u00f6\u00dfen, abh\u00e4ngig von der Leistung der vorgeschalteten Karde.<\/li>\n<li><strong>Pr\u00e4zises Aufrei\u00dfen und schonende Behandlung des Produkts<\/strong>: dank spezieller Walzen, die die Fasern zusammendr\u00fccken und aufrei\u00dfen.<\/li>\n<li>Einfacher Anschluss an die Karde des Kunden<\/li>\n<li id=\"gtx-trans\" style=\"position: absolute; left: -12px; top: -4.08594px;\">\n<div class=\"gtx-trans-icon\"><\/div>\n<\/li>\n<\/ul>\n","protected":false},"excerpt":{"rendered":"<h6><strong>ZUF\u00dcHR- UND SCHNEIDEMASCHINE F\u00dcR KARDIERTE FASER<\/strong><\/h6>\n","protected":false},"featured_media":4585,"template":"","meta":{"_acf_changed":false},"product_cat":[112,85],"product_tag":[301],"class_list":{"0":"post-4902","1":"product","2":"type-product","3":"status-publish","4":"has-post-thumbnail","6":"product_cat-kardierte-kissenlinie","7":"product_cat-rohstoffaufbereitungs","8":"product_tag-kopfkissen-und-kissen-aus-kardierter-faser","10":"first","11":"instock","12":"shipping-taxable","13":"product-type-simple"},"acf":[],"yoast_head":"<!-- This site is optimized with the Yoast SEO plugin v24.2 - https:\/\/yoast.com\/wordpress\/plugins\/seo\/ -->\n<title>ZUF\u00dcHR- UND SCHNEIDEMASCHINE F\u00dcR KARDIERTE FASER CM-100 - Brighi Group<\/title>\n<meta name=\"description\" content=\"Maschine mit elektronisch gesteuertem Touchscreen, um kundenspezifische kardierte Klappenbl\u00e4tter f\u00fcr Kissen und Kopfkissen zu erhalten.\" \/>\n<meta name=\"robots\" content=\"index, follow, max-snippet:-1, max-image-preview:large, max-video-preview:-1\" \/>\n<link rel=\"canonical\" href=\"https:\/\/www.brighigroup.com\/de\/maschine\/cm-100\/\" \/>\n<meta property=\"og:locale\" content=\"de_DE\" \/>\n<meta property=\"og:type\" content=\"article\" \/>\n<meta property=\"og:title\" content=\"ZUF\u00dcHR- UND SCHNEIDEMASCHINE F\u00dcR KARDIERTE FASER CM-100 - Brighi Group\" \/>\n<meta property=\"og:description\" content=\"Maschine mit elektronisch gesteuertem Touchscreen, um kundenspezifische kardierte Klappenbl\u00e4tter f\u00fcr Kissen und Kopfkissen zu erhalten.\" \/>\n<meta property=\"og:url\" content=\"https:\/\/www.brighigroup.com\/de\/maschine\/cm-100\/\" \/>\n<meta property=\"og:site_name\" content=\"Brighi Group\" \/>\n<meta property=\"article:modified_time\" content=\"2022-09-29T12:27:33+00:00\" \/>\n<meta property=\"og:image\" content=\"https:\/\/www.brighigroup.com\/wp-content\/uploads\/2021\/11\/CM-100.jpg\" \/>\n\t<meta property=\"og:image:width\" content=\"1920\" \/>\n\t<meta property=\"og:image:height\" content=\"1280\" \/>\n\t<meta property=\"og:image:type\" content=\"image\/jpeg\" \/>\n<meta name=\"twitter:card\" content=\"summary_large_image\" \/>\n<meta name=\"twitter:label1\" content=\"Gesch\u00e4tzte Lesezeit\" \/>\n\t<meta name=\"twitter:data1\" content=\"1\u00a0Minute\" \/>\n<script type=\"application\/ld+json\" class=\"yoast-schema-graph\">{\"@context\":\"https:\/\/schema.org\",\"@graph\":[{\"@type\":\"WebPage\",\"@id\":\"https:\/\/www.brighigroup.com\/de\/maschine\/cm-100\/\",\"url\":\"https:\/\/www.brighigroup.com\/de\/maschine\/cm-100\/\",\"name\":\"ZUF\u00dcHR- UND SCHNEIDEMASCHINE F\u00dcR KARDIERTE FASER CM-100 - Brighi Group\",\"isPartOf\":{\"@id\":\"https:\/\/www.brighigroup.com\/de\/#website\"},\"primaryImageOfPage\":{\"@id\":\"https:\/\/www.brighigroup.com\/de\/maschine\/cm-100\/#primaryimage\"},\"image\":{\"@id\":\"https:\/\/www.brighigroup.com\/de\/maschine\/cm-100\/#primaryimage\"},\"thumbnailUrl\":\"https:\/\/www.brighigroup.com\/wp-content\/uploads\/2021\/11\/CM-100.jpg\",\"datePublished\":\"2021-11-17T13:51:57+00:00\",\"dateModified\":\"2022-09-29T12:27:33+00:00\",\"description\":\"Maschine mit elektronisch gesteuertem Touchscreen, um kundenspezifische kardierte Klappenbl\u00e4tter f\u00fcr Kissen und Kopfkissen zu erhalten.\",\"breadcrumb\":{\"@id\":\"https:\/\/www.brighigroup.com\/de\/maschine\/cm-100\/#breadcrumb\"},\"inLanguage\":\"de\",\"potentialAction\":[{\"@type\":\"ReadAction\",\"target\":[\"https:\/\/www.brighigroup.com\/de\/maschine\/cm-100\/\"]}]},{\"@type\":\"ImageObject\",\"inLanguage\":\"de\",\"@id\":\"https:\/\/www.brighigroup.com\/de\/maschine\/cm-100\/#primaryimage\",\"url\":\"https:\/\/www.brighigroup.com\/wp-content\/uploads\/2021\/11\/CM-100.jpg\",\"contentUrl\":\"https:\/\/www.brighigroup.com\/wp-content\/uploads\/2021\/11\/CM-100.jpg\",\"width\":1920,\"height\":1280},{\"@type\":\"BreadcrumbList\",\"@id\":\"https:\/\/www.brighigroup.com\/de\/maschine\/cm-100\/#breadcrumb\",\"itemListElement\":[{\"@type\":\"ListItem\",\"position\":1,\"name\":\"Home\",\"item\":\"https:\/\/www.brighigroup.com\/de\/home-2\/\"},{\"@type\":\"ListItem\",\"position\":2,\"name\":\"Maschinen\",\"item\":\"https:\/\/www.brighigroup.com\/de\/maschinen\/\"},{\"@type\":\"ListItem\",\"position\":3,\"name\":\"CM-100\"}]},{\"@type\":\"WebSite\",\"@id\":\"https:\/\/www.brighigroup.com\/de\/#website\",\"url\":\"https:\/\/www.brighigroup.com\/de\/\",\"name\":\"Brighi Group\",\"description\":\"Home textile e di prodotti imbottiti per il design d&#039;arredo tramandando l&#039;innovazione come cultura d&#039;impresa.\",\"potentialAction\":[{\"@type\":\"SearchAction\",\"target\":{\"@type\":\"EntryPoint\",\"urlTemplate\":\"https:\/\/www.brighigroup.com\/de\/?s={search_term_string}\"},\"query-input\":{\"@type\":\"PropertyValueSpecification\",\"valueRequired\":true,\"valueName\":\"search_term_string\"}}],\"inLanguage\":\"de\"}]}<\/script>\n<!-- \/ Yoast SEO plugin. -->","yoast_head_json":{"title":"ZUF\u00dcHR- UND SCHNEIDEMASCHINE F\u00dcR KARDIERTE FASER CM-100 - Brighi Group","description":"Maschine mit elektronisch gesteuertem Touchscreen, um kundenspezifische kardierte Klappenbl\u00e4tter f\u00fcr Kissen und Kopfkissen zu erhalten.","robots":{"index":"index","follow":"follow","max-snippet":"max-snippet:-1","max-image-preview":"max-image-preview:large","max-video-preview":"max-video-preview:-1"},"canonical":"https:\/\/www.brighigroup.com\/de\/maschine\/cm-100\/","og_locale":"de_DE","og_type":"article","og_title":"ZUF\u00dcHR- UND SCHNEIDEMASCHINE F\u00dcR KARDIERTE FASER CM-100 - Brighi Group","og_description":"Maschine mit elektronisch gesteuertem Touchscreen, um kundenspezifische kardierte Klappenbl\u00e4tter f\u00fcr Kissen und Kopfkissen zu erhalten.","og_url":"https:\/\/www.brighigroup.com\/de\/maschine\/cm-100\/","og_site_name":"Brighi Group","article_modified_time":"2022-09-29T12:27:33+00:00","og_image":[{"width":1920,"height":1280,"url":"https:\/\/www.brighigroup.com\/wp-content\/uploads\/2021\/11\/CM-100.jpg","type":"image\/jpeg"}],"twitter_card":"summary_large_image","twitter_misc":{"Gesch\u00e4tzte Lesezeit":"1\u00a0Minute"},"schema":{"@context":"https:\/\/schema.org","@graph":[{"@type":"WebPage","@id":"https:\/\/www.brighigroup.com\/de\/maschine\/cm-100\/","url":"https:\/\/www.brighigroup.com\/de\/maschine\/cm-100\/","name":"ZUF\u00dcHR- UND SCHNEIDEMASCHINE F\u00dcR KARDIERTE FASER CM-100 - Brighi Group","isPartOf":{"@id":"https:\/\/www.brighigroup.com\/de\/#website"},"primaryImageOfPage":{"@id":"https:\/\/www.brighigroup.com\/de\/maschine\/cm-100\/#primaryimage"},"image":{"@id":"https:\/\/www.brighigroup.com\/de\/maschine\/cm-100\/#primaryimage"},"thumbnailUrl":"https:\/\/www.brighigroup.com\/wp-content\/uploads\/2021\/11\/CM-100.jpg","datePublished":"2021-11-17T13:51:57+00:00","dateModified":"2022-09-29T12:27:33+00:00","description":"Maschine mit elektronisch gesteuertem Touchscreen, um kundenspezifische kardierte Klappenbl\u00e4tter f\u00fcr Kissen und Kopfkissen zu erhalten.","breadcrumb":{"@id":"https:\/\/www.brighigroup.com\/de\/maschine\/cm-100\/#breadcrumb"},"inLanguage":"de","potentialAction":[{"@type":"ReadAction","target":["https:\/\/www.brighigroup.com\/de\/maschine\/cm-100\/"]}]},{"@type":"ImageObject","inLanguage":"de","@id":"https:\/\/www.brighigroup.com\/de\/maschine\/cm-100\/#primaryimage","url":"https:\/\/www.brighigroup.com\/wp-content\/uploads\/2021\/11\/CM-100.jpg","contentUrl":"https:\/\/www.brighigroup.com\/wp-content\/uploads\/2021\/11\/CM-100.jpg","width":1920,"height":1280},{"@type":"BreadcrumbList","@id":"https:\/\/www.brighigroup.com\/de\/maschine\/cm-100\/#breadcrumb","itemListElement":[{"@type":"ListItem","position":1,"name":"Home","item":"https:\/\/www.brighigroup.com\/de\/home-2\/"},{"@type":"ListItem","position":2,"name":"Maschinen","item":"https:\/\/www.brighigroup.com\/de\/maschinen\/"},{"@type":"ListItem","position":3,"name":"CM-100"}]},{"@type":"WebSite","@id":"https:\/\/www.brighigroup.com\/de\/#website","url":"https:\/\/www.brighigroup.com\/de\/","name":"Brighi Group","description":"Home textile e di prodotti imbottiti per il design d&#039;arredo tramandando l&#039;innovazione come cultura d&#039;impresa.","potentialAction":[{"@type":"SearchAction","target":{"@type":"EntryPoint","urlTemplate":"https:\/\/www.brighigroup.com\/de\/?s={search_term_string}"},"query-input":{"@type":"PropertyValueSpecification","valueRequired":true,"valueName":"search_term_string"}}],"inLanguage":"de"}]}},"_links":{"self":[{"href":"https:\/\/www.brighigroup.com\/de\/wp-json\/wp\/v2\/product\/4902","targetHints":{"allow":["GET"]}}],"collection":[{"href":"https:\/\/www.brighigroup.com\/de\/wp-json\/wp\/v2\/product"}],"about":[{"href":"https:\/\/www.brighigroup.com\/de\/wp-json\/wp\/v2\/types\/product"}],"wp:featuredmedia":[{"embeddable":true,"href":"https:\/\/www.brighigroup.com\/de\/wp-json\/wp\/v2\/media\/4585"}],"wp:attachment":[{"href":"https:\/\/www.brighigroup.com\/de\/wp-json\/wp\/v2\/media?parent=4902"}],"wp:term":[{"taxonomy":"product_cat","embeddable":true,"href":"https:\/\/www.brighigroup.com\/de\/wp-json\/wp\/v2\/product_cat?post=4902"},{"taxonomy":"product_tag","embeddable":true,"href":"https:\/\/www.brighigroup.com\/de\/wp-json\/wp\/v2\/product_tag?post=4902"}],"curies":[{"name":"wp","href":"https:\/\/api.w.org\/{rel}","templated":true}]}}