{"id":4901,"date":"2022-01-01T10:00:34","date_gmt":"2021-11-30T09:14:34","guid":{"rendered":"https:\/\/www.brighigroup.com\/macchina\/of-550\/"},"modified":"2022-09-29T12:28:14","modified_gmt":"2022-09-29T10:28:14","slug":"of-550","status":"publish","type":"product","link":"https:\/\/www.brighigroup.com\/de\/maschine\/of-550\/","title":{"rendered":"OF-550"},"content":{"rendered":"<h2><strong>FASER\u00d6FFNER-MASCHINE<\/strong><\/h2>\n<p><strong>4-stufiger Faser\u00f6ffner<\/strong>, ausgestattet mit Laufr\u00e4dern mit unterschiedlicher Stachelfl\u00e4chengeometrie, um eine vollst\u00e4ndige und genaue \u00d6ffnung der Faser zu gew\u00e4hrleisten. Die Stufen fungieren als Aspiratoren\/Ventilatoren: Auf diese Weise werden <strong>die Fasern direkt angesaugt und geblasen<\/strong>, ohne dass zus\u00e4tzliche Aspiratoren erforderlich sind.<\/p>\n<p><strong>WELCHE FASERN K\u00d6NNEN GE\u00d6FFNET WERDEN<\/strong><\/p>\n<p>Polyesterfasern und Mikrofasern, unbehandelt oder recycelt, hohl, konjugiert, trocken, silikonisiert<\/p>\n<p><strong>HAUPTEIGENSCHAFTEN <\/strong><\/p>\n<ul>\n<li><strong>Au\u00dfergew\u00f6hnliche \u00d6ffnungsqualit\u00e4t der Faser<\/strong>: Volumen und Elastizit\u00e4t des Endprodukts aufgrund des hohen \u00d6ffnungsgrads.<\/li>\n<li><strong>Stressfreier \u00d6ffnungsprozess<\/strong>: Luftstrom und Stachelscheiben besch\u00e4digen die Faser mechanisch nicht und \u00fcberhitzen sie nicht.<\/li>\n<li><strong>Elektronische Steuerung:<\/strong> Potentiometer zur \u00c4nderung der Geschwindigkeit der \u00d6ffnungsstufen bei Bedarf.<\/li>\n<li><strong>Flexibilit\u00e4t<\/strong>: breites Spektrum an Fasern, die von der Maschine ge\u00f6ffnet werden k\u00f6nnen, ohne dass mechanische Einstellungen erforderlich sind.<\/li>\n<li id=\"gtx-trans\" style=\"position: absolute; left: -3px; top: -4.08594px;\">\n<div class=\"gtx-trans-icon\"><\/div>\n<\/li>\n<\/ul>\n","protected":false},"excerpt":{"rendered":"<h6><strong>FASER\u00d6FFNER-MASCHINE<\/strong><\/h6>\n","protected":false},"featured_media":4508,"template":"","meta":{"_acf_changed":false},"product_cat":[84,86,89,87,85,88],"product_tag":[306],"class_list":{"0":"post-4901","1":"product","2":"type-product","3":"status-publish","4":"has-post-thumbnail","6":"product_cat-geblase-kissenlinie","7":"product_cat-linie-der-zierkissen-mit-reissverschluss-und-outdoor-kissen","8":"product_cat-llinie-fuellung-tierebetten-plueschtieren-gepolsterten-gegenstaenden","9":"product_cat-produktionslinie-fuer-sofas-und-polsterungen","10":"product_cat-rohstoffaufbereitungs","11":"product_cat-rohstoffaufbereitungs-und-schrottrecyclinganlage","12":"product_tag-geblasene-kissen-und-polster","14":"first","15":"instock","16":"shipping-taxable","17":"product-type-simple"},"acf":[],"yoast_head":"<!-- This site is optimized with the Yoast SEO plugin v24.2 - https:\/\/yoast.com\/wordpress\/plugins\/seo\/ -->\n<title>FASER\u00d6FFNER-MASCHINE OF-550 - Brighi Group<\/title>\n<meta name=\"description\" content=\"4-Stufen-Faser\u00f6ffner, ausgestattet mit Laufr\u00e4dern mit genagelter Oberfl\u00e4che mit unterschiedlicher Geometrie, um eine vollst\u00e4ndige \u00d6ffnung der Faser zu gew\u00e4hrleisten.\" \/>\n<meta name=\"robots\" content=\"index, follow, max-snippet:-1, max-image-preview:large, max-video-preview:-1\" \/>\n<link rel=\"canonical\" href=\"https:\/\/www.brighigroup.com\/de\/maschine\/of-550\/\" \/>\n<meta property=\"og:locale\" content=\"de_DE\" \/>\n<meta property=\"og:type\" content=\"article\" \/>\n<meta property=\"og:title\" content=\"FASER\u00d6FFNER-MASCHINE OF-550 - Brighi Group\" \/>\n<meta property=\"og:description\" content=\"4-Stufen-Faser\u00f6ffner, ausgestattet mit Laufr\u00e4dern mit genagelter Oberfl\u00e4che mit unterschiedlicher Geometrie, um eine vollst\u00e4ndige \u00d6ffnung der Faser zu gew\u00e4hrleisten.\" \/>\n<meta property=\"og:url\" content=\"https:\/\/www.brighigroup.com\/de\/maschine\/of-550\/\" \/>\n<meta property=\"og:site_name\" content=\"Brighi Group\" \/>\n<meta property=\"article:modified_time\" content=\"2022-09-29T10:28:14+00:00\" \/>\n<meta property=\"og:image\" content=\"https:\/\/www.brighigroup.com\/wp-content\/uploads\/2021\/11\/OF-550.jpg\" \/>\n\t<meta property=\"og:image:width\" content=\"1920\" \/>\n\t<meta property=\"og:image:height\" content=\"1280\" \/>\n\t<meta property=\"og:image:type\" content=\"image\/jpeg\" \/>\n<meta name=\"twitter:card\" content=\"summary_large_image\" \/>\n<meta name=\"twitter:label1\" content=\"Gesch\u00e4tzte Lesezeit\" \/>\n\t<meta name=\"twitter:data1\" content=\"1\u00a0Minute\" \/>\n<script type=\"application\/ld+json\" class=\"yoast-schema-graph\">{\"@context\":\"https:\/\/schema.org\",\"@graph\":[{\"@type\":\"WebPage\",\"@id\":\"https:\/\/www.brighigroup.com\/de\/maschine\/of-550\/\",\"url\":\"https:\/\/www.brighigroup.com\/de\/maschine\/of-550\/\",\"name\":\"FASER\u00d6FFNER-MASCHINE OF-550 - Brighi Group\",\"isPartOf\":{\"@id\":\"https:\/\/www.brighigroup.com\/de\/#website\"},\"primaryImageOfPage\":{\"@id\":\"https:\/\/www.brighigroup.com\/de\/maschine\/of-550\/#primaryimage\"},\"image\":{\"@id\":\"https:\/\/www.brighigroup.com\/de\/maschine\/of-550\/#primaryimage\"},\"thumbnailUrl\":\"https:\/\/www.brighigroup.com\/wp-content\/uploads\/2021\/11\/OF-550.jpg\",\"datePublished\":\"2021-11-30T09:14:34+00:00\",\"dateModified\":\"2022-09-29T10:28:14+00:00\",\"description\":\"4-Stufen-Faser\u00f6ffner, ausgestattet mit Laufr\u00e4dern mit genagelter Oberfl\u00e4che mit unterschiedlicher Geometrie, um eine vollst\u00e4ndige \u00d6ffnung der Faser zu gew\u00e4hrleisten.\",\"breadcrumb\":{\"@id\":\"https:\/\/www.brighigroup.com\/de\/maschine\/of-550\/#breadcrumb\"},\"inLanguage\":\"de\",\"potentialAction\":[{\"@type\":\"ReadAction\",\"target\":[\"https:\/\/www.brighigroup.com\/de\/maschine\/of-550\/\"]}]},{\"@type\":\"ImageObject\",\"inLanguage\":\"de\",\"@id\":\"https:\/\/www.brighigroup.com\/de\/maschine\/of-550\/#primaryimage\",\"url\":\"https:\/\/www.brighigroup.com\/wp-content\/uploads\/2021\/11\/OF-550.jpg\",\"contentUrl\":\"https:\/\/www.brighigroup.com\/wp-content\/uploads\/2021\/11\/OF-550.jpg\",\"width\":1920,\"height\":1280},{\"@type\":\"BreadcrumbList\",\"@id\":\"https:\/\/www.brighigroup.com\/de\/maschine\/of-550\/#breadcrumb\",\"itemListElement\":[{\"@type\":\"ListItem\",\"position\":1,\"name\":\"Home\",\"item\":\"https:\/\/www.brighigroup.com\/de\/home-2\/\"},{\"@type\":\"ListItem\",\"position\":2,\"name\":\"Maschinen\",\"item\":\"https:\/\/www.brighigroup.com\/de\/maschinen\/\"},{\"@type\":\"ListItem\",\"position\":3,\"name\":\"OF-550\"}]},{\"@type\":\"WebSite\",\"@id\":\"https:\/\/www.brighigroup.com\/de\/#website\",\"url\":\"https:\/\/www.brighigroup.com\/de\/\",\"name\":\"Brighi Group\",\"description\":\"Home textile e di prodotti imbottiti per il design d&#039;arredo tramandando l&#039;innovazione come cultura d&#039;impresa.\",\"potentialAction\":[{\"@type\":\"SearchAction\",\"target\":{\"@type\":\"EntryPoint\",\"urlTemplate\":\"https:\/\/www.brighigroup.com\/de\/?s={search_term_string}\"},\"query-input\":{\"@type\":\"PropertyValueSpecification\",\"valueRequired\":true,\"valueName\":\"search_term_string\"}}],\"inLanguage\":\"de\"}]}<\/script>\n<!-- \/ Yoast SEO plugin. -->","yoast_head_json":{"title":"FASER\u00d6FFNER-MASCHINE OF-550 - Brighi Group","description":"4-Stufen-Faser\u00f6ffner, ausgestattet mit Laufr\u00e4dern mit genagelter Oberfl\u00e4che mit unterschiedlicher Geometrie, um eine vollst\u00e4ndige \u00d6ffnung der Faser zu gew\u00e4hrleisten.","robots":{"index":"index","follow":"follow","max-snippet":"max-snippet:-1","max-image-preview":"max-image-preview:large","max-video-preview":"max-video-preview:-1"},"canonical":"https:\/\/www.brighigroup.com\/de\/maschine\/of-550\/","og_locale":"de_DE","og_type":"article","og_title":"FASER\u00d6FFNER-MASCHINE OF-550 - Brighi Group","og_description":"4-Stufen-Faser\u00f6ffner, ausgestattet mit Laufr\u00e4dern mit genagelter Oberfl\u00e4che mit unterschiedlicher Geometrie, um eine vollst\u00e4ndige \u00d6ffnung der Faser zu gew\u00e4hrleisten.","og_url":"https:\/\/www.brighigroup.com\/de\/maschine\/of-550\/","og_site_name":"Brighi Group","article_modified_time":"2022-09-29T10:28:14+00:00","og_image":[{"width":1920,"height":1280,"url":"https:\/\/www.brighigroup.com\/wp-content\/uploads\/2021\/11\/OF-550.jpg","type":"image\/jpeg"}],"twitter_card":"summary_large_image","twitter_misc":{"Gesch\u00e4tzte Lesezeit":"1\u00a0Minute"},"schema":{"@context":"https:\/\/schema.org","@graph":[{"@type":"WebPage","@id":"https:\/\/www.brighigroup.com\/de\/maschine\/of-550\/","url":"https:\/\/www.brighigroup.com\/de\/maschine\/of-550\/","name":"FASER\u00d6FFNER-MASCHINE OF-550 - Brighi Group","isPartOf":{"@id":"https:\/\/www.brighigroup.com\/de\/#website"},"primaryImageOfPage":{"@id":"https:\/\/www.brighigroup.com\/de\/maschine\/of-550\/#primaryimage"},"image":{"@id":"https:\/\/www.brighigroup.com\/de\/maschine\/of-550\/#primaryimage"},"thumbnailUrl":"https:\/\/www.brighigroup.com\/wp-content\/uploads\/2021\/11\/OF-550.jpg","datePublished":"2021-11-30T09:14:34+00:00","dateModified":"2022-09-29T10:28:14+00:00","description":"4-Stufen-Faser\u00f6ffner, ausgestattet mit Laufr\u00e4dern mit genagelter Oberfl\u00e4che mit unterschiedlicher Geometrie, um eine vollst\u00e4ndige \u00d6ffnung der Faser zu gew\u00e4hrleisten.","breadcrumb":{"@id":"https:\/\/www.brighigroup.com\/de\/maschine\/of-550\/#breadcrumb"},"inLanguage":"de","potentialAction":[{"@type":"ReadAction","target":["https:\/\/www.brighigroup.com\/de\/maschine\/of-550\/"]}]},{"@type":"ImageObject","inLanguage":"de","@id":"https:\/\/www.brighigroup.com\/de\/maschine\/of-550\/#primaryimage","url":"https:\/\/www.brighigroup.com\/wp-content\/uploads\/2021\/11\/OF-550.jpg","contentUrl":"https:\/\/www.brighigroup.com\/wp-content\/uploads\/2021\/11\/OF-550.jpg","width":1920,"height":1280},{"@type":"BreadcrumbList","@id":"https:\/\/www.brighigroup.com\/de\/maschine\/of-550\/#breadcrumb","itemListElement":[{"@type":"ListItem","position":1,"name":"Home","item":"https:\/\/www.brighigroup.com\/de\/home-2\/"},{"@type":"ListItem","position":2,"name":"Maschinen","item":"https:\/\/www.brighigroup.com\/de\/maschinen\/"},{"@type":"ListItem","position":3,"name":"OF-550"}]},{"@type":"WebSite","@id":"https:\/\/www.brighigroup.com\/de\/#website","url":"https:\/\/www.brighigroup.com\/de\/","name":"Brighi Group","description":"Home textile e di prodotti imbottiti per il design d&#039;arredo tramandando l&#039;innovazione come cultura d&#039;impresa.","potentialAction":[{"@type":"SearchAction","target":{"@type":"EntryPoint","urlTemplate":"https:\/\/www.brighigroup.com\/de\/?s={search_term_string}"},"query-input":{"@type":"PropertyValueSpecification","valueRequired":true,"valueName":"search_term_string"}}],"inLanguage":"de"}]}},"_links":{"self":[{"href":"https:\/\/www.brighigroup.com\/de\/wp-json\/wp\/v2\/product\/4901","targetHints":{"allow":["GET"]}}],"collection":[{"href":"https:\/\/www.brighigroup.com\/de\/wp-json\/wp\/v2\/product"}],"about":[{"href":"https:\/\/www.brighigroup.com\/de\/wp-json\/wp\/v2\/types\/product"}],"wp:featuredmedia":[{"embeddable":true,"href":"https:\/\/www.brighigroup.com\/de\/wp-json\/wp\/v2\/media\/4508"}],"wp:attachment":[{"href":"https:\/\/www.brighigroup.com\/de\/wp-json\/wp\/v2\/media?parent=4901"}],"wp:term":[{"taxonomy":"product_cat","embeddable":true,"href":"https:\/\/www.brighigroup.com\/de\/wp-json\/wp\/v2\/product_cat?post=4901"},{"taxonomy":"product_tag","embeddable":true,"href":"https:\/\/www.brighigroup.com\/de\/wp-json\/wp\/v2\/product_tag?post=4901"}],"curies":[{"name":"wp","href":"https:\/\/api.w.org\/{rel}","templated":true}]}}